{"id":83968,"date":"2026-04-18T15:50:27","date_gmt":"2026-04-18T15:50:27","guid":{"rendered":"https:\/\/3coty.com\/?post_type=product&#038;p=83968"},"modified":"2026-04-18T15:57:20","modified_gmt":"2026-04-18T15:57:20","slug":"98-appetite-support-080","status":"publish","type":"product","link":"https:\/\/3coty.com\/sv\/p\/98-appetite-support-080\/","title":{"rendered":"98. APTITST\u00d6D 080"},"content":{"rendered":"<p><a href=\"https:\/\/3coty.com\/wp-content\/uploads\/2025\/07\/3coty-p-97-tab-1.svg\"><img fetchpriority=\"high\" decoding=\"async\" class=\"alignnone size-full wp-image-40832\" role=\"img\" src=\"https:\/\/3coty.com\/wp-content\/uploads\/2025\/07\/3coty-p-97-tab-1.svg\" alt=\"\" width=\"283\" height=\"283\" \/><\/a><\/p>\n<h2>3COTY\u00ae NATURLIGT KOMPLEMENT\u00c4RT FODER F\u00d6R KATTER<\/h2>\n<p><strong>N\u00c4RINGSJ\u00c4ST + KLORELLA (Chlorella vulgaris) + BIOTIN<\/strong><\/p>\n<p>F\u00f6r katter som ibland \u00e4ter mindre \u00e4n vanligt p\u00e5 grund av stress, hormonella eller s\u00e4songsrelaterade f\u00f6r\u00e4ndringar, under resor eller vid \u00f6verg\u00e5ng till ett nytt foder, hj\u00e4lper detta pulver till att v\u00e4cka intresset f\u00f6r maten igen. N\u00e4ringsj\u00e4st ger en naturligt attraktiv smak, medan dess h\u00f6ga inneh\u00e5ll av sm\u00e5 peptider och fria aminosyror st\u00f6djer upptaget av n\u00e4rings\u00e4mnen. Taurin, en essentiell aminosyra f\u00f6r katter, st\u00f6djer normal fysiologisk funktion och \u00f6vergripande vitalitet.<\/p>\n<p>Ett enkelt s\u00e4tt att st\u00f6dja katter under perioder med minskad aptit och hj\u00e4lpa dem tillbaka till ett regelbundet \u00e4tm\u00f6nster.<\/p>\n","protected":false},"excerpt":{"rendered":"<p><a href=\"https:\/\/3coty.com\/wp-content\/uploads\/2025\/07\/3coty-p-97-description-1.svg\"><img decoding=\"async\" class=\"alignnone wp-image-40958 size-medium\" role=\"img\" src=\"https:\/\/3coty.com\/wp-content\/uploads\/2025\/07\/3coty-p-97-description-1.svg\" alt=\"\" width=\"300\" height=\"300\" \/><\/a><\/p>\n<p><strong>F\u00d6R ALLA KATTER<\/strong> | PULVER | NATURLIGT KOMPLEMENT\u00c4RT FODER F\u00d6R KATTER<br \/>\n<strong>ST\u00d6DJER OCH F\u00d6RB\u00c4TTRAR APTITEN<\/strong><\/p>\n<p><a href=\"https:\/\/3coty.com\/wp-content\/uploads\/2026\/03\/3coty-product-98-description-2.svg\"><img decoding=\"async\" class=\"alignnone size-full wp-image-83709\" role=\"img\" src=\"https:\/\/3coty.com\/wp-content\/uploads\/2026\/03\/3coty-product-98-description-2.svg\" alt=\"\" width=\"218\" height=\"85\" \/><\/a><\/p>\n","protected":false},"featured_media":83762,"template":"","meta":{"_acf_changed":false},"product_brand":[],"product_cat":[432],"product_tag":[2073],"class_list":{"0":"post-83968","1":"product","2":"type-product","3":"status-publish","4":"has-post-thumbnail","6":"product_cat-well-being","7":"product_tag-98as","9":"first","10":"instock","11":"taxable","12":"shipping-taxable","13":"purchasable","14":"product-type-simple"},"acf":[],"yoast_head":"<!-- This site is optimized with the Yoast SEO Premium plugin v27.4 (Yoast SEO v27.4) - https:\/\/yoast.com\/product\/yoast-seo-premium-wordpress\/ -->\n<title>98. APTITST\u00d6D 080 (80 g) | F\u00f6r alla katter | 3coty\u00ae Naturligt kompletteringsfoder f\u00f6r katter<\/title>\n<meta name=\"description\" content=\"Kompletteringspulver f\u00f6r katter med minskat intresse f\u00f6r mat, med n\u00e4ringsj\u00e4st och taurin, f\u00f6r att hj\u00e4lpa till att \u00e5terst\u00e4lla regelbundna matvanor.\" \/>\n<meta name=\"robots\" content=\"index, follow, max-snippet:-1, max-image-preview:large, max-video-preview:-1\" \/>\n<link rel=\"canonical\" href=\"https:\/\/3coty.com\/sv\/p\/98-appetite-support-080\/\" \/>\n<meta property=\"og:locale\" content=\"sv_SE\" \/>\n<meta property=\"og:type\" content=\"article\" \/>\n<meta property=\"og:title\" content=\"98. APTITST\u00d6D 080 (80 g) | F\u00f6r alla katter | 3coty\u00ae Naturligt kompletteringsfoder f\u00f6r katter\" \/>\n<meta property=\"og:description\" content=\"Kompletteringspulver f\u00f6r katter med minskat intresse f\u00f6r mat, med n\u00e4ringsj\u00e4st och taurin, f\u00f6r att hj\u00e4lpa till att \u00e5terst\u00e4lla regelbundna matvanor.\" \/>\n<meta property=\"og:url\" content=\"https:\/\/3coty.com\/sv\/p\/98-appetite-support-080\/\" \/>\n<meta property=\"og:site_name\" content=\"3coty\u00ae\" \/>\n<meta property=\"article:publisher\" content=\"https:\/\/www.facebook.com\/3coty\" \/>\n<meta property=\"article:modified_time\" content=\"2026-04-18T15:57:20+00:00\" \/>\n<meta property=\"og:image\" content=\"https:\/\/3coty.com\/wp-content\/uploads\/2026\/04\/3coty-98-appetite-support-complementary-cat-food-1024x538.jpg\" \/>\n<meta name=\"twitter:card\" content=\"summary_large_image\" \/>\n<meta name=\"twitter:title\" content=\"98. APTITST\u00d6D 080 (80 g) | F\u00f6r alla katter | 3coty\u00ae Naturligt kompletteringsfoder f\u00f6r katter\" \/>\n<meta name=\"twitter:description\" content=\"Kompletteringspulver f\u00f6r katter med minskat intresse f\u00f6r mat, med n\u00e4ringsj\u00e4st och taurin, f\u00f6r att hj\u00e4lpa till att \u00e5terst\u00e4lla regelbundna matvanor.\" \/>\n<meta name=\"twitter:site\" content=\"@3cotyCom\" \/>\n<meta name=\"twitter:label1\" content=\"Price\" \/>\n\t<meta name=\"twitter:data1\" content=\"\u20ac&nbsp;15.00\" \/>\n\t<meta name=\"twitter:label2\" content=\"Availability\" \/>\n\t<meta name=\"twitter:data2\" content=\"In stock\" \/>\n<script type=\"application\/ld+json\" class=\"yoast-schema-graph\">{\"@context\":\"https:\\\/\\\/schema.org\",\"@graph\":[{\"@type\":\"WebPage\",\"@id\":\"https:\\\/\\\/3coty.com\\\/sv\\\/p\\\/98-appetite-support-080\\\/\",\"url\":\"https:\\\/\\\/3coty.com\\\/sv\\\/p\\\/98-appetite-support-080\\\/\",\"name\":\"98. APTITST\u00d6D 080 (80 g) | F\u00f6r alla katter | 3coty\u00ae Naturligt kompletteringsfoder f\u00f6r katter\",\"isPartOf\":{\"@id\":\"https:\\\/\\\/3coty.com\\\/sv\\\/#website\"},\"primaryImageOfPage\":{\"@id\":\"https:\\\/\\\/3coty.com\\\/sv\\\/p\\\/98-appetite-support-080\\\/#primaryimage\"},\"image\":{\"@id\":\"https:\\\/\\\/3coty.com\\\/sv\\\/p\\\/98-appetite-support-080\\\/#primaryimage\"},\"thumbnailUrl\":\"https:\\\/\\\/3coty.com\\\/wp-content\\\/uploads\\\/2026\\\/03\\\/3coty-product-98-01.jpg\",\"datePublished\":\"2026-04-18T15:50:27+00:00\",\"dateModified\":\"2026-04-18T15:57:20+00:00\",\"description\":\"Kompletteringspulver f\u00f6r katter med minskat intresse f\u00f6r mat, med n\u00e4ringsj\u00e4st och taurin, f\u00f6r att hj\u00e4lpa till att \u00e5terst\u00e4lla regelbundna matvanor.\",\"breadcrumb\":{\"@id\":\"https:\\\/\\\/3coty.com\\\/sv\\\/p\\\/98-appetite-support-080\\\/#breadcrumb\"},\"inLanguage\":\"sv-SE\",\"potentialAction\":[{\"@type\":\"ReadAction\",\"target\":[\"https:\\\/\\\/3coty.com\\\/sv\\\/p\\\/98-appetite-support-080\\\/\"]}]},{\"@type\":\"ImageObject\",\"inLanguage\":\"sv-SE\",\"@id\":\"https:\\\/\\\/3coty.com\\\/sv\\\/p\\\/98-appetite-support-080\\\/#primaryimage\",\"url\":\"https:\\\/\\\/3coty.com\\\/wp-content\\\/uploads\\\/2026\\\/03\\\/3coty-product-98-01.jpg\",\"contentUrl\":\"https:\\\/\\\/3coty.com\\\/wp-content\\\/uploads\\\/2026\\\/03\\\/3coty-product-98-01.jpg\",\"width\":1024,\"height\":1024},{\"@type\":\"BreadcrumbList\",\"@id\":\"https:\\\/\\\/3coty.com\\\/sv\\\/p\\\/98-appetite-support-080\\\/#breadcrumb\",\"itemListElement\":[{\"@type\":\"ListItem\",\"position\":1,\"name\":\"Home\",\"item\":\"https:\\\/\\\/3coty.com\\\/sv\\\/\"},{\"@type\":\"ListItem\",\"position\":2,\"name\":\"BUTIK\",\"item\":\"https:\\\/\\\/3coty.com\\\/sv\\\/shop\\\/\"},{\"@type\":\"ListItem\",\"position\":3,\"name\":\"98. APTITST\u00d6D 080\"}]},{\"@type\":\"WebSite\",\"@id\":\"https:\\\/\\\/3coty.com\\\/sv\\\/#website\",\"url\":\"https:\\\/\\\/3coty.com\\\/sv\\\/\",\"name\":\"3coty\u00ae\",\"description\":\"Meat-only Cat Food\",\"publisher\":{\"@id\":\"https:\\\/\\\/3coty.com\\\/sv\\\/#organization\"},\"potentialAction\":[{\"@type\":\"SearchAction\",\"target\":{\"@type\":\"EntryPoint\",\"urlTemplate\":\"https:\\\/\\\/3coty.com\\\/sv\\\/?s={search_term_string}\"},\"query-input\":{\"@type\":\"PropertyValueSpecification\",\"valueRequired\":true,\"valueName\":\"search_term_string\"}}],\"inLanguage\":\"sv-SE\"},{\"@type\":\"Organization\",\"@id\":\"https:\\\/\\\/3coty.com\\\/sv\\\/#organization\",\"name\":\"3coty\u00ae\",\"alternateName\":\"3coty\",\"url\":\"https:\\\/\\\/3coty.com\\\/sv\\\/\",\"logo\":{\"@type\":\"ImageObject\",\"inLanguage\":\"sv-SE\",\"@id\":\"https:\\\/\\\/3coty.com\\\/sv\\\/#\\\/schema\\\/logo\\\/image\\\/\",\"url\":\"https:\\\/\\\/3coty.com\\\/wp-content\\\/uploads\\\/2025\\\/05\\\/icon-3coty-logo.svg\",\"contentUrl\":\"https:\\\/\\\/3coty.com\\\/wp-content\\\/uploads\\\/2025\\\/05\\\/icon-3coty-logo.svg\",\"width\":283,\"height\":283,\"caption\":\"3coty\u00ae\"},\"image\":{\"@id\":\"https:\\\/\\\/3coty.com\\\/sv\\\/#\\\/schema\\\/logo\\\/image\\\/\"},\"sameAs\":[\"https:\\\/\\\/www.facebook.com\\\/3coty\",\"https:\\\/\\\/x.com\\\/3cotyCom\",\"https:\\\/\\\/www.instagram.com\\\/3coty\",\"https:\\\/\\\/www.linkedin.com\\\/company\\\/3coty\",\"https:\\\/\\\/www.youtube.com\\\/@3coty\"]}]}<\/script>\n<meta property=\"product:price:amount\" content=\"15.00\" \/>\n<meta property=\"product:price:currency\" content=\"EUR\" \/>\n<meta property=\"og:availability\" content=\"instock\" \/>\n<meta property=\"product:availability\" content=\"instock\" \/>\n<meta property=\"product:retailer_item_id\" content=\"100J 98AS \/ 5901785318944\" \/>\n<meta property=\"product:condition\" content=\"new\" \/>\n<!-- \/ Yoast SEO Premium plugin. -->","yoast_head_json":{"title":"98. APTITST\u00d6D 080 (80 g) | F\u00f6r alla katter | 3coty\u00ae Naturligt kompletteringsfoder f\u00f6r katter","description":"Kompletteringspulver f\u00f6r katter med minskat intresse f\u00f6r mat, med n\u00e4ringsj\u00e4st och taurin, f\u00f6r att hj\u00e4lpa till att \u00e5terst\u00e4lla regelbundna matvanor.","robots":{"index":"index","follow":"follow","max-snippet":"max-snippet:-1","max-image-preview":"max-image-preview:large","max-video-preview":"max-video-preview:-1"},"canonical":"https:\/\/3coty.com\/sv\/p\/98-appetite-support-080\/","og_locale":"sv_SE","og_type":"article","og_title":"98. APTITST\u00d6D 080 (80 g) | F\u00f6r alla katter | 3coty\u00ae Naturligt kompletteringsfoder f\u00f6r katter","og_description":"Kompletteringspulver f\u00f6r katter med minskat intresse f\u00f6r mat, med n\u00e4ringsj\u00e4st och taurin, f\u00f6r att hj\u00e4lpa till att \u00e5terst\u00e4lla regelbundna matvanor.","og_url":"https:\/\/3coty.com\/sv\/p\/98-appetite-support-080\/","og_site_name":"3coty\u00ae","article_publisher":"https:\/\/www.facebook.com\/3coty","article_modified_time":"2026-04-18T15:57:20+00:00","og_image":[{"url":"https:\/\/3coty.com\/wp-content\/uploads\/2026\/04\/3coty-98-appetite-support-complementary-cat-food-1024x538.jpg","type":"","width":"","height":""}],"twitter_card":"summary_large_image","twitter_title":"98. APTITST\u00d6D 080 (80 g) | F\u00f6r alla katter | 3coty\u00ae Naturligt kompletteringsfoder f\u00f6r katter","twitter_description":"Kompletteringspulver f\u00f6r katter med minskat intresse f\u00f6r mat, med n\u00e4ringsj\u00e4st och taurin, f\u00f6r att hj\u00e4lpa till att \u00e5terst\u00e4lla regelbundna matvanor.","twitter_site":"@3cotyCom","twitter_misc":{"Price":"\u20ac&nbsp;15.00","Availability":"In stock"},"schema":{"@context":"https:\/\/schema.org","@graph":[{"@type":"WebPage","@id":"https:\/\/3coty.com\/sv\/p\/98-appetite-support-080\/","url":"https:\/\/3coty.com\/sv\/p\/98-appetite-support-080\/","name":"98. APTITST\u00d6D 080 (80 g) | F\u00f6r alla katter | 3coty\u00ae Naturligt kompletteringsfoder f\u00f6r katter","isPartOf":{"@id":"https:\/\/3coty.com\/sv\/#website"},"primaryImageOfPage":{"@id":"https:\/\/3coty.com\/sv\/p\/98-appetite-support-080\/#primaryimage"},"image":{"@id":"https:\/\/3coty.com\/sv\/p\/98-appetite-support-080\/#primaryimage"},"thumbnailUrl":"https:\/\/3coty.com\/wp-content\/uploads\/2026\/03\/3coty-product-98-01.jpg","datePublished":"2026-04-18T15:50:27+00:00","dateModified":"2026-04-18T15:57:20+00:00","description":"Kompletteringspulver f\u00f6r katter med minskat intresse f\u00f6r mat, med n\u00e4ringsj\u00e4st och taurin, f\u00f6r att hj\u00e4lpa till att \u00e5terst\u00e4lla regelbundna matvanor.","breadcrumb":{"@id":"https:\/\/3coty.com\/sv\/p\/98-appetite-support-080\/#breadcrumb"},"inLanguage":"sv-SE","potentialAction":[{"@type":"ReadAction","target":["https:\/\/3coty.com\/sv\/p\/98-appetite-support-080\/"]}]},{"@type":"ImageObject","inLanguage":"sv-SE","@id":"https:\/\/3coty.com\/sv\/p\/98-appetite-support-080\/#primaryimage","url":"https:\/\/3coty.com\/wp-content\/uploads\/2026\/03\/3coty-product-98-01.jpg","contentUrl":"https:\/\/3coty.com\/wp-content\/uploads\/2026\/03\/3coty-product-98-01.jpg","width":1024,"height":1024},{"@type":"BreadcrumbList","@id":"https:\/\/3coty.com\/sv\/p\/98-appetite-support-080\/#breadcrumb","itemListElement":[{"@type":"ListItem","position":1,"name":"Home","item":"https:\/\/3coty.com\/sv\/"},{"@type":"ListItem","position":2,"name":"BUTIK","item":"https:\/\/3coty.com\/sv\/shop\/"},{"@type":"ListItem","position":3,"name":"98. APTITST\u00d6D 080"}]},{"@type":"WebSite","@id":"https:\/\/3coty.com\/sv\/#website","url":"https:\/\/3coty.com\/sv\/","name":"3coty\u00ae","description":"Meat-only Cat Food","publisher":{"@id":"https:\/\/3coty.com\/sv\/#organization"},"potentialAction":[{"@type":"SearchAction","target":{"@type":"EntryPoint","urlTemplate":"https:\/\/3coty.com\/sv\/?s={search_term_string}"},"query-input":{"@type":"PropertyValueSpecification","valueRequired":true,"valueName":"search_term_string"}}],"inLanguage":"sv-SE"},{"@type":"Organization","@id":"https:\/\/3coty.com\/sv\/#organization","name":"3coty\u00ae","alternateName":"3coty","url":"https:\/\/3coty.com\/sv\/","logo":{"@type":"ImageObject","inLanguage":"sv-SE","@id":"https:\/\/3coty.com\/sv\/#\/schema\/logo\/image\/","url":"https:\/\/3coty.com\/wp-content\/uploads\/2025\/05\/icon-3coty-logo.svg","contentUrl":"https:\/\/3coty.com\/wp-content\/uploads\/2025\/05\/icon-3coty-logo.svg","width":283,"height":283,"caption":"3coty\u00ae"},"image":{"@id":"https:\/\/3coty.com\/sv\/#\/schema\/logo\/image\/"},"sameAs":["https:\/\/www.facebook.com\/3coty","https:\/\/x.com\/3cotyCom","https:\/\/www.instagram.com\/3coty","https:\/\/www.linkedin.com\/company\/3coty","https:\/\/www.youtube.com\/@3coty"]}]},"product_price_amount":"15.00","product_price_currency":"EUR","og_availability":"instock","product_availability":"instock","product_retailer_item_id":"100J 98AS \/ 5901785318944","product_condition":"new"},"_links":{"self":[{"href":"https:\/\/3coty.com\/sv\/wp-json\/wp\/v2\/product\/83968","targetHints":{"allow":["GET"]}}],"collection":[{"href":"https:\/\/3coty.com\/sv\/wp-json\/wp\/v2\/product"}],"about":[{"href":"https:\/\/3coty.com\/sv\/wp-json\/wp\/v2\/types\/product"}],"version-history":[{"count":2,"href":"https:\/\/3coty.com\/sv\/wp-json\/wp\/v2\/product\/83968\/revisions"}],"predecessor-version":[{"id":84020,"href":"https:\/\/3coty.com\/sv\/wp-json\/wp\/v2\/product\/83968\/revisions\/84020"}],"wp:featuredmedia":[{"embeddable":true,"href":"https:\/\/3coty.com\/sv\/wp-json\/wp\/v2\/media\/83762"}],"wp:attachment":[{"href":"https:\/\/3coty.com\/sv\/wp-json\/wp\/v2\/media?parent=83968"}],"wp:term":[{"taxonomy":"product_brand","embeddable":true,"href":"https:\/\/3coty.com\/sv\/wp-json\/wp\/v2\/product_brand?post=83968"},{"taxonomy":"product_cat","embeddable":true,"href":"https:\/\/3coty.com\/sv\/wp-json\/wp\/v2\/product_cat?post=83968"},{"taxonomy":"product_tag","embeddable":true,"href":"https:\/\/3coty.com\/sv\/wp-json\/wp\/v2\/product_tag?post=83968"}],"curies":[{"name":"wp","href":"https:\/\/api.w.org\/{rel}","templated":true}]}}