{"id":32297,"date":"2025-05-25T08:18:08","date_gmt":"2025-05-25T08:18:08","guid":{"rendered":"https:\/\/3coty.com\/p\/34-turkey-390\/"},"modified":"2026-04-21T08:14:22","modified_gmt":"2026-04-21T08:14:22","slug":"34-turkey-390","status":"publish","type":"product","link":"https:\/\/3coty.com\/sv\/p\/34-turkey-390\/","title":{"rendered":"34. KALKON 390"},"content":{"rendered":"<p><a href=\"https:\/\/3coty.com\/wp-content\/uploads\/2025\/07\/3coty-p-34-tab-1.svg\"><img fetchpriority=\"high\" decoding=\"async\" class=\"alignnone size-full wp-image-49431\" role=\"img\" src=\"https:\/\/3coty.com\/wp-content\/uploads\/2025\/07\/3coty-p-34-tab-1.svg\" alt=\"\" width=\"283\" height=\"283\" \/><\/a><\/p>\n<h2>NATURLIG OCH KOMPLETT 3COTY\u00ae KATTFODER<\/h2>\n<p><strong>99 % NATURLIGA K\u00d6TTINGREDIENSER och animaliska derivat tillagade i sin egen n\u00e4ringsrika buljong, 1 % KN\u00d6LT\u00c5NG<\/strong><\/p>\n<p>N\u00e4r katter blir \u00e4ldre kan deras matsm\u00e4ltning beh\u00f6va extra st\u00f6d f\u00f6r att undvika f\u00f6rstoppning. Kn\u00f6lt\u00e5ngen som tillsatts i detta naturliga kalkonbaserade monoproteinfoder ger just detta \u2013 samtidigt som den st\u00e4rker immunf\u00f6rsvaret. Eftersom vissa \u00e4ldre katter f\u00f6redrar att slicka i sig maten ist\u00e4llet f\u00f6r att tugga, \u00e4r detta v\u00e5tfoder formulerat som en len mousse.<\/p>\n<p>L\u00e4tt att \u00e4ta och sm\u00e4lta \u2013 v\u00e5rt nya monoproteinfoder med kalkon och kn\u00f6lt\u00e5ng i mousseform \u00e4r s\u00e4rskilt utformat f\u00f6r \u00e4ldre katter.<\/p>\n","protected":false},"excerpt":{"rendered":"<p><a href=\"https:\/\/3coty.com\/wp-content\/uploads\/2025\/07\/3coty-p-34-description-1.svg\"><img decoding=\"async\" class=\"alignnone size-medium wp-image-49829\" role=\"img\" src=\"https:\/\/3coty.com\/wp-content\/uploads\/2025\/07\/3coty-p-34-description-1.svg\" alt=\"\" width=\"300\" height=\"300\" \/><\/a><\/p>\n<p><strong>F\u00d6R \u00c4LDRE KATTER<\/strong> | MOUSSE | MONOPROTEIN-KATTFODER<\/p>\n<p><a href=\"https:\/\/3coty.com\/wp-content\/uploads\/2025\/07\/3coty-p-34-description-2.svg\"><img decoding=\"async\" class=\"alignnone size-full wp-image-49413\" role=\"img\" src=\"https:\/\/3coty.com\/wp-content\/uploads\/2025\/07\/3coty-p-34-description-2.svg\" alt=\"\" width=\"506\" height=\"85\" \/><\/a><\/p>\n","protected":false},"featured_media":49664,"template":"","meta":{"_acf_changed":false},"product_brand":[],"product_cat":[416],"product_tag":[1074],"class_list":{"0":"post-32297","1":"product","2":"type-product","3":"status-publish","4":"has-post-thumbnail","6":"product_cat-for-senior-cats","7":"product_tag-34tu","9":"first","10":"instock","11":"featured","12":"taxable","13":"shipping-taxable","14":"purchasable","15":"product-type-simple"},"acf":[],"yoast_head":"<!-- This site is optimized with the Yoast SEO Premium plugin v27.4 (Yoast SEO v27.4) - https:\/\/yoast.com\/product\/yoast-seo-premium-wordpress\/ -->\n<title>34. KALKON 390 - 3coty\u00ae<\/title>\n<meta name=\"robots\" content=\"index, follow, max-snippet:-1, max-image-preview:large, max-video-preview:-1\" \/>\n<link rel=\"canonical\" href=\"https:\/\/3coty.com\/sv\/p\/34-turkey-390\/\" \/>\n<meta property=\"og:locale\" content=\"sv_SE\" \/>\n<meta property=\"og:type\" content=\"article\" \/>\n<meta property=\"og:title\" content=\"34. KALKON 390\" \/>\n<meta property=\"og:description\" content=\"F\u00d6R \u00c4LDRE KATTER | MOUSSE | MONOPROTEIN-KATTFODER\" \/>\n<meta property=\"og:url\" content=\"https:\/\/3coty.com\/sv\/p\/34-turkey-390\/\" \/>\n<meta property=\"og:site_name\" content=\"3coty\u00ae\" \/>\n<meta property=\"article:publisher\" content=\"https:\/\/www.facebook.com\/3coty\" \/>\n<meta property=\"article:modified_time\" content=\"2026-04-21T08:14:22+00:00\" \/>\n<meta property=\"og:image\" content=\"https:\/\/3coty.com\/wp-content\/uploads\/2025\/07\/3coty-p-34-390-01.jpg\" \/>\n\t<meta property=\"og:image:width\" content=\"1024\" \/>\n\t<meta property=\"og:image:height\" content=\"1024\" \/>\n\t<meta property=\"og:image:type\" content=\"image\/jpeg\" \/>\n<meta name=\"twitter:card\" content=\"summary_large_image\" \/>\n<meta name=\"twitter:site\" content=\"@3cotyCom\" \/>\n<meta name=\"twitter:label1\" content=\"Price\" \/>\n\t<meta name=\"twitter:data1\" content=\"\u20ac&nbsp;5.75\" \/>\n\t<meta name=\"twitter:label2\" content=\"Availability\" \/>\n\t<meta name=\"twitter:data2\" content=\"In stock\" \/>\n<script type=\"application\/ld+json\" class=\"yoast-schema-graph\">{\"@context\":\"https:\\\/\\\/schema.org\",\"@graph\":[{\"@type\":\"WebPage\",\"@id\":\"https:\\\/\\\/3coty.com\\\/sv\\\/p\\\/34-turkey-390\\\/\",\"url\":\"https:\\\/\\\/3coty.com\\\/sv\\\/p\\\/34-turkey-390\\\/\",\"name\":\"34. KALKON 390 - 3coty\u00ae\",\"isPartOf\":{\"@id\":\"https:\\\/\\\/3coty.com\\\/sv\\\/#website\"},\"primaryImageOfPage\":{\"@id\":\"https:\\\/\\\/3coty.com\\\/sv\\\/p\\\/34-turkey-390\\\/#primaryimage\"},\"image\":{\"@id\":\"https:\\\/\\\/3coty.com\\\/sv\\\/p\\\/34-turkey-390\\\/#primaryimage\"},\"thumbnailUrl\":\"https:\\\/\\\/3coty.com\\\/wp-content\\\/uploads\\\/2025\\\/07\\\/3coty-p-34-390-01.jpg\",\"datePublished\":\"2025-05-25T08:18:08+00:00\",\"dateModified\":\"2026-04-21T08:14:22+00:00\",\"breadcrumb\":{\"@id\":\"https:\\\/\\\/3coty.com\\\/sv\\\/p\\\/34-turkey-390\\\/#breadcrumb\"},\"inLanguage\":\"sv-SE\",\"potentialAction\":[{\"@type\":\"ReadAction\",\"target\":[\"https:\\\/\\\/3coty.com\\\/sv\\\/p\\\/34-turkey-390\\\/\"]}]},{\"@type\":\"ImageObject\",\"inLanguage\":\"sv-SE\",\"@id\":\"https:\\\/\\\/3coty.com\\\/sv\\\/p\\\/34-turkey-390\\\/#primaryimage\",\"url\":\"https:\\\/\\\/3coty.com\\\/wp-content\\\/uploads\\\/2025\\\/07\\\/3coty-p-34-390-01.jpg\",\"contentUrl\":\"https:\\\/\\\/3coty.com\\\/wp-content\\\/uploads\\\/2025\\\/07\\\/3coty-p-34-390-01.jpg\",\"width\":1024,\"height\":1024},{\"@type\":\"BreadcrumbList\",\"@id\":\"https:\\\/\\\/3coty.com\\\/sv\\\/p\\\/34-turkey-390\\\/#breadcrumb\",\"itemListElement\":[{\"@type\":\"ListItem\",\"position\":1,\"name\":\"Home\",\"item\":\"https:\\\/\\\/3coty.com\\\/sv\\\/\"},{\"@type\":\"ListItem\",\"position\":2,\"name\":\"BUTIK\",\"item\":\"https:\\\/\\\/3coty.com\\\/sv\\\/shop\\\/\"},{\"@type\":\"ListItem\",\"position\":3,\"name\":\"34. KALKON 390\"}]},{\"@type\":\"WebSite\",\"@id\":\"https:\\\/\\\/3coty.com\\\/sv\\\/#website\",\"url\":\"https:\\\/\\\/3coty.com\\\/sv\\\/\",\"name\":\"3coty\u00ae\",\"description\":\"Meat-only Cat Food\",\"publisher\":{\"@id\":\"https:\\\/\\\/3coty.com\\\/sv\\\/#organization\"},\"potentialAction\":[{\"@type\":\"SearchAction\",\"target\":{\"@type\":\"EntryPoint\",\"urlTemplate\":\"https:\\\/\\\/3coty.com\\\/sv\\\/?s={search_term_string}\"},\"query-input\":{\"@type\":\"PropertyValueSpecification\",\"valueRequired\":true,\"valueName\":\"search_term_string\"}}],\"inLanguage\":\"sv-SE\"},{\"@type\":\"Organization\",\"@id\":\"https:\\\/\\\/3coty.com\\\/sv\\\/#organization\",\"name\":\"3coty\u00ae\",\"alternateName\":\"3coty\",\"url\":\"https:\\\/\\\/3coty.com\\\/sv\\\/\",\"logo\":{\"@type\":\"ImageObject\",\"inLanguage\":\"sv-SE\",\"@id\":\"https:\\\/\\\/3coty.com\\\/sv\\\/#\\\/schema\\\/logo\\\/image\\\/\",\"url\":\"https:\\\/\\\/3coty.com\\\/wp-content\\\/uploads\\\/2025\\\/05\\\/icon-3coty-logo.svg\",\"contentUrl\":\"https:\\\/\\\/3coty.com\\\/wp-content\\\/uploads\\\/2025\\\/05\\\/icon-3coty-logo.svg\",\"width\":283,\"height\":283,\"caption\":\"3coty\u00ae\"},\"image\":{\"@id\":\"https:\\\/\\\/3coty.com\\\/sv\\\/#\\\/schema\\\/logo\\\/image\\\/\"},\"sameAs\":[\"https:\\\/\\\/www.facebook.com\\\/3coty\",\"https:\\\/\\\/x.com\\\/3cotyCom\",\"https:\\\/\\\/www.instagram.com\\\/3coty\",\"https:\\\/\\\/www.linkedin.com\\\/company\\\/3coty\",\"https:\\\/\\\/www.youtube.com\\\/@3coty\"]}]}<\/script>\n<meta property=\"product:price:amount\" content=\"5.75\" \/>\n<meta property=\"product:price:currency\" content=\"EUR\" \/>\n<meta property=\"og:availability\" content=\"instock\" \/>\n<meta property=\"product:availability\" content=\"instock\" \/>\n<meta property=\"product:retailer_item_id\" content=\"390T 34TU \/ 5901785310047\" \/>\n<meta property=\"product:condition\" content=\"new\" \/>\n<!-- \/ Yoast SEO Premium plugin. -->","yoast_head_json":{"title":"34. KALKON 390 - 3coty\u00ae","robots":{"index":"index","follow":"follow","max-snippet":"max-snippet:-1","max-image-preview":"max-image-preview:large","max-video-preview":"max-video-preview:-1"},"canonical":"https:\/\/3coty.com\/sv\/p\/34-turkey-390\/","og_locale":"sv_SE","og_type":"article","og_title":"34. KALKON 390","og_description":"F\u00d6R \u00c4LDRE KATTER | MOUSSE | MONOPROTEIN-KATTFODER","og_url":"https:\/\/3coty.com\/sv\/p\/34-turkey-390\/","og_site_name":"3coty\u00ae","article_publisher":"https:\/\/www.facebook.com\/3coty","article_modified_time":"2026-04-21T08:14:22+00:00","og_image":[{"width":1024,"height":1024,"url":"https:\/\/3coty.com\/wp-content\/uploads\/2025\/07\/3coty-p-34-390-01.jpg","type":"image\/jpeg"}],"twitter_card":"summary_large_image","twitter_site":"@3cotyCom","twitter_misc":{"Price":"\u20ac&nbsp;5.75","Availability":"In stock"},"schema":{"@context":"https:\/\/schema.org","@graph":[{"@type":"WebPage","@id":"https:\/\/3coty.com\/sv\/p\/34-turkey-390\/","url":"https:\/\/3coty.com\/sv\/p\/34-turkey-390\/","name":"34. KALKON 390 - 3coty\u00ae","isPartOf":{"@id":"https:\/\/3coty.com\/sv\/#website"},"primaryImageOfPage":{"@id":"https:\/\/3coty.com\/sv\/p\/34-turkey-390\/#primaryimage"},"image":{"@id":"https:\/\/3coty.com\/sv\/p\/34-turkey-390\/#primaryimage"},"thumbnailUrl":"https:\/\/3coty.com\/wp-content\/uploads\/2025\/07\/3coty-p-34-390-01.jpg","datePublished":"2025-05-25T08:18:08+00:00","dateModified":"2026-04-21T08:14:22+00:00","breadcrumb":{"@id":"https:\/\/3coty.com\/sv\/p\/34-turkey-390\/#breadcrumb"},"inLanguage":"sv-SE","potentialAction":[{"@type":"ReadAction","target":["https:\/\/3coty.com\/sv\/p\/34-turkey-390\/"]}]},{"@type":"ImageObject","inLanguage":"sv-SE","@id":"https:\/\/3coty.com\/sv\/p\/34-turkey-390\/#primaryimage","url":"https:\/\/3coty.com\/wp-content\/uploads\/2025\/07\/3coty-p-34-390-01.jpg","contentUrl":"https:\/\/3coty.com\/wp-content\/uploads\/2025\/07\/3coty-p-34-390-01.jpg","width":1024,"height":1024},{"@type":"BreadcrumbList","@id":"https:\/\/3coty.com\/sv\/p\/34-turkey-390\/#breadcrumb","itemListElement":[{"@type":"ListItem","position":1,"name":"Home","item":"https:\/\/3coty.com\/sv\/"},{"@type":"ListItem","position":2,"name":"BUTIK","item":"https:\/\/3coty.com\/sv\/shop\/"},{"@type":"ListItem","position":3,"name":"34. KALKON 390"}]},{"@type":"WebSite","@id":"https:\/\/3coty.com\/sv\/#website","url":"https:\/\/3coty.com\/sv\/","name":"3coty\u00ae","description":"Meat-only Cat Food","publisher":{"@id":"https:\/\/3coty.com\/sv\/#organization"},"potentialAction":[{"@type":"SearchAction","target":{"@type":"EntryPoint","urlTemplate":"https:\/\/3coty.com\/sv\/?s={search_term_string}"},"query-input":{"@type":"PropertyValueSpecification","valueRequired":true,"valueName":"search_term_string"}}],"inLanguage":"sv-SE"},{"@type":"Organization","@id":"https:\/\/3coty.com\/sv\/#organization","name":"3coty\u00ae","alternateName":"3coty","url":"https:\/\/3coty.com\/sv\/","logo":{"@type":"ImageObject","inLanguage":"sv-SE","@id":"https:\/\/3coty.com\/sv\/#\/schema\/logo\/image\/","url":"https:\/\/3coty.com\/wp-content\/uploads\/2025\/05\/icon-3coty-logo.svg","contentUrl":"https:\/\/3coty.com\/wp-content\/uploads\/2025\/05\/icon-3coty-logo.svg","width":283,"height":283,"caption":"3coty\u00ae"},"image":{"@id":"https:\/\/3coty.com\/sv\/#\/schema\/logo\/image\/"},"sameAs":["https:\/\/www.facebook.com\/3coty","https:\/\/x.com\/3cotyCom","https:\/\/www.instagram.com\/3coty","https:\/\/www.linkedin.com\/company\/3coty","https:\/\/www.youtube.com\/@3coty"]}]},"product_price_amount":"5.75","product_price_currency":"EUR","og_availability":"instock","product_availability":"instock","product_retailer_item_id":"390T 34TU \/ 5901785310047","product_condition":"new"},"_links":{"self":[{"href":"https:\/\/3coty.com\/sv\/wp-json\/wp\/v2\/product\/32297","targetHints":{"allow":["GET"]}}],"collection":[{"href":"https:\/\/3coty.com\/sv\/wp-json\/wp\/v2\/product"}],"about":[{"href":"https:\/\/3coty.com\/sv\/wp-json\/wp\/v2\/types\/product"}],"version-history":[{"count":4,"href":"https:\/\/3coty.com\/sv\/wp-json\/wp\/v2\/product\/32297\/revisions"}],"predecessor-version":[{"id":49878,"href":"https:\/\/3coty.com\/sv\/wp-json\/wp\/v2\/product\/32297\/revisions\/49878"}],"wp:featuredmedia":[{"embeddable":true,"href":"https:\/\/3coty.com\/sv\/wp-json\/wp\/v2\/media\/49664"}],"wp:attachment":[{"href":"https:\/\/3coty.com\/sv\/wp-json\/wp\/v2\/media?parent=32297"}],"wp:term":[{"taxonomy":"product_brand","embeddable":true,"href":"https:\/\/3coty.com\/sv\/wp-json\/wp\/v2\/product_brand?post=32297"},{"taxonomy":"product_cat","embeddable":true,"href":"https:\/\/3coty.com\/sv\/wp-json\/wp\/v2\/product_cat?post=32297"},{"taxonomy":"product_tag","embeddable":true,"href":"https:\/\/3coty.com\/sv\/wp-json\/wp\/v2\/product_tag?post=32297"}],"curies":[{"name":"wp","href":"https:\/\/api.w.org\/{rel}","templated":true}]}}