{"id":32246,"date":"2025-05-23T15:21:11","date_gmt":"2025-05-23T15:21:11","guid":{"rendered":"https:\/\/3coty.com\/p\/11-turkey-780\/"},"modified":"2026-03-17T18:49:37","modified_gmt":"2026-03-17T18:49:37","slug":"11-turkey-780","status":"publish","type":"product","link":"https:\/\/3coty.com\/sv\/p\/11-turkey-780\/","title":{"rendered":"11. KALKON Viktkontroll 780"},"content":{"rendered":"<p><a href=\"https:\/\/3coty.com\/wp-content\/uploads\/2025\/07\/3coty-p-11-tab-1.svg\"><img fetchpriority=\"high\" decoding=\"async\" class=\"alignnone size-full wp-image-57538\" role=\"img\" src=\"https:\/\/3coty.com\/wp-content\/uploads\/2025\/07\/3coty-p-11-tab-1.svg\" alt=\"\" width=\"283\" height=\"283\" \/><\/a><\/p>\n<h2>NATURLIG OCH KOMPLETT 3COTY\u00ae KATTFODER<\/h2>\n<p><strong>99,5 % NATURLIGA K\u00d6TTINGREDIENSER och animaliska derivat tillagade i sin egen n\u00e4ringsrika buljong, 0,5 % KLORELLA<\/strong><\/p>\n<p>S\u00e4rskilt utvecklat f\u00f6r katter med behov av viktkontroll, inklusive steriliserade katter. Detta l\u00e5gkaloriska v\u00e5tfoder med en enda proteink\u00e4lla \u00e4r berikat med klorella, en s\u00f6tvattensalg som bidrar till att st\u00e4rka immunf\u00f6rsvaret. Det l\u00e4mpar sig f\u00f6r eliminationsdiet och \u00e4r, precis som allt v\u00e5rt naturliga v\u00e5tfoder, komplett och balanserat. Allt din katt beh\u00f6ver \u2013 i en enda burk.<\/p>\n<p>Magert kalkonk\u00f6tt med s\u00f6tvattensalger som st\u00f6d f\u00f6r immunf\u00f6rsvaret i ett komplett och l\u00e5gkaloriskt foder f\u00f6r katter.<\/p>\n","protected":false},"excerpt":{"rendered":"<p><a href=\"https:\/\/3coty.com\/wp-content\/uploads\/2025\/07\/3coty-p-11-description-1.svg\"><img decoding=\"async\" class=\"alignnone wp-image-57502\" role=\"img\" src=\"https:\/\/3coty.com\/wp-content\/uploads\/2025\/07\/3coty-p-11-description-1.svg\" alt=\"\" width=\"250\" \/><\/a><\/p>\n<p><strong>F\u00d6R STERILISERADE OCH \u00d6VERVIKTIGA KATTER<\/strong>\u00a0| PATEJ | MONOPROTEIN-KATTFODER<br \/>\n<strong>MED KLORELLA<\/strong><\/p>\n<p><a href=\"https:\/\/3coty.com\/wp-content\/uploads\/2025\/07\/3coty-p-11-description-2.svg\"><img decoding=\"async\" class=\"alignnone size-full wp-image-57520\" role=\"img\" src=\"https:\/\/3coty.com\/wp-content\/uploads\/2025\/07\/3coty-p-11-description-2.svg\" alt=\"\" width=\"506\" height=\"85\" \/><\/a><\/p>\n","protected":false},"featured_media":58131,"template":"","meta":{"_acf_changed":false},"product_brand":[],"product_cat":[373],"product_tag":[879],"class_list":{"0":"post-32246","1":"product","2":"type-product","3":"status-publish","4":"has-post-thumbnail","6":"product_cat-for-sterilised-cats","7":"product_tag-11tu","9":"first","10":"instock","11":"featured","12":"taxable","13":"shipping-taxable","14":"purchasable","15":"product-type-simple"},"acf":[],"yoast_head":"<!-- This site is optimized with the Yoast SEO Premium plugin v27.4 (Yoast SEO v27.4) - https:\/\/yoast.com\/product\/yoast-seo-premium-wordpress\/ -->\n<title>11. KALKON Viktkontroll 780 - 3coty\u00ae<\/title>\n<meta name=\"robots\" content=\"index, follow, max-snippet:-1, max-image-preview:large, max-video-preview:-1\" \/>\n<link rel=\"canonical\" href=\"https:\/\/3coty.com\/sv\/p\/11-turkey-780\/\" \/>\n<meta property=\"og:locale\" content=\"sv_SE\" \/>\n<meta property=\"og:type\" content=\"article\" \/>\n<meta property=\"og:title\" content=\"11. KALKON Viktkontroll 780\" \/>\n<meta property=\"og:description\" content=\"F\u00d6R STERILISERADE OCH \u00d6VERVIKTIGA KATTER\u00a0| PATEJ | MONOPROTEIN-KATTFODER MED KLORELLA\" \/>\n<meta property=\"og:url\" content=\"https:\/\/3coty.com\/sv\/p\/11-turkey-780\/\" \/>\n<meta property=\"og:site_name\" content=\"3coty\u00ae\" \/>\n<meta property=\"article:publisher\" content=\"https:\/\/www.facebook.com\/3coty\" \/>\n<meta property=\"article:modified_time\" content=\"2026-03-17T18:49:37+00:00\" \/>\n<meta property=\"og:image\" content=\"https:\/\/3coty.com\/wp-content\/uploads\/2025\/07\/3coty-p-11-780-01.jpg\" \/>\n\t<meta property=\"og:image:width\" content=\"1024\" \/>\n\t<meta property=\"og:image:height\" content=\"1024\" \/>\n\t<meta property=\"og:image:type\" content=\"image\/jpeg\" \/>\n<meta name=\"twitter:card\" content=\"summary_large_image\" \/>\n<meta name=\"twitter:site\" content=\"@3cotyCom\" \/>\n<meta name=\"twitter:label1\" content=\"Price\" \/>\n\t<meta name=\"twitter:data1\" content=\"\u20ac&nbsp;10.35\" \/>\n\t<meta name=\"twitter:label2\" content=\"Availability\" \/>\n\t<meta name=\"twitter:data2\" content=\"In stock\" \/>\n<script type=\"application\/ld+json\" class=\"yoast-schema-graph\">{\"@context\":\"https:\\\/\\\/schema.org\",\"@graph\":[{\"@type\":\"WebPage\",\"@id\":\"https:\\\/\\\/3coty.com\\\/sv\\\/p\\\/11-turkey-780\\\/\",\"url\":\"https:\\\/\\\/3coty.com\\\/sv\\\/p\\\/11-turkey-780\\\/\",\"name\":\"11. KALKON Viktkontroll 780 - 3coty\u00ae\",\"isPartOf\":{\"@id\":\"https:\\\/\\\/3coty.com\\\/sv\\\/#website\"},\"primaryImageOfPage\":{\"@id\":\"https:\\\/\\\/3coty.com\\\/sv\\\/p\\\/11-turkey-780\\\/#primaryimage\"},\"image\":{\"@id\":\"https:\\\/\\\/3coty.com\\\/sv\\\/p\\\/11-turkey-780\\\/#primaryimage\"},\"thumbnailUrl\":\"https:\\\/\\\/3coty.com\\\/wp-content\\\/uploads\\\/2025\\\/07\\\/3coty-p-11-780-01.jpg\",\"datePublished\":\"2025-05-23T15:21:11+00:00\",\"dateModified\":\"2026-03-17T18:49:37+00:00\",\"breadcrumb\":{\"@id\":\"https:\\\/\\\/3coty.com\\\/sv\\\/p\\\/11-turkey-780\\\/#breadcrumb\"},\"inLanguage\":\"sv-SE\",\"potentialAction\":[{\"@type\":\"ReadAction\",\"target\":[\"https:\\\/\\\/3coty.com\\\/sv\\\/p\\\/11-turkey-780\\\/\"]}]},{\"@type\":\"ImageObject\",\"inLanguage\":\"sv-SE\",\"@id\":\"https:\\\/\\\/3coty.com\\\/sv\\\/p\\\/11-turkey-780\\\/#primaryimage\",\"url\":\"https:\\\/\\\/3coty.com\\\/wp-content\\\/uploads\\\/2025\\\/07\\\/3coty-p-11-780-01.jpg\",\"contentUrl\":\"https:\\\/\\\/3coty.com\\\/wp-content\\\/uploads\\\/2025\\\/07\\\/3coty-p-11-780-01.jpg\",\"width\":1024,\"height\":1024},{\"@type\":\"BreadcrumbList\",\"@id\":\"https:\\\/\\\/3coty.com\\\/sv\\\/p\\\/11-turkey-780\\\/#breadcrumb\",\"itemListElement\":[{\"@type\":\"ListItem\",\"position\":1,\"name\":\"Home\",\"item\":\"https:\\\/\\\/3coty.com\\\/sv\\\/\"},{\"@type\":\"ListItem\",\"position\":2,\"name\":\"BUTIK\",\"item\":\"https:\\\/\\\/3coty.com\\\/sv\\\/shop\\\/\"},{\"@type\":\"ListItem\",\"position\":3,\"name\":\"11. KALKON Viktkontroll 780\"}]},{\"@type\":\"WebSite\",\"@id\":\"https:\\\/\\\/3coty.com\\\/sv\\\/#website\",\"url\":\"https:\\\/\\\/3coty.com\\\/sv\\\/\",\"name\":\"3coty\u00ae\",\"description\":\"Meat-only Cat Food\",\"publisher\":{\"@id\":\"https:\\\/\\\/3coty.com\\\/sv\\\/#organization\"},\"potentialAction\":[{\"@type\":\"SearchAction\",\"target\":{\"@type\":\"EntryPoint\",\"urlTemplate\":\"https:\\\/\\\/3coty.com\\\/sv\\\/?s={search_term_string}\"},\"query-input\":{\"@type\":\"PropertyValueSpecification\",\"valueRequired\":true,\"valueName\":\"search_term_string\"}}],\"inLanguage\":\"sv-SE\"},{\"@type\":\"Organization\",\"@id\":\"https:\\\/\\\/3coty.com\\\/sv\\\/#organization\",\"name\":\"3coty\u00ae\",\"alternateName\":\"3coty\",\"url\":\"https:\\\/\\\/3coty.com\\\/sv\\\/\",\"logo\":{\"@type\":\"ImageObject\",\"inLanguage\":\"sv-SE\",\"@id\":\"https:\\\/\\\/3coty.com\\\/sv\\\/#\\\/schema\\\/logo\\\/image\\\/\",\"url\":\"https:\\\/\\\/3coty.com\\\/wp-content\\\/uploads\\\/2025\\\/05\\\/icon-3coty-logo.svg\",\"contentUrl\":\"https:\\\/\\\/3coty.com\\\/wp-content\\\/uploads\\\/2025\\\/05\\\/icon-3coty-logo.svg\",\"width\":283,\"height\":283,\"caption\":\"3coty\u00ae\"},\"image\":{\"@id\":\"https:\\\/\\\/3coty.com\\\/sv\\\/#\\\/schema\\\/logo\\\/image\\\/\"},\"sameAs\":[\"https:\\\/\\\/www.facebook.com\\\/3coty\",\"https:\\\/\\\/x.com\\\/3cotyCom\",\"https:\\\/\\\/www.instagram.com\\\/3coty\",\"https:\\\/\\\/www.linkedin.com\\\/company\\\/3coty\",\"https:\\\/\\\/www.youtube.com\\\/@3coty\"]}]}<\/script>\n<meta property=\"product:price:amount\" content=\"10.35\" \/>\n<meta property=\"product:price:currency\" content=\"EUR\" \/>\n<meta property=\"og:availability\" content=\"instock\" \/>\n<meta property=\"product:availability\" content=\"instock\" \/>\n<meta property=\"product:retailer_item_id\" content=\"780T 11TU \/ 5901785315639\" \/>\n<meta property=\"product:condition\" content=\"new\" \/>\n<!-- \/ Yoast SEO Premium plugin. -->","yoast_head_json":{"title":"11. KALKON Viktkontroll 780 - 3coty\u00ae","robots":{"index":"index","follow":"follow","max-snippet":"max-snippet:-1","max-image-preview":"max-image-preview:large","max-video-preview":"max-video-preview:-1"},"canonical":"https:\/\/3coty.com\/sv\/p\/11-turkey-780\/","og_locale":"sv_SE","og_type":"article","og_title":"11. KALKON Viktkontroll 780","og_description":"F\u00d6R STERILISERADE OCH \u00d6VERVIKTIGA KATTER\u00a0| PATEJ | MONOPROTEIN-KATTFODER MED KLORELLA","og_url":"https:\/\/3coty.com\/sv\/p\/11-turkey-780\/","og_site_name":"3coty\u00ae","article_publisher":"https:\/\/www.facebook.com\/3coty","article_modified_time":"2026-03-17T18:49:37+00:00","og_image":[{"width":1024,"height":1024,"url":"https:\/\/3coty.com\/wp-content\/uploads\/2025\/07\/3coty-p-11-780-01.jpg","type":"image\/jpeg"}],"twitter_card":"summary_large_image","twitter_site":"@3cotyCom","twitter_misc":{"Price":"\u20ac&nbsp;10.35","Availability":"In stock"},"schema":{"@context":"https:\/\/schema.org","@graph":[{"@type":"WebPage","@id":"https:\/\/3coty.com\/sv\/p\/11-turkey-780\/","url":"https:\/\/3coty.com\/sv\/p\/11-turkey-780\/","name":"11. KALKON Viktkontroll 780 - 3coty\u00ae","isPartOf":{"@id":"https:\/\/3coty.com\/sv\/#website"},"primaryImageOfPage":{"@id":"https:\/\/3coty.com\/sv\/p\/11-turkey-780\/#primaryimage"},"image":{"@id":"https:\/\/3coty.com\/sv\/p\/11-turkey-780\/#primaryimage"},"thumbnailUrl":"https:\/\/3coty.com\/wp-content\/uploads\/2025\/07\/3coty-p-11-780-01.jpg","datePublished":"2025-05-23T15:21:11+00:00","dateModified":"2026-03-17T18:49:37+00:00","breadcrumb":{"@id":"https:\/\/3coty.com\/sv\/p\/11-turkey-780\/#breadcrumb"},"inLanguage":"sv-SE","potentialAction":[{"@type":"ReadAction","target":["https:\/\/3coty.com\/sv\/p\/11-turkey-780\/"]}]},{"@type":"ImageObject","inLanguage":"sv-SE","@id":"https:\/\/3coty.com\/sv\/p\/11-turkey-780\/#primaryimage","url":"https:\/\/3coty.com\/wp-content\/uploads\/2025\/07\/3coty-p-11-780-01.jpg","contentUrl":"https:\/\/3coty.com\/wp-content\/uploads\/2025\/07\/3coty-p-11-780-01.jpg","width":1024,"height":1024},{"@type":"BreadcrumbList","@id":"https:\/\/3coty.com\/sv\/p\/11-turkey-780\/#breadcrumb","itemListElement":[{"@type":"ListItem","position":1,"name":"Home","item":"https:\/\/3coty.com\/sv\/"},{"@type":"ListItem","position":2,"name":"BUTIK","item":"https:\/\/3coty.com\/sv\/shop\/"},{"@type":"ListItem","position":3,"name":"11. KALKON Viktkontroll 780"}]},{"@type":"WebSite","@id":"https:\/\/3coty.com\/sv\/#website","url":"https:\/\/3coty.com\/sv\/","name":"3coty\u00ae","description":"Meat-only Cat Food","publisher":{"@id":"https:\/\/3coty.com\/sv\/#organization"},"potentialAction":[{"@type":"SearchAction","target":{"@type":"EntryPoint","urlTemplate":"https:\/\/3coty.com\/sv\/?s={search_term_string}"},"query-input":{"@type":"PropertyValueSpecification","valueRequired":true,"valueName":"search_term_string"}}],"inLanguage":"sv-SE"},{"@type":"Organization","@id":"https:\/\/3coty.com\/sv\/#organization","name":"3coty\u00ae","alternateName":"3coty","url":"https:\/\/3coty.com\/sv\/","logo":{"@type":"ImageObject","inLanguage":"sv-SE","@id":"https:\/\/3coty.com\/sv\/#\/schema\/logo\/image\/","url":"https:\/\/3coty.com\/wp-content\/uploads\/2025\/05\/icon-3coty-logo.svg","contentUrl":"https:\/\/3coty.com\/wp-content\/uploads\/2025\/05\/icon-3coty-logo.svg","width":283,"height":283,"caption":"3coty\u00ae"},"image":{"@id":"https:\/\/3coty.com\/sv\/#\/schema\/logo\/image\/"},"sameAs":["https:\/\/www.facebook.com\/3coty","https:\/\/x.com\/3cotyCom","https:\/\/www.instagram.com\/3coty","https:\/\/www.linkedin.com\/company\/3coty","https:\/\/www.youtube.com\/@3coty"]}]},"product_price_amount":"10.35","product_price_currency":"EUR","og_availability":"instock","product_availability":"instock","product_retailer_item_id":"780T 11TU \/ 5901785315639","product_condition":"new"},"_links":{"self":[{"href":"https:\/\/3coty.com\/sv\/wp-json\/wp\/v2\/product\/32246","targetHints":{"allow":["GET"]}}],"collection":[{"href":"https:\/\/3coty.com\/sv\/wp-json\/wp\/v2\/product"}],"about":[{"href":"https:\/\/3coty.com\/sv\/wp-json\/wp\/v2\/types\/product"}],"version-history":[{"count":4,"href":"https:\/\/3coty.com\/sv\/wp-json\/wp\/v2\/product\/32246\/revisions"}],"predecessor-version":[{"id":58235,"href":"https:\/\/3coty.com\/sv\/wp-json\/wp\/v2\/product\/32246\/revisions\/58235"}],"wp:featuredmedia":[{"embeddable":true,"href":"https:\/\/3coty.com\/sv\/wp-json\/wp\/v2\/media\/58131"}],"wp:attachment":[{"href":"https:\/\/3coty.com\/sv\/wp-json\/wp\/v2\/media?parent=32246"}],"wp:term":[{"taxonomy":"product_brand","embeddable":true,"href":"https:\/\/3coty.com\/sv\/wp-json\/wp\/v2\/product_brand?post=32246"},{"taxonomy":"product_cat","embeddable":true,"href":"https:\/\/3coty.com\/sv\/wp-json\/wp\/v2\/product_cat?post=32246"},{"taxonomy":"product_tag","embeddable":true,"href":"https:\/\/3coty.com\/sv\/wp-json\/wp\/v2\/product_tag?post=32246"}],"curies":[{"name":"wp","href":"https:\/\/api.w.org\/{rel}","templated":true}]}}