{"id":32238,"date":"2025-05-23T12:14:38","date_gmt":"2025-05-23T12:14:38","guid":{"rendered":"https:\/\/3coty.com\/p\/07-turkey-780\/"},"modified":"2026-03-30T07:59:49","modified_gmt":"2026-03-30T07:59:49","slug":"07-turkey-780","status":"publish","type":"product","link":"https:\/\/3coty.com\/sv\/p\/07-turkey-780\/","title":{"rendered":"07. KALKON 780"},"content":{"rendered":"<p><a href=\"https:\/\/3coty.com\/wp-content\/uploads\/2025\/07\/3coty-p-07-tab-1.svg\"><img fetchpriority=\"high\" decoding=\"async\" class=\"alignnone size-full wp-image-59665\" role=\"img\" src=\"https:\/\/3coty.com\/wp-content\/uploads\/2025\/07\/3coty-p-07-tab-1.svg\" alt=\"\" width=\"283\" height=\"283\" \/><\/a><\/p>\n<h2>NATURLIG OCH KOMPLETT 3COTY\u00ae KATTFODER<\/h2>\n<p><strong>100 % NATURLIGA K\u00d6TTINGREDIENSER och animaliska derivat tillagade i sin egen n\u00e4ringsrika buljong<\/strong><\/p>\n<p>Ett naturligt, komplett och balanserat helfoder f\u00f6r katter, tillagat p\u00e5 100\u202f% kalkon kokt i sin egen buljong. Det \u00e4r ett monoproteinbaserat foder som passar perfekt f\u00f6r eliminationsdieter vid misstanke om foderallergier. Men det \u00e4r inte bara f\u00f6r k\u00e4nsliga magar \u2013 den strimlade konsistensen tilltalar katter som gillar att tugga p\u00e5 sin mat, precis som de skulle g\u00f6ra i naturen. S\u00e4rskilt uppskattat av vuxna katter av st\u00f6rre raser, som Bengal och British Shorthair, men kan vara sv\u00e5rt att \u00e4ta f\u00f6r kattungar.<\/p>\n<p>Ett monoproteinfoder med stora bitar av strimlad kalkon i sin egen naturliga gel\u00e9, perfekt f\u00f6r eliminationsdieter.<\/p>\n","protected":false},"excerpt":{"rendered":"<p><a href=\"https:\/\/3coty.com\/wp-content\/uploads\/2025\/07\/3coty-p-07-description-1.svg\"><img decoding=\"async\" class=\"alignnone size-medium wp-image-59629\" role=\"img\" src=\"https:\/\/3coty.com\/wp-content\/uploads\/2025\/07\/3coty-p-07-description-1.svg\" alt=\"\" width=\"300\" height=\"300\" \/><\/a><\/p>\n<p><strong>F\u00d6R VUXNA KATTER<\/strong> | STRIMLAT | MONOPROTEIN-KATTFODER<\/p>\n<p><a href=\"https:\/\/3coty.com\/wp-content\/uploads\/2025\/07\/3coty-p-07-description-2.svg\"><img decoding=\"async\" class=\"alignnone size-full wp-image-59647\" role=\"img\" src=\"https:\/\/3coty.com\/wp-content\/uploads\/2025\/07\/3coty-p-07-description-2.svg\" alt=\"\" width=\"506\" height=\"85\" \/><\/a><\/p>\n","protected":false},"featured_media":59398,"template":"","meta":{"_acf_changed":false},"product_brand":[1952],"product_cat":[357],"product_tag":[847],"class_list":{"0":"post-32238","1":"product","2":"type-product","3":"status-publish","4":"has-post-thumbnail","6":"product_brand-3coty","7":"product_cat-for-adult-cats","8":"product_tag-07tu","10":"first","11":"outofstock","12":"featured","13":"taxable","14":"shipping-taxable","15":"purchasable","16":"product-type-simple"},"acf":[],"yoast_head":"<!-- This site is optimized with the Yoast SEO Premium plugin v27.4 (Yoast SEO v27.4) - https:\/\/yoast.com\/product\/yoast-seo-premium-wordpress\/ -->\n<title>07. KALKON 780 (780 g) | F\u00f6r vuxna katter | 3coty\u00ae Naturlig Kattmat 100% K\u00f6tt<\/title>\n<meta name=\"description\" content=\"Detta monoproteina v\u00e5tfoder med 100 % strimlad kalkon \u00e4r naturligt, komplett och balanserat och tillagas i sin egen buljong. Det \u00e4r idealiskt f\u00f6r vuxna katter som f\u00f6ljer en eliminationsdiet n\u00e4r man misst\u00e4nker foderallergi och passar s\u00e4rskilt bra f\u00f6r st\u00f6rre kattraser som tycker om att tugga p\u00e5 st\u00f6rre k\u00f6ttbitar. Ett 3coty\u00ae v\u00e5tfoder gjort enbart av k\u00f6tt.\" \/>\n<meta name=\"robots\" content=\"index, follow, max-snippet:-1, max-image-preview:large, max-video-preview:-1\" \/>\n<link rel=\"canonical\" href=\"https:\/\/3coty.com\/sv\/p\/07-turkey-780\/\" \/>\n<meta property=\"og:locale\" content=\"sv_SE\" \/>\n<meta property=\"og:type\" content=\"article\" \/>\n<meta property=\"og:title\" content=\"07. KALKON 780 (780 g) | F\u00f6r vuxna katter | 3coty\u00ae Naturlig Kattmat 100% K\u00f6tt\" \/>\n<meta property=\"og:description\" content=\"Detta monoproteina v\u00e5tfoder med 100 % strimlad kalkon \u00e4r naturligt, komplett och balanserat och tillagas i sin egen buljong. Det \u00e4r idealiskt f\u00f6r vuxna katter som f\u00f6ljer en eliminationsdiet n\u00e4r man misst\u00e4nker foderallergi och passar s\u00e4rskilt bra f\u00f6r st\u00f6rre kattraser som tycker om att tugga p\u00e5 st\u00f6rre k\u00f6ttbitar. Ett 3coty\u00ae v\u00e5tfoder gjort enbart av k\u00f6tt.\" \/>\n<meta property=\"og:url\" content=\"https:\/\/3coty.com\/sv\/p\/07-turkey-780\/\" \/>\n<meta property=\"og:site_name\" content=\"3coty\u00ae\" \/>\n<meta property=\"article:publisher\" content=\"https:\/\/www.facebook.com\/3coty\" \/>\n<meta property=\"article:modified_time\" content=\"2026-03-30T07:59:49+00:00\" \/>\n<meta property=\"og:image\" content=\"https:\/\/3coty.com\/wp-content\/uploads\/2025\/12\/3coty-07-turkey-780-meat-only-cat-food.jpg\" \/>\n\t<meta property=\"og:image:width\" content=\"1200\" \/>\n\t<meta property=\"og:image:height\" content=\"630\" \/>\n\t<meta property=\"og:image:type\" content=\"image\/jpeg\" \/>\n<meta name=\"twitter:card\" content=\"summary_large_image\" \/>\n<meta name=\"twitter:title\" content=\"07. KALKON 780 (780 g) | F\u00f6r vuxna katter | 3coty\u00ae Naturlig Kattmat 100% K\u00f6tt\" \/>\n<meta name=\"twitter:description\" content=\"Detta monoproteina v\u00e5tfoder med 100 % strimlad kalkon \u00e4r naturligt, komplett och balanserat och tillagas i sin egen buljong. Det \u00e4r idealiskt f\u00f6r vuxna katter som f\u00f6ljer en eliminationsdiet n\u00e4r man misst\u00e4nker foderallergi och passar s\u00e4rskilt bra f\u00f6r st\u00f6rre kattraser som tycker om att tugga p\u00e5 st\u00f6rre k\u00f6ttbitar. Ett 3coty\u00ae v\u00e5tfoder gjort enbart av k\u00f6tt.\" \/>\n<meta name=\"twitter:image\" content=\"https:\/\/3coty.com\/wp-content\/uploads\/2025\/12\/3coty-07-turkey-780-meat-only-cat-food.jpg\" \/>\n<meta name=\"twitter:site\" content=\"@3cotyCom\" \/>\n<meta name=\"twitter:label1\" content=\"Price\" \/>\n\t<meta name=\"twitter:data1\" content=\"\u20ac&nbsp;8.50\" \/>\n\t<meta name=\"twitter:label2\" content=\"Availability\" \/>\n\t<meta name=\"twitter:data2\" content=\"Out of stock\" \/>\n<script type=\"application\/ld+json\" class=\"yoast-schema-graph\">{\"@context\":\"https:\\\/\\\/schema.org\",\"@graph\":[{\"@type\":\"WebPage\",\"@id\":\"https:\\\/\\\/3coty.com\\\/sv\\\/p\\\/07-turkey-780\\\/\",\"url\":\"https:\\\/\\\/3coty.com\\\/sv\\\/p\\\/07-turkey-780\\\/\",\"name\":\"07. KALKON 780 (780 g) | F\u00f6r vuxna katter | 3coty\u00ae Naturlig Kattmat 100% K\u00f6tt\",\"isPartOf\":{\"@id\":\"https:\\\/\\\/3coty.com\\\/sv\\\/#website\"},\"primaryImageOfPage\":{\"@id\":\"https:\\\/\\\/3coty.com\\\/sv\\\/p\\\/07-turkey-780\\\/#primaryimage\"},\"image\":{\"@id\":\"https:\\\/\\\/3coty.com\\\/sv\\\/p\\\/07-turkey-780\\\/#primaryimage\"},\"thumbnailUrl\":\"https:\\\/\\\/3coty.com\\\/wp-content\\\/uploads\\\/2025\\\/07\\\/3coty-p-07-780-01.jpg\",\"datePublished\":\"2025-05-23T12:14:38+00:00\",\"dateModified\":\"2026-03-30T07:59:49+00:00\",\"description\":\"Detta monoproteina v\u00e5tfoder med 100 % strimlad kalkon \u00e4r naturligt, komplett och balanserat och tillagas i sin egen buljong. Det \u00e4r idealiskt f\u00f6r vuxna katter som f\u00f6ljer en eliminationsdiet n\u00e4r man misst\u00e4nker foderallergi och passar s\u00e4rskilt bra f\u00f6r st\u00f6rre kattraser som tycker om att tugga p\u00e5 st\u00f6rre k\u00f6ttbitar. Ett 3coty\u00ae v\u00e5tfoder gjort enbart av k\u00f6tt.\",\"breadcrumb\":{\"@id\":\"https:\\\/\\\/3coty.com\\\/sv\\\/p\\\/07-turkey-780\\\/#breadcrumb\"},\"inLanguage\":\"sv-SE\",\"potentialAction\":[{\"@type\":\"ReadAction\",\"target\":[\"https:\\\/\\\/3coty.com\\\/sv\\\/p\\\/07-turkey-780\\\/\"]}]},{\"@type\":\"ImageObject\",\"inLanguage\":\"sv-SE\",\"@id\":\"https:\\\/\\\/3coty.com\\\/sv\\\/p\\\/07-turkey-780\\\/#primaryimage\",\"url\":\"https:\\\/\\\/3coty.com\\\/wp-content\\\/uploads\\\/2025\\\/07\\\/3coty-p-07-780-01.jpg\",\"contentUrl\":\"https:\\\/\\\/3coty.com\\\/wp-content\\\/uploads\\\/2025\\\/07\\\/3coty-p-07-780-01.jpg\",\"width\":1024,\"height\":1024},{\"@type\":\"BreadcrumbList\",\"@id\":\"https:\\\/\\\/3coty.com\\\/sv\\\/p\\\/07-turkey-780\\\/#breadcrumb\",\"itemListElement\":[{\"@type\":\"ListItem\",\"position\":1,\"name\":\"Home\",\"item\":\"https:\\\/\\\/3coty.com\\\/sv\\\/\"},{\"@type\":\"ListItem\",\"position\":2,\"name\":\"BUTIK\",\"item\":\"https:\\\/\\\/3coty.com\\\/sv\\\/shop\\\/\"},{\"@type\":\"ListItem\",\"position\":3,\"name\":\"07. KALKON 780\"}]},{\"@type\":\"WebSite\",\"@id\":\"https:\\\/\\\/3coty.com\\\/sv\\\/#website\",\"url\":\"https:\\\/\\\/3coty.com\\\/sv\\\/\",\"name\":\"3coty\u00ae\",\"description\":\"Meat-only Cat Food\",\"publisher\":{\"@id\":\"https:\\\/\\\/3coty.com\\\/sv\\\/#organization\"},\"potentialAction\":[{\"@type\":\"SearchAction\",\"target\":{\"@type\":\"EntryPoint\",\"urlTemplate\":\"https:\\\/\\\/3coty.com\\\/sv\\\/?s={search_term_string}\"},\"query-input\":{\"@type\":\"PropertyValueSpecification\",\"valueRequired\":true,\"valueName\":\"search_term_string\"}}],\"inLanguage\":\"sv-SE\"},{\"@type\":\"Organization\",\"@id\":\"https:\\\/\\\/3coty.com\\\/sv\\\/#organization\",\"name\":\"3coty\u00ae\",\"alternateName\":\"3coty\",\"url\":\"https:\\\/\\\/3coty.com\\\/sv\\\/\",\"logo\":{\"@type\":\"ImageObject\",\"inLanguage\":\"sv-SE\",\"@id\":\"https:\\\/\\\/3coty.com\\\/sv\\\/#\\\/schema\\\/logo\\\/image\\\/\",\"url\":\"https:\\\/\\\/3coty.com\\\/wp-content\\\/uploads\\\/2025\\\/05\\\/icon-3coty-logo.svg\",\"contentUrl\":\"https:\\\/\\\/3coty.com\\\/wp-content\\\/uploads\\\/2025\\\/05\\\/icon-3coty-logo.svg\",\"width\":283,\"height\":283,\"caption\":\"3coty\u00ae\"},\"image\":{\"@id\":\"https:\\\/\\\/3coty.com\\\/sv\\\/#\\\/schema\\\/logo\\\/image\\\/\"},\"sameAs\":[\"https:\\\/\\\/www.facebook.com\\\/3coty\",\"https:\\\/\\\/x.com\\\/3cotyCom\",\"https:\\\/\\\/www.instagram.com\\\/3coty\",\"https:\\\/\\\/www.linkedin.com\\\/company\\\/3coty\",\"https:\\\/\\\/www.youtube.com\\\/@3coty\"]}]}<\/script>\n<meta property=\"product:price:amount\" content=\"8.50\" \/>\n<meta property=\"product:price:currency\" content=\"EUR\" \/>\n<meta property=\"og:availability\" content=\"out of stock\" \/>\n<meta property=\"product:availability\" content=\"out of stock\" \/>\n<meta property=\"product:retailer_item_id\" content=\"780T 07TU \/ 5901785316957\" \/>\n<meta property=\"product:condition\" content=\"new\" \/>\n<!-- \/ Yoast SEO Premium plugin. -->","yoast_head_json":{"title":"07. KALKON 780 (780 g) | F\u00f6r vuxna katter | 3coty\u00ae Naturlig Kattmat 100% K\u00f6tt","description":"Detta monoproteina v\u00e5tfoder med 100 % strimlad kalkon \u00e4r naturligt, komplett och balanserat och tillagas i sin egen buljong. Det \u00e4r idealiskt f\u00f6r vuxna katter som f\u00f6ljer en eliminationsdiet n\u00e4r man misst\u00e4nker foderallergi och passar s\u00e4rskilt bra f\u00f6r st\u00f6rre kattraser som tycker om att tugga p\u00e5 st\u00f6rre k\u00f6ttbitar. Ett 3coty\u00ae v\u00e5tfoder gjort enbart av k\u00f6tt.","robots":{"index":"index","follow":"follow","max-snippet":"max-snippet:-1","max-image-preview":"max-image-preview:large","max-video-preview":"max-video-preview:-1"},"canonical":"https:\/\/3coty.com\/sv\/p\/07-turkey-780\/","og_locale":"sv_SE","og_type":"article","og_title":"07. KALKON 780 (780 g) | F\u00f6r vuxna katter | 3coty\u00ae Naturlig Kattmat 100% K\u00f6tt","og_description":"Detta monoproteina v\u00e5tfoder med 100 % strimlad kalkon \u00e4r naturligt, komplett och balanserat och tillagas i sin egen buljong. Det \u00e4r idealiskt f\u00f6r vuxna katter som f\u00f6ljer en eliminationsdiet n\u00e4r man misst\u00e4nker foderallergi och passar s\u00e4rskilt bra f\u00f6r st\u00f6rre kattraser som tycker om att tugga p\u00e5 st\u00f6rre k\u00f6ttbitar. Ett 3coty\u00ae v\u00e5tfoder gjort enbart av k\u00f6tt.","og_url":"https:\/\/3coty.com\/sv\/p\/07-turkey-780\/","og_site_name":"3coty\u00ae","article_publisher":"https:\/\/www.facebook.com\/3coty","article_modified_time":"2026-03-30T07:59:49+00:00","og_image":[{"width":1200,"height":630,"url":"https:\/\/3coty.com\/wp-content\/uploads\/2025\/12\/3coty-07-turkey-780-meat-only-cat-food.jpg","type":"image\/jpeg"}],"twitter_card":"summary_large_image","twitter_title":"07. KALKON 780 (780 g) | F\u00f6r vuxna katter | 3coty\u00ae Naturlig Kattmat 100% K\u00f6tt","twitter_description":"Detta monoproteina v\u00e5tfoder med 100 % strimlad kalkon \u00e4r naturligt, komplett och balanserat och tillagas i sin egen buljong. Det \u00e4r idealiskt f\u00f6r vuxna katter som f\u00f6ljer en eliminationsdiet n\u00e4r man misst\u00e4nker foderallergi och passar s\u00e4rskilt bra f\u00f6r st\u00f6rre kattraser som tycker om att tugga p\u00e5 st\u00f6rre k\u00f6ttbitar. Ett 3coty\u00ae v\u00e5tfoder gjort enbart av k\u00f6tt.","twitter_image":"https:\/\/3coty.com\/wp-content\/uploads\/2025\/12\/3coty-07-turkey-780-meat-only-cat-food.jpg","twitter_site":"@3cotyCom","twitter_misc":{"Price":"\u20ac&nbsp;8.50","Availability":"Out of stock"},"schema":{"@context":"https:\/\/schema.org","@graph":[{"@type":"WebPage","@id":"https:\/\/3coty.com\/sv\/p\/07-turkey-780\/","url":"https:\/\/3coty.com\/sv\/p\/07-turkey-780\/","name":"07. KALKON 780 (780 g) | F\u00f6r vuxna katter | 3coty\u00ae Naturlig Kattmat 100% K\u00f6tt","isPartOf":{"@id":"https:\/\/3coty.com\/sv\/#website"},"primaryImageOfPage":{"@id":"https:\/\/3coty.com\/sv\/p\/07-turkey-780\/#primaryimage"},"image":{"@id":"https:\/\/3coty.com\/sv\/p\/07-turkey-780\/#primaryimage"},"thumbnailUrl":"https:\/\/3coty.com\/wp-content\/uploads\/2025\/07\/3coty-p-07-780-01.jpg","datePublished":"2025-05-23T12:14:38+00:00","dateModified":"2026-03-30T07:59:49+00:00","description":"Detta monoproteina v\u00e5tfoder med 100 % strimlad kalkon \u00e4r naturligt, komplett och balanserat och tillagas i sin egen buljong. Det \u00e4r idealiskt f\u00f6r vuxna katter som f\u00f6ljer en eliminationsdiet n\u00e4r man misst\u00e4nker foderallergi och passar s\u00e4rskilt bra f\u00f6r st\u00f6rre kattraser som tycker om att tugga p\u00e5 st\u00f6rre k\u00f6ttbitar. Ett 3coty\u00ae v\u00e5tfoder gjort enbart av k\u00f6tt.","breadcrumb":{"@id":"https:\/\/3coty.com\/sv\/p\/07-turkey-780\/#breadcrumb"},"inLanguage":"sv-SE","potentialAction":[{"@type":"ReadAction","target":["https:\/\/3coty.com\/sv\/p\/07-turkey-780\/"]}]},{"@type":"ImageObject","inLanguage":"sv-SE","@id":"https:\/\/3coty.com\/sv\/p\/07-turkey-780\/#primaryimage","url":"https:\/\/3coty.com\/wp-content\/uploads\/2025\/07\/3coty-p-07-780-01.jpg","contentUrl":"https:\/\/3coty.com\/wp-content\/uploads\/2025\/07\/3coty-p-07-780-01.jpg","width":1024,"height":1024},{"@type":"BreadcrumbList","@id":"https:\/\/3coty.com\/sv\/p\/07-turkey-780\/#breadcrumb","itemListElement":[{"@type":"ListItem","position":1,"name":"Home","item":"https:\/\/3coty.com\/sv\/"},{"@type":"ListItem","position":2,"name":"BUTIK","item":"https:\/\/3coty.com\/sv\/shop\/"},{"@type":"ListItem","position":3,"name":"07. KALKON 780"}]},{"@type":"WebSite","@id":"https:\/\/3coty.com\/sv\/#website","url":"https:\/\/3coty.com\/sv\/","name":"3coty\u00ae","description":"Meat-only Cat Food","publisher":{"@id":"https:\/\/3coty.com\/sv\/#organization"},"potentialAction":[{"@type":"SearchAction","target":{"@type":"EntryPoint","urlTemplate":"https:\/\/3coty.com\/sv\/?s={search_term_string}"},"query-input":{"@type":"PropertyValueSpecification","valueRequired":true,"valueName":"search_term_string"}}],"inLanguage":"sv-SE"},{"@type":"Organization","@id":"https:\/\/3coty.com\/sv\/#organization","name":"3coty\u00ae","alternateName":"3coty","url":"https:\/\/3coty.com\/sv\/","logo":{"@type":"ImageObject","inLanguage":"sv-SE","@id":"https:\/\/3coty.com\/sv\/#\/schema\/logo\/image\/","url":"https:\/\/3coty.com\/wp-content\/uploads\/2025\/05\/icon-3coty-logo.svg","contentUrl":"https:\/\/3coty.com\/wp-content\/uploads\/2025\/05\/icon-3coty-logo.svg","width":283,"height":283,"caption":"3coty\u00ae"},"image":{"@id":"https:\/\/3coty.com\/sv\/#\/schema\/logo\/image\/"},"sameAs":["https:\/\/www.facebook.com\/3coty","https:\/\/x.com\/3cotyCom","https:\/\/www.instagram.com\/3coty","https:\/\/www.linkedin.com\/company\/3coty","https:\/\/www.youtube.com\/@3coty"]}]},"product_price_amount":"8.50","product_price_currency":"EUR","og_availability":"out of stock","product_availability":"out of stock","product_retailer_item_id":"780T 07TU \/ 5901785316957","product_condition":"new"},"_links":{"self":[{"href":"https:\/\/3coty.com\/sv\/wp-json\/wp\/v2\/product\/32238","targetHints":{"allow":["GET"]}}],"collection":[{"href":"https:\/\/3coty.com\/sv\/wp-json\/wp\/v2\/product"}],"about":[{"href":"https:\/\/3coty.com\/sv\/wp-json\/wp\/v2\/types\/product"}],"version-history":[{"count":5,"href":"https:\/\/3coty.com\/sv\/wp-json\/wp\/v2\/product\/32238\/revisions"}],"predecessor-version":[{"id":59730,"href":"https:\/\/3coty.com\/sv\/wp-json\/wp\/v2\/product\/32238\/revisions\/59730"}],"wp:featuredmedia":[{"embeddable":true,"href":"https:\/\/3coty.com\/sv\/wp-json\/wp\/v2\/media\/59398"}],"wp:attachment":[{"href":"https:\/\/3coty.com\/sv\/wp-json\/wp\/v2\/media?parent=32238"}],"wp:term":[{"taxonomy":"product_brand","embeddable":true,"href":"https:\/\/3coty.com\/sv\/wp-json\/wp\/v2\/product_brand?post=32238"},{"taxonomy":"product_cat","embeddable":true,"href":"https:\/\/3coty.com\/sv\/wp-json\/wp\/v2\/product_cat?post=32238"},{"taxonomy":"product_tag","embeddable":true,"href":"https:\/\/3coty.com\/sv\/wp-json\/wp\/v2\/product_tag?post=32238"}],"curies":[{"name":"wp","href":"https:\/\/api.w.org\/{rel}","templated":true}]}}