{"id":32232,"date":"2025-05-23T11:26:54","date_gmt":"2025-05-23T11:26:54","guid":{"rendered":"https:\/\/3coty.com\/p\/06-goose-180\/"},"modified":"2026-03-17T18:45:28","modified_gmt":"2026-03-17T18:45:28","slug":"06-goose-180","status":"publish","type":"product","link":"https:\/\/3coty.com\/sv\/p\/06-goose-180\/","title":{"rendered":"06. G\u00c5S 180"},"content":{"rendered":"<p><a href=\"https:\/\/3coty.com\/wp-content\/uploads\/2025\/07\/3coty-p-06-tab-1.svg\"><img fetchpriority=\"high\" decoding=\"async\" class=\"alignnone size-full wp-image-59919\" role=\"img\" src=\"https:\/\/3coty.com\/wp-content\/uploads\/2025\/07\/3coty-p-06-tab-1.svg\" alt=\"\" width=\"283\" height=\"283\" \/><\/a><\/p>\n<h2>NATURLIG OCH KOMPLETT 3COTY\u00ae KATTFODER<\/h2>\n<p><strong>100 % NATURLIGA K\u00d6TTINGREDIENSER och animaliska derivat tillagade i sin egen n\u00e4ringsrika buljong<\/strong><\/p>\n<p>Tillagad med det m\u00f6rkaste k\u00f6ttet i v\u00e5rt sortiment \u00e4r denna 100 % g\u00e5s-variant ett monoproteinbaserat foder som passar f\u00f6r elimineringsdieter och samtidigt bidrar till viktkontroll. Med l\u00e5g fetthalt och h\u00f6gt n\u00e4ringsv\u00e4rde \u00e4r det l\u00e4mpligt f\u00f6r alla vuxna katter och ett s\u00e4rskilt bra val f\u00f6r kastrerade katter. Det \u00e4r ett naturligt, komplett och balanserat v\u00e5tfoder vars tillg\u00e4nglighet kan variera beroende p\u00e5 s\u00e4song.<\/p>\n<p>G\u00e5s \u00e4r v\u00e5rt magraste k\u00f6tt. Mycket n\u00e4ringsrikt och passar utm\u00e4rkt f\u00f6r kastrerade katter och dem med behov av viktkontroll.<\/p>\n","protected":false},"excerpt":{"rendered":"<p><a href=\"https:\/\/3coty.com\/wp-content\/uploads\/2025\/07\/3coty-p-06-description-1.svg\"><img decoding=\"async\" class=\"alignnone wp-image-59883\" role=\"img\" src=\"https:\/\/3coty.com\/wp-content\/uploads\/2025\/07\/3coty-p-06-description-1.svg\" alt=\"\" width=\"350\" \/><\/a><\/p>\n<p><strong>F\u00d6R KASTRERADE OCH VUXNA KATTER<\/strong>\u00a0| PATEJ | MONOPROTEIN-KATTFODER<\/p>\n<p><a href=\"https:\/\/3coty.com\/wp-content\/uploads\/2025\/07\/3coty-p-06-description-2.svg\"><img decoding=\"async\" class=\"alignnone size-full wp-image-59901\" role=\"img\" src=\"https:\/\/3coty.com\/wp-content\/uploads\/2025\/07\/3coty-p-06-description-2.svg\" alt=\"\" width=\"506\" height=\"85\" \/><\/a><\/p>\n","protected":false},"featured_media":60062,"template":"","meta":{"_acf_changed":false},"product_brand":[1952],"product_cat":[373,357],"product_tag":[819],"class_list":{"0":"post-32232","1":"product","2":"type-product","3":"status-publish","4":"has-post-thumbnail","6":"product_brand-3coty","7":"product_cat-for-sterilised-cats","8":"product_cat-for-adult-cats","9":"product_tag-06go","11":"first","12":"outofstock","13":"featured","14":"taxable","15":"shipping-taxable","16":"purchasable","17":"product-type-simple"},"acf":[],"yoast_head":"<!-- This site is optimized with the Yoast SEO Premium plugin v27.4 (Yoast SEO v27.4) - https:\/\/yoast.com\/product\/yoast-seo-premium-wordpress\/ -->\n<title>06. G\u00c5S 180 (180 g) | F\u00f6r vuxna katter | 3coty\u00ae Naturlig Kattmat 100% K\u00f6tt<\/title>\n<meta name=\"description\" content=\"Detta monoproteina v\u00e5tfoder med 100 % g\u00e5s \u00e4r gjort p\u00e5 m\u00f6rkt k\u00f6tt som naturligt har l\u00e5g fetthalt och \u00e4r rikt p\u00e5 n\u00e4ring. Det passar alla vuxna katter och \u00e4r idealiskt f\u00f6r kastrerade katter och f\u00f6r elimineringsdieter samtidigt som det st\u00f6djer viktkontroll. Ett naturligt komplett och balanserat v\u00e5tfoder fr\u00e5n 3coty\u00ae gjort enbart av k\u00f6tt.\" \/>\n<meta name=\"robots\" content=\"index, follow, max-snippet:-1, max-image-preview:large, max-video-preview:-1\" \/>\n<link rel=\"canonical\" href=\"https:\/\/3coty.com\/sv\/p\/06-goose-180\/\" \/>\n<meta property=\"og:locale\" content=\"sv_SE\" \/>\n<meta property=\"og:type\" content=\"article\" \/>\n<meta property=\"og:title\" content=\"06. G\u00c5S 180 (180 g) | F\u00f6r vuxna katter | 3coty\u00ae Naturlig Kattmat 100% K\u00f6tt\" \/>\n<meta property=\"og:description\" content=\"Detta monoproteina v\u00e5tfoder med 100 % g\u00e5s \u00e4r gjort p\u00e5 m\u00f6rkt k\u00f6tt som naturligt har l\u00e5g fetthalt och \u00e4r rikt p\u00e5 n\u00e4ring. Det passar alla vuxna katter och \u00e4r idealiskt f\u00f6r kastrerade katter och f\u00f6r elimineringsdieter samtidigt som det st\u00f6djer viktkontroll. Ett naturligt komplett och balanserat v\u00e5tfoder fr\u00e5n 3coty\u00ae gjort enbart av k\u00f6tt.\" \/>\n<meta property=\"og:url\" content=\"https:\/\/3coty.com\/sv\/p\/06-goose-180\/\" \/>\n<meta property=\"og:site_name\" content=\"3coty\u00ae\" \/>\n<meta property=\"article:publisher\" content=\"https:\/\/www.facebook.com\/3coty\" \/>\n<meta property=\"article:modified_time\" content=\"2026-03-17T18:45:28+00:00\" \/>\n<meta property=\"og:image\" content=\"https:\/\/3coty.com\/wp-content\/uploads\/2025\/12\/3coty-06-goose-180-meat-only-cat-food.jpg\" \/>\n\t<meta property=\"og:image:width\" content=\"1200\" \/>\n\t<meta property=\"og:image:height\" content=\"630\" \/>\n\t<meta property=\"og:image:type\" content=\"image\/jpeg\" \/>\n<meta name=\"twitter:card\" content=\"summary_large_image\" \/>\n<meta name=\"twitter:title\" content=\"06. G\u00c5S 180 (180 g) | F\u00f6r vuxna katter | 3coty\u00ae Naturlig Kattmat 100% K\u00f6tt\" \/>\n<meta name=\"twitter:description\" content=\"Detta monoproteina v\u00e5tfoder med 100 % g\u00e5s \u00e4r gjort p\u00e5 m\u00f6rkt k\u00f6tt som naturligt har l\u00e5g fetthalt och \u00e4r rikt p\u00e5 n\u00e4ring. Det passar alla vuxna katter och \u00e4r idealiskt f\u00f6r kastrerade katter och f\u00f6r elimineringsdieter samtidigt som det st\u00f6djer viktkontroll. Ett naturligt komplett och balanserat v\u00e5tfoder fr\u00e5n 3coty\u00ae gjort enbart av k\u00f6tt.\" \/>\n<meta name=\"twitter:image\" content=\"https:\/\/3coty.com\/wp-content\/uploads\/2025\/12\/3coty-06-goose-180-meat-only-cat-food.jpg\" \/>\n<meta name=\"twitter:site\" content=\"@3cotyCom\" \/>\n<meta name=\"twitter:label1\" content=\"Price\" \/>\n\t<meta name=\"twitter:data1\" content=\"\u20ac&nbsp;4.50\" \/>\n\t<meta name=\"twitter:label2\" content=\"Availability\" \/>\n\t<meta name=\"twitter:data2\" content=\"Out of stock\" \/>\n<script type=\"application\/ld+json\" class=\"yoast-schema-graph\">{\"@context\":\"https:\\\/\\\/schema.org\",\"@graph\":[{\"@type\":\"WebPage\",\"@id\":\"https:\\\/\\\/3coty.com\\\/sv\\\/p\\\/06-goose-180\\\/\",\"url\":\"https:\\\/\\\/3coty.com\\\/sv\\\/p\\\/06-goose-180\\\/\",\"name\":\"06. G\u00c5S 180 (180 g) | F\u00f6r vuxna katter | 3coty\u00ae Naturlig Kattmat 100% K\u00f6tt\",\"isPartOf\":{\"@id\":\"https:\\\/\\\/3coty.com\\\/sv\\\/#website\"},\"primaryImageOfPage\":{\"@id\":\"https:\\\/\\\/3coty.com\\\/sv\\\/p\\\/06-goose-180\\\/#primaryimage\"},\"image\":{\"@id\":\"https:\\\/\\\/3coty.com\\\/sv\\\/p\\\/06-goose-180\\\/#primaryimage\"},\"thumbnailUrl\":\"https:\\\/\\\/3coty.com\\\/wp-content\\\/uploads\\\/2025\\\/07\\\/3coty-p-06-180-01.jpg\",\"datePublished\":\"2025-05-23T11:26:54+00:00\",\"dateModified\":\"2026-03-17T18:45:28+00:00\",\"description\":\"Detta monoproteina v\u00e5tfoder med 100 % g\u00e5s \u00e4r gjort p\u00e5 m\u00f6rkt k\u00f6tt som naturligt har l\u00e5g fetthalt och \u00e4r rikt p\u00e5 n\u00e4ring. Det passar alla vuxna katter och \u00e4r idealiskt f\u00f6r kastrerade katter och f\u00f6r elimineringsdieter samtidigt som det st\u00f6djer viktkontroll. Ett naturligt komplett och balanserat v\u00e5tfoder fr\u00e5n 3coty\u00ae gjort enbart av k\u00f6tt.\",\"breadcrumb\":{\"@id\":\"https:\\\/\\\/3coty.com\\\/sv\\\/p\\\/06-goose-180\\\/#breadcrumb\"},\"inLanguage\":\"sv-SE\",\"potentialAction\":[{\"@type\":\"ReadAction\",\"target\":[\"https:\\\/\\\/3coty.com\\\/sv\\\/p\\\/06-goose-180\\\/\"]}]},{\"@type\":\"ImageObject\",\"inLanguage\":\"sv-SE\",\"@id\":\"https:\\\/\\\/3coty.com\\\/sv\\\/p\\\/06-goose-180\\\/#primaryimage\",\"url\":\"https:\\\/\\\/3coty.com\\\/wp-content\\\/uploads\\\/2025\\\/07\\\/3coty-p-06-180-01.jpg\",\"contentUrl\":\"https:\\\/\\\/3coty.com\\\/wp-content\\\/uploads\\\/2025\\\/07\\\/3coty-p-06-180-01.jpg\",\"width\":1024,\"height\":1024},{\"@type\":\"BreadcrumbList\",\"@id\":\"https:\\\/\\\/3coty.com\\\/sv\\\/p\\\/06-goose-180\\\/#breadcrumb\",\"itemListElement\":[{\"@type\":\"ListItem\",\"position\":1,\"name\":\"Home\",\"item\":\"https:\\\/\\\/3coty.com\\\/sv\\\/\"},{\"@type\":\"ListItem\",\"position\":2,\"name\":\"BUTIK\",\"item\":\"https:\\\/\\\/3coty.com\\\/sv\\\/shop\\\/\"},{\"@type\":\"ListItem\",\"position\":3,\"name\":\"06. G\u00c5S 180\"}]},{\"@type\":\"WebSite\",\"@id\":\"https:\\\/\\\/3coty.com\\\/sv\\\/#website\",\"url\":\"https:\\\/\\\/3coty.com\\\/sv\\\/\",\"name\":\"3coty\u00ae\",\"description\":\"Meat-only Cat Food\",\"publisher\":{\"@id\":\"https:\\\/\\\/3coty.com\\\/sv\\\/#organization\"},\"potentialAction\":[{\"@type\":\"SearchAction\",\"target\":{\"@type\":\"EntryPoint\",\"urlTemplate\":\"https:\\\/\\\/3coty.com\\\/sv\\\/?s={search_term_string}\"},\"query-input\":{\"@type\":\"PropertyValueSpecification\",\"valueRequired\":true,\"valueName\":\"search_term_string\"}}],\"inLanguage\":\"sv-SE\"},{\"@type\":\"Organization\",\"@id\":\"https:\\\/\\\/3coty.com\\\/sv\\\/#organization\",\"name\":\"3coty\u00ae\",\"alternateName\":\"3coty\",\"url\":\"https:\\\/\\\/3coty.com\\\/sv\\\/\",\"logo\":{\"@type\":\"ImageObject\",\"inLanguage\":\"sv-SE\",\"@id\":\"https:\\\/\\\/3coty.com\\\/sv\\\/#\\\/schema\\\/logo\\\/image\\\/\",\"url\":\"https:\\\/\\\/3coty.com\\\/wp-content\\\/uploads\\\/2025\\\/05\\\/icon-3coty-logo.svg\",\"contentUrl\":\"https:\\\/\\\/3coty.com\\\/wp-content\\\/uploads\\\/2025\\\/05\\\/icon-3coty-logo.svg\",\"width\":283,\"height\":283,\"caption\":\"3coty\u00ae\"},\"image\":{\"@id\":\"https:\\\/\\\/3coty.com\\\/sv\\\/#\\\/schema\\\/logo\\\/image\\\/\"},\"sameAs\":[\"https:\\\/\\\/www.facebook.com\\\/3coty\",\"https:\\\/\\\/x.com\\\/3cotyCom\",\"https:\\\/\\\/www.instagram.com\\\/3coty\",\"https:\\\/\\\/www.linkedin.com\\\/company\\\/3coty\",\"https:\\\/\\\/www.youtube.com\\\/@3coty\"]}]}<\/script>\n<meta property=\"product:price:amount\" content=\"4.50\" \/>\n<meta property=\"product:price:currency\" content=\"EUR\" \/>\n<meta property=\"og:availability\" content=\"out of stock\" \/>\n<meta property=\"product:availability\" content=\"out of stock\" \/>\n<meta property=\"product:retailer_item_id\" content=\"180T 06GO \/ 5901785317244\" \/>\n<meta property=\"product:condition\" content=\"new\" \/>\n<!-- \/ Yoast SEO Premium plugin. -->","yoast_head_json":{"title":"06. G\u00c5S 180 (180 g) | F\u00f6r vuxna katter | 3coty\u00ae Naturlig Kattmat 100% K\u00f6tt","description":"Detta monoproteina v\u00e5tfoder med 100 % g\u00e5s \u00e4r gjort p\u00e5 m\u00f6rkt k\u00f6tt som naturligt har l\u00e5g fetthalt och \u00e4r rikt p\u00e5 n\u00e4ring. Det passar alla vuxna katter och \u00e4r idealiskt f\u00f6r kastrerade katter och f\u00f6r elimineringsdieter samtidigt som det st\u00f6djer viktkontroll. Ett naturligt komplett och balanserat v\u00e5tfoder fr\u00e5n 3coty\u00ae gjort enbart av k\u00f6tt.","robots":{"index":"index","follow":"follow","max-snippet":"max-snippet:-1","max-image-preview":"max-image-preview:large","max-video-preview":"max-video-preview:-1"},"canonical":"https:\/\/3coty.com\/sv\/p\/06-goose-180\/","og_locale":"sv_SE","og_type":"article","og_title":"06. G\u00c5S 180 (180 g) | F\u00f6r vuxna katter | 3coty\u00ae Naturlig Kattmat 100% K\u00f6tt","og_description":"Detta monoproteina v\u00e5tfoder med 100 % g\u00e5s \u00e4r gjort p\u00e5 m\u00f6rkt k\u00f6tt som naturligt har l\u00e5g fetthalt och \u00e4r rikt p\u00e5 n\u00e4ring. Det passar alla vuxna katter och \u00e4r idealiskt f\u00f6r kastrerade katter och f\u00f6r elimineringsdieter samtidigt som det st\u00f6djer viktkontroll. Ett naturligt komplett och balanserat v\u00e5tfoder fr\u00e5n 3coty\u00ae gjort enbart av k\u00f6tt.","og_url":"https:\/\/3coty.com\/sv\/p\/06-goose-180\/","og_site_name":"3coty\u00ae","article_publisher":"https:\/\/www.facebook.com\/3coty","article_modified_time":"2026-03-17T18:45:28+00:00","og_image":[{"width":1200,"height":630,"url":"https:\/\/3coty.com\/wp-content\/uploads\/2025\/12\/3coty-06-goose-180-meat-only-cat-food.jpg","type":"image\/jpeg"}],"twitter_card":"summary_large_image","twitter_title":"06. G\u00c5S 180 (180 g) | F\u00f6r vuxna katter | 3coty\u00ae Naturlig Kattmat 100% K\u00f6tt","twitter_description":"Detta monoproteina v\u00e5tfoder med 100 % g\u00e5s \u00e4r gjort p\u00e5 m\u00f6rkt k\u00f6tt som naturligt har l\u00e5g fetthalt och \u00e4r rikt p\u00e5 n\u00e4ring. Det passar alla vuxna katter och \u00e4r idealiskt f\u00f6r kastrerade katter och f\u00f6r elimineringsdieter samtidigt som det st\u00f6djer viktkontroll. Ett naturligt komplett och balanserat v\u00e5tfoder fr\u00e5n 3coty\u00ae gjort enbart av k\u00f6tt.","twitter_image":"https:\/\/3coty.com\/wp-content\/uploads\/2025\/12\/3coty-06-goose-180-meat-only-cat-food.jpg","twitter_site":"@3cotyCom","twitter_misc":{"Price":"\u20ac&nbsp;4.50","Availability":"Out of stock"},"schema":{"@context":"https:\/\/schema.org","@graph":[{"@type":"WebPage","@id":"https:\/\/3coty.com\/sv\/p\/06-goose-180\/","url":"https:\/\/3coty.com\/sv\/p\/06-goose-180\/","name":"06. G\u00c5S 180 (180 g) | F\u00f6r vuxna katter | 3coty\u00ae Naturlig Kattmat 100% K\u00f6tt","isPartOf":{"@id":"https:\/\/3coty.com\/sv\/#website"},"primaryImageOfPage":{"@id":"https:\/\/3coty.com\/sv\/p\/06-goose-180\/#primaryimage"},"image":{"@id":"https:\/\/3coty.com\/sv\/p\/06-goose-180\/#primaryimage"},"thumbnailUrl":"https:\/\/3coty.com\/wp-content\/uploads\/2025\/07\/3coty-p-06-180-01.jpg","datePublished":"2025-05-23T11:26:54+00:00","dateModified":"2026-03-17T18:45:28+00:00","description":"Detta monoproteina v\u00e5tfoder med 100 % g\u00e5s \u00e4r gjort p\u00e5 m\u00f6rkt k\u00f6tt som naturligt har l\u00e5g fetthalt och \u00e4r rikt p\u00e5 n\u00e4ring. Det passar alla vuxna katter och \u00e4r idealiskt f\u00f6r kastrerade katter och f\u00f6r elimineringsdieter samtidigt som det st\u00f6djer viktkontroll. Ett naturligt komplett och balanserat v\u00e5tfoder fr\u00e5n 3coty\u00ae gjort enbart av k\u00f6tt.","breadcrumb":{"@id":"https:\/\/3coty.com\/sv\/p\/06-goose-180\/#breadcrumb"},"inLanguage":"sv-SE","potentialAction":[{"@type":"ReadAction","target":["https:\/\/3coty.com\/sv\/p\/06-goose-180\/"]}]},{"@type":"ImageObject","inLanguage":"sv-SE","@id":"https:\/\/3coty.com\/sv\/p\/06-goose-180\/#primaryimage","url":"https:\/\/3coty.com\/wp-content\/uploads\/2025\/07\/3coty-p-06-180-01.jpg","contentUrl":"https:\/\/3coty.com\/wp-content\/uploads\/2025\/07\/3coty-p-06-180-01.jpg","width":1024,"height":1024},{"@type":"BreadcrumbList","@id":"https:\/\/3coty.com\/sv\/p\/06-goose-180\/#breadcrumb","itemListElement":[{"@type":"ListItem","position":1,"name":"Home","item":"https:\/\/3coty.com\/sv\/"},{"@type":"ListItem","position":2,"name":"BUTIK","item":"https:\/\/3coty.com\/sv\/shop\/"},{"@type":"ListItem","position":3,"name":"06. G\u00c5S 180"}]},{"@type":"WebSite","@id":"https:\/\/3coty.com\/sv\/#website","url":"https:\/\/3coty.com\/sv\/","name":"3coty\u00ae","description":"Meat-only Cat Food","publisher":{"@id":"https:\/\/3coty.com\/sv\/#organization"},"potentialAction":[{"@type":"SearchAction","target":{"@type":"EntryPoint","urlTemplate":"https:\/\/3coty.com\/sv\/?s={search_term_string}"},"query-input":{"@type":"PropertyValueSpecification","valueRequired":true,"valueName":"search_term_string"}}],"inLanguage":"sv-SE"},{"@type":"Organization","@id":"https:\/\/3coty.com\/sv\/#organization","name":"3coty\u00ae","alternateName":"3coty","url":"https:\/\/3coty.com\/sv\/","logo":{"@type":"ImageObject","inLanguage":"sv-SE","@id":"https:\/\/3coty.com\/sv\/#\/schema\/logo\/image\/","url":"https:\/\/3coty.com\/wp-content\/uploads\/2025\/05\/icon-3coty-logo.svg","contentUrl":"https:\/\/3coty.com\/wp-content\/uploads\/2025\/05\/icon-3coty-logo.svg","width":283,"height":283,"caption":"3coty\u00ae"},"image":{"@id":"https:\/\/3coty.com\/sv\/#\/schema\/logo\/image\/"},"sameAs":["https:\/\/www.facebook.com\/3coty","https:\/\/x.com\/3cotyCom","https:\/\/www.instagram.com\/3coty","https:\/\/www.linkedin.com\/company\/3coty","https:\/\/www.youtube.com\/@3coty"]}]},"product_price_amount":"4.50","product_price_currency":"EUR","og_availability":"out of stock","product_availability":"out of stock","product_retailer_item_id":"180T 06GO \/ 5901785317244","product_condition":"new"},"_links":{"self":[{"href":"https:\/\/3coty.com\/sv\/wp-json\/wp\/v2\/product\/32232","targetHints":{"allow":["GET"]}}],"collection":[{"href":"https:\/\/3coty.com\/sv\/wp-json\/wp\/v2\/product"}],"about":[{"href":"https:\/\/3coty.com\/sv\/wp-json\/wp\/v2\/types\/product"}],"version-history":[{"count":4,"href":"https:\/\/3coty.com\/sv\/wp-json\/wp\/v2\/product\/32232\/revisions"}],"predecessor-version":[{"id":60347,"href":"https:\/\/3coty.com\/sv\/wp-json\/wp\/v2\/product\/32232\/revisions\/60347"}],"wp:featuredmedia":[{"embeddable":true,"href":"https:\/\/3coty.com\/sv\/wp-json\/wp\/v2\/media\/60062"}],"wp:attachment":[{"href":"https:\/\/3coty.com\/sv\/wp-json\/wp\/v2\/media?parent=32232"}],"wp:term":[{"taxonomy":"product_brand","embeddable":true,"href":"https:\/\/3coty.com\/sv\/wp-json\/wp\/v2\/product_brand?post=32232"},{"taxonomy":"product_cat","embeddable":true,"href":"https:\/\/3coty.com\/sv\/wp-json\/wp\/v2\/product_cat?post=32232"},{"taxonomy":"product_tag","embeddable":true,"href":"https:\/\/3coty.com\/sv\/wp-json\/wp\/v2\/product_tag?post=32232"}],"curies":[{"name":"wp","href":"https:\/\/api.w.org\/{rel}","templated":true}]}}