{"id":32220,"date":"2025-05-19T17:41:43","date_gmt":"2025-05-19T17:41:43","guid":{"rendered":"https:\/\/3coty.com\/p\/03-chicken-180\/"},"modified":"2026-04-04T06:47:55","modified_gmt":"2026-04-04T06:47:55","slug":"03-chicken-180","status":"publish","type":"product","link":"https:\/\/3coty.com\/sv\/p\/03-chicken-180\/","title":{"rendered":"03. KYCKLING 180"},"content":{"rendered":"<p><a href=\"https:\/\/3coty.com\/wp-content\/uploads\/2025\/07\/3coty-p-03-tab-1.svg\"><img fetchpriority=\"high\" decoding=\"async\" class=\"alignnone size-full wp-image-61964\" role=\"img\" src=\"https:\/\/3coty.com\/wp-content\/uploads\/2025\/07\/3coty-p-03-tab-1.svg\" alt=\"\" width=\"283\" height=\"283\" \/><\/a><\/p>\n<h2>NATURLIG OCH KOMPLETT 3COTY\u00ae KATTFODER<\/h2>\n<p><strong>100 % NATURLIGA K\u00d6TTINGREDIENSER och animaliska derivat tillagade i sin egen n\u00e4ringsrika buljong<\/strong><\/p>\n<p>Denna 100 % kycklingsmak inneh\u00e5ller en h\u00f6g andel muskelk\u00f6tt, vilket g\u00f6r den l\u00e4tt att sm\u00e4lta. Den passar utm\u00e4rkt f\u00f6r katter som ska g\u00e5 \u00f6ver till en k\u00f6ttbaserad kost, fr\u00e5n torrfoder eller fr\u00e5n en B.A.R.F.-diet. Den har samma smak som v\u00e5r produkt 33. KYCKLING f\u00f6r kattungar, men k\u00f6ttbitarna \u00e4r st\u00f6rre i denna variant f\u00f6r vuxna katter. Det \u00e4r det perfekta fodret f\u00f6r katter som \u00e4lskar kyckling. Denna smak var den f\u00f6rsta vi lanserade som ett monoproteinalternativ, l\u00e4mpligt f\u00f6r en eliminationsdiet.<\/p>\n<p>En riktig favorit bland m\u00e5nga katter, denna 100 % kycklingsmak \u00e4r gjord p\u00e5 kycklingl\u00e5r och in\u00e4lvor. Ett k\u00f6ttbaserat foder som \u00e4r milt och l\u00e4ttsm\u00e4lt.<\/p>\n","protected":false},"excerpt":{"rendered":"<p><a href=\"https:\/\/3coty.com\/wp-content\/uploads\/2025\/07\/3coty-p-03-description-1.svg\"><img decoding=\"async\" class=\"alignnone size-medium wp-image-61928\" role=\"img\" src=\"https:\/\/3coty.com\/wp-content\/uploads\/2025\/07\/3coty-p-03-description-1.svg\" alt=\"\" width=\"300\" height=\"300\" \/><\/a><\/p>\n<p><strong>F\u00d6R VUXNA KATTER<\/strong>\u00a0| PATEJ | MONOPROTEIN-KATTFODER<\/p>\n<p><a href=\"https:\/\/3coty.com\/wp-content\/uploads\/2025\/07\/3coty-p-03-description-2.svg\"><img decoding=\"async\" class=\"alignnone size-full wp-image-61946\" role=\"img\" src=\"https:\/\/3coty.com\/wp-content\/uploads\/2025\/07\/3coty-p-03-description-2.svg\" alt=\"\" width=\"506\" height=\"85\" \/><\/a><\/p>\n","protected":false},"featured_media":62107,"template":"","meta":{"_acf_changed":false},"product_brand":[1952],"product_cat":[357],"product_tag":[775],"class_list":{"0":"post-32220","1":"product","2":"type-product","3":"status-publish","4":"has-post-thumbnail","6":"product_brand-3coty","7":"product_cat-for-adult-cats","8":"product_tag-03ch","10":"first","11":"instock","12":"featured","13":"taxable","14":"shipping-taxable","15":"purchasable","16":"product-type-simple"},"acf":[],"yoast_head":"<!-- This site is optimized with the Yoast SEO Premium plugin v27.4 (Yoast SEO v27.4) - https:\/\/yoast.com\/product\/yoast-seo-premium-wordpress\/ -->\n<title>03. KYCKLING 180 (180 g) | F\u00f6r vuxna katter | 3coty\u00ae Naturlig Kattmat 100% K\u00f6tt<\/title>\n<meta name=\"description\" content=\"Noga tillagat kycklingk\u00f6tt. 100 % naturligt komplett och balanserat monoproteinfoder f\u00f6r vuxna katter som \u00e4ter endast k\u00f6tt. Kyckling 100 %.\" \/>\n<meta name=\"robots\" content=\"index, follow, max-snippet:-1, max-image-preview:large, max-video-preview:-1\" \/>\n<link rel=\"canonical\" href=\"https:\/\/3coty.com\/sv\/p\/03-chicken-180\/\" \/>\n<meta property=\"og:locale\" content=\"sv_SE\" \/>\n<meta property=\"og:type\" content=\"article\" \/>\n<meta property=\"og:title\" content=\"03. KYCKLING 180 (180 g) | F\u00f6r vuxna katter | 3coty\u00ae Naturlig Kattmat 100% K\u00f6tt\" \/>\n<meta property=\"og:description\" content=\"Noga tillagat kycklingk\u00f6tt. 100 % naturligt komplett och balanserat monoproteinfoder f\u00f6r vuxna katter som \u00e4ter endast k\u00f6tt. Kyckling 100 %.\" \/>\n<meta property=\"og:url\" content=\"https:\/\/3coty.com\/sv\/p\/03-chicken-180\/\" \/>\n<meta property=\"og:site_name\" content=\"3coty\u00ae\" \/>\n<meta property=\"article:publisher\" content=\"https:\/\/www.facebook.com\/3coty\" \/>\n<meta property=\"article:modified_time\" content=\"2026-04-04T06:47:55+00:00\" \/>\n<meta property=\"og:image\" content=\"https:\/\/3coty.com\/wp-content\/uploads\/2025\/10\/3coty-03-chicken-180-meat-only-cat-food.jpg\" \/>\n\t<meta property=\"og:image:width\" content=\"1200\" \/>\n\t<meta property=\"og:image:height\" content=\"630\" \/>\n\t<meta property=\"og:image:type\" content=\"image\/jpeg\" \/>\n<meta name=\"twitter:card\" content=\"summary_large_image\" \/>\n<meta name=\"twitter:title\" content=\"03. KYCKLING 180 (180 g) | F\u00f6r vuxna katter | 3coty\u00ae Naturlig Kattmat 100% K\u00f6tt\" \/>\n<meta name=\"twitter:description\" content=\"Noga tillagat kycklingk\u00f6tt. 100 % naturligt komplett och balanserat monoproteinfoder f\u00f6r vuxna katter som \u00e4ter endast k\u00f6tt. Kyckling 100 %.\" \/>\n<meta name=\"twitter:image\" content=\"https:\/\/3coty.com\/wp-content\/uploads\/2025\/10\/3coty-03-chicken-180-meat-only-cat-food.jpg\" \/>\n<meta name=\"twitter:site\" content=\"@3cotyCom\" \/>\n<meta name=\"twitter:label1\" content=\"Price\" \/>\n\t<meta name=\"twitter:data1\" content=\"\u20ac&nbsp;3.30\" \/>\n\t<meta name=\"twitter:label2\" content=\"Availability\" \/>\n\t<meta name=\"twitter:data2\" content=\"In stock\" \/>\n<script type=\"application\/ld+json\" class=\"yoast-schema-graph\">{\"@context\":\"https:\\\/\\\/schema.org\",\"@graph\":[{\"@type\":\"WebPage\",\"@id\":\"https:\\\/\\\/3coty.com\\\/sv\\\/p\\\/03-chicken-180\\\/\",\"url\":\"https:\\\/\\\/3coty.com\\\/sv\\\/p\\\/03-chicken-180\\\/\",\"name\":\"03. KYCKLING 180 (180 g) | F\u00f6r vuxna katter | 3coty\u00ae Naturlig Kattmat 100% K\u00f6tt\",\"isPartOf\":{\"@id\":\"https:\\\/\\\/3coty.com\\\/sv\\\/#website\"},\"primaryImageOfPage\":{\"@id\":\"https:\\\/\\\/3coty.com\\\/sv\\\/p\\\/03-chicken-180\\\/#primaryimage\"},\"image\":{\"@id\":\"https:\\\/\\\/3coty.com\\\/sv\\\/p\\\/03-chicken-180\\\/#primaryimage\"},\"thumbnailUrl\":\"https:\\\/\\\/3coty.com\\\/wp-content\\\/uploads\\\/2025\\\/07\\\/3coty-p-03-180-01.jpg\",\"datePublished\":\"2025-05-19T17:41:43+00:00\",\"dateModified\":\"2026-04-04T06:47:55+00:00\",\"description\":\"Noga tillagat kycklingk\u00f6tt. 100 % naturligt komplett och balanserat monoproteinfoder f\u00f6r vuxna katter som \u00e4ter endast k\u00f6tt. Kyckling 100 %.\",\"breadcrumb\":{\"@id\":\"https:\\\/\\\/3coty.com\\\/sv\\\/p\\\/03-chicken-180\\\/#breadcrumb\"},\"inLanguage\":\"sv-SE\",\"potentialAction\":[{\"@type\":\"ReadAction\",\"target\":[\"https:\\\/\\\/3coty.com\\\/sv\\\/p\\\/03-chicken-180\\\/\"]}]},{\"@type\":\"ImageObject\",\"inLanguage\":\"sv-SE\",\"@id\":\"https:\\\/\\\/3coty.com\\\/sv\\\/p\\\/03-chicken-180\\\/#primaryimage\",\"url\":\"https:\\\/\\\/3coty.com\\\/wp-content\\\/uploads\\\/2025\\\/07\\\/3coty-p-03-180-01.jpg\",\"contentUrl\":\"https:\\\/\\\/3coty.com\\\/wp-content\\\/uploads\\\/2025\\\/07\\\/3coty-p-03-180-01.jpg\",\"width\":1024,\"height\":1024},{\"@type\":\"BreadcrumbList\",\"@id\":\"https:\\\/\\\/3coty.com\\\/sv\\\/p\\\/03-chicken-180\\\/#breadcrumb\",\"itemListElement\":[{\"@type\":\"ListItem\",\"position\":1,\"name\":\"Home\",\"item\":\"https:\\\/\\\/3coty.com\\\/sv\\\/\"},{\"@type\":\"ListItem\",\"position\":2,\"name\":\"BUTIK\",\"item\":\"https:\\\/\\\/3coty.com\\\/sv\\\/shop\\\/\"},{\"@type\":\"ListItem\",\"position\":3,\"name\":\"03. KYCKLING 180\"}]},{\"@type\":\"WebSite\",\"@id\":\"https:\\\/\\\/3coty.com\\\/sv\\\/#website\",\"url\":\"https:\\\/\\\/3coty.com\\\/sv\\\/\",\"name\":\"3coty\u00ae\",\"description\":\"Meat-only Cat Food\",\"publisher\":{\"@id\":\"https:\\\/\\\/3coty.com\\\/sv\\\/#organization\"},\"potentialAction\":[{\"@type\":\"SearchAction\",\"target\":{\"@type\":\"EntryPoint\",\"urlTemplate\":\"https:\\\/\\\/3coty.com\\\/sv\\\/?s={search_term_string}\"},\"query-input\":{\"@type\":\"PropertyValueSpecification\",\"valueRequired\":true,\"valueName\":\"search_term_string\"}}],\"inLanguage\":\"sv-SE\"},{\"@type\":\"Organization\",\"@id\":\"https:\\\/\\\/3coty.com\\\/sv\\\/#organization\",\"name\":\"3coty\u00ae\",\"alternateName\":\"3coty\",\"url\":\"https:\\\/\\\/3coty.com\\\/sv\\\/\",\"logo\":{\"@type\":\"ImageObject\",\"inLanguage\":\"sv-SE\",\"@id\":\"https:\\\/\\\/3coty.com\\\/sv\\\/#\\\/schema\\\/logo\\\/image\\\/\",\"url\":\"https:\\\/\\\/3coty.com\\\/wp-content\\\/uploads\\\/2025\\\/05\\\/icon-3coty-logo.svg\",\"contentUrl\":\"https:\\\/\\\/3coty.com\\\/wp-content\\\/uploads\\\/2025\\\/05\\\/icon-3coty-logo.svg\",\"width\":283,\"height\":283,\"caption\":\"3coty\u00ae\"},\"image\":{\"@id\":\"https:\\\/\\\/3coty.com\\\/sv\\\/#\\\/schema\\\/logo\\\/image\\\/\"},\"sameAs\":[\"https:\\\/\\\/www.facebook.com\\\/3coty\",\"https:\\\/\\\/x.com\\\/3cotyCom\",\"https:\\\/\\\/www.instagram.com\\\/3coty\",\"https:\\\/\\\/www.linkedin.com\\\/company\\\/3coty\",\"https:\\\/\\\/www.youtube.com\\\/@3coty\"]}]}<\/script>\n<meta property=\"product:price:amount\" content=\"3.30\" \/>\n<meta property=\"product:price:currency\" content=\"EUR\" \/>\n<meta property=\"og:availability\" content=\"instock\" \/>\n<meta property=\"product:availability\" content=\"instock\" \/>\n<meta property=\"product:retailer_item_id\" content=\"180T 03CH \/ 5901785315844\" \/>\n<meta property=\"product:condition\" content=\"new\" \/>\n<!-- \/ Yoast SEO Premium plugin. -->","yoast_head_json":{"title":"03. KYCKLING 180 (180 g) | F\u00f6r vuxna katter | 3coty\u00ae Naturlig Kattmat 100% K\u00f6tt","description":"Noga tillagat kycklingk\u00f6tt. 100 % naturligt komplett och balanserat monoproteinfoder f\u00f6r vuxna katter som \u00e4ter endast k\u00f6tt. Kyckling 100 %.","robots":{"index":"index","follow":"follow","max-snippet":"max-snippet:-1","max-image-preview":"max-image-preview:large","max-video-preview":"max-video-preview:-1"},"canonical":"https:\/\/3coty.com\/sv\/p\/03-chicken-180\/","og_locale":"sv_SE","og_type":"article","og_title":"03. KYCKLING 180 (180 g) | F\u00f6r vuxna katter | 3coty\u00ae Naturlig Kattmat 100% K\u00f6tt","og_description":"Noga tillagat kycklingk\u00f6tt. 100 % naturligt komplett och balanserat monoproteinfoder f\u00f6r vuxna katter som \u00e4ter endast k\u00f6tt. Kyckling 100 %.","og_url":"https:\/\/3coty.com\/sv\/p\/03-chicken-180\/","og_site_name":"3coty\u00ae","article_publisher":"https:\/\/www.facebook.com\/3coty","article_modified_time":"2026-04-04T06:47:55+00:00","og_image":[{"width":1200,"height":630,"url":"https:\/\/3coty.com\/wp-content\/uploads\/2025\/10\/3coty-03-chicken-180-meat-only-cat-food.jpg","type":"image\/jpeg"}],"twitter_card":"summary_large_image","twitter_title":"03. KYCKLING 180 (180 g) | F\u00f6r vuxna katter | 3coty\u00ae Naturlig Kattmat 100% K\u00f6tt","twitter_description":"Noga tillagat kycklingk\u00f6tt. 100 % naturligt komplett och balanserat monoproteinfoder f\u00f6r vuxna katter som \u00e4ter endast k\u00f6tt. Kyckling 100 %.","twitter_image":"https:\/\/3coty.com\/wp-content\/uploads\/2025\/10\/3coty-03-chicken-180-meat-only-cat-food.jpg","twitter_site":"@3cotyCom","twitter_misc":{"Price":"\u20ac&nbsp;3.30","Availability":"In stock"},"schema":{"@context":"https:\/\/schema.org","@graph":[{"@type":"WebPage","@id":"https:\/\/3coty.com\/sv\/p\/03-chicken-180\/","url":"https:\/\/3coty.com\/sv\/p\/03-chicken-180\/","name":"03. KYCKLING 180 (180 g) | F\u00f6r vuxna katter | 3coty\u00ae Naturlig Kattmat 100% K\u00f6tt","isPartOf":{"@id":"https:\/\/3coty.com\/sv\/#website"},"primaryImageOfPage":{"@id":"https:\/\/3coty.com\/sv\/p\/03-chicken-180\/#primaryimage"},"image":{"@id":"https:\/\/3coty.com\/sv\/p\/03-chicken-180\/#primaryimage"},"thumbnailUrl":"https:\/\/3coty.com\/wp-content\/uploads\/2025\/07\/3coty-p-03-180-01.jpg","datePublished":"2025-05-19T17:41:43+00:00","dateModified":"2026-04-04T06:47:55+00:00","description":"Noga tillagat kycklingk\u00f6tt. 100 % naturligt komplett och balanserat monoproteinfoder f\u00f6r vuxna katter som \u00e4ter endast k\u00f6tt. Kyckling 100 %.","breadcrumb":{"@id":"https:\/\/3coty.com\/sv\/p\/03-chicken-180\/#breadcrumb"},"inLanguage":"sv-SE","potentialAction":[{"@type":"ReadAction","target":["https:\/\/3coty.com\/sv\/p\/03-chicken-180\/"]}]},{"@type":"ImageObject","inLanguage":"sv-SE","@id":"https:\/\/3coty.com\/sv\/p\/03-chicken-180\/#primaryimage","url":"https:\/\/3coty.com\/wp-content\/uploads\/2025\/07\/3coty-p-03-180-01.jpg","contentUrl":"https:\/\/3coty.com\/wp-content\/uploads\/2025\/07\/3coty-p-03-180-01.jpg","width":1024,"height":1024},{"@type":"BreadcrumbList","@id":"https:\/\/3coty.com\/sv\/p\/03-chicken-180\/#breadcrumb","itemListElement":[{"@type":"ListItem","position":1,"name":"Home","item":"https:\/\/3coty.com\/sv\/"},{"@type":"ListItem","position":2,"name":"BUTIK","item":"https:\/\/3coty.com\/sv\/shop\/"},{"@type":"ListItem","position":3,"name":"03. KYCKLING 180"}]},{"@type":"WebSite","@id":"https:\/\/3coty.com\/sv\/#website","url":"https:\/\/3coty.com\/sv\/","name":"3coty\u00ae","description":"Meat-only Cat Food","publisher":{"@id":"https:\/\/3coty.com\/sv\/#organization"},"potentialAction":[{"@type":"SearchAction","target":{"@type":"EntryPoint","urlTemplate":"https:\/\/3coty.com\/sv\/?s={search_term_string}"},"query-input":{"@type":"PropertyValueSpecification","valueRequired":true,"valueName":"search_term_string"}}],"inLanguage":"sv-SE"},{"@type":"Organization","@id":"https:\/\/3coty.com\/sv\/#organization","name":"3coty\u00ae","alternateName":"3coty","url":"https:\/\/3coty.com\/sv\/","logo":{"@type":"ImageObject","inLanguage":"sv-SE","@id":"https:\/\/3coty.com\/sv\/#\/schema\/logo\/image\/","url":"https:\/\/3coty.com\/wp-content\/uploads\/2025\/05\/icon-3coty-logo.svg","contentUrl":"https:\/\/3coty.com\/wp-content\/uploads\/2025\/05\/icon-3coty-logo.svg","width":283,"height":283,"caption":"3coty\u00ae"},"image":{"@id":"https:\/\/3coty.com\/sv\/#\/schema\/logo\/image\/"},"sameAs":["https:\/\/www.facebook.com\/3coty","https:\/\/x.com\/3cotyCom","https:\/\/www.instagram.com\/3coty","https:\/\/www.linkedin.com\/company\/3coty","https:\/\/www.youtube.com\/@3coty"]}]},"product_price_amount":"3.30","product_price_currency":"EUR","og_availability":"instock","product_availability":"instock","product_retailer_item_id":"180T 03CH \/ 5901785315844","product_condition":"new"},"_links":{"self":[{"href":"https:\/\/3coty.com\/sv\/wp-json\/wp\/v2\/product\/32220","targetHints":{"allow":["GET"]}}],"collection":[{"href":"https:\/\/3coty.com\/sv\/wp-json\/wp\/v2\/product"}],"about":[{"href":"https:\/\/3coty.com\/sv\/wp-json\/wp\/v2\/types\/product"}],"version-history":[{"count":4,"href":"https:\/\/3coty.com\/sv\/wp-json\/wp\/v2\/product\/32220\/revisions"}],"predecessor-version":[{"id":62397,"href":"https:\/\/3coty.com\/sv\/wp-json\/wp\/v2\/product\/32220\/revisions\/62397"}],"wp:featuredmedia":[{"embeddable":true,"href":"https:\/\/3coty.com\/sv\/wp-json\/wp\/v2\/media\/62107"}],"wp:attachment":[{"href":"https:\/\/3coty.com\/sv\/wp-json\/wp\/v2\/media?parent=32220"}],"wp:term":[{"taxonomy":"product_brand","embeddable":true,"href":"https:\/\/3coty.com\/sv\/wp-json\/wp\/v2\/product_brand?post=32220"},{"taxonomy":"product_cat","embeddable":true,"href":"https:\/\/3coty.com\/sv\/wp-json\/wp\/v2\/product_cat?post=32220"},{"taxonomy":"product_tag","embeddable":true,"href":"https:\/\/3coty.com\/sv\/wp-json\/wp\/v2\/product_tag?post=32220"}],"curies":[{"name":"wp","href":"https:\/\/api.w.org\/{rel}","templated":true}]}}