{"id":32213,"date":"2025-05-19T15:23:58","date_gmt":"2025-05-19T15:23:58","guid":{"rendered":"https:\/\/3coty.com\/p\/01-chicken-390\/"},"modified":"2026-03-17T18:38:55","modified_gmt":"2026-03-17T18:38:55","slug":"01-chicken-390","status":"publish","type":"product","link":"https:\/\/3coty.com\/sv\/p\/01-chicken-390\/","title":{"rendered":"01. KYCKLING 390"},"content":{"rendered":"<p><a href=\"https:\/\/3coty.com\/wp-content\/uploads\/2025\/07\/3coty-p-01-tab-1.svg\"><img fetchpriority=\"high\" decoding=\"async\" class=\"alignnone size-full wp-image-63218\" role=\"img\" src=\"https:\/\/3coty.com\/wp-content\/uploads\/2025\/07\/3coty-p-01-tab-1.svg\" alt=\"\" width=\"283\" height=\"283\" \/><\/a><\/p>\n<h2>NATURLIG OCH KOMPLETT 3COTY\u00ae KATTFODER<\/h2>\n<p><strong>100 % NATURLIGA K\u00d6TTINGREDIENSER och animaliska derivat tillagade i sin egen n\u00e4ringsrika buljong<\/strong><\/p>\n<p>V\u00e5rt huvudrecept har utvecklats som ett 100\u202f% kycklingbaserat v\u00e5tfoder \u2013 komplett, balanserat och perfekt f\u00f6r en eliminationsdiet f\u00f6r vuxna katter. Det inneh\u00e5ller hj\u00e4rtan, muskelmage och lever \u2013 precis som katter skulle \u00e4ta om de f\u00e5ngade sitt byte i det vilda. Raser som Abyssinier, Bengal och Maine Coon uppskattar hela kycklingen, inte bara l\u00e5r och vingar. Ett monoproteinfoder tillagat i sin egen buljong.<\/p>\n<p>Monoproteinfoder tillverkat av 100 % kycklingk\u00f6tt och in\u00e4lvor, idealiskt f\u00f6r eliminationsdieter och uppskattat av katter som \u00e4r vana vid B.A.R.F.<\/p>\n","protected":false},"excerpt":{"rendered":"<p><a href=\"https:\/\/3coty.com\/wp-content\/uploads\/2025\/07\/3coty-p-01-description-1.svg\"><img decoding=\"async\" class=\"alignnone size-medium wp-image-63182\" role=\"img\" src=\"https:\/\/3coty.com\/wp-content\/uploads\/2025\/07\/3coty-p-01-description-1.svg\" alt=\"\" width=\"300\" height=\"300\" \/><\/a><\/p>\n<p><strong>F\u00d6R VUXNA KATTER<\/strong>\u00a0| PATEJ | MONOPROTEIN-KATTFODER<\/p>\n<p><a href=\"https:\/\/3coty.com\/wp-content\/uploads\/2025\/07\/3coty-p-01-description-2.svg\"><img decoding=\"async\" class=\"alignnone size-full wp-image-63200\" role=\"img\" src=\"https:\/\/3coty.com\/wp-content\/uploads\/2025\/07\/3coty-p-01-description-2.svg\" alt=\"\" width=\"506\" height=\"85\" \/><\/a><\/p>\n","protected":false},"featured_media":63451,"template":"","meta":{"_acf_changed":false},"product_brand":[1952],"product_cat":[357],"product_tag":[746],"class_list":{"0":"post-32213","1":"product","2":"type-product","3":"status-publish","4":"has-post-thumbnail","6":"product_brand-3coty","7":"product_cat-for-adult-cats","8":"product_tag-01ch","10":"first","11":"outofstock","12":"featured","13":"taxable","14":"shipping-taxable","15":"purchasable","16":"product-type-simple"},"acf":[],"yoast_head":"<!-- This site is optimized with the Yoast SEO Premium plugin v27.4 (Yoast SEO v27.4) - https:\/\/yoast.com\/product\/yoast-seo-premium-wordpress\/ -->\n<title>01. KYCKLING 390 (390 g) | F\u00f6r vuxna katter | 3coty\u00ae Naturlig Kattmat 100% K\u00f6tt<\/title>\n<meta name=\"description\" content=\"Bes\u00f6k 3coty\u00ae butiken f\u00f6r naturlig kattmat gjord enbart av k\u00f6tt och 100 % f\u00e4rska ingredienser. Uppt\u00e4ck h\u00e4lsosamma recept skapade f\u00f6r att st\u00f6dja din katts v\u00e4lbefinnande i varje livsskede.\" \/>\n<meta name=\"robots\" content=\"index, follow, max-snippet:-1, max-image-preview:large, max-video-preview:-1\" \/>\n<link rel=\"canonical\" href=\"https:\/\/3coty.com\/sv\/p\/01-chicken-390\/\" \/>\n<meta property=\"og:locale\" content=\"sv_SE\" \/>\n<meta property=\"og:type\" content=\"article\" \/>\n<meta property=\"og:title\" content=\"01. KYCKLING 390 (390 g) | F\u00f6r vuxna katter | 3coty\u00ae Naturlig Kattmat 100% K\u00f6tt\" \/>\n<meta property=\"og:description\" content=\"Bes\u00f6k 3coty\u00ae butiken f\u00f6r naturlig kattmat gjord enbart av k\u00f6tt och 100 % f\u00e4rska ingredienser. Uppt\u00e4ck h\u00e4lsosamma recept skapade f\u00f6r att st\u00f6dja din katts v\u00e4lbefinnande i varje livsskede.\" \/>\n<meta property=\"og:url\" content=\"https:\/\/3coty.com\/sv\/p\/01-chicken-390\/\" \/>\n<meta property=\"og:site_name\" content=\"3coty\u00ae\" \/>\n<meta property=\"article:publisher\" content=\"https:\/\/www.facebook.com\/3coty\" \/>\n<meta property=\"article:modified_time\" content=\"2026-03-17T18:38:55+00:00\" \/>\n<meta property=\"og:image\" content=\"https:\/\/3coty.com\/wp-content\/uploads\/2025\/10\/3coty-01-chicken-390-meat-only-cat-food.jpg\" \/>\n\t<meta property=\"og:image:width\" content=\"1200\" \/>\n\t<meta property=\"og:image:height\" content=\"630\" \/>\n\t<meta property=\"og:image:type\" content=\"image\/jpeg\" \/>\n<meta name=\"twitter:card\" content=\"summary_large_image\" \/>\n<meta name=\"twitter:title\" content=\"01. KYCKLING 390 (390 g) | F\u00f6r vuxna katter | 3coty\u00ae Naturlig Kattmat 100% K\u00f6tt\" \/>\n<meta name=\"twitter:description\" content=\"Bes\u00f6k 3coty\u00ae butiken f\u00f6r naturlig kattmat gjord enbart av k\u00f6tt och 100 % f\u00e4rska ingredienser. Uppt\u00e4ck h\u00e4lsosamma recept skapade f\u00f6r att st\u00f6dja din katts v\u00e4lbefinnande i varje livsskede.\" \/>\n<meta name=\"twitter:image\" content=\"https:\/\/3coty.com\/wp-content\/uploads\/2025\/10\/3coty-01-chicken-390-meat-only-cat-food.jpg\" \/>\n<meta name=\"twitter:site\" content=\"@3cotyCom\" \/>\n<meta name=\"twitter:label1\" content=\"Price\" \/>\n\t<meta name=\"twitter:data1\" content=\"\u20ac&nbsp;4.50\" \/>\n\t<meta name=\"twitter:label2\" content=\"Availability\" \/>\n\t<meta name=\"twitter:data2\" content=\"Out of stock\" \/>\n<script type=\"application\/ld+json\" class=\"yoast-schema-graph\">{\"@context\":\"https:\\\/\\\/schema.org\",\"@graph\":[{\"@type\":\"WebPage\",\"@id\":\"https:\\\/\\\/3coty.com\\\/sv\\\/p\\\/01-chicken-390\\\/\",\"url\":\"https:\\\/\\\/3coty.com\\\/sv\\\/p\\\/01-chicken-390\\\/\",\"name\":\"01. KYCKLING 390 (390 g) | F\u00f6r vuxna katter | 3coty\u00ae Naturlig Kattmat 100% K\u00f6tt\",\"isPartOf\":{\"@id\":\"https:\\\/\\\/3coty.com\\\/sv\\\/#website\"},\"primaryImageOfPage\":{\"@id\":\"https:\\\/\\\/3coty.com\\\/sv\\\/p\\\/01-chicken-390\\\/#primaryimage\"},\"image\":{\"@id\":\"https:\\\/\\\/3coty.com\\\/sv\\\/p\\\/01-chicken-390\\\/#primaryimage\"},\"thumbnailUrl\":\"https:\\\/\\\/3coty.com\\\/wp-content\\\/uploads\\\/2025\\\/07\\\/3coty-p-01-390-01.jpg\",\"datePublished\":\"2025-05-19T15:23:58+00:00\",\"dateModified\":\"2026-03-17T18:38:55+00:00\",\"description\":\"Bes\u00f6k 3coty\u00ae butiken f\u00f6r naturlig kattmat gjord enbart av k\u00f6tt och 100 % f\u00e4rska ingredienser. Uppt\u00e4ck h\u00e4lsosamma recept skapade f\u00f6r att st\u00f6dja din katts v\u00e4lbefinnande i varje livsskede.\",\"breadcrumb\":{\"@id\":\"https:\\\/\\\/3coty.com\\\/sv\\\/p\\\/01-chicken-390\\\/#breadcrumb\"},\"inLanguage\":\"sv-SE\",\"potentialAction\":[{\"@type\":\"ReadAction\",\"target\":[\"https:\\\/\\\/3coty.com\\\/sv\\\/p\\\/01-chicken-390\\\/\"]}]},{\"@type\":\"ImageObject\",\"inLanguage\":\"sv-SE\",\"@id\":\"https:\\\/\\\/3coty.com\\\/sv\\\/p\\\/01-chicken-390\\\/#primaryimage\",\"url\":\"https:\\\/\\\/3coty.com\\\/wp-content\\\/uploads\\\/2025\\\/07\\\/3coty-p-01-390-01.jpg\",\"contentUrl\":\"https:\\\/\\\/3coty.com\\\/wp-content\\\/uploads\\\/2025\\\/07\\\/3coty-p-01-390-01.jpg\",\"width\":1024,\"height\":1024},{\"@type\":\"BreadcrumbList\",\"@id\":\"https:\\\/\\\/3coty.com\\\/sv\\\/p\\\/01-chicken-390\\\/#breadcrumb\",\"itemListElement\":[{\"@type\":\"ListItem\",\"position\":1,\"name\":\"Home\",\"item\":\"https:\\\/\\\/3coty.com\\\/sv\\\/\"},{\"@type\":\"ListItem\",\"position\":2,\"name\":\"BUTIK\",\"item\":\"https:\\\/\\\/3coty.com\\\/sv\\\/shop\\\/\"},{\"@type\":\"ListItem\",\"position\":3,\"name\":\"01. KYCKLING 390\"}]},{\"@type\":\"WebSite\",\"@id\":\"https:\\\/\\\/3coty.com\\\/sv\\\/#website\",\"url\":\"https:\\\/\\\/3coty.com\\\/sv\\\/\",\"name\":\"3coty\u00ae\",\"description\":\"Meat-only Cat Food\",\"publisher\":{\"@id\":\"https:\\\/\\\/3coty.com\\\/sv\\\/#organization\"},\"potentialAction\":[{\"@type\":\"SearchAction\",\"target\":{\"@type\":\"EntryPoint\",\"urlTemplate\":\"https:\\\/\\\/3coty.com\\\/sv\\\/?s={search_term_string}\"},\"query-input\":{\"@type\":\"PropertyValueSpecification\",\"valueRequired\":true,\"valueName\":\"search_term_string\"}}],\"inLanguage\":\"sv-SE\"},{\"@type\":\"Organization\",\"@id\":\"https:\\\/\\\/3coty.com\\\/sv\\\/#organization\",\"name\":\"3coty\u00ae\",\"alternateName\":\"3coty\",\"url\":\"https:\\\/\\\/3coty.com\\\/sv\\\/\",\"logo\":{\"@type\":\"ImageObject\",\"inLanguage\":\"sv-SE\",\"@id\":\"https:\\\/\\\/3coty.com\\\/sv\\\/#\\\/schema\\\/logo\\\/image\\\/\",\"url\":\"https:\\\/\\\/3coty.com\\\/wp-content\\\/uploads\\\/2025\\\/05\\\/icon-3coty-logo.svg\",\"contentUrl\":\"https:\\\/\\\/3coty.com\\\/wp-content\\\/uploads\\\/2025\\\/05\\\/icon-3coty-logo.svg\",\"width\":283,\"height\":283,\"caption\":\"3coty\u00ae\"},\"image\":{\"@id\":\"https:\\\/\\\/3coty.com\\\/sv\\\/#\\\/schema\\\/logo\\\/image\\\/\"},\"sameAs\":[\"https:\\\/\\\/www.facebook.com\\\/3coty\",\"https:\\\/\\\/x.com\\\/3cotyCom\",\"https:\\\/\\\/www.instagram.com\\\/3coty\",\"https:\\\/\\\/www.linkedin.com\\\/company\\\/3coty\",\"https:\\\/\\\/www.youtube.com\\\/@3coty\"]}]}<\/script>\n<meta property=\"product:price:amount\" content=\"4.50\" \/>\n<meta property=\"product:price:currency\" content=\"EUR\" \/>\n<meta property=\"og:availability\" content=\"out of stock\" \/>\n<meta property=\"product:availability\" content=\"out of stock\" \/>\n<meta property=\"product:retailer_item_id\" content=\"390T 01CH \/ 5901785315806\" \/>\n<meta property=\"product:condition\" content=\"new\" \/>\n<!-- \/ Yoast SEO Premium plugin. -->","yoast_head_json":{"title":"01. KYCKLING 390 (390 g) | F\u00f6r vuxna katter | 3coty\u00ae Naturlig Kattmat 100% K\u00f6tt","description":"Bes\u00f6k 3coty\u00ae butiken f\u00f6r naturlig kattmat gjord enbart av k\u00f6tt och 100 % f\u00e4rska ingredienser. Uppt\u00e4ck h\u00e4lsosamma recept skapade f\u00f6r att st\u00f6dja din katts v\u00e4lbefinnande i varje livsskede.","robots":{"index":"index","follow":"follow","max-snippet":"max-snippet:-1","max-image-preview":"max-image-preview:large","max-video-preview":"max-video-preview:-1"},"canonical":"https:\/\/3coty.com\/sv\/p\/01-chicken-390\/","og_locale":"sv_SE","og_type":"article","og_title":"01. KYCKLING 390 (390 g) | F\u00f6r vuxna katter | 3coty\u00ae Naturlig Kattmat 100% K\u00f6tt","og_description":"Bes\u00f6k 3coty\u00ae butiken f\u00f6r naturlig kattmat gjord enbart av k\u00f6tt och 100 % f\u00e4rska ingredienser. Uppt\u00e4ck h\u00e4lsosamma recept skapade f\u00f6r att st\u00f6dja din katts v\u00e4lbefinnande i varje livsskede.","og_url":"https:\/\/3coty.com\/sv\/p\/01-chicken-390\/","og_site_name":"3coty\u00ae","article_publisher":"https:\/\/www.facebook.com\/3coty","article_modified_time":"2026-03-17T18:38:55+00:00","og_image":[{"width":1200,"height":630,"url":"https:\/\/3coty.com\/wp-content\/uploads\/2025\/10\/3coty-01-chicken-390-meat-only-cat-food.jpg","type":"image\/jpeg"}],"twitter_card":"summary_large_image","twitter_title":"01. KYCKLING 390 (390 g) | F\u00f6r vuxna katter | 3coty\u00ae Naturlig Kattmat 100% K\u00f6tt","twitter_description":"Bes\u00f6k 3coty\u00ae butiken f\u00f6r naturlig kattmat gjord enbart av k\u00f6tt och 100 % f\u00e4rska ingredienser. Uppt\u00e4ck h\u00e4lsosamma recept skapade f\u00f6r att st\u00f6dja din katts v\u00e4lbefinnande i varje livsskede.","twitter_image":"https:\/\/3coty.com\/wp-content\/uploads\/2025\/10\/3coty-01-chicken-390-meat-only-cat-food.jpg","twitter_site":"@3cotyCom","twitter_misc":{"Price":"\u20ac&nbsp;4.50","Availability":"Out of stock"},"schema":{"@context":"https:\/\/schema.org","@graph":[{"@type":"WebPage","@id":"https:\/\/3coty.com\/sv\/p\/01-chicken-390\/","url":"https:\/\/3coty.com\/sv\/p\/01-chicken-390\/","name":"01. KYCKLING 390 (390 g) | F\u00f6r vuxna katter | 3coty\u00ae Naturlig Kattmat 100% K\u00f6tt","isPartOf":{"@id":"https:\/\/3coty.com\/sv\/#website"},"primaryImageOfPage":{"@id":"https:\/\/3coty.com\/sv\/p\/01-chicken-390\/#primaryimage"},"image":{"@id":"https:\/\/3coty.com\/sv\/p\/01-chicken-390\/#primaryimage"},"thumbnailUrl":"https:\/\/3coty.com\/wp-content\/uploads\/2025\/07\/3coty-p-01-390-01.jpg","datePublished":"2025-05-19T15:23:58+00:00","dateModified":"2026-03-17T18:38:55+00:00","description":"Bes\u00f6k 3coty\u00ae butiken f\u00f6r naturlig kattmat gjord enbart av k\u00f6tt och 100 % f\u00e4rska ingredienser. Uppt\u00e4ck h\u00e4lsosamma recept skapade f\u00f6r att st\u00f6dja din katts v\u00e4lbefinnande i varje livsskede.","breadcrumb":{"@id":"https:\/\/3coty.com\/sv\/p\/01-chicken-390\/#breadcrumb"},"inLanguage":"sv-SE","potentialAction":[{"@type":"ReadAction","target":["https:\/\/3coty.com\/sv\/p\/01-chicken-390\/"]}]},{"@type":"ImageObject","inLanguage":"sv-SE","@id":"https:\/\/3coty.com\/sv\/p\/01-chicken-390\/#primaryimage","url":"https:\/\/3coty.com\/wp-content\/uploads\/2025\/07\/3coty-p-01-390-01.jpg","contentUrl":"https:\/\/3coty.com\/wp-content\/uploads\/2025\/07\/3coty-p-01-390-01.jpg","width":1024,"height":1024},{"@type":"BreadcrumbList","@id":"https:\/\/3coty.com\/sv\/p\/01-chicken-390\/#breadcrumb","itemListElement":[{"@type":"ListItem","position":1,"name":"Home","item":"https:\/\/3coty.com\/sv\/"},{"@type":"ListItem","position":2,"name":"BUTIK","item":"https:\/\/3coty.com\/sv\/shop\/"},{"@type":"ListItem","position":3,"name":"01. KYCKLING 390"}]},{"@type":"WebSite","@id":"https:\/\/3coty.com\/sv\/#website","url":"https:\/\/3coty.com\/sv\/","name":"3coty\u00ae","description":"Meat-only Cat Food","publisher":{"@id":"https:\/\/3coty.com\/sv\/#organization"},"potentialAction":[{"@type":"SearchAction","target":{"@type":"EntryPoint","urlTemplate":"https:\/\/3coty.com\/sv\/?s={search_term_string}"},"query-input":{"@type":"PropertyValueSpecification","valueRequired":true,"valueName":"search_term_string"}}],"inLanguage":"sv-SE"},{"@type":"Organization","@id":"https:\/\/3coty.com\/sv\/#organization","name":"3coty\u00ae","alternateName":"3coty","url":"https:\/\/3coty.com\/sv\/","logo":{"@type":"ImageObject","inLanguage":"sv-SE","@id":"https:\/\/3coty.com\/sv\/#\/schema\/logo\/image\/","url":"https:\/\/3coty.com\/wp-content\/uploads\/2025\/05\/icon-3coty-logo.svg","contentUrl":"https:\/\/3coty.com\/wp-content\/uploads\/2025\/05\/icon-3coty-logo.svg","width":283,"height":283,"caption":"3coty\u00ae"},"image":{"@id":"https:\/\/3coty.com\/sv\/#\/schema\/logo\/image\/"},"sameAs":["https:\/\/www.facebook.com\/3coty","https:\/\/x.com\/3cotyCom","https:\/\/www.instagram.com\/3coty","https:\/\/www.linkedin.com\/company\/3coty","https:\/\/www.youtube.com\/@3coty"]}]},"product_price_amount":"4.50","product_price_currency":"EUR","og_availability":"out of stock","product_availability":"out of stock","product_retailer_item_id":"390T 01CH \/ 5901785315806","product_condition":"new"},"_links":{"self":[{"href":"https:\/\/3coty.com\/sv\/wp-json\/wp\/v2\/product\/32213","targetHints":{"allow":["GET"]}}],"collection":[{"href":"https:\/\/3coty.com\/sv\/wp-json\/wp\/v2\/product"}],"about":[{"href":"https:\/\/3coty.com\/sv\/wp-json\/wp\/v2\/types\/product"}],"version-history":[{"count":5,"href":"https:\/\/3coty.com\/sv\/wp-json\/wp\/v2\/product\/32213\/revisions"}],"predecessor-version":[{"id":36942,"href":"https:\/\/3coty.com\/sv\/wp-json\/wp\/v2\/product\/32213\/revisions\/36942"}],"wp:featuredmedia":[{"embeddable":true,"href":"https:\/\/3coty.com\/sv\/wp-json\/wp\/v2\/media\/63451"}],"wp:attachment":[{"href":"https:\/\/3coty.com\/sv\/wp-json\/wp\/v2\/media?parent=32213"}],"wp:term":[{"taxonomy":"product_brand","embeddable":true,"href":"https:\/\/3coty.com\/sv\/wp-json\/wp\/v2\/product_brand?post=32213"},{"taxonomy":"product_cat","embeddable":true,"href":"https:\/\/3coty.com\/sv\/wp-json\/wp\/v2\/product_cat?post=32213"},{"taxonomy":"product_tag","embeddable":true,"href":"https:\/\/3coty.com\/sv\/wp-json\/wp\/v2\/product_tag?post=32213"}],"curies":[{"name":"wp","href":"https:\/\/api.w.org\/{rel}","templated":true}]}}