{"id":83972,"date":"2026-04-18T15:50:27","date_gmt":"2026-04-18T15:50:27","guid":{"rendered":"https:\/\/3coty.com\/?post_type=product&#038;p=83972"},"modified":"2026-04-18T15:59:40","modified_gmt":"2026-04-18T15:59:40","slug":"98-appetite-support-080","status":"publish","type":"product","link":"https:\/\/3coty.com\/sk\/p\/98-appetite-support-080\/","title":{"rendered":"98. PODPORA CHUTI DO JEDLA 080"},"content":{"rendered":"<p><a href=\"https:\/\/3coty.com\/wp-content\/uploads\/2025\/07\/3coty-p-97-tab-1.svg\"><img fetchpriority=\"high\" decoding=\"async\" class=\"alignnone size-full wp-image-40832\" role=\"img\" src=\"https:\/\/3coty.com\/wp-content\/uploads\/2025\/07\/3coty-p-97-tab-1.svg\" alt=\"\" width=\"283\" height=\"283\" \/><\/a><\/p>\n<h2>3COTY\u00ae PR\u00cdRODN\u00c9 DOPLNKOV\u00c9 KRMIVO PRE MA\u010cKY<\/h2>\n<p><strong>NUTRI\u010cN\u00c9 DRO\u017dDIE + CHLORELLA (Chlorella vulgaris) + BIOT\u00cdN<\/strong><\/p>\n<p>Pre ma\u010dky, ktor\u00e9 niekedy jedia menej ne\u017e zvy\u010dajne v d\u00f4sledku stresu, hormon\u00e1lnych alebo sez\u00f3nnych zmien, po\u010das cestovania alebo pri prechode na nov\u00e9 krmivo, t\u00e1to posypka pom\u00e1ha znovu prebudi\u0165 chu\u0165 do jedla. Nutri\u010dn\u00e9 kvasnice dod\u00e1vaj\u00fa prirodzene atrakt\u00edvnu chu\u0165, zatia\u013e \u010do ich vysok\u00fd obsah mal\u00fdch peptidov a vo\u013en\u00fdch aminokysel\u00edn podporuje vstreb\u00e1vanie \u017eiv\u00edn. Taur\u00edn, esenci\u00e1lna aminokyselina pre ma\u010dky, podporuje norm\u00e1lne fyziologick\u00e9 funkcie a celkov\u00fa vitalitu.<\/p>\n<p>Jednoduch\u00fd sp\u00f4sob, ako podpori\u0165 ma\u010dky v obdobiach zn\u00ed\u017eenej chuti do jedla a pom\u00f4c\u0165 im vr\u00e1ti\u0165 sa k pravideln\u00e9mu k\u0155meniu.<\/p>\n","protected":false},"excerpt":{"rendered":"<p><a href=\"https:\/\/3coty.com\/wp-content\/uploads\/2025\/07\/3coty-p-97-description-1.svg\"><img decoding=\"async\" class=\"alignnone wp-image-40958 size-medium\" role=\"img\" src=\"https:\/\/3coty.com\/wp-content\/uploads\/2025\/07\/3coty-p-97-description-1.svg\" alt=\"\" width=\"300\" height=\"300\" \/><\/a><\/p>\n<p><strong>PRE V\u0160ETKY MA\u010cKY<\/strong> | PR\u00c1\u0160OK | PR\u00cdRODN\u00c9 DOPLNKOV\u00c9 KRMIVO PRE MA\u010cKY<br \/>\n<strong>PODPORUJE A ZLEP\u0160UJE CHU\u0164 DO JEDLA<\/strong><\/p>\n<p><a href=\"https:\/\/3coty.com\/wp-content\/uploads\/2026\/03\/3coty-product-98-description-2.svg\"><img decoding=\"async\" class=\"alignnone size-full wp-image-83709\" role=\"img\" src=\"https:\/\/3coty.com\/wp-content\/uploads\/2026\/03\/3coty-product-98-description-2.svg\" alt=\"\" width=\"218\" height=\"85\" \/><\/a><\/p>\n","protected":false},"featured_media":83760,"template":"","meta":{"_acf_changed":false},"product_brand":[],"product_cat":[430],"product_tag":[2077],"class_list":{"0":"post-83972","1":"product","2":"type-product","3":"status-publish","4":"has-post-thumbnail","6":"product_cat-well-being","7":"product_tag-98as","9":"first","10":"instock","11":"taxable","12":"shipping-taxable","13":"purchasable","14":"product-type-simple"},"acf":[],"yoast_head":"<!-- This site is optimized with the Yoast SEO Premium plugin v27.4 (Yoast SEO v27.4) - https:\/\/yoast.com\/product\/yoast-seo-premium-wordpress\/ -->\n<title>98. PODPORA CHUTI DO JEDLA 080 (80g) | Pre v\u0161etky ma\u010dky | 3coty\u00ae Pr\u00edrodn\u00e9 doplnkov\u00e9 krmivo pre ma\u010dky<\/title>\n<meta name=\"description\" content=\"Doplnkov\u00e1 posypka pre ma\u010dky so zn\u00ed\u017eenou chu\u0165ou do jedla, s nutri\u010dn\u00fdmi kvasnicami a taur\u00ednom, ktor\u00e1 pom\u00e1ha obnovi\u0165 pravideln\u00e9 prij\u00edmanie potravy.\" \/>\n<meta name=\"robots\" content=\"index, follow, max-snippet:-1, max-image-preview:large, max-video-preview:-1\" \/>\n<link rel=\"canonical\" href=\"https:\/\/3coty.com\/sk\/p\/98-appetite-support-080\/\" \/>\n<meta property=\"og:locale\" content=\"sk_SK\" \/>\n<meta property=\"og:type\" content=\"article\" \/>\n<meta property=\"og:title\" content=\"98. PODPORA CHUTI DO JEDLA 080 (80g) | Pre v\u0161etky ma\u010dky | 3coty\u00ae Pr\u00edrodn\u00e9 doplnkov\u00e9 krmivo pre ma\u010dky\" \/>\n<meta property=\"og:description\" content=\"Doplnkov\u00e1 posypka pre ma\u010dky so zn\u00ed\u017eenou chu\u0165ou do jedla, s nutri\u010dn\u00fdmi kvasnicami a taur\u00ednom, ktor\u00e1 pom\u00e1ha obnovi\u0165 pravideln\u00e9 prij\u00edmanie potravy.\" \/>\n<meta property=\"og:url\" content=\"https:\/\/3coty.com\/sk\/p\/98-appetite-support-080\/\" \/>\n<meta property=\"og:site_name\" content=\"3coty\u00ae\" \/>\n<meta property=\"article:publisher\" content=\"https:\/\/www.facebook.com\/3coty\" \/>\n<meta property=\"article:modified_time\" content=\"2026-04-18T15:59:40+00:00\" \/>\n<meta property=\"og:image\" content=\"https:\/\/3coty.com\/wp-content\/uploads\/2026\/04\/3coty-98-appetite-support-complementary-cat-food-1024x538.jpg\" \/>\n<meta name=\"twitter:card\" content=\"summary_large_image\" \/>\n<meta name=\"twitter:title\" content=\"98. PODPORA CHUTI DO JEDLA 080 (80g) | Pre v\u0161etky ma\u010dky | 3coty\u00ae Pr\u00edrodn\u00e9 doplnkov\u00e9 krmivo pre ma\u010dky\" \/>\n<meta name=\"twitter:description\" content=\"Doplnkov\u00e1 posypka pre ma\u010dky so zn\u00ed\u017eenou chu\u0165ou do jedla, s nutri\u010dn\u00fdmi kvasnicami a taur\u00ednom, ktor\u00e1 pom\u00e1ha obnovi\u0165 pravideln\u00e9 prij\u00edmanie potravy.\" \/>\n<meta name=\"twitter:site\" content=\"@3cotyCom\" \/>\n<meta name=\"twitter:label1\" content=\"Price\" \/>\n\t<meta name=\"twitter:data1\" content=\"\u20ac&nbsp;15.00\" \/>\n\t<meta name=\"twitter:label2\" content=\"Availability\" \/>\n\t<meta name=\"twitter:data2\" content=\"In stock\" \/>\n<script type=\"application\/ld+json\" class=\"yoast-schema-graph\">{\"@context\":\"https:\\\/\\\/schema.org\",\"@graph\":[{\"@type\":\"WebPage\",\"@id\":\"https:\\\/\\\/3coty.com\\\/sk\\\/p\\\/98-appetite-support-080\\\/\",\"url\":\"https:\\\/\\\/3coty.com\\\/sk\\\/p\\\/98-appetite-support-080\\\/\",\"name\":\"98. PODPORA CHUTI DO JEDLA 080 (80g) | Pre v\u0161etky ma\u010dky | 3coty\u00ae Pr\u00edrodn\u00e9 doplnkov\u00e9 krmivo pre ma\u010dky\",\"isPartOf\":{\"@id\":\"https:\\\/\\\/3coty.com\\\/sk\\\/#website\"},\"primaryImageOfPage\":{\"@id\":\"https:\\\/\\\/3coty.com\\\/sk\\\/p\\\/98-appetite-support-080\\\/#primaryimage\"},\"image\":{\"@id\":\"https:\\\/\\\/3coty.com\\\/sk\\\/p\\\/98-appetite-support-080\\\/#primaryimage\"},\"thumbnailUrl\":\"https:\\\/\\\/3coty.com\\\/wp-content\\\/uploads\\\/2026\\\/03\\\/3coty-product-98-01.jpg\",\"datePublished\":\"2026-04-18T15:50:27+00:00\",\"dateModified\":\"2026-04-18T15:59:40+00:00\",\"description\":\"Doplnkov\u00e1 posypka pre ma\u010dky so zn\u00ed\u017eenou chu\u0165ou do jedla, s nutri\u010dn\u00fdmi kvasnicami a taur\u00ednom, ktor\u00e1 pom\u00e1ha obnovi\u0165 pravideln\u00e9 prij\u00edmanie potravy.\",\"breadcrumb\":{\"@id\":\"https:\\\/\\\/3coty.com\\\/sk\\\/p\\\/98-appetite-support-080\\\/#breadcrumb\"},\"inLanguage\":\"sk-SK\",\"potentialAction\":[{\"@type\":\"ReadAction\",\"target\":[\"https:\\\/\\\/3coty.com\\\/sk\\\/p\\\/98-appetite-support-080\\\/\"]}]},{\"@type\":\"ImageObject\",\"inLanguage\":\"sk-SK\",\"@id\":\"https:\\\/\\\/3coty.com\\\/sk\\\/p\\\/98-appetite-support-080\\\/#primaryimage\",\"url\":\"https:\\\/\\\/3coty.com\\\/wp-content\\\/uploads\\\/2026\\\/03\\\/3coty-product-98-01.jpg\",\"contentUrl\":\"https:\\\/\\\/3coty.com\\\/wp-content\\\/uploads\\\/2026\\\/03\\\/3coty-product-98-01.jpg\",\"width\":1024,\"height\":1024},{\"@type\":\"BreadcrumbList\",\"@id\":\"https:\\\/\\\/3coty.com\\\/sk\\\/p\\\/98-appetite-support-080\\\/#breadcrumb\",\"itemListElement\":[{\"@type\":\"ListItem\",\"position\":1,\"name\":\"Home\",\"item\":\"https:\\\/\\\/3coty.com\\\/sk\\\/\"},{\"@type\":\"ListItem\",\"position\":2,\"name\":\"OBCHOD\",\"item\":\"https:\\\/\\\/3coty.com\\\/sk\\\/shop\\\/\"},{\"@type\":\"ListItem\",\"position\":3,\"name\":\"98. PODPORA CHUTI DO JEDLA 080\"}]},{\"@type\":\"WebSite\",\"@id\":\"https:\\\/\\\/3coty.com\\\/sk\\\/#website\",\"url\":\"https:\\\/\\\/3coty.com\\\/sk\\\/\",\"name\":\"3coty\u00ae\",\"description\":\"Meat-only Cat Food\",\"publisher\":{\"@id\":\"https:\\\/\\\/3coty.com\\\/sk\\\/#organization\"},\"potentialAction\":[{\"@type\":\"SearchAction\",\"target\":{\"@type\":\"EntryPoint\",\"urlTemplate\":\"https:\\\/\\\/3coty.com\\\/sk\\\/?s={search_term_string}\"},\"query-input\":{\"@type\":\"PropertyValueSpecification\",\"valueRequired\":true,\"valueName\":\"search_term_string\"}}],\"inLanguage\":\"sk-SK\"},{\"@type\":\"Organization\",\"@id\":\"https:\\\/\\\/3coty.com\\\/sk\\\/#organization\",\"name\":\"3coty\u00ae\",\"alternateName\":\"3coty\",\"url\":\"https:\\\/\\\/3coty.com\\\/sk\\\/\",\"logo\":{\"@type\":\"ImageObject\",\"inLanguage\":\"sk-SK\",\"@id\":\"https:\\\/\\\/3coty.com\\\/sk\\\/#\\\/schema\\\/logo\\\/image\\\/\",\"url\":\"https:\\\/\\\/3coty.com\\\/wp-content\\\/uploads\\\/2025\\\/05\\\/icon-3coty-logo.svg\",\"contentUrl\":\"https:\\\/\\\/3coty.com\\\/wp-content\\\/uploads\\\/2025\\\/05\\\/icon-3coty-logo.svg\",\"width\":283,\"height\":283,\"caption\":\"3coty\u00ae\"},\"image\":{\"@id\":\"https:\\\/\\\/3coty.com\\\/sk\\\/#\\\/schema\\\/logo\\\/image\\\/\"},\"sameAs\":[\"https:\\\/\\\/www.facebook.com\\\/3coty\",\"https:\\\/\\\/x.com\\\/3cotyCom\",\"https:\\\/\\\/www.instagram.com\\\/3coty\",\"https:\\\/\\\/www.linkedin.com\\\/company\\\/3coty\",\"https:\\\/\\\/www.youtube.com\\\/@3coty\"]}]}<\/script>\n<meta property=\"product:price:amount\" content=\"15.00\" \/>\n<meta property=\"product:price:currency\" content=\"EUR\" \/>\n<meta property=\"og:availability\" content=\"instock\" \/>\n<meta property=\"product:availability\" content=\"instock\" \/>\n<meta property=\"product:retailer_item_id\" content=\"100J 98AS \/ 5901785318944\" \/>\n<meta property=\"product:condition\" content=\"new\" \/>\n<!-- \/ Yoast SEO Premium plugin. -->","yoast_head_json":{"title":"98. PODPORA CHUTI DO JEDLA 080 (80g) | Pre v\u0161etky ma\u010dky | 3coty\u00ae Pr\u00edrodn\u00e9 doplnkov\u00e9 krmivo pre ma\u010dky","description":"Doplnkov\u00e1 posypka pre ma\u010dky so zn\u00ed\u017eenou chu\u0165ou do jedla, s nutri\u010dn\u00fdmi kvasnicami a taur\u00ednom, ktor\u00e1 pom\u00e1ha obnovi\u0165 pravideln\u00e9 prij\u00edmanie potravy.","robots":{"index":"index","follow":"follow","max-snippet":"max-snippet:-1","max-image-preview":"max-image-preview:large","max-video-preview":"max-video-preview:-1"},"canonical":"https:\/\/3coty.com\/sk\/p\/98-appetite-support-080\/","og_locale":"sk_SK","og_type":"article","og_title":"98. PODPORA CHUTI DO JEDLA 080 (80g) | Pre v\u0161etky ma\u010dky | 3coty\u00ae Pr\u00edrodn\u00e9 doplnkov\u00e9 krmivo pre ma\u010dky","og_description":"Doplnkov\u00e1 posypka pre ma\u010dky so zn\u00ed\u017eenou chu\u0165ou do jedla, s nutri\u010dn\u00fdmi kvasnicami a taur\u00ednom, ktor\u00e1 pom\u00e1ha obnovi\u0165 pravideln\u00e9 prij\u00edmanie potravy.","og_url":"https:\/\/3coty.com\/sk\/p\/98-appetite-support-080\/","og_site_name":"3coty\u00ae","article_publisher":"https:\/\/www.facebook.com\/3coty","article_modified_time":"2026-04-18T15:59:40+00:00","og_image":[{"url":"https:\/\/3coty.com\/wp-content\/uploads\/2026\/04\/3coty-98-appetite-support-complementary-cat-food-1024x538.jpg","type":"","width":"","height":""}],"twitter_card":"summary_large_image","twitter_title":"98. PODPORA CHUTI DO JEDLA 080 (80g) | Pre v\u0161etky ma\u010dky | 3coty\u00ae Pr\u00edrodn\u00e9 doplnkov\u00e9 krmivo pre ma\u010dky","twitter_description":"Doplnkov\u00e1 posypka pre ma\u010dky so zn\u00ed\u017eenou chu\u0165ou do jedla, s nutri\u010dn\u00fdmi kvasnicami a taur\u00ednom, ktor\u00e1 pom\u00e1ha obnovi\u0165 pravideln\u00e9 prij\u00edmanie potravy.","twitter_site":"@3cotyCom","twitter_misc":{"Price":"\u20ac&nbsp;15.00","Availability":"In stock"},"schema":{"@context":"https:\/\/schema.org","@graph":[{"@type":"WebPage","@id":"https:\/\/3coty.com\/sk\/p\/98-appetite-support-080\/","url":"https:\/\/3coty.com\/sk\/p\/98-appetite-support-080\/","name":"98. PODPORA CHUTI DO JEDLA 080 (80g) | Pre v\u0161etky ma\u010dky | 3coty\u00ae Pr\u00edrodn\u00e9 doplnkov\u00e9 krmivo pre ma\u010dky","isPartOf":{"@id":"https:\/\/3coty.com\/sk\/#website"},"primaryImageOfPage":{"@id":"https:\/\/3coty.com\/sk\/p\/98-appetite-support-080\/#primaryimage"},"image":{"@id":"https:\/\/3coty.com\/sk\/p\/98-appetite-support-080\/#primaryimage"},"thumbnailUrl":"https:\/\/3coty.com\/wp-content\/uploads\/2026\/03\/3coty-product-98-01.jpg","datePublished":"2026-04-18T15:50:27+00:00","dateModified":"2026-04-18T15:59:40+00:00","description":"Doplnkov\u00e1 posypka pre ma\u010dky so zn\u00ed\u017eenou chu\u0165ou do jedla, s nutri\u010dn\u00fdmi kvasnicami a taur\u00ednom, ktor\u00e1 pom\u00e1ha obnovi\u0165 pravideln\u00e9 prij\u00edmanie potravy.","breadcrumb":{"@id":"https:\/\/3coty.com\/sk\/p\/98-appetite-support-080\/#breadcrumb"},"inLanguage":"sk-SK","potentialAction":[{"@type":"ReadAction","target":["https:\/\/3coty.com\/sk\/p\/98-appetite-support-080\/"]}]},{"@type":"ImageObject","inLanguage":"sk-SK","@id":"https:\/\/3coty.com\/sk\/p\/98-appetite-support-080\/#primaryimage","url":"https:\/\/3coty.com\/wp-content\/uploads\/2026\/03\/3coty-product-98-01.jpg","contentUrl":"https:\/\/3coty.com\/wp-content\/uploads\/2026\/03\/3coty-product-98-01.jpg","width":1024,"height":1024},{"@type":"BreadcrumbList","@id":"https:\/\/3coty.com\/sk\/p\/98-appetite-support-080\/#breadcrumb","itemListElement":[{"@type":"ListItem","position":1,"name":"Home","item":"https:\/\/3coty.com\/sk\/"},{"@type":"ListItem","position":2,"name":"OBCHOD","item":"https:\/\/3coty.com\/sk\/shop\/"},{"@type":"ListItem","position":3,"name":"98. PODPORA CHUTI DO JEDLA 080"}]},{"@type":"WebSite","@id":"https:\/\/3coty.com\/sk\/#website","url":"https:\/\/3coty.com\/sk\/","name":"3coty\u00ae","description":"Meat-only Cat Food","publisher":{"@id":"https:\/\/3coty.com\/sk\/#organization"},"potentialAction":[{"@type":"SearchAction","target":{"@type":"EntryPoint","urlTemplate":"https:\/\/3coty.com\/sk\/?s={search_term_string}"},"query-input":{"@type":"PropertyValueSpecification","valueRequired":true,"valueName":"search_term_string"}}],"inLanguage":"sk-SK"},{"@type":"Organization","@id":"https:\/\/3coty.com\/sk\/#organization","name":"3coty\u00ae","alternateName":"3coty","url":"https:\/\/3coty.com\/sk\/","logo":{"@type":"ImageObject","inLanguage":"sk-SK","@id":"https:\/\/3coty.com\/sk\/#\/schema\/logo\/image\/","url":"https:\/\/3coty.com\/wp-content\/uploads\/2025\/05\/icon-3coty-logo.svg","contentUrl":"https:\/\/3coty.com\/wp-content\/uploads\/2025\/05\/icon-3coty-logo.svg","width":283,"height":283,"caption":"3coty\u00ae"},"image":{"@id":"https:\/\/3coty.com\/sk\/#\/schema\/logo\/image\/"},"sameAs":["https:\/\/www.facebook.com\/3coty","https:\/\/x.com\/3cotyCom","https:\/\/www.instagram.com\/3coty","https:\/\/www.linkedin.com\/company\/3coty","https:\/\/www.youtube.com\/@3coty"]}]},"product_price_amount":"15.00","product_price_currency":"EUR","og_availability":"instock","product_availability":"instock","product_retailer_item_id":"100J 98AS \/ 5901785318944","product_condition":"new"},"_links":{"self":[{"href":"https:\/\/3coty.com\/sk\/wp-json\/wp\/v2\/product\/83972","targetHints":{"allow":["GET"]}}],"collection":[{"href":"https:\/\/3coty.com\/sk\/wp-json\/wp\/v2\/product"}],"about":[{"href":"https:\/\/3coty.com\/sk\/wp-json\/wp\/v2\/types\/product"}],"version-history":[{"count":3,"href":"https:\/\/3coty.com\/sk\/wp-json\/wp\/v2\/product\/83972\/revisions"}],"predecessor-version":[{"id":84024,"href":"https:\/\/3coty.com\/sk\/wp-json\/wp\/v2\/product\/83972\/revisions\/84024"}],"wp:featuredmedia":[{"embeddable":true,"href":"https:\/\/3coty.com\/sk\/wp-json\/wp\/v2\/media\/83760"}],"wp:attachment":[{"href":"https:\/\/3coty.com\/sk\/wp-json\/wp\/v2\/media?parent=83972"}],"wp:term":[{"taxonomy":"product_brand","embeddable":true,"href":"https:\/\/3coty.com\/sk\/wp-json\/wp\/v2\/product_brand?post=83972"},{"taxonomy":"product_cat","embeddable":true,"href":"https:\/\/3coty.com\/sk\/wp-json\/wp\/v2\/product_cat?post=83972"},{"taxonomy":"product_tag","embeddable":true,"href":"https:\/\/3coty.com\/sk\/wp-json\/wp\/v2\/product_tag?post=83972"}],"curies":[{"name":"wp","href":"https:\/\/api.w.org\/{rel}","templated":true}]}}