{"id":34450,"date":"2025-05-28T06:41:06","date_gmt":"2025-05-28T06:41:06","guid":{"rendered":"https:\/\/3coty.com\/p\/87-ys-snug-s\/"},"modified":"2025-07-14T10:05:56","modified_gmt":"2025-07-14T10:05:56","slug":"87-ys-snug-s","status":"publish","type":"product","link":"https:\/\/3coty.com\/sk\/p\/87-ys-snug-s\/","title":{"rendered":"87.YS SNUG S"},"content":{"rendered":"<h2>MAL\u00dd A PR\u00cdJEMN\u00dd SPAC\u00cd VALEC PRE MA\u010cIATKO 3COTY\u00ae<\/h2>\n<p><strong>50% M\u00c4KK\u00c1 polarov\u00e1 l\u00e1tka, 50% PR\u00cdJEMN\u00c1 minky l\u00e1tka<\/strong><\/p>\n<p>T\u00e1to mal\u00e1 poste\u013e je ide\u00e1lnym dar\u010dekom pre nov\u00e9 ma\u010diatka. Vonkaj\u0161\u00ed pol\u00e1rny fleece udr\u017eiava teplo, zatia\u013e \u010do hladk\u00e1 minky tkanina vo vn\u00fatri poz\u00fdva mal\u00e9 ma\u010dky a ma\u010diatka sch\u00fali\u0165 sa a odd\u00fdchnu\u0165 si. K dispoz\u00edcii je nieko\u013eko farebn\u00fdch kombin\u00e1ci\u00ed, tak\u017ee ma\u010dky bud\u00fa radi spa\u0165 v tomto spacom vaku aj ke\u010f vyrast\u00fa.<\/p>\n<p>Pelech s ide\u00e1lnou ve\u013ekos\u0165ou pre ma\u010diatka alebo mal\u00e9 ma\u010dky m\u00e1 nad\u00fdchan\u00fa vn\u00fatorn\u00fa \u010das\u0165 a tepl\u00fd pol\u00e1rny vonkaj\u0161\u00ed povrch.<\/p>\n<p>&nbsp;<\/p>\n<p><a href=\"https:\/\/3coty.com\/wp-content\/uploads\/2025\/07\/3coty-p-87-tab-2.svg\"><img fetchpriority=\"high\" decoding=\"async\" class=\"alignnone size-medium wp-image-42912\" role=\"img\" src=\"https:\/\/3coty.com\/wp-content\/uploads\/2025\/07\/3coty-p-87-tab-2.svg\" alt=\"\" width=\"300\" height=\"300\" \/><\/a><\/p>\n<p><strong>N\u00c1VOD NA PRANIE:<\/strong> ru\u010dn\u00e9 pranie v studenej vode alebo pranie v pr\u00e1\u010dke na studenom programe, NEPOU\u017d\u00cdVA\u0164 bielidlo, NE\u017dEHLI\u0164, NEVYS\u00da\u0160A\u0164 v su\u0161i\u010dke, mo\u017en\u00e9 \u010disti\u0165 chemicky.<\/p>\n","protected":false},"excerpt":{"rendered":"<p><a href=\"https:\/\/3coty.com\/wp-content\/uploads\/2025\/07\/3coty-p-87-description-1.svg\"><img decoding=\"async\" class=\"alignnone size-medium wp-image-42822\" role=\"img\" src=\"https:\/\/3coty.com\/wp-content\/uploads\/2025\/07\/3coty-p-87-description-1.svg\" alt=\"\" width=\"300\" height=\"300\" \/><\/a><\/p>\n<p><strong>PRE V\u0160ETKY MA\u010cKY<\/strong> | 50 CM x 60 CM | MAL\u00dd PR\u00cdJEMN\u00dd SPAC\u00cd VALEC PRE MA\u010cIATKA<\/p>\n<p><a href=\"https:\/\/3coty.com\/wp-content\/uploads\/2025\/07\/3coty-p-87-description-2-YS.svg\"><img decoding=\"async\" class=\"alignnone size-full wp-image-42909\" role=\"img\" src=\"https:\/\/3coty.com\/wp-content\/uploads\/2025\/07\/3coty-p-87-description-2-YS.svg\" alt=\"\" width=\"299\" height=\"85\" \/><\/a><\/p>\n","protected":false},"featured_media":43161,"template":"","meta":{"_acf_changed":false},"product_brand":[],"product_cat":[446],"product_tag":[1433],"class_list":{"0":"post-34450","1":"product","2":"type-product","3":"status-publish","4":"has-post-thumbnail","6":"product_cat-accessories","7":"product_tag-87ss","9":"first","10":"outofstock","11":"taxable","12":"shipping-taxable","13":"purchasable","14":"product-type-simple"},"acf":[],"yoast_head":"<!-- This site is optimized with the Yoast SEO Premium plugin v27.4 (Yoast SEO v27.4) - https:\/\/yoast.com\/product\/yoast-seo-premium-wordpress\/ -->\n<title>87.YS SNUG S - 3coty\u00ae<\/title>\n<meta name=\"robots\" content=\"index, follow, max-snippet:-1, max-image-preview:large, max-video-preview:-1\" \/>\n<link rel=\"canonical\" href=\"https:\/\/3coty.com\/sk\/p\/87-ys-snug-s\/\" \/>\n<meta property=\"og:locale\" content=\"sk_SK\" \/>\n<meta property=\"og:type\" content=\"article\" \/>\n<meta property=\"og:title\" content=\"87.YS SNUG S\" \/>\n<meta property=\"og:description\" content=\"PRE V\u0160ETKY MA\u010cKY | 50 CM x 60 CM | MAL\u00dd PR\u00cdJEMN\u00dd SPAC\u00cd VALEC PRE MA\u010cIATKA\" \/>\n<meta property=\"og:url\" content=\"https:\/\/3coty.com\/sk\/p\/87-ys-snug-s\/\" \/>\n<meta property=\"og:site_name\" content=\"3coty\u00ae\" \/>\n<meta property=\"article:publisher\" content=\"https:\/\/www.facebook.com\/3coty\" \/>\n<meta property=\"article:modified_time\" content=\"2025-07-14T10:05:56+00:00\" \/>\n<meta property=\"og:image\" content=\"https:\/\/3coty.com\/wp-content\/uploads\/2025\/07\/3coty-p-87YS-01.jpg\" \/>\n\t<meta property=\"og:image:width\" content=\"1024\" \/>\n\t<meta property=\"og:image:height\" content=\"1024\" \/>\n\t<meta property=\"og:image:type\" content=\"image\/jpeg\" \/>\n<meta name=\"twitter:card\" content=\"summary_large_image\" \/>\n<meta name=\"twitter:site\" content=\"@3cotyCom\" \/>\n<meta name=\"twitter:label1\" content=\"Price\" \/>\n\t<meta name=\"twitter:data1\" content=\"\u20ac&nbsp;60.00\" \/>\n\t<meta name=\"twitter:label2\" content=\"Availability\" \/>\n\t<meta name=\"twitter:data2\" content=\"Out of stock\" \/>\n<script type=\"application\/ld+json\" class=\"yoast-schema-graph\">{\"@context\":\"https:\\\/\\\/schema.org\",\"@graph\":[{\"@type\":\"WebPage\",\"@id\":\"https:\\\/\\\/3coty.com\\\/sk\\\/p\\\/87-ys-snug-s\\\/\",\"url\":\"https:\\\/\\\/3coty.com\\\/sk\\\/p\\\/87-ys-snug-s\\\/\",\"name\":\"87.YS SNUG S - 3coty\u00ae\",\"isPartOf\":{\"@id\":\"https:\\\/\\\/3coty.com\\\/sk\\\/#website\"},\"primaryImageOfPage\":{\"@id\":\"https:\\\/\\\/3coty.com\\\/sk\\\/p\\\/87-ys-snug-s\\\/#primaryimage\"},\"image\":{\"@id\":\"https:\\\/\\\/3coty.com\\\/sk\\\/p\\\/87-ys-snug-s\\\/#primaryimage\"},\"thumbnailUrl\":\"https:\\\/\\\/3coty.com\\\/wp-content\\\/uploads\\\/2025\\\/07\\\/3coty-p-87YS-01.jpg\",\"datePublished\":\"2025-05-28T06:41:06+00:00\",\"dateModified\":\"2025-07-14T10:05:56+00:00\",\"breadcrumb\":{\"@id\":\"https:\\\/\\\/3coty.com\\\/sk\\\/p\\\/87-ys-snug-s\\\/#breadcrumb\"},\"inLanguage\":\"sk-SK\",\"potentialAction\":[{\"@type\":\"ReadAction\",\"target\":[\"https:\\\/\\\/3coty.com\\\/sk\\\/p\\\/87-ys-snug-s\\\/\"]}]},{\"@type\":\"ImageObject\",\"inLanguage\":\"sk-SK\",\"@id\":\"https:\\\/\\\/3coty.com\\\/sk\\\/p\\\/87-ys-snug-s\\\/#primaryimage\",\"url\":\"https:\\\/\\\/3coty.com\\\/wp-content\\\/uploads\\\/2025\\\/07\\\/3coty-p-87YS-01.jpg\",\"contentUrl\":\"https:\\\/\\\/3coty.com\\\/wp-content\\\/uploads\\\/2025\\\/07\\\/3coty-p-87YS-01.jpg\",\"width\":1024,\"height\":1024},{\"@type\":\"BreadcrumbList\",\"@id\":\"https:\\\/\\\/3coty.com\\\/sk\\\/p\\\/87-ys-snug-s\\\/#breadcrumb\",\"itemListElement\":[{\"@type\":\"ListItem\",\"position\":1,\"name\":\"Home\",\"item\":\"https:\\\/\\\/3coty.com\\\/sk\\\/\"},{\"@type\":\"ListItem\",\"position\":2,\"name\":\"OBCHOD\",\"item\":\"https:\\\/\\\/3coty.com\\\/sk\\\/shop\\\/\"},{\"@type\":\"ListItem\",\"position\":3,\"name\":\"87.YS SNUG S\"}]},{\"@type\":\"WebSite\",\"@id\":\"https:\\\/\\\/3coty.com\\\/sk\\\/#website\",\"url\":\"https:\\\/\\\/3coty.com\\\/sk\\\/\",\"name\":\"3coty\u00ae\",\"description\":\"Meat-only Cat Food\",\"publisher\":{\"@id\":\"https:\\\/\\\/3coty.com\\\/sk\\\/#organization\"},\"potentialAction\":[{\"@type\":\"SearchAction\",\"target\":{\"@type\":\"EntryPoint\",\"urlTemplate\":\"https:\\\/\\\/3coty.com\\\/sk\\\/?s={search_term_string}\"},\"query-input\":{\"@type\":\"PropertyValueSpecification\",\"valueRequired\":true,\"valueName\":\"search_term_string\"}}],\"inLanguage\":\"sk-SK\"},{\"@type\":\"Organization\",\"@id\":\"https:\\\/\\\/3coty.com\\\/sk\\\/#organization\",\"name\":\"3coty\u00ae\",\"alternateName\":\"3coty\",\"url\":\"https:\\\/\\\/3coty.com\\\/sk\\\/\",\"logo\":{\"@type\":\"ImageObject\",\"inLanguage\":\"sk-SK\",\"@id\":\"https:\\\/\\\/3coty.com\\\/sk\\\/#\\\/schema\\\/logo\\\/image\\\/\",\"url\":\"https:\\\/\\\/3coty.com\\\/wp-content\\\/uploads\\\/2025\\\/05\\\/icon-3coty-logo.svg\",\"contentUrl\":\"https:\\\/\\\/3coty.com\\\/wp-content\\\/uploads\\\/2025\\\/05\\\/icon-3coty-logo.svg\",\"width\":283,\"height\":283,\"caption\":\"3coty\u00ae\"},\"image\":{\"@id\":\"https:\\\/\\\/3coty.com\\\/sk\\\/#\\\/schema\\\/logo\\\/image\\\/\"},\"sameAs\":[\"https:\\\/\\\/www.facebook.com\\\/3coty\",\"https:\\\/\\\/x.com\\\/3cotyCom\",\"https:\\\/\\\/www.instagram.com\\\/3coty\",\"https:\\\/\\\/www.linkedin.com\\\/company\\\/3coty\",\"https:\\\/\\\/www.youtube.com\\\/@3coty\"]}]}<\/script>\n<meta property=\"product:price:amount\" content=\"60.00\" \/>\n<meta property=\"product:price:currency\" content=\"EUR\" \/>\n<meta property=\"og:availability\" content=\"out of stock\" \/>\n<meta property=\"product:availability\" content=\"out of stock\" \/>\n<meta property=\"product:retailer_item_id\" content=\"5060 87SS \/ 5901785316544\" \/>\n<meta property=\"product:condition\" content=\"new\" \/>\n<!-- \/ Yoast SEO Premium plugin. -->","yoast_head_json":{"title":"87.YS SNUG S - 3coty\u00ae","robots":{"index":"index","follow":"follow","max-snippet":"max-snippet:-1","max-image-preview":"max-image-preview:large","max-video-preview":"max-video-preview:-1"},"canonical":"https:\/\/3coty.com\/sk\/p\/87-ys-snug-s\/","og_locale":"sk_SK","og_type":"article","og_title":"87.YS SNUG S","og_description":"PRE V\u0160ETKY MA\u010cKY | 50 CM x 60 CM | MAL\u00dd PR\u00cdJEMN\u00dd SPAC\u00cd VALEC PRE MA\u010cIATKA","og_url":"https:\/\/3coty.com\/sk\/p\/87-ys-snug-s\/","og_site_name":"3coty\u00ae","article_publisher":"https:\/\/www.facebook.com\/3coty","article_modified_time":"2025-07-14T10:05:56+00:00","og_image":[{"width":1024,"height":1024,"url":"https:\/\/3coty.com\/wp-content\/uploads\/2025\/07\/3coty-p-87YS-01.jpg","type":"image\/jpeg"}],"twitter_card":"summary_large_image","twitter_site":"@3cotyCom","twitter_misc":{"Price":"\u20ac&nbsp;60.00","Availability":"Out of stock"},"schema":{"@context":"https:\/\/schema.org","@graph":[{"@type":"WebPage","@id":"https:\/\/3coty.com\/sk\/p\/87-ys-snug-s\/","url":"https:\/\/3coty.com\/sk\/p\/87-ys-snug-s\/","name":"87.YS SNUG S - 3coty\u00ae","isPartOf":{"@id":"https:\/\/3coty.com\/sk\/#website"},"primaryImageOfPage":{"@id":"https:\/\/3coty.com\/sk\/p\/87-ys-snug-s\/#primaryimage"},"image":{"@id":"https:\/\/3coty.com\/sk\/p\/87-ys-snug-s\/#primaryimage"},"thumbnailUrl":"https:\/\/3coty.com\/wp-content\/uploads\/2025\/07\/3coty-p-87YS-01.jpg","datePublished":"2025-05-28T06:41:06+00:00","dateModified":"2025-07-14T10:05:56+00:00","breadcrumb":{"@id":"https:\/\/3coty.com\/sk\/p\/87-ys-snug-s\/#breadcrumb"},"inLanguage":"sk-SK","potentialAction":[{"@type":"ReadAction","target":["https:\/\/3coty.com\/sk\/p\/87-ys-snug-s\/"]}]},{"@type":"ImageObject","inLanguage":"sk-SK","@id":"https:\/\/3coty.com\/sk\/p\/87-ys-snug-s\/#primaryimage","url":"https:\/\/3coty.com\/wp-content\/uploads\/2025\/07\/3coty-p-87YS-01.jpg","contentUrl":"https:\/\/3coty.com\/wp-content\/uploads\/2025\/07\/3coty-p-87YS-01.jpg","width":1024,"height":1024},{"@type":"BreadcrumbList","@id":"https:\/\/3coty.com\/sk\/p\/87-ys-snug-s\/#breadcrumb","itemListElement":[{"@type":"ListItem","position":1,"name":"Home","item":"https:\/\/3coty.com\/sk\/"},{"@type":"ListItem","position":2,"name":"OBCHOD","item":"https:\/\/3coty.com\/sk\/shop\/"},{"@type":"ListItem","position":3,"name":"87.YS SNUG S"}]},{"@type":"WebSite","@id":"https:\/\/3coty.com\/sk\/#website","url":"https:\/\/3coty.com\/sk\/","name":"3coty\u00ae","description":"Meat-only Cat Food","publisher":{"@id":"https:\/\/3coty.com\/sk\/#organization"},"potentialAction":[{"@type":"SearchAction","target":{"@type":"EntryPoint","urlTemplate":"https:\/\/3coty.com\/sk\/?s={search_term_string}"},"query-input":{"@type":"PropertyValueSpecification","valueRequired":true,"valueName":"search_term_string"}}],"inLanguage":"sk-SK"},{"@type":"Organization","@id":"https:\/\/3coty.com\/sk\/#organization","name":"3coty\u00ae","alternateName":"3coty","url":"https:\/\/3coty.com\/sk\/","logo":{"@type":"ImageObject","inLanguage":"sk-SK","@id":"https:\/\/3coty.com\/sk\/#\/schema\/logo\/image\/","url":"https:\/\/3coty.com\/wp-content\/uploads\/2025\/05\/icon-3coty-logo.svg","contentUrl":"https:\/\/3coty.com\/wp-content\/uploads\/2025\/05\/icon-3coty-logo.svg","width":283,"height":283,"caption":"3coty\u00ae"},"image":{"@id":"https:\/\/3coty.com\/sk\/#\/schema\/logo\/image\/"},"sameAs":["https:\/\/www.facebook.com\/3coty","https:\/\/x.com\/3cotyCom","https:\/\/www.instagram.com\/3coty","https:\/\/www.linkedin.com\/company\/3coty","https:\/\/www.youtube.com\/@3coty"]}]},"product_price_amount":"60.00","product_price_currency":"EUR","og_availability":"out of stock","product_availability":"out of stock","product_retailer_item_id":"5060 87SS \/ 5901785316544","product_condition":"new"},"_links":{"self":[{"href":"https:\/\/3coty.com\/sk\/wp-json\/wp\/v2\/product\/34450","targetHints":{"allow":["GET"]}}],"collection":[{"href":"https:\/\/3coty.com\/sk\/wp-json\/wp\/v2\/product"}],"about":[{"href":"https:\/\/3coty.com\/sk\/wp-json\/wp\/v2\/types\/product"}],"version-history":[{"count":4,"href":"https:\/\/3coty.com\/sk\/wp-json\/wp\/v2\/product\/34450\/revisions"}],"predecessor-version":[{"id":39733,"href":"https:\/\/3coty.com\/sk\/wp-json\/wp\/v2\/product\/34450\/revisions\/39733"}],"wp:featuredmedia":[{"embeddable":true,"href":"https:\/\/3coty.com\/sk\/wp-json\/wp\/v2\/media\/43161"}],"wp:attachment":[{"href":"https:\/\/3coty.com\/sk\/wp-json\/wp\/v2\/media?parent=34450"}],"wp:term":[{"taxonomy":"product_brand","embeddable":true,"href":"https:\/\/3coty.com\/sk\/wp-json\/wp\/v2\/product_brand?post=34450"},{"taxonomy":"product_cat","embeddable":true,"href":"https:\/\/3coty.com\/sk\/wp-json\/wp\/v2\/product_cat?post=34450"},{"taxonomy":"product_tag","embeddable":true,"href":"https:\/\/3coty.com\/sk\/wp-json\/wp\/v2\/product_tag?post=34450"}],"curies":[{"name":"wp","href":"https:\/\/api.w.org\/{rel}","templated":true}]}}