{"id":34404,"date":"2025-05-26T19:37:21","date_gmt":"2025-05-26T19:37:21","guid":{"rendered":"https:\/\/3coty.com\/p\/51-turkey-080\/"},"modified":"2026-04-21T08:23:18","modified_gmt":"2026-04-21T08:23:18","slug":"51-turkey-080","status":"publish","type":"product","link":"https:\/\/3coty.com\/sk\/p\/51-turkey-080\/","title":{"rendered":"51. MORKA Struvite Care 080"},"content":{"rendered":"<p><a href=\"https:\/\/3coty.com\/wp-content\/uploads\/2025\/07\/3coty-p-51-tab-1.svg\"><img fetchpriority=\"high\" decoding=\"async\" class=\"alignnone size-full wp-image-45321\" role=\"img\" src=\"https:\/\/3coty.com\/wp-content\/uploads\/2025\/07\/3coty-p-51-tab-1.svg\" alt=\"\" width=\"283\" height=\"283\" \/><\/a><\/p>\n<h2>PR\u00cdRODN\u00c9 A KOMPLETN\u00c9 KRMIVO PRE MA\u010cKY 3COTY\u00ae<\/h2>\n<p><strong>100% PR\u00cdRODN\u00c9 M\u00c4SOV\u00c9 ZLO\u017dKY a \u017eivo\u010d\u00ed\u0161ne deriv\u00e1ty varen\u00e9 vo vlastnom v\u00fd\u017eivnom v\u00fdvare<\/strong><\/p>\n<p><strong>PR\u00cdRODN\u00c1 STRAVA PRE MA\u010cKY S CITLIV\u00ddMI MO\u010cOV\u00ddMI CESTAMI | Prospe\u0161n\u00fd \u00fa\u010dinok na funkciu mo\u010dov\u00fdch ciest<\/strong><\/p>\n<p>Toto krmivo pre ma\u010dky podporuje lie\u010dbu pri odstra\u0148ovan\u00ed struvitov\u00fdch kame\u0148ov pomocou esenci\u00e1lnej aminokyseliny metion\u00edn, ktor\u00e1 napom\u00e1ha udr\u017eiava\u0165 spr\u00e1vnu hladinu pH v mo\u010di. T\u00fdm prispieva k zdraviu mo\u010dov\u00fdch ciest a zni\u017euje riziko op\u00e4tovn\u00e9ho v\u00fdskytu struvitov\u00fdch kry\u0161t\u00e1lov. Umo\u017e\u0148uje zvl\u00e1dnu\u0165 \u0161peci\u00e1lne potreby ma\u010dky prirodzenou cestou cez stravu, nie opakovan\u00fdm pod\u00e1van\u00edm liekov. Vhodn\u00e9 pre ma\u010dky v\u0161etk\u00fdch vekov\u00fdch kateg\u00f3ri\u00ed so zv\u00fd\u0161enou citlivos\u0165ou mo\u010dov\u00fdch ciest.<\/p>\n<p>Kompletn\u00e9 mor\u010dacie krmivo pre ma\u010dky s priazniv\u00fdm \u00fa\u010dinkom na mo\u010dov\u00e9 cesty a s funk\u010dn\u00fdm zlo\u017een\u00edm na prevenciu tvorby struvitov\u00fdch kame\u0148ov.<\/p>\n","protected":false},"excerpt":{"rendered":"<p><a href=\"https:\/\/3coty.com\/wp-content\/uploads\/2025\/07\/3coty-p-51-description-1.svg\"><img decoding=\"async\" class=\"alignnone size-medium wp-image-45285\" role=\"img\" src=\"https:\/\/3coty.com\/wp-content\/uploads\/2025\/07\/3coty-p-51-description-1.svg\" alt=\"\" width=\"300\" height=\"300\" \/><\/a><\/p>\n<p><strong>PRE MA\u010cKY S CITLIV\u00ddMI MO\u010cOV\u00ddMI CESTAMI<\/strong> | PAT\u00c9 | MONOBIELKOVINOV\u00c9 KRMIVO PRE MA\u010cKY<\/p>\n<p><a href=\"https:\/\/3coty.com\/wp-content\/uploads\/2025\/07\/3coty-p-51-description-2.svg\"><img decoding=\"async\" class=\"alignnone size-full wp-image-45303\" role=\"img\" src=\"https:\/\/3coty.com\/wp-content\/uploads\/2025\/07\/3coty-p-51-description-2.svg\" alt=\"\" width=\"506\" height=\"85\" \/><\/a><\/p>\n","protected":false},"featured_media":45156,"template":"","meta":{"_acf_changed":false},"product_brand":[],"product_cat":[430],"product_tag":[1199],"class_list":{"0":"post-34404","1":"product","2":"type-product","3":"status-publish","4":"has-post-thumbnail","6":"product_cat-well-being","7":"product_tag-51tu","9":"first","10":"instock","11":"featured","12":"taxable","13":"shipping-taxable","14":"purchasable","15":"product-type-simple"},"acf":[],"yoast_head":"<!-- This site is optimized with the Yoast SEO Premium plugin v27.4 (Yoast SEO v27.4) - https:\/\/yoast.com\/product\/yoast-seo-premium-wordpress\/ -->\n<title>51. MORKA Struvite Care 080 - 3coty\u00ae<\/title>\n<meta name=\"robots\" content=\"index, follow, max-snippet:-1, max-image-preview:large, max-video-preview:-1\" \/>\n<link rel=\"canonical\" href=\"https:\/\/3coty.com\/sk\/p\/51-turkey-080\/\" \/>\n<meta property=\"og:locale\" content=\"sk_SK\" \/>\n<meta property=\"og:type\" content=\"article\" \/>\n<meta property=\"og:title\" content=\"51. MORKA Struvite Care 080\" \/>\n<meta property=\"og:description\" content=\"PRE MA\u010cKY S CITLIV\u00ddMI MO\u010cOV\u00ddMI CESTAMI | PAT\u00c9 | MONOBIELKOVINOV\u00c9 KRMIVO PRE MA\u010cKY\" \/>\n<meta property=\"og:url\" content=\"https:\/\/3coty.com\/sk\/p\/51-turkey-080\/\" \/>\n<meta property=\"og:site_name\" content=\"3coty\u00ae\" \/>\n<meta property=\"article:publisher\" content=\"https:\/\/www.facebook.com\/3coty\" \/>\n<meta property=\"article:modified_time\" content=\"2026-04-21T08:23:18+00:00\" \/>\n<meta property=\"og:image\" content=\"https:\/\/3coty.com\/wp-content\/uploads\/2025\/07\/3coty-p-51-080-01.jpg\" \/>\n\t<meta property=\"og:image:width\" content=\"1024\" \/>\n\t<meta property=\"og:image:height\" content=\"1024\" \/>\n\t<meta property=\"og:image:type\" content=\"image\/jpeg\" \/>\n<meta name=\"twitter:card\" content=\"summary_large_image\" \/>\n<meta name=\"twitter:site\" content=\"@3cotyCom\" \/>\n<meta name=\"twitter:label1\" content=\"Price\" \/>\n\t<meta name=\"twitter:data1\" content=\"\u20ac&nbsp;2.50\" \/>\n\t<meta name=\"twitter:label2\" content=\"Availability\" \/>\n\t<meta name=\"twitter:data2\" content=\"In stock\" \/>\n<script type=\"application\/ld+json\" class=\"yoast-schema-graph\">{\"@context\":\"https:\\\/\\\/schema.org\",\"@graph\":[{\"@type\":\"WebPage\",\"@id\":\"https:\\\/\\\/3coty.com\\\/sk\\\/p\\\/51-turkey-080\\\/\",\"url\":\"https:\\\/\\\/3coty.com\\\/sk\\\/p\\\/51-turkey-080\\\/\",\"name\":\"51. MORKA Struvite Care 080 - 3coty\u00ae\",\"isPartOf\":{\"@id\":\"https:\\\/\\\/3coty.com\\\/sk\\\/#website\"},\"primaryImageOfPage\":{\"@id\":\"https:\\\/\\\/3coty.com\\\/sk\\\/p\\\/51-turkey-080\\\/#primaryimage\"},\"image\":{\"@id\":\"https:\\\/\\\/3coty.com\\\/sk\\\/p\\\/51-turkey-080\\\/#primaryimage\"},\"thumbnailUrl\":\"https:\\\/\\\/3coty.com\\\/wp-content\\\/uploads\\\/2025\\\/07\\\/3coty-p-51-080-01.jpg\",\"datePublished\":\"2025-05-26T19:37:21+00:00\",\"dateModified\":\"2026-04-21T08:23:18+00:00\",\"breadcrumb\":{\"@id\":\"https:\\\/\\\/3coty.com\\\/sk\\\/p\\\/51-turkey-080\\\/#breadcrumb\"},\"inLanguage\":\"sk-SK\",\"potentialAction\":[{\"@type\":\"ReadAction\",\"target\":[\"https:\\\/\\\/3coty.com\\\/sk\\\/p\\\/51-turkey-080\\\/\"]}]},{\"@type\":\"ImageObject\",\"inLanguage\":\"sk-SK\",\"@id\":\"https:\\\/\\\/3coty.com\\\/sk\\\/p\\\/51-turkey-080\\\/#primaryimage\",\"url\":\"https:\\\/\\\/3coty.com\\\/wp-content\\\/uploads\\\/2025\\\/07\\\/3coty-p-51-080-01.jpg\",\"contentUrl\":\"https:\\\/\\\/3coty.com\\\/wp-content\\\/uploads\\\/2025\\\/07\\\/3coty-p-51-080-01.jpg\",\"width\":1024,\"height\":1024},{\"@type\":\"BreadcrumbList\",\"@id\":\"https:\\\/\\\/3coty.com\\\/sk\\\/p\\\/51-turkey-080\\\/#breadcrumb\",\"itemListElement\":[{\"@type\":\"ListItem\",\"position\":1,\"name\":\"Home\",\"item\":\"https:\\\/\\\/3coty.com\\\/sk\\\/\"},{\"@type\":\"ListItem\",\"position\":2,\"name\":\"OBCHOD\",\"item\":\"https:\\\/\\\/3coty.com\\\/sk\\\/shop\\\/\"},{\"@type\":\"ListItem\",\"position\":3,\"name\":\"51. MORKA Struvite Care 080\"}]},{\"@type\":\"WebSite\",\"@id\":\"https:\\\/\\\/3coty.com\\\/sk\\\/#website\",\"url\":\"https:\\\/\\\/3coty.com\\\/sk\\\/\",\"name\":\"3coty\u00ae\",\"description\":\"Meat-only Cat Food\",\"publisher\":{\"@id\":\"https:\\\/\\\/3coty.com\\\/sk\\\/#organization\"},\"potentialAction\":[{\"@type\":\"SearchAction\",\"target\":{\"@type\":\"EntryPoint\",\"urlTemplate\":\"https:\\\/\\\/3coty.com\\\/sk\\\/?s={search_term_string}\"},\"query-input\":{\"@type\":\"PropertyValueSpecification\",\"valueRequired\":true,\"valueName\":\"search_term_string\"}}],\"inLanguage\":\"sk-SK\"},{\"@type\":\"Organization\",\"@id\":\"https:\\\/\\\/3coty.com\\\/sk\\\/#organization\",\"name\":\"3coty\u00ae\",\"alternateName\":\"3coty\",\"url\":\"https:\\\/\\\/3coty.com\\\/sk\\\/\",\"logo\":{\"@type\":\"ImageObject\",\"inLanguage\":\"sk-SK\",\"@id\":\"https:\\\/\\\/3coty.com\\\/sk\\\/#\\\/schema\\\/logo\\\/image\\\/\",\"url\":\"https:\\\/\\\/3coty.com\\\/wp-content\\\/uploads\\\/2025\\\/05\\\/icon-3coty-logo.svg\",\"contentUrl\":\"https:\\\/\\\/3coty.com\\\/wp-content\\\/uploads\\\/2025\\\/05\\\/icon-3coty-logo.svg\",\"width\":283,\"height\":283,\"caption\":\"3coty\u00ae\"},\"image\":{\"@id\":\"https:\\\/\\\/3coty.com\\\/sk\\\/#\\\/schema\\\/logo\\\/image\\\/\"},\"sameAs\":[\"https:\\\/\\\/www.facebook.com\\\/3coty\",\"https:\\\/\\\/x.com\\\/3cotyCom\",\"https:\\\/\\\/www.instagram.com\\\/3coty\",\"https:\\\/\\\/www.linkedin.com\\\/company\\\/3coty\",\"https:\\\/\\\/www.youtube.com\\\/@3coty\"]}]}<\/script>\n<meta property=\"product:price:amount\" content=\"2.50\" \/>\n<meta property=\"product:price:currency\" content=\"EUR\" \/>\n<meta property=\"og:availability\" content=\"instock\" \/>\n<meta property=\"product:availability\" content=\"instock\" \/>\n<meta property=\"product:retailer_item_id\" content=\"080T 51TU \/ 5901785318388\" \/>\n<meta property=\"product:condition\" content=\"new\" \/>\n<!-- \/ Yoast SEO Premium plugin. -->","yoast_head_json":{"title":"51. MORKA Struvite Care 080 - 3coty\u00ae","robots":{"index":"index","follow":"follow","max-snippet":"max-snippet:-1","max-image-preview":"max-image-preview:large","max-video-preview":"max-video-preview:-1"},"canonical":"https:\/\/3coty.com\/sk\/p\/51-turkey-080\/","og_locale":"sk_SK","og_type":"article","og_title":"51. MORKA Struvite Care 080","og_description":"PRE MA\u010cKY S CITLIV\u00ddMI MO\u010cOV\u00ddMI CESTAMI | PAT\u00c9 | MONOBIELKOVINOV\u00c9 KRMIVO PRE MA\u010cKY","og_url":"https:\/\/3coty.com\/sk\/p\/51-turkey-080\/","og_site_name":"3coty\u00ae","article_publisher":"https:\/\/www.facebook.com\/3coty","article_modified_time":"2026-04-21T08:23:18+00:00","og_image":[{"width":1024,"height":1024,"url":"https:\/\/3coty.com\/wp-content\/uploads\/2025\/07\/3coty-p-51-080-01.jpg","type":"image\/jpeg"}],"twitter_card":"summary_large_image","twitter_site":"@3cotyCom","twitter_misc":{"Price":"\u20ac&nbsp;2.50","Availability":"In stock"},"schema":{"@context":"https:\/\/schema.org","@graph":[{"@type":"WebPage","@id":"https:\/\/3coty.com\/sk\/p\/51-turkey-080\/","url":"https:\/\/3coty.com\/sk\/p\/51-turkey-080\/","name":"51. MORKA Struvite Care 080 - 3coty\u00ae","isPartOf":{"@id":"https:\/\/3coty.com\/sk\/#website"},"primaryImageOfPage":{"@id":"https:\/\/3coty.com\/sk\/p\/51-turkey-080\/#primaryimage"},"image":{"@id":"https:\/\/3coty.com\/sk\/p\/51-turkey-080\/#primaryimage"},"thumbnailUrl":"https:\/\/3coty.com\/wp-content\/uploads\/2025\/07\/3coty-p-51-080-01.jpg","datePublished":"2025-05-26T19:37:21+00:00","dateModified":"2026-04-21T08:23:18+00:00","breadcrumb":{"@id":"https:\/\/3coty.com\/sk\/p\/51-turkey-080\/#breadcrumb"},"inLanguage":"sk-SK","potentialAction":[{"@type":"ReadAction","target":["https:\/\/3coty.com\/sk\/p\/51-turkey-080\/"]}]},{"@type":"ImageObject","inLanguage":"sk-SK","@id":"https:\/\/3coty.com\/sk\/p\/51-turkey-080\/#primaryimage","url":"https:\/\/3coty.com\/wp-content\/uploads\/2025\/07\/3coty-p-51-080-01.jpg","contentUrl":"https:\/\/3coty.com\/wp-content\/uploads\/2025\/07\/3coty-p-51-080-01.jpg","width":1024,"height":1024},{"@type":"BreadcrumbList","@id":"https:\/\/3coty.com\/sk\/p\/51-turkey-080\/#breadcrumb","itemListElement":[{"@type":"ListItem","position":1,"name":"Home","item":"https:\/\/3coty.com\/sk\/"},{"@type":"ListItem","position":2,"name":"OBCHOD","item":"https:\/\/3coty.com\/sk\/shop\/"},{"@type":"ListItem","position":3,"name":"51. MORKA Struvite Care 080"}]},{"@type":"WebSite","@id":"https:\/\/3coty.com\/sk\/#website","url":"https:\/\/3coty.com\/sk\/","name":"3coty\u00ae","description":"Meat-only Cat Food","publisher":{"@id":"https:\/\/3coty.com\/sk\/#organization"},"potentialAction":[{"@type":"SearchAction","target":{"@type":"EntryPoint","urlTemplate":"https:\/\/3coty.com\/sk\/?s={search_term_string}"},"query-input":{"@type":"PropertyValueSpecification","valueRequired":true,"valueName":"search_term_string"}}],"inLanguage":"sk-SK"},{"@type":"Organization","@id":"https:\/\/3coty.com\/sk\/#organization","name":"3coty\u00ae","alternateName":"3coty","url":"https:\/\/3coty.com\/sk\/","logo":{"@type":"ImageObject","inLanguage":"sk-SK","@id":"https:\/\/3coty.com\/sk\/#\/schema\/logo\/image\/","url":"https:\/\/3coty.com\/wp-content\/uploads\/2025\/05\/icon-3coty-logo.svg","contentUrl":"https:\/\/3coty.com\/wp-content\/uploads\/2025\/05\/icon-3coty-logo.svg","width":283,"height":283,"caption":"3coty\u00ae"},"image":{"@id":"https:\/\/3coty.com\/sk\/#\/schema\/logo\/image\/"},"sameAs":["https:\/\/www.facebook.com\/3coty","https:\/\/x.com\/3cotyCom","https:\/\/www.instagram.com\/3coty","https:\/\/www.linkedin.com\/company\/3coty","https:\/\/www.youtube.com\/@3coty"]}]},"product_price_amount":"2.50","product_price_currency":"EUR","og_availability":"instock","product_availability":"instock","product_retailer_item_id":"080T 51TU \/ 5901785318388","product_condition":"new"},"_links":{"self":[{"href":"https:\/\/3coty.com\/sk\/wp-json\/wp\/v2\/product\/34404","targetHints":{"allow":["GET"]}}],"collection":[{"href":"https:\/\/3coty.com\/sk\/wp-json\/wp\/v2\/product"}],"about":[{"href":"https:\/\/3coty.com\/sk\/wp-json\/wp\/v2\/types\/product"}],"version-history":[{"count":4,"href":"https:\/\/3coty.com\/sk\/wp-json\/wp\/v2\/product\/34404\/revisions"}],"predecessor-version":[{"id":45491,"href":"https:\/\/3coty.com\/sk\/wp-json\/wp\/v2\/product\/34404\/revisions\/45491"}],"wp:featuredmedia":[{"embeddable":true,"href":"https:\/\/3coty.com\/sk\/wp-json\/wp\/v2\/media\/45156"}],"wp:attachment":[{"href":"https:\/\/3coty.com\/sk\/wp-json\/wp\/v2\/media?parent=34404"}],"wp:term":[{"taxonomy":"product_brand","embeddable":true,"href":"https:\/\/3coty.com\/sk\/wp-json\/wp\/v2\/product_brand?post=34404"},{"taxonomy":"product_cat","embeddable":true,"href":"https:\/\/3coty.com\/sk\/wp-json\/wp\/v2\/product_cat?post=34404"},{"taxonomy":"product_tag","embeddable":true,"href":"https:\/\/3coty.com\/sk\/wp-json\/wp\/v2\/product_tag?post=34404"}],"curies":[{"name":"wp","href":"https:\/\/api.w.org\/{rel}","templated":true}]}}