{"id":34364,"date":"2025-05-25T12:57:07","date_gmt":"2025-05-25T12:57:07","guid":{"rendered":"https:\/\/3coty.com\/p\/41-turkey-chicken-080\/"},"modified":"2026-03-28T05:13:21","modified_gmt":"2026-03-28T05:13:21","slug":"41-turkey-chicken-080","status":"publish","type":"product","link":"https:\/\/3coty.com\/sk\/p\/41-turkey-chicken-080\/","title":{"rendered":"41. MORKA + KURA 080"},"content":{"rendered":"<p><a href=\"https:\/\/3coty.com\/wp-content\/uploads\/2025\/07\/3coty-p-41-tab-1.svg\"><img fetchpriority=\"high\" decoding=\"async\" class=\"alignnone size-full wp-image-48186\" role=\"img\" src=\"https:\/\/3coty.com\/wp-content\/uploads\/2025\/07\/3coty-p-41-tab-1.svg\" alt=\"\" width=\"283\" height=\"283\" \/><\/a><\/p>\n<h2>PR\u00cdRODN\u00c9 A KOMPLETN\u00c9 KRMIVO 3COTY\u00ae PRE MA\u010cIATKA<\/h2>\n<p><strong>100% PR\u00cdRODN\u00c9 M\u00c4SOV\u00c9 ZLO\u017dKY a \u017eivo\u010d\u00ed\u0161ne deriv\u00e1ty varen\u00e9 vo vlastnom v\u00fd\u017eivnom v\u00fdvare<\/strong><\/p>\n<p>Toto krmivo pre ma\u010diatka je \u0161peci\u00e1lne vyvinut\u00e9 ako prv\u00e9 pevn\u00e9 krmivo na podporu rastu a v\u00fdvoja. Penov\u00e1 konzistencia sa \u013eahko olizuje po\u010das v\u00fdvoja zubov. Ma\u010diatka sa oboznamuj\u00fa s t\u00fdmito dvoma k\u013e\u00fa\u010dov\u00fdmi bielkovinami, ktor\u00e9 sa nach\u00e1dzaj\u00fa v mnoh\u00fdch krmiv\u00e1ch pre dospel\u00e9 ma\u010dky. Chu\u0165 je ve\u013emi bl\u00edzka chuti 21. MORKA + KURA, tak\u017ee prechod na krmivo pre dospel\u00e9 ma\u010dky bude jednoduch\u00fd.<\/p>\n<p>Krmivo pre ma\u010diatka s penovou text\u00farou vyroben\u00e9 z kuracieho a mor\u010dacieho m\u00e4sa ako prv\u00e1 100% m\u00e4sov\u00e1 strava.<\/p>\n","protected":false},"excerpt":{"rendered":"<p><a href=\"https:\/\/3coty.com\/wp-content\/uploads\/2025\/07\/3coty-p-41-description-1.svg\"><img decoding=\"async\" class=\"alignnone size-medium wp-image-48150\" role=\"img\" src=\"https:\/\/3coty.com\/wp-content\/uploads\/2025\/07\/3coty-p-41-description-1.svg\" alt=\"\" width=\"300\" height=\"300\" \/><\/a><\/p>\n<p><strong>PRE MA\u010cIATKA<\/strong> | MOUSSE | DVOJBIELKOVINOV\u00c9 KRMIVO PRE MA\u010cKY<\/p>\n<p><a href=\"https:\/\/3coty.com\/wp-content\/uploads\/2025\/07\/3coty-p-41-description-2.svg\"><img decoding=\"async\" class=\"alignnone size-full wp-image-48168\" role=\"img\" src=\"https:\/\/3coty.com\/wp-content\/uploads\/2025\/07\/3coty-p-41-description-2.svg\" alt=\"\" width=\"506\" height=\"85\" \/><\/a><\/p>\n","protected":false},"featured_media":48237,"template":"","meta":{"_acf_changed":false},"product_brand":[1952],"product_cat":[400],"product_tag":[1106],"class_list":{"0":"post-34364","1":"product","2":"type-product","3":"status-publish","4":"has-post-thumbnail","6":"product_brand-3coty","7":"product_cat-for-kittens","8":"product_tag-41tc","10":"first","11":"instock","12":"featured","13":"taxable","14":"shipping-taxable","15":"purchasable","16":"product-type-simple"},"acf":[],"yoast_head":"<!-- This site is optimized with the Yoast SEO Premium plugin v27.4 (Yoast SEO v27.4) - https:\/\/yoast.com\/product\/yoast-seo-premium-wordpress\/ -->\n<title>41. MORKA + KURA 080 (80g) | Pre ma\u010diatka | 3coty\u00ae Pr\u00edrodn\u00e9 Krmivo pre Ma\u010dky 100% M\u00e4sa<\/title>\n<meta name=\"description\" content=\"Krmivo pre ma\u010diatka z morky a kuriat v jemnej mousse konzistencii pre prirodzen\u00fa kompletn\u00fa a vyv\u00e1\u017een\u00fa stravu od odstavenia. Dokonale skombinovan\u00e9 m\u00e4so pre rast.\" \/>\n<meta name=\"robots\" content=\"index, follow, max-snippet:-1, max-image-preview:large, max-video-preview:-1\" \/>\n<link rel=\"canonical\" href=\"https:\/\/3coty.com\/sk\/p\/41-turkey-chicken-080\/\" \/>\n<meta property=\"og:locale\" content=\"sk_SK\" \/>\n<meta property=\"og:type\" content=\"article\" \/>\n<meta property=\"og:title\" content=\"41. MORKA + KURA 080 (80g) | Pre ma\u010diatka | 3coty\u00ae Pr\u00edrodn\u00e9 Krmivo pre Ma\u010dky 100% M\u00e4sa\" \/>\n<meta property=\"og:description\" content=\"Krmivo pre ma\u010diatka z morky a kuriat v jemnej mousse konzistencii pre prirodzen\u00fa kompletn\u00fa a vyv\u00e1\u017een\u00fa stravu od odstavenia. Dokonale skombinovan\u00e9 m\u00e4so pre rast.\" \/>\n<meta property=\"og:url\" content=\"https:\/\/3coty.com\/sk\/p\/41-turkey-chicken-080\/\" \/>\n<meta property=\"og:site_name\" content=\"3coty\u00ae\" \/>\n<meta property=\"article:publisher\" content=\"https:\/\/www.facebook.com\/3coty\" \/>\n<meta property=\"article:modified_time\" content=\"2026-03-28T05:13:21+00:00\" \/>\n<meta property=\"og:image\" content=\"https:\/\/3coty.com\/wp-content\/uploads\/2025\/10\/3coty-41-turkey-chicken-080-meat-only-cat-food.jpg\" \/>\n\t<meta property=\"og:image:width\" content=\"1200\" \/>\n\t<meta property=\"og:image:height\" content=\"630\" \/>\n\t<meta property=\"og:image:type\" content=\"image\/jpeg\" \/>\n<meta name=\"twitter:card\" content=\"summary_large_image\" \/>\n<meta name=\"twitter:title\" content=\"41. MORKA + KURA 080 (80g) | Pre ma\u010diatka | 3coty\u00ae Pr\u00edrodn\u00e9 Krmivo pre Ma\u010dky 100% M\u00e4sa\" \/>\n<meta name=\"twitter:description\" content=\"Krmivo pre ma\u010diatka z morky a kuriat v jemnej mousse konzistencii pre prirodzen\u00fa kompletn\u00fa a vyv\u00e1\u017een\u00fa stravu od odstavenia. Dokonale skombinovan\u00e9 m\u00e4so pre rast.\" \/>\n<meta name=\"twitter:image\" content=\"https:\/\/3coty.com\/wp-content\/uploads\/2025\/10\/3coty-41-turkey-chicken-080-meat-only-cat-food.jpg\" \/>\n<meta name=\"twitter:site\" content=\"@3cotyCom\" \/>\n<meta name=\"twitter:label1\" content=\"Price\" \/>\n\t<meta name=\"twitter:data1\" content=\"\u20ac&nbsp;2.00\" \/>\n\t<meta name=\"twitter:label2\" content=\"Availability\" \/>\n\t<meta name=\"twitter:data2\" content=\"In stock\" \/>\n<script type=\"application\/ld+json\" class=\"yoast-schema-graph\">{\"@context\":\"https:\\\/\\\/schema.org\",\"@graph\":[{\"@type\":\"WebPage\",\"@id\":\"https:\\\/\\\/3coty.com\\\/sk\\\/p\\\/41-turkey-chicken-080\\\/\",\"url\":\"https:\\\/\\\/3coty.com\\\/sk\\\/p\\\/41-turkey-chicken-080\\\/\",\"name\":\"41. MORKA + KURA 080 (80g) | Pre ma\u010diatka | 3coty\u00ae Pr\u00edrodn\u00e9 Krmivo pre Ma\u010dky 100% M\u00e4sa\",\"isPartOf\":{\"@id\":\"https:\\\/\\\/3coty.com\\\/sk\\\/#website\"},\"primaryImageOfPage\":{\"@id\":\"https:\\\/\\\/3coty.com\\\/sk\\\/p\\\/41-turkey-chicken-080\\\/#primaryimage\"},\"image\":{\"@id\":\"https:\\\/\\\/3coty.com\\\/sk\\\/p\\\/41-turkey-chicken-080\\\/#primaryimage\"},\"thumbnailUrl\":\"https:\\\/\\\/3coty.com\\\/wp-content\\\/uploads\\\/2025\\\/07\\\/3coty-p-41-080-01.jpg\",\"datePublished\":\"2025-05-25T12:57:07+00:00\",\"dateModified\":\"2026-03-28T05:13:21+00:00\",\"description\":\"Krmivo pre ma\u010diatka z morky a kuriat v jemnej mousse konzistencii pre prirodzen\u00fa kompletn\u00fa a vyv\u00e1\u017een\u00fa stravu od odstavenia. Dokonale skombinovan\u00e9 m\u00e4so pre rast.\",\"breadcrumb\":{\"@id\":\"https:\\\/\\\/3coty.com\\\/sk\\\/p\\\/41-turkey-chicken-080\\\/#breadcrumb\"},\"inLanguage\":\"sk-SK\",\"potentialAction\":[{\"@type\":\"ReadAction\",\"target\":[\"https:\\\/\\\/3coty.com\\\/sk\\\/p\\\/41-turkey-chicken-080\\\/\"]}]},{\"@type\":\"ImageObject\",\"inLanguage\":\"sk-SK\",\"@id\":\"https:\\\/\\\/3coty.com\\\/sk\\\/p\\\/41-turkey-chicken-080\\\/#primaryimage\",\"url\":\"https:\\\/\\\/3coty.com\\\/wp-content\\\/uploads\\\/2025\\\/07\\\/3coty-p-41-080-01.jpg\",\"contentUrl\":\"https:\\\/\\\/3coty.com\\\/wp-content\\\/uploads\\\/2025\\\/07\\\/3coty-p-41-080-01.jpg\",\"width\":1024,\"height\":1024},{\"@type\":\"BreadcrumbList\",\"@id\":\"https:\\\/\\\/3coty.com\\\/sk\\\/p\\\/41-turkey-chicken-080\\\/#breadcrumb\",\"itemListElement\":[{\"@type\":\"ListItem\",\"position\":1,\"name\":\"Home\",\"item\":\"https:\\\/\\\/3coty.com\\\/sk\\\/\"},{\"@type\":\"ListItem\",\"position\":2,\"name\":\"OBCHOD\",\"item\":\"https:\\\/\\\/3coty.com\\\/sk\\\/shop\\\/\"},{\"@type\":\"ListItem\",\"position\":3,\"name\":\"41. MORKA + KURA 080\"}]},{\"@type\":\"WebSite\",\"@id\":\"https:\\\/\\\/3coty.com\\\/sk\\\/#website\",\"url\":\"https:\\\/\\\/3coty.com\\\/sk\\\/\",\"name\":\"3coty\u00ae\",\"description\":\"Meat-only Cat Food\",\"publisher\":{\"@id\":\"https:\\\/\\\/3coty.com\\\/sk\\\/#organization\"},\"potentialAction\":[{\"@type\":\"SearchAction\",\"target\":{\"@type\":\"EntryPoint\",\"urlTemplate\":\"https:\\\/\\\/3coty.com\\\/sk\\\/?s={search_term_string}\"},\"query-input\":{\"@type\":\"PropertyValueSpecification\",\"valueRequired\":true,\"valueName\":\"search_term_string\"}}],\"inLanguage\":\"sk-SK\"},{\"@type\":\"Organization\",\"@id\":\"https:\\\/\\\/3coty.com\\\/sk\\\/#organization\",\"name\":\"3coty\u00ae\",\"alternateName\":\"3coty\",\"url\":\"https:\\\/\\\/3coty.com\\\/sk\\\/\",\"logo\":{\"@type\":\"ImageObject\",\"inLanguage\":\"sk-SK\",\"@id\":\"https:\\\/\\\/3coty.com\\\/sk\\\/#\\\/schema\\\/logo\\\/image\\\/\",\"url\":\"https:\\\/\\\/3coty.com\\\/wp-content\\\/uploads\\\/2025\\\/05\\\/icon-3coty-logo.svg\",\"contentUrl\":\"https:\\\/\\\/3coty.com\\\/wp-content\\\/uploads\\\/2025\\\/05\\\/icon-3coty-logo.svg\",\"width\":283,\"height\":283,\"caption\":\"3coty\u00ae\"},\"image\":{\"@id\":\"https:\\\/\\\/3coty.com\\\/sk\\\/#\\\/schema\\\/logo\\\/image\\\/\"},\"sameAs\":[\"https:\\\/\\\/www.facebook.com\\\/3coty\",\"https:\\\/\\\/x.com\\\/3cotyCom\",\"https:\\\/\\\/www.instagram.com\\\/3coty\",\"https:\\\/\\\/www.linkedin.com\\\/company\\\/3coty\",\"https:\\\/\\\/www.youtube.com\\\/@3coty\"]}]}<\/script>\n<meta property=\"product:price:amount\" content=\"2.00\" \/>\n<meta property=\"product:price:currency\" content=\"EUR\" \/>\n<meta property=\"og:availability\" content=\"instock\" \/>\n<meta property=\"product:availability\" content=\"instock\" \/>\n<meta property=\"product:retailer_item_id\" content=\"080T 41TC \/ 5901785316339\" \/>\n<meta property=\"product:condition\" content=\"new\" \/>\n<!-- \/ Yoast SEO Premium plugin. -->","yoast_head_json":{"title":"41. MORKA + KURA 080 (80g) | Pre ma\u010diatka | 3coty\u00ae Pr\u00edrodn\u00e9 Krmivo pre Ma\u010dky 100% M\u00e4sa","description":"Krmivo pre ma\u010diatka z morky a kuriat v jemnej mousse konzistencii pre prirodzen\u00fa kompletn\u00fa a vyv\u00e1\u017een\u00fa stravu od odstavenia. Dokonale skombinovan\u00e9 m\u00e4so pre rast.","robots":{"index":"index","follow":"follow","max-snippet":"max-snippet:-1","max-image-preview":"max-image-preview:large","max-video-preview":"max-video-preview:-1"},"canonical":"https:\/\/3coty.com\/sk\/p\/41-turkey-chicken-080\/","og_locale":"sk_SK","og_type":"article","og_title":"41. MORKA + KURA 080 (80g) | Pre ma\u010diatka | 3coty\u00ae Pr\u00edrodn\u00e9 Krmivo pre Ma\u010dky 100% M\u00e4sa","og_description":"Krmivo pre ma\u010diatka z morky a kuriat v jemnej mousse konzistencii pre prirodzen\u00fa kompletn\u00fa a vyv\u00e1\u017een\u00fa stravu od odstavenia. Dokonale skombinovan\u00e9 m\u00e4so pre rast.","og_url":"https:\/\/3coty.com\/sk\/p\/41-turkey-chicken-080\/","og_site_name":"3coty\u00ae","article_publisher":"https:\/\/www.facebook.com\/3coty","article_modified_time":"2026-03-28T05:13:21+00:00","og_image":[{"width":1200,"height":630,"url":"https:\/\/3coty.com\/wp-content\/uploads\/2025\/10\/3coty-41-turkey-chicken-080-meat-only-cat-food.jpg","type":"image\/jpeg"}],"twitter_card":"summary_large_image","twitter_title":"41. MORKA + KURA 080 (80g) | Pre ma\u010diatka | 3coty\u00ae Pr\u00edrodn\u00e9 Krmivo pre Ma\u010dky 100% M\u00e4sa","twitter_description":"Krmivo pre ma\u010diatka z morky a kuriat v jemnej mousse konzistencii pre prirodzen\u00fa kompletn\u00fa a vyv\u00e1\u017een\u00fa stravu od odstavenia. Dokonale skombinovan\u00e9 m\u00e4so pre rast.","twitter_image":"https:\/\/3coty.com\/wp-content\/uploads\/2025\/10\/3coty-41-turkey-chicken-080-meat-only-cat-food.jpg","twitter_site":"@3cotyCom","twitter_misc":{"Price":"\u20ac&nbsp;2.00","Availability":"In stock"},"schema":{"@context":"https:\/\/schema.org","@graph":[{"@type":"WebPage","@id":"https:\/\/3coty.com\/sk\/p\/41-turkey-chicken-080\/","url":"https:\/\/3coty.com\/sk\/p\/41-turkey-chicken-080\/","name":"41. MORKA + KURA 080 (80g) | Pre ma\u010diatka | 3coty\u00ae Pr\u00edrodn\u00e9 Krmivo pre Ma\u010dky 100% M\u00e4sa","isPartOf":{"@id":"https:\/\/3coty.com\/sk\/#website"},"primaryImageOfPage":{"@id":"https:\/\/3coty.com\/sk\/p\/41-turkey-chicken-080\/#primaryimage"},"image":{"@id":"https:\/\/3coty.com\/sk\/p\/41-turkey-chicken-080\/#primaryimage"},"thumbnailUrl":"https:\/\/3coty.com\/wp-content\/uploads\/2025\/07\/3coty-p-41-080-01.jpg","datePublished":"2025-05-25T12:57:07+00:00","dateModified":"2026-03-28T05:13:21+00:00","description":"Krmivo pre ma\u010diatka z morky a kuriat v jemnej mousse konzistencii pre prirodzen\u00fa kompletn\u00fa a vyv\u00e1\u017een\u00fa stravu od odstavenia. Dokonale skombinovan\u00e9 m\u00e4so pre rast.","breadcrumb":{"@id":"https:\/\/3coty.com\/sk\/p\/41-turkey-chicken-080\/#breadcrumb"},"inLanguage":"sk-SK","potentialAction":[{"@type":"ReadAction","target":["https:\/\/3coty.com\/sk\/p\/41-turkey-chicken-080\/"]}]},{"@type":"ImageObject","inLanguage":"sk-SK","@id":"https:\/\/3coty.com\/sk\/p\/41-turkey-chicken-080\/#primaryimage","url":"https:\/\/3coty.com\/wp-content\/uploads\/2025\/07\/3coty-p-41-080-01.jpg","contentUrl":"https:\/\/3coty.com\/wp-content\/uploads\/2025\/07\/3coty-p-41-080-01.jpg","width":1024,"height":1024},{"@type":"BreadcrumbList","@id":"https:\/\/3coty.com\/sk\/p\/41-turkey-chicken-080\/#breadcrumb","itemListElement":[{"@type":"ListItem","position":1,"name":"Home","item":"https:\/\/3coty.com\/sk\/"},{"@type":"ListItem","position":2,"name":"OBCHOD","item":"https:\/\/3coty.com\/sk\/shop\/"},{"@type":"ListItem","position":3,"name":"41. MORKA + KURA 080"}]},{"@type":"WebSite","@id":"https:\/\/3coty.com\/sk\/#website","url":"https:\/\/3coty.com\/sk\/","name":"3coty\u00ae","description":"Meat-only Cat Food","publisher":{"@id":"https:\/\/3coty.com\/sk\/#organization"},"potentialAction":[{"@type":"SearchAction","target":{"@type":"EntryPoint","urlTemplate":"https:\/\/3coty.com\/sk\/?s={search_term_string}"},"query-input":{"@type":"PropertyValueSpecification","valueRequired":true,"valueName":"search_term_string"}}],"inLanguage":"sk-SK"},{"@type":"Organization","@id":"https:\/\/3coty.com\/sk\/#organization","name":"3coty\u00ae","alternateName":"3coty","url":"https:\/\/3coty.com\/sk\/","logo":{"@type":"ImageObject","inLanguage":"sk-SK","@id":"https:\/\/3coty.com\/sk\/#\/schema\/logo\/image\/","url":"https:\/\/3coty.com\/wp-content\/uploads\/2025\/05\/icon-3coty-logo.svg","contentUrl":"https:\/\/3coty.com\/wp-content\/uploads\/2025\/05\/icon-3coty-logo.svg","width":283,"height":283,"caption":"3coty\u00ae"},"image":{"@id":"https:\/\/3coty.com\/sk\/#\/schema\/logo\/image\/"},"sameAs":["https:\/\/www.facebook.com\/3coty","https:\/\/x.com\/3cotyCom","https:\/\/www.instagram.com\/3coty","https:\/\/www.linkedin.com\/company\/3coty","https:\/\/www.youtube.com\/@3coty"]}]},"product_price_amount":"2.00","product_price_currency":"EUR","og_availability":"instock","product_availability":"instock","product_retailer_item_id":"080T 41TC \/ 5901785316339","product_condition":"new"},"_links":{"self":[{"href":"https:\/\/3coty.com\/sk\/wp-json\/wp\/v2\/product\/34364","targetHints":{"allow":["GET"]}}],"collection":[{"href":"https:\/\/3coty.com\/sk\/wp-json\/wp\/v2\/product"}],"about":[{"href":"https:\/\/3coty.com\/sk\/wp-json\/wp\/v2\/types\/product"}],"version-history":[{"count":4,"href":"https:\/\/3coty.com\/sk\/wp-json\/wp\/v2\/product\/34364\/revisions"}],"predecessor-version":[{"id":39668,"href":"https:\/\/3coty.com\/sk\/wp-json\/wp\/v2\/product\/34364\/revisions\/39668"}],"wp:featuredmedia":[{"embeddable":true,"href":"https:\/\/3coty.com\/sk\/wp-json\/wp\/v2\/media\/48237"}],"wp:attachment":[{"href":"https:\/\/3coty.com\/sk\/wp-json\/wp\/v2\/media?parent=34364"}],"wp:term":[{"taxonomy":"product_brand","embeddable":true,"href":"https:\/\/3coty.com\/sk\/wp-json\/wp\/v2\/product_brand?post=34364"},{"taxonomy":"product_cat","embeddable":true,"href":"https:\/\/3coty.com\/sk\/wp-json\/wp\/v2\/product_cat?post=34364"},{"taxonomy":"product_tag","embeddable":true,"href":"https:\/\/3coty.com\/sk\/wp-json\/wp\/v2\/product_tag?post=34364"}],"curies":[{"name":"wp","href":"https:\/\/api.w.org\/{rel}","templated":true}]}}