{"id":34216,"date":"2025-05-23T10:35:36","date_gmt":"2025-05-23T10:35:36","guid":{"rendered":"https:\/\/3coty.com\/p\/05-duck-390\/"},"modified":"2026-03-17T18:44:30","modified_gmt":"2026-03-17T18:44:30","slug":"05-duck-390","status":"publish","type":"product","link":"https:\/\/3coty.com\/sk\/p\/05-duck-390\/","title":{"rendered":"05. KA\u010cKA 390"},"content":{"rendered":"<p><a href=\"https:\/\/3coty.com\/wp-content\/uploads\/2025\/07\/3coty-p-05-tab-1.svg\"><img fetchpriority=\"high\" decoding=\"async\" class=\"alignnone size-full wp-image-60722\" role=\"img\" src=\"https:\/\/3coty.com\/wp-content\/uploads\/2025\/07\/3coty-p-05-tab-1.svg\" alt=\"\" width=\"283\" height=\"283\" \/><\/a><\/p>\n<h2>PR\u00cdRODN\u00c9 A KOMPLETN\u00c9 KRMIVO PRE MA\u010cKY 3COTY\u00ae<\/h2>\n<p><strong>100% PR\u00cdRODN\u00c9 M\u00c4SOV\u00c9 ZLO\u017dKY a \u017eivo\u010d\u00ed\u0161ne deriv\u00e1ty varen\u00e9 vo vlastnom v\u00fd\u017eivnom v\u00fdvare<\/strong><\/p>\n<p>N\u00e1js\u0165 vhodn\u00fd zdroj bielkov\u00edn pre elimina\u010dn\u00fa di\u00e9tu m\u00f4\u017ee by\u0165 n\u00e1ro\u010dn\u00e9. T\u00e1to verzia zo 100% ka\u010dacieho m\u00e4sa z tmav\u00fdch \u010dast\u00ed je krmivo s obmedzen\u00fdm po\u010dtom surov\u00edn, ktor\u00e9 si pod\u013ea na\u0161ich sk\u00fasenost\u00ed ve\u013emi ob\u013e\u00fabili dospel\u00e9 ma\u010dky. Pri prechode na stravu v\u00fdlu\u010dne na b\u00e1ze m\u00e4sa b\u00fdva toto pr\u00edrodn\u00e9, kompletn\u00e9 a vyv\u00e1\u017een\u00e9 krmivo pripraven\u00e9 vo vlastnom v\u00fdvare zvy\u010dajne ve\u013emi dobre prij\u00edman\u00e9.<\/p>\n<p>V\u00fd\u017eivn\u00e9 tmav\u00e9 ka\u010dacie m\u00e4so pripraven\u00e9 vo vlastnom v\u00fdvare. Monoprote\u00ednov\u00e9 krmivo vhodn\u00e9 pre elimina\u010dn\u00fa di\u00e9tu.<\/p>\n","protected":false},"excerpt":{"rendered":"<p><a href=\"https:\/\/3coty.com\/wp-content\/uploads\/2025\/07\/3coty-p-05-description-1.svg\"><img decoding=\"async\" class=\"alignnone size-medium wp-image-60686\" role=\"img\" src=\"https:\/\/3coty.com\/wp-content\/uploads\/2025\/07\/3coty-p-05-description-1.svg\" alt=\"\" width=\"300\" height=\"300\" \/><\/a><\/p>\n<p><strong>PRE DOSPEL\u00c9 MA\u010cKY<\/strong> | PAT\u00c9 | MONOBIELKOVINOV\u00c9 KRMIVO PRE MA\u010cKY<\/p>\n<p><a href=\"https:\/\/3coty.com\/wp-content\/uploads\/2025\/07\/3coty-p-05-description-4.svg\"><img decoding=\"async\" class=\"alignnone size-full wp-image-60704\" role=\"img\" src=\"https:\/\/3coty.com\/wp-content\/uploads\/2025\/07\/3coty-p-05-description-4.svg\" alt=\"\" width=\"506\" height=\"85\" \/><\/a><\/p>\n","protected":false},"featured_media":60953,"template":"","meta":{"_acf_changed":false},"product_brand":[1952],"product_cat":[360],"product_tag":[813],"class_list":{"0":"post-34216","1":"product","2":"type-product","3":"status-publish","4":"has-post-thumbnail","6":"product_brand-3coty","7":"product_cat-for-adult-cats","8":"product_tag-05du","10":"first","11":"instock","12":"featured","13":"taxable","14":"shipping-taxable","15":"purchasable","16":"product-type-simple"},"acf":[],"yoast_head":"<!-- This site is optimized with the Yoast SEO Premium plugin v27.4 (Yoast SEO v27.4) - https:\/\/yoast.com\/product\/yoast-seo-premium-wordpress\/ -->\n<title>05. KA\u010cKA 390 (390g) | Pre dospel\u00e9 ma\u010dky | 3coty\u00ae Pr\u00edrodn\u00e9 Krmivo pre Ma\u010dky 100% M\u00e4sa<\/title>\n<meta name=\"description\" content=\"Mokr\u00e9 krmivo pre ma\u010dky 100% z ka\u010dky, tmav\u00e9 monoprote\u00ednov\u00e9 m\u00e4so varen\u00e9 vo vlastnom v\u00fdvare. Toto krmivo s obmedzen\u00fdm po\u010dtom surov\u00edn je ide\u00e1lne na elimina\u010dn\u00fa di\u00e9tu pre dospel\u00e9 ma\u010dky.\" \/>\n<meta name=\"robots\" content=\"index, follow, max-snippet:-1, max-image-preview:large, max-video-preview:-1\" \/>\n<link rel=\"canonical\" href=\"https:\/\/3coty.com\/sk\/p\/05-duck-390\/\" \/>\n<meta property=\"og:locale\" content=\"sk_SK\" \/>\n<meta property=\"og:type\" content=\"article\" \/>\n<meta property=\"og:title\" content=\"05. KA\u010cKA 390 (390g) | Pre dospel\u00e9 ma\u010dky | 3coty\u00ae Pr\u00edrodn\u00e9 Krmivo pre Ma\u010dky 100% M\u00e4sa\" \/>\n<meta property=\"og:description\" content=\"Mokr\u00e9 krmivo pre ma\u010dky 100% z ka\u010dky, tmav\u00e9 monoprote\u00ednov\u00e9 m\u00e4so varen\u00e9 vo vlastnom v\u00fdvare. Toto krmivo s obmedzen\u00fdm po\u010dtom surov\u00edn je ide\u00e1lne na elimina\u010dn\u00fa di\u00e9tu pre dospel\u00e9 ma\u010dky.\" \/>\n<meta property=\"og:url\" content=\"https:\/\/3coty.com\/sk\/p\/05-duck-390\/\" \/>\n<meta property=\"og:site_name\" content=\"3coty\u00ae\" \/>\n<meta property=\"article:publisher\" content=\"https:\/\/www.facebook.com\/3coty\" \/>\n<meta property=\"article:modified_time\" content=\"2026-03-17T18:44:30+00:00\" \/>\n<meta property=\"og:image\" content=\"https:\/\/3coty.com\/wp-content\/uploads\/2025\/10\/3coty-05-duck-390-meat-only-cat-food.jpg\" \/>\n\t<meta property=\"og:image:width\" content=\"1200\" \/>\n\t<meta property=\"og:image:height\" content=\"630\" \/>\n\t<meta property=\"og:image:type\" content=\"image\/jpeg\" \/>\n<meta name=\"twitter:card\" content=\"summary_large_image\" \/>\n<meta name=\"twitter:title\" content=\"05. KA\u010cKA 390 (390g) | Pre dospel\u00e9 ma\u010dky | 3coty\u00ae Pr\u00edrodn\u00e9 Krmivo pre Ma\u010dky 100% M\u00e4sa\" \/>\n<meta name=\"twitter:description\" content=\"Mokr\u00e9 krmivo pre ma\u010dky 100% z ka\u010dky, tmav\u00e9 monoprote\u00ednov\u00e9 m\u00e4so varen\u00e9 vo vlastnom v\u00fdvare. Toto krmivo s obmedzen\u00fdm po\u010dtom surov\u00edn je ide\u00e1lne na elimina\u010dn\u00fa di\u00e9tu pre dospel\u00e9 ma\u010dky.\" \/>\n<meta name=\"twitter:image\" content=\"https:\/\/3coty.com\/wp-content\/uploads\/2025\/10\/3coty-05-duck-390-meat-only-cat-food.jpg\" \/>\n<meta name=\"twitter:site\" content=\"@3cotyCom\" \/>\n<meta name=\"twitter:label1\" content=\"Price\" \/>\n\t<meta name=\"twitter:data1\" content=\"\u20ac&nbsp;5.75\" \/>\n\t<meta name=\"twitter:label2\" content=\"Availability\" \/>\n\t<meta name=\"twitter:data2\" content=\"In stock\" \/>\n<script type=\"application\/ld+json\" class=\"yoast-schema-graph\">{\"@context\":\"https:\\\/\\\/schema.org\",\"@graph\":[{\"@type\":\"WebPage\",\"@id\":\"https:\\\/\\\/3coty.com\\\/sk\\\/p\\\/05-duck-390\\\/\",\"url\":\"https:\\\/\\\/3coty.com\\\/sk\\\/p\\\/05-duck-390\\\/\",\"name\":\"05. KA\u010cKA 390 (390g) | Pre dospel\u00e9 ma\u010dky | 3coty\u00ae Pr\u00edrodn\u00e9 Krmivo pre Ma\u010dky 100% M\u00e4sa\",\"isPartOf\":{\"@id\":\"https:\\\/\\\/3coty.com\\\/sk\\\/#website\"},\"primaryImageOfPage\":{\"@id\":\"https:\\\/\\\/3coty.com\\\/sk\\\/p\\\/05-duck-390\\\/#primaryimage\"},\"image\":{\"@id\":\"https:\\\/\\\/3coty.com\\\/sk\\\/p\\\/05-duck-390\\\/#primaryimage\"},\"thumbnailUrl\":\"https:\\\/\\\/3coty.com\\\/wp-content\\\/uploads\\\/2025\\\/07\\\/3coty-p-05-390-01.jpg\",\"datePublished\":\"2025-05-23T10:35:36+00:00\",\"dateModified\":\"2026-03-17T18:44:30+00:00\",\"description\":\"Mokr\u00e9 krmivo pre ma\u010dky 100% z ka\u010dky, tmav\u00e9 monoprote\u00ednov\u00e9 m\u00e4so varen\u00e9 vo vlastnom v\u00fdvare. Toto krmivo s obmedzen\u00fdm po\u010dtom surov\u00edn je ide\u00e1lne na elimina\u010dn\u00fa di\u00e9tu pre dospel\u00e9 ma\u010dky.\",\"breadcrumb\":{\"@id\":\"https:\\\/\\\/3coty.com\\\/sk\\\/p\\\/05-duck-390\\\/#breadcrumb\"},\"inLanguage\":\"sk-SK\",\"potentialAction\":[{\"@type\":\"ReadAction\",\"target\":[\"https:\\\/\\\/3coty.com\\\/sk\\\/p\\\/05-duck-390\\\/\"]}]},{\"@type\":\"ImageObject\",\"inLanguage\":\"sk-SK\",\"@id\":\"https:\\\/\\\/3coty.com\\\/sk\\\/p\\\/05-duck-390\\\/#primaryimage\",\"url\":\"https:\\\/\\\/3coty.com\\\/wp-content\\\/uploads\\\/2025\\\/07\\\/3coty-p-05-390-01.jpg\",\"contentUrl\":\"https:\\\/\\\/3coty.com\\\/wp-content\\\/uploads\\\/2025\\\/07\\\/3coty-p-05-390-01.jpg\",\"width\":1024,\"height\":1024},{\"@type\":\"BreadcrumbList\",\"@id\":\"https:\\\/\\\/3coty.com\\\/sk\\\/p\\\/05-duck-390\\\/#breadcrumb\",\"itemListElement\":[{\"@type\":\"ListItem\",\"position\":1,\"name\":\"Home\",\"item\":\"https:\\\/\\\/3coty.com\\\/sk\\\/\"},{\"@type\":\"ListItem\",\"position\":2,\"name\":\"OBCHOD\",\"item\":\"https:\\\/\\\/3coty.com\\\/sk\\\/shop\\\/\"},{\"@type\":\"ListItem\",\"position\":3,\"name\":\"05. KA\u010cKA 390\"}]},{\"@type\":\"WebSite\",\"@id\":\"https:\\\/\\\/3coty.com\\\/sk\\\/#website\",\"url\":\"https:\\\/\\\/3coty.com\\\/sk\\\/\",\"name\":\"3coty\u00ae\",\"description\":\"Meat-only Cat Food\",\"publisher\":{\"@id\":\"https:\\\/\\\/3coty.com\\\/sk\\\/#organization\"},\"potentialAction\":[{\"@type\":\"SearchAction\",\"target\":{\"@type\":\"EntryPoint\",\"urlTemplate\":\"https:\\\/\\\/3coty.com\\\/sk\\\/?s={search_term_string}\"},\"query-input\":{\"@type\":\"PropertyValueSpecification\",\"valueRequired\":true,\"valueName\":\"search_term_string\"}}],\"inLanguage\":\"sk-SK\"},{\"@type\":\"Organization\",\"@id\":\"https:\\\/\\\/3coty.com\\\/sk\\\/#organization\",\"name\":\"3coty\u00ae\",\"alternateName\":\"3coty\",\"url\":\"https:\\\/\\\/3coty.com\\\/sk\\\/\",\"logo\":{\"@type\":\"ImageObject\",\"inLanguage\":\"sk-SK\",\"@id\":\"https:\\\/\\\/3coty.com\\\/sk\\\/#\\\/schema\\\/logo\\\/image\\\/\",\"url\":\"https:\\\/\\\/3coty.com\\\/wp-content\\\/uploads\\\/2025\\\/05\\\/icon-3coty-logo.svg\",\"contentUrl\":\"https:\\\/\\\/3coty.com\\\/wp-content\\\/uploads\\\/2025\\\/05\\\/icon-3coty-logo.svg\",\"width\":283,\"height\":283,\"caption\":\"3coty\u00ae\"},\"image\":{\"@id\":\"https:\\\/\\\/3coty.com\\\/sk\\\/#\\\/schema\\\/logo\\\/image\\\/\"},\"sameAs\":[\"https:\\\/\\\/www.facebook.com\\\/3coty\",\"https:\\\/\\\/x.com\\\/3cotyCom\",\"https:\\\/\\\/www.instagram.com\\\/3coty\",\"https:\\\/\\\/www.linkedin.com\\\/company\\\/3coty\",\"https:\\\/\\\/www.youtube.com\\\/@3coty\"]}]}<\/script>\n<meta property=\"product:price:amount\" content=\"5.75\" \/>\n<meta property=\"product:price:currency\" content=\"EUR\" \/>\n<meta property=\"og:availability\" content=\"instock\" \/>\n<meta property=\"product:availability\" content=\"instock\" \/>\n<meta property=\"product:retailer_item_id\" content=\"390T 05DU \/ 5901785317305\" \/>\n<meta property=\"product:condition\" content=\"new\" \/>\n<!-- \/ Yoast SEO Premium plugin. -->","yoast_head_json":{"title":"05. KA\u010cKA 390 (390g) | Pre dospel\u00e9 ma\u010dky | 3coty\u00ae Pr\u00edrodn\u00e9 Krmivo pre Ma\u010dky 100% M\u00e4sa","description":"Mokr\u00e9 krmivo pre ma\u010dky 100% z ka\u010dky, tmav\u00e9 monoprote\u00ednov\u00e9 m\u00e4so varen\u00e9 vo vlastnom v\u00fdvare. Toto krmivo s obmedzen\u00fdm po\u010dtom surov\u00edn je ide\u00e1lne na elimina\u010dn\u00fa di\u00e9tu pre dospel\u00e9 ma\u010dky.","robots":{"index":"index","follow":"follow","max-snippet":"max-snippet:-1","max-image-preview":"max-image-preview:large","max-video-preview":"max-video-preview:-1"},"canonical":"https:\/\/3coty.com\/sk\/p\/05-duck-390\/","og_locale":"sk_SK","og_type":"article","og_title":"05. KA\u010cKA 390 (390g) | Pre dospel\u00e9 ma\u010dky | 3coty\u00ae Pr\u00edrodn\u00e9 Krmivo pre Ma\u010dky 100% M\u00e4sa","og_description":"Mokr\u00e9 krmivo pre ma\u010dky 100% z ka\u010dky, tmav\u00e9 monoprote\u00ednov\u00e9 m\u00e4so varen\u00e9 vo vlastnom v\u00fdvare. Toto krmivo s obmedzen\u00fdm po\u010dtom surov\u00edn je ide\u00e1lne na elimina\u010dn\u00fa di\u00e9tu pre dospel\u00e9 ma\u010dky.","og_url":"https:\/\/3coty.com\/sk\/p\/05-duck-390\/","og_site_name":"3coty\u00ae","article_publisher":"https:\/\/www.facebook.com\/3coty","article_modified_time":"2026-03-17T18:44:30+00:00","og_image":[{"width":1200,"height":630,"url":"https:\/\/3coty.com\/wp-content\/uploads\/2025\/10\/3coty-05-duck-390-meat-only-cat-food.jpg","type":"image\/jpeg"}],"twitter_card":"summary_large_image","twitter_title":"05. KA\u010cKA 390 (390g) | Pre dospel\u00e9 ma\u010dky | 3coty\u00ae Pr\u00edrodn\u00e9 Krmivo pre Ma\u010dky 100% M\u00e4sa","twitter_description":"Mokr\u00e9 krmivo pre ma\u010dky 100% z ka\u010dky, tmav\u00e9 monoprote\u00ednov\u00e9 m\u00e4so varen\u00e9 vo vlastnom v\u00fdvare. Toto krmivo s obmedzen\u00fdm po\u010dtom surov\u00edn je ide\u00e1lne na elimina\u010dn\u00fa di\u00e9tu pre dospel\u00e9 ma\u010dky.","twitter_image":"https:\/\/3coty.com\/wp-content\/uploads\/2025\/10\/3coty-05-duck-390-meat-only-cat-food.jpg","twitter_site":"@3cotyCom","twitter_misc":{"Price":"\u20ac&nbsp;5.75","Availability":"In stock"},"schema":{"@context":"https:\/\/schema.org","@graph":[{"@type":"WebPage","@id":"https:\/\/3coty.com\/sk\/p\/05-duck-390\/","url":"https:\/\/3coty.com\/sk\/p\/05-duck-390\/","name":"05. KA\u010cKA 390 (390g) | Pre dospel\u00e9 ma\u010dky | 3coty\u00ae Pr\u00edrodn\u00e9 Krmivo pre Ma\u010dky 100% M\u00e4sa","isPartOf":{"@id":"https:\/\/3coty.com\/sk\/#website"},"primaryImageOfPage":{"@id":"https:\/\/3coty.com\/sk\/p\/05-duck-390\/#primaryimage"},"image":{"@id":"https:\/\/3coty.com\/sk\/p\/05-duck-390\/#primaryimage"},"thumbnailUrl":"https:\/\/3coty.com\/wp-content\/uploads\/2025\/07\/3coty-p-05-390-01.jpg","datePublished":"2025-05-23T10:35:36+00:00","dateModified":"2026-03-17T18:44:30+00:00","description":"Mokr\u00e9 krmivo pre ma\u010dky 100% z ka\u010dky, tmav\u00e9 monoprote\u00ednov\u00e9 m\u00e4so varen\u00e9 vo vlastnom v\u00fdvare. Toto krmivo s obmedzen\u00fdm po\u010dtom surov\u00edn je ide\u00e1lne na elimina\u010dn\u00fa di\u00e9tu pre dospel\u00e9 ma\u010dky.","breadcrumb":{"@id":"https:\/\/3coty.com\/sk\/p\/05-duck-390\/#breadcrumb"},"inLanguage":"sk-SK","potentialAction":[{"@type":"ReadAction","target":["https:\/\/3coty.com\/sk\/p\/05-duck-390\/"]}]},{"@type":"ImageObject","inLanguage":"sk-SK","@id":"https:\/\/3coty.com\/sk\/p\/05-duck-390\/#primaryimage","url":"https:\/\/3coty.com\/wp-content\/uploads\/2025\/07\/3coty-p-05-390-01.jpg","contentUrl":"https:\/\/3coty.com\/wp-content\/uploads\/2025\/07\/3coty-p-05-390-01.jpg","width":1024,"height":1024},{"@type":"BreadcrumbList","@id":"https:\/\/3coty.com\/sk\/p\/05-duck-390\/#breadcrumb","itemListElement":[{"@type":"ListItem","position":1,"name":"Home","item":"https:\/\/3coty.com\/sk\/"},{"@type":"ListItem","position":2,"name":"OBCHOD","item":"https:\/\/3coty.com\/sk\/shop\/"},{"@type":"ListItem","position":3,"name":"05. KA\u010cKA 390"}]},{"@type":"WebSite","@id":"https:\/\/3coty.com\/sk\/#website","url":"https:\/\/3coty.com\/sk\/","name":"3coty\u00ae","description":"Meat-only Cat Food","publisher":{"@id":"https:\/\/3coty.com\/sk\/#organization"},"potentialAction":[{"@type":"SearchAction","target":{"@type":"EntryPoint","urlTemplate":"https:\/\/3coty.com\/sk\/?s={search_term_string}"},"query-input":{"@type":"PropertyValueSpecification","valueRequired":true,"valueName":"search_term_string"}}],"inLanguage":"sk-SK"},{"@type":"Organization","@id":"https:\/\/3coty.com\/sk\/#organization","name":"3coty\u00ae","alternateName":"3coty","url":"https:\/\/3coty.com\/sk\/","logo":{"@type":"ImageObject","inLanguage":"sk-SK","@id":"https:\/\/3coty.com\/sk\/#\/schema\/logo\/image\/","url":"https:\/\/3coty.com\/wp-content\/uploads\/2025\/05\/icon-3coty-logo.svg","contentUrl":"https:\/\/3coty.com\/wp-content\/uploads\/2025\/05\/icon-3coty-logo.svg","width":283,"height":283,"caption":"3coty\u00ae"},"image":{"@id":"https:\/\/3coty.com\/sk\/#\/schema\/logo\/image\/"},"sameAs":["https:\/\/www.facebook.com\/3coty","https:\/\/x.com\/3cotyCom","https:\/\/www.instagram.com\/3coty","https:\/\/www.linkedin.com\/company\/3coty","https:\/\/www.youtube.com\/@3coty"]}]},"product_price_amount":"5.75","product_price_currency":"EUR","og_availability":"instock","product_availability":"instock","product_retailer_item_id":"390T 05DU \/ 5901785317305","product_condition":"new"},"_links":{"self":[{"href":"https:\/\/3coty.com\/sk\/wp-json\/wp\/v2\/product\/34216","targetHints":{"allow":["GET"]}}],"collection":[{"href":"https:\/\/3coty.com\/sk\/wp-json\/wp\/v2\/product"}],"about":[{"href":"https:\/\/3coty.com\/sk\/wp-json\/wp\/v2\/types\/product"}],"version-history":[{"count":4,"href":"https:\/\/3coty.com\/sk\/wp-json\/wp\/v2\/product\/34216\/revisions"}],"predecessor-version":[{"id":61171,"href":"https:\/\/3coty.com\/sk\/wp-json\/wp\/v2\/product\/34216\/revisions\/61171"}],"wp:featuredmedia":[{"embeddable":true,"href":"https:\/\/3coty.com\/sk\/wp-json\/wp\/v2\/media\/60953"}],"wp:attachment":[{"href":"https:\/\/3coty.com\/sk\/wp-json\/wp\/v2\/media?parent=34216"}],"wp:term":[{"taxonomy":"product_brand","embeddable":true,"href":"https:\/\/3coty.com\/sk\/wp-json\/wp\/v2\/product_brand?post=34216"},{"taxonomy":"product_cat","embeddable":true,"href":"https:\/\/3coty.com\/sk\/wp-json\/wp\/v2\/product_cat?post=34216"},{"taxonomy":"product_tag","embeddable":true,"href":"https:\/\/3coty.com\/sk\/wp-json\/wp\/v2\/product_tag?post=34216"}],"curies":[{"name":"wp","href":"https:\/\/api.w.org\/{rel}","templated":true}]}}