{"id":34202,"date":"2025-05-19T17:54:34","date_gmt":"2025-05-19T17:54:34","guid":{"rendered":"https:\/\/3coty.com\/p\/03-chicken-780\/"},"modified":"2026-04-14T10:21:06","modified_gmt":"2026-04-14T10:21:06","slug":"03-chicken-780","status":"publish","type":"product","link":"https:\/\/3coty.com\/sk\/p\/03-chicken-780\/","title":{"rendered":"03. KURA 780"},"content":{"rendered":"<p><a href=\"https:\/\/3coty.com\/wp-content\/uploads\/2025\/07\/3coty-p-03-tab-1.svg\"><img fetchpriority=\"high\" decoding=\"async\" class=\"alignnone size-full wp-image-61964\" role=\"img\" src=\"https:\/\/3coty.com\/wp-content\/uploads\/2025\/07\/3coty-p-03-tab-1.svg\" alt=\"\" width=\"283\" height=\"283\" \/><\/a><\/p>\n<h2>PR\u00cdRODN\u00c9 A KOMPLETN\u00c9 KRMIVO PRE MA\u010cKY 3COTY\u00ae<\/h2>\n<p><strong>100% PR\u00cdRODN\u00c9 M\u00c4SOV\u00c9 ZLO\u017dKY a \u017eivo\u010d\u00ed\u0161ne deriv\u00e1ty varen\u00e9 vo vlastnom v\u00fd\u017eivnom v\u00fdvare<\/strong><\/p>\n<p>T\u00e1to 100% kuracia recept\u00fara m\u00e1 vysok\u00fd podiel svaloviny, v\u010faka \u010domu je \u013eahko str\u00e1vite\u013en\u00e1. Je vhodn\u00e1 ako prechod na v\u00fdlu\u010dne m\u00e4sit\u00fa stravu pre ma\u010dky, ktor\u00e9 predt\u00fdm dost\u00e1vali such\u00e9 krmivo alebo boli k\u0155men\u00e9 surovou stravou. Chu\u0165ovo zodpoved\u00e1 n\u00e1\u0161mu produktu <strong data-start=\"412\" data-end=\"424\">33. KURA<\/strong> pre ma\u010diatka, no k\u00fasky m\u00e4sa s\u00fa v tejto verzii v\u00e4\u010d\u0161ie a prisp\u00f4soben\u00e9 dospel\u00fdm ma\u010dk\u00e1m. Ide o ide\u00e1lne krmivo pre ma\u010dky, ktor\u00e9 miluj\u00fa kuracie m\u00e4so. Pr\u00e1ve t\u00e1to kuracia recept\u00fara bola prv\u00fdm produktom, ktor\u00fd sme uviedli ako monoprote\u00ednov\u00fa mo\u017enos\u0165 vhodn\u00fa pre elimina\u010dn\u00fa di\u00e9tu.<\/p>\n<p>Ob\u013e\u00faben\u00e1 u mnoh\u00fdch ma\u010diek, t\u00e1to 100% kuracia recept\u00fara je pripraven\u00e1 z kurac\u00edch stehien a vn\u00fatornost\u00ed. Jemn\u00e9 a \u013eahko str\u00e1vite\u013en\u00e9 krmivo vytvoren\u00e9 v\u00fdhradne z m\u00e4sa.<\/p>\n","protected":false},"excerpt":{"rendered":"<p><a href=\"https:\/\/3coty.com\/wp-content\/uploads\/2025\/07\/3coty-p-03-description-1.svg\"><img decoding=\"async\" class=\"alignnone size-medium wp-image-61928\" role=\"img\" src=\"https:\/\/3coty.com\/wp-content\/uploads\/2025\/07\/3coty-p-03-description-1.svg\" alt=\"\" width=\"300\" height=\"300\" \/><\/a><\/p>\n<p><strong>PRE DOSPEL\u00c9 MA\u010cKY<\/strong> | PAT\u00c9 | MONOBIELKOVINOV\u00c9 KRMIVO PRE MA\u010cKY<\/p>\n<p><a href=\"https:\/\/3coty.com\/wp-content\/uploads\/2025\/07\/3coty-p-03-description-2.svg\"><img decoding=\"async\" class=\"alignnone size-full wp-image-61946\" role=\"img\" src=\"https:\/\/3coty.com\/wp-content\/uploads\/2025\/07\/3coty-p-03-description-2.svg\" alt=\"\" width=\"506\" height=\"85\" \/><\/a><\/p>\n","protected":false},"featured_media":62285,"template":"","meta":{"_acf_changed":false},"product_brand":[1952],"product_cat":[360],"product_tag":[780],"class_list":{"0":"post-34202","1":"product","2":"type-product","3":"status-publish","4":"has-post-thumbnail","6":"product_brand-3coty","7":"product_cat-for-adult-cats","8":"product_tag-03ch","10":"first","11":"instock","12":"featured","13":"taxable","14":"shipping-taxable","15":"purchasable","16":"product-type-simple"},"acf":[],"yoast_head":"<!-- This site is optimized with the Yoast SEO Premium plugin v27.4 (Yoast SEO v27.4) - https:\/\/yoast.com\/product\/yoast-seo-premium-wordpress\/ -->\n<title>03. KURA 780 (780g) | Pre dospel\u00e9 ma\u010dky | 3coty\u00ae Pr\u00edrodn\u00e9 Krmivo pre Ma\u010dky 100% M\u00e4sa<\/title>\n<meta name=\"description\" content=\"Starostlivo pripraven\u00e9 kuracie m\u00e4so. 100% pr\u00edrodn\u00e9 kompletn\u00e9 a vyv\u00e1\u017een\u00e9 monoprote\u00ednov\u00e9 krmivo pre dospel\u00e9 ma\u010dky s m\u00e4sitou stravou. Kura 100%.\" \/>\n<meta name=\"robots\" content=\"index, follow, max-snippet:-1, max-image-preview:large, max-video-preview:-1\" \/>\n<link rel=\"canonical\" href=\"https:\/\/3coty.com\/sk\/p\/03-chicken-780\/\" \/>\n<meta property=\"og:locale\" content=\"sk_SK\" \/>\n<meta property=\"og:type\" content=\"article\" \/>\n<meta property=\"og:title\" content=\"03. KURA 780 (780g) | Pre dospel\u00e9 ma\u010dky | 3coty\u00ae Pr\u00edrodn\u00e9 Krmivo pre Ma\u010dky 100% M\u00e4sa\" \/>\n<meta property=\"og:description\" content=\"Starostlivo pripraven\u00e9 kuracie m\u00e4so. 100% pr\u00edrodn\u00e9 kompletn\u00e9 a vyv\u00e1\u017een\u00e9 monoprote\u00ednov\u00e9 krmivo pre dospel\u00e9 ma\u010dky s m\u00e4sitou stravou. Kura 100%.\" \/>\n<meta property=\"og:url\" content=\"https:\/\/3coty.com\/sk\/p\/03-chicken-780\/\" \/>\n<meta property=\"og:site_name\" content=\"3coty\u00ae\" \/>\n<meta property=\"article:publisher\" content=\"https:\/\/www.facebook.com\/3coty\" \/>\n<meta property=\"article:modified_time\" content=\"2026-04-14T10:21:06+00:00\" \/>\n<meta property=\"og:image\" content=\"https:\/\/3coty.com\/wp-content\/uploads\/2025\/10\/3coty-03-chicken-780-meat-only-cat-food.jpg\" \/>\n\t<meta property=\"og:image:width\" content=\"1200\" \/>\n\t<meta property=\"og:image:height\" content=\"630\" \/>\n\t<meta property=\"og:image:type\" content=\"image\/jpeg\" \/>\n<meta name=\"twitter:card\" content=\"summary_large_image\" \/>\n<meta name=\"twitter:title\" content=\"03. KURA 780 (780g) | Pre dospel\u00e9 ma\u010dky | 3coty\u00ae Pr\u00edrodn\u00e9 Krmivo pre Ma\u010dky 100% M\u00e4sa\" \/>\n<meta name=\"twitter:description\" content=\"Starostlivo pripraven\u00e9 kuracie m\u00e4so. 100% pr\u00edrodn\u00e9 kompletn\u00e9 a vyv\u00e1\u017een\u00e9 monoprote\u00ednov\u00e9 krmivo pre dospel\u00e9 ma\u010dky s m\u00e4sitou stravou. Kura 100%.\" \/>\n<meta name=\"twitter:image\" content=\"https:\/\/3coty.com\/wp-content\/uploads\/2025\/10\/3coty-03-chicken-780-meat-only-cat-food.jpg\" \/>\n<meta name=\"twitter:site\" content=\"@3cotyCom\" \/>\n<meta name=\"twitter:label1\" content=\"Price\" \/>\n\t<meta name=\"twitter:data1\" content=\"\u20ac&nbsp;8.50\" \/>\n\t<meta name=\"twitter:label2\" content=\"Availability\" \/>\n\t<meta name=\"twitter:data2\" content=\"In stock\" \/>\n<script type=\"application\/ld+json\" class=\"yoast-schema-graph\">{\"@context\":\"https:\\\/\\\/schema.org\",\"@graph\":[{\"@type\":\"WebPage\",\"@id\":\"https:\\\/\\\/3coty.com\\\/sk\\\/p\\\/03-chicken-780\\\/\",\"url\":\"https:\\\/\\\/3coty.com\\\/sk\\\/p\\\/03-chicken-780\\\/\",\"name\":\"03. KURA 780 (780g) | Pre dospel\u00e9 ma\u010dky | 3coty\u00ae Pr\u00edrodn\u00e9 Krmivo pre Ma\u010dky 100% M\u00e4sa\",\"isPartOf\":{\"@id\":\"https:\\\/\\\/3coty.com\\\/sk\\\/#website\"},\"primaryImageOfPage\":{\"@id\":\"https:\\\/\\\/3coty.com\\\/sk\\\/p\\\/03-chicken-780\\\/#primaryimage\"},\"image\":{\"@id\":\"https:\\\/\\\/3coty.com\\\/sk\\\/p\\\/03-chicken-780\\\/#primaryimage\"},\"thumbnailUrl\":\"https:\\\/\\\/3coty.com\\\/wp-content\\\/uploads\\\/2025\\\/07\\\/3coty-p-03-780-01.jpg\",\"datePublished\":\"2025-05-19T17:54:34+00:00\",\"dateModified\":\"2026-04-14T10:21:06+00:00\",\"description\":\"Starostlivo pripraven\u00e9 kuracie m\u00e4so. 100% pr\u00edrodn\u00e9 kompletn\u00e9 a vyv\u00e1\u017een\u00e9 monoprote\u00ednov\u00e9 krmivo pre dospel\u00e9 ma\u010dky s m\u00e4sitou stravou. Kura 100%.\",\"breadcrumb\":{\"@id\":\"https:\\\/\\\/3coty.com\\\/sk\\\/p\\\/03-chicken-780\\\/#breadcrumb\"},\"inLanguage\":\"sk-SK\",\"potentialAction\":[{\"@type\":\"ReadAction\",\"target\":[\"https:\\\/\\\/3coty.com\\\/sk\\\/p\\\/03-chicken-780\\\/\"]}]},{\"@type\":\"ImageObject\",\"inLanguage\":\"sk-SK\",\"@id\":\"https:\\\/\\\/3coty.com\\\/sk\\\/p\\\/03-chicken-780\\\/#primaryimage\",\"url\":\"https:\\\/\\\/3coty.com\\\/wp-content\\\/uploads\\\/2025\\\/07\\\/3coty-p-03-780-01.jpg\",\"contentUrl\":\"https:\\\/\\\/3coty.com\\\/wp-content\\\/uploads\\\/2025\\\/07\\\/3coty-p-03-780-01.jpg\",\"width\":1024,\"height\":1024},{\"@type\":\"BreadcrumbList\",\"@id\":\"https:\\\/\\\/3coty.com\\\/sk\\\/p\\\/03-chicken-780\\\/#breadcrumb\",\"itemListElement\":[{\"@type\":\"ListItem\",\"position\":1,\"name\":\"Home\",\"item\":\"https:\\\/\\\/3coty.com\\\/sk\\\/\"},{\"@type\":\"ListItem\",\"position\":2,\"name\":\"OBCHOD\",\"item\":\"https:\\\/\\\/3coty.com\\\/sk\\\/shop\\\/\"},{\"@type\":\"ListItem\",\"position\":3,\"name\":\"03. KURA 780\"}]},{\"@type\":\"WebSite\",\"@id\":\"https:\\\/\\\/3coty.com\\\/sk\\\/#website\",\"url\":\"https:\\\/\\\/3coty.com\\\/sk\\\/\",\"name\":\"3coty\u00ae\",\"description\":\"Meat-only Cat Food\",\"publisher\":{\"@id\":\"https:\\\/\\\/3coty.com\\\/sk\\\/#organization\"},\"potentialAction\":[{\"@type\":\"SearchAction\",\"target\":{\"@type\":\"EntryPoint\",\"urlTemplate\":\"https:\\\/\\\/3coty.com\\\/sk\\\/?s={search_term_string}\"},\"query-input\":{\"@type\":\"PropertyValueSpecification\",\"valueRequired\":true,\"valueName\":\"search_term_string\"}}],\"inLanguage\":\"sk-SK\"},{\"@type\":\"Organization\",\"@id\":\"https:\\\/\\\/3coty.com\\\/sk\\\/#organization\",\"name\":\"3coty\u00ae\",\"alternateName\":\"3coty\",\"url\":\"https:\\\/\\\/3coty.com\\\/sk\\\/\",\"logo\":{\"@type\":\"ImageObject\",\"inLanguage\":\"sk-SK\",\"@id\":\"https:\\\/\\\/3coty.com\\\/sk\\\/#\\\/schema\\\/logo\\\/image\\\/\",\"url\":\"https:\\\/\\\/3coty.com\\\/wp-content\\\/uploads\\\/2025\\\/05\\\/icon-3coty-logo.svg\",\"contentUrl\":\"https:\\\/\\\/3coty.com\\\/wp-content\\\/uploads\\\/2025\\\/05\\\/icon-3coty-logo.svg\",\"width\":283,\"height\":283,\"caption\":\"3coty\u00ae\"},\"image\":{\"@id\":\"https:\\\/\\\/3coty.com\\\/sk\\\/#\\\/schema\\\/logo\\\/image\\\/\"},\"sameAs\":[\"https:\\\/\\\/www.facebook.com\\\/3coty\",\"https:\\\/\\\/x.com\\\/3cotyCom\",\"https:\\\/\\\/www.instagram.com\\\/3coty\",\"https:\\\/\\\/www.linkedin.com\\\/company\\\/3coty\",\"https:\\\/\\\/www.youtube.com\\\/@3coty\"]}]}<\/script>\n<meta property=\"product:price:amount\" content=\"8.50\" \/>\n<meta property=\"product:price:currency\" content=\"EUR\" \/>\n<meta property=\"og:availability\" content=\"instock\" \/>\n<meta property=\"product:availability\" content=\"instock\" \/>\n<meta property=\"product:retailer_item_id\" content=\"780T 03CH \/ 5901785316414\" \/>\n<meta property=\"product:condition\" content=\"new\" \/>\n<!-- \/ Yoast SEO Premium plugin. -->","yoast_head_json":{"title":"03. KURA 780 (780g) | Pre dospel\u00e9 ma\u010dky | 3coty\u00ae Pr\u00edrodn\u00e9 Krmivo pre Ma\u010dky 100% M\u00e4sa","description":"Starostlivo pripraven\u00e9 kuracie m\u00e4so. 100% pr\u00edrodn\u00e9 kompletn\u00e9 a vyv\u00e1\u017een\u00e9 monoprote\u00ednov\u00e9 krmivo pre dospel\u00e9 ma\u010dky s m\u00e4sitou stravou. Kura 100%.","robots":{"index":"index","follow":"follow","max-snippet":"max-snippet:-1","max-image-preview":"max-image-preview:large","max-video-preview":"max-video-preview:-1"},"canonical":"https:\/\/3coty.com\/sk\/p\/03-chicken-780\/","og_locale":"sk_SK","og_type":"article","og_title":"03. KURA 780 (780g) | Pre dospel\u00e9 ma\u010dky | 3coty\u00ae Pr\u00edrodn\u00e9 Krmivo pre Ma\u010dky 100% M\u00e4sa","og_description":"Starostlivo pripraven\u00e9 kuracie m\u00e4so. 100% pr\u00edrodn\u00e9 kompletn\u00e9 a vyv\u00e1\u017een\u00e9 monoprote\u00ednov\u00e9 krmivo pre dospel\u00e9 ma\u010dky s m\u00e4sitou stravou. Kura 100%.","og_url":"https:\/\/3coty.com\/sk\/p\/03-chicken-780\/","og_site_name":"3coty\u00ae","article_publisher":"https:\/\/www.facebook.com\/3coty","article_modified_time":"2026-04-14T10:21:06+00:00","og_image":[{"width":1200,"height":630,"url":"https:\/\/3coty.com\/wp-content\/uploads\/2025\/10\/3coty-03-chicken-780-meat-only-cat-food.jpg","type":"image\/jpeg"}],"twitter_card":"summary_large_image","twitter_title":"03. KURA 780 (780g) | Pre dospel\u00e9 ma\u010dky | 3coty\u00ae Pr\u00edrodn\u00e9 Krmivo pre Ma\u010dky 100% M\u00e4sa","twitter_description":"Starostlivo pripraven\u00e9 kuracie m\u00e4so. 100% pr\u00edrodn\u00e9 kompletn\u00e9 a vyv\u00e1\u017een\u00e9 monoprote\u00ednov\u00e9 krmivo pre dospel\u00e9 ma\u010dky s m\u00e4sitou stravou. Kura 100%.","twitter_image":"https:\/\/3coty.com\/wp-content\/uploads\/2025\/10\/3coty-03-chicken-780-meat-only-cat-food.jpg","twitter_site":"@3cotyCom","twitter_misc":{"Price":"\u20ac&nbsp;8.50","Availability":"In stock"},"schema":{"@context":"https:\/\/schema.org","@graph":[{"@type":"WebPage","@id":"https:\/\/3coty.com\/sk\/p\/03-chicken-780\/","url":"https:\/\/3coty.com\/sk\/p\/03-chicken-780\/","name":"03. KURA 780 (780g) | Pre dospel\u00e9 ma\u010dky | 3coty\u00ae Pr\u00edrodn\u00e9 Krmivo pre Ma\u010dky 100% M\u00e4sa","isPartOf":{"@id":"https:\/\/3coty.com\/sk\/#website"},"primaryImageOfPage":{"@id":"https:\/\/3coty.com\/sk\/p\/03-chicken-780\/#primaryimage"},"image":{"@id":"https:\/\/3coty.com\/sk\/p\/03-chicken-780\/#primaryimage"},"thumbnailUrl":"https:\/\/3coty.com\/wp-content\/uploads\/2025\/07\/3coty-p-03-780-01.jpg","datePublished":"2025-05-19T17:54:34+00:00","dateModified":"2026-04-14T10:21:06+00:00","description":"Starostlivo pripraven\u00e9 kuracie m\u00e4so. 100% pr\u00edrodn\u00e9 kompletn\u00e9 a vyv\u00e1\u017een\u00e9 monoprote\u00ednov\u00e9 krmivo pre dospel\u00e9 ma\u010dky s m\u00e4sitou stravou. Kura 100%.","breadcrumb":{"@id":"https:\/\/3coty.com\/sk\/p\/03-chicken-780\/#breadcrumb"},"inLanguage":"sk-SK","potentialAction":[{"@type":"ReadAction","target":["https:\/\/3coty.com\/sk\/p\/03-chicken-780\/"]}]},{"@type":"ImageObject","inLanguage":"sk-SK","@id":"https:\/\/3coty.com\/sk\/p\/03-chicken-780\/#primaryimage","url":"https:\/\/3coty.com\/wp-content\/uploads\/2025\/07\/3coty-p-03-780-01.jpg","contentUrl":"https:\/\/3coty.com\/wp-content\/uploads\/2025\/07\/3coty-p-03-780-01.jpg","width":1024,"height":1024},{"@type":"BreadcrumbList","@id":"https:\/\/3coty.com\/sk\/p\/03-chicken-780\/#breadcrumb","itemListElement":[{"@type":"ListItem","position":1,"name":"Home","item":"https:\/\/3coty.com\/sk\/"},{"@type":"ListItem","position":2,"name":"OBCHOD","item":"https:\/\/3coty.com\/sk\/shop\/"},{"@type":"ListItem","position":3,"name":"03. KURA 780"}]},{"@type":"WebSite","@id":"https:\/\/3coty.com\/sk\/#website","url":"https:\/\/3coty.com\/sk\/","name":"3coty\u00ae","description":"Meat-only Cat Food","publisher":{"@id":"https:\/\/3coty.com\/sk\/#organization"},"potentialAction":[{"@type":"SearchAction","target":{"@type":"EntryPoint","urlTemplate":"https:\/\/3coty.com\/sk\/?s={search_term_string}"},"query-input":{"@type":"PropertyValueSpecification","valueRequired":true,"valueName":"search_term_string"}}],"inLanguage":"sk-SK"},{"@type":"Organization","@id":"https:\/\/3coty.com\/sk\/#organization","name":"3coty\u00ae","alternateName":"3coty","url":"https:\/\/3coty.com\/sk\/","logo":{"@type":"ImageObject","inLanguage":"sk-SK","@id":"https:\/\/3coty.com\/sk\/#\/schema\/logo\/image\/","url":"https:\/\/3coty.com\/wp-content\/uploads\/2025\/05\/icon-3coty-logo.svg","contentUrl":"https:\/\/3coty.com\/wp-content\/uploads\/2025\/05\/icon-3coty-logo.svg","width":283,"height":283,"caption":"3coty\u00ae"},"image":{"@id":"https:\/\/3coty.com\/sk\/#\/schema\/logo\/image\/"},"sameAs":["https:\/\/www.facebook.com\/3coty","https:\/\/x.com\/3cotyCom","https:\/\/www.instagram.com\/3coty","https:\/\/www.linkedin.com\/company\/3coty","https:\/\/www.youtube.com\/@3coty"]}]},"product_price_amount":"8.50","product_price_currency":"EUR","og_availability":"instock","product_availability":"instock","product_retailer_item_id":"780T 03CH \/ 5901785316414","product_condition":"new"},"_links":{"self":[{"href":"https:\/\/3coty.com\/sk\/wp-json\/wp\/v2\/product\/34202","targetHints":{"allow":["GET"]}}],"collection":[{"href":"https:\/\/3coty.com\/sk\/wp-json\/wp\/v2\/product"}],"about":[{"href":"https:\/\/3coty.com\/sk\/wp-json\/wp\/v2\/types\/product"}],"version-history":[{"count":4,"href":"https:\/\/3coty.com\/sk\/wp-json\/wp\/v2\/product\/34202\/revisions"}],"predecessor-version":[{"id":62416,"href":"https:\/\/3coty.com\/sk\/wp-json\/wp\/v2\/product\/34202\/revisions\/62416"}],"wp:featuredmedia":[{"embeddable":true,"href":"https:\/\/3coty.com\/sk\/wp-json\/wp\/v2\/media\/62285"}],"wp:attachment":[{"href":"https:\/\/3coty.com\/sk\/wp-json\/wp\/v2\/media?parent=34202"}],"wp:term":[{"taxonomy":"product_brand","embeddable":true,"href":"https:\/\/3coty.com\/sk\/wp-json\/wp\/v2\/product_brand?post=34202"},{"taxonomy":"product_cat","embeddable":true,"href":"https:\/\/3coty.com\/sk\/wp-json\/wp\/v2\/product_cat?post=34202"},{"taxonomy":"product_tag","embeddable":true,"href":"https:\/\/3coty.com\/sk\/wp-json\/wp\/v2\/product_tag?post=34202"}],"curies":[{"name":"wp","href":"https:\/\/api.w.org\/{rel}","templated":true}]}}