{"id":34188,"date":"2025-05-19T15:55:12","date_gmt":"2025-05-19T15:55:12","guid":{"rendered":"https:\/\/3coty.com\/p\/02-chicken-080\/"},"modified":"2026-04-16T03:44:46","modified_gmt":"2026-04-16T03:44:46","slug":"02-chicken-080","status":"publish","type":"product","link":"https:\/\/3coty.com\/sk\/p\/02-chicken-080\/","title":{"rendered":"02. KURA 080"},"content":{"rendered":"<p><a href=\"https:\/\/3coty.com\/wp-content\/uploads\/2025\/07\/3coty-p-02-tab-1.svg\"><img fetchpriority=\"high\" decoding=\"async\" class=\"alignnone size-full wp-image-62592\" role=\"img\" src=\"https:\/\/3coty.com\/wp-content\/uploads\/2025\/07\/3coty-p-02-tab-1.svg\" alt=\"\" width=\"283\" height=\"283\" \/><\/a><\/p>\n<h2>PR\u00cdRODN\u00c9 A KOMPLETN\u00c9 KRMIVO PRE MA\u010cKY 3COTY\u00ae<\/h2>\n<p><strong>99,5% PR\u00cdRODN\u00c9 M\u00c4SOV\u00c9 ZLO\u017dKY a \u017eivo\u010d\u00ed\u0161ne deriv\u00e1ty varen\u00e9 vo vlastnom v\u00fd\u017eivnom v\u00fdvare, 0,5% SPIRULINA<\/strong><\/p>\n<p>Pr\u00e1\u0161ok z rias sa do krmiva pre ma\u010dky \u010dasto prid\u00e1va na podporu prirodzenej imunity. V na\u0161om recepte s kurac\u00edm m\u00e4som a spirulinou netreba ni\u010d odhadova\u0165. Pridali sme presne tak\u00e9 mno\u017estvo tejto superpotraviny, ktor\u00e9 zabezpe\u010duje vyv\u00e1\u017een\u00fd pr\u00edjem \u017eiv\u00edn vhodn\u00fd pre dospel\u00e9 ma\u010dky. Trhan\u00e1 \u0161trukt\u00fara je ob\u013e\u00faben\u00e1 u ma\u010diek so siln\u00fdm loveck\u00fdm in\u0161tinktom, ako s\u00fa beng\u00e1lky, habe\u0161sk\u00e9 ma\u010dky alebo mainsk\u00e9 m\u00fdvalie ma\u010dky.<\/p>\n<p>Variant vych\u00e1dzaj\u00faci z n\u00e1\u0161ho klasick\u00e9ho kuracieho receptu obsahuje 0,5% spiruliny na podporu imunity a zlep\u0161enie kvality srsti.<\/p>\n","protected":false},"excerpt":{"rendered":"<p><a href=\"https:\/\/3coty.com\/wp-content\/uploads\/2025\/07\/3coty-p-02-description-1.svg\"><img decoding=\"async\" class=\"alignnone size-medium wp-image-62556\" role=\"img\" src=\"https:\/\/3coty.com\/wp-content\/uploads\/2025\/07\/3coty-p-02-description-1.svg\" alt=\"\" width=\"300\" height=\"300\" \/><\/a><\/p>\n<p><strong>PRE DOSPEL\u00c9 MA\u010cKY<\/strong> | ROZREZAN\u00dd | MONOBIELKOVINOV\u00c9 KRMIVO PRE MA\u010cKY<br \/>\n<strong>SO SPIRULINOU<\/strong><\/p>\n<p><a href=\"https:\/\/3coty.com\/wp-content\/uploads\/2025\/07\/3coty-p-02-description-2.svg\"><img decoding=\"async\" class=\"alignnone size-full wp-image-62574\" role=\"img\" src=\"https:\/\/3coty.com\/wp-content\/uploads\/2025\/07\/3coty-p-02-description-2.svg\" alt=\"\" width=\"506\" height=\"85\" \/><\/a><\/p>\n","protected":false},"featured_media":62643,"template":"","meta":{"_acf_changed":false},"product_brand":[1952],"product_cat":[360],"product_tag":[759],"class_list":{"0":"post-34188","1":"product","2":"type-product","3":"status-publish","4":"has-post-thumbnail","6":"product_brand-3coty","7":"product_cat-for-adult-cats","8":"product_tag-02ch","10":"first","11":"instock","12":"featured","13":"taxable","14":"shipping-taxable","15":"purchasable","16":"product-type-simple"},"acf":[],"yoast_head":"<!-- This site is optimized with the Yoast SEO Premium plugin v27.4 (Yoast SEO v27.4) - https:\/\/yoast.com\/product\/yoast-seo-premium-wordpress\/ -->\n<title>02. KURA 080 (80g) | Pre dospel\u00e9 ma\u010dky | 3coty\u00ae Pr\u00edrodn\u00e9 Krmivo pre Ma\u010dky 100% M\u00e4sa<\/title>\n<meta name=\"description\" content=\"Pr\u00edrodn\u00e9 kompletn\u00e9 a vyv\u00e1\u017een\u00e9 krmivo s kurac\u00edm m\u00e4som a riasou spirulina na podporu imunity a zdravej srsti dospel\u00fdch ma\u010diek. Trhan\u00e1 \u0161trukt\u00fara ob\u013e\u00faben\u00e1 u beng\u00e1lskych a habe\u0161sk\u00fdch ma\u010diek.\" \/>\n<meta name=\"robots\" content=\"index, follow, max-snippet:-1, max-image-preview:large, max-video-preview:-1\" \/>\n<link rel=\"canonical\" href=\"https:\/\/3coty.com\/sk\/p\/02-chicken-080\/\" \/>\n<meta property=\"og:locale\" content=\"sk_SK\" \/>\n<meta property=\"og:type\" content=\"article\" \/>\n<meta property=\"og:title\" content=\"02. KURA 080 (80g) | Pre dospel\u00e9 ma\u010dky | 3coty\u00ae Pr\u00edrodn\u00e9 Krmivo pre Ma\u010dky 100% M\u00e4sa\" \/>\n<meta property=\"og:description\" content=\"Pr\u00edrodn\u00e9 kompletn\u00e9 a vyv\u00e1\u017een\u00e9 krmivo s kurac\u00edm m\u00e4som a riasou spirulina na podporu imunity a zdravej srsti dospel\u00fdch ma\u010diek. Trhan\u00e1 \u0161trukt\u00fara ob\u013e\u00faben\u00e1 u beng\u00e1lskych a habe\u0161sk\u00fdch ma\u010diek.\" \/>\n<meta property=\"og:url\" content=\"https:\/\/3coty.com\/sk\/p\/02-chicken-080\/\" \/>\n<meta property=\"og:site_name\" content=\"3coty\u00ae\" \/>\n<meta property=\"article:publisher\" content=\"https:\/\/www.facebook.com\/3coty\" \/>\n<meta property=\"article:modified_time\" content=\"2026-04-16T03:44:46+00:00\" \/>\n<meta property=\"og:image\" content=\"https:\/\/3coty.com\/wp-content\/uploads\/2025\/10\/3coty-02-chicken-080-meat-only-cat-food.jpg\" \/>\n\t<meta property=\"og:image:width\" content=\"1200\" \/>\n\t<meta property=\"og:image:height\" content=\"630\" \/>\n\t<meta property=\"og:image:type\" content=\"image\/jpeg\" \/>\n<meta name=\"twitter:card\" content=\"summary_large_image\" \/>\n<meta name=\"twitter:title\" content=\"02. KURA 080 (80g) | Pre dospel\u00e9 ma\u010dky | 3coty\u00ae Pr\u00edrodn\u00e9 Krmivo pre Ma\u010dky 100% M\u00e4sa\" \/>\n<meta name=\"twitter:description\" content=\"Pr\u00edrodn\u00e9 kompletn\u00e9 a vyv\u00e1\u017een\u00e9 krmivo s kurac\u00edm m\u00e4som a riasou spirulina na podporu imunity a zdravej srsti dospel\u00fdch ma\u010diek. Trhan\u00e1 \u0161trukt\u00fara ob\u013e\u00faben\u00e1 u beng\u00e1lskych a habe\u0161sk\u00fdch ma\u010diek.\" \/>\n<meta name=\"twitter:image\" content=\"https:\/\/3coty.com\/wp-content\/uploads\/2025\/10\/3coty-02-chicken-080-meat-only-cat-food.jpg\" \/>\n<meta name=\"twitter:site\" content=\"@3cotyCom\" \/>\n<meta name=\"twitter:label1\" content=\"Price\" \/>\n\t<meta name=\"twitter:data1\" content=\"\u20ac&nbsp;2.00\" \/>\n\t<meta name=\"twitter:label2\" content=\"Availability\" \/>\n\t<meta name=\"twitter:data2\" content=\"In stock\" \/>\n<script type=\"application\/ld+json\" class=\"yoast-schema-graph\">{\"@context\":\"https:\\\/\\\/schema.org\",\"@graph\":[{\"@type\":\"WebPage\",\"@id\":\"https:\\\/\\\/3coty.com\\\/sk\\\/p\\\/02-chicken-080\\\/\",\"url\":\"https:\\\/\\\/3coty.com\\\/sk\\\/p\\\/02-chicken-080\\\/\",\"name\":\"02. KURA 080 (80g) | Pre dospel\u00e9 ma\u010dky | 3coty\u00ae Pr\u00edrodn\u00e9 Krmivo pre Ma\u010dky 100% M\u00e4sa\",\"isPartOf\":{\"@id\":\"https:\\\/\\\/3coty.com\\\/sk\\\/#website\"},\"primaryImageOfPage\":{\"@id\":\"https:\\\/\\\/3coty.com\\\/sk\\\/p\\\/02-chicken-080\\\/#primaryimage\"},\"image\":{\"@id\":\"https:\\\/\\\/3coty.com\\\/sk\\\/p\\\/02-chicken-080\\\/#primaryimage\"},\"thumbnailUrl\":\"https:\\\/\\\/3coty.com\\\/wp-content\\\/uploads\\\/2025\\\/07\\\/3coty-p-02-080-01.jpg\",\"datePublished\":\"2025-05-19T15:55:12+00:00\",\"dateModified\":\"2026-04-16T03:44:46+00:00\",\"description\":\"Pr\u00edrodn\u00e9 kompletn\u00e9 a vyv\u00e1\u017een\u00e9 krmivo s kurac\u00edm m\u00e4som a riasou spirulina na podporu imunity a zdravej srsti dospel\u00fdch ma\u010diek. Trhan\u00e1 \u0161trukt\u00fara ob\u013e\u00faben\u00e1 u beng\u00e1lskych a habe\u0161sk\u00fdch ma\u010diek.\",\"breadcrumb\":{\"@id\":\"https:\\\/\\\/3coty.com\\\/sk\\\/p\\\/02-chicken-080\\\/#breadcrumb\"},\"inLanguage\":\"sk-SK\",\"potentialAction\":[{\"@type\":\"ReadAction\",\"target\":[\"https:\\\/\\\/3coty.com\\\/sk\\\/p\\\/02-chicken-080\\\/\"]}]},{\"@type\":\"ImageObject\",\"inLanguage\":\"sk-SK\",\"@id\":\"https:\\\/\\\/3coty.com\\\/sk\\\/p\\\/02-chicken-080\\\/#primaryimage\",\"url\":\"https:\\\/\\\/3coty.com\\\/wp-content\\\/uploads\\\/2025\\\/07\\\/3coty-p-02-080-01.jpg\",\"contentUrl\":\"https:\\\/\\\/3coty.com\\\/wp-content\\\/uploads\\\/2025\\\/07\\\/3coty-p-02-080-01.jpg\",\"width\":1024,\"height\":1024},{\"@type\":\"BreadcrumbList\",\"@id\":\"https:\\\/\\\/3coty.com\\\/sk\\\/p\\\/02-chicken-080\\\/#breadcrumb\",\"itemListElement\":[{\"@type\":\"ListItem\",\"position\":1,\"name\":\"Home\",\"item\":\"https:\\\/\\\/3coty.com\\\/sk\\\/\"},{\"@type\":\"ListItem\",\"position\":2,\"name\":\"OBCHOD\",\"item\":\"https:\\\/\\\/3coty.com\\\/sk\\\/shop\\\/\"},{\"@type\":\"ListItem\",\"position\":3,\"name\":\"02. KURA 080\"}]},{\"@type\":\"WebSite\",\"@id\":\"https:\\\/\\\/3coty.com\\\/sk\\\/#website\",\"url\":\"https:\\\/\\\/3coty.com\\\/sk\\\/\",\"name\":\"3coty\u00ae\",\"description\":\"Meat-only Cat Food\",\"publisher\":{\"@id\":\"https:\\\/\\\/3coty.com\\\/sk\\\/#organization\"},\"potentialAction\":[{\"@type\":\"SearchAction\",\"target\":{\"@type\":\"EntryPoint\",\"urlTemplate\":\"https:\\\/\\\/3coty.com\\\/sk\\\/?s={search_term_string}\"},\"query-input\":{\"@type\":\"PropertyValueSpecification\",\"valueRequired\":true,\"valueName\":\"search_term_string\"}}],\"inLanguage\":\"sk-SK\"},{\"@type\":\"Organization\",\"@id\":\"https:\\\/\\\/3coty.com\\\/sk\\\/#organization\",\"name\":\"3coty\u00ae\",\"alternateName\":\"3coty\",\"url\":\"https:\\\/\\\/3coty.com\\\/sk\\\/\",\"logo\":{\"@type\":\"ImageObject\",\"inLanguage\":\"sk-SK\",\"@id\":\"https:\\\/\\\/3coty.com\\\/sk\\\/#\\\/schema\\\/logo\\\/image\\\/\",\"url\":\"https:\\\/\\\/3coty.com\\\/wp-content\\\/uploads\\\/2025\\\/05\\\/icon-3coty-logo.svg\",\"contentUrl\":\"https:\\\/\\\/3coty.com\\\/wp-content\\\/uploads\\\/2025\\\/05\\\/icon-3coty-logo.svg\",\"width\":283,\"height\":283,\"caption\":\"3coty\u00ae\"},\"image\":{\"@id\":\"https:\\\/\\\/3coty.com\\\/sk\\\/#\\\/schema\\\/logo\\\/image\\\/\"},\"sameAs\":[\"https:\\\/\\\/www.facebook.com\\\/3coty\",\"https:\\\/\\\/x.com\\\/3cotyCom\",\"https:\\\/\\\/www.instagram.com\\\/3coty\",\"https:\\\/\\\/www.linkedin.com\\\/company\\\/3coty\",\"https:\\\/\\\/www.youtube.com\\\/@3coty\"]}]}<\/script>\n<meta property=\"product:price:amount\" content=\"2.00\" \/>\n<meta property=\"product:price:currency\" content=\"EUR\" \/>\n<meta property=\"og:availability\" content=\"instock\" \/>\n<meta property=\"product:availability\" content=\"instock\" \/>\n<meta property=\"product:retailer_item_id\" content=\"080T 02CH \/ 5901785317374\" \/>\n<meta property=\"product:condition\" content=\"new\" \/>\n<!-- \/ Yoast SEO Premium plugin. -->","yoast_head_json":{"title":"02. KURA 080 (80g) | Pre dospel\u00e9 ma\u010dky | 3coty\u00ae Pr\u00edrodn\u00e9 Krmivo pre Ma\u010dky 100% M\u00e4sa","description":"Pr\u00edrodn\u00e9 kompletn\u00e9 a vyv\u00e1\u017een\u00e9 krmivo s kurac\u00edm m\u00e4som a riasou spirulina na podporu imunity a zdravej srsti dospel\u00fdch ma\u010diek. Trhan\u00e1 \u0161trukt\u00fara ob\u013e\u00faben\u00e1 u beng\u00e1lskych a habe\u0161sk\u00fdch ma\u010diek.","robots":{"index":"index","follow":"follow","max-snippet":"max-snippet:-1","max-image-preview":"max-image-preview:large","max-video-preview":"max-video-preview:-1"},"canonical":"https:\/\/3coty.com\/sk\/p\/02-chicken-080\/","og_locale":"sk_SK","og_type":"article","og_title":"02. KURA 080 (80g) | Pre dospel\u00e9 ma\u010dky | 3coty\u00ae Pr\u00edrodn\u00e9 Krmivo pre Ma\u010dky 100% M\u00e4sa","og_description":"Pr\u00edrodn\u00e9 kompletn\u00e9 a vyv\u00e1\u017een\u00e9 krmivo s kurac\u00edm m\u00e4som a riasou spirulina na podporu imunity a zdravej srsti dospel\u00fdch ma\u010diek. Trhan\u00e1 \u0161trukt\u00fara ob\u013e\u00faben\u00e1 u beng\u00e1lskych a habe\u0161sk\u00fdch ma\u010diek.","og_url":"https:\/\/3coty.com\/sk\/p\/02-chicken-080\/","og_site_name":"3coty\u00ae","article_publisher":"https:\/\/www.facebook.com\/3coty","article_modified_time":"2026-04-16T03:44:46+00:00","og_image":[{"width":1200,"height":630,"url":"https:\/\/3coty.com\/wp-content\/uploads\/2025\/10\/3coty-02-chicken-080-meat-only-cat-food.jpg","type":"image\/jpeg"}],"twitter_card":"summary_large_image","twitter_title":"02. KURA 080 (80g) | Pre dospel\u00e9 ma\u010dky | 3coty\u00ae Pr\u00edrodn\u00e9 Krmivo pre Ma\u010dky 100% M\u00e4sa","twitter_description":"Pr\u00edrodn\u00e9 kompletn\u00e9 a vyv\u00e1\u017een\u00e9 krmivo s kurac\u00edm m\u00e4som a riasou spirulina na podporu imunity a zdravej srsti dospel\u00fdch ma\u010diek. Trhan\u00e1 \u0161trukt\u00fara ob\u013e\u00faben\u00e1 u beng\u00e1lskych a habe\u0161sk\u00fdch ma\u010diek.","twitter_image":"https:\/\/3coty.com\/wp-content\/uploads\/2025\/10\/3coty-02-chicken-080-meat-only-cat-food.jpg","twitter_site":"@3cotyCom","twitter_misc":{"Price":"\u20ac&nbsp;2.00","Availability":"In stock"},"schema":{"@context":"https:\/\/schema.org","@graph":[{"@type":"WebPage","@id":"https:\/\/3coty.com\/sk\/p\/02-chicken-080\/","url":"https:\/\/3coty.com\/sk\/p\/02-chicken-080\/","name":"02. KURA 080 (80g) | Pre dospel\u00e9 ma\u010dky | 3coty\u00ae Pr\u00edrodn\u00e9 Krmivo pre Ma\u010dky 100% M\u00e4sa","isPartOf":{"@id":"https:\/\/3coty.com\/sk\/#website"},"primaryImageOfPage":{"@id":"https:\/\/3coty.com\/sk\/p\/02-chicken-080\/#primaryimage"},"image":{"@id":"https:\/\/3coty.com\/sk\/p\/02-chicken-080\/#primaryimage"},"thumbnailUrl":"https:\/\/3coty.com\/wp-content\/uploads\/2025\/07\/3coty-p-02-080-01.jpg","datePublished":"2025-05-19T15:55:12+00:00","dateModified":"2026-04-16T03:44:46+00:00","description":"Pr\u00edrodn\u00e9 kompletn\u00e9 a vyv\u00e1\u017een\u00e9 krmivo s kurac\u00edm m\u00e4som a riasou spirulina na podporu imunity a zdravej srsti dospel\u00fdch ma\u010diek. Trhan\u00e1 \u0161trukt\u00fara ob\u013e\u00faben\u00e1 u beng\u00e1lskych a habe\u0161sk\u00fdch ma\u010diek.","breadcrumb":{"@id":"https:\/\/3coty.com\/sk\/p\/02-chicken-080\/#breadcrumb"},"inLanguage":"sk-SK","potentialAction":[{"@type":"ReadAction","target":["https:\/\/3coty.com\/sk\/p\/02-chicken-080\/"]}]},{"@type":"ImageObject","inLanguage":"sk-SK","@id":"https:\/\/3coty.com\/sk\/p\/02-chicken-080\/#primaryimage","url":"https:\/\/3coty.com\/wp-content\/uploads\/2025\/07\/3coty-p-02-080-01.jpg","contentUrl":"https:\/\/3coty.com\/wp-content\/uploads\/2025\/07\/3coty-p-02-080-01.jpg","width":1024,"height":1024},{"@type":"BreadcrumbList","@id":"https:\/\/3coty.com\/sk\/p\/02-chicken-080\/#breadcrumb","itemListElement":[{"@type":"ListItem","position":1,"name":"Home","item":"https:\/\/3coty.com\/sk\/"},{"@type":"ListItem","position":2,"name":"OBCHOD","item":"https:\/\/3coty.com\/sk\/shop\/"},{"@type":"ListItem","position":3,"name":"02. KURA 080"}]},{"@type":"WebSite","@id":"https:\/\/3coty.com\/sk\/#website","url":"https:\/\/3coty.com\/sk\/","name":"3coty\u00ae","description":"Meat-only Cat Food","publisher":{"@id":"https:\/\/3coty.com\/sk\/#organization"},"potentialAction":[{"@type":"SearchAction","target":{"@type":"EntryPoint","urlTemplate":"https:\/\/3coty.com\/sk\/?s={search_term_string}"},"query-input":{"@type":"PropertyValueSpecification","valueRequired":true,"valueName":"search_term_string"}}],"inLanguage":"sk-SK"},{"@type":"Organization","@id":"https:\/\/3coty.com\/sk\/#organization","name":"3coty\u00ae","alternateName":"3coty","url":"https:\/\/3coty.com\/sk\/","logo":{"@type":"ImageObject","inLanguage":"sk-SK","@id":"https:\/\/3coty.com\/sk\/#\/schema\/logo\/image\/","url":"https:\/\/3coty.com\/wp-content\/uploads\/2025\/05\/icon-3coty-logo.svg","contentUrl":"https:\/\/3coty.com\/wp-content\/uploads\/2025\/05\/icon-3coty-logo.svg","width":283,"height":283,"caption":"3coty\u00ae"},"image":{"@id":"https:\/\/3coty.com\/sk\/#\/schema\/logo\/image\/"},"sameAs":["https:\/\/www.facebook.com\/3coty","https:\/\/x.com\/3cotyCom","https:\/\/www.instagram.com\/3coty","https:\/\/www.linkedin.com\/company\/3coty","https:\/\/www.youtube.com\/@3coty"]}]},"product_price_amount":"2.00","product_price_currency":"EUR","og_availability":"instock","product_availability":"instock","product_retailer_item_id":"080T 02CH \/ 5901785317374","product_condition":"new"},"_links":{"self":[{"href":"https:\/\/3coty.com\/sk\/wp-json\/wp\/v2\/product\/34188","targetHints":{"allow":["GET"]}}],"collection":[{"href":"https:\/\/3coty.com\/sk\/wp-json\/wp\/v2\/product"}],"about":[{"href":"https:\/\/3coty.com\/sk\/wp-json\/wp\/v2\/types\/product"}],"version-history":[{"count":5,"href":"https:\/\/3coty.com\/sk\/wp-json\/wp\/v2\/product\/34188\/revisions"}],"predecessor-version":[{"id":63042,"href":"https:\/\/3coty.com\/sk\/wp-json\/wp\/v2\/product\/34188\/revisions\/63042"}],"wp:featuredmedia":[{"embeddable":true,"href":"https:\/\/3coty.com\/sk\/wp-json\/wp\/v2\/media\/62643"}],"wp:attachment":[{"href":"https:\/\/3coty.com\/sk\/wp-json\/wp\/v2\/media?parent=34188"}],"wp:term":[{"taxonomy":"product_brand","embeddable":true,"href":"https:\/\/3coty.com\/sk\/wp-json\/wp\/v2\/product_brand?post=34188"},{"taxonomy":"product_cat","embeddable":true,"href":"https:\/\/3coty.com\/sk\/wp-json\/wp\/v2\/product_cat?post=34188"},{"taxonomy":"product_tag","embeddable":true,"href":"https:\/\/3coty.com\/sk\/wp-json\/wp\/v2\/product_tag?post=34188"}],"curies":[{"name":"wp","href":"https:\/\/api.w.org\/{rel}","templated":true}]}}