{"id":36494,"date":"2025-05-27T15:21:42","date_gmt":"2025-05-27T15:21:42","guid":{"rendered":"https:\/\/3coty.com\/p\/96-dental-gum-support-100\/"},"modified":"2026-04-21T08:26:45","modified_gmt":"2026-04-21T08:26:45","slug":"96-dental-gum-support-100","status":"publish","type":"product","link":"https:\/\/3coty.com\/pt-pt\/p\/96-dental-gum-support-100\/","title":{"rendered":"96. APOIO DENT\u00c1RIO E DAS GENGIVAS 100"},"content":{"rendered":"<p><a href=\"https:\/\/3coty.com\/wp-content\/uploads\/2025\/05\/3coty-p-96-tab-1.svg\"><img fetchpriority=\"high\" decoding=\"async\" class=\"alignnone size-medium wp-image-41391\" role=\"img\" src=\"https:\/\/3coty.com\/wp-content\/uploads\/2025\/05\/3coty-p-96-tab-1.svg\" alt=\"\" width=\"300\" height=\"300\" \/><\/a><\/p>\n<h2>3COTY\u00ae ALIMENTO COMPLEMENTAR NATURAL PARA GATOS<\/h2>\n<p><strong>ALGA CASTANHA (Ascophyllum nodosum) + LEVEDURA NUTRICIONAL + BIOTINA<\/strong><\/p>\n<p>Reunidos pelo seu forte apoio aos dentes e gengivas, os ingredientes deste alimento complementar para gatos foram selecionados por inclu\u00edrem bioativos com efic\u00e1cia clinicamente comprovada na redu\u00e7\u00e3o da placa oral, manuten\u00e7\u00e3o de uma pele saud\u00e1vel e fortalecimento dos ossos. A alga castanha fornece minerais essenciais e compostos bioativos, a biotina apoia a regenera\u00e7\u00e3o celular e a levedura nutricional \u00e9 rica em pequenos pept\u00eddeos e amino\u00e1cidos livres.<\/p>\n<p>Alimento complementar que fornece vitaminas e minerais importantes para apoiar os dentes e as gengivas do seu gato.<\/p>\n","protected":false},"excerpt":{"rendered":"<p><a href=\"https:\/\/3coty.com\/wp-content\/uploads\/2025\/07\/3coty-p-96-description-1.svg\"><img decoding=\"async\" class=\"alignnone size-medium wp-image-41247\" role=\"img\" src=\"https:\/\/3coty.com\/wp-content\/uploads\/2025\/07\/3coty-p-96-description-1.svg\" alt=\"\" width=\"300\" height=\"300\" \/><\/a><\/p>\n<p><strong>PARA TODOS OS GATOS<\/strong> | P\u00d3 | ALIMENTO COMPLEMENTAR NATURAL PARA GATOS<br \/>\n<strong>APOIA AS GENGIVAS E OS DENTES<\/strong><\/p>\n<p><a href=\"https:\/\/3coty.com\/wp-content\/uploads\/2025\/07\/3coty-p-96-description-2.svg\"><img decoding=\"async\" class=\"alignnone size-full wp-image-41229\" role=\"img\" src=\"https:\/\/3coty.com\/wp-content\/uploads\/2025\/07\/3coty-p-96-description-2.svg\" alt=\"\" width=\"218\" height=\"85\" \/><\/a><\/p>\n","protected":false},"featured_media":41332,"template":"","meta":{"_acf_changed":false},"product_brand":[],"product_cat":[428],"product_tag":[1466],"class_list":{"0":"post-36494","1":"product","2":"type-product","3":"status-publish","4":"has-post-thumbnail","6":"product_cat-well-being","7":"product_tag-96gs","9":"first","10":"instock","11":"featured","12":"taxable","13":"shipping-taxable","14":"purchasable","15":"product-type-simple"},"acf":[],"yoast_head":"<!-- This site is optimized with the Yoast SEO Premium plugin v27.4 (Yoast SEO v27.4) - https:\/\/yoast.com\/product\/yoast-seo-premium-wordpress\/ -->\n<title>96. APOIO DENT\u00c1RIO E DAS GENGIVAS 100 - 3coty\u00ae<\/title>\n<meta name=\"robots\" content=\"index, follow, max-snippet:-1, max-image-preview:large, max-video-preview:-1\" \/>\n<link rel=\"canonical\" href=\"https:\/\/3coty.com\/pt-pt\/p\/96-dental-gum-support-100\/\" \/>\n<meta property=\"og:locale\" content=\"pt_PT\" \/>\n<meta property=\"og:type\" content=\"article\" \/>\n<meta property=\"og:title\" content=\"96. APOIO DENT\u00c1RIO E DAS GENGIVAS 100\" \/>\n<meta property=\"og:description\" content=\"PARA TODOS OS GATOS | P\u00d3 | ALIMENTO COMPLEMENTAR NATURAL PARA GATOS APOIA AS GENGIVAS E OS DENTES\" \/>\n<meta property=\"og:url\" content=\"https:\/\/3coty.com\/pt-pt\/p\/96-dental-gum-support-100\/\" \/>\n<meta property=\"og:site_name\" content=\"3coty\u00ae\" \/>\n<meta property=\"article:publisher\" content=\"https:\/\/www.facebook.com\/3coty\" \/>\n<meta property=\"article:modified_time\" content=\"2026-04-21T08:26:45+00:00\" \/>\n<meta property=\"og:image\" content=\"https:\/\/3coty.com\/wp-content\/uploads\/2025\/07\/3coty-p-96-01.jpg\" \/>\n\t<meta property=\"og:image:width\" content=\"1024\" \/>\n\t<meta property=\"og:image:height\" content=\"1024\" \/>\n\t<meta property=\"og:image:type\" content=\"image\/jpeg\" \/>\n<meta name=\"twitter:card\" content=\"summary_large_image\" \/>\n<meta name=\"twitter:site\" content=\"@3cotyCom\" \/>\n<meta name=\"twitter:label1\" content=\"pre\u00e7o\" \/>\n\t<meta name=\"twitter:data1\" content=\"\u20ac&nbsp;15.00\" \/>\n\t<meta name=\"twitter:label2\" content=\"Disponibilidade\" \/>\n\t<meta name=\"twitter:data2\" content=\"Em stock\" \/>\n<script type=\"application\/ld+json\" class=\"yoast-schema-graph\">{\"@context\":\"https:\\\/\\\/schema.org\",\"@graph\":[{\"@type\":\"WebPage\",\"@id\":\"https:\\\/\\\/3coty.com\\\/pt-pt\\\/p\\\/96-dental-gum-support-100\\\/\",\"url\":\"https:\\\/\\\/3coty.com\\\/pt-pt\\\/p\\\/96-dental-gum-support-100\\\/\",\"name\":\"96. APOIO DENT\u00c1RIO E DAS GENGIVAS 100 - 3coty\u00ae\",\"isPartOf\":{\"@id\":\"https:\\\/\\\/3coty.com\\\/pt-pt\\\/#website\"},\"primaryImageOfPage\":{\"@id\":\"https:\\\/\\\/3coty.com\\\/pt-pt\\\/p\\\/96-dental-gum-support-100\\\/#primaryimage\"},\"image\":{\"@id\":\"https:\\\/\\\/3coty.com\\\/pt-pt\\\/p\\\/96-dental-gum-support-100\\\/#primaryimage\"},\"thumbnailUrl\":\"https:\\\/\\\/3coty.com\\\/wp-content\\\/uploads\\\/2025\\\/07\\\/3coty-p-96-01.jpg\",\"datePublished\":\"2025-05-27T15:21:42+00:00\",\"dateModified\":\"2026-04-21T08:26:45+00:00\",\"breadcrumb\":{\"@id\":\"https:\\\/\\\/3coty.com\\\/pt-pt\\\/p\\\/96-dental-gum-support-100\\\/#breadcrumb\"},\"inLanguage\":\"pt-PT\",\"potentialAction\":[{\"@type\":\"ReadAction\",\"target\":[\"https:\\\/\\\/3coty.com\\\/pt-pt\\\/p\\\/96-dental-gum-support-100\\\/\"]}]},{\"@type\":\"ImageObject\",\"inLanguage\":\"pt-PT\",\"@id\":\"https:\\\/\\\/3coty.com\\\/pt-pt\\\/p\\\/96-dental-gum-support-100\\\/#primaryimage\",\"url\":\"https:\\\/\\\/3coty.com\\\/wp-content\\\/uploads\\\/2025\\\/07\\\/3coty-p-96-01.jpg\",\"contentUrl\":\"https:\\\/\\\/3coty.com\\\/wp-content\\\/uploads\\\/2025\\\/07\\\/3coty-p-96-01.jpg\",\"width\":1024,\"height\":1024},{\"@type\":\"BreadcrumbList\",\"@id\":\"https:\\\/\\\/3coty.com\\\/pt-pt\\\/p\\\/96-dental-gum-support-100\\\/#breadcrumb\",\"itemListElement\":[{\"@type\":\"ListItem\",\"position\":1,\"name\":\"Home\",\"item\":\"https:\\\/\\\/3coty.com\\\/pt-pt\\\/\"},{\"@type\":\"ListItem\",\"position\":2,\"name\":\"LOJA\",\"item\":\"https:\\\/\\\/3coty.com\\\/pt-pt\\\/shop\\\/\"},{\"@type\":\"ListItem\",\"position\":3,\"name\":\"96. APOIO DENT\u00c1RIO E DAS GENGIVAS 100\"}]},{\"@type\":\"WebSite\",\"@id\":\"https:\\\/\\\/3coty.com\\\/pt-pt\\\/#website\",\"url\":\"https:\\\/\\\/3coty.com\\\/pt-pt\\\/\",\"name\":\"3coty\u00ae\",\"description\":\"Meat-only Cat Food\",\"publisher\":{\"@id\":\"https:\\\/\\\/3coty.com\\\/pt-pt\\\/#organization\"},\"potentialAction\":[{\"@type\":\"SearchAction\",\"target\":{\"@type\":\"EntryPoint\",\"urlTemplate\":\"https:\\\/\\\/3coty.com\\\/pt-pt\\\/?s={search_term_string}\"},\"query-input\":{\"@type\":\"PropertyValueSpecification\",\"valueRequired\":true,\"valueName\":\"search_term_string\"}}],\"inLanguage\":\"pt-PT\"},{\"@type\":\"Organization\",\"@id\":\"https:\\\/\\\/3coty.com\\\/pt-pt\\\/#organization\",\"name\":\"3coty\u00ae\",\"alternateName\":\"3coty\",\"url\":\"https:\\\/\\\/3coty.com\\\/pt-pt\\\/\",\"logo\":{\"@type\":\"ImageObject\",\"inLanguage\":\"pt-PT\",\"@id\":\"https:\\\/\\\/3coty.com\\\/pt-pt\\\/#\\\/schema\\\/logo\\\/image\\\/\",\"url\":\"https:\\\/\\\/3coty.com\\\/wp-content\\\/uploads\\\/2025\\\/05\\\/icon-3coty-logo.svg\",\"contentUrl\":\"https:\\\/\\\/3coty.com\\\/wp-content\\\/uploads\\\/2025\\\/05\\\/icon-3coty-logo.svg\",\"width\":283,\"height\":283,\"caption\":\"3coty\u00ae\"},\"image\":{\"@id\":\"https:\\\/\\\/3coty.com\\\/pt-pt\\\/#\\\/schema\\\/logo\\\/image\\\/\"},\"sameAs\":[\"https:\\\/\\\/www.facebook.com\\\/3coty\",\"https:\\\/\\\/x.com\\\/3cotyCom\",\"https:\\\/\\\/www.instagram.com\\\/3coty\",\"https:\\\/\\\/www.linkedin.com\\\/company\\\/3coty\",\"https:\\\/\\\/www.youtube.com\\\/@3coty\"]}]}<\/script>\n<meta property=\"product:price:amount\" content=\"15.00\" \/>\n<meta property=\"product:price:currency\" content=\"EUR\" \/>\n<meta property=\"og:availability\" content=\"instock\" \/>\n<meta property=\"product:availability\" content=\"instock\" \/>\n<meta property=\"product:retailer_item_id\" content=\"100J 96GS \/ 5901785316650\" \/>\n<meta property=\"product:condition\" content=\"new\" \/>\n<!-- \/ Yoast SEO Premium plugin. -->","yoast_head_json":{"title":"96. APOIO DENT\u00c1RIO E DAS GENGIVAS 100 - 3coty\u00ae","robots":{"index":"index","follow":"follow","max-snippet":"max-snippet:-1","max-image-preview":"max-image-preview:large","max-video-preview":"max-video-preview:-1"},"canonical":"https:\/\/3coty.com\/pt-pt\/p\/96-dental-gum-support-100\/","og_locale":"pt_PT","og_type":"article","og_title":"96. APOIO DENT\u00c1RIO E DAS GENGIVAS 100","og_description":"PARA TODOS OS GATOS | P\u00d3 | ALIMENTO COMPLEMENTAR NATURAL PARA GATOS APOIA AS GENGIVAS E OS DENTES","og_url":"https:\/\/3coty.com\/pt-pt\/p\/96-dental-gum-support-100\/","og_site_name":"3coty\u00ae","article_publisher":"https:\/\/www.facebook.com\/3coty","article_modified_time":"2026-04-21T08:26:45+00:00","og_image":[{"width":1024,"height":1024,"url":"https:\/\/3coty.com\/wp-content\/uploads\/2025\/07\/3coty-p-96-01.jpg","type":"image\/jpeg"}],"twitter_card":"summary_large_image","twitter_site":"@3cotyCom","twitter_misc":{"pre\u00e7o":"\u20ac&nbsp;15.00","Disponibilidade":"Em stock"},"schema":{"@context":"https:\/\/schema.org","@graph":[{"@type":"WebPage","@id":"https:\/\/3coty.com\/pt-pt\/p\/96-dental-gum-support-100\/","url":"https:\/\/3coty.com\/pt-pt\/p\/96-dental-gum-support-100\/","name":"96. APOIO DENT\u00c1RIO E DAS GENGIVAS 100 - 3coty\u00ae","isPartOf":{"@id":"https:\/\/3coty.com\/pt-pt\/#website"},"primaryImageOfPage":{"@id":"https:\/\/3coty.com\/pt-pt\/p\/96-dental-gum-support-100\/#primaryimage"},"image":{"@id":"https:\/\/3coty.com\/pt-pt\/p\/96-dental-gum-support-100\/#primaryimage"},"thumbnailUrl":"https:\/\/3coty.com\/wp-content\/uploads\/2025\/07\/3coty-p-96-01.jpg","datePublished":"2025-05-27T15:21:42+00:00","dateModified":"2026-04-21T08:26:45+00:00","breadcrumb":{"@id":"https:\/\/3coty.com\/pt-pt\/p\/96-dental-gum-support-100\/#breadcrumb"},"inLanguage":"pt-PT","potentialAction":[{"@type":"ReadAction","target":["https:\/\/3coty.com\/pt-pt\/p\/96-dental-gum-support-100\/"]}]},{"@type":"ImageObject","inLanguage":"pt-PT","@id":"https:\/\/3coty.com\/pt-pt\/p\/96-dental-gum-support-100\/#primaryimage","url":"https:\/\/3coty.com\/wp-content\/uploads\/2025\/07\/3coty-p-96-01.jpg","contentUrl":"https:\/\/3coty.com\/wp-content\/uploads\/2025\/07\/3coty-p-96-01.jpg","width":1024,"height":1024},{"@type":"BreadcrumbList","@id":"https:\/\/3coty.com\/pt-pt\/p\/96-dental-gum-support-100\/#breadcrumb","itemListElement":[{"@type":"ListItem","position":1,"name":"Home","item":"https:\/\/3coty.com\/pt-pt\/"},{"@type":"ListItem","position":2,"name":"LOJA","item":"https:\/\/3coty.com\/pt-pt\/shop\/"},{"@type":"ListItem","position":3,"name":"96. APOIO DENT\u00c1RIO E DAS GENGIVAS 100"}]},{"@type":"WebSite","@id":"https:\/\/3coty.com\/pt-pt\/#website","url":"https:\/\/3coty.com\/pt-pt\/","name":"3coty\u00ae","description":"Meat-only Cat Food","publisher":{"@id":"https:\/\/3coty.com\/pt-pt\/#organization"},"potentialAction":[{"@type":"SearchAction","target":{"@type":"EntryPoint","urlTemplate":"https:\/\/3coty.com\/pt-pt\/?s={search_term_string}"},"query-input":{"@type":"PropertyValueSpecification","valueRequired":true,"valueName":"search_term_string"}}],"inLanguage":"pt-PT"},{"@type":"Organization","@id":"https:\/\/3coty.com\/pt-pt\/#organization","name":"3coty\u00ae","alternateName":"3coty","url":"https:\/\/3coty.com\/pt-pt\/","logo":{"@type":"ImageObject","inLanguage":"pt-PT","@id":"https:\/\/3coty.com\/pt-pt\/#\/schema\/logo\/image\/","url":"https:\/\/3coty.com\/wp-content\/uploads\/2025\/05\/icon-3coty-logo.svg","contentUrl":"https:\/\/3coty.com\/wp-content\/uploads\/2025\/05\/icon-3coty-logo.svg","width":283,"height":283,"caption":"3coty\u00ae"},"image":{"@id":"https:\/\/3coty.com\/pt-pt\/#\/schema\/logo\/image\/"},"sameAs":["https:\/\/www.facebook.com\/3coty","https:\/\/x.com\/3cotyCom","https:\/\/www.instagram.com\/3coty","https:\/\/www.linkedin.com\/company\/3coty","https:\/\/www.youtube.com\/@3coty"]}]},"product_price_amount":"15.00","product_price_currency":"EUR","og_availability":"instock","product_availability":"instock","product_retailer_item_id":"100J 96GS \/ 5901785316650","product_condition":"new"},"_links":{"self":[{"href":"https:\/\/3coty.com\/pt-pt\/wp-json\/wp\/v2\/product\/36494","targetHints":{"allow":["GET"]}}],"collection":[{"href":"https:\/\/3coty.com\/pt-pt\/wp-json\/wp\/v2\/product"}],"about":[{"href":"https:\/\/3coty.com\/pt-pt\/wp-json\/wp\/v2\/types\/product"}],"version-history":[{"count":4,"href":"https:\/\/3coty.com\/pt-pt\/wp-json\/wp\/v2\/product\/36494\/revisions"}],"predecessor-version":[{"id":41426,"href":"https:\/\/3coty.com\/pt-pt\/wp-json\/wp\/v2\/product\/36494\/revisions\/41426"}],"wp:featuredmedia":[{"embeddable":true,"href":"https:\/\/3coty.com\/pt-pt\/wp-json\/wp\/v2\/media\/41332"}],"wp:attachment":[{"href":"https:\/\/3coty.com\/pt-pt\/wp-json\/wp\/v2\/media?parent=36494"}],"wp:term":[{"taxonomy":"product_brand","embeddable":true,"href":"https:\/\/3coty.com\/pt-pt\/wp-json\/wp\/v2\/product_brand?post=36494"},{"taxonomy":"product_cat","embeddable":true,"href":"https:\/\/3coty.com\/pt-pt\/wp-json\/wp\/v2\/product_cat?post=36494"},{"taxonomy":"product_tag","embeddable":true,"href":"https:\/\/3coty.com\/pt-pt\/wp-json\/wp\/v2\/product_tag?post=36494"}],"curies":[{"name":"wp","href":"https:\/\/api.w.org\/{rel}","templated":true}]}}