{"id":36473,"date":"2025-05-27T11:53:00","date_gmt":"2025-05-27T11:53:00","guid":{"rendered":"https:\/\/3coty.com\/p\/53-chicken-duck-080\/"},"modified":"2026-04-04T06:37:43","modified_gmt":"2026-04-04T06:37:43","slug":"53-chicken-duck-080","status":"publish","type":"product","link":"https:\/\/3coty.com\/pt-pt\/p\/53-chicken-duck-080\/","title":{"rendered":"53. FRANGO + PATO Kidney Care 080"},"content":{"rendered":"<p><a href=\"https:\/\/3coty.com\/wp-content\/uploads\/2025\/07\/3coty-p-53-tab-1.svg\"><img fetchpriority=\"high\" decoding=\"async\" class=\"alignnone size-full wp-image-44824\" role=\"img\" src=\"https:\/\/3coty.com\/wp-content\/uploads\/2025\/07\/3coty-p-53-tab-1.svg\" alt=\"\" width=\"283\" height=\"283\" \/><\/a><\/p>\n<h2>ALIMENTO NATURAL E COMPLETO PARA GATOS 3COTY\u00ae<\/h2>\n<p><strong>100% INGREDIENTES NATURAIS DE CARNE e derivados de origem animal, cozinhados no seu pr\u00f3prio caldo nutritivo<\/strong><\/p>\n<p><strong>ALIMENTA\u00c7\u00c3O NATURAL PARA GATOS COM RINS SENS\u00cdVEIS | Efeito ben\u00e9fico na fun\u00e7\u00e3o renal<\/strong><\/p>\n<p>Durante o tratamento de problemas renais, os gatos necessitam de uma alimenta\u00e7\u00e3o cuidadosa para apoiar a fun\u00e7\u00e3o dos rins. Este alimento h\u00famido natural com 100% de carne tem baixo teor de f\u00f3sforo, n\u00edveis controlados de s\u00f3dio e prote\u00edna moderada. Os ingredientes cuidadosamente selecionados oferecem um apoio geral \u00e0 fun\u00e7\u00e3o renal. Este alimento completo de manuten\u00e7\u00e3o di\u00e1ria pode tamb\u00e9m ser utilizado de forma preventiva em gatos com problemas renais em fase inicial ou com risco de os desenvolver.<\/p>\n<p>Este alimento h\u00famido natural para gatos com problemas renais, feito com frango e pato, contribui para a boa fun\u00e7\u00e3o renal.<\/p>\n","protected":false},"excerpt":{"rendered":"<p><a href=\"https:\/\/3coty.com\/wp-content\/uploads\/2025\/07\/3coty-p-53-description-1.svg\"><img decoding=\"async\" class=\"alignnone size-medium wp-image-44788\" role=\"img\" src=\"https:\/\/3coty.com\/wp-content\/uploads\/2025\/07\/3coty-p-53-description-1.svg\" alt=\"\" width=\"300\" height=\"300\" \/><\/a><\/p>\n<p><strong>PARA GATOS COM RINS SENS\u00cdVEIS<\/strong> | PAT\u00c9 | ALIMENTA\u00c7\u00c3O DUPROTEICA PARA GATOS<\/p>\n<p><a href=\"https:\/\/3coty.com\/wp-content\/uploads\/2025\/07\/3coty-p-53-description-2.svg\"><img decoding=\"async\" class=\"alignnone size-full wp-image-44806\" role=\"img\" src=\"https:\/\/3coty.com\/wp-content\/uploads\/2025\/07\/3coty-p-53-description-2.svg\" alt=\"\" width=\"506\" height=\"85\" \/><\/a><\/p>\n","protected":false},"featured_media":44549,"template":"","meta":{"_acf_changed":false},"product_brand":[],"product_cat":[150],"product_tag":[220],"class_list":{"0":"post-36473","1":"product","2":"type-product","3":"status-publish","4":"has-post-thumbnail","6":"product_cat-well-being","7":"product_tag-53cd","9":"first","10":"instock","11":"featured","12":"taxable","13":"shipping-taxable","14":"purchasable","15":"product-type-simple"},"acf":[],"yoast_head":"<!-- This site is optimized with the Yoast SEO Premium plugin v27.3 (Yoast SEO v27.3) - https:\/\/yoast.com\/product\/yoast-seo-premium-wordpress\/ -->\n<title>53. FRANGO + PATO Kidney Care 080 - 3coty\u00ae<\/title>\n<meta name=\"robots\" content=\"index, follow, max-snippet:-1, max-image-preview:large, max-video-preview:-1\" \/>\n<link rel=\"canonical\" href=\"https:\/\/3coty.com\/pt-pt\/p\/53-chicken-duck-080\/\" \/>\n<meta property=\"og:locale\" content=\"pt_PT\" \/>\n<meta property=\"og:type\" content=\"article\" \/>\n<meta property=\"og:title\" content=\"53. FRANGO + PATO Kidney Care 080\" \/>\n<meta property=\"og:description\" content=\"PARA GATOS COM RINS SENS\u00cdVEIS | PAT\u00c9 | ALIMENTA\u00c7\u00c3O DUPROTEICA PARA GATOS\" \/>\n<meta property=\"og:url\" content=\"https:\/\/3coty.com\/pt-pt\/p\/53-chicken-duck-080\/\" \/>\n<meta property=\"og:site_name\" content=\"3coty\u00ae\" \/>\n<meta property=\"article:publisher\" content=\"https:\/\/www.facebook.com\/3coty\" \/>\n<meta property=\"article:modified_time\" content=\"2026-04-04T06:37:43+00:00\" \/>\n<meta property=\"og:image\" content=\"https:\/\/3coty.com\/wp-content\/uploads\/2025\/07\/3coty-p-53-080-01.jpg\" \/>\n\t<meta property=\"og:image:width\" content=\"1024\" \/>\n\t<meta property=\"og:image:height\" content=\"1024\" \/>\n\t<meta property=\"og:image:type\" content=\"image\/jpeg\" \/>\n<meta name=\"twitter:card\" content=\"summary_large_image\" \/>\n<meta name=\"twitter:site\" content=\"@3cotyCom\" \/>\n<meta name=\"twitter:label1\" content=\"pre\u00e7o\" \/>\n\t<meta name=\"twitter:data1\" content=\"\u20ac&nbsp;2.50\" \/>\n\t<meta name=\"twitter:label2\" content=\"Disponibilidade\" \/>\n\t<meta name=\"twitter:data2\" content=\"Em stock\" \/>\n<script type=\"application\/ld+json\" class=\"yoast-schema-graph\">{\"@context\":\"https:\\\/\\\/schema.org\",\"@graph\":[{\"@type\":\"WebPage\",\"@id\":\"https:\\\/\\\/3coty.com\\\/pt-pt\\\/p\\\/53-chicken-duck-080\\\/\",\"url\":\"https:\\\/\\\/3coty.com\\\/pt-pt\\\/p\\\/53-chicken-duck-080\\\/\",\"name\":\"53. FRANGO + PATO Kidney Care 080 - 3coty\u00ae\",\"isPartOf\":{\"@id\":\"https:\\\/\\\/3coty.com\\\/pt-pt\\\/#website\"},\"primaryImageOfPage\":{\"@id\":\"https:\\\/\\\/3coty.com\\\/pt-pt\\\/p\\\/53-chicken-duck-080\\\/#primaryimage\"},\"image\":{\"@id\":\"https:\\\/\\\/3coty.com\\\/pt-pt\\\/p\\\/53-chicken-duck-080\\\/#primaryimage\"},\"thumbnailUrl\":\"https:\\\/\\\/3coty.com\\\/wp-content\\\/uploads\\\/2025\\\/07\\\/3coty-p-53-080-01.jpg\",\"datePublished\":\"2025-05-27T11:53:00+00:00\",\"dateModified\":\"2026-04-04T06:37:43+00:00\",\"breadcrumb\":{\"@id\":\"https:\\\/\\\/3coty.com\\\/pt-pt\\\/p\\\/53-chicken-duck-080\\\/#breadcrumb\"},\"inLanguage\":\"pt-PT\",\"potentialAction\":[{\"@type\":\"ReadAction\",\"target\":[\"https:\\\/\\\/3coty.com\\\/pt-pt\\\/p\\\/53-chicken-duck-080\\\/\"]}]},{\"@type\":\"ImageObject\",\"inLanguage\":\"pt-PT\",\"@id\":\"https:\\\/\\\/3coty.com\\\/pt-pt\\\/p\\\/53-chicken-duck-080\\\/#primaryimage\",\"url\":\"https:\\\/\\\/3coty.com\\\/wp-content\\\/uploads\\\/2025\\\/07\\\/3coty-p-53-080-01.jpg\",\"contentUrl\":\"https:\\\/\\\/3coty.com\\\/wp-content\\\/uploads\\\/2025\\\/07\\\/3coty-p-53-080-01.jpg\",\"width\":1024,\"height\":1024},{\"@type\":\"BreadcrumbList\",\"@id\":\"https:\\\/\\\/3coty.com\\\/pt-pt\\\/p\\\/53-chicken-duck-080\\\/#breadcrumb\",\"itemListElement\":[{\"@type\":\"ListItem\",\"position\":1,\"name\":\"Home\",\"item\":\"https:\\\/\\\/3coty.com\\\/pt-pt\\\/\"},{\"@type\":\"ListItem\",\"position\":2,\"name\":\"LOJA\",\"item\":\"https:\\\/\\\/3coty.com\\\/pt-pt\\\/shop\\\/\"},{\"@type\":\"ListItem\",\"position\":3,\"name\":\"53. FRANGO + PATO Kidney Care 080\"}]},{\"@type\":\"WebSite\",\"@id\":\"https:\\\/\\\/3coty.com\\\/pt-pt\\\/#website\",\"url\":\"https:\\\/\\\/3coty.com\\\/pt-pt\\\/\",\"name\":\"3coty\u00ae\",\"description\":\"Meat-only Cat Food\",\"publisher\":{\"@id\":\"https:\\\/\\\/3coty.com\\\/pt-pt\\\/#organization\"},\"potentialAction\":[{\"@type\":\"SearchAction\",\"target\":{\"@type\":\"EntryPoint\",\"urlTemplate\":\"https:\\\/\\\/3coty.com\\\/pt-pt\\\/?s={search_term_string}\"},\"query-input\":{\"@type\":\"PropertyValueSpecification\",\"valueRequired\":true,\"valueName\":\"search_term_string\"}}],\"inLanguage\":\"pt-PT\"},{\"@type\":\"Organization\",\"@id\":\"https:\\\/\\\/3coty.com\\\/pt-pt\\\/#organization\",\"name\":\"3coty\u00ae\",\"alternateName\":\"3coty\",\"url\":\"https:\\\/\\\/3coty.com\\\/pt-pt\\\/\",\"logo\":{\"@type\":\"ImageObject\",\"inLanguage\":\"pt-PT\",\"@id\":\"https:\\\/\\\/3coty.com\\\/pt-pt\\\/#\\\/schema\\\/logo\\\/image\\\/\",\"url\":\"https:\\\/\\\/3coty.com\\\/wp-content\\\/uploads\\\/2025\\\/05\\\/icon-3coty-logo.svg\",\"contentUrl\":\"https:\\\/\\\/3coty.com\\\/wp-content\\\/uploads\\\/2025\\\/05\\\/icon-3coty-logo.svg\",\"width\":283,\"height\":283,\"caption\":\"3coty\u00ae\"},\"image\":{\"@id\":\"https:\\\/\\\/3coty.com\\\/pt-pt\\\/#\\\/schema\\\/logo\\\/image\\\/\"},\"sameAs\":[\"https:\\\/\\\/www.facebook.com\\\/3coty\",\"https:\\\/\\\/x.com\\\/3cotyCom\",\"https:\\\/\\\/www.instagram.com\\\/3coty\",\"https:\\\/\\\/www.linkedin.com\\\/company\\\/3coty\",\"https:\\\/\\\/www.youtube.com\\\/@3coty\"]}]}<\/script>\n<meta property=\"product:price:amount\" content=\"2.50\" \/>\n<meta property=\"product:price:currency\" content=\"EUR\" \/>\n<meta property=\"og:availability\" content=\"instock\" \/>\n<meta property=\"product:availability\" content=\"instock\" \/>\n<meta property=\"product:retailer_item_id\" content=\"080T 53CD \/ 5901785310306\" \/>\n<meta property=\"product:condition\" content=\"new\" \/>\n<!-- \/ Yoast SEO Premium plugin. -->","yoast_head_json":{"title":"53. FRANGO + PATO Kidney Care 080 - 3coty\u00ae","robots":{"index":"index","follow":"follow","max-snippet":"max-snippet:-1","max-image-preview":"max-image-preview:large","max-video-preview":"max-video-preview:-1"},"canonical":"https:\/\/3coty.com\/pt-pt\/p\/53-chicken-duck-080\/","og_locale":"pt_PT","og_type":"article","og_title":"53. FRANGO + PATO Kidney Care 080","og_description":"PARA GATOS COM RINS SENS\u00cdVEIS | PAT\u00c9 | ALIMENTA\u00c7\u00c3O DUPROTEICA PARA GATOS","og_url":"https:\/\/3coty.com\/pt-pt\/p\/53-chicken-duck-080\/","og_site_name":"3coty\u00ae","article_publisher":"https:\/\/www.facebook.com\/3coty","article_modified_time":"2026-04-04T06:37:43+00:00","og_image":[{"width":1024,"height":1024,"url":"https:\/\/3coty.com\/wp-content\/uploads\/2025\/07\/3coty-p-53-080-01.jpg","type":"image\/jpeg"}],"twitter_card":"summary_large_image","twitter_site":"@3cotyCom","twitter_misc":{"pre\u00e7o":"\u20ac&nbsp;2.50","Disponibilidade":"Em stock"},"schema":{"@context":"https:\/\/schema.org","@graph":[{"@type":"WebPage","@id":"https:\/\/3coty.com\/pt-pt\/p\/53-chicken-duck-080\/","url":"https:\/\/3coty.com\/pt-pt\/p\/53-chicken-duck-080\/","name":"53. FRANGO + PATO Kidney Care 080 - 3coty\u00ae","isPartOf":{"@id":"https:\/\/3coty.com\/pt-pt\/#website"},"primaryImageOfPage":{"@id":"https:\/\/3coty.com\/pt-pt\/p\/53-chicken-duck-080\/#primaryimage"},"image":{"@id":"https:\/\/3coty.com\/pt-pt\/p\/53-chicken-duck-080\/#primaryimage"},"thumbnailUrl":"https:\/\/3coty.com\/wp-content\/uploads\/2025\/07\/3coty-p-53-080-01.jpg","datePublished":"2025-05-27T11:53:00+00:00","dateModified":"2026-04-04T06:37:43+00:00","breadcrumb":{"@id":"https:\/\/3coty.com\/pt-pt\/p\/53-chicken-duck-080\/#breadcrumb"},"inLanguage":"pt-PT","potentialAction":[{"@type":"ReadAction","target":["https:\/\/3coty.com\/pt-pt\/p\/53-chicken-duck-080\/"]}]},{"@type":"ImageObject","inLanguage":"pt-PT","@id":"https:\/\/3coty.com\/pt-pt\/p\/53-chicken-duck-080\/#primaryimage","url":"https:\/\/3coty.com\/wp-content\/uploads\/2025\/07\/3coty-p-53-080-01.jpg","contentUrl":"https:\/\/3coty.com\/wp-content\/uploads\/2025\/07\/3coty-p-53-080-01.jpg","width":1024,"height":1024},{"@type":"BreadcrumbList","@id":"https:\/\/3coty.com\/pt-pt\/p\/53-chicken-duck-080\/#breadcrumb","itemListElement":[{"@type":"ListItem","position":1,"name":"Home","item":"https:\/\/3coty.com\/pt-pt\/"},{"@type":"ListItem","position":2,"name":"LOJA","item":"https:\/\/3coty.com\/pt-pt\/shop\/"},{"@type":"ListItem","position":3,"name":"53. FRANGO + PATO Kidney Care 080"}]},{"@type":"WebSite","@id":"https:\/\/3coty.com\/pt-pt\/#website","url":"https:\/\/3coty.com\/pt-pt\/","name":"3coty\u00ae","description":"Meat-only Cat Food","publisher":{"@id":"https:\/\/3coty.com\/pt-pt\/#organization"},"potentialAction":[{"@type":"SearchAction","target":{"@type":"EntryPoint","urlTemplate":"https:\/\/3coty.com\/pt-pt\/?s={search_term_string}"},"query-input":{"@type":"PropertyValueSpecification","valueRequired":true,"valueName":"search_term_string"}}],"inLanguage":"pt-PT"},{"@type":"Organization","@id":"https:\/\/3coty.com\/pt-pt\/#organization","name":"3coty\u00ae","alternateName":"3coty","url":"https:\/\/3coty.com\/pt-pt\/","logo":{"@type":"ImageObject","inLanguage":"pt-PT","@id":"https:\/\/3coty.com\/pt-pt\/#\/schema\/logo\/image\/","url":"https:\/\/3coty.com\/wp-content\/uploads\/2025\/05\/icon-3coty-logo.svg","contentUrl":"https:\/\/3coty.com\/wp-content\/uploads\/2025\/05\/icon-3coty-logo.svg","width":283,"height":283,"caption":"3coty\u00ae"},"image":{"@id":"https:\/\/3coty.com\/pt-pt\/#\/schema\/logo\/image\/"},"sameAs":["https:\/\/www.facebook.com\/3coty","https:\/\/x.com\/3cotyCom","https:\/\/www.instagram.com\/3coty","https:\/\/www.linkedin.com\/company\/3coty","https:\/\/www.youtube.com\/@3coty"]}]},"product_price_amount":"2.50","product_price_currency":"EUR","og_availability":"instock","product_availability":"instock","product_retailer_item_id":"080T 53CD \/ 5901785310306","product_condition":"new"},"_links":{"self":[{"href":"https:\/\/3coty.com\/pt-pt\/wp-json\/wp\/v2\/product\/36473","targetHints":{"allow":["GET"]}}],"collection":[{"href":"https:\/\/3coty.com\/pt-pt\/wp-json\/wp\/v2\/product"}],"about":[{"href":"https:\/\/3coty.com\/pt-pt\/wp-json\/wp\/v2\/types\/product"}],"version-history":[{"count":4,"href":"https:\/\/3coty.com\/pt-pt\/wp-json\/wp\/v2\/product\/36473\/revisions"}],"predecessor-version":[{"id":44908,"href":"https:\/\/3coty.com\/pt-pt\/wp-json\/wp\/v2\/product\/36473\/revisions\/44908"}],"wp:featuredmedia":[{"embeddable":true,"href":"https:\/\/3coty.com\/pt-pt\/wp-json\/wp\/v2\/media\/44549"}],"wp:attachment":[{"href":"https:\/\/3coty.com\/pt-pt\/wp-json\/wp\/v2\/media?parent=36473"}],"wp:term":[{"taxonomy":"product_brand","embeddable":true,"href":"https:\/\/3coty.com\/pt-pt\/wp-json\/wp\/v2\/product_brand?post=36473"},{"taxonomy":"product_cat","embeddable":true,"href":"https:\/\/3coty.com\/pt-pt\/wp-json\/wp\/v2\/product_cat?post=36473"},{"taxonomy":"product_tag","embeddable":true,"href":"https:\/\/3coty.com\/pt-pt\/wp-json\/wp\/v2\/product_tag?post=36473"}],"curies":[{"name":"wp","href":"https:\/\/api.w.org\/{rel}","templated":true}]}}