{"id":36419,"date":"2025-05-24T16:38:44","date_gmt":"2025-05-24T16:38:44","guid":{"rendered":"https:\/\/3coty.com\/p\/21-turkey-chicken-390\/"},"modified":"2026-04-14T16:08:00","modified_gmt":"2026-04-14T16:08:00","slug":"21-turkey-chicken-390","status":"publish","type":"product","link":"https:\/\/3coty.com\/pt-pt\/p\/21-turkey-chicken-390\/","title":{"rendered":"21. PERU + FRANGO 390"},"content":{"rendered":"<p><a href=\"https:\/\/3coty.com\/wp-content\/uploads\/2025\/07\/3coty-p-21-tab-1.svg\"><img fetchpriority=\"high\" decoding=\"async\" class=\"alignnone size-full wp-image-53184\" role=\"img\" src=\"https:\/\/3coty.com\/wp-content\/uploads\/2025\/07\/3coty-p-21-tab-1.svg\" alt=\"\" width=\"283\" height=\"283\" \/><\/a><\/p>\n<h2>ALIMENTO NATURAL E COMPLETO PARA GATOS 3COTY\u00ae<\/h2>\n<p><strong>100% INGREDIENTES NATURAIS DE CARNE e derivados de origem animal, cozinhados no seu pr\u00f3prio caldo nutritivo<\/strong><\/p>\n<p>Esta combina\u00e7\u00e3o de peru e frango \u00e9 ideal para gatos que parecem estar aborrecidos com monoprote\u00ednas. Feita com ingredientes cl\u00e1ssicos de um alimento h\u00famido natural para gatos, \u00e9 completa e equilibrada, dispensando suplementos. A formula\u00e7\u00e3o \u00e9 adequada para gatos diab\u00e9ticos, e o sabor agrada \u00e0 maioria dos gatos. As carnes e a textura tornam-na tamb\u00e9m uma boa alternativa \u00e0 alimenta\u00e7\u00e3o crua (B.A.R.F.).<\/p>\n<p>Cl\u00e1ssica combina\u00e7\u00e3o de carnes e v\u00edsceras de aves populares, este \u00e9 um dos nossos produtos mais antigos.<\/p>\n","protected":false},"excerpt":{"rendered":"<p><a href=\"https:\/\/3coty.com\/wp-content\/uploads\/2025\/07\/3coty-p-21-description-1.svg\"><img decoding=\"async\" class=\"alignnone size-medium wp-image-53148\" role=\"img\" src=\"https:\/\/3coty.com\/wp-content\/uploads\/2025\/07\/3coty-p-21-description-1.svg\" alt=\"\" width=\"300\" height=\"300\" \/><\/a><\/p>\n<p><strong>PARA GATOS ADULTOS<\/strong> | PAT\u00c9 | ALIMENTA\u00c7\u00c3O DUPROTEICA PARA GATOS<\/p>\n<p><a href=\"https:\/\/3coty.com\/wp-content\/uploads\/2025\/07\/3coty-p-21-description-2.svg\"><img decoding=\"async\" class=\"alignnone size-full wp-image-53166\" role=\"img\" src=\"https:\/\/3coty.com\/wp-content\/uploads\/2025\/07\/3coty-p-21-description-2.svg\" alt=\"\" width=\"506\" height=\"85\" \/><\/a><\/p>\n","protected":false},"featured_media":53413,"template":"","meta":{"_acf_changed":false},"product_brand":[],"product_cat":[367],"product_tag":[987],"class_list":{"0":"post-36419","1":"product","2":"type-product","3":"status-publish","4":"has-post-thumbnail","6":"product_cat-for-adult-cats","7":"product_tag-21tc","9":"first","10":"instock","11":"featured","12":"taxable","13":"shipping-taxable","14":"purchasable","15":"product-type-simple"},"acf":[],"yoast_head":"<!-- This site is optimized with the Yoast SEO Premium plugin v27.4 (Yoast SEO v27.4) - https:\/\/yoast.com\/product\/yoast-seo-premium-wordpress\/ -->\n<title>21. PERU + FRANGO 390 - 3coty\u00ae<\/title>\n<meta name=\"robots\" content=\"index, follow, max-snippet:-1, max-image-preview:large, max-video-preview:-1\" \/>\n<link rel=\"canonical\" href=\"https:\/\/3coty.com\/pt-pt\/p\/21-turkey-chicken-390\/\" \/>\n<meta property=\"og:locale\" content=\"pt_PT\" \/>\n<meta property=\"og:type\" content=\"article\" \/>\n<meta property=\"og:title\" content=\"21. PERU + FRANGO 390\" \/>\n<meta property=\"og:description\" content=\"PARA GATOS ADULTOS | PAT\u00c9 | ALIMENTA\u00c7\u00c3O DUPROTEICA PARA GATOS\" \/>\n<meta property=\"og:url\" content=\"https:\/\/3coty.com\/pt-pt\/p\/21-turkey-chicken-390\/\" \/>\n<meta property=\"og:site_name\" content=\"3coty\u00ae\" \/>\n<meta property=\"article:publisher\" content=\"https:\/\/www.facebook.com\/3coty\" \/>\n<meta property=\"article:modified_time\" content=\"2026-04-14T16:08:00+00:00\" \/>\n<meta property=\"og:image\" content=\"https:\/\/3coty.com\/wp-content\/uploads\/2025\/07\/3coty-p-21-390-01.jpg\" \/>\n\t<meta property=\"og:image:width\" content=\"1024\" \/>\n\t<meta property=\"og:image:height\" content=\"1024\" \/>\n\t<meta property=\"og:image:type\" content=\"image\/jpeg\" \/>\n<meta name=\"twitter:card\" content=\"summary_large_image\" \/>\n<meta name=\"twitter:site\" content=\"@3cotyCom\" \/>\n<meta name=\"twitter:label1\" content=\"pre\u00e7o\" \/>\n\t<meta name=\"twitter:data1\" content=\"\u20ac&nbsp;4.50\" \/>\n\t<meta name=\"twitter:label2\" content=\"Disponibilidade\" \/>\n\t<meta name=\"twitter:data2\" content=\"Em stock\" \/>\n<script type=\"application\/ld+json\" class=\"yoast-schema-graph\">{\"@context\":\"https:\\\/\\\/schema.org\",\"@graph\":[{\"@type\":\"WebPage\",\"@id\":\"https:\\\/\\\/3coty.com\\\/pt-pt\\\/p\\\/21-turkey-chicken-390\\\/\",\"url\":\"https:\\\/\\\/3coty.com\\\/pt-pt\\\/p\\\/21-turkey-chicken-390\\\/\",\"name\":\"21. PERU + FRANGO 390 - 3coty\u00ae\",\"isPartOf\":{\"@id\":\"https:\\\/\\\/3coty.com\\\/pt-pt\\\/#website\"},\"primaryImageOfPage\":{\"@id\":\"https:\\\/\\\/3coty.com\\\/pt-pt\\\/p\\\/21-turkey-chicken-390\\\/#primaryimage\"},\"image\":{\"@id\":\"https:\\\/\\\/3coty.com\\\/pt-pt\\\/p\\\/21-turkey-chicken-390\\\/#primaryimage\"},\"thumbnailUrl\":\"https:\\\/\\\/3coty.com\\\/wp-content\\\/uploads\\\/2025\\\/07\\\/3coty-p-21-390-01.jpg\",\"datePublished\":\"2025-05-24T16:38:44+00:00\",\"dateModified\":\"2026-04-14T16:08:00+00:00\",\"breadcrumb\":{\"@id\":\"https:\\\/\\\/3coty.com\\\/pt-pt\\\/p\\\/21-turkey-chicken-390\\\/#breadcrumb\"},\"inLanguage\":\"pt-PT\",\"potentialAction\":[{\"@type\":\"ReadAction\",\"target\":[\"https:\\\/\\\/3coty.com\\\/pt-pt\\\/p\\\/21-turkey-chicken-390\\\/\"]}]},{\"@type\":\"ImageObject\",\"inLanguage\":\"pt-PT\",\"@id\":\"https:\\\/\\\/3coty.com\\\/pt-pt\\\/p\\\/21-turkey-chicken-390\\\/#primaryimage\",\"url\":\"https:\\\/\\\/3coty.com\\\/wp-content\\\/uploads\\\/2025\\\/07\\\/3coty-p-21-390-01.jpg\",\"contentUrl\":\"https:\\\/\\\/3coty.com\\\/wp-content\\\/uploads\\\/2025\\\/07\\\/3coty-p-21-390-01.jpg\",\"width\":1024,\"height\":1024},{\"@type\":\"BreadcrumbList\",\"@id\":\"https:\\\/\\\/3coty.com\\\/pt-pt\\\/p\\\/21-turkey-chicken-390\\\/#breadcrumb\",\"itemListElement\":[{\"@type\":\"ListItem\",\"position\":1,\"name\":\"Home\",\"item\":\"https:\\\/\\\/3coty.com\\\/pt-pt\\\/\"},{\"@type\":\"ListItem\",\"position\":2,\"name\":\"LOJA\",\"item\":\"https:\\\/\\\/3coty.com\\\/pt-pt\\\/shop\\\/\"},{\"@type\":\"ListItem\",\"position\":3,\"name\":\"21. PERU + FRANGO 390\"}]},{\"@type\":\"WebSite\",\"@id\":\"https:\\\/\\\/3coty.com\\\/pt-pt\\\/#website\",\"url\":\"https:\\\/\\\/3coty.com\\\/pt-pt\\\/\",\"name\":\"3coty\u00ae\",\"description\":\"Meat-only Cat Food\",\"publisher\":{\"@id\":\"https:\\\/\\\/3coty.com\\\/pt-pt\\\/#organization\"},\"potentialAction\":[{\"@type\":\"SearchAction\",\"target\":{\"@type\":\"EntryPoint\",\"urlTemplate\":\"https:\\\/\\\/3coty.com\\\/pt-pt\\\/?s={search_term_string}\"},\"query-input\":{\"@type\":\"PropertyValueSpecification\",\"valueRequired\":true,\"valueName\":\"search_term_string\"}}],\"inLanguage\":\"pt-PT\"},{\"@type\":\"Organization\",\"@id\":\"https:\\\/\\\/3coty.com\\\/pt-pt\\\/#organization\",\"name\":\"3coty\u00ae\",\"alternateName\":\"3coty\",\"url\":\"https:\\\/\\\/3coty.com\\\/pt-pt\\\/\",\"logo\":{\"@type\":\"ImageObject\",\"inLanguage\":\"pt-PT\",\"@id\":\"https:\\\/\\\/3coty.com\\\/pt-pt\\\/#\\\/schema\\\/logo\\\/image\\\/\",\"url\":\"https:\\\/\\\/3coty.com\\\/wp-content\\\/uploads\\\/2025\\\/05\\\/icon-3coty-logo.svg\",\"contentUrl\":\"https:\\\/\\\/3coty.com\\\/wp-content\\\/uploads\\\/2025\\\/05\\\/icon-3coty-logo.svg\",\"width\":283,\"height\":283,\"caption\":\"3coty\u00ae\"},\"image\":{\"@id\":\"https:\\\/\\\/3coty.com\\\/pt-pt\\\/#\\\/schema\\\/logo\\\/image\\\/\"},\"sameAs\":[\"https:\\\/\\\/www.facebook.com\\\/3coty\",\"https:\\\/\\\/x.com\\\/3cotyCom\",\"https:\\\/\\\/www.instagram.com\\\/3coty\",\"https:\\\/\\\/www.linkedin.com\\\/company\\\/3coty\",\"https:\\\/\\\/www.youtube.com\\\/@3coty\"]}]}<\/script>\n<meta property=\"product:price:amount\" content=\"4.50\" \/>\n<meta property=\"product:price:currency\" content=\"EUR\" \/>\n<meta property=\"og:availability\" content=\"instock\" \/>\n<meta property=\"product:availability\" content=\"instock\" \/>\n<meta property=\"product:retailer_item_id\" content=\"390T 21TC \/ 5901785315691\" \/>\n<meta property=\"product:condition\" content=\"new\" \/>\n<!-- \/ Yoast SEO Premium plugin. -->","yoast_head_json":{"title":"21. PERU + FRANGO 390 - 3coty\u00ae","robots":{"index":"index","follow":"follow","max-snippet":"max-snippet:-1","max-image-preview":"max-image-preview:large","max-video-preview":"max-video-preview:-1"},"canonical":"https:\/\/3coty.com\/pt-pt\/p\/21-turkey-chicken-390\/","og_locale":"pt_PT","og_type":"article","og_title":"21. PERU + FRANGO 390","og_description":"PARA GATOS ADULTOS | PAT\u00c9 | ALIMENTA\u00c7\u00c3O DUPROTEICA PARA GATOS","og_url":"https:\/\/3coty.com\/pt-pt\/p\/21-turkey-chicken-390\/","og_site_name":"3coty\u00ae","article_publisher":"https:\/\/www.facebook.com\/3coty","article_modified_time":"2026-04-14T16:08:00+00:00","og_image":[{"width":1024,"height":1024,"url":"https:\/\/3coty.com\/wp-content\/uploads\/2025\/07\/3coty-p-21-390-01.jpg","type":"image\/jpeg"}],"twitter_card":"summary_large_image","twitter_site":"@3cotyCom","twitter_misc":{"pre\u00e7o":"\u20ac&nbsp;4.50","Disponibilidade":"Em stock"},"schema":{"@context":"https:\/\/schema.org","@graph":[{"@type":"WebPage","@id":"https:\/\/3coty.com\/pt-pt\/p\/21-turkey-chicken-390\/","url":"https:\/\/3coty.com\/pt-pt\/p\/21-turkey-chicken-390\/","name":"21. PERU + FRANGO 390 - 3coty\u00ae","isPartOf":{"@id":"https:\/\/3coty.com\/pt-pt\/#website"},"primaryImageOfPage":{"@id":"https:\/\/3coty.com\/pt-pt\/p\/21-turkey-chicken-390\/#primaryimage"},"image":{"@id":"https:\/\/3coty.com\/pt-pt\/p\/21-turkey-chicken-390\/#primaryimage"},"thumbnailUrl":"https:\/\/3coty.com\/wp-content\/uploads\/2025\/07\/3coty-p-21-390-01.jpg","datePublished":"2025-05-24T16:38:44+00:00","dateModified":"2026-04-14T16:08:00+00:00","breadcrumb":{"@id":"https:\/\/3coty.com\/pt-pt\/p\/21-turkey-chicken-390\/#breadcrumb"},"inLanguage":"pt-PT","potentialAction":[{"@type":"ReadAction","target":["https:\/\/3coty.com\/pt-pt\/p\/21-turkey-chicken-390\/"]}]},{"@type":"ImageObject","inLanguage":"pt-PT","@id":"https:\/\/3coty.com\/pt-pt\/p\/21-turkey-chicken-390\/#primaryimage","url":"https:\/\/3coty.com\/wp-content\/uploads\/2025\/07\/3coty-p-21-390-01.jpg","contentUrl":"https:\/\/3coty.com\/wp-content\/uploads\/2025\/07\/3coty-p-21-390-01.jpg","width":1024,"height":1024},{"@type":"BreadcrumbList","@id":"https:\/\/3coty.com\/pt-pt\/p\/21-turkey-chicken-390\/#breadcrumb","itemListElement":[{"@type":"ListItem","position":1,"name":"Home","item":"https:\/\/3coty.com\/pt-pt\/"},{"@type":"ListItem","position":2,"name":"LOJA","item":"https:\/\/3coty.com\/pt-pt\/shop\/"},{"@type":"ListItem","position":3,"name":"21. PERU + FRANGO 390"}]},{"@type":"WebSite","@id":"https:\/\/3coty.com\/pt-pt\/#website","url":"https:\/\/3coty.com\/pt-pt\/","name":"3coty\u00ae","description":"Meat-only Cat Food","publisher":{"@id":"https:\/\/3coty.com\/pt-pt\/#organization"},"potentialAction":[{"@type":"SearchAction","target":{"@type":"EntryPoint","urlTemplate":"https:\/\/3coty.com\/pt-pt\/?s={search_term_string}"},"query-input":{"@type":"PropertyValueSpecification","valueRequired":true,"valueName":"search_term_string"}}],"inLanguage":"pt-PT"},{"@type":"Organization","@id":"https:\/\/3coty.com\/pt-pt\/#organization","name":"3coty\u00ae","alternateName":"3coty","url":"https:\/\/3coty.com\/pt-pt\/","logo":{"@type":"ImageObject","inLanguage":"pt-PT","@id":"https:\/\/3coty.com\/pt-pt\/#\/schema\/logo\/image\/","url":"https:\/\/3coty.com\/wp-content\/uploads\/2025\/05\/icon-3coty-logo.svg","contentUrl":"https:\/\/3coty.com\/wp-content\/uploads\/2025\/05\/icon-3coty-logo.svg","width":283,"height":283,"caption":"3coty\u00ae"},"image":{"@id":"https:\/\/3coty.com\/pt-pt\/#\/schema\/logo\/image\/"},"sameAs":["https:\/\/www.facebook.com\/3coty","https:\/\/x.com\/3cotyCom","https:\/\/www.instagram.com\/3coty","https:\/\/www.linkedin.com\/company\/3coty","https:\/\/www.youtube.com\/@3coty"]}]},"product_price_amount":"4.50","product_price_currency":"EUR","og_availability":"instock","product_availability":"instock","product_retailer_item_id":"390T 21TC \/ 5901785315691","product_condition":"new"},"_links":{"self":[{"href":"https:\/\/3coty.com\/pt-pt\/wp-json\/wp\/v2\/product\/36419","targetHints":{"allow":["GET"]}}],"collection":[{"href":"https:\/\/3coty.com\/pt-pt\/wp-json\/wp\/v2\/product"}],"about":[{"href":"https:\/\/3coty.com\/pt-pt\/wp-json\/wp\/v2\/types\/product"}],"version-history":[{"count":4,"href":"https:\/\/3coty.com\/pt-pt\/wp-json\/wp\/v2\/product\/36419\/revisions"}],"predecessor-version":[{"id":53657,"href":"https:\/\/3coty.com\/pt-pt\/wp-json\/wp\/v2\/product\/36419\/revisions\/53657"}],"wp:featuredmedia":[{"embeddable":true,"href":"https:\/\/3coty.com\/pt-pt\/wp-json\/wp\/v2\/media\/53413"}],"wp:attachment":[{"href":"https:\/\/3coty.com\/pt-pt\/wp-json\/wp\/v2\/media?parent=36419"}],"wp:term":[{"taxonomy":"product_brand","embeddable":true,"href":"https:\/\/3coty.com\/pt-pt\/wp-json\/wp\/v2\/product_brand?post=36419"},{"taxonomy":"product_cat","embeddable":true,"href":"https:\/\/3coty.com\/pt-pt\/wp-json\/wp\/v2\/product_cat?post=36419"},{"taxonomy":"product_tag","embeddable":true,"href":"https:\/\/3coty.com\/pt-pt\/wp-json\/wp\/v2\/product_tag?post=36419"}],"curies":[{"name":"wp","href":"https:\/\/api.w.org\/{rel}","templated":true}]}}