{"id":36391,"date":"2025-05-23T15:10:43","date_gmt":"2025-05-23T15:10:43","guid":{"rendered":"https:\/\/3coty.com\/p\/11-turkey-390\/"},"modified":"2026-03-13T11:35:45","modified_gmt":"2026-03-13T11:35:45","slug":"11-turkey-390","status":"publish","type":"product","link":"https:\/\/3coty.com\/pt-pt\/p\/11-turkey-390\/","title":{"rendered":"11. PERU Controlo de peso 390"},"content":{"rendered":"<p><a href=\"https:\/\/3coty.com\/wp-content\/uploads\/2025\/07\/3coty-p-11-tab-1.svg\"><img fetchpriority=\"high\" decoding=\"async\" class=\"alignnone size-full wp-image-57538\" role=\"img\" src=\"https:\/\/3coty.com\/wp-content\/uploads\/2025\/07\/3coty-p-11-tab-1.svg\" alt=\"\" width=\"283\" height=\"283\" \/><\/a><\/p>\n<h2>ALIMENTO NATURAL E COMPLETO PARA GATOS 3COTY\u00ae<\/h2>\n<p><strong>99.5% INGREDIENTES NATURAIS DE CARNE e derivados de origem animal, cozinhados no seu pr\u00f3prio caldo nutritivo, 0.5% CLORELA<\/strong><\/p>\n<p>Especialmente formulado para gatos com necessidade de controlo de peso, incluindo gatos esterilizados, este alimento h\u00famido monoproteico com baixo teor cal\u00f3rico \u00e9 enriquecido com Clorela para refor\u00e7ar o sistema imunit\u00e1rio. Tal como todos os nossos alimentos naturais, \u00e9 completo, equilibrado e adequado para dietas de elimina\u00e7\u00e3o. Tudo o que o seu gato precisa, numa s\u00f3 lata.<\/p>\n<p>Carne magra de peru com Clorela, uma alga de \u00e1gua doce que refor\u00e7a o sistema imunit\u00e1rio, num alimento completo, natural e com baixo teor cal\u00f3rico.<\/p>\n","protected":false},"excerpt":{"rendered":"<p><a href=\"https:\/\/3coty.com\/wp-content\/uploads\/2025\/07\/3coty-p-11-description-1.svg\"><img decoding=\"async\" class=\"alignnone wp-image-57502\" role=\"img\" src=\"https:\/\/3coty.com\/wp-content\/uploads\/2025\/07\/3coty-p-11-description-1.svg\" alt=\"\" width=\"250\" \/><\/a><\/p>\n<p><strong>PARA GATOS ESTERILIZADOS E COM EXCESSO DE PESO<\/strong>\u00a0| PAT\u00c9 | ALIMENTA\u00c7\u00c3O MONOPROTEICA PARA GATOS<br \/>\n<strong>COM CLORELA<\/strong><\/p>\n<p><a href=\"https:\/\/3coty.com\/wp-content\/uploads\/2025\/07\/3coty-p-11-description-2.svg\"><img decoding=\"async\" class=\"alignnone size-full wp-image-57520\" role=\"img\" src=\"https:\/\/3coty.com\/wp-content\/uploads\/2025\/07\/3coty-p-11-description-2.svg\" alt=\"\" width=\"506\" height=\"85\" \/><\/a><\/p>\n","protected":false},"featured_media":58037,"template":"","meta":{"_acf_changed":false},"product_brand":[],"product_cat":[383],"product_tag":[877],"class_list":{"0":"post-36391","1":"product","2":"type-product","3":"status-publish","4":"has-post-thumbnail","6":"product_cat-for-sterilised-cats","7":"product_tag-11tu","9":"first","10":"outofstock","11":"featured","12":"taxable","13":"shipping-taxable","14":"purchasable","15":"product-type-simple"},"acf":[],"yoast_head":"<!-- This site is optimized with the Yoast SEO Premium plugin v27.4 (Yoast SEO v27.4) - https:\/\/yoast.com\/product\/yoast-seo-premium-wordpress\/ -->\n<title>11. PERU Controlo de peso 390 - 3coty\u00ae<\/title>\n<meta name=\"robots\" content=\"index, follow, max-snippet:-1, max-image-preview:large, max-video-preview:-1\" \/>\n<link rel=\"canonical\" href=\"https:\/\/3coty.com\/pt-pt\/p\/11-turkey-390\/\" \/>\n<meta property=\"og:locale\" content=\"pt_PT\" \/>\n<meta property=\"og:type\" content=\"article\" \/>\n<meta property=\"og:title\" content=\"11. PERU Controlo de peso 390\" \/>\n<meta property=\"og:description\" content=\"PARA GATOS ESTERILIZADOS E COM EXCESSO DE PESO\u00a0| PAT\u00c9 | ALIMENTA\u00c7\u00c3O MONOPROTEICA PARA GATOS COM CLORELA\" \/>\n<meta property=\"og:url\" content=\"https:\/\/3coty.com\/pt-pt\/p\/11-turkey-390\/\" \/>\n<meta property=\"og:site_name\" content=\"3coty\u00ae\" \/>\n<meta property=\"article:publisher\" content=\"https:\/\/www.facebook.com\/3coty\" \/>\n<meta property=\"article:modified_time\" content=\"2026-03-13T11:35:45+00:00\" \/>\n<meta property=\"og:image\" content=\"https:\/\/3coty.com\/wp-content\/uploads\/2025\/07\/3coty-p-11-390-01.jpg\" \/>\n\t<meta property=\"og:image:width\" content=\"1024\" \/>\n\t<meta property=\"og:image:height\" content=\"1024\" \/>\n\t<meta property=\"og:image:type\" content=\"image\/jpeg\" \/>\n<meta name=\"twitter:card\" content=\"summary_large_image\" \/>\n<meta name=\"twitter:site\" content=\"@3cotyCom\" \/>\n<meta name=\"twitter:label1\" content=\"pre\u00e7o\" \/>\n\t<meta name=\"twitter:data1\" content=\"\u20ac&nbsp;5.75\" \/>\n\t<meta name=\"twitter:label2\" content=\"Disponibilidade\" \/>\n\t<meta name=\"twitter:data2\" content=\"Esgotado\" \/>\n<script type=\"application\/ld+json\" class=\"yoast-schema-graph\">{\"@context\":\"https:\\\/\\\/schema.org\",\"@graph\":[{\"@type\":\"WebPage\",\"@id\":\"https:\\\/\\\/3coty.com\\\/pt-pt\\\/p\\\/11-turkey-390\\\/\",\"url\":\"https:\\\/\\\/3coty.com\\\/pt-pt\\\/p\\\/11-turkey-390\\\/\",\"name\":\"11. PERU Controlo de peso 390 - 3coty\u00ae\",\"isPartOf\":{\"@id\":\"https:\\\/\\\/3coty.com\\\/pt-pt\\\/#website\"},\"primaryImageOfPage\":{\"@id\":\"https:\\\/\\\/3coty.com\\\/pt-pt\\\/p\\\/11-turkey-390\\\/#primaryimage\"},\"image\":{\"@id\":\"https:\\\/\\\/3coty.com\\\/pt-pt\\\/p\\\/11-turkey-390\\\/#primaryimage\"},\"thumbnailUrl\":\"https:\\\/\\\/3coty.com\\\/wp-content\\\/uploads\\\/2025\\\/07\\\/3coty-p-11-390-01.jpg\",\"datePublished\":\"2025-05-23T15:10:43+00:00\",\"dateModified\":\"2026-03-13T11:35:45+00:00\",\"breadcrumb\":{\"@id\":\"https:\\\/\\\/3coty.com\\\/pt-pt\\\/p\\\/11-turkey-390\\\/#breadcrumb\"},\"inLanguage\":\"pt-PT\",\"potentialAction\":[{\"@type\":\"ReadAction\",\"target\":[\"https:\\\/\\\/3coty.com\\\/pt-pt\\\/p\\\/11-turkey-390\\\/\"]}]},{\"@type\":\"ImageObject\",\"inLanguage\":\"pt-PT\",\"@id\":\"https:\\\/\\\/3coty.com\\\/pt-pt\\\/p\\\/11-turkey-390\\\/#primaryimage\",\"url\":\"https:\\\/\\\/3coty.com\\\/wp-content\\\/uploads\\\/2025\\\/07\\\/3coty-p-11-390-01.jpg\",\"contentUrl\":\"https:\\\/\\\/3coty.com\\\/wp-content\\\/uploads\\\/2025\\\/07\\\/3coty-p-11-390-01.jpg\",\"width\":1024,\"height\":1024},{\"@type\":\"BreadcrumbList\",\"@id\":\"https:\\\/\\\/3coty.com\\\/pt-pt\\\/p\\\/11-turkey-390\\\/#breadcrumb\",\"itemListElement\":[{\"@type\":\"ListItem\",\"position\":1,\"name\":\"Home\",\"item\":\"https:\\\/\\\/3coty.com\\\/pt-pt\\\/\"},{\"@type\":\"ListItem\",\"position\":2,\"name\":\"LOJA\",\"item\":\"https:\\\/\\\/3coty.com\\\/pt-pt\\\/shop\\\/\"},{\"@type\":\"ListItem\",\"position\":3,\"name\":\"11. PERU Controlo de peso 390\"}]},{\"@type\":\"WebSite\",\"@id\":\"https:\\\/\\\/3coty.com\\\/pt-pt\\\/#website\",\"url\":\"https:\\\/\\\/3coty.com\\\/pt-pt\\\/\",\"name\":\"3coty\u00ae\",\"description\":\"Meat-only Cat Food\",\"publisher\":{\"@id\":\"https:\\\/\\\/3coty.com\\\/pt-pt\\\/#organization\"},\"potentialAction\":[{\"@type\":\"SearchAction\",\"target\":{\"@type\":\"EntryPoint\",\"urlTemplate\":\"https:\\\/\\\/3coty.com\\\/pt-pt\\\/?s={search_term_string}\"},\"query-input\":{\"@type\":\"PropertyValueSpecification\",\"valueRequired\":true,\"valueName\":\"search_term_string\"}}],\"inLanguage\":\"pt-PT\"},{\"@type\":\"Organization\",\"@id\":\"https:\\\/\\\/3coty.com\\\/pt-pt\\\/#organization\",\"name\":\"3coty\u00ae\",\"alternateName\":\"3coty\",\"url\":\"https:\\\/\\\/3coty.com\\\/pt-pt\\\/\",\"logo\":{\"@type\":\"ImageObject\",\"inLanguage\":\"pt-PT\",\"@id\":\"https:\\\/\\\/3coty.com\\\/pt-pt\\\/#\\\/schema\\\/logo\\\/image\\\/\",\"url\":\"https:\\\/\\\/3coty.com\\\/wp-content\\\/uploads\\\/2025\\\/05\\\/icon-3coty-logo.svg\",\"contentUrl\":\"https:\\\/\\\/3coty.com\\\/wp-content\\\/uploads\\\/2025\\\/05\\\/icon-3coty-logo.svg\",\"width\":283,\"height\":283,\"caption\":\"3coty\u00ae\"},\"image\":{\"@id\":\"https:\\\/\\\/3coty.com\\\/pt-pt\\\/#\\\/schema\\\/logo\\\/image\\\/\"},\"sameAs\":[\"https:\\\/\\\/www.facebook.com\\\/3coty\",\"https:\\\/\\\/x.com\\\/3cotyCom\",\"https:\\\/\\\/www.instagram.com\\\/3coty\",\"https:\\\/\\\/www.linkedin.com\\\/company\\\/3coty\",\"https:\\\/\\\/www.youtube.com\\\/@3coty\"]}]}<\/script>\n<meta property=\"product:price:amount\" content=\"5.75\" \/>\n<meta property=\"product:price:currency\" content=\"EUR\" \/>\n<meta property=\"og:availability\" content=\"out of stock\" \/>\n<meta property=\"product:availability\" content=\"out of stock\" \/>\n<meta property=\"product:retailer_item_id\" content=\"390T 11TU \/ 5901785315653\" \/>\n<meta property=\"product:condition\" content=\"new\" \/>\n<!-- \/ Yoast SEO Premium plugin. -->","yoast_head_json":{"title":"11. PERU Controlo de peso 390 - 3coty\u00ae","robots":{"index":"index","follow":"follow","max-snippet":"max-snippet:-1","max-image-preview":"max-image-preview:large","max-video-preview":"max-video-preview:-1"},"canonical":"https:\/\/3coty.com\/pt-pt\/p\/11-turkey-390\/","og_locale":"pt_PT","og_type":"article","og_title":"11. PERU Controlo de peso 390","og_description":"PARA GATOS ESTERILIZADOS E COM EXCESSO DE PESO\u00a0| PAT\u00c9 | ALIMENTA\u00c7\u00c3O MONOPROTEICA PARA GATOS COM CLORELA","og_url":"https:\/\/3coty.com\/pt-pt\/p\/11-turkey-390\/","og_site_name":"3coty\u00ae","article_publisher":"https:\/\/www.facebook.com\/3coty","article_modified_time":"2026-03-13T11:35:45+00:00","og_image":[{"width":1024,"height":1024,"url":"https:\/\/3coty.com\/wp-content\/uploads\/2025\/07\/3coty-p-11-390-01.jpg","type":"image\/jpeg"}],"twitter_card":"summary_large_image","twitter_site":"@3cotyCom","twitter_misc":{"pre\u00e7o":"\u20ac&nbsp;5.75","Disponibilidade":"Esgotado"},"schema":{"@context":"https:\/\/schema.org","@graph":[{"@type":"WebPage","@id":"https:\/\/3coty.com\/pt-pt\/p\/11-turkey-390\/","url":"https:\/\/3coty.com\/pt-pt\/p\/11-turkey-390\/","name":"11. PERU Controlo de peso 390 - 3coty\u00ae","isPartOf":{"@id":"https:\/\/3coty.com\/pt-pt\/#website"},"primaryImageOfPage":{"@id":"https:\/\/3coty.com\/pt-pt\/p\/11-turkey-390\/#primaryimage"},"image":{"@id":"https:\/\/3coty.com\/pt-pt\/p\/11-turkey-390\/#primaryimage"},"thumbnailUrl":"https:\/\/3coty.com\/wp-content\/uploads\/2025\/07\/3coty-p-11-390-01.jpg","datePublished":"2025-05-23T15:10:43+00:00","dateModified":"2026-03-13T11:35:45+00:00","breadcrumb":{"@id":"https:\/\/3coty.com\/pt-pt\/p\/11-turkey-390\/#breadcrumb"},"inLanguage":"pt-PT","potentialAction":[{"@type":"ReadAction","target":["https:\/\/3coty.com\/pt-pt\/p\/11-turkey-390\/"]}]},{"@type":"ImageObject","inLanguage":"pt-PT","@id":"https:\/\/3coty.com\/pt-pt\/p\/11-turkey-390\/#primaryimage","url":"https:\/\/3coty.com\/wp-content\/uploads\/2025\/07\/3coty-p-11-390-01.jpg","contentUrl":"https:\/\/3coty.com\/wp-content\/uploads\/2025\/07\/3coty-p-11-390-01.jpg","width":1024,"height":1024},{"@type":"BreadcrumbList","@id":"https:\/\/3coty.com\/pt-pt\/p\/11-turkey-390\/#breadcrumb","itemListElement":[{"@type":"ListItem","position":1,"name":"Home","item":"https:\/\/3coty.com\/pt-pt\/"},{"@type":"ListItem","position":2,"name":"LOJA","item":"https:\/\/3coty.com\/pt-pt\/shop\/"},{"@type":"ListItem","position":3,"name":"11. PERU Controlo de peso 390"}]},{"@type":"WebSite","@id":"https:\/\/3coty.com\/pt-pt\/#website","url":"https:\/\/3coty.com\/pt-pt\/","name":"3coty\u00ae","description":"Meat-only Cat Food","publisher":{"@id":"https:\/\/3coty.com\/pt-pt\/#organization"},"potentialAction":[{"@type":"SearchAction","target":{"@type":"EntryPoint","urlTemplate":"https:\/\/3coty.com\/pt-pt\/?s={search_term_string}"},"query-input":{"@type":"PropertyValueSpecification","valueRequired":true,"valueName":"search_term_string"}}],"inLanguage":"pt-PT"},{"@type":"Organization","@id":"https:\/\/3coty.com\/pt-pt\/#organization","name":"3coty\u00ae","alternateName":"3coty","url":"https:\/\/3coty.com\/pt-pt\/","logo":{"@type":"ImageObject","inLanguage":"pt-PT","@id":"https:\/\/3coty.com\/pt-pt\/#\/schema\/logo\/image\/","url":"https:\/\/3coty.com\/wp-content\/uploads\/2025\/05\/icon-3coty-logo.svg","contentUrl":"https:\/\/3coty.com\/wp-content\/uploads\/2025\/05\/icon-3coty-logo.svg","width":283,"height":283,"caption":"3coty\u00ae"},"image":{"@id":"https:\/\/3coty.com\/pt-pt\/#\/schema\/logo\/image\/"},"sameAs":["https:\/\/www.facebook.com\/3coty","https:\/\/x.com\/3cotyCom","https:\/\/www.instagram.com\/3coty","https:\/\/www.linkedin.com\/company\/3coty","https:\/\/www.youtube.com\/@3coty"]}]},"product_price_amount":"5.75","product_price_currency":"EUR","og_availability":"out of stock","product_availability":"out of stock","product_retailer_item_id":"390T 11TU \/ 5901785315653","product_condition":"new"},"_links":{"self":[{"href":"https:\/\/3coty.com\/pt-pt\/wp-json\/wp\/v2\/product\/36391","targetHints":{"allow":["GET"]}}],"collection":[{"href":"https:\/\/3coty.com\/pt-pt\/wp-json\/wp\/v2\/product"}],"about":[{"href":"https:\/\/3coty.com\/pt-pt\/wp-json\/wp\/v2\/types\/product"}],"version-history":[{"count":4,"href":"https:\/\/3coty.com\/pt-pt\/wp-json\/wp\/v2\/product\/36391\/revisions"}],"predecessor-version":[{"id":58283,"href":"https:\/\/3coty.com\/pt-pt\/wp-json\/wp\/v2\/product\/36391\/revisions\/58283"}],"wp:featuredmedia":[{"embeddable":true,"href":"https:\/\/3coty.com\/pt-pt\/wp-json\/wp\/v2\/media\/58037"}],"wp:attachment":[{"href":"https:\/\/3coty.com\/pt-pt\/wp-json\/wp\/v2\/media?parent=36391"}],"wp:term":[{"taxonomy":"product_brand","embeddable":true,"href":"https:\/\/3coty.com\/pt-pt\/wp-json\/wp\/v2\/product_brand?post=36391"},{"taxonomy":"product_cat","embeddable":true,"href":"https:\/\/3coty.com\/pt-pt\/wp-json\/wp\/v2\/product_cat?post=36391"},{"taxonomy":"product_tag","embeddable":true,"href":"https:\/\/3coty.com\/pt-pt\/wp-json\/wp\/v2\/product_tag?post=36391"}],"curies":[{"name":"wp","href":"https:\/\/api.w.org\/{rel}","templated":true}]}}