{"id":36379,"date":"2025-05-23T11:30:08","date_gmt":"2025-05-23T11:30:08","guid":{"rendered":"https:\/\/3coty.com\/p\/06-goose-390\/"},"modified":"2025-12-20T14:49:34","modified_gmt":"2025-12-20T14:49:34","slug":"06-goose-390","status":"publish","type":"product","link":"https:\/\/3coty.com\/pt-pt\/p\/06-goose-390\/","title":{"rendered":"06. GANSO 390"},"content":{"rendered":"<p><a href=\"https:\/\/3coty.com\/wp-content\/uploads\/2025\/07\/3coty-p-06-tab-1.svg\"><img fetchpriority=\"high\" decoding=\"async\" class=\"alignnone size-full wp-image-59919\" role=\"img\" src=\"https:\/\/3coty.com\/wp-content\/uploads\/2025\/07\/3coty-p-06-tab-1.svg\" alt=\"\" width=\"283\" height=\"283\" \/><\/a><\/p>\n<h2>ALIMENTO NATURAL E COMPLETO PARA GATOS 3COTY\u00ae<\/h2>\n<p><strong>100% INGREDIENTES NATURAIS DE CARNE e derivados de origem animal, cozinhados no seu pr\u00f3prio caldo nutritivo<\/strong><\/p>\n<p>Formulado com a carne mais escura da nossa gama, este alimento h\u00famido 100\u202f% ganso \u00e9 uma op\u00e7\u00e3o monoproteica para dietas de elimina\u00e7\u00e3o e controlo de peso. Com baixo teor de gordura e alto valor nutricional, \u00e9 adequado para todos os gatos adultos, especialmente esterilizados. Um alimento natural, completo e equilibrado cuja disponibilidade depende da sazonalidade.<\/p>\n<p>O ganso \u00e9 a nossa carne mais magra, altamente nutritiva e ideal para gatos esterilizados ou com excesso de peso.<\/p>\n","protected":false},"excerpt":{"rendered":"<p><a href=\"https:\/\/3coty.com\/wp-content\/uploads\/2025\/07\/3coty-p-06-description-1.svg\"><img decoding=\"async\" class=\"alignnone wp-image-59883\" role=\"img\" src=\"https:\/\/3coty.com\/wp-content\/uploads\/2025\/07\/3coty-p-06-description-1.svg\" alt=\"\" width=\"350\" \/><\/a><\/p>\n<p><strong>PARA GATOS ESTERILIZADOS E ADULTOS<\/strong> | PAT\u00c9 | ALIMENTA\u00c7\u00c3O MONOPROTEICA PARA GATOS<\/p>\n<p><a href=\"https:\/\/3coty.com\/wp-content\/uploads\/2025\/07\/3coty-p-06-description-2.svg\"><img decoding=\"async\" class=\"alignnone size-full wp-image-59901\" role=\"img\" src=\"https:\/\/3coty.com\/wp-content\/uploads\/2025\/07\/3coty-p-06-description-2.svg\" alt=\"\" width=\"506\" height=\"85\" \/><\/a><\/p>\n","protected":false},"featured_media":60148,"template":"","meta":{"_acf_changed":false},"product_brand":[1952],"product_cat":[367,383],"product_tag":[831],"class_list":{"0":"post-36379","1":"product","2":"type-product","3":"status-publish","4":"has-post-thumbnail","6":"product_brand-3coty","7":"product_cat-for-adult-cats","8":"product_cat-for-sterilised-cats","9":"product_tag-06go","11":"first","12":"outofstock","13":"featured","14":"taxable","15":"shipping-taxable","16":"purchasable","17":"product-type-simple"},"acf":[],"yoast_head":"<!-- This site is optimized with the Yoast SEO Premium plugin v27.4 (Yoast SEO v27.4) - https:\/\/yoast.com\/product\/yoast-seo-premium-wordpress\/ -->\n<title>06. GANSO 390 (390g) | Para gatos adultos | 3coty\u00ae Comida Natural para Gatos 100% Carne<\/title>\n<meta name=\"description\" content=\"Este alimento h\u00famido monoproteico 100 % ganso \u00e9 preparado com carne escura que \u00e9 naturalmente pobre em gordura e rica em nutrientes. \u00c9 adequado para todos os gatos adultos e \u00e9 ideal para gatos esterilizados e para dietas de elimina\u00e7\u00e3o enquanto apoia o controlo de peso. Um alimento natural completo e equilibrado 3coty\u00ae feito apenas de carne.\" \/>\n<meta name=\"robots\" content=\"index, follow, max-snippet:-1, max-image-preview:large, max-video-preview:-1\" \/>\n<link rel=\"canonical\" href=\"https:\/\/3coty.com\/pt-pt\/p\/06-goose-390\/\" \/>\n<meta property=\"og:locale\" content=\"pt_PT\" \/>\n<meta property=\"og:type\" content=\"article\" \/>\n<meta property=\"og:title\" content=\"06. GANSO 390 (390g) | Para gatos adultos | 3coty\u00ae Comida Natural para Gatos 100% Carne\" \/>\n<meta property=\"og:description\" content=\"Este alimento h\u00famido monoproteico 100 % ganso \u00e9 preparado com carne escura que \u00e9 naturalmente pobre em gordura e rica em nutrientes. \u00c9 adequado para todos os gatos adultos e \u00e9 ideal para gatos esterilizados e para dietas de elimina\u00e7\u00e3o enquanto apoia o controlo de peso. Um alimento natural completo e equilibrado 3coty\u00ae feito apenas de carne.\" \/>\n<meta property=\"og:url\" content=\"https:\/\/3coty.com\/pt-pt\/p\/06-goose-390\/\" \/>\n<meta property=\"og:site_name\" content=\"3coty\u00ae\" \/>\n<meta property=\"article:publisher\" content=\"https:\/\/www.facebook.com\/3coty\" \/>\n<meta property=\"article:modified_time\" content=\"2025-12-20T14:49:34+00:00\" \/>\n<meta property=\"og:image\" content=\"https:\/\/3coty.com\/wp-content\/uploads\/2025\/12\/3coty-06-goose-390-meat-only-cat-food.jpg\" \/>\n\t<meta property=\"og:image:width\" content=\"1200\" \/>\n\t<meta property=\"og:image:height\" content=\"630\" \/>\n\t<meta property=\"og:image:type\" content=\"image\/jpeg\" \/>\n<meta name=\"twitter:card\" content=\"summary_large_image\" \/>\n<meta name=\"twitter:title\" content=\"06. GANSO 390 (390g) | Para gatos adultos | 3coty\u00ae Comida Natural para Gatos 100% Carne\" \/>\n<meta name=\"twitter:description\" content=\"Este alimento h\u00famido monoproteico 100 % ganso \u00e9 preparado com carne escura que \u00e9 naturalmente pobre em gordura e rica em nutrientes. \u00c9 adequado para todos os gatos adultos e \u00e9 ideal para gatos esterilizados e para dietas de elimina\u00e7\u00e3o enquanto apoia o controlo de peso. Um alimento natural completo e equilibrado 3coty\u00ae feito apenas de carne.\" \/>\n<meta name=\"twitter:image\" content=\"https:\/\/3coty.com\/wp-content\/uploads\/2025\/12\/3coty-06-goose-390-meat-only-cat-food.jpg\" \/>\n<meta name=\"twitter:site\" content=\"@3cotyCom\" \/>\n<meta name=\"twitter:label1\" content=\"pre\u00e7o\" \/>\n\t<meta name=\"twitter:data1\" content=\"\u20ac&nbsp;6.50\" \/>\n\t<meta name=\"twitter:label2\" content=\"Disponibilidade\" \/>\n\t<meta name=\"twitter:data2\" content=\"Esgotado\" \/>\n<script type=\"application\/ld+json\" class=\"yoast-schema-graph\">{\"@context\":\"https:\\\/\\\/schema.org\",\"@graph\":[{\"@type\":\"WebPage\",\"@id\":\"https:\\\/\\\/3coty.com\\\/pt-pt\\\/p\\\/06-goose-390\\\/\",\"url\":\"https:\\\/\\\/3coty.com\\\/pt-pt\\\/p\\\/06-goose-390\\\/\",\"name\":\"06. GANSO 390 (390g) | Para gatos adultos | 3coty\u00ae Comida Natural para Gatos 100% Carne\",\"isPartOf\":{\"@id\":\"https:\\\/\\\/3coty.com\\\/pt-pt\\\/#website\"},\"primaryImageOfPage\":{\"@id\":\"https:\\\/\\\/3coty.com\\\/pt-pt\\\/p\\\/06-goose-390\\\/#primaryimage\"},\"image\":{\"@id\":\"https:\\\/\\\/3coty.com\\\/pt-pt\\\/p\\\/06-goose-390\\\/#primaryimage\"},\"thumbnailUrl\":\"https:\\\/\\\/3coty.com\\\/wp-content\\\/uploads\\\/2025\\\/07\\\/3coty-p-06-390-01.jpg\",\"datePublished\":\"2025-05-23T11:30:08+00:00\",\"dateModified\":\"2025-12-20T14:49:34+00:00\",\"description\":\"Este alimento h\u00famido monoproteico 100 % ganso \u00e9 preparado com carne escura que \u00e9 naturalmente pobre em gordura e rica em nutrientes. \u00c9 adequado para todos os gatos adultos e \u00e9 ideal para gatos esterilizados e para dietas de elimina\u00e7\u00e3o enquanto apoia o controlo de peso. Um alimento natural completo e equilibrado 3coty\u00ae feito apenas de carne.\",\"breadcrumb\":{\"@id\":\"https:\\\/\\\/3coty.com\\\/pt-pt\\\/p\\\/06-goose-390\\\/#breadcrumb\"},\"inLanguage\":\"pt-PT\",\"potentialAction\":[{\"@type\":\"ReadAction\",\"target\":[\"https:\\\/\\\/3coty.com\\\/pt-pt\\\/p\\\/06-goose-390\\\/\"]}]},{\"@type\":\"ImageObject\",\"inLanguage\":\"pt-PT\",\"@id\":\"https:\\\/\\\/3coty.com\\\/pt-pt\\\/p\\\/06-goose-390\\\/#primaryimage\",\"url\":\"https:\\\/\\\/3coty.com\\\/wp-content\\\/uploads\\\/2025\\\/07\\\/3coty-p-06-390-01.jpg\",\"contentUrl\":\"https:\\\/\\\/3coty.com\\\/wp-content\\\/uploads\\\/2025\\\/07\\\/3coty-p-06-390-01.jpg\",\"width\":1024,\"height\":1024},{\"@type\":\"BreadcrumbList\",\"@id\":\"https:\\\/\\\/3coty.com\\\/pt-pt\\\/p\\\/06-goose-390\\\/#breadcrumb\",\"itemListElement\":[{\"@type\":\"ListItem\",\"position\":1,\"name\":\"Home\",\"item\":\"https:\\\/\\\/3coty.com\\\/pt-pt\\\/\"},{\"@type\":\"ListItem\",\"position\":2,\"name\":\"LOJA\",\"item\":\"https:\\\/\\\/3coty.com\\\/pt-pt\\\/shop\\\/\"},{\"@type\":\"ListItem\",\"position\":3,\"name\":\"06. GANSO 390\"}]},{\"@type\":\"WebSite\",\"@id\":\"https:\\\/\\\/3coty.com\\\/pt-pt\\\/#website\",\"url\":\"https:\\\/\\\/3coty.com\\\/pt-pt\\\/\",\"name\":\"3coty\u00ae\",\"description\":\"Meat-only Cat Food\",\"publisher\":{\"@id\":\"https:\\\/\\\/3coty.com\\\/pt-pt\\\/#organization\"},\"potentialAction\":[{\"@type\":\"SearchAction\",\"target\":{\"@type\":\"EntryPoint\",\"urlTemplate\":\"https:\\\/\\\/3coty.com\\\/pt-pt\\\/?s={search_term_string}\"},\"query-input\":{\"@type\":\"PropertyValueSpecification\",\"valueRequired\":true,\"valueName\":\"search_term_string\"}}],\"inLanguage\":\"pt-PT\"},{\"@type\":\"Organization\",\"@id\":\"https:\\\/\\\/3coty.com\\\/pt-pt\\\/#organization\",\"name\":\"3coty\u00ae\",\"alternateName\":\"3coty\",\"url\":\"https:\\\/\\\/3coty.com\\\/pt-pt\\\/\",\"logo\":{\"@type\":\"ImageObject\",\"inLanguage\":\"pt-PT\",\"@id\":\"https:\\\/\\\/3coty.com\\\/pt-pt\\\/#\\\/schema\\\/logo\\\/image\\\/\",\"url\":\"https:\\\/\\\/3coty.com\\\/wp-content\\\/uploads\\\/2025\\\/05\\\/icon-3coty-logo.svg\",\"contentUrl\":\"https:\\\/\\\/3coty.com\\\/wp-content\\\/uploads\\\/2025\\\/05\\\/icon-3coty-logo.svg\",\"width\":283,\"height\":283,\"caption\":\"3coty\u00ae\"},\"image\":{\"@id\":\"https:\\\/\\\/3coty.com\\\/pt-pt\\\/#\\\/schema\\\/logo\\\/image\\\/\"},\"sameAs\":[\"https:\\\/\\\/www.facebook.com\\\/3coty\",\"https:\\\/\\\/x.com\\\/3cotyCom\",\"https:\\\/\\\/www.instagram.com\\\/3coty\",\"https:\\\/\\\/www.linkedin.com\\\/company\\\/3coty\",\"https:\\\/\\\/www.youtube.com\\\/@3coty\"]}]}<\/script>\n<meta property=\"product:price:amount\" content=\"6.50\" \/>\n<meta property=\"product:price:currency\" content=\"EUR\" \/>\n<meta property=\"og:availability\" content=\"out of stock\" \/>\n<meta property=\"product:availability\" content=\"out of stock\" \/>\n<meta property=\"product:retailer_item_id\" content=\"390T 06GO \/ 5901785317251\" \/>\n<meta property=\"product:condition\" content=\"new\" \/>\n<!-- \/ Yoast SEO Premium plugin. -->","yoast_head_json":{"title":"06. GANSO 390 (390g) | Para gatos adultos | 3coty\u00ae Comida Natural para Gatos 100% Carne","description":"Este alimento h\u00famido monoproteico 100 % ganso \u00e9 preparado com carne escura que \u00e9 naturalmente pobre em gordura e rica em nutrientes. \u00c9 adequado para todos os gatos adultos e \u00e9 ideal para gatos esterilizados e para dietas de elimina\u00e7\u00e3o enquanto apoia o controlo de peso. Um alimento natural completo e equilibrado 3coty\u00ae feito apenas de carne.","robots":{"index":"index","follow":"follow","max-snippet":"max-snippet:-1","max-image-preview":"max-image-preview:large","max-video-preview":"max-video-preview:-1"},"canonical":"https:\/\/3coty.com\/pt-pt\/p\/06-goose-390\/","og_locale":"pt_PT","og_type":"article","og_title":"06. GANSO 390 (390g) | Para gatos adultos | 3coty\u00ae Comida Natural para Gatos 100% Carne","og_description":"Este alimento h\u00famido monoproteico 100 % ganso \u00e9 preparado com carne escura que \u00e9 naturalmente pobre em gordura e rica em nutrientes. \u00c9 adequado para todos os gatos adultos e \u00e9 ideal para gatos esterilizados e para dietas de elimina\u00e7\u00e3o enquanto apoia o controlo de peso. Um alimento natural completo e equilibrado 3coty\u00ae feito apenas de carne.","og_url":"https:\/\/3coty.com\/pt-pt\/p\/06-goose-390\/","og_site_name":"3coty\u00ae","article_publisher":"https:\/\/www.facebook.com\/3coty","article_modified_time":"2025-12-20T14:49:34+00:00","og_image":[{"width":1200,"height":630,"url":"https:\/\/3coty.com\/wp-content\/uploads\/2025\/12\/3coty-06-goose-390-meat-only-cat-food.jpg","type":"image\/jpeg"}],"twitter_card":"summary_large_image","twitter_title":"06. GANSO 390 (390g) | Para gatos adultos | 3coty\u00ae Comida Natural para Gatos 100% Carne","twitter_description":"Este alimento h\u00famido monoproteico 100 % ganso \u00e9 preparado com carne escura que \u00e9 naturalmente pobre em gordura e rica em nutrientes. \u00c9 adequado para todos os gatos adultos e \u00e9 ideal para gatos esterilizados e para dietas de elimina\u00e7\u00e3o enquanto apoia o controlo de peso. Um alimento natural completo e equilibrado 3coty\u00ae feito apenas de carne.","twitter_image":"https:\/\/3coty.com\/wp-content\/uploads\/2025\/12\/3coty-06-goose-390-meat-only-cat-food.jpg","twitter_site":"@3cotyCom","twitter_misc":{"pre\u00e7o":"\u20ac&nbsp;6.50","Disponibilidade":"Esgotado"},"schema":{"@context":"https:\/\/schema.org","@graph":[{"@type":"WebPage","@id":"https:\/\/3coty.com\/pt-pt\/p\/06-goose-390\/","url":"https:\/\/3coty.com\/pt-pt\/p\/06-goose-390\/","name":"06. GANSO 390 (390g) | Para gatos adultos | 3coty\u00ae Comida Natural para Gatos 100% Carne","isPartOf":{"@id":"https:\/\/3coty.com\/pt-pt\/#website"},"primaryImageOfPage":{"@id":"https:\/\/3coty.com\/pt-pt\/p\/06-goose-390\/#primaryimage"},"image":{"@id":"https:\/\/3coty.com\/pt-pt\/p\/06-goose-390\/#primaryimage"},"thumbnailUrl":"https:\/\/3coty.com\/wp-content\/uploads\/2025\/07\/3coty-p-06-390-01.jpg","datePublished":"2025-05-23T11:30:08+00:00","dateModified":"2025-12-20T14:49:34+00:00","description":"Este alimento h\u00famido monoproteico 100 % ganso \u00e9 preparado com carne escura que \u00e9 naturalmente pobre em gordura e rica em nutrientes. \u00c9 adequado para todos os gatos adultos e \u00e9 ideal para gatos esterilizados e para dietas de elimina\u00e7\u00e3o enquanto apoia o controlo de peso. Um alimento natural completo e equilibrado 3coty\u00ae feito apenas de carne.","breadcrumb":{"@id":"https:\/\/3coty.com\/pt-pt\/p\/06-goose-390\/#breadcrumb"},"inLanguage":"pt-PT","potentialAction":[{"@type":"ReadAction","target":["https:\/\/3coty.com\/pt-pt\/p\/06-goose-390\/"]}]},{"@type":"ImageObject","inLanguage":"pt-PT","@id":"https:\/\/3coty.com\/pt-pt\/p\/06-goose-390\/#primaryimage","url":"https:\/\/3coty.com\/wp-content\/uploads\/2025\/07\/3coty-p-06-390-01.jpg","contentUrl":"https:\/\/3coty.com\/wp-content\/uploads\/2025\/07\/3coty-p-06-390-01.jpg","width":1024,"height":1024},{"@type":"BreadcrumbList","@id":"https:\/\/3coty.com\/pt-pt\/p\/06-goose-390\/#breadcrumb","itemListElement":[{"@type":"ListItem","position":1,"name":"Home","item":"https:\/\/3coty.com\/pt-pt\/"},{"@type":"ListItem","position":2,"name":"LOJA","item":"https:\/\/3coty.com\/pt-pt\/shop\/"},{"@type":"ListItem","position":3,"name":"06. GANSO 390"}]},{"@type":"WebSite","@id":"https:\/\/3coty.com\/pt-pt\/#website","url":"https:\/\/3coty.com\/pt-pt\/","name":"3coty\u00ae","description":"Meat-only Cat Food","publisher":{"@id":"https:\/\/3coty.com\/pt-pt\/#organization"},"potentialAction":[{"@type":"SearchAction","target":{"@type":"EntryPoint","urlTemplate":"https:\/\/3coty.com\/pt-pt\/?s={search_term_string}"},"query-input":{"@type":"PropertyValueSpecification","valueRequired":true,"valueName":"search_term_string"}}],"inLanguage":"pt-PT"},{"@type":"Organization","@id":"https:\/\/3coty.com\/pt-pt\/#organization","name":"3coty\u00ae","alternateName":"3coty","url":"https:\/\/3coty.com\/pt-pt\/","logo":{"@type":"ImageObject","inLanguage":"pt-PT","@id":"https:\/\/3coty.com\/pt-pt\/#\/schema\/logo\/image\/","url":"https:\/\/3coty.com\/wp-content\/uploads\/2025\/05\/icon-3coty-logo.svg","contentUrl":"https:\/\/3coty.com\/wp-content\/uploads\/2025\/05\/icon-3coty-logo.svg","width":283,"height":283,"caption":"3coty\u00ae"},"image":{"@id":"https:\/\/3coty.com\/pt-pt\/#\/schema\/logo\/image\/"},"sameAs":["https:\/\/www.facebook.com\/3coty","https:\/\/x.com\/3cotyCom","https:\/\/www.instagram.com\/3coty","https:\/\/www.linkedin.com\/company\/3coty","https:\/\/www.youtube.com\/@3coty"]}]},"product_price_amount":"6.50","product_price_currency":"EUR","og_availability":"out of stock","product_availability":"out of stock","product_retailer_item_id":"390T 06GO \/ 5901785317251","product_condition":"new"},"_links":{"self":[{"href":"https:\/\/3coty.com\/pt-pt\/wp-json\/wp\/v2\/product\/36379","targetHints":{"allow":["GET"]}}],"collection":[{"href":"https:\/\/3coty.com\/pt-pt\/wp-json\/wp\/v2\/product"}],"about":[{"href":"https:\/\/3coty.com\/pt-pt\/wp-json\/wp\/v2\/types\/product"}],"version-history":[{"count":4,"href":"https:\/\/3coty.com\/pt-pt\/wp-json\/wp\/v2\/product\/36379\/revisions"}],"predecessor-version":[{"id":60396,"href":"https:\/\/3coty.com\/pt-pt\/wp-json\/wp\/v2\/product\/36379\/revisions\/60396"}],"wp:featuredmedia":[{"embeddable":true,"href":"https:\/\/3coty.com\/pt-pt\/wp-json\/wp\/v2\/media\/60148"}],"wp:attachment":[{"href":"https:\/\/3coty.com\/pt-pt\/wp-json\/wp\/v2\/media?parent=36379"}],"wp:term":[{"taxonomy":"product_brand","embeddable":true,"href":"https:\/\/3coty.com\/pt-pt\/wp-json\/wp\/v2\/product_brand?post=36379"},{"taxonomy":"product_cat","embeddable":true,"href":"https:\/\/3coty.com\/pt-pt\/wp-json\/wp\/v2\/product_cat?post=36379"},{"taxonomy":"product_tag","embeddable":true,"href":"https:\/\/3coty.com\/pt-pt\/wp-json\/wp\/v2\/product_tag?post=36379"}],"curies":[{"name":"wp","href":"https:\/\/api.w.org\/{rel}","templated":true}]}}