{"id":36371,"date":"2025-05-23T09:53:36","date_gmt":"2025-05-23T09:53:36","guid":{"rendered":"https:\/\/3coty.com\/p\/04-turkey-390\/"},"modified":"2026-03-17T18:42:46","modified_gmt":"2026-03-17T18:42:46","slug":"04-turkey-390","status":"publish","type":"product","link":"https:\/\/3coty.com\/pt-pt\/p\/04-turkey-390\/","title":{"rendered":"04. PERU 390"},"content":{"rendered":"<p><a href=\"https:\/\/3coty.com\/wp-content\/uploads\/2025\/07\/3coty-p-04-tab-1.svg\"><img fetchpriority=\"high\" decoding=\"async\" class=\"alignnone size-full wp-image-61345\" role=\"img\" src=\"https:\/\/3coty.com\/wp-content\/uploads\/2025\/07\/3coty-p-04-tab-1.svg\" alt=\"\" width=\"283\" height=\"283\" \/><\/a><\/p>\n<h2>ALIMENTO NATURAL E COMPLETO PARA GATOS 3COTY\u00ae<\/h2>\n<p><strong>100% INGREDIENTES NATURAIS DE CARNE e derivados de origem animal, cozinhados no seu pr\u00f3prio caldo nutritivo<\/strong><\/p>\n<p>Este alimento h\u00famido natural, completo e equilibrado com 100\u202f% de peru tem um sabor semelhante ao do frango e pode ser usado como dieta de elimina\u00e7\u00e3o monoproteica se suspeitar que o seu gato tem alergia ao frango. Esta ra\u00e7\u00e3o com ingredientes limitados \u00e9 feita com carne escura de peru, incluindo pernas, pesco\u00e7os e v\u00edsceras. Sem aromatizantes, corantes ou conservantes adicionados.<\/p>\n<p>Dieta de elimina\u00e7\u00e3o ideal para gatos com alergia ao frango. 100% peru monoproteico com sabor neutro e carne escura.<\/p>\n","protected":false},"excerpt":{"rendered":"<p><a href=\"https:\/\/3coty.com\/wp-content\/uploads\/2025\/07\/3coty-p-04-description-1.svg\"><img decoding=\"async\" class=\"alignnone size-medium wp-image-61309\" role=\"img\" src=\"https:\/\/3coty.com\/wp-content\/uploads\/2025\/07\/3coty-p-04-description-1.svg\" alt=\"\" width=\"300\" height=\"300\" \/><\/a><\/p>\n<p><strong>PARA GATOS ADULTOS<\/strong> | PAT\u00c9 | ALIMENTA\u00c7\u00c3O MONOPROTEICA PARA GATOS<\/p>\n<p><a href=\"https:\/\/3coty.com\/wp-content\/uploads\/2025\/07\/3coty-p-04-description-2.svg\"><img decoding=\"async\" class=\"alignnone size-full wp-image-61327\" role=\"img\" src=\"https:\/\/3coty.com\/wp-content\/uploads\/2025\/07\/3coty-p-04-description-2.svg\" alt=\"\" width=\"506\" height=\"85\" \/><\/a><\/p>\n","protected":false},"featured_media":61574,"template":"","meta":{"_acf_changed":false},"product_brand":[1952],"product_cat":[367],"product_tag":[795],"class_list":{"0":"post-36371","1":"product","2":"type-product","3":"status-publish","4":"has-post-thumbnail","6":"product_brand-3coty","7":"product_cat-for-adult-cats","8":"product_tag-04tu","10":"first","11":"instock","12":"featured","13":"taxable","14":"shipping-taxable","15":"purchasable","16":"product-type-simple"},"acf":[],"yoast_head":"<!-- This site is optimized with the Yoast SEO Premium plugin v27.4 (Yoast SEO v27.4) - https:\/\/yoast.com\/product\/yoast-seo-premium-wordpress\/ -->\n<title>04. PERU 390 (390g) | Para gatos adultos | 3coty\u00ae Comida Natural para Gatos 100% Carne<\/title>\n<meta name=\"description\" content=\"Alimenta\u00e7\u00e3o h\u00famida monoproteica 100% peru para dietas de elimina\u00e7\u00e3o sem alterar o sabor. Receita com ingredientes limitados feita de carne escura e miudezas.\" \/>\n<meta name=\"robots\" content=\"index, follow, max-snippet:-1, max-image-preview:large, max-video-preview:-1\" \/>\n<link rel=\"canonical\" href=\"https:\/\/3coty.com\/pt-pt\/p\/04-turkey-390\/\" \/>\n<meta property=\"og:locale\" content=\"pt_PT\" \/>\n<meta property=\"og:type\" content=\"article\" \/>\n<meta property=\"og:title\" content=\"04. PERU 390 (390g) | Para gatos adultos | 3coty\u00ae Comida Natural para Gatos 100% Carne\" \/>\n<meta property=\"og:description\" content=\"Alimenta\u00e7\u00e3o h\u00famida monoproteica 100% peru para dietas de elimina\u00e7\u00e3o sem alterar o sabor. Receita com ingredientes limitados feita de carne escura e miudezas.\" \/>\n<meta property=\"og:url\" content=\"https:\/\/3coty.com\/pt-pt\/p\/04-turkey-390\/\" \/>\n<meta property=\"og:site_name\" content=\"3coty\u00ae\" \/>\n<meta property=\"article:publisher\" content=\"https:\/\/www.facebook.com\/3coty\" \/>\n<meta property=\"article:modified_time\" content=\"2026-03-17T18:42:46+00:00\" \/>\n<meta property=\"og:image\" content=\"https:\/\/3coty.com\/wp-content\/uploads\/2025\/10\/3coty-04-turkey-390-meat-only-cat-food.jpg\" \/>\n\t<meta property=\"og:image:width\" content=\"1200\" \/>\n\t<meta property=\"og:image:height\" content=\"630\" \/>\n\t<meta property=\"og:image:type\" content=\"image\/jpeg\" \/>\n<meta name=\"twitter:card\" content=\"summary_large_image\" \/>\n<meta name=\"twitter:title\" content=\"04. PERU 390 (390g) | Para gatos adultos | 3coty\u00ae Comida Natural para Gatos 100% Carne\" \/>\n<meta name=\"twitter:description\" content=\"Alimenta\u00e7\u00e3o h\u00famida monoproteica 100% peru para dietas de elimina\u00e7\u00e3o sem alterar o sabor. Receita com ingredientes limitados feita de carne escura e miudezas.\" \/>\n<meta name=\"twitter:image\" content=\"https:\/\/3coty.com\/wp-content\/uploads\/2025\/10\/3coty-04-turkey-390-meat-only-cat-food.jpg\" \/>\n<meta name=\"twitter:site\" content=\"@3cotyCom\" \/>\n<meta name=\"twitter:label1\" content=\"pre\u00e7o\" \/>\n\t<meta name=\"twitter:data1\" content=\"\u20ac&nbsp;4.50\" \/>\n\t<meta name=\"twitter:label2\" content=\"Disponibilidade\" \/>\n\t<meta name=\"twitter:data2\" content=\"Em stock\" \/>\n<script type=\"application\/ld+json\" class=\"yoast-schema-graph\">{\"@context\":\"https:\\\/\\\/schema.org\",\"@graph\":[{\"@type\":\"WebPage\",\"@id\":\"https:\\\/\\\/3coty.com\\\/pt-pt\\\/p\\\/04-turkey-390\\\/\",\"url\":\"https:\\\/\\\/3coty.com\\\/pt-pt\\\/p\\\/04-turkey-390\\\/\",\"name\":\"04. PERU 390 (390g) | Para gatos adultos | 3coty\u00ae Comida Natural para Gatos 100% Carne\",\"isPartOf\":{\"@id\":\"https:\\\/\\\/3coty.com\\\/pt-pt\\\/#website\"},\"primaryImageOfPage\":{\"@id\":\"https:\\\/\\\/3coty.com\\\/pt-pt\\\/p\\\/04-turkey-390\\\/#primaryimage\"},\"image\":{\"@id\":\"https:\\\/\\\/3coty.com\\\/pt-pt\\\/p\\\/04-turkey-390\\\/#primaryimage\"},\"thumbnailUrl\":\"https:\\\/\\\/3coty.com\\\/wp-content\\\/uploads\\\/2025\\\/07\\\/3coty-p-04-390-01.jpg\",\"datePublished\":\"2025-05-23T09:53:36+00:00\",\"dateModified\":\"2026-03-17T18:42:46+00:00\",\"description\":\"Alimenta\u00e7\u00e3o h\u00famida monoproteica 100% peru para dietas de elimina\u00e7\u00e3o sem alterar o sabor. Receita com ingredientes limitados feita de carne escura e miudezas.\",\"breadcrumb\":{\"@id\":\"https:\\\/\\\/3coty.com\\\/pt-pt\\\/p\\\/04-turkey-390\\\/#breadcrumb\"},\"inLanguage\":\"pt-PT\",\"potentialAction\":[{\"@type\":\"ReadAction\",\"target\":[\"https:\\\/\\\/3coty.com\\\/pt-pt\\\/p\\\/04-turkey-390\\\/\"]}]},{\"@type\":\"ImageObject\",\"inLanguage\":\"pt-PT\",\"@id\":\"https:\\\/\\\/3coty.com\\\/pt-pt\\\/p\\\/04-turkey-390\\\/#primaryimage\",\"url\":\"https:\\\/\\\/3coty.com\\\/wp-content\\\/uploads\\\/2025\\\/07\\\/3coty-p-04-390-01.jpg\",\"contentUrl\":\"https:\\\/\\\/3coty.com\\\/wp-content\\\/uploads\\\/2025\\\/07\\\/3coty-p-04-390-01.jpg\",\"width\":1024,\"height\":1024},{\"@type\":\"BreadcrumbList\",\"@id\":\"https:\\\/\\\/3coty.com\\\/pt-pt\\\/p\\\/04-turkey-390\\\/#breadcrumb\",\"itemListElement\":[{\"@type\":\"ListItem\",\"position\":1,\"name\":\"Home\",\"item\":\"https:\\\/\\\/3coty.com\\\/pt-pt\\\/\"},{\"@type\":\"ListItem\",\"position\":2,\"name\":\"LOJA\",\"item\":\"https:\\\/\\\/3coty.com\\\/pt-pt\\\/shop\\\/\"},{\"@type\":\"ListItem\",\"position\":3,\"name\":\"04. PERU 390\"}]},{\"@type\":\"WebSite\",\"@id\":\"https:\\\/\\\/3coty.com\\\/pt-pt\\\/#website\",\"url\":\"https:\\\/\\\/3coty.com\\\/pt-pt\\\/\",\"name\":\"3coty\u00ae\",\"description\":\"Meat-only Cat Food\",\"publisher\":{\"@id\":\"https:\\\/\\\/3coty.com\\\/pt-pt\\\/#organization\"},\"potentialAction\":[{\"@type\":\"SearchAction\",\"target\":{\"@type\":\"EntryPoint\",\"urlTemplate\":\"https:\\\/\\\/3coty.com\\\/pt-pt\\\/?s={search_term_string}\"},\"query-input\":{\"@type\":\"PropertyValueSpecification\",\"valueRequired\":true,\"valueName\":\"search_term_string\"}}],\"inLanguage\":\"pt-PT\"},{\"@type\":\"Organization\",\"@id\":\"https:\\\/\\\/3coty.com\\\/pt-pt\\\/#organization\",\"name\":\"3coty\u00ae\",\"alternateName\":\"3coty\",\"url\":\"https:\\\/\\\/3coty.com\\\/pt-pt\\\/\",\"logo\":{\"@type\":\"ImageObject\",\"inLanguage\":\"pt-PT\",\"@id\":\"https:\\\/\\\/3coty.com\\\/pt-pt\\\/#\\\/schema\\\/logo\\\/image\\\/\",\"url\":\"https:\\\/\\\/3coty.com\\\/wp-content\\\/uploads\\\/2025\\\/05\\\/icon-3coty-logo.svg\",\"contentUrl\":\"https:\\\/\\\/3coty.com\\\/wp-content\\\/uploads\\\/2025\\\/05\\\/icon-3coty-logo.svg\",\"width\":283,\"height\":283,\"caption\":\"3coty\u00ae\"},\"image\":{\"@id\":\"https:\\\/\\\/3coty.com\\\/pt-pt\\\/#\\\/schema\\\/logo\\\/image\\\/\"},\"sameAs\":[\"https:\\\/\\\/www.facebook.com\\\/3coty\",\"https:\\\/\\\/x.com\\\/3cotyCom\",\"https:\\\/\\\/www.instagram.com\\\/3coty\",\"https:\\\/\\\/www.linkedin.com\\\/company\\\/3coty\",\"https:\\\/\\\/www.youtube.com\\\/@3coty\"]}]}<\/script>\n<meta property=\"product:price:amount\" content=\"4.50\" \/>\n<meta property=\"product:price:currency\" content=\"EUR\" \/>\n<meta property=\"og:availability\" content=\"instock\" \/>\n<meta property=\"product:availability\" content=\"instock\" \/>\n<meta property=\"product:retailer_item_id\" content=\"390T 04TU \/ 5901785315615\" \/>\n<meta property=\"product:condition\" content=\"new\" \/>\n<!-- \/ Yoast SEO Premium plugin. -->","yoast_head_json":{"title":"04. PERU 390 (390g) | Para gatos adultos | 3coty\u00ae Comida Natural para Gatos 100% Carne","description":"Alimenta\u00e7\u00e3o h\u00famida monoproteica 100% peru para dietas de elimina\u00e7\u00e3o sem alterar o sabor. Receita com ingredientes limitados feita de carne escura e miudezas.","robots":{"index":"index","follow":"follow","max-snippet":"max-snippet:-1","max-image-preview":"max-image-preview:large","max-video-preview":"max-video-preview:-1"},"canonical":"https:\/\/3coty.com\/pt-pt\/p\/04-turkey-390\/","og_locale":"pt_PT","og_type":"article","og_title":"04. PERU 390 (390g) | Para gatos adultos | 3coty\u00ae Comida Natural para Gatos 100% Carne","og_description":"Alimenta\u00e7\u00e3o h\u00famida monoproteica 100% peru para dietas de elimina\u00e7\u00e3o sem alterar o sabor. Receita com ingredientes limitados feita de carne escura e miudezas.","og_url":"https:\/\/3coty.com\/pt-pt\/p\/04-turkey-390\/","og_site_name":"3coty\u00ae","article_publisher":"https:\/\/www.facebook.com\/3coty","article_modified_time":"2026-03-17T18:42:46+00:00","og_image":[{"width":1200,"height":630,"url":"https:\/\/3coty.com\/wp-content\/uploads\/2025\/10\/3coty-04-turkey-390-meat-only-cat-food.jpg","type":"image\/jpeg"}],"twitter_card":"summary_large_image","twitter_title":"04. PERU 390 (390g) | Para gatos adultos | 3coty\u00ae Comida Natural para Gatos 100% Carne","twitter_description":"Alimenta\u00e7\u00e3o h\u00famida monoproteica 100% peru para dietas de elimina\u00e7\u00e3o sem alterar o sabor. Receita com ingredientes limitados feita de carne escura e miudezas.","twitter_image":"https:\/\/3coty.com\/wp-content\/uploads\/2025\/10\/3coty-04-turkey-390-meat-only-cat-food.jpg","twitter_site":"@3cotyCom","twitter_misc":{"pre\u00e7o":"\u20ac&nbsp;4.50","Disponibilidade":"Em stock"},"schema":{"@context":"https:\/\/schema.org","@graph":[{"@type":"WebPage","@id":"https:\/\/3coty.com\/pt-pt\/p\/04-turkey-390\/","url":"https:\/\/3coty.com\/pt-pt\/p\/04-turkey-390\/","name":"04. PERU 390 (390g) | Para gatos adultos | 3coty\u00ae Comida Natural para Gatos 100% Carne","isPartOf":{"@id":"https:\/\/3coty.com\/pt-pt\/#website"},"primaryImageOfPage":{"@id":"https:\/\/3coty.com\/pt-pt\/p\/04-turkey-390\/#primaryimage"},"image":{"@id":"https:\/\/3coty.com\/pt-pt\/p\/04-turkey-390\/#primaryimage"},"thumbnailUrl":"https:\/\/3coty.com\/wp-content\/uploads\/2025\/07\/3coty-p-04-390-01.jpg","datePublished":"2025-05-23T09:53:36+00:00","dateModified":"2026-03-17T18:42:46+00:00","description":"Alimenta\u00e7\u00e3o h\u00famida monoproteica 100% peru para dietas de elimina\u00e7\u00e3o sem alterar o sabor. Receita com ingredientes limitados feita de carne escura e miudezas.","breadcrumb":{"@id":"https:\/\/3coty.com\/pt-pt\/p\/04-turkey-390\/#breadcrumb"},"inLanguage":"pt-PT","potentialAction":[{"@type":"ReadAction","target":["https:\/\/3coty.com\/pt-pt\/p\/04-turkey-390\/"]}]},{"@type":"ImageObject","inLanguage":"pt-PT","@id":"https:\/\/3coty.com\/pt-pt\/p\/04-turkey-390\/#primaryimage","url":"https:\/\/3coty.com\/wp-content\/uploads\/2025\/07\/3coty-p-04-390-01.jpg","contentUrl":"https:\/\/3coty.com\/wp-content\/uploads\/2025\/07\/3coty-p-04-390-01.jpg","width":1024,"height":1024},{"@type":"BreadcrumbList","@id":"https:\/\/3coty.com\/pt-pt\/p\/04-turkey-390\/#breadcrumb","itemListElement":[{"@type":"ListItem","position":1,"name":"Home","item":"https:\/\/3coty.com\/pt-pt\/"},{"@type":"ListItem","position":2,"name":"LOJA","item":"https:\/\/3coty.com\/pt-pt\/shop\/"},{"@type":"ListItem","position":3,"name":"04. PERU 390"}]},{"@type":"WebSite","@id":"https:\/\/3coty.com\/pt-pt\/#website","url":"https:\/\/3coty.com\/pt-pt\/","name":"3coty\u00ae","description":"Meat-only Cat Food","publisher":{"@id":"https:\/\/3coty.com\/pt-pt\/#organization"},"potentialAction":[{"@type":"SearchAction","target":{"@type":"EntryPoint","urlTemplate":"https:\/\/3coty.com\/pt-pt\/?s={search_term_string}"},"query-input":{"@type":"PropertyValueSpecification","valueRequired":true,"valueName":"search_term_string"}}],"inLanguage":"pt-PT"},{"@type":"Organization","@id":"https:\/\/3coty.com\/pt-pt\/#organization","name":"3coty\u00ae","alternateName":"3coty","url":"https:\/\/3coty.com\/pt-pt\/","logo":{"@type":"ImageObject","inLanguage":"pt-PT","@id":"https:\/\/3coty.com\/pt-pt\/#\/schema\/logo\/image\/","url":"https:\/\/3coty.com\/wp-content\/uploads\/2025\/05\/icon-3coty-logo.svg","contentUrl":"https:\/\/3coty.com\/wp-content\/uploads\/2025\/05\/icon-3coty-logo.svg","width":283,"height":283,"caption":"3coty\u00ae"},"image":{"@id":"https:\/\/3coty.com\/pt-pt\/#\/schema\/logo\/image\/"},"sameAs":["https:\/\/www.facebook.com\/3coty","https:\/\/x.com\/3cotyCom","https:\/\/www.instagram.com\/3coty","https:\/\/www.linkedin.com\/company\/3coty","https:\/\/www.youtube.com\/@3coty"]}]},"product_price_amount":"4.50","product_price_currency":"EUR","og_availability":"instock","product_availability":"instock","product_retailer_item_id":"390T 04TU \/ 5901785315615","product_condition":"new"},"_links":{"self":[{"href":"https:\/\/3coty.com\/pt-pt\/wp-json\/wp\/v2\/product\/36371","targetHints":{"allow":["GET"]}}],"collection":[{"href":"https:\/\/3coty.com\/pt-pt\/wp-json\/wp\/v2\/product"}],"about":[{"href":"https:\/\/3coty.com\/pt-pt\/wp-json\/wp\/v2\/types\/product"}],"version-history":[{"count":4,"href":"https:\/\/3coty.com\/pt-pt\/wp-json\/wp\/v2\/product\/36371\/revisions"}],"predecessor-version":[{"id":61818,"href":"https:\/\/3coty.com\/pt-pt\/wp-json\/wp\/v2\/product\/36371\/revisions\/61818"}],"wp:featuredmedia":[{"embeddable":true,"href":"https:\/\/3coty.com\/pt-pt\/wp-json\/wp\/v2\/media\/61574"}],"wp:attachment":[{"href":"https:\/\/3coty.com\/pt-pt\/wp-json\/wp\/v2\/media?parent=36371"}],"wp:term":[{"taxonomy":"product_brand","embeddable":true,"href":"https:\/\/3coty.com\/pt-pt\/wp-json\/wp\/v2\/product_brand?post=36371"},{"taxonomy":"product_cat","embeddable":true,"href":"https:\/\/3coty.com\/pt-pt\/wp-json\/wp\/v2\/product_cat?post=36371"},{"taxonomy":"product_tag","embeddable":true,"href":"https:\/\/3coty.com\/pt-pt\/wp-json\/wp\/v2\/product_tag?post=36371"}],"curies":[{"name":"wp","href":"https:\/\/api.w.org\/{rel}","templated":true}]}}