{"id":76779,"date":"2025-09-18T11:59:13","date_gmt":"2025-09-18T11:59:13","guid":{"rendered":"https:\/\/3coty.com\/?page_id=76779"},"modified":"2025-12-09T17:48:39","modified_gmt":"2025-12-09T17:48:39","slug":"cookie-policy","status":"publish","type":"page","link":"https:\/\/3coty.com\/pt-pt\/cookie-policy\/","title":{"rendered":"Pol\u00edtica de Cookies"},"content":{"rendered":"<p>&nbsp;<\/p>\n<h1>Pol\u00edtica de Cookies<\/h1>\n<h2 data-start=\"219\" data-end=\"240\">O que s\u00e3o cookies?<\/h2>\n<p data-start=\"242\" data-end=\"484\">Os cookies s\u00e3o pequenos ficheiros de texto armazenados no seu dispositivo que nos ajudam a garantir o bom funcionamento do nosso website, melhorar a seguran\u00e7a, proporcionar uma melhor experi\u00eancia de utiliza\u00e7\u00e3o e analisar o desempenho do site.<\/p>\n<p>&nbsp;<\/p>\n<h2 data-start=\"491\" data-end=\"521\">Como utilizamos os cookies?<\/h2>\n<p data-start=\"523\" data-end=\"601\">Tal como a maioria dos websites, utilizamos cookies pr\u00f3prios e de terceiros.<\/p>\n<p data-start=\"603\" data-end=\"745\">Os cookies necess\u00e1rios garantem que o site funciona corretamente (por exemplo, mant\u00eam a sua sess\u00e3o iniciada e memorizam o idioma e a moeda).<\/p>\n<p data-start=\"747\" data-end=\"870\">Os cookies de desempenho ajudam-nos a compreender como os visitantes utilizam o nosso site, para que o possamos melhorar.<\/p>\n<p data-start=\"872\" data-end=\"977\">Os cookies de marketing permitem-nos apresentar-lhe ofertas relevantes e medir a efic\u00e1cia da publicidade.<\/p>\n<p data-start=\"979\" data-end=\"998\">[wcc_category_list]<\/p>\n<h2 data-start=\"1005\" data-end=\"1037\">Gerir prefer\u00eancias de cookies<\/h2>\n<p data-start=\"1039\" data-end=\"1287\">Pode alterar as suas prefer\u00eancias de cookies a qualquer momento clicando no bot\u00e3o [wcc_preference_button]. Isto permitir-lhe-\u00e1 reabrir o banner de consentimento de cookies e alterar as suas prefer\u00eancias ou retirar o seu consentimento de imediato.<\/p>\n<p data-start=\"1289\" data-end=\"1579\">Al\u00e9m disso, diferentes navegadores oferecem m\u00e9todos distintos para bloquear e eliminar cookies utilizados pelos websites. Pode alterar as defini\u00e7\u00f5es do seu navegador para bloquear ou eliminar cookies. Abaixo encontrar\u00e1 os links para a documenta\u00e7\u00e3o de suporte dos principais navegadores web.<\/p>\n<p>Chrome: <a href=\"https:\/\/support.google.com\/accounts\/answer\/32050\"> https:\/\/support.google.com\/accounts\/answer\/32050<\/a><\/p>\n<p>Safari: <a href=\"https:\/\/support.apple.com\/en-in\/guide\/safari\/sfri11471\/mac\">https:\/\/support.apple.com\/en-in\/guide\/safari\/sfri11471\/mac<\/a><\/p>\n<p>Firefox: <a href=\"https:\/\/support.mozilla.org\/en-US\/kb\/clear-cookies-and-site-data-firefox?redirectslug=delete-cookies-remove-info-websites-stored&amp;redirectlocale=en-US\">https:\/\/support.mozilla.org\/en-US\/kb\/clear-cookies-and-site-data-firefox?redirectslug=delete-cookies-remove-info-websites-stored&amp;redirectlocale=en-US<\/a><\/p>\n<p>Microsoft Edge: <a href=\"https:\/\/support.microsoft.com\/en-us\/microsoft-edge\/delete-cookies-in-microsoft-edge-63947406-40ac-c3b8-57b9-2a946a29ae09\"> Eliminar cookies no Microsoft Edge \u2013 Suporte da Microsoft<\/a><\/p>\n<p>Se estiver a utilizar outro navegador, consulte a documenta\u00e7\u00e3o oficial de suporte do seu navegador.<\/p>\n<p>&nbsp;<\/p>\n<p>Para mais informa\u00e7\u00f5es sobre os cookies espec\u00edficos que utilizamos, incluindo fornecedores como Google Analytics, WooCommerce, WPML, PayPal e outros, consulte a nossa <a href=\"https:\/\/3coty.com\/pt-pt\/privacy-policy\/\">Pol\u00edtica de Privacidade.<\/a><\/p>\n<p>&nbsp;<\/p>\n<p><strong data-start=\"2184\" data-end=\"2207\">\u00daltima atualiza\u00e7\u00e3o:<\/strong> 07.11.2025<\/p>\n<p>&nbsp;<\/p>\n","protected":false},"excerpt":{"rendered":"<p>&nbsp; Pol\u00edtica de Cookies O que s\u00e3o cookies? Os cookies s\u00e3o pequenos ficheiros de texto armazenados no seu dispositivo que nos ajudam a garantir o bom funcionamento do nosso website, melhorar a seguran\u00e7a, proporcionar uma melhor experi\u00eancia de utiliza\u00e7\u00e3o e analisar o desempenho do site. &nbsp; Como utilizamos os cookies? Tal como a maioria dos &hellip;<\/p>\n","protected":false},"author":3,"featured_media":0,"parent":0,"menu_order":0,"comment_status":"closed","ping_status":"closed","template":"","meta":{"_acf_changed":false,"footnotes":""},"class_list":["post-76779","page","type-page","status-publish","hentry"],"acf":[],"yoast_head":"<!-- This site is optimized with the Yoast SEO Premium plugin v27.4 (Yoast SEO v27.4) - https:\/\/yoast.com\/product\/yoast-seo-premium-wordpress\/ -->\n<title>Pol\u00edtica de Cookies - 3coty\u00ae<\/title>\n<meta name=\"robots\" content=\"index, follow, max-snippet:-1, max-image-preview:large, max-video-preview:-1\" \/>\n<link rel=\"canonical\" href=\"https:\/\/3coty.com\/pt-pt\/cookie-policy\/\" \/>\n<meta property=\"og:locale\" content=\"pt_PT\" \/>\n<meta property=\"og:type\" content=\"article\" \/>\n<meta property=\"og:title\" content=\"Pol\u00edtica de Cookies\" \/>\n<meta property=\"og:description\" content=\"&nbsp; Pol\u00edtica de Cookies O que s\u00e3o cookies? Os cookies s\u00e3o pequenos ficheiros de texto armazenados no seu dispositivo que nos ajudam a garantir o bom funcionamento do nosso website, melhorar a seguran\u00e7a, proporcionar uma melhor experi\u00eancia de utiliza\u00e7\u00e3o e analisar o desempenho do site. &nbsp; Como utilizamos os cookies? Tal como a maioria dos &hellip;\" \/>\n<meta property=\"og:url\" content=\"https:\/\/3coty.com\/pt-pt\/cookie-policy\/\" \/>\n<meta property=\"og:site_name\" content=\"3coty\u00ae\" \/>\n<meta property=\"article:publisher\" content=\"https:\/\/www.facebook.com\/3coty\" \/>\n<meta property=\"article:modified_time\" content=\"2025-12-09T17:48:39+00:00\" \/>\n<meta name=\"twitter:card\" content=\"summary_large_image\" \/>\n<meta name=\"twitter:site\" content=\"@3cotyCom\" \/>\n<meta name=\"twitter:label1\" content=\"Tempo estimado de leitura\" \/>\n\t<meta name=\"twitter:data1\" content=\"2 minutos\" \/>\n<script type=\"application\/ld+json\" class=\"yoast-schema-graph\">{\"@context\":\"https:\\\/\\\/schema.org\",\"@graph\":[{\"@type\":\"WebPage\",\"@id\":\"https:\\\/\\\/3coty.com\\\/pt-pt\\\/cookie-policy\\\/\",\"url\":\"https:\\\/\\\/3coty.com\\\/pt-pt\\\/cookie-policy\\\/\",\"name\":\"Pol\u00edtica de Cookies - 3coty\u00ae\",\"isPartOf\":{\"@id\":\"https:\\\/\\\/3coty.com\\\/pt-pt\\\/#website\"},\"datePublished\":\"2025-09-18T11:59:13+00:00\",\"dateModified\":\"2025-12-09T17:48:39+00:00\",\"breadcrumb\":{\"@id\":\"https:\\\/\\\/3coty.com\\\/pt-pt\\\/cookie-policy\\\/#breadcrumb\"},\"inLanguage\":\"pt-PT\",\"potentialAction\":[{\"@type\":\"ReadAction\",\"target\":[\"https:\\\/\\\/3coty.com\\\/pt-pt\\\/cookie-policy\\\/\"]}]},{\"@type\":\"BreadcrumbList\",\"@id\":\"https:\\\/\\\/3coty.com\\\/pt-pt\\\/cookie-policy\\\/#breadcrumb\",\"itemListElement\":[{\"@type\":\"ListItem\",\"position\":1,\"name\":\"Home\",\"item\":\"https:\\\/\\\/3coty.com\\\/pt-pt\\\/\"},{\"@type\":\"ListItem\",\"position\":2,\"name\":\"Pol\u00edtica de Cookies\"}]},{\"@type\":\"WebSite\",\"@id\":\"https:\\\/\\\/3coty.com\\\/pt-pt\\\/#website\",\"url\":\"https:\\\/\\\/3coty.com\\\/pt-pt\\\/\",\"name\":\"3coty\u00ae\",\"description\":\"Meat-only Cat Food\",\"publisher\":{\"@id\":\"https:\\\/\\\/3coty.com\\\/pt-pt\\\/#organization\"},\"potentialAction\":[{\"@type\":\"SearchAction\",\"target\":{\"@type\":\"EntryPoint\",\"urlTemplate\":\"https:\\\/\\\/3coty.com\\\/pt-pt\\\/?s={search_term_string}\"},\"query-input\":{\"@type\":\"PropertyValueSpecification\",\"valueRequired\":true,\"valueName\":\"search_term_string\"}}],\"inLanguage\":\"pt-PT\"},{\"@type\":\"Organization\",\"@id\":\"https:\\\/\\\/3coty.com\\\/pt-pt\\\/#organization\",\"name\":\"3coty\u00ae\",\"alternateName\":\"3coty\",\"url\":\"https:\\\/\\\/3coty.com\\\/pt-pt\\\/\",\"logo\":{\"@type\":\"ImageObject\",\"inLanguage\":\"pt-PT\",\"@id\":\"https:\\\/\\\/3coty.com\\\/pt-pt\\\/#\\\/schema\\\/logo\\\/image\\\/\",\"url\":\"https:\\\/\\\/3coty.com\\\/wp-content\\\/uploads\\\/2025\\\/05\\\/icon-3coty-logo.svg\",\"contentUrl\":\"https:\\\/\\\/3coty.com\\\/wp-content\\\/uploads\\\/2025\\\/05\\\/icon-3coty-logo.svg\",\"width\":283,\"height\":283,\"caption\":\"3coty\u00ae\"},\"image\":{\"@id\":\"https:\\\/\\\/3coty.com\\\/pt-pt\\\/#\\\/schema\\\/logo\\\/image\\\/\"},\"sameAs\":[\"https:\\\/\\\/www.facebook.com\\\/3coty\",\"https:\\\/\\\/x.com\\\/3cotyCom\",\"https:\\\/\\\/www.instagram.com\\\/3coty\",\"https:\\\/\\\/www.linkedin.com\\\/company\\\/3coty\",\"https:\\\/\\\/www.youtube.com\\\/@3coty\"]}]}<\/script>\n<!-- \/ Yoast SEO Premium plugin. -->","yoast_head_json":{"title":"Pol\u00edtica de Cookies - 3coty\u00ae","robots":{"index":"index","follow":"follow","max-snippet":"max-snippet:-1","max-image-preview":"max-image-preview:large","max-video-preview":"max-video-preview:-1"},"canonical":"https:\/\/3coty.com\/pt-pt\/cookie-policy\/","og_locale":"pt_PT","og_type":"article","og_title":"Pol\u00edtica de Cookies","og_description":"&nbsp; Pol\u00edtica de Cookies O que s\u00e3o cookies? Os cookies s\u00e3o pequenos ficheiros de texto armazenados no seu dispositivo que nos ajudam a garantir o bom funcionamento do nosso website, melhorar a seguran\u00e7a, proporcionar uma melhor experi\u00eancia de utiliza\u00e7\u00e3o e analisar o desempenho do site. &nbsp; Como utilizamos os cookies? Tal como a maioria dos &hellip;","og_url":"https:\/\/3coty.com\/pt-pt\/cookie-policy\/","og_site_name":"3coty\u00ae","article_publisher":"https:\/\/www.facebook.com\/3coty","article_modified_time":"2025-12-09T17:48:39+00:00","twitter_card":"summary_large_image","twitter_site":"@3cotyCom","twitter_misc":{"Tempo estimado de leitura":"2 minutos"},"schema":{"@context":"https:\/\/schema.org","@graph":[{"@type":"WebPage","@id":"https:\/\/3coty.com\/pt-pt\/cookie-policy\/","url":"https:\/\/3coty.com\/pt-pt\/cookie-policy\/","name":"Pol\u00edtica de Cookies - 3coty\u00ae","isPartOf":{"@id":"https:\/\/3coty.com\/pt-pt\/#website"},"datePublished":"2025-09-18T11:59:13+00:00","dateModified":"2025-12-09T17:48:39+00:00","breadcrumb":{"@id":"https:\/\/3coty.com\/pt-pt\/cookie-policy\/#breadcrumb"},"inLanguage":"pt-PT","potentialAction":[{"@type":"ReadAction","target":["https:\/\/3coty.com\/pt-pt\/cookie-policy\/"]}]},{"@type":"BreadcrumbList","@id":"https:\/\/3coty.com\/pt-pt\/cookie-policy\/#breadcrumb","itemListElement":[{"@type":"ListItem","position":1,"name":"Home","item":"https:\/\/3coty.com\/pt-pt\/"},{"@type":"ListItem","position":2,"name":"Pol\u00edtica de Cookies"}]},{"@type":"WebSite","@id":"https:\/\/3coty.com\/pt-pt\/#website","url":"https:\/\/3coty.com\/pt-pt\/","name":"3coty\u00ae","description":"Meat-only Cat Food","publisher":{"@id":"https:\/\/3coty.com\/pt-pt\/#organization"},"potentialAction":[{"@type":"SearchAction","target":{"@type":"EntryPoint","urlTemplate":"https:\/\/3coty.com\/pt-pt\/?s={search_term_string}"},"query-input":{"@type":"PropertyValueSpecification","valueRequired":true,"valueName":"search_term_string"}}],"inLanguage":"pt-PT"},{"@type":"Organization","@id":"https:\/\/3coty.com\/pt-pt\/#organization","name":"3coty\u00ae","alternateName":"3coty","url":"https:\/\/3coty.com\/pt-pt\/","logo":{"@type":"ImageObject","inLanguage":"pt-PT","@id":"https:\/\/3coty.com\/pt-pt\/#\/schema\/logo\/image\/","url":"https:\/\/3coty.com\/wp-content\/uploads\/2025\/05\/icon-3coty-logo.svg","contentUrl":"https:\/\/3coty.com\/wp-content\/uploads\/2025\/05\/icon-3coty-logo.svg","width":283,"height":283,"caption":"3coty\u00ae"},"image":{"@id":"https:\/\/3coty.com\/pt-pt\/#\/schema\/logo\/image\/"},"sameAs":["https:\/\/www.facebook.com\/3coty","https:\/\/x.com\/3cotyCom","https:\/\/www.instagram.com\/3coty","https:\/\/www.linkedin.com\/company\/3coty","https:\/\/www.youtube.com\/@3coty"]}]}},"_links":{"self":[{"href":"https:\/\/3coty.com\/pt-pt\/wp-json\/wp\/v2\/pages\/76779","targetHints":{"allow":["GET"]}}],"collection":[{"href":"https:\/\/3coty.com\/pt-pt\/wp-json\/wp\/v2\/pages"}],"about":[{"href":"https:\/\/3coty.com\/pt-pt\/wp-json\/wp\/v2\/types\/page"}],"author":[{"embeddable":true,"href":"https:\/\/3coty.com\/pt-pt\/wp-json\/wp\/v2\/users\/3"}],"replies":[{"embeddable":true,"href":"https:\/\/3coty.com\/pt-pt\/wp-json\/wp\/v2\/comments?post=76779"}],"version-history":[{"count":2,"href":"https:\/\/3coty.com\/pt-pt\/wp-json\/wp\/v2\/pages\/76779\/revisions"}],"predecessor-version":[{"id":80666,"href":"https:\/\/3coty.com\/pt-pt\/wp-json\/wp\/v2\/pages\/76779\/revisions\/80666"}],"wp:attachment":[{"href":"https:\/\/3coty.com\/pt-pt\/wp-json\/wp\/v2\/media?parent=76779"}],"curies":[{"name":"wp","href":"https:\/\/api.w.org\/{rel}","templated":true}]}}