{"id":83970,"date":"2026-04-18T15:50:27","date_gmt":"2026-04-18T15:50:27","guid":{"rendered":"https:\/\/3coty.com\/?post_type=product&#038;p=83970"},"modified":"2026-04-18T15:58:29","modified_gmt":"2026-04-18T15:58:29","slug":"98-appetite-support-080","status":"publish","type":"product","link":"https:\/\/3coty.com\/pl\/p\/98-appetite-support-080\/","title":{"rendered":"98. WSPOMAGANIE APETYTU 080"},"content":{"rendered":"<p><a href=\"https:\/\/3coty.com\/wp-content\/uploads\/2025\/07\/3coty-p-97-tab-1.svg\"><img fetchpriority=\"high\" decoding=\"async\" class=\"alignnone size-full wp-image-40832\" role=\"img\" src=\"https:\/\/3coty.com\/wp-content\/uploads\/2025\/07\/3coty-p-97-tab-1.svg\" alt=\"\" width=\"283\" height=\"283\" \/><\/a><\/p>\n<h2>NATURALNA KARMA UZUPE\u0141NIAJ\u0104CA DLA KOT\u00d3W 3COTY\u00ae<\/h2>\n<p><strong>DRO\u017bD\u017bE OD\u017bYWCZE + CHLORELLA (Chlorella vulgaris) + BIOTYNA<\/strong><\/p>\n<p>Dla kot\u00f3w, kt\u00f3re czasami jedz\u0105 mniej ni\u017c zwykle z powodu stresu, zmian hormonalnych lub sezonowych, podczas podr\u00f3\u017cy lub w trakcie przechodzenia na now\u0105 karm\u0119, ta posypka pomaga przywr\u00f3ci\u0107 zainteresowanie jedzeniem. Dro\u017cd\u017ce od\u017cywcze nadaj\u0105 naturalnie atrakcyjny smak, a ich wysoka zawarto\u015b\u0107 ma\u0142ych peptyd\u00f3w i wolnych aminokwas\u00f3w wspomaga wch\u0142anianie sk\u0142adnik\u00f3w od\u017cywczych. Tauryna, niezb\u0119dny aminokwas dla kot\u00f3w, wspiera prawid\u0142owe funkcjonowanie organizmu oraz og\u00f3ln\u0105 witalno\u015b\u0107.<\/p>\n<p>Prosty spos\u00f3b, aby wspiera\u0107 koty w okresach obni\u017conego apetytu i pom\u00f3c im wr\u00f3ci\u0107 do regularnego jedzenia.<\/p>\n","protected":false},"excerpt":{"rendered":"<p><a href=\"https:\/\/3coty.com\/wp-content\/uploads\/2025\/07\/3coty-p-97-description-1.svg\"><img decoding=\"async\" class=\"alignnone wp-image-40958 size-medium\" role=\"img\" src=\"https:\/\/3coty.com\/wp-content\/uploads\/2025\/07\/3coty-p-97-description-1.svg\" alt=\"\" width=\"300\" height=\"300\" \/><\/a><\/p>\n<p><strong>DLA WSZYSTKICH KOT\u00d3W<\/strong> | PROSZEK | NATURALNA KARMA UZUPE\u0141NIAJ\u0104CA DLA KOT\u00d3W<br \/>\n<strong>WSPOMAGA I POPRAWIA APETYT<\/strong><\/p>\n<p><a href=\"https:\/\/3coty.com\/wp-content\/uploads\/2026\/03\/3coty-product-98-description-2.svg\"><img decoding=\"async\" class=\"alignnone size-full wp-image-83709\" role=\"img\" src=\"https:\/\/3coty.com\/wp-content\/uploads\/2026\/03\/3coty-product-98-description-2.svg\" alt=\"\" width=\"218\" height=\"85\" \/><\/a><\/p>\n","protected":false},"featured_media":83757,"template":"","meta":{"_acf_changed":false},"product_brand":[],"product_cat":[263],"product_tag":[2075],"class_list":{"0":"post-83970","1":"product","2":"type-product","3":"status-publish","4":"has-post-thumbnail","6":"product_cat-well-being","7":"product_tag-98as","9":"first","10":"instock","11":"taxable","12":"shipping-taxable","13":"purchasable","14":"product-type-simple"},"acf":[],"yoast_head":"<!-- This site is optimized with the Yoast SEO Premium plugin v27.4 (Yoast SEO v27.4) - https:\/\/yoast.com\/product\/yoast-seo-premium-wordpress\/ -->\n<title>98. WSPOMAGANIE APETYTU 080 (80g) | Dla wszystkich kot\u00f3w | 3coty\u00ae Naturalna karma uzupe\u0142niaj\u0105ca dla kot\u00f3w<\/title>\n<meta name=\"description\" content=\"Posypka uzupe\u0142niaj\u0105ca dla kot\u00f3w o zmniejszonym apetycie, z dro\u017cd\u017cami od\u017cywczymi i tauryn\u0105, pomagaj\u0105ca wr\u00f3ci\u0107 do regularnego jedzenia.\" \/>\n<meta name=\"robots\" content=\"index, follow, max-snippet:-1, max-image-preview:large, max-video-preview:-1\" \/>\n<link rel=\"canonical\" href=\"https:\/\/3coty.com\/pl\/p\/98-appetite-support-080\/\" \/>\n<meta property=\"og:locale\" content=\"pl_PL\" \/>\n<meta property=\"og:type\" content=\"article\" \/>\n<meta property=\"og:title\" content=\"98. WSPOMAGANIE APETYTU 080 (80g) | Dla wszystkich kot\u00f3w | 3coty\u00ae Naturalna karma uzupe\u0142niaj\u0105ca dla kot\u00f3w\" \/>\n<meta property=\"og:description\" content=\"Posypka uzupe\u0142niaj\u0105ca dla kot\u00f3w o zmniejszonym apetycie, z dro\u017cd\u017cami od\u017cywczymi i tauryn\u0105, pomagaj\u0105ca wr\u00f3ci\u0107 do regularnego jedzenia.\" \/>\n<meta property=\"og:url\" content=\"https:\/\/3coty.com\/pl\/p\/98-appetite-support-080\/\" \/>\n<meta property=\"og:site_name\" content=\"3coty\u00ae\" \/>\n<meta property=\"article:publisher\" content=\"https:\/\/www.facebook.com\/3coty\" \/>\n<meta property=\"article:modified_time\" content=\"2026-04-18T15:58:29+00:00\" \/>\n<meta property=\"og:image\" content=\"https:\/\/3coty.com\/wp-content\/uploads\/2026\/04\/3coty-98-appetite-support-complementary-cat-food-1024x538.jpg\" \/>\n<meta name=\"twitter:card\" content=\"summary_large_image\" \/>\n<meta name=\"twitter:title\" content=\"98. WSPOMAGANIE APETYTU 080 (80g) | Dla wszystkich kot\u00f3w | 3coty\u00ae Naturalna karma uzupe\u0142niaj\u0105ca dla kot\u00f3w\" \/>\n<meta name=\"twitter:description\" content=\"Posypka uzupe\u0142niaj\u0105ca dla kot\u00f3w o zmniejszonym apetycie, z dro\u017cd\u017cami od\u017cywczymi i tauryn\u0105, pomagaj\u0105ca wr\u00f3ci\u0107 do regularnego jedzenia.\" \/>\n<meta name=\"twitter:site\" content=\"@3cotyCom\" \/>\n<meta name=\"twitter:label1\" content=\"Cena\" \/>\n\t<meta name=\"twitter:data1\" content=\"\u20ac&nbsp;15.00\" \/>\n\t<meta name=\"twitter:label2\" content=\"Dost\u0119pno\u015b\u0107\" \/>\n\t<meta name=\"twitter:data2\" content=\"Dost\u0119pny\" \/>\n<script type=\"application\/ld+json\" class=\"yoast-schema-graph\">{\"@context\":\"https:\\\/\\\/schema.org\",\"@graph\":[{\"@type\":\"WebPage\",\"@id\":\"https:\\\/\\\/3coty.com\\\/pl\\\/p\\\/98-appetite-support-080\\\/\",\"url\":\"https:\\\/\\\/3coty.com\\\/pl\\\/p\\\/98-appetite-support-080\\\/\",\"name\":\"98. WSPOMAGANIE APETYTU 080 (80g) | Dla wszystkich kot\u00f3w | 3coty\u00ae Naturalna karma uzupe\u0142niaj\u0105ca dla kot\u00f3w\",\"isPartOf\":{\"@id\":\"https:\\\/\\\/3coty.com\\\/pl\\\/#website\"},\"primaryImageOfPage\":{\"@id\":\"https:\\\/\\\/3coty.com\\\/pl\\\/p\\\/98-appetite-support-080\\\/#primaryimage\"},\"image\":{\"@id\":\"https:\\\/\\\/3coty.com\\\/pl\\\/p\\\/98-appetite-support-080\\\/#primaryimage\"},\"thumbnailUrl\":\"https:\\\/\\\/3coty.com\\\/wp-content\\\/uploads\\\/2026\\\/03\\\/3coty-product-98-01.jpg\",\"datePublished\":\"2026-04-18T15:50:27+00:00\",\"dateModified\":\"2026-04-18T15:58:29+00:00\",\"description\":\"Posypka uzupe\u0142niaj\u0105ca dla kot\u00f3w o zmniejszonym apetycie, z dro\u017cd\u017cami od\u017cywczymi i tauryn\u0105, pomagaj\u0105ca wr\u00f3ci\u0107 do regularnego jedzenia.\",\"breadcrumb\":{\"@id\":\"https:\\\/\\\/3coty.com\\\/pl\\\/p\\\/98-appetite-support-080\\\/#breadcrumb\"},\"inLanguage\":\"pl-PL\",\"potentialAction\":[{\"@type\":\"ReadAction\",\"target\":[\"https:\\\/\\\/3coty.com\\\/pl\\\/p\\\/98-appetite-support-080\\\/\"]}]},{\"@type\":\"ImageObject\",\"inLanguage\":\"pl-PL\",\"@id\":\"https:\\\/\\\/3coty.com\\\/pl\\\/p\\\/98-appetite-support-080\\\/#primaryimage\",\"url\":\"https:\\\/\\\/3coty.com\\\/wp-content\\\/uploads\\\/2026\\\/03\\\/3coty-product-98-01.jpg\",\"contentUrl\":\"https:\\\/\\\/3coty.com\\\/wp-content\\\/uploads\\\/2026\\\/03\\\/3coty-product-98-01.jpg\",\"width\":1024,\"height\":1024},{\"@type\":\"BreadcrumbList\",\"@id\":\"https:\\\/\\\/3coty.com\\\/pl\\\/p\\\/98-appetite-support-080\\\/#breadcrumb\",\"itemListElement\":[{\"@type\":\"ListItem\",\"position\":1,\"name\":\"Home\",\"item\":\"https:\\\/\\\/3coty.com\\\/pl\\\/\"},{\"@type\":\"ListItem\",\"position\":2,\"name\":\"SKLEP\",\"item\":\"https:\\\/\\\/3coty.com\\\/pl\\\/shop\\\/\"},{\"@type\":\"ListItem\",\"position\":3,\"name\":\"98. WSPOMAGANIE APETYTU 080\"}]},{\"@type\":\"WebSite\",\"@id\":\"https:\\\/\\\/3coty.com\\\/pl\\\/#website\",\"url\":\"https:\\\/\\\/3coty.com\\\/pl\\\/\",\"name\":\"3coty\u00ae\",\"description\":\"Meat-only Cat Food\",\"publisher\":{\"@id\":\"https:\\\/\\\/3coty.com\\\/pl\\\/#organization\"},\"potentialAction\":[{\"@type\":\"SearchAction\",\"target\":{\"@type\":\"EntryPoint\",\"urlTemplate\":\"https:\\\/\\\/3coty.com\\\/pl\\\/?s={search_term_string}\"},\"query-input\":{\"@type\":\"PropertyValueSpecification\",\"valueRequired\":true,\"valueName\":\"search_term_string\"}}],\"inLanguage\":\"pl-PL\"},{\"@type\":\"Organization\",\"@id\":\"https:\\\/\\\/3coty.com\\\/pl\\\/#organization\",\"name\":\"3coty\u00ae\",\"alternateName\":\"3coty\",\"url\":\"https:\\\/\\\/3coty.com\\\/pl\\\/\",\"logo\":{\"@type\":\"ImageObject\",\"inLanguage\":\"pl-PL\",\"@id\":\"https:\\\/\\\/3coty.com\\\/pl\\\/#\\\/schema\\\/logo\\\/image\\\/\",\"url\":\"https:\\\/\\\/3coty.com\\\/wp-content\\\/uploads\\\/2025\\\/05\\\/icon-3coty-logo.svg\",\"contentUrl\":\"https:\\\/\\\/3coty.com\\\/wp-content\\\/uploads\\\/2025\\\/05\\\/icon-3coty-logo.svg\",\"width\":283,\"height\":283,\"caption\":\"3coty\u00ae\"},\"image\":{\"@id\":\"https:\\\/\\\/3coty.com\\\/pl\\\/#\\\/schema\\\/logo\\\/image\\\/\"},\"sameAs\":[\"https:\\\/\\\/www.facebook.com\\\/3coty\",\"https:\\\/\\\/x.com\\\/3cotyCom\",\"https:\\\/\\\/www.instagram.com\\\/3coty\",\"https:\\\/\\\/www.linkedin.com\\\/company\\\/3coty\",\"https:\\\/\\\/www.youtube.com\\\/@3coty\"]}]}<\/script>\n<meta property=\"product:price:amount\" content=\"15.00\" \/>\n<meta property=\"product:price:currency\" content=\"EUR\" \/>\n<meta property=\"og:availability\" content=\"instock\" \/>\n<meta property=\"product:availability\" content=\"instock\" \/>\n<meta property=\"product:retailer_item_id\" content=\"100J 98AS \/ 5901785318944\" \/>\n<meta property=\"product:condition\" content=\"new\" \/>\n<!-- \/ Yoast SEO Premium plugin. -->","yoast_head_json":{"title":"98. WSPOMAGANIE APETYTU 080 (80g) | Dla wszystkich kot\u00f3w | 3coty\u00ae Naturalna karma uzupe\u0142niaj\u0105ca dla kot\u00f3w","description":"Posypka uzupe\u0142niaj\u0105ca dla kot\u00f3w o zmniejszonym apetycie, z dro\u017cd\u017cami od\u017cywczymi i tauryn\u0105, pomagaj\u0105ca wr\u00f3ci\u0107 do regularnego jedzenia.","robots":{"index":"index","follow":"follow","max-snippet":"max-snippet:-1","max-image-preview":"max-image-preview:large","max-video-preview":"max-video-preview:-1"},"canonical":"https:\/\/3coty.com\/pl\/p\/98-appetite-support-080\/","og_locale":"pl_PL","og_type":"article","og_title":"98. WSPOMAGANIE APETYTU 080 (80g) | Dla wszystkich kot\u00f3w | 3coty\u00ae Naturalna karma uzupe\u0142niaj\u0105ca dla kot\u00f3w","og_description":"Posypka uzupe\u0142niaj\u0105ca dla kot\u00f3w o zmniejszonym apetycie, z dro\u017cd\u017cami od\u017cywczymi i tauryn\u0105, pomagaj\u0105ca wr\u00f3ci\u0107 do regularnego jedzenia.","og_url":"https:\/\/3coty.com\/pl\/p\/98-appetite-support-080\/","og_site_name":"3coty\u00ae","article_publisher":"https:\/\/www.facebook.com\/3coty","article_modified_time":"2026-04-18T15:58:29+00:00","og_image":[{"url":"https:\/\/3coty.com\/wp-content\/uploads\/2026\/04\/3coty-98-appetite-support-complementary-cat-food-1024x538.jpg","type":"","width":"","height":""}],"twitter_card":"summary_large_image","twitter_title":"98. WSPOMAGANIE APETYTU 080 (80g) | Dla wszystkich kot\u00f3w | 3coty\u00ae Naturalna karma uzupe\u0142niaj\u0105ca dla kot\u00f3w","twitter_description":"Posypka uzupe\u0142niaj\u0105ca dla kot\u00f3w o zmniejszonym apetycie, z dro\u017cd\u017cami od\u017cywczymi i tauryn\u0105, pomagaj\u0105ca wr\u00f3ci\u0107 do regularnego jedzenia.","twitter_site":"@3cotyCom","twitter_misc":{"Cena":"\u20ac&nbsp;15.00","Dost\u0119pno\u015b\u0107":"Dost\u0119pny"},"schema":{"@context":"https:\/\/schema.org","@graph":[{"@type":"WebPage","@id":"https:\/\/3coty.com\/pl\/p\/98-appetite-support-080\/","url":"https:\/\/3coty.com\/pl\/p\/98-appetite-support-080\/","name":"98. WSPOMAGANIE APETYTU 080 (80g) | Dla wszystkich kot\u00f3w | 3coty\u00ae Naturalna karma uzupe\u0142niaj\u0105ca dla kot\u00f3w","isPartOf":{"@id":"https:\/\/3coty.com\/pl\/#website"},"primaryImageOfPage":{"@id":"https:\/\/3coty.com\/pl\/p\/98-appetite-support-080\/#primaryimage"},"image":{"@id":"https:\/\/3coty.com\/pl\/p\/98-appetite-support-080\/#primaryimage"},"thumbnailUrl":"https:\/\/3coty.com\/wp-content\/uploads\/2026\/03\/3coty-product-98-01.jpg","datePublished":"2026-04-18T15:50:27+00:00","dateModified":"2026-04-18T15:58:29+00:00","description":"Posypka uzupe\u0142niaj\u0105ca dla kot\u00f3w o zmniejszonym apetycie, z dro\u017cd\u017cami od\u017cywczymi i tauryn\u0105, pomagaj\u0105ca wr\u00f3ci\u0107 do regularnego jedzenia.","breadcrumb":{"@id":"https:\/\/3coty.com\/pl\/p\/98-appetite-support-080\/#breadcrumb"},"inLanguage":"pl-PL","potentialAction":[{"@type":"ReadAction","target":["https:\/\/3coty.com\/pl\/p\/98-appetite-support-080\/"]}]},{"@type":"ImageObject","inLanguage":"pl-PL","@id":"https:\/\/3coty.com\/pl\/p\/98-appetite-support-080\/#primaryimage","url":"https:\/\/3coty.com\/wp-content\/uploads\/2026\/03\/3coty-product-98-01.jpg","contentUrl":"https:\/\/3coty.com\/wp-content\/uploads\/2026\/03\/3coty-product-98-01.jpg","width":1024,"height":1024},{"@type":"BreadcrumbList","@id":"https:\/\/3coty.com\/pl\/p\/98-appetite-support-080\/#breadcrumb","itemListElement":[{"@type":"ListItem","position":1,"name":"Home","item":"https:\/\/3coty.com\/pl\/"},{"@type":"ListItem","position":2,"name":"SKLEP","item":"https:\/\/3coty.com\/pl\/shop\/"},{"@type":"ListItem","position":3,"name":"98. WSPOMAGANIE APETYTU 080"}]},{"@type":"WebSite","@id":"https:\/\/3coty.com\/pl\/#website","url":"https:\/\/3coty.com\/pl\/","name":"3coty\u00ae","description":"Meat-only Cat Food","publisher":{"@id":"https:\/\/3coty.com\/pl\/#organization"},"potentialAction":[{"@type":"SearchAction","target":{"@type":"EntryPoint","urlTemplate":"https:\/\/3coty.com\/pl\/?s={search_term_string}"},"query-input":{"@type":"PropertyValueSpecification","valueRequired":true,"valueName":"search_term_string"}}],"inLanguage":"pl-PL"},{"@type":"Organization","@id":"https:\/\/3coty.com\/pl\/#organization","name":"3coty\u00ae","alternateName":"3coty","url":"https:\/\/3coty.com\/pl\/","logo":{"@type":"ImageObject","inLanguage":"pl-PL","@id":"https:\/\/3coty.com\/pl\/#\/schema\/logo\/image\/","url":"https:\/\/3coty.com\/wp-content\/uploads\/2025\/05\/icon-3coty-logo.svg","contentUrl":"https:\/\/3coty.com\/wp-content\/uploads\/2025\/05\/icon-3coty-logo.svg","width":283,"height":283,"caption":"3coty\u00ae"},"image":{"@id":"https:\/\/3coty.com\/pl\/#\/schema\/logo\/image\/"},"sameAs":["https:\/\/www.facebook.com\/3coty","https:\/\/x.com\/3cotyCom","https:\/\/www.instagram.com\/3coty","https:\/\/www.linkedin.com\/company\/3coty","https:\/\/www.youtube.com\/@3coty"]}]},"product_price_amount":"15.00","product_price_currency":"EUR","og_availability":"instock","product_availability":"instock","product_retailer_item_id":"100J 98AS \/ 5901785318944","product_condition":"new"},"_links":{"self":[{"href":"https:\/\/3coty.com\/pl\/wp-json\/wp\/v2\/product\/83970","targetHints":{"allow":["GET"]}}],"collection":[{"href":"https:\/\/3coty.com\/pl\/wp-json\/wp\/v2\/product"}],"about":[{"href":"https:\/\/3coty.com\/pl\/wp-json\/wp\/v2\/types\/product"}],"version-history":[{"count":3,"href":"https:\/\/3coty.com\/pl\/wp-json\/wp\/v2\/product\/83970\/revisions"}],"predecessor-version":[{"id":84022,"href":"https:\/\/3coty.com\/pl\/wp-json\/wp\/v2\/product\/83970\/revisions\/84022"}],"wp:featuredmedia":[{"embeddable":true,"href":"https:\/\/3coty.com\/pl\/wp-json\/wp\/v2\/media\/83757"}],"wp:attachment":[{"href":"https:\/\/3coty.com\/pl\/wp-json\/wp\/v2\/media?parent=83970"}],"wp:term":[{"taxonomy":"product_brand","embeddable":true,"href":"https:\/\/3coty.com\/pl\/wp-json\/wp\/v2\/product_brand?post=83970"},{"taxonomy":"product_cat","embeddable":true,"href":"https:\/\/3coty.com\/pl\/wp-json\/wp\/v2\/product_cat?post=83970"},{"taxonomy":"product_tag","embeddable":true,"href":"https:\/\/3coty.com\/pl\/wp-json\/wp\/v2\/product_tag?post=83970"}],"curies":[{"name":"wp","href":"https:\/\/api.w.org\/{rel}","templated":true}]}}