{"id":27814,"date":"2025-05-27T12:47:45","date_gmt":"2025-05-27T12:47:45","guid":{"rendered":"https:\/\/3coty.com\/?post_type=product&#038;p=27814"},"modified":"2026-04-15T15:19:54","modified_gmt":"2026-04-15T15:19:54","slug":"61-chicken-160","status":"publish","type":"product","link":"https:\/\/3coty.com\/pl\/p\/61-chicken-160\/","title":{"rendered":"61. KURCZAK Cheers! 160"},"content":{"rendered":"<p><a href=\"https:\/\/3coty.com\/wp-content\/uploads\/2025\/07\/3coty-p-61-tab-1.svg\"><img fetchpriority=\"high\" decoding=\"async\" class=\"alignnone size-full wp-image-44442\" role=\"img\" src=\"https:\/\/3coty.com\/wp-content\/uploads\/2025\/07\/3coty-p-61-tab-1.svg\" alt=\"\" width=\"283\" height=\"283\" \/><\/a><\/p>\n<h2>3COTY\u00ae CHEERS! Naturalna karma uzupe\u0142niaj\u0105ca dla kot\u00f3w<\/h2>\n<p><strong>Od\u017cywczy bulion z gotowanymi kawa\u0142kami mi\u0119sa<\/strong><\/p>\n<p>Gdy koty si\u0119 dorastaj\u0105 lub starzej\u0105 si\u0119, wa\u017cne jest, aby spo\u017cywa\u0142y wystarczaj\u0105c\u0105 ilo\u015b\u0107 p\u0142yn\u00f3w, albo poprzez mokr\u0105 karm\u0119 dla kot\u00f3w, albo picie. Umieszczenie zwyk\u0142ej miski z wod\u0105 mo\u017ce by\u0107 niewystarczaj\u0105ce, aby zach\u0119ci\u0107 niekt\u00f3re koty do picia. Bulion wykonany z gotowanego kurczaka pachnie i smakuje mi\u0119sem i zach\u0119ca koty do picia wi\u0119kszej ilo\u015bci p\u0142yn\u00f3w, zmniejszaj\u0105c tym samym ryzyko uszkodzenia nerek.<\/p>\n<p>Smakowity nap\u00f3j bulionowy dla Twojego kota, zapewniaj\u0105cy odpowiedni\u0105 ilo\u015b\u0107 p\u0142yn\u00f3w, wyprodukowany z wysokiej jako\u015bci kurczaka, tak samo jak nasza karma.<\/p>\n","protected":false},"excerpt":{"rendered":"<p><a href=\"https:\/\/3coty.com\/wp-content\/uploads\/2025\/07\/3coty-p-61-description-1.svg\"><img decoding=\"async\" class=\"alignnone size-medium wp-image-44406\" role=\"img\" src=\"https:\/\/3coty.com\/wp-content\/uploads\/2025\/07\/3coty-p-61-description-1.svg\" alt=\"\" width=\"300\" height=\"300\" \/><\/a><\/p>\n<p><strong>DLA WSZYSTKICH KOT\u00d3W<\/strong> | BULION | MONOBIA\u0141KOWA KARMA DLA KOT\u00d3W<\/p>\n<p><a href=\"https:\/\/3coty.com\/wp-content\/uploads\/2025\/07\/3coty-p-61-description-4.svg\"><img decoding=\"async\" class=\"alignnone size-full wp-image-44424\" role=\"img\" src=\"https:\/\/3coty.com\/wp-content\/uploads\/2025\/07\/3coty-p-61-description-4.svg\" alt=\"\" width=\"506\" height=\"85\" \/><\/a><\/p>\n","protected":false},"featured_media":44256,"template":"","meta":{"_acf_changed":false},"product_brand":[],"product_cat":[263],"product_tag":[299],"class_list":{"0":"post-27814","1":"product","2":"type-product","3":"status-publish","4":"has-post-thumbnail","6":"product_cat-well-being","7":"product_tag-61ch","9":"first","10":"instock","11":"featured","12":"taxable","13":"shipping-taxable","14":"purchasable","15":"product-type-simple"},"acf":[],"yoast_head":"<!-- This site is optimized with the Yoast SEO Premium plugin v27.4 (Yoast SEO v27.4) - https:\/\/yoast.com\/product\/yoast-seo-premium-wordpress\/ -->\n<title>61. KURCZAK Cheers! 160 - 3coty\u00ae<\/title>\n<meta name=\"robots\" content=\"index, follow, max-snippet:-1, max-image-preview:large, max-video-preview:-1\" \/>\n<link rel=\"canonical\" href=\"https:\/\/3coty.com\/pl\/p\/61-chicken-160\/\" \/>\n<meta property=\"og:locale\" content=\"pl_PL\" \/>\n<meta property=\"og:type\" content=\"article\" \/>\n<meta property=\"og:title\" content=\"61. KURCZAK Cheers! 160\" \/>\n<meta property=\"og:description\" content=\"DLA WSZYSTKICH KOT\u00d3W | BULION | MONOBIA\u0141KOWA KARMA DLA KOT\u00d3W\" \/>\n<meta property=\"og:url\" content=\"https:\/\/3coty.com\/pl\/p\/61-chicken-160\/\" \/>\n<meta property=\"og:site_name\" content=\"3coty\u00ae\" \/>\n<meta property=\"article:publisher\" content=\"https:\/\/www.facebook.com\/3coty\" \/>\n<meta property=\"article:modified_time\" content=\"2026-04-15T15:19:54+00:00\" \/>\n<meta property=\"og:image\" content=\"https:\/\/3coty.com\/wp-content\/uploads\/2025\/05\/3coty-product-61-160-01.jpg\" \/>\n\t<meta property=\"og:image:width\" content=\"1024\" \/>\n\t<meta property=\"og:image:height\" content=\"1024\" \/>\n\t<meta property=\"og:image:type\" content=\"image\/jpeg\" \/>\n<meta name=\"twitter:card\" content=\"summary_large_image\" \/>\n<meta name=\"twitter:site\" content=\"@3cotyCom\" \/>\n<meta name=\"twitter:label1\" content=\"Cena\" \/>\n\t<meta name=\"twitter:data1\" content=\"\u20ac&nbsp;2.50\" \/>\n\t<meta name=\"twitter:label2\" content=\"Dost\u0119pno\u015b\u0107\" \/>\n\t<meta name=\"twitter:data2\" content=\"Dost\u0119pny\" \/>\n<script type=\"application\/ld+json\" class=\"yoast-schema-graph\">{\"@context\":\"https:\\\/\\\/schema.org\",\"@graph\":[{\"@type\":\"WebPage\",\"@id\":\"https:\\\/\\\/3coty.com\\\/pl\\\/p\\\/61-chicken-160\\\/\",\"url\":\"https:\\\/\\\/3coty.com\\\/pl\\\/p\\\/61-chicken-160\\\/\",\"name\":\"61. KURCZAK Cheers! 160 - 3coty\u00ae\",\"isPartOf\":{\"@id\":\"https:\\\/\\\/3coty.com\\\/pl\\\/#website\"},\"primaryImageOfPage\":{\"@id\":\"https:\\\/\\\/3coty.com\\\/pl\\\/p\\\/61-chicken-160\\\/#primaryimage\"},\"image\":{\"@id\":\"https:\\\/\\\/3coty.com\\\/pl\\\/p\\\/61-chicken-160\\\/#primaryimage\"},\"thumbnailUrl\":\"https:\\\/\\\/3coty.com\\\/wp-content\\\/uploads\\\/2025\\\/07\\\/3coty-p-61-160-01.jpg\",\"datePublished\":\"2025-05-27T12:47:45+00:00\",\"dateModified\":\"2026-04-15T15:19:54+00:00\",\"breadcrumb\":{\"@id\":\"https:\\\/\\\/3coty.com\\\/pl\\\/p\\\/61-chicken-160\\\/#breadcrumb\"},\"inLanguage\":\"pl-PL\",\"potentialAction\":[{\"@type\":\"ReadAction\",\"target\":[\"https:\\\/\\\/3coty.com\\\/pl\\\/p\\\/61-chicken-160\\\/\"]}]},{\"@type\":\"ImageObject\",\"inLanguage\":\"pl-PL\",\"@id\":\"https:\\\/\\\/3coty.com\\\/pl\\\/p\\\/61-chicken-160\\\/#primaryimage\",\"url\":\"https:\\\/\\\/3coty.com\\\/wp-content\\\/uploads\\\/2025\\\/07\\\/3coty-p-61-160-01.jpg\",\"contentUrl\":\"https:\\\/\\\/3coty.com\\\/wp-content\\\/uploads\\\/2025\\\/07\\\/3coty-p-61-160-01.jpg\",\"width\":1024,\"height\":1024},{\"@type\":\"BreadcrumbList\",\"@id\":\"https:\\\/\\\/3coty.com\\\/pl\\\/p\\\/61-chicken-160\\\/#breadcrumb\",\"itemListElement\":[{\"@type\":\"ListItem\",\"position\":1,\"name\":\"Home\",\"item\":\"https:\\\/\\\/3coty.com\\\/pl\\\/\"},{\"@type\":\"ListItem\",\"position\":2,\"name\":\"SKLEP\",\"item\":\"https:\\\/\\\/3coty.com\\\/pl\\\/shop\\\/\"},{\"@type\":\"ListItem\",\"position\":3,\"name\":\"61. KURCZAK Cheers! 160\"}]},{\"@type\":\"WebSite\",\"@id\":\"https:\\\/\\\/3coty.com\\\/pl\\\/#website\",\"url\":\"https:\\\/\\\/3coty.com\\\/pl\\\/\",\"name\":\"3coty\u00ae\",\"description\":\"Meat-only Cat Food\",\"publisher\":{\"@id\":\"https:\\\/\\\/3coty.com\\\/pl\\\/#organization\"},\"potentialAction\":[{\"@type\":\"SearchAction\",\"target\":{\"@type\":\"EntryPoint\",\"urlTemplate\":\"https:\\\/\\\/3coty.com\\\/pl\\\/?s={search_term_string}\"},\"query-input\":{\"@type\":\"PropertyValueSpecification\",\"valueRequired\":true,\"valueName\":\"search_term_string\"}}],\"inLanguage\":\"pl-PL\"},{\"@type\":\"Organization\",\"@id\":\"https:\\\/\\\/3coty.com\\\/pl\\\/#organization\",\"name\":\"3coty\u00ae\",\"alternateName\":\"3coty\",\"url\":\"https:\\\/\\\/3coty.com\\\/pl\\\/\",\"logo\":{\"@type\":\"ImageObject\",\"inLanguage\":\"pl-PL\",\"@id\":\"https:\\\/\\\/3coty.com\\\/pl\\\/#\\\/schema\\\/logo\\\/image\\\/\",\"url\":\"https:\\\/\\\/3coty.com\\\/wp-content\\\/uploads\\\/2025\\\/05\\\/icon-3coty-logo.svg\",\"contentUrl\":\"https:\\\/\\\/3coty.com\\\/wp-content\\\/uploads\\\/2025\\\/05\\\/icon-3coty-logo.svg\",\"width\":283,\"height\":283,\"caption\":\"3coty\u00ae\"},\"image\":{\"@id\":\"https:\\\/\\\/3coty.com\\\/pl\\\/#\\\/schema\\\/logo\\\/image\\\/\"},\"sameAs\":[\"https:\\\/\\\/www.facebook.com\\\/3coty\",\"https:\\\/\\\/x.com\\\/3cotyCom\",\"https:\\\/\\\/www.instagram.com\\\/3coty\",\"https:\\\/\\\/www.linkedin.com\\\/company\\\/3coty\",\"https:\\\/\\\/www.youtube.com\\\/@3coty\"]}]}<\/script>\n<meta property=\"product:price:amount\" content=\"2.50\" \/>\n<meta property=\"product:price:currency\" content=\"EUR\" \/>\n<meta property=\"og:availability\" content=\"instock\" \/>\n<meta property=\"product:availability\" content=\"instock\" \/>\n<meta property=\"product:retailer_item_id\" content=\"160T 61CH \/ 5901785316629\" \/>\n<meta property=\"product:condition\" content=\"new\" \/>\n<!-- \/ Yoast SEO Premium plugin. -->","yoast_head_json":{"title":"61. KURCZAK Cheers! 160 - 3coty\u00ae","robots":{"index":"index","follow":"follow","max-snippet":"max-snippet:-1","max-image-preview":"max-image-preview:large","max-video-preview":"max-video-preview:-1"},"canonical":"https:\/\/3coty.com\/pl\/p\/61-chicken-160\/","og_locale":"pl_PL","og_type":"article","og_title":"61. KURCZAK Cheers! 160","og_description":"DLA WSZYSTKICH KOT\u00d3W | BULION | MONOBIA\u0141KOWA KARMA DLA KOT\u00d3W","og_url":"https:\/\/3coty.com\/pl\/p\/61-chicken-160\/","og_site_name":"3coty\u00ae","article_publisher":"https:\/\/www.facebook.com\/3coty","article_modified_time":"2026-04-15T15:19:54+00:00","og_image":[{"width":1024,"height":1024,"url":"https:\/\/3coty.com\/wp-content\/uploads\/2025\/05\/3coty-product-61-160-01.jpg","type":"image\/jpeg"}],"twitter_card":"summary_large_image","twitter_site":"@3cotyCom","twitter_misc":{"Cena":"\u20ac&nbsp;2.50","Dost\u0119pno\u015b\u0107":"Dost\u0119pny"},"schema":{"@context":"https:\/\/schema.org","@graph":[{"@type":"WebPage","@id":"https:\/\/3coty.com\/pl\/p\/61-chicken-160\/","url":"https:\/\/3coty.com\/pl\/p\/61-chicken-160\/","name":"61. KURCZAK Cheers! 160 - 3coty\u00ae","isPartOf":{"@id":"https:\/\/3coty.com\/pl\/#website"},"primaryImageOfPage":{"@id":"https:\/\/3coty.com\/pl\/p\/61-chicken-160\/#primaryimage"},"image":{"@id":"https:\/\/3coty.com\/pl\/p\/61-chicken-160\/#primaryimage"},"thumbnailUrl":"https:\/\/3coty.com\/wp-content\/uploads\/2025\/07\/3coty-p-61-160-01.jpg","datePublished":"2025-05-27T12:47:45+00:00","dateModified":"2026-04-15T15:19:54+00:00","breadcrumb":{"@id":"https:\/\/3coty.com\/pl\/p\/61-chicken-160\/#breadcrumb"},"inLanguage":"pl-PL","potentialAction":[{"@type":"ReadAction","target":["https:\/\/3coty.com\/pl\/p\/61-chicken-160\/"]}]},{"@type":"ImageObject","inLanguage":"pl-PL","@id":"https:\/\/3coty.com\/pl\/p\/61-chicken-160\/#primaryimage","url":"https:\/\/3coty.com\/wp-content\/uploads\/2025\/07\/3coty-p-61-160-01.jpg","contentUrl":"https:\/\/3coty.com\/wp-content\/uploads\/2025\/07\/3coty-p-61-160-01.jpg","width":1024,"height":1024},{"@type":"BreadcrumbList","@id":"https:\/\/3coty.com\/pl\/p\/61-chicken-160\/#breadcrumb","itemListElement":[{"@type":"ListItem","position":1,"name":"Home","item":"https:\/\/3coty.com\/pl\/"},{"@type":"ListItem","position":2,"name":"SKLEP","item":"https:\/\/3coty.com\/pl\/shop\/"},{"@type":"ListItem","position":3,"name":"61. KURCZAK Cheers! 160"}]},{"@type":"WebSite","@id":"https:\/\/3coty.com\/pl\/#website","url":"https:\/\/3coty.com\/pl\/","name":"3coty\u00ae","description":"Meat-only Cat Food","publisher":{"@id":"https:\/\/3coty.com\/pl\/#organization"},"potentialAction":[{"@type":"SearchAction","target":{"@type":"EntryPoint","urlTemplate":"https:\/\/3coty.com\/pl\/?s={search_term_string}"},"query-input":{"@type":"PropertyValueSpecification","valueRequired":true,"valueName":"search_term_string"}}],"inLanguage":"pl-PL"},{"@type":"Organization","@id":"https:\/\/3coty.com\/pl\/#organization","name":"3coty\u00ae","alternateName":"3coty","url":"https:\/\/3coty.com\/pl\/","logo":{"@type":"ImageObject","inLanguage":"pl-PL","@id":"https:\/\/3coty.com\/pl\/#\/schema\/logo\/image\/","url":"https:\/\/3coty.com\/wp-content\/uploads\/2025\/05\/icon-3coty-logo.svg","contentUrl":"https:\/\/3coty.com\/wp-content\/uploads\/2025\/05\/icon-3coty-logo.svg","width":283,"height":283,"caption":"3coty\u00ae"},"image":{"@id":"https:\/\/3coty.com\/pl\/#\/schema\/logo\/image\/"},"sameAs":["https:\/\/www.facebook.com\/3coty","https:\/\/x.com\/3cotyCom","https:\/\/www.instagram.com\/3coty","https:\/\/www.linkedin.com\/company\/3coty","https:\/\/www.youtube.com\/@3coty"]}]},"product_price_amount":"2.50","product_price_currency":"EUR","og_availability":"instock","product_availability":"instock","product_retailer_item_id":"160T 61CH \/ 5901785316629","product_condition":"new"},"_links":{"self":[{"href":"https:\/\/3coty.com\/pl\/wp-json\/wp\/v2\/product\/27814","targetHints":{"allow":["GET"]}}],"collection":[{"href":"https:\/\/3coty.com\/pl\/wp-json\/wp\/v2\/product"}],"about":[{"href":"https:\/\/3coty.com\/pl\/wp-json\/wp\/v2\/types\/product"}],"version-history":[{"count":4,"href":"https:\/\/3coty.com\/pl\/wp-json\/wp\/v2\/product\/27814\/revisions"}],"predecessor-version":[{"id":44480,"href":"https:\/\/3coty.com\/pl\/wp-json\/wp\/v2\/product\/27814\/revisions\/44480"}],"wp:featuredmedia":[{"embeddable":true,"href":"https:\/\/3coty.com\/pl\/wp-json\/wp\/v2\/media\/44256"}],"wp:attachment":[{"href":"https:\/\/3coty.com\/pl\/wp-json\/wp\/v2\/media?parent=27814"}],"wp:term":[{"taxonomy":"product_brand","embeddable":true,"href":"https:\/\/3coty.com\/pl\/wp-json\/wp\/v2\/product_brand?post=27814"},{"taxonomy":"product_cat","embeddable":true,"href":"https:\/\/3coty.com\/pl\/wp-json\/wp\/v2\/product_cat?post=27814"},{"taxonomy":"product_tag","embeddable":true,"href":"https:\/\/3coty.com\/pl\/wp-json\/wp\/v2\/product_tag?post=27814"}],"curies":[{"name":"wp","href":"https:\/\/api.w.org\/{rel}","templated":true}]}}