{"id":27028,"date":"2025-05-26T16:20:36","date_gmt":"2025-05-26T16:20:36","guid":{"rendered":"https:\/\/3coty.com\/?post_type=product&#038;p=27028"},"modified":"2026-04-02T13:13:29","modified_gmt":"2026-04-02T13:13:29","slug":"47-turkey-goose-780","status":"publish","type":"product","link":"https:\/\/3coty.com\/pl\/p\/47-turkey-goose-780\/","title":{"rendered":"47. INDYK + G\u0118\u015a 780"},"content":{"rendered":"<p><a href=\"https:\/\/3coty.com\/wp-content\/uploads\/2025\/07\/3coty-p-47-tab-1.svg\"><img fetchpriority=\"high\" decoding=\"async\" class=\"alignnone size-full wp-image-46265\" role=\"img\" src=\"https:\/\/3coty.com\/wp-content\/uploads\/2025\/07\/3coty-p-47-tab-1.svg\" alt=\"\" width=\"283\" height=\"283\" \/><\/a><\/p>\n<h2>NATURALNA I KOMPLETNA KARMA DLA KOCI\u0104T 3COTY\u00ae<\/h2>\n<p><strong>100% NATURALNYCH SK\u0141ADNIK\u00d3W MI\u0118SNYCH i produkt\u00f3w pochodzenia zwierz\u0119cego gotowanych we w\u0142asnym po\u017cywnym bulionie<\/strong><\/p>\n<p>Wysokokaloryczna mokra karma dla koci\u0105t, wyprodukowana wy\u0142\u0105cznie z indyka i g\u0119si. Ten bogaty mus to idealne rozwi\u0105zanie, je\u015bli obawiasz si\u0119 alergii przekazywanych z matki na koci\u0119ta. Umo\u017cliwia odstawienie od piersi bez kurczaka, wspieraj\u0105c rozw\u00f3j koci\u0105t bez nadmiernego obci\u0105\u017cania ich uk\u0142adu odporno\u015bciowego. Konsystencja musu i wysoka kaloryczno\u015b\u0107 sprawiaj\u0105, \u017ce doskonale sprawdza si\u0119 r\u00f3wnie\u017c u kot\u00f3w wracaj\u0105cych do zdrowia.<\/p>\n<p>Bogaty mus dla koci\u0105t z indyka i g\u0119si \u2013 idealna pierwsza karma dla maluch\u00f3w urodzonych przez kotki z alergi\u0105 na kurczaka.<\/p>\n","protected":false},"excerpt":{"rendered":"<p><a href=\"https:\/\/3coty.com\/wp-content\/uploads\/2025\/07\/3coty-p-47-description-1.svg\"><img decoding=\"async\" class=\"alignnone size-medium wp-image-46229\" role=\"img\" src=\"https:\/\/3coty.com\/wp-content\/uploads\/2025\/07\/3coty-p-47-description-1.svg\" alt=\"\" width=\"300\" height=\"300\" \/><\/a><\/p>\n<p><strong>DLA KOCI\u0104T<\/strong> | MUS | DWUBIA\u0141KOWA KARMA DLA KOT\u00d3W<\/p>\n<p><a href=\"https:\/\/3coty.com\/wp-content\/uploads\/2025\/07\/3coty-p-47-description-4.svg\"><img decoding=\"async\" class=\"alignnone size-full wp-image-46247\" role=\"img\" src=\"https:\/\/3coty.com\/wp-content\/uploads\/2025\/07\/3coty-p-47-description-4.svg\" alt=\"\" width=\"506\" height=\"85\" \/><\/a><\/p>\n","protected":false},"featured_media":46457,"template":"","meta":{"_acf_changed":false},"product_brand":[],"product_cat":[262],"product_tag":[294],"class_list":{"0":"post-27028","1":"product","2":"type-product","3":"status-publish","4":"has-post-thumbnail","6":"product_cat-for-kittens","7":"product_tag-47tg","9":"first","10":"instock","11":"featured","12":"taxable","13":"shipping-taxable","14":"purchasable","15":"product-type-simple"},"acf":[],"yoast_head":"<!-- This site is optimized with the Yoast SEO Premium plugin v27.4 (Yoast SEO v27.4) - https:\/\/yoast.com\/product\/yoast-seo-premium-wordpress\/ -->\n<title>47. INDYK + G\u0118\u015a 780 - 3coty\u00ae<\/title>\n<meta name=\"robots\" content=\"index, follow, max-snippet:-1, max-image-preview:large, max-video-preview:-1\" \/>\n<link rel=\"canonical\" href=\"https:\/\/3coty.com\/pl\/p\/47-turkey-goose-780\/\" \/>\n<meta property=\"og:locale\" content=\"pl_PL\" \/>\n<meta property=\"og:type\" content=\"article\" \/>\n<meta property=\"og:title\" content=\"47. INDYK + G\u0118\u015a 780\" \/>\n<meta property=\"og:description\" content=\"DLA KOCI\u0104T | MUS | DWUBIA\u0141KOWA KARMA DLA KOT\u00d3W\" \/>\n<meta property=\"og:url\" content=\"https:\/\/3coty.com\/pl\/p\/47-turkey-goose-780\/\" \/>\n<meta property=\"og:site_name\" content=\"3coty\u00ae\" \/>\n<meta property=\"article:publisher\" content=\"https:\/\/www.facebook.com\/3coty\" \/>\n<meta property=\"article:modified_time\" content=\"2026-04-02T13:13:29+00:00\" \/>\n<meta property=\"og:image\" content=\"https:\/\/3coty.com\/wp-content\/uploads\/2025\/05\/3coty-product-47-780-01.jpg\" \/>\n\t<meta property=\"og:image:width\" content=\"1024\" \/>\n\t<meta property=\"og:image:height\" content=\"1024\" \/>\n\t<meta property=\"og:image:type\" content=\"image\/jpeg\" \/>\n<meta name=\"twitter:card\" content=\"summary_large_image\" \/>\n<meta name=\"twitter:site\" content=\"@3cotyCom\" \/>\n<meta name=\"twitter:label1\" content=\"Cena\" \/>\n\t<meta name=\"twitter:data1\" content=\"\u20ac&nbsp;10.35\" \/>\n\t<meta name=\"twitter:label2\" content=\"Dost\u0119pno\u015b\u0107\" \/>\n\t<meta name=\"twitter:data2\" content=\"Dost\u0119pny\" \/>\n<script type=\"application\/ld+json\" class=\"yoast-schema-graph\">{\"@context\":\"https:\\\/\\\/schema.org\",\"@graph\":[{\"@type\":\"WebPage\",\"@id\":\"https:\\\/\\\/3coty.com\\\/pl\\\/p\\\/47-turkey-goose-780\\\/\",\"url\":\"https:\\\/\\\/3coty.com\\\/pl\\\/p\\\/47-turkey-goose-780\\\/\",\"name\":\"47. INDYK + G\u0118\u015a 780 - 3coty\u00ae\",\"isPartOf\":{\"@id\":\"https:\\\/\\\/3coty.com\\\/pl\\\/#website\"},\"primaryImageOfPage\":{\"@id\":\"https:\\\/\\\/3coty.com\\\/pl\\\/p\\\/47-turkey-goose-780\\\/#primaryimage\"},\"image\":{\"@id\":\"https:\\\/\\\/3coty.com\\\/pl\\\/p\\\/47-turkey-goose-780\\\/#primaryimage\"},\"thumbnailUrl\":\"https:\\\/\\\/3coty.com\\\/wp-content\\\/uploads\\\/2025\\\/07\\\/3coty-p-47-780-01.jpg\",\"datePublished\":\"2025-05-26T16:20:36+00:00\",\"dateModified\":\"2026-04-02T13:13:29+00:00\",\"breadcrumb\":{\"@id\":\"https:\\\/\\\/3coty.com\\\/pl\\\/p\\\/47-turkey-goose-780\\\/#breadcrumb\"},\"inLanguage\":\"pl-PL\",\"potentialAction\":[{\"@type\":\"ReadAction\",\"target\":[\"https:\\\/\\\/3coty.com\\\/pl\\\/p\\\/47-turkey-goose-780\\\/\"]}]},{\"@type\":\"ImageObject\",\"inLanguage\":\"pl-PL\",\"@id\":\"https:\\\/\\\/3coty.com\\\/pl\\\/p\\\/47-turkey-goose-780\\\/#primaryimage\",\"url\":\"https:\\\/\\\/3coty.com\\\/wp-content\\\/uploads\\\/2025\\\/07\\\/3coty-p-47-780-01.jpg\",\"contentUrl\":\"https:\\\/\\\/3coty.com\\\/wp-content\\\/uploads\\\/2025\\\/07\\\/3coty-p-47-780-01.jpg\",\"width\":1024,\"height\":1024},{\"@type\":\"BreadcrumbList\",\"@id\":\"https:\\\/\\\/3coty.com\\\/pl\\\/p\\\/47-turkey-goose-780\\\/#breadcrumb\",\"itemListElement\":[{\"@type\":\"ListItem\",\"position\":1,\"name\":\"Home\",\"item\":\"https:\\\/\\\/3coty.com\\\/pl\\\/\"},{\"@type\":\"ListItem\",\"position\":2,\"name\":\"SKLEP\",\"item\":\"https:\\\/\\\/3coty.com\\\/pl\\\/shop\\\/\"},{\"@type\":\"ListItem\",\"position\":3,\"name\":\"47. INDYK + G\u0118\u015a 780\"}]},{\"@type\":\"WebSite\",\"@id\":\"https:\\\/\\\/3coty.com\\\/pl\\\/#website\",\"url\":\"https:\\\/\\\/3coty.com\\\/pl\\\/\",\"name\":\"3coty\u00ae\",\"description\":\"Meat-only Cat Food\",\"publisher\":{\"@id\":\"https:\\\/\\\/3coty.com\\\/pl\\\/#organization\"},\"potentialAction\":[{\"@type\":\"SearchAction\",\"target\":{\"@type\":\"EntryPoint\",\"urlTemplate\":\"https:\\\/\\\/3coty.com\\\/pl\\\/?s={search_term_string}\"},\"query-input\":{\"@type\":\"PropertyValueSpecification\",\"valueRequired\":true,\"valueName\":\"search_term_string\"}}],\"inLanguage\":\"pl-PL\"},{\"@type\":\"Organization\",\"@id\":\"https:\\\/\\\/3coty.com\\\/pl\\\/#organization\",\"name\":\"3coty\u00ae\",\"alternateName\":\"3coty\",\"url\":\"https:\\\/\\\/3coty.com\\\/pl\\\/\",\"logo\":{\"@type\":\"ImageObject\",\"inLanguage\":\"pl-PL\",\"@id\":\"https:\\\/\\\/3coty.com\\\/pl\\\/#\\\/schema\\\/logo\\\/image\\\/\",\"url\":\"https:\\\/\\\/3coty.com\\\/wp-content\\\/uploads\\\/2025\\\/05\\\/icon-3coty-logo.svg\",\"contentUrl\":\"https:\\\/\\\/3coty.com\\\/wp-content\\\/uploads\\\/2025\\\/05\\\/icon-3coty-logo.svg\",\"width\":283,\"height\":283,\"caption\":\"3coty\u00ae\"},\"image\":{\"@id\":\"https:\\\/\\\/3coty.com\\\/pl\\\/#\\\/schema\\\/logo\\\/image\\\/\"},\"sameAs\":[\"https:\\\/\\\/www.facebook.com\\\/3coty\",\"https:\\\/\\\/x.com\\\/3cotyCom\",\"https:\\\/\\\/www.instagram.com\\\/3coty\",\"https:\\\/\\\/www.linkedin.com\\\/company\\\/3coty\",\"https:\\\/\\\/www.youtube.com\\\/@3coty\"]}]}<\/script>\n<meta property=\"product:price:amount\" content=\"10.35\" \/>\n<meta property=\"product:price:currency\" content=\"EUR\" \/>\n<meta property=\"og:availability\" content=\"instock\" \/>\n<meta property=\"product:availability\" content=\"instock\" \/>\n<meta property=\"product:retailer_item_id\" content=\"780T 47TG \/ 5901785317053\" \/>\n<meta property=\"product:condition\" content=\"new\" \/>\n<!-- \/ Yoast SEO Premium plugin. -->","yoast_head_json":{"title":"47. INDYK + G\u0118\u015a 780 - 3coty\u00ae","robots":{"index":"index","follow":"follow","max-snippet":"max-snippet:-1","max-image-preview":"max-image-preview:large","max-video-preview":"max-video-preview:-1"},"canonical":"https:\/\/3coty.com\/pl\/p\/47-turkey-goose-780\/","og_locale":"pl_PL","og_type":"article","og_title":"47. INDYK + G\u0118\u015a 780","og_description":"DLA KOCI\u0104T | MUS | DWUBIA\u0141KOWA KARMA DLA KOT\u00d3W","og_url":"https:\/\/3coty.com\/pl\/p\/47-turkey-goose-780\/","og_site_name":"3coty\u00ae","article_publisher":"https:\/\/www.facebook.com\/3coty","article_modified_time":"2026-04-02T13:13:29+00:00","og_image":[{"width":1024,"height":1024,"url":"https:\/\/3coty.com\/wp-content\/uploads\/2025\/05\/3coty-product-47-780-01.jpg","type":"image\/jpeg"}],"twitter_card":"summary_large_image","twitter_site":"@3cotyCom","twitter_misc":{"Cena":"\u20ac&nbsp;10.35","Dost\u0119pno\u015b\u0107":"Dost\u0119pny"},"schema":{"@context":"https:\/\/schema.org","@graph":[{"@type":"WebPage","@id":"https:\/\/3coty.com\/pl\/p\/47-turkey-goose-780\/","url":"https:\/\/3coty.com\/pl\/p\/47-turkey-goose-780\/","name":"47. INDYK + G\u0118\u015a 780 - 3coty\u00ae","isPartOf":{"@id":"https:\/\/3coty.com\/pl\/#website"},"primaryImageOfPage":{"@id":"https:\/\/3coty.com\/pl\/p\/47-turkey-goose-780\/#primaryimage"},"image":{"@id":"https:\/\/3coty.com\/pl\/p\/47-turkey-goose-780\/#primaryimage"},"thumbnailUrl":"https:\/\/3coty.com\/wp-content\/uploads\/2025\/07\/3coty-p-47-780-01.jpg","datePublished":"2025-05-26T16:20:36+00:00","dateModified":"2026-04-02T13:13:29+00:00","breadcrumb":{"@id":"https:\/\/3coty.com\/pl\/p\/47-turkey-goose-780\/#breadcrumb"},"inLanguage":"pl-PL","potentialAction":[{"@type":"ReadAction","target":["https:\/\/3coty.com\/pl\/p\/47-turkey-goose-780\/"]}]},{"@type":"ImageObject","inLanguage":"pl-PL","@id":"https:\/\/3coty.com\/pl\/p\/47-turkey-goose-780\/#primaryimage","url":"https:\/\/3coty.com\/wp-content\/uploads\/2025\/07\/3coty-p-47-780-01.jpg","contentUrl":"https:\/\/3coty.com\/wp-content\/uploads\/2025\/07\/3coty-p-47-780-01.jpg","width":1024,"height":1024},{"@type":"BreadcrumbList","@id":"https:\/\/3coty.com\/pl\/p\/47-turkey-goose-780\/#breadcrumb","itemListElement":[{"@type":"ListItem","position":1,"name":"Home","item":"https:\/\/3coty.com\/pl\/"},{"@type":"ListItem","position":2,"name":"SKLEP","item":"https:\/\/3coty.com\/pl\/shop\/"},{"@type":"ListItem","position":3,"name":"47. INDYK + G\u0118\u015a 780"}]},{"@type":"WebSite","@id":"https:\/\/3coty.com\/pl\/#website","url":"https:\/\/3coty.com\/pl\/","name":"3coty\u00ae","description":"Meat-only Cat Food","publisher":{"@id":"https:\/\/3coty.com\/pl\/#organization"},"potentialAction":[{"@type":"SearchAction","target":{"@type":"EntryPoint","urlTemplate":"https:\/\/3coty.com\/pl\/?s={search_term_string}"},"query-input":{"@type":"PropertyValueSpecification","valueRequired":true,"valueName":"search_term_string"}}],"inLanguage":"pl-PL"},{"@type":"Organization","@id":"https:\/\/3coty.com\/pl\/#organization","name":"3coty\u00ae","alternateName":"3coty","url":"https:\/\/3coty.com\/pl\/","logo":{"@type":"ImageObject","inLanguage":"pl-PL","@id":"https:\/\/3coty.com\/pl\/#\/schema\/logo\/image\/","url":"https:\/\/3coty.com\/wp-content\/uploads\/2025\/05\/icon-3coty-logo.svg","contentUrl":"https:\/\/3coty.com\/wp-content\/uploads\/2025\/05\/icon-3coty-logo.svg","width":283,"height":283,"caption":"3coty\u00ae"},"image":{"@id":"https:\/\/3coty.com\/pl\/#\/schema\/logo\/image\/"},"sameAs":["https:\/\/www.facebook.com\/3coty","https:\/\/x.com\/3cotyCom","https:\/\/www.instagram.com\/3coty","https:\/\/www.linkedin.com\/company\/3coty","https:\/\/www.youtube.com\/@3coty"]}]},"product_price_amount":"10.35","product_price_currency":"EUR","og_availability":"instock","product_availability":"instock","product_retailer_item_id":"780T 47TG \/ 5901785317053","product_condition":"new"},"_links":{"self":[{"href":"https:\/\/3coty.com\/pl\/wp-json\/wp\/v2\/product\/27028","targetHints":{"allow":["GET"]}}],"collection":[{"href":"https:\/\/3coty.com\/pl\/wp-json\/wp\/v2\/product"}],"about":[{"href":"https:\/\/3coty.com\/pl\/wp-json\/wp\/v2\/types\/product"}],"version-history":[{"count":4,"href":"https:\/\/3coty.com\/pl\/wp-json\/wp\/v2\/product\/27028\/revisions"}],"predecessor-version":[{"id":46524,"href":"https:\/\/3coty.com\/pl\/wp-json\/wp\/v2\/product\/27028\/revisions\/46524"}],"wp:featuredmedia":[{"embeddable":true,"href":"https:\/\/3coty.com\/pl\/wp-json\/wp\/v2\/media\/46457"}],"wp:attachment":[{"href":"https:\/\/3coty.com\/pl\/wp-json\/wp\/v2\/media?parent=27028"}],"wp:term":[{"taxonomy":"product_brand","embeddable":true,"href":"https:\/\/3coty.com\/pl\/wp-json\/wp\/v2\/product_brand?post=27028"},{"taxonomy":"product_cat","embeddable":true,"href":"https:\/\/3coty.com\/pl\/wp-json\/wp\/v2\/product_cat?post=27028"},{"taxonomy":"product_tag","embeddable":true,"href":"https:\/\/3coty.com\/pl\/wp-json\/wp\/v2\/product_tag?post=27028"}],"curies":[{"name":"wp","href":"https:\/\/api.w.org\/{rel}","templated":true}]}}