{"id":26748,"date":"2025-05-25T13:06:59","date_gmt":"2025-05-25T13:06:59","guid":{"rendered":"https:\/\/3coty.com\/?post_type=product&#038;p=26748"},"modified":"2026-03-31T20:44:03","modified_gmt":"2026-03-31T20:44:03","slug":"41-turkey-chicken-180","status":"publish","type":"product","link":"https:\/\/3coty.com\/pl\/p\/41-turkey-chicken-180\/","title":{"rendered":"41. INDYK + KURCZAK 180"},"content":{"rendered":"<p><a href=\"https:\/\/3coty.com\/wp-content\/uploads\/2025\/07\/3coty-p-41-tab-1.svg\"><img fetchpriority=\"high\" decoding=\"async\" class=\"alignnone size-full wp-image-48186\" role=\"img\" src=\"https:\/\/3coty.com\/wp-content\/uploads\/2025\/07\/3coty-p-41-tab-1.svg\" alt=\"\" width=\"283\" height=\"283\" \/><\/a><\/p>\n<h2>NATURALNA I KOMPLETNA KARMA DLA KOCI\u0104T 3COTY\u00ae<\/h2>\n<p><strong>100% NATURALNYCH SK\u0141ADNIK\u00d3W MI\u0118SNYCH i produkt\u00f3w pochodzenia zwierz\u0119cego gotowanych we w\u0142asnym po\u017cywnym bulionie<\/strong><\/p>\n<p>Ta karma dla koci\u0105t zosta\u0142a opracowana jako pierwszy sta\u0142y pokarm wspieraj\u0105cy wzrost i rozw\u00f3j. Konsystencja musu jest \u0142atwa do zlizywania w okresie wyrzynania si\u0119 z\u0119b\u00f3w. Koci\u0119ta zapoznaj\u0105 si\u0119 z dwoma kluczowymi bia\u0142kami, kt\u00f3re znajduj\u0105 si\u0119 w wielu karmach dla doros\u0142ych kot\u00f3w. Smak jest bardzo zbli\u017cony do karmy 21. INDYK + KURCZAK, co u\u0142atwia p\u00f3\u017aniejsze przej\u015bcie na karm\u0119 dla doros\u0142ych kot\u00f3w.<\/p>\n<p>Mus z kurczaka i indyka dla koci\u0105t jako pierwsza dieta oparta w 100% na mi\u0119sie.<\/p>\n","protected":false},"excerpt":{"rendered":"<p><a href=\"https:\/\/3coty.com\/wp-content\/uploads\/2025\/07\/3coty-p-41-description-1.svg\"><img decoding=\"async\" class=\"alignnone size-medium wp-image-48150\" role=\"img\" src=\"https:\/\/3coty.com\/wp-content\/uploads\/2025\/07\/3coty-p-41-description-1.svg\" alt=\"\" width=\"300\" height=\"300\" \/><\/a><\/p>\n<p><strong>DLA KOCI\u0104T<\/strong> | MUS | DWUBIA\u0141KOWA KARMA DLA KOT\u00d3W<\/p>\n<p><a href=\"https:\/\/3coty.com\/wp-content\/uploads\/2025\/07\/3coty-p-41-description-2.svg\"><img decoding=\"async\" class=\"alignnone size-full wp-image-48168\" role=\"img\" src=\"https:\/\/3coty.com\/wp-content\/uploads\/2025\/07\/3coty-p-41-description-2.svg\" alt=\"\" width=\"506\" height=\"85\" \/><\/a><\/p>\n","protected":false},"featured_media":48324,"template":"","meta":{"_acf_changed":false},"product_brand":[1952],"product_cat":[262],"product_tag":[291],"class_list":{"0":"post-26748","1":"product","2":"type-product","3":"status-publish","4":"has-post-thumbnail","6":"product_brand-3coty","7":"product_cat-for-kittens","8":"product_tag-41tc","10":"first","11":"instock","12":"featured","13":"taxable","14":"shipping-taxable","15":"purchasable","16":"product-type-simple"},"acf":[],"yoast_head":"<!-- This site is optimized with the Yoast SEO Premium plugin v27.3 (Yoast SEO v27.3) - https:\/\/yoast.com\/product\/yoast-seo-premium-wordpress\/ -->\n<title>41. INDYK + KURCZAK 180 (180g) | Dla koci\u0105t | 3coty\u00ae Naturalna Karma dla Kot\u00f3w 100% Mi\u0119sa<\/title>\n<meta name=\"description\" content=\"Karma dla koci\u0105t z indyka i kurczaka w konsystencji musu dla naturalnej kompletnej i zbilansowanej diety od odstawienia od mleka. Doskonale po\u0142\u0105czone mi\u0119sa wspieraj\u0105ce wzrost.\" \/>\n<meta name=\"robots\" content=\"index, follow, max-snippet:-1, max-image-preview:large, max-video-preview:-1\" \/>\n<link rel=\"canonical\" href=\"https:\/\/3coty.com\/pl\/p\/41-turkey-chicken-180\/\" \/>\n<meta property=\"og:locale\" content=\"pl_PL\" \/>\n<meta property=\"og:type\" content=\"article\" \/>\n<meta property=\"og:title\" content=\"41. INDYK + KURCZAK 180 (180g) | Dla koci\u0105t | 3coty\u00ae Naturalna Karma dla Kot\u00f3w 100% Mi\u0119sa\" \/>\n<meta property=\"og:description\" content=\"Karma dla koci\u0105t z indyka i kurczaka w konsystencji musu dla naturalnej kompletnej i zbilansowanej diety od odstawienia od mleka. Doskonale po\u0142\u0105czone mi\u0119sa wspieraj\u0105ce wzrost.\" \/>\n<meta property=\"og:url\" content=\"https:\/\/3coty.com\/pl\/p\/41-turkey-chicken-180\/\" \/>\n<meta property=\"og:site_name\" content=\"3coty\u00ae\" \/>\n<meta property=\"article:publisher\" content=\"https:\/\/www.facebook.com\/3coty\" \/>\n<meta property=\"article:modified_time\" content=\"2026-03-31T20:44:03+00:00\" \/>\n<meta property=\"og:image\" content=\"https:\/\/3coty.com\/wp-content\/uploads\/2025\/10\/3coty-41-turkey-chicken-180-meat-only-cat-food.jpg\" \/>\n\t<meta property=\"og:image:width\" content=\"1200\" \/>\n\t<meta property=\"og:image:height\" content=\"630\" \/>\n\t<meta property=\"og:image:type\" content=\"image\/jpeg\" \/>\n<meta name=\"twitter:card\" content=\"summary_large_image\" \/>\n<meta name=\"twitter:title\" content=\"41. INDYK + KURCZAK 180 (180g) | Dla koci\u0105t | 3coty\u00ae Naturalna Karma dla Kot\u00f3w 100% Mi\u0119sa\" \/>\n<meta name=\"twitter:description\" content=\"Karma dla koci\u0105t z indyka i kurczaka w konsystencji musu dla naturalnej kompletnej i zbilansowanej diety od odstawienia od mleka. Doskonale po\u0142\u0105czone mi\u0119sa wspieraj\u0105ce wzrost.\" \/>\n<meta name=\"twitter:image\" content=\"https:\/\/3coty.com\/wp-content\/uploads\/2025\/10\/3coty-41-turkey-chicken-180-meat-only-cat-food.jpg\" \/>\n<meta name=\"twitter:site\" content=\"@3cotyCom\" \/>\n<meta name=\"twitter:label1\" content=\"Cena\" \/>\n\t<meta name=\"twitter:data1\" content=\"\u20ac&nbsp;3.30\" \/>\n\t<meta name=\"twitter:label2\" content=\"Dost\u0119pno\u015b\u0107\" \/>\n\t<meta name=\"twitter:data2\" content=\"Dost\u0119pny\" \/>\n<script type=\"application\/ld+json\" class=\"yoast-schema-graph\">{\"@context\":\"https:\\\/\\\/schema.org\",\"@graph\":[{\"@type\":\"WebPage\",\"@id\":\"https:\\\/\\\/3coty.com\\\/pl\\\/p\\\/41-turkey-chicken-180\\\/\",\"url\":\"https:\\\/\\\/3coty.com\\\/pl\\\/p\\\/41-turkey-chicken-180\\\/\",\"name\":\"41. INDYK + KURCZAK 180 (180g) | Dla koci\u0105t | 3coty\u00ae Naturalna Karma dla Kot\u00f3w 100% Mi\u0119sa\",\"isPartOf\":{\"@id\":\"https:\\\/\\\/3coty.com\\\/pl\\\/#website\"},\"primaryImageOfPage\":{\"@id\":\"https:\\\/\\\/3coty.com\\\/pl\\\/p\\\/41-turkey-chicken-180\\\/#primaryimage\"},\"image\":{\"@id\":\"https:\\\/\\\/3coty.com\\\/pl\\\/p\\\/41-turkey-chicken-180\\\/#primaryimage\"},\"thumbnailUrl\":\"https:\\\/\\\/3coty.com\\\/wp-content\\\/uploads\\\/2025\\\/07\\\/3coty-p-41-180-01.jpg\",\"datePublished\":\"2025-05-25T13:06:59+00:00\",\"dateModified\":\"2026-03-31T20:44:03+00:00\",\"description\":\"Karma dla koci\u0105t z indyka i kurczaka w konsystencji musu dla naturalnej kompletnej i zbilansowanej diety od odstawienia od mleka. Doskonale po\u0142\u0105czone mi\u0119sa wspieraj\u0105ce wzrost.\",\"breadcrumb\":{\"@id\":\"https:\\\/\\\/3coty.com\\\/pl\\\/p\\\/41-turkey-chicken-180\\\/#breadcrumb\"},\"inLanguage\":\"pl-PL\",\"potentialAction\":[{\"@type\":\"ReadAction\",\"target\":[\"https:\\\/\\\/3coty.com\\\/pl\\\/p\\\/41-turkey-chicken-180\\\/\"]}]},{\"@type\":\"ImageObject\",\"inLanguage\":\"pl-PL\",\"@id\":\"https:\\\/\\\/3coty.com\\\/pl\\\/p\\\/41-turkey-chicken-180\\\/#primaryimage\",\"url\":\"https:\\\/\\\/3coty.com\\\/wp-content\\\/uploads\\\/2025\\\/07\\\/3coty-p-41-180-01.jpg\",\"contentUrl\":\"https:\\\/\\\/3coty.com\\\/wp-content\\\/uploads\\\/2025\\\/07\\\/3coty-p-41-180-01.jpg\",\"width\":1024,\"height\":1024},{\"@type\":\"BreadcrumbList\",\"@id\":\"https:\\\/\\\/3coty.com\\\/pl\\\/p\\\/41-turkey-chicken-180\\\/#breadcrumb\",\"itemListElement\":[{\"@type\":\"ListItem\",\"position\":1,\"name\":\"Home\",\"item\":\"https:\\\/\\\/3coty.com\\\/pl\\\/\"},{\"@type\":\"ListItem\",\"position\":2,\"name\":\"SKLEP\",\"item\":\"https:\\\/\\\/3coty.com\\\/pl\\\/shop\\\/\"},{\"@type\":\"ListItem\",\"position\":3,\"name\":\"41. INDYK + KURCZAK 180\"}]},{\"@type\":\"WebSite\",\"@id\":\"https:\\\/\\\/3coty.com\\\/pl\\\/#website\",\"url\":\"https:\\\/\\\/3coty.com\\\/pl\\\/\",\"name\":\"3coty\u00ae\",\"description\":\"Meat-only Cat Food\",\"publisher\":{\"@id\":\"https:\\\/\\\/3coty.com\\\/pl\\\/#organization\"},\"potentialAction\":[{\"@type\":\"SearchAction\",\"target\":{\"@type\":\"EntryPoint\",\"urlTemplate\":\"https:\\\/\\\/3coty.com\\\/pl\\\/?s={search_term_string}\"},\"query-input\":{\"@type\":\"PropertyValueSpecification\",\"valueRequired\":true,\"valueName\":\"search_term_string\"}}],\"inLanguage\":\"pl-PL\"},{\"@type\":\"Organization\",\"@id\":\"https:\\\/\\\/3coty.com\\\/pl\\\/#organization\",\"name\":\"3coty\u00ae\",\"alternateName\":\"3coty\",\"url\":\"https:\\\/\\\/3coty.com\\\/pl\\\/\",\"logo\":{\"@type\":\"ImageObject\",\"inLanguage\":\"pl-PL\",\"@id\":\"https:\\\/\\\/3coty.com\\\/pl\\\/#\\\/schema\\\/logo\\\/image\\\/\",\"url\":\"https:\\\/\\\/3coty.com\\\/wp-content\\\/uploads\\\/2025\\\/05\\\/icon-3coty-logo.svg\",\"contentUrl\":\"https:\\\/\\\/3coty.com\\\/wp-content\\\/uploads\\\/2025\\\/05\\\/icon-3coty-logo.svg\",\"width\":283,\"height\":283,\"caption\":\"3coty\u00ae\"},\"image\":{\"@id\":\"https:\\\/\\\/3coty.com\\\/pl\\\/#\\\/schema\\\/logo\\\/image\\\/\"},\"sameAs\":[\"https:\\\/\\\/www.facebook.com\\\/3coty\",\"https:\\\/\\\/x.com\\\/3cotyCom\",\"https:\\\/\\\/www.instagram.com\\\/3coty\",\"https:\\\/\\\/www.linkedin.com\\\/company\\\/3coty\",\"https:\\\/\\\/www.youtube.com\\\/@3coty\"]}]}<\/script>\n<meta property=\"product:price:amount\" content=\"3.30\" \/>\n<meta property=\"product:price:currency\" content=\"EUR\" \/>\n<meta property=\"og:availability\" content=\"instock\" \/>\n<meta property=\"product:availability\" content=\"instock\" \/>\n<meta property=\"product:retailer_item_id\" content=\"180T 41TC \/ 5901785316346\" \/>\n<meta property=\"product:condition\" content=\"new\" \/>\n<!-- \/ Yoast SEO Premium plugin. -->","yoast_head_json":{"title":"41. INDYK + KURCZAK 180 (180g) | Dla koci\u0105t | 3coty\u00ae Naturalna Karma dla Kot\u00f3w 100% Mi\u0119sa","description":"Karma dla koci\u0105t z indyka i kurczaka w konsystencji musu dla naturalnej kompletnej i zbilansowanej diety od odstawienia od mleka. Doskonale po\u0142\u0105czone mi\u0119sa wspieraj\u0105ce wzrost.","robots":{"index":"index","follow":"follow","max-snippet":"max-snippet:-1","max-image-preview":"max-image-preview:large","max-video-preview":"max-video-preview:-1"},"canonical":"https:\/\/3coty.com\/pl\/p\/41-turkey-chicken-180\/","og_locale":"pl_PL","og_type":"article","og_title":"41. INDYK + KURCZAK 180 (180g) | Dla koci\u0105t | 3coty\u00ae Naturalna Karma dla Kot\u00f3w 100% Mi\u0119sa","og_description":"Karma dla koci\u0105t z indyka i kurczaka w konsystencji musu dla naturalnej kompletnej i zbilansowanej diety od odstawienia od mleka. Doskonale po\u0142\u0105czone mi\u0119sa wspieraj\u0105ce wzrost.","og_url":"https:\/\/3coty.com\/pl\/p\/41-turkey-chicken-180\/","og_site_name":"3coty\u00ae","article_publisher":"https:\/\/www.facebook.com\/3coty","article_modified_time":"2026-03-31T20:44:03+00:00","og_image":[{"width":1200,"height":630,"url":"https:\/\/3coty.com\/wp-content\/uploads\/2025\/10\/3coty-41-turkey-chicken-180-meat-only-cat-food.jpg","type":"image\/jpeg"}],"twitter_card":"summary_large_image","twitter_title":"41. INDYK + KURCZAK 180 (180g) | Dla koci\u0105t | 3coty\u00ae Naturalna Karma dla Kot\u00f3w 100% Mi\u0119sa","twitter_description":"Karma dla koci\u0105t z indyka i kurczaka w konsystencji musu dla naturalnej kompletnej i zbilansowanej diety od odstawienia od mleka. Doskonale po\u0142\u0105czone mi\u0119sa wspieraj\u0105ce wzrost.","twitter_image":"https:\/\/3coty.com\/wp-content\/uploads\/2025\/10\/3coty-41-turkey-chicken-180-meat-only-cat-food.jpg","twitter_site":"@3cotyCom","twitter_misc":{"Cena":"\u20ac&nbsp;3.30","Dost\u0119pno\u015b\u0107":"Dost\u0119pny"},"schema":{"@context":"https:\/\/schema.org","@graph":[{"@type":"WebPage","@id":"https:\/\/3coty.com\/pl\/p\/41-turkey-chicken-180\/","url":"https:\/\/3coty.com\/pl\/p\/41-turkey-chicken-180\/","name":"41. INDYK + KURCZAK 180 (180g) | Dla koci\u0105t | 3coty\u00ae Naturalna Karma dla Kot\u00f3w 100% Mi\u0119sa","isPartOf":{"@id":"https:\/\/3coty.com\/pl\/#website"},"primaryImageOfPage":{"@id":"https:\/\/3coty.com\/pl\/p\/41-turkey-chicken-180\/#primaryimage"},"image":{"@id":"https:\/\/3coty.com\/pl\/p\/41-turkey-chicken-180\/#primaryimage"},"thumbnailUrl":"https:\/\/3coty.com\/wp-content\/uploads\/2025\/07\/3coty-p-41-180-01.jpg","datePublished":"2025-05-25T13:06:59+00:00","dateModified":"2026-03-31T20:44:03+00:00","description":"Karma dla koci\u0105t z indyka i kurczaka w konsystencji musu dla naturalnej kompletnej i zbilansowanej diety od odstawienia od mleka. Doskonale po\u0142\u0105czone mi\u0119sa wspieraj\u0105ce wzrost.","breadcrumb":{"@id":"https:\/\/3coty.com\/pl\/p\/41-turkey-chicken-180\/#breadcrumb"},"inLanguage":"pl-PL","potentialAction":[{"@type":"ReadAction","target":["https:\/\/3coty.com\/pl\/p\/41-turkey-chicken-180\/"]}]},{"@type":"ImageObject","inLanguage":"pl-PL","@id":"https:\/\/3coty.com\/pl\/p\/41-turkey-chicken-180\/#primaryimage","url":"https:\/\/3coty.com\/wp-content\/uploads\/2025\/07\/3coty-p-41-180-01.jpg","contentUrl":"https:\/\/3coty.com\/wp-content\/uploads\/2025\/07\/3coty-p-41-180-01.jpg","width":1024,"height":1024},{"@type":"BreadcrumbList","@id":"https:\/\/3coty.com\/pl\/p\/41-turkey-chicken-180\/#breadcrumb","itemListElement":[{"@type":"ListItem","position":1,"name":"Home","item":"https:\/\/3coty.com\/pl\/"},{"@type":"ListItem","position":2,"name":"SKLEP","item":"https:\/\/3coty.com\/pl\/shop\/"},{"@type":"ListItem","position":3,"name":"41. INDYK + KURCZAK 180"}]},{"@type":"WebSite","@id":"https:\/\/3coty.com\/pl\/#website","url":"https:\/\/3coty.com\/pl\/","name":"3coty\u00ae","description":"Meat-only Cat Food","publisher":{"@id":"https:\/\/3coty.com\/pl\/#organization"},"potentialAction":[{"@type":"SearchAction","target":{"@type":"EntryPoint","urlTemplate":"https:\/\/3coty.com\/pl\/?s={search_term_string}"},"query-input":{"@type":"PropertyValueSpecification","valueRequired":true,"valueName":"search_term_string"}}],"inLanguage":"pl-PL"},{"@type":"Organization","@id":"https:\/\/3coty.com\/pl\/#organization","name":"3coty\u00ae","alternateName":"3coty","url":"https:\/\/3coty.com\/pl\/","logo":{"@type":"ImageObject","inLanguage":"pl-PL","@id":"https:\/\/3coty.com\/pl\/#\/schema\/logo\/image\/","url":"https:\/\/3coty.com\/wp-content\/uploads\/2025\/05\/icon-3coty-logo.svg","contentUrl":"https:\/\/3coty.com\/wp-content\/uploads\/2025\/05\/icon-3coty-logo.svg","width":283,"height":283,"caption":"3coty\u00ae"},"image":{"@id":"https:\/\/3coty.com\/pl\/#\/schema\/logo\/image\/"},"sameAs":["https:\/\/www.facebook.com\/3coty","https:\/\/x.com\/3cotyCom","https:\/\/www.instagram.com\/3coty","https:\/\/www.linkedin.com\/company\/3coty","https:\/\/www.youtube.com\/@3coty"]}]},"product_price_amount":"3.30","product_price_currency":"EUR","og_availability":"instock","product_availability":"instock","product_retailer_item_id":"180T 41TC \/ 5901785316346","product_condition":"new"},"_links":{"self":[{"href":"https:\/\/3coty.com\/pl\/wp-json\/wp\/v2\/product\/26748","targetHints":{"allow":["GET"]}}],"collection":[{"href":"https:\/\/3coty.com\/pl\/wp-json\/wp\/v2\/product"}],"about":[{"href":"https:\/\/3coty.com\/pl\/wp-json\/wp\/v2\/types\/product"}],"version-history":[{"count":4,"href":"https:\/\/3coty.com\/pl\/wp-json\/wp\/v2\/product\/26748\/revisions"}],"predecessor-version":[{"id":48625,"href":"https:\/\/3coty.com\/pl\/wp-json\/wp\/v2\/product\/26748\/revisions\/48625"}],"wp:featuredmedia":[{"embeddable":true,"href":"https:\/\/3coty.com\/pl\/wp-json\/wp\/v2\/media\/48324"}],"wp:attachment":[{"href":"https:\/\/3coty.com\/pl\/wp-json\/wp\/v2\/media?parent=26748"}],"wp:term":[{"taxonomy":"product_brand","embeddable":true,"href":"https:\/\/3coty.com\/pl\/wp-json\/wp\/v2\/product_brand?post=26748"},{"taxonomy":"product_cat","embeddable":true,"href":"https:\/\/3coty.com\/pl\/wp-json\/wp\/v2\/product_cat?post=26748"},{"taxonomy":"product_tag","embeddable":true,"href":"https:\/\/3coty.com\/pl\/wp-json\/wp\/v2\/product_tag?post=26748"}],"curies":[{"name":"wp","href":"https:\/\/api.w.org\/{rel}","templated":true}]}}