{"id":19078,"date":"2025-05-24T11:47:02","date_gmt":"2025-05-24T11:47:02","guid":{"rendered":"https:\/\/3coty.com\/?post_type=product&#038;p=19078"},"modified":"2026-04-16T04:02:33","modified_gmt":"2026-04-16T04:02:33","slug":"18-turkey-krill-780","status":"publish","type":"product","link":"https:\/\/3coty.com\/pl\/p\/18-turkey-krill-780\/","title":{"rendered":"18. INDYK + KRYL Wspomaganie sier\u015bci 780"},"content":{"rendered":"<p><a href=\"https:\/\/3coty.com\/wp-content\/uploads\/2025\/07\/3coty-p-18-tab-1.svg\"><img fetchpriority=\"high\" decoding=\"async\" class=\"alignnone size-full wp-image-54426\" role=\"img\" src=\"https:\/\/3coty.com\/wp-content\/uploads\/2025\/07\/3coty-p-18-tab-1.svg\" alt=\"\" width=\"283\" height=\"283\" \/><\/a><\/p>\n<h2>NATURALNA I KOMPLETNA KARMA DLA KOT\u00d3W 3COTY\u00ae<\/h2>\n<p><strong>95% NATURALNYCH SK\u0141ADNIK\u00d3W MI\u0118SNYCH i produkt\u00f3w pochodzenia zwierz\u0119cego gotowanych we w\u0142asnym po\u017cywnym bulionie, 3% KRYLA ANTARKTYCZNEGO, 1% ALG BRUNATNYCH, 1% BIOTYNY<\/strong><\/p>\n<p>Gubienie sier\u015bci ma wiele przyczyn. Po ich usuni\u0119ciu (co mo\u017ce by\u0107 tak proste, jak posiadanie koci\u0105t), koty mog\u0105 skorzysta\u0107 z pomocy \u017cywieniowej, aby ich sier\u015b\u0107 odros\u0142a. Biotyna, zwana r\u00f3wnie\u017c witamin\u0105 B7, odgrywa wa\u017cn\u0105 rol\u0119 we wspieraniu procesu wzrostu sier\u015bci u kot\u00f3w. Wraz z \u0142atwo przyswajalnymi kwasami t\u0142uszczowymi Omega-3 przyczynia si\u0119 do silnego wzrostu w\u0142os\u00f3w. W tej karmie dla doros\u0142ych kot\u00f3w wspomagaj\u0105cej wzrost sier\u015bci uwzgl\u0119dnili\u015bmy norweskie algi brunatne ze wzgl\u0119du na zawarto\u015b\u0107 biotyny oraz kryl antarktyczny ze wzgl\u0119du na zawarto\u015b\u0107 kwas\u00f3w Omega-3.<\/p>\n<p>Karma opracowana tak, aby pom\u00f3c kotom w odrastaniu sier\u015bci po okresie linienia. Zawiera biotyn\u0119 oraz kwasy Omega-3 pochodz\u0105ce z alg brunatnych i kryla antarktycznego.<\/p>\n","protected":false},"excerpt":{"rendered":"<p><a href=\"https:\/\/3coty.com\/wp-content\/uploads\/2025\/07\/3coty-p-18-description-1.svg\"><img decoding=\"async\" class=\"alignnone size-medium wp-image-54390\" role=\"img\" src=\"https:\/\/3coty.com\/wp-content\/uploads\/2025\/07\/3coty-p-18-description-1.svg\" alt=\"\" width=\"300\" height=\"300\" \/><\/a><\/p>\n<p><strong>DLA KASTROWANYCH I DOROS\u0141YCH KOT\u00d3W<\/strong> | PASZTET | DWUBIA\u0141KOWA KARMA DLA KOT\u00d3W<br \/>\n<strong>Z KRYLEM ANTARKTYCZNYM | WSPOMAGANIE SIER\u015aCI<\/strong><\/p>\n<p><a href=\"https:\/\/3coty.com\/wp-content\/uploads\/2025\/07\/3coty-p-18-description-2.svg\"><img decoding=\"async\" class=\"alignnone size-full wp-image-54408\" role=\"img\" src=\"https:\/\/3coty.com\/wp-content\/uploads\/2025\/07\/3coty-p-18-description-2.svg\" alt=\"\" width=\"506\" height=\"85\" \/><\/a><\/p>\n","protected":false},"featured_media":54744,"template":"","meta":{"_acf_changed":false},"product_brand":[],"product_cat":[247,264],"product_tag":[282],"class_list":{"0":"post-19078","1":"product","2":"type-product","3":"status-publish","4":"has-post-thumbnail","6":"product_cat-for-adult-cats","7":"product_cat-for-sterilised-cats","8":"product_tag-18tk","10":"first","11":"instock","12":"featured","13":"taxable","14":"shipping-taxable","15":"purchasable","16":"product-type-simple"},"acf":[],"yoast_head":"<!-- This site is optimized with the Yoast SEO Premium plugin v27.4 (Yoast SEO v27.4) - https:\/\/yoast.com\/product\/yoast-seo-premium-wordpress\/ -->\n<title>18. INDYK + KRYL Wspomaganie sier\u015bci 780 - 3coty\u00ae<\/title>\n<meta name=\"robots\" content=\"index, follow, max-snippet:-1, max-image-preview:large, max-video-preview:-1\" \/>\n<link rel=\"canonical\" href=\"https:\/\/3coty.com\/pl\/p\/18-turkey-krill-780\/\" \/>\n<meta property=\"og:locale\" content=\"pl_PL\" \/>\n<meta property=\"og:type\" content=\"article\" \/>\n<meta property=\"og:title\" content=\"18. INDYK + KRYL Wspomaganie sier\u015bci 780\" \/>\n<meta property=\"og:description\" content=\"DLA KASTROWANYCH I DOROS\u0141YCH KOT\u00d3W | PASZTET | DWUBIA\u0141KOWA KARMA DLA KOT\u00d3W Z KRYLEM ANTARKTYCZNYM | WSPOMAGANIE SIER\u015aCI\" \/>\n<meta property=\"og:url\" content=\"https:\/\/3coty.com\/pl\/p\/18-turkey-krill-780\/\" \/>\n<meta property=\"og:site_name\" content=\"3coty\u00ae\" \/>\n<meta property=\"article:publisher\" content=\"https:\/\/www.facebook.com\/3coty\" \/>\n<meta property=\"article:modified_time\" content=\"2026-04-16T04:02:33+00:00\" \/>\n<meta property=\"og:image\" content=\"https:\/\/3coty.com\/wp-content\/uploads\/2025\/05\/3coty-product-18-780-01.jpg\" \/>\n\t<meta property=\"og:image:width\" content=\"1024\" \/>\n\t<meta property=\"og:image:height\" content=\"1024\" \/>\n\t<meta property=\"og:image:type\" content=\"image\/jpeg\" \/>\n<meta name=\"twitter:card\" content=\"summary_large_image\" \/>\n<meta name=\"twitter:site\" content=\"@3cotyCom\" \/>\n<meta name=\"twitter:label1\" content=\"Cena\" \/>\n\t<meta name=\"twitter:data1\" content=\"\u20ac&nbsp;10.35\" \/>\n\t<meta name=\"twitter:label2\" content=\"Dost\u0119pno\u015b\u0107\" \/>\n\t<meta name=\"twitter:data2\" content=\"Dost\u0119pny\" \/>\n<script type=\"application\/ld+json\" class=\"yoast-schema-graph\">{\"@context\":\"https:\\\/\\\/schema.org\",\"@graph\":[{\"@type\":\"WebPage\",\"@id\":\"https:\\\/\\\/3coty.com\\\/pl\\\/p\\\/18-turkey-krill-780\\\/\",\"url\":\"https:\\\/\\\/3coty.com\\\/pl\\\/p\\\/18-turkey-krill-780\\\/\",\"name\":\"18. INDYK + KRYL Wspomaganie sier\u015bci 780 - 3coty\u00ae\",\"isPartOf\":{\"@id\":\"https:\\\/\\\/3coty.com\\\/pl\\\/#website\"},\"primaryImageOfPage\":{\"@id\":\"https:\\\/\\\/3coty.com\\\/pl\\\/p\\\/18-turkey-krill-780\\\/#primaryimage\"},\"image\":{\"@id\":\"https:\\\/\\\/3coty.com\\\/pl\\\/p\\\/18-turkey-krill-780\\\/#primaryimage\"},\"thumbnailUrl\":\"https:\\\/\\\/3coty.com\\\/wp-content\\\/uploads\\\/2025\\\/07\\\/3coty-p-18-780-01.jpg\",\"datePublished\":\"2025-05-24T11:47:02+00:00\",\"dateModified\":\"2026-04-16T04:02:33+00:00\",\"breadcrumb\":{\"@id\":\"https:\\\/\\\/3coty.com\\\/pl\\\/p\\\/18-turkey-krill-780\\\/#breadcrumb\"},\"inLanguage\":\"pl-PL\",\"potentialAction\":[{\"@type\":\"ReadAction\",\"target\":[\"https:\\\/\\\/3coty.com\\\/pl\\\/p\\\/18-turkey-krill-780\\\/\"]}]},{\"@type\":\"ImageObject\",\"inLanguage\":\"pl-PL\",\"@id\":\"https:\\\/\\\/3coty.com\\\/pl\\\/p\\\/18-turkey-krill-780\\\/#primaryimage\",\"url\":\"https:\\\/\\\/3coty.com\\\/wp-content\\\/uploads\\\/2025\\\/07\\\/3coty-p-18-780-01.jpg\",\"contentUrl\":\"https:\\\/\\\/3coty.com\\\/wp-content\\\/uploads\\\/2025\\\/07\\\/3coty-p-18-780-01.jpg\",\"width\":1024,\"height\":1024},{\"@type\":\"BreadcrumbList\",\"@id\":\"https:\\\/\\\/3coty.com\\\/pl\\\/p\\\/18-turkey-krill-780\\\/#breadcrumb\",\"itemListElement\":[{\"@type\":\"ListItem\",\"position\":1,\"name\":\"Home\",\"item\":\"https:\\\/\\\/3coty.com\\\/pl\\\/\"},{\"@type\":\"ListItem\",\"position\":2,\"name\":\"SKLEP\",\"item\":\"https:\\\/\\\/3coty.com\\\/pl\\\/shop\\\/\"},{\"@type\":\"ListItem\",\"position\":3,\"name\":\"18. INDYK + KRYL Wspomaganie sier\u015bci 780\"}]},{\"@type\":\"WebSite\",\"@id\":\"https:\\\/\\\/3coty.com\\\/pl\\\/#website\",\"url\":\"https:\\\/\\\/3coty.com\\\/pl\\\/\",\"name\":\"3coty\u00ae\",\"description\":\"Meat-only Cat Food\",\"publisher\":{\"@id\":\"https:\\\/\\\/3coty.com\\\/pl\\\/#organization\"},\"potentialAction\":[{\"@type\":\"SearchAction\",\"target\":{\"@type\":\"EntryPoint\",\"urlTemplate\":\"https:\\\/\\\/3coty.com\\\/pl\\\/?s={search_term_string}\"},\"query-input\":{\"@type\":\"PropertyValueSpecification\",\"valueRequired\":true,\"valueName\":\"search_term_string\"}}],\"inLanguage\":\"pl-PL\"},{\"@type\":\"Organization\",\"@id\":\"https:\\\/\\\/3coty.com\\\/pl\\\/#organization\",\"name\":\"3coty\u00ae\",\"alternateName\":\"3coty\",\"url\":\"https:\\\/\\\/3coty.com\\\/pl\\\/\",\"logo\":{\"@type\":\"ImageObject\",\"inLanguage\":\"pl-PL\",\"@id\":\"https:\\\/\\\/3coty.com\\\/pl\\\/#\\\/schema\\\/logo\\\/image\\\/\",\"url\":\"https:\\\/\\\/3coty.com\\\/wp-content\\\/uploads\\\/2025\\\/05\\\/icon-3coty-logo.svg\",\"contentUrl\":\"https:\\\/\\\/3coty.com\\\/wp-content\\\/uploads\\\/2025\\\/05\\\/icon-3coty-logo.svg\",\"width\":283,\"height\":283,\"caption\":\"3coty\u00ae\"},\"image\":{\"@id\":\"https:\\\/\\\/3coty.com\\\/pl\\\/#\\\/schema\\\/logo\\\/image\\\/\"},\"sameAs\":[\"https:\\\/\\\/www.facebook.com\\\/3coty\",\"https:\\\/\\\/x.com\\\/3cotyCom\",\"https:\\\/\\\/www.instagram.com\\\/3coty\",\"https:\\\/\\\/www.linkedin.com\\\/company\\\/3coty\",\"https:\\\/\\\/www.youtube.com\\\/@3coty\"]}]}<\/script>\n<meta property=\"product:price:amount\" content=\"10.35\" \/>\n<meta property=\"product:price:currency\" content=\"EUR\" \/>\n<meta property=\"og:availability\" content=\"instock\" \/>\n<meta property=\"product:availability\" content=\"instock\" \/>\n<meta property=\"product:retailer_item_id\" content=\"780T 18TK \/ 5901785318531\" \/>\n<meta property=\"product:condition\" content=\"new\" \/>\n<!-- \/ Yoast SEO Premium plugin. -->","yoast_head_json":{"title":"18. INDYK + KRYL Wspomaganie sier\u015bci 780 - 3coty\u00ae","robots":{"index":"index","follow":"follow","max-snippet":"max-snippet:-1","max-image-preview":"max-image-preview:large","max-video-preview":"max-video-preview:-1"},"canonical":"https:\/\/3coty.com\/pl\/p\/18-turkey-krill-780\/","og_locale":"pl_PL","og_type":"article","og_title":"18. INDYK + KRYL Wspomaganie sier\u015bci 780","og_description":"DLA KASTROWANYCH I DOROS\u0141YCH KOT\u00d3W | PASZTET | DWUBIA\u0141KOWA KARMA DLA KOT\u00d3W Z KRYLEM ANTARKTYCZNYM | WSPOMAGANIE SIER\u015aCI","og_url":"https:\/\/3coty.com\/pl\/p\/18-turkey-krill-780\/","og_site_name":"3coty\u00ae","article_publisher":"https:\/\/www.facebook.com\/3coty","article_modified_time":"2026-04-16T04:02:33+00:00","og_image":[{"width":1024,"height":1024,"url":"https:\/\/3coty.com\/wp-content\/uploads\/2025\/05\/3coty-product-18-780-01.jpg","type":"image\/jpeg"}],"twitter_card":"summary_large_image","twitter_site":"@3cotyCom","twitter_misc":{"Cena":"\u20ac&nbsp;10.35","Dost\u0119pno\u015b\u0107":"Dost\u0119pny"},"schema":{"@context":"https:\/\/schema.org","@graph":[{"@type":"WebPage","@id":"https:\/\/3coty.com\/pl\/p\/18-turkey-krill-780\/","url":"https:\/\/3coty.com\/pl\/p\/18-turkey-krill-780\/","name":"18. INDYK + KRYL Wspomaganie sier\u015bci 780 - 3coty\u00ae","isPartOf":{"@id":"https:\/\/3coty.com\/pl\/#website"},"primaryImageOfPage":{"@id":"https:\/\/3coty.com\/pl\/p\/18-turkey-krill-780\/#primaryimage"},"image":{"@id":"https:\/\/3coty.com\/pl\/p\/18-turkey-krill-780\/#primaryimage"},"thumbnailUrl":"https:\/\/3coty.com\/wp-content\/uploads\/2025\/07\/3coty-p-18-780-01.jpg","datePublished":"2025-05-24T11:47:02+00:00","dateModified":"2026-04-16T04:02:33+00:00","breadcrumb":{"@id":"https:\/\/3coty.com\/pl\/p\/18-turkey-krill-780\/#breadcrumb"},"inLanguage":"pl-PL","potentialAction":[{"@type":"ReadAction","target":["https:\/\/3coty.com\/pl\/p\/18-turkey-krill-780\/"]}]},{"@type":"ImageObject","inLanguage":"pl-PL","@id":"https:\/\/3coty.com\/pl\/p\/18-turkey-krill-780\/#primaryimage","url":"https:\/\/3coty.com\/wp-content\/uploads\/2025\/07\/3coty-p-18-780-01.jpg","contentUrl":"https:\/\/3coty.com\/wp-content\/uploads\/2025\/07\/3coty-p-18-780-01.jpg","width":1024,"height":1024},{"@type":"BreadcrumbList","@id":"https:\/\/3coty.com\/pl\/p\/18-turkey-krill-780\/#breadcrumb","itemListElement":[{"@type":"ListItem","position":1,"name":"Home","item":"https:\/\/3coty.com\/pl\/"},{"@type":"ListItem","position":2,"name":"SKLEP","item":"https:\/\/3coty.com\/pl\/shop\/"},{"@type":"ListItem","position":3,"name":"18. INDYK + KRYL Wspomaganie sier\u015bci 780"}]},{"@type":"WebSite","@id":"https:\/\/3coty.com\/pl\/#website","url":"https:\/\/3coty.com\/pl\/","name":"3coty\u00ae","description":"Meat-only Cat Food","publisher":{"@id":"https:\/\/3coty.com\/pl\/#organization"},"potentialAction":[{"@type":"SearchAction","target":{"@type":"EntryPoint","urlTemplate":"https:\/\/3coty.com\/pl\/?s={search_term_string}"},"query-input":{"@type":"PropertyValueSpecification","valueRequired":true,"valueName":"search_term_string"}}],"inLanguage":"pl-PL"},{"@type":"Organization","@id":"https:\/\/3coty.com\/pl\/#organization","name":"3coty\u00ae","alternateName":"3coty","url":"https:\/\/3coty.com\/pl\/","logo":{"@type":"ImageObject","inLanguage":"pl-PL","@id":"https:\/\/3coty.com\/pl\/#\/schema\/logo\/image\/","url":"https:\/\/3coty.com\/wp-content\/uploads\/2025\/05\/icon-3coty-logo.svg","contentUrl":"https:\/\/3coty.com\/wp-content\/uploads\/2025\/05\/icon-3coty-logo.svg","width":283,"height":283,"caption":"3coty\u00ae"},"image":{"@id":"https:\/\/3coty.com\/pl\/#\/schema\/logo\/image\/"},"sameAs":["https:\/\/www.facebook.com\/3coty","https:\/\/x.com\/3cotyCom","https:\/\/www.instagram.com\/3coty","https:\/\/www.linkedin.com\/company\/3coty","https:\/\/www.youtube.com\/@3coty"]}]},"product_price_amount":"10.35","product_price_currency":"EUR","og_availability":"instock","product_availability":"instock","product_retailer_item_id":"780T 18TK \/ 5901785318531","product_condition":"new"},"_links":{"self":[{"href":"https:\/\/3coty.com\/pl\/wp-json\/wp\/v2\/product\/19078","targetHints":{"allow":["GET"]}}],"collection":[{"href":"https:\/\/3coty.com\/pl\/wp-json\/wp\/v2\/product"}],"about":[{"href":"https:\/\/3coty.com\/pl\/wp-json\/wp\/v2\/types\/product"}],"version-history":[{"count":4,"href":"https:\/\/3coty.com\/pl\/wp-json\/wp\/v2\/product\/19078\/revisions"}],"predecessor-version":[{"id":54865,"href":"https:\/\/3coty.com\/pl\/wp-json\/wp\/v2\/product\/19078\/revisions\/54865"}],"wp:featuredmedia":[{"embeddable":true,"href":"https:\/\/3coty.com\/pl\/wp-json\/wp\/v2\/media\/54744"}],"wp:attachment":[{"href":"https:\/\/3coty.com\/pl\/wp-json\/wp\/v2\/media?parent=19078"}],"wp:term":[{"taxonomy":"product_brand","embeddable":true,"href":"https:\/\/3coty.com\/pl\/wp-json\/wp\/v2\/product_brand?post=19078"},{"taxonomy":"product_cat","embeddable":true,"href":"https:\/\/3coty.com\/pl\/wp-json\/wp\/v2\/product_cat?post=19078"},{"taxonomy":"product_tag","embeddable":true,"href":"https:\/\/3coty.com\/pl\/wp-json\/wp\/v2\/product_tag?post=19078"}],"curies":[{"name":"wp","href":"https:\/\/api.w.org\/{rel}","templated":true}]}}