{"id":15141,"date":"2025-05-23T12:51:34","date_gmt":"2025-05-23T12:51:34","guid":{"rendered":"https:\/\/3coty.com\/?post_type=product&#038;p=15141"},"modified":"2026-03-17T18:47:59","modified_gmt":"2026-03-17T18:47:59","slug":"08-turkey-390","status":"publish","type":"product","link":"https:\/\/3coty.com\/pl\/p\/08-turkey-390\/","title":{"rendered":"08. INDYK 390"},"content":{"rendered":"<p><a href=\"https:\/\/3coty.com\/wp-content\/uploads\/2025\/07\/3coty-p-08-tab-1.svg\"><img fetchpriority=\"high\" decoding=\"async\" class=\"alignnone size-full wp-image-58452\" role=\"img\" src=\"https:\/\/3coty.com\/wp-content\/uploads\/2025\/07\/3coty-p-08-tab-1.svg\" alt=\"\" width=\"283\" height=\"283\" \/><\/a><\/p>\n<h2>NATURALNA I KOMPLETNA KARMA DLA KOT\u00d3W 3COTY\u00ae<\/h2>\n<p><strong>99,5% NATURALNYCH SK\u0141ADNIK\u00d3W MI\u0118SNYCH i produkt\u00f3w pochodzenia zwierz\u0119cego gotowanych we w\u0142asnym po\u017cywnym bulionie, 0,5% SPIRULINY<\/strong><\/p>\n<p>Indyk i spirulina w tej naturalnej mokrej karmie dla kot\u00f3w dostarczaj\u0105 wszystkich niezb\u0119dnych sk\u0142adnik\u00f3w od\u017cywczych potrzebnych do zbilansowanej diety \u2013 wszystko w jednej puszce. Spirulina wspomaga uk\u0142ad odporno\u015bciowy, szczeg\u00f3lnie u kot\u00f3w w trakcie rekonwalescencji, i nadaje karmie delikatnie zielonkawy odcie\u0144. Mi\u0119so z indyka to jedno z najlepszych \u017ar\u00f3de\u0142 bia\u0142ka do diety eliminacyjnej, a nasze chude kawa\u0142ki sprawiaj\u0105, \u017ce karma jest odpowiednia r\u00f3wnie\u017c dla kot\u00f3w z cukrzyc\u0105.<\/p>\n<p>Wzbogacona spirulin\u0105, ta monobia\u0142kowa karma z indykiem i o konsystencji pasztetu to idealny wyb\u00f3r do diety eliminacyjnej.<\/p>\n","protected":false},"excerpt":{"rendered":"<p><a href=\"https:\/\/3coty.com\/wp-content\/uploads\/2025\/07\/3coty-p-08-description-1.svg\"><img decoding=\"async\" class=\"alignnone size-medium wp-image-58416\" role=\"img\" src=\"https:\/\/3coty.com\/wp-content\/uploads\/2025\/07\/3coty-p-08-description-1.svg\" alt=\"\" width=\"300\" height=\"300\" \/><\/a><\/p>\n<p><strong>DLA DOROS\u0141YCH KOT\u00d3W<\/strong> | PASZTET | MONOBIA\u0141KOWA KARMA DLA KOT\u00d3W<br \/>\n<strong>ZE SPIRULIN\u0104<\/strong><\/p>\n<p><a href=\"https:\/\/3coty.com\/wp-content\/uploads\/2025\/07\/3coty-p-08-description-2.svg\"><img decoding=\"async\" class=\"alignnone size-full wp-image-58434\" role=\"img\" src=\"https:\/\/3coty.com\/wp-content\/uploads\/2025\/07\/3coty-p-08-description-2.svg\" alt=\"\" width=\"506\" height=\"85\" \/><\/a><\/p>\n","protected":false},"featured_media":58680,"template":"","meta":{"_acf_changed":false},"product_brand":[],"product_cat":[247],"product_tag":[276],"class_list":{"0":"post-15141","1":"product","2":"type-product","3":"status-publish","4":"has-post-thumbnail","6":"product_cat-for-adult-cats","7":"product_tag-08tu","9":"first","10":"instock","11":"featured","12":"taxable","13":"shipping-taxable","14":"purchasable","15":"product-type-simple"},"acf":[],"yoast_head":"<!-- This site is optimized with the Yoast SEO Premium plugin v27.3 (Yoast SEO v27.3) - https:\/\/yoast.com\/product\/yoast-seo-premium-wordpress\/ -->\n<title>08. INDYK 390 - 3coty\u00ae<\/title>\n<meta name=\"robots\" content=\"index, follow, max-snippet:-1, max-image-preview:large, max-video-preview:-1\" \/>\n<link rel=\"canonical\" href=\"https:\/\/3coty.com\/pl\/p\/08-turkey-390\/\" \/>\n<meta property=\"og:locale\" content=\"pl_PL\" \/>\n<meta property=\"og:type\" content=\"article\" \/>\n<meta property=\"og:title\" content=\"08. INDYK 390\" \/>\n<meta property=\"og:description\" content=\"DLA DOROS\u0141YCH KOT\u00d3W | PASZTET | MONOBIA\u0141KOWA KARMA DLA KOT\u00d3W ZE SPIRULIN\u0104\" \/>\n<meta property=\"og:url\" content=\"https:\/\/3coty.com\/pl\/p\/08-turkey-390\/\" \/>\n<meta property=\"og:site_name\" content=\"3coty\u00ae\" \/>\n<meta property=\"article:publisher\" content=\"https:\/\/www.facebook.com\/3coty\" \/>\n<meta property=\"article:modified_time\" content=\"2026-03-17T18:47:59+00:00\" \/>\n<meta property=\"og:image\" content=\"https:\/\/3coty.com\/wp-content\/uploads\/2025\/07\/3coty-p-08-390-01.jpg\" \/>\n\t<meta property=\"og:image:width\" content=\"1024\" \/>\n\t<meta property=\"og:image:height\" content=\"1024\" \/>\n\t<meta property=\"og:image:type\" content=\"image\/jpeg\" \/>\n<meta name=\"twitter:card\" content=\"summary_large_image\" \/>\n<meta name=\"twitter:site\" content=\"@3cotyCom\" \/>\n<meta name=\"twitter:label1\" content=\"Cena\" \/>\n\t<meta name=\"twitter:data1\" content=\"\u20ac&nbsp;4.50\" \/>\n\t<meta name=\"twitter:label2\" content=\"Dost\u0119pno\u015b\u0107\" \/>\n\t<meta name=\"twitter:data2\" content=\"Dost\u0119pny\" \/>\n<script type=\"application\/ld+json\" class=\"yoast-schema-graph\">{\"@context\":\"https:\\\/\\\/schema.org\",\"@graph\":[{\"@type\":\"WebPage\",\"@id\":\"https:\\\/\\\/3coty.com\\\/pl\\\/p\\\/08-turkey-390\\\/\",\"url\":\"https:\\\/\\\/3coty.com\\\/pl\\\/p\\\/08-turkey-390\\\/\",\"name\":\"08. INDYK 390 - 3coty\u00ae\",\"isPartOf\":{\"@id\":\"https:\\\/\\\/3coty.com\\\/pl\\\/#website\"},\"primaryImageOfPage\":{\"@id\":\"https:\\\/\\\/3coty.com\\\/pl\\\/p\\\/08-turkey-390\\\/#primaryimage\"},\"image\":{\"@id\":\"https:\\\/\\\/3coty.com\\\/pl\\\/p\\\/08-turkey-390\\\/#primaryimage\"},\"thumbnailUrl\":\"https:\\\/\\\/3coty.com\\\/wp-content\\\/uploads\\\/2025\\\/07\\\/3coty-p-08-390-01.jpg\",\"datePublished\":\"2025-05-23T12:51:34+00:00\",\"dateModified\":\"2026-03-17T18:47:59+00:00\",\"breadcrumb\":{\"@id\":\"https:\\\/\\\/3coty.com\\\/pl\\\/p\\\/08-turkey-390\\\/#breadcrumb\"},\"inLanguage\":\"pl-PL\",\"potentialAction\":[{\"@type\":\"ReadAction\",\"target\":[\"https:\\\/\\\/3coty.com\\\/pl\\\/p\\\/08-turkey-390\\\/\"]}]},{\"@type\":\"ImageObject\",\"inLanguage\":\"pl-PL\",\"@id\":\"https:\\\/\\\/3coty.com\\\/pl\\\/p\\\/08-turkey-390\\\/#primaryimage\",\"url\":\"https:\\\/\\\/3coty.com\\\/wp-content\\\/uploads\\\/2025\\\/07\\\/3coty-p-08-390-01.jpg\",\"contentUrl\":\"https:\\\/\\\/3coty.com\\\/wp-content\\\/uploads\\\/2025\\\/07\\\/3coty-p-08-390-01.jpg\",\"width\":1024,\"height\":1024},{\"@type\":\"BreadcrumbList\",\"@id\":\"https:\\\/\\\/3coty.com\\\/pl\\\/p\\\/08-turkey-390\\\/#breadcrumb\",\"itemListElement\":[{\"@type\":\"ListItem\",\"position\":1,\"name\":\"Home\",\"item\":\"https:\\\/\\\/3coty.com\\\/pl\\\/\"},{\"@type\":\"ListItem\",\"position\":2,\"name\":\"SKLEP\",\"item\":\"https:\\\/\\\/3coty.com\\\/pl\\\/shop\\\/\"},{\"@type\":\"ListItem\",\"position\":3,\"name\":\"08. INDYK 390\"}]},{\"@type\":\"WebSite\",\"@id\":\"https:\\\/\\\/3coty.com\\\/pl\\\/#website\",\"url\":\"https:\\\/\\\/3coty.com\\\/pl\\\/\",\"name\":\"3coty\u00ae\",\"description\":\"Meat-only Cat Food\",\"publisher\":{\"@id\":\"https:\\\/\\\/3coty.com\\\/pl\\\/#organization\"},\"potentialAction\":[{\"@type\":\"SearchAction\",\"target\":{\"@type\":\"EntryPoint\",\"urlTemplate\":\"https:\\\/\\\/3coty.com\\\/pl\\\/?s={search_term_string}\"},\"query-input\":{\"@type\":\"PropertyValueSpecification\",\"valueRequired\":true,\"valueName\":\"search_term_string\"}}],\"inLanguage\":\"pl-PL\"},{\"@type\":\"Organization\",\"@id\":\"https:\\\/\\\/3coty.com\\\/pl\\\/#organization\",\"name\":\"3coty\u00ae\",\"alternateName\":\"3coty\",\"url\":\"https:\\\/\\\/3coty.com\\\/pl\\\/\",\"logo\":{\"@type\":\"ImageObject\",\"inLanguage\":\"pl-PL\",\"@id\":\"https:\\\/\\\/3coty.com\\\/pl\\\/#\\\/schema\\\/logo\\\/image\\\/\",\"url\":\"https:\\\/\\\/3coty.com\\\/wp-content\\\/uploads\\\/2025\\\/05\\\/icon-3coty-logo.svg\",\"contentUrl\":\"https:\\\/\\\/3coty.com\\\/wp-content\\\/uploads\\\/2025\\\/05\\\/icon-3coty-logo.svg\",\"width\":283,\"height\":283,\"caption\":\"3coty\u00ae\"},\"image\":{\"@id\":\"https:\\\/\\\/3coty.com\\\/pl\\\/#\\\/schema\\\/logo\\\/image\\\/\"},\"sameAs\":[\"https:\\\/\\\/www.facebook.com\\\/3coty\",\"https:\\\/\\\/x.com\\\/3cotyCom\",\"https:\\\/\\\/www.instagram.com\\\/3coty\",\"https:\\\/\\\/www.linkedin.com\\\/company\\\/3coty\",\"https:\\\/\\\/www.youtube.com\\\/@3coty\"]}]}<\/script>\n<meta property=\"product:price:amount\" content=\"4.50\" \/>\n<meta property=\"product:price:currency\" content=\"EUR\" \/>\n<meta property=\"og:availability\" content=\"instock\" \/>\n<meta property=\"product:availability\" content=\"instock\" \/>\n<meta property=\"product:retailer_item_id\" content=\"390T 08TU \/ 5901785317350\" \/>\n<meta property=\"product:condition\" content=\"new\" \/>\n<!-- \/ Yoast SEO Premium plugin. -->","yoast_head_json":{"title":"08. INDYK 390 - 3coty\u00ae","robots":{"index":"index","follow":"follow","max-snippet":"max-snippet:-1","max-image-preview":"max-image-preview:large","max-video-preview":"max-video-preview:-1"},"canonical":"https:\/\/3coty.com\/pl\/p\/08-turkey-390\/","og_locale":"pl_PL","og_type":"article","og_title":"08. INDYK 390","og_description":"DLA DOROS\u0141YCH KOT\u00d3W | PASZTET | MONOBIA\u0141KOWA KARMA DLA KOT\u00d3W ZE SPIRULIN\u0104","og_url":"https:\/\/3coty.com\/pl\/p\/08-turkey-390\/","og_site_name":"3coty\u00ae","article_publisher":"https:\/\/www.facebook.com\/3coty","article_modified_time":"2026-03-17T18:47:59+00:00","og_image":[{"width":1024,"height":1024,"url":"https:\/\/3coty.com\/wp-content\/uploads\/2025\/07\/3coty-p-08-390-01.jpg","type":"image\/jpeg"}],"twitter_card":"summary_large_image","twitter_site":"@3cotyCom","twitter_misc":{"Cena":"\u20ac&nbsp;4.50","Dost\u0119pno\u015b\u0107":"Dost\u0119pny"},"schema":{"@context":"https:\/\/schema.org","@graph":[{"@type":"WebPage","@id":"https:\/\/3coty.com\/pl\/p\/08-turkey-390\/","url":"https:\/\/3coty.com\/pl\/p\/08-turkey-390\/","name":"08. INDYK 390 - 3coty\u00ae","isPartOf":{"@id":"https:\/\/3coty.com\/pl\/#website"},"primaryImageOfPage":{"@id":"https:\/\/3coty.com\/pl\/p\/08-turkey-390\/#primaryimage"},"image":{"@id":"https:\/\/3coty.com\/pl\/p\/08-turkey-390\/#primaryimage"},"thumbnailUrl":"https:\/\/3coty.com\/wp-content\/uploads\/2025\/07\/3coty-p-08-390-01.jpg","datePublished":"2025-05-23T12:51:34+00:00","dateModified":"2026-03-17T18:47:59+00:00","breadcrumb":{"@id":"https:\/\/3coty.com\/pl\/p\/08-turkey-390\/#breadcrumb"},"inLanguage":"pl-PL","potentialAction":[{"@type":"ReadAction","target":["https:\/\/3coty.com\/pl\/p\/08-turkey-390\/"]}]},{"@type":"ImageObject","inLanguage":"pl-PL","@id":"https:\/\/3coty.com\/pl\/p\/08-turkey-390\/#primaryimage","url":"https:\/\/3coty.com\/wp-content\/uploads\/2025\/07\/3coty-p-08-390-01.jpg","contentUrl":"https:\/\/3coty.com\/wp-content\/uploads\/2025\/07\/3coty-p-08-390-01.jpg","width":1024,"height":1024},{"@type":"BreadcrumbList","@id":"https:\/\/3coty.com\/pl\/p\/08-turkey-390\/#breadcrumb","itemListElement":[{"@type":"ListItem","position":1,"name":"Home","item":"https:\/\/3coty.com\/pl\/"},{"@type":"ListItem","position":2,"name":"SKLEP","item":"https:\/\/3coty.com\/pl\/shop\/"},{"@type":"ListItem","position":3,"name":"08. INDYK 390"}]},{"@type":"WebSite","@id":"https:\/\/3coty.com\/pl\/#website","url":"https:\/\/3coty.com\/pl\/","name":"3coty\u00ae","description":"Meat-only Cat Food","publisher":{"@id":"https:\/\/3coty.com\/pl\/#organization"},"potentialAction":[{"@type":"SearchAction","target":{"@type":"EntryPoint","urlTemplate":"https:\/\/3coty.com\/pl\/?s={search_term_string}"},"query-input":{"@type":"PropertyValueSpecification","valueRequired":true,"valueName":"search_term_string"}}],"inLanguage":"pl-PL"},{"@type":"Organization","@id":"https:\/\/3coty.com\/pl\/#organization","name":"3coty\u00ae","alternateName":"3coty","url":"https:\/\/3coty.com\/pl\/","logo":{"@type":"ImageObject","inLanguage":"pl-PL","@id":"https:\/\/3coty.com\/pl\/#\/schema\/logo\/image\/","url":"https:\/\/3coty.com\/wp-content\/uploads\/2025\/05\/icon-3coty-logo.svg","contentUrl":"https:\/\/3coty.com\/wp-content\/uploads\/2025\/05\/icon-3coty-logo.svg","width":283,"height":283,"caption":"3coty\u00ae"},"image":{"@id":"https:\/\/3coty.com\/pl\/#\/schema\/logo\/image\/"},"sameAs":["https:\/\/www.facebook.com\/3coty","https:\/\/x.com\/3cotyCom","https:\/\/www.instagram.com\/3coty","https:\/\/www.linkedin.com\/company\/3coty","https:\/\/www.youtube.com\/@3coty"]}]},"product_price_amount":"4.50","product_price_currency":"EUR","og_availability":"instock","product_availability":"instock","product_retailer_item_id":"390T 08TU \/ 5901785317350","product_condition":"new"},"_links":{"self":[{"href":"https:\/\/3coty.com\/pl\/wp-json\/wp\/v2\/product\/15141","targetHints":{"allow":["GET"]}}],"collection":[{"href":"https:\/\/3coty.com\/pl\/wp-json\/wp\/v2\/product"}],"about":[{"href":"https:\/\/3coty.com\/pl\/wp-json\/wp\/v2\/types\/product"}],"version-history":[{"count":5,"href":"https:\/\/3coty.com\/pl\/wp-json\/wp\/v2\/product\/15141\/revisions"}],"predecessor-version":[{"id":58893,"href":"https:\/\/3coty.com\/pl\/wp-json\/wp\/v2\/product\/15141\/revisions\/58893"}],"wp:featuredmedia":[{"embeddable":true,"href":"https:\/\/3coty.com\/pl\/wp-json\/wp\/v2\/media\/58680"}],"wp:attachment":[{"href":"https:\/\/3coty.com\/pl\/wp-json\/wp\/v2\/media?parent=15141"}],"wp:term":[{"taxonomy":"product_brand","embeddable":true,"href":"https:\/\/3coty.com\/pl\/wp-json\/wp\/v2\/product_brand?post=15141"},{"taxonomy":"product_cat","embeddable":true,"href":"https:\/\/3coty.com\/pl\/wp-json\/wp\/v2\/product_cat?post=15141"},{"taxonomy":"product_tag","embeddable":true,"href":"https:\/\/3coty.com\/pl\/wp-json\/wp\/v2\/product_tag?post=15141"}],"curies":[{"name":"wp","href":"https:\/\/api.w.org\/{rel}","templated":true}]}}