{"id":14616,"date":"2025-05-23T11:38:22","date_gmt":"2025-05-23T11:38:22","guid":{"rendered":"https:\/\/3coty.com\/p\/07-turkey-080\/"},"modified":"2026-03-30T15:24:16","modified_gmt":"2026-03-30T15:24:16","slug":"07-turkey-080","status":"publish","type":"product","link":"https:\/\/3coty.com\/pl\/p\/07-turkey-080\/","title":{"rendered":"07. INDYK 080"},"content":{"rendered":"<p><a href=\"https:\/\/3coty.com\/wp-content\/uploads\/2025\/07\/3coty-p-07-tab-1.svg\"><img fetchpriority=\"high\" decoding=\"async\" class=\"alignnone size-full wp-image-59665\" role=\"img\" src=\"https:\/\/3coty.com\/wp-content\/uploads\/2025\/07\/3coty-p-07-tab-1.svg\" alt=\"\" width=\"283\" height=\"283\" \/><\/a><\/p>\n<h2>NATURALNA I KOMPLETNA KARMA DLA KOT\u00d3W 3COTY\u00ae<\/h2>\n<p><strong>100% NATURALNYCH SK\u0141ADNIK\u00d3W MI\u0118SNYCH i produkt\u00f3w pochodzenia zwierz\u0119cego gotowanych we w\u0142asnym po\u017cywnym bulionie<\/strong><\/p>\n<p>Naturalna, pe\u0142noporcjowa i zbilansowana karma monobia\u0142kowa dla kot\u00f3w, przygotowana w 100% z indyka gotowanego we w\u0142asnym bulionie. To idealna propozycja dla diety eliminacyjnej w przypadku podejrzenia alergii pokarmowej. Jej szarpana konsystencja szczeg\u00f3lnie odpowiada kotom, kt\u00f3re lubi\u0105 gry\u017a\u0107 pokarm, tak jak robi\u0142yby to w naturze. Karma jest ceniona przez doros\u0142e koty wi\u0119kszych ras, takich jak koty bengalskie i brytyjskie kr\u00f3tkow\u0142ose, jednak mo\u017ce by\u0107 trudna do spo\u017cycia dla koci\u0105t.<\/p>\n<p>Du\u017ce kawa\u0142ki szarpanego indyka w naturalnej galarecie. To idealna monobia\u0142kowa karma do diety eliminacyjnej.<\/p>\n","protected":false},"excerpt":{"rendered":"<p><a href=\"https:\/\/3coty.com\/wp-content\/uploads\/2025\/07\/3coty-p-07-description-1.svg\"><img decoding=\"async\" class=\"alignnone size-medium wp-image-59629\" role=\"img\" src=\"https:\/\/3coty.com\/wp-content\/uploads\/2025\/07\/3coty-p-07-description-1.svg\" alt=\"\" width=\"300\" height=\"300\" \/><\/a><\/p>\n<p><strong>DLA DOROS\u0141YCH KOT\u00d3W<\/strong> | SZARPANY | MONOBIA\u0141KOWA KARMA DLA KOT\u00d3W<\/p>\n<p><a href=\"https:\/\/3coty.com\/wp-content\/uploads\/2025\/07\/3coty-p-07-description-2.svg\"><img decoding=\"async\" class=\"alignnone size-full wp-image-59647\" role=\"img\" src=\"https:\/\/3coty.com\/wp-content\/uploads\/2025\/07\/3coty-p-07-description-2.svg\" alt=\"\" width=\"506\" height=\"85\" \/><\/a><\/p>\n","protected":false},"featured_media":59123,"template":"","meta":{"_acf_changed":false},"product_brand":[1952],"product_cat":[247],"product_tag":[275],"class_list":{"0":"post-14616","1":"product","2":"type-product","3":"status-publish","4":"has-post-thumbnail","6":"product_brand-3coty","7":"product_cat-for-adult-cats","8":"product_tag-07tu","10":"first","11":"instock","12":"featured","13":"taxable","14":"shipping-taxable","15":"purchasable","16":"product-type-simple"},"acf":[],"yoast_head":"<!-- This site is optimized with the Yoast SEO Premium plugin v27.4 (Yoast SEO v27.4) - https:\/\/yoast.com\/product\/yoast-seo-premium-wordpress\/ -->\n<title>07. INDYK 080 (80g) | Dla kot\u00f3w doros\u0142ych | 3coty\u00ae Naturalna Karma dla Kot\u00f3w 100% Mi\u0119sa<\/title>\n<meta name=\"description\" content=\"Ta monobia\u0142kowa mokra karma z 100% szarpanego indyka jest naturalna, pe\u0142noporcjowa i zbilansowana i gotowana we w\u0142asnym bulionie. Jest idealna dla doros\u0142ych kot\u00f3w na diecie eliminacyjnej przy podejrzeniu alergii pokarmowej i szczeg\u00f3lnie dobrze sprawdza si\u0119 u wi\u0119kszych ras, kt\u00f3re lubi\u0105 \u017cu\u0107 wi\u0119ksze kawa\u0142ki mi\u0119sa. Karma 3coty\u00ae przygotowana wy\u0142\u0105cznie z mi\u0119sa.\" \/>\n<meta name=\"robots\" content=\"index, follow, max-snippet:-1, max-image-preview:large, max-video-preview:-1\" \/>\n<link rel=\"canonical\" href=\"https:\/\/3coty.com\/pl\/p\/07-turkey-080\/\" \/>\n<meta property=\"og:locale\" content=\"pl_PL\" \/>\n<meta property=\"og:type\" content=\"article\" \/>\n<meta property=\"og:title\" content=\"07. INDYK 080 (80g) | Dla kot\u00f3w doros\u0142ych | 3coty\u00ae Naturalna Karma dla Kot\u00f3w 100% Mi\u0119sa\" \/>\n<meta property=\"og:description\" content=\"Ta monobia\u0142kowa mokra karma z 100% szarpanego indyka jest naturalna, pe\u0142noporcjowa i zbilansowana i gotowana we w\u0142asnym bulionie. Jest idealna dla doros\u0142ych kot\u00f3w na diecie eliminacyjnej przy podejrzeniu alergii pokarmowej i szczeg\u00f3lnie dobrze sprawdza si\u0119 u wi\u0119kszych ras, kt\u00f3re lubi\u0105 \u017cu\u0107 wi\u0119ksze kawa\u0142ki mi\u0119sa. Karma 3coty\u00ae przygotowana wy\u0142\u0105cznie z mi\u0119sa.\" \/>\n<meta property=\"og:url\" content=\"https:\/\/3coty.com\/pl\/p\/07-turkey-080\/\" \/>\n<meta property=\"og:site_name\" content=\"3coty\u00ae\" \/>\n<meta property=\"article:publisher\" content=\"https:\/\/www.facebook.com\/3coty\" \/>\n<meta property=\"article:modified_time\" content=\"2026-03-30T15:24:16+00:00\" \/>\n<meta property=\"og:image\" content=\"https:\/\/3coty.com\/wp-content\/uploads\/2025\/12\/3coty-07-turkey-080-meat-only-cat-food.jpg\" \/>\n\t<meta property=\"og:image:width\" content=\"1200\" \/>\n\t<meta property=\"og:image:height\" content=\"630\" \/>\n\t<meta property=\"og:image:type\" content=\"image\/jpeg\" \/>\n<meta name=\"twitter:card\" content=\"summary_large_image\" \/>\n<meta name=\"twitter:title\" content=\"07. INDYK 080 (80g) | Dla kot\u00f3w doros\u0142ych | 3coty\u00ae Naturalna Karma dla Kot\u00f3w 100% Mi\u0119sa\" \/>\n<meta name=\"twitter:description\" content=\"Ta monobia\u0142kowa mokra karma z 100% szarpanego indyka jest naturalna, pe\u0142noporcjowa i zbilansowana i gotowana we w\u0142asnym bulionie. Jest idealna dla doros\u0142ych kot\u00f3w na diecie eliminacyjnej przy podejrzeniu alergii pokarmowej i szczeg\u00f3lnie dobrze sprawdza si\u0119 u wi\u0119kszych ras, kt\u00f3re lubi\u0105 \u017cu\u0107 wi\u0119ksze kawa\u0142ki mi\u0119sa. Karma 3coty\u00ae przygotowana wy\u0142\u0105cznie z mi\u0119sa.\" \/>\n<meta name=\"twitter:image\" content=\"https:\/\/3coty.com\/wp-content\/uploads\/2025\/12\/3coty-07-turkey-080-meat-only-cat-food.jpg\" \/>\n<meta name=\"twitter:site\" content=\"@3cotyCom\" \/>\n<meta name=\"twitter:label1\" content=\"Cena\" \/>\n\t<meta name=\"twitter:data1\" content=\"\u20ac&nbsp;2.00\" \/>\n\t<meta name=\"twitter:label2\" content=\"Dost\u0119pno\u015b\u0107\" \/>\n\t<meta name=\"twitter:data2\" content=\"Dost\u0119pny\" \/>\n<script type=\"application\/ld+json\" class=\"yoast-schema-graph\">{\"@context\":\"https:\\\/\\\/schema.org\",\"@graph\":[{\"@type\":\"WebPage\",\"@id\":\"https:\\\/\\\/3coty.com\\\/pl\\\/p\\\/07-turkey-080\\\/\",\"url\":\"https:\\\/\\\/3coty.com\\\/pl\\\/p\\\/07-turkey-080\\\/\",\"name\":\"07. INDYK 080 (80g) | Dla kot\u00f3w doros\u0142ych | 3coty\u00ae Naturalna Karma dla Kot\u00f3w 100% Mi\u0119sa\",\"isPartOf\":{\"@id\":\"https:\\\/\\\/3coty.com\\\/pl\\\/#website\"},\"primaryImageOfPage\":{\"@id\":\"https:\\\/\\\/3coty.com\\\/pl\\\/p\\\/07-turkey-080\\\/#primaryimage\"},\"image\":{\"@id\":\"https:\\\/\\\/3coty.com\\\/pl\\\/p\\\/07-turkey-080\\\/#primaryimage\"},\"thumbnailUrl\":\"https:\\\/\\\/3coty.com\\\/wp-content\\\/uploads\\\/2025\\\/07\\\/3coty-p-07-080-01.jpg\",\"datePublished\":\"2025-05-23T11:38:22+00:00\",\"dateModified\":\"2026-03-30T15:24:16+00:00\",\"description\":\"Ta monobia\u0142kowa mokra karma z 100% szarpanego indyka jest naturalna, pe\u0142noporcjowa i zbilansowana i gotowana we w\u0142asnym bulionie. Jest idealna dla doros\u0142ych kot\u00f3w na diecie eliminacyjnej przy podejrzeniu alergii pokarmowej i szczeg\u00f3lnie dobrze sprawdza si\u0119 u wi\u0119kszych ras, kt\u00f3re lubi\u0105 \u017cu\u0107 wi\u0119ksze kawa\u0142ki mi\u0119sa. Karma 3coty\u00ae przygotowana wy\u0142\u0105cznie z mi\u0119sa.\",\"breadcrumb\":{\"@id\":\"https:\\\/\\\/3coty.com\\\/pl\\\/p\\\/07-turkey-080\\\/#breadcrumb\"},\"inLanguage\":\"pl-PL\",\"potentialAction\":[{\"@type\":\"ReadAction\",\"target\":[\"https:\\\/\\\/3coty.com\\\/pl\\\/p\\\/07-turkey-080\\\/\"]}]},{\"@type\":\"ImageObject\",\"inLanguage\":\"pl-PL\",\"@id\":\"https:\\\/\\\/3coty.com\\\/pl\\\/p\\\/07-turkey-080\\\/#primaryimage\",\"url\":\"https:\\\/\\\/3coty.com\\\/wp-content\\\/uploads\\\/2025\\\/07\\\/3coty-p-07-080-01.jpg\",\"contentUrl\":\"https:\\\/\\\/3coty.com\\\/wp-content\\\/uploads\\\/2025\\\/07\\\/3coty-p-07-080-01.jpg\",\"width\":1024,\"height\":1024},{\"@type\":\"BreadcrumbList\",\"@id\":\"https:\\\/\\\/3coty.com\\\/pl\\\/p\\\/07-turkey-080\\\/#breadcrumb\",\"itemListElement\":[{\"@type\":\"ListItem\",\"position\":1,\"name\":\"Home\",\"item\":\"https:\\\/\\\/3coty.com\\\/pl\\\/\"},{\"@type\":\"ListItem\",\"position\":2,\"name\":\"SKLEP\",\"item\":\"https:\\\/\\\/3coty.com\\\/pl\\\/shop\\\/\"},{\"@type\":\"ListItem\",\"position\":3,\"name\":\"07. INDYK 080\"}]},{\"@type\":\"WebSite\",\"@id\":\"https:\\\/\\\/3coty.com\\\/pl\\\/#website\",\"url\":\"https:\\\/\\\/3coty.com\\\/pl\\\/\",\"name\":\"3coty\u00ae\",\"description\":\"Meat-only Cat Food\",\"publisher\":{\"@id\":\"https:\\\/\\\/3coty.com\\\/pl\\\/#organization\"},\"potentialAction\":[{\"@type\":\"SearchAction\",\"target\":{\"@type\":\"EntryPoint\",\"urlTemplate\":\"https:\\\/\\\/3coty.com\\\/pl\\\/?s={search_term_string}\"},\"query-input\":{\"@type\":\"PropertyValueSpecification\",\"valueRequired\":true,\"valueName\":\"search_term_string\"}}],\"inLanguage\":\"pl-PL\"},{\"@type\":\"Organization\",\"@id\":\"https:\\\/\\\/3coty.com\\\/pl\\\/#organization\",\"name\":\"3coty\u00ae\",\"alternateName\":\"3coty\",\"url\":\"https:\\\/\\\/3coty.com\\\/pl\\\/\",\"logo\":{\"@type\":\"ImageObject\",\"inLanguage\":\"pl-PL\",\"@id\":\"https:\\\/\\\/3coty.com\\\/pl\\\/#\\\/schema\\\/logo\\\/image\\\/\",\"url\":\"https:\\\/\\\/3coty.com\\\/wp-content\\\/uploads\\\/2025\\\/05\\\/icon-3coty-logo.svg\",\"contentUrl\":\"https:\\\/\\\/3coty.com\\\/wp-content\\\/uploads\\\/2025\\\/05\\\/icon-3coty-logo.svg\",\"width\":283,\"height\":283,\"caption\":\"3coty\u00ae\"},\"image\":{\"@id\":\"https:\\\/\\\/3coty.com\\\/pl\\\/#\\\/schema\\\/logo\\\/image\\\/\"},\"sameAs\":[\"https:\\\/\\\/www.facebook.com\\\/3coty\",\"https:\\\/\\\/x.com\\\/3cotyCom\",\"https:\\\/\\\/www.instagram.com\\\/3coty\",\"https:\\\/\\\/www.linkedin.com\\\/company\\\/3coty\",\"https:\\\/\\\/www.youtube.com\\\/@3coty\"]}]}<\/script>\n<meta property=\"product:price:amount\" content=\"2.00\" \/>\n<meta property=\"product:price:currency\" content=\"EUR\" \/>\n<meta property=\"og:availability\" content=\"instock\" \/>\n<meta property=\"product:availability\" content=\"instock\" \/>\n<meta property=\"product:retailer_item_id\" content=\"080T 07TU \/ 5901785316902\" \/>\n<meta property=\"product:condition\" content=\"new\" \/>\n<!-- \/ Yoast SEO Premium plugin. -->","yoast_head_json":{"title":"07. INDYK 080 (80g) | Dla kot\u00f3w doros\u0142ych | 3coty\u00ae Naturalna Karma dla Kot\u00f3w 100% Mi\u0119sa","description":"Ta monobia\u0142kowa mokra karma z 100% szarpanego indyka jest naturalna, pe\u0142noporcjowa i zbilansowana i gotowana we w\u0142asnym bulionie. Jest idealna dla doros\u0142ych kot\u00f3w na diecie eliminacyjnej przy podejrzeniu alergii pokarmowej i szczeg\u00f3lnie dobrze sprawdza si\u0119 u wi\u0119kszych ras, kt\u00f3re lubi\u0105 \u017cu\u0107 wi\u0119ksze kawa\u0142ki mi\u0119sa. Karma 3coty\u00ae przygotowana wy\u0142\u0105cznie z mi\u0119sa.","robots":{"index":"index","follow":"follow","max-snippet":"max-snippet:-1","max-image-preview":"max-image-preview:large","max-video-preview":"max-video-preview:-1"},"canonical":"https:\/\/3coty.com\/pl\/p\/07-turkey-080\/","og_locale":"pl_PL","og_type":"article","og_title":"07. INDYK 080 (80g) | Dla kot\u00f3w doros\u0142ych | 3coty\u00ae Naturalna Karma dla Kot\u00f3w 100% Mi\u0119sa","og_description":"Ta monobia\u0142kowa mokra karma z 100% szarpanego indyka jest naturalna, pe\u0142noporcjowa i zbilansowana i gotowana we w\u0142asnym bulionie. Jest idealna dla doros\u0142ych kot\u00f3w na diecie eliminacyjnej przy podejrzeniu alergii pokarmowej i szczeg\u00f3lnie dobrze sprawdza si\u0119 u wi\u0119kszych ras, kt\u00f3re lubi\u0105 \u017cu\u0107 wi\u0119ksze kawa\u0142ki mi\u0119sa. Karma 3coty\u00ae przygotowana wy\u0142\u0105cznie z mi\u0119sa.","og_url":"https:\/\/3coty.com\/pl\/p\/07-turkey-080\/","og_site_name":"3coty\u00ae","article_publisher":"https:\/\/www.facebook.com\/3coty","article_modified_time":"2026-03-30T15:24:16+00:00","og_image":[{"width":1200,"height":630,"url":"https:\/\/3coty.com\/wp-content\/uploads\/2025\/12\/3coty-07-turkey-080-meat-only-cat-food.jpg","type":"image\/jpeg"}],"twitter_card":"summary_large_image","twitter_title":"07. INDYK 080 (80g) | Dla kot\u00f3w doros\u0142ych | 3coty\u00ae Naturalna Karma dla Kot\u00f3w 100% Mi\u0119sa","twitter_description":"Ta monobia\u0142kowa mokra karma z 100% szarpanego indyka jest naturalna, pe\u0142noporcjowa i zbilansowana i gotowana we w\u0142asnym bulionie. Jest idealna dla doros\u0142ych kot\u00f3w na diecie eliminacyjnej przy podejrzeniu alergii pokarmowej i szczeg\u00f3lnie dobrze sprawdza si\u0119 u wi\u0119kszych ras, kt\u00f3re lubi\u0105 \u017cu\u0107 wi\u0119ksze kawa\u0142ki mi\u0119sa. Karma 3coty\u00ae przygotowana wy\u0142\u0105cznie z mi\u0119sa.","twitter_image":"https:\/\/3coty.com\/wp-content\/uploads\/2025\/12\/3coty-07-turkey-080-meat-only-cat-food.jpg","twitter_site":"@3cotyCom","twitter_misc":{"Cena":"\u20ac&nbsp;2.00","Dost\u0119pno\u015b\u0107":"Dost\u0119pny"},"schema":{"@context":"https:\/\/schema.org","@graph":[{"@type":"WebPage","@id":"https:\/\/3coty.com\/pl\/p\/07-turkey-080\/","url":"https:\/\/3coty.com\/pl\/p\/07-turkey-080\/","name":"07. INDYK 080 (80g) | Dla kot\u00f3w doros\u0142ych | 3coty\u00ae Naturalna Karma dla Kot\u00f3w 100% Mi\u0119sa","isPartOf":{"@id":"https:\/\/3coty.com\/pl\/#website"},"primaryImageOfPage":{"@id":"https:\/\/3coty.com\/pl\/p\/07-turkey-080\/#primaryimage"},"image":{"@id":"https:\/\/3coty.com\/pl\/p\/07-turkey-080\/#primaryimage"},"thumbnailUrl":"https:\/\/3coty.com\/wp-content\/uploads\/2025\/07\/3coty-p-07-080-01.jpg","datePublished":"2025-05-23T11:38:22+00:00","dateModified":"2026-03-30T15:24:16+00:00","description":"Ta monobia\u0142kowa mokra karma z 100% szarpanego indyka jest naturalna, pe\u0142noporcjowa i zbilansowana i gotowana we w\u0142asnym bulionie. Jest idealna dla doros\u0142ych kot\u00f3w na diecie eliminacyjnej przy podejrzeniu alergii pokarmowej i szczeg\u00f3lnie dobrze sprawdza si\u0119 u wi\u0119kszych ras, kt\u00f3re lubi\u0105 \u017cu\u0107 wi\u0119ksze kawa\u0142ki mi\u0119sa. Karma 3coty\u00ae przygotowana wy\u0142\u0105cznie z mi\u0119sa.","breadcrumb":{"@id":"https:\/\/3coty.com\/pl\/p\/07-turkey-080\/#breadcrumb"},"inLanguage":"pl-PL","potentialAction":[{"@type":"ReadAction","target":["https:\/\/3coty.com\/pl\/p\/07-turkey-080\/"]}]},{"@type":"ImageObject","inLanguage":"pl-PL","@id":"https:\/\/3coty.com\/pl\/p\/07-turkey-080\/#primaryimage","url":"https:\/\/3coty.com\/wp-content\/uploads\/2025\/07\/3coty-p-07-080-01.jpg","contentUrl":"https:\/\/3coty.com\/wp-content\/uploads\/2025\/07\/3coty-p-07-080-01.jpg","width":1024,"height":1024},{"@type":"BreadcrumbList","@id":"https:\/\/3coty.com\/pl\/p\/07-turkey-080\/#breadcrumb","itemListElement":[{"@type":"ListItem","position":1,"name":"Home","item":"https:\/\/3coty.com\/pl\/"},{"@type":"ListItem","position":2,"name":"SKLEP","item":"https:\/\/3coty.com\/pl\/shop\/"},{"@type":"ListItem","position":3,"name":"07. INDYK 080"}]},{"@type":"WebSite","@id":"https:\/\/3coty.com\/pl\/#website","url":"https:\/\/3coty.com\/pl\/","name":"3coty\u00ae","description":"Meat-only Cat Food","publisher":{"@id":"https:\/\/3coty.com\/pl\/#organization"},"potentialAction":[{"@type":"SearchAction","target":{"@type":"EntryPoint","urlTemplate":"https:\/\/3coty.com\/pl\/?s={search_term_string}"},"query-input":{"@type":"PropertyValueSpecification","valueRequired":true,"valueName":"search_term_string"}}],"inLanguage":"pl-PL"},{"@type":"Organization","@id":"https:\/\/3coty.com\/pl\/#organization","name":"3coty\u00ae","alternateName":"3coty","url":"https:\/\/3coty.com\/pl\/","logo":{"@type":"ImageObject","inLanguage":"pl-PL","@id":"https:\/\/3coty.com\/pl\/#\/schema\/logo\/image\/","url":"https:\/\/3coty.com\/wp-content\/uploads\/2025\/05\/icon-3coty-logo.svg","contentUrl":"https:\/\/3coty.com\/wp-content\/uploads\/2025\/05\/icon-3coty-logo.svg","width":283,"height":283,"caption":"3coty\u00ae"},"image":{"@id":"https:\/\/3coty.com\/pl\/#\/schema\/logo\/image\/"},"sameAs":["https:\/\/www.facebook.com\/3coty","https:\/\/x.com\/3cotyCom","https:\/\/www.instagram.com\/3coty","https:\/\/www.linkedin.com\/company\/3coty","https:\/\/www.youtube.com\/@3coty"]}]},"product_price_amount":"2.00","product_price_currency":"EUR","og_availability":"instock","product_availability":"instock","product_retailer_item_id":"080T 07TU \/ 5901785316902","product_condition":"new"},"_links":{"self":[{"href":"https:\/\/3coty.com\/pl\/wp-json\/wp\/v2\/product\/14616","targetHints":{"allow":["GET"]}}],"collection":[{"href":"https:\/\/3coty.com\/pl\/wp-json\/wp\/v2\/product"}],"about":[{"href":"https:\/\/3coty.com\/pl\/wp-json\/wp\/v2\/types\/product"}],"version-history":[{"count":7,"href":"https:\/\/3coty.com\/pl\/wp-json\/wp\/v2\/product\/14616\/revisions"}],"predecessor-version":[{"id":59735,"href":"https:\/\/3coty.com\/pl\/wp-json\/wp\/v2\/product\/14616\/revisions\/59735"}],"wp:featuredmedia":[{"embeddable":true,"href":"https:\/\/3coty.com\/pl\/wp-json\/wp\/v2\/media\/59123"}],"wp:attachment":[{"href":"https:\/\/3coty.com\/pl\/wp-json\/wp\/v2\/media?parent=14616"}],"wp:term":[{"taxonomy":"product_brand","embeddable":true,"href":"https:\/\/3coty.com\/pl\/wp-json\/wp\/v2\/product_brand?post=14616"},{"taxonomy":"product_cat","embeddable":true,"href":"https:\/\/3coty.com\/pl\/wp-json\/wp\/v2\/product_cat?post=14616"},{"taxonomy":"product_tag","embeddable":true,"href":"https:\/\/3coty.com\/pl\/wp-json\/wp\/v2\/product_tag?post=14616"}],"curies":[{"name":"wp","href":"https:\/\/api.w.org\/{rel}","templated":true}]}}