{"id":33658,"date":"2025-05-27T12:47:45","date_gmt":"2025-05-27T12:47:45","guid":{"rendered":"https:\/\/3coty.com\/p\/61-chicken-160\/"},"modified":"2026-04-16T04:23:27","modified_gmt":"2026-04-16T04:23:27","slug":"61-chicken-160","status":"publish","type":"product","link":"https:\/\/3coty.com\/no\/p\/61-chicken-160\/","title":{"rendered":"61. KYLLING Cheers! 160"},"content":{"rendered":"<p><a href=\"https:\/\/3coty.com\/wp-content\/uploads\/2025\/07\/3coty-p-61-tab-1.svg\"><img fetchpriority=\"high\" decoding=\"async\" class=\"alignnone size-full wp-image-44442\" role=\"img\" src=\"https:\/\/3coty.com\/wp-content\/uploads\/2025\/07\/3coty-p-61-tab-1.svg\" alt=\"\" width=\"283\" height=\"283\" \/><\/a><\/p>\n<h2>3COTY\u00ae CHEERS! NATURLIG TILLEGGSF\u00d4R for katter<\/h2>\n<p><strong>N\u00e6ringsrik, naturlig buljong med kokte kj\u00f8ttingredienser<\/strong><\/p>\n<p>N\u00e5r katten blir eldre, er det viktig at den f\u00e5r i seg nok v\u00e6ske \u2013 enten gjennom v\u00e5tf\u00f4r eller ved \u00e5 drikke. En vanlig vannsk\u00e5l er kanskje ikke tilstrekkelig for \u00e5 oppmuntre alle katter til \u00e5 drikke nok. Denne buljongen, laget av kokt kylling, lukter og smaker av kj\u00f8tt og oppmuntrer katten til \u00e5 drikke mer v\u00e6ske. Det kan bidra til \u00e5 redusere risikoen for nyreskader.<\/p>\n<p>Velsmakende kraftdrikk til katten din for \u00e5 st\u00f8tte v\u00e6skeinntaket, laget av samme kylling av h\u00f8y kvalitet som brukes i f\u00f4ret v\u00e5rt.<\/p>\n","protected":false},"excerpt":{"rendered":"<p><a href=\"https:\/\/3coty.com\/wp-content\/uploads\/2025\/07\/3coty-p-61-description-1.svg\"><img decoding=\"async\" class=\"alignnone size-medium wp-image-44406\" role=\"img\" src=\"https:\/\/3coty.com\/wp-content\/uploads\/2025\/07\/3coty-p-61-description-1.svg\" alt=\"\" width=\"300\" height=\"300\" \/><\/a><\/p>\n<p><strong>FOR ALLE KATTER<\/strong>\u00a0| BULJONG | MONOPROTEIN-KATTEF\u00d4R<\/p>\n<p><a href=\"https:\/\/3coty.com\/wp-content\/uploads\/2025\/07\/3coty-p-61-description-4.svg\"><img decoding=\"async\" class=\"alignnone size-full wp-image-44424\" role=\"img\" src=\"https:\/\/3coty.com\/wp-content\/uploads\/2025\/07\/3coty-p-61-description-4.svg\" alt=\"\" width=\"506\" height=\"85\" \/><\/a><\/p>\n","protected":false},"featured_media":44255,"template":"","meta":{"_acf_changed":false},"product_brand":[],"product_cat":[427],"product_tag":[1235],"class_list":{"0":"post-33658","1":"product","2":"type-product","3":"status-publish","4":"has-post-thumbnail","6":"product_cat-well-being","7":"product_tag-61ch","9":"first","10":"instock","11":"featured","12":"taxable","13":"shipping-taxable","14":"purchasable","15":"product-type-simple"},"acf":[],"yoast_head":"<!-- This site is optimized with the Yoast SEO Premium plugin v27.4 (Yoast SEO v27.4) - https:\/\/yoast.com\/product\/yoast-seo-premium-wordpress\/ -->\n<title>61. KYLLING Cheers! 160 - 3coty\u00ae<\/title>\n<meta name=\"robots\" content=\"index, follow, max-snippet:-1, max-image-preview:large, max-video-preview:-1\" \/>\n<link rel=\"canonical\" href=\"https:\/\/3coty.com\/no\/p\/61-chicken-160\/\" \/>\n<meta property=\"og:locale\" content=\"nb_NO\" \/>\n<meta property=\"og:type\" content=\"article\" \/>\n<meta property=\"og:title\" content=\"61. KYLLING Cheers! 160\" \/>\n<meta property=\"og:description\" content=\"FOR ALLE KATTER\u00a0| BULJONG | MONOPROTEIN-KATTEF\u00d4R\" \/>\n<meta property=\"og:url\" content=\"https:\/\/3coty.com\/no\/p\/61-chicken-160\/\" \/>\n<meta property=\"og:site_name\" content=\"3coty\u00ae\" \/>\n<meta property=\"article:publisher\" content=\"https:\/\/www.facebook.com\/3coty\" \/>\n<meta property=\"article:modified_time\" content=\"2026-04-16T04:23:27+00:00\" \/>\n<meta property=\"og:image\" content=\"https:\/\/3coty.com\/wp-content\/uploads\/2025\/07\/3coty-p-61-160-01.jpg\" \/>\n\t<meta property=\"og:image:width\" content=\"1024\" \/>\n\t<meta property=\"og:image:height\" content=\"1024\" \/>\n\t<meta property=\"og:image:type\" content=\"image\/jpeg\" \/>\n<meta name=\"twitter:card\" content=\"summary_large_image\" \/>\n<meta name=\"twitter:site\" content=\"@3cotyCom\" \/>\n<meta name=\"twitter:label1\" content=\"Price\" \/>\n\t<meta name=\"twitter:data1\" content=\"\u20ac&nbsp;2.50\" \/>\n\t<meta name=\"twitter:label2\" content=\"Availability\" \/>\n\t<meta name=\"twitter:data2\" content=\"In stock\" \/>\n<script type=\"application\/ld+json\" class=\"yoast-schema-graph\">{\"@context\":\"https:\\\/\\\/schema.org\",\"@graph\":[{\"@type\":\"WebPage\",\"@id\":\"https:\\\/\\\/3coty.com\\\/no\\\/p\\\/61-chicken-160\\\/\",\"url\":\"https:\\\/\\\/3coty.com\\\/no\\\/p\\\/61-chicken-160\\\/\",\"name\":\"61. KYLLING Cheers! 160 - 3coty\u00ae\",\"isPartOf\":{\"@id\":\"https:\\\/\\\/3coty.com\\\/no\\\/#website\"},\"primaryImageOfPage\":{\"@id\":\"https:\\\/\\\/3coty.com\\\/no\\\/p\\\/61-chicken-160\\\/#primaryimage\"},\"image\":{\"@id\":\"https:\\\/\\\/3coty.com\\\/no\\\/p\\\/61-chicken-160\\\/#primaryimage\"},\"thumbnailUrl\":\"https:\\\/\\\/3coty.com\\\/wp-content\\\/uploads\\\/2025\\\/07\\\/3coty-p-61-160-01.jpg\",\"datePublished\":\"2025-05-27T12:47:45+00:00\",\"dateModified\":\"2026-04-16T04:23:27+00:00\",\"breadcrumb\":{\"@id\":\"https:\\\/\\\/3coty.com\\\/no\\\/p\\\/61-chicken-160\\\/#breadcrumb\"},\"inLanguage\":\"nb-NO\",\"potentialAction\":[{\"@type\":\"ReadAction\",\"target\":[\"https:\\\/\\\/3coty.com\\\/no\\\/p\\\/61-chicken-160\\\/\"]}]},{\"@type\":\"ImageObject\",\"inLanguage\":\"nb-NO\",\"@id\":\"https:\\\/\\\/3coty.com\\\/no\\\/p\\\/61-chicken-160\\\/#primaryimage\",\"url\":\"https:\\\/\\\/3coty.com\\\/wp-content\\\/uploads\\\/2025\\\/07\\\/3coty-p-61-160-01.jpg\",\"contentUrl\":\"https:\\\/\\\/3coty.com\\\/wp-content\\\/uploads\\\/2025\\\/07\\\/3coty-p-61-160-01.jpg\",\"width\":1024,\"height\":1024},{\"@type\":\"BreadcrumbList\",\"@id\":\"https:\\\/\\\/3coty.com\\\/no\\\/p\\\/61-chicken-160\\\/#breadcrumb\",\"itemListElement\":[{\"@type\":\"ListItem\",\"position\":1,\"name\":\"Home\",\"item\":\"https:\\\/\\\/3coty.com\\\/no\\\/\"},{\"@type\":\"ListItem\",\"position\":2,\"name\":\"BUTIKK\",\"item\":\"https:\\\/\\\/3coty.com\\\/no\\\/shop\\\/\"},{\"@type\":\"ListItem\",\"position\":3,\"name\":\"61. KYLLING Cheers! 160\"}]},{\"@type\":\"WebSite\",\"@id\":\"https:\\\/\\\/3coty.com\\\/no\\\/#website\",\"url\":\"https:\\\/\\\/3coty.com\\\/no\\\/\",\"name\":\"3coty\u00ae\",\"description\":\"Meat-only Cat Food\",\"publisher\":{\"@id\":\"https:\\\/\\\/3coty.com\\\/no\\\/#organization\"},\"potentialAction\":[{\"@type\":\"SearchAction\",\"target\":{\"@type\":\"EntryPoint\",\"urlTemplate\":\"https:\\\/\\\/3coty.com\\\/no\\\/?s={search_term_string}\"},\"query-input\":{\"@type\":\"PropertyValueSpecification\",\"valueRequired\":true,\"valueName\":\"search_term_string\"}}],\"inLanguage\":\"nb-NO\"},{\"@type\":\"Organization\",\"@id\":\"https:\\\/\\\/3coty.com\\\/no\\\/#organization\",\"name\":\"3coty\u00ae\",\"alternateName\":\"3coty\",\"url\":\"https:\\\/\\\/3coty.com\\\/no\\\/\",\"logo\":{\"@type\":\"ImageObject\",\"inLanguage\":\"nb-NO\",\"@id\":\"https:\\\/\\\/3coty.com\\\/no\\\/#\\\/schema\\\/logo\\\/image\\\/\",\"url\":\"https:\\\/\\\/3coty.com\\\/wp-content\\\/uploads\\\/2025\\\/05\\\/icon-3coty-logo.svg\",\"contentUrl\":\"https:\\\/\\\/3coty.com\\\/wp-content\\\/uploads\\\/2025\\\/05\\\/icon-3coty-logo.svg\",\"width\":283,\"height\":283,\"caption\":\"3coty\u00ae\"},\"image\":{\"@id\":\"https:\\\/\\\/3coty.com\\\/no\\\/#\\\/schema\\\/logo\\\/image\\\/\"},\"sameAs\":[\"https:\\\/\\\/www.facebook.com\\\/3coty\",\"https:\\\/\\\/x.com\\\/3cotyCom\",\"https:\\\/\\\/www.instagram.com\\\/3coty\",\"https:\\\/\\\/www.linkedin.com\\\/company\\\/3coty\",\"https:\\\/\\\/www.youtube.com\\\/@3coty\"]}]}<\/script>\n<meta property=\"product:price:amount\" content=\"2.50\" \/>\n<meta property=\"product:price:currency\" content=\"EUR\" \/>\n<meta property=\"og:availability\" content=\"instock\" \/>\n<meta property=\"product:availability\" content=\"instock\" \/>\n<meta property=\"product:retailer_item_id\" content=\"160T 61CH \/ 5901785316629\" \/>\n<meta property=\"product:condition\" content=\"new\" \/>\n<!-- \/ Yoast SEO Premium plugin. -->","yoast_head_json":{"title":"61. KYLLING Cheers! 160 - 3coty\u00ae","robots":{"index":"index","follow":"follow","max-snippet":"max-snippet:-1","max-image-preview":"max-image-preview:large","max-video-preview":"max-video-preview:-1"},"canonical":"https:\/\/3coty.com\/no\/p\/61-chicken-160\/","og_locale":"nb_NO","og_type":"article","og_title":"61. KYLLING Cheers! 160","og_description":"FOR ALLE KATTER\u00a0| BULJONG | MONOPROTEIN-KATTEF\u00d4R","og_url":"https:\/\/3coty.com\/no\/p\/61-chicken-160\/","og_site_name":"3coty\u00ae","article_publisher":"https:\/\/www.facebook.com\/3coty","article_modified_time":"2026-04-16T04:23:27+00:00","og_image":[{"width":1024,"height":1024,"url":"https:\/\/3coty.com\/wp-content\/uploads\/2025\/07\/3coty-p-61-160-01.jpg","type":"image\/jpeg"}],"twitter_card":"summary_large_image","twitter_site":"@3cotyCom","twitter_misc":{"Price":"\u20ac&nbsp;2.50","Availability":"In stock"},"schema":{"@context":"https:\/\/schema.org","@graph":[{"@type":"WebPage","@id":"https:\/\/3coty.com\/no\/p\/61-chicken-160\/","url":"https:\/\/3coty.com\/no\/p\/61-chicken-160\/","name":"61. KYLLING Cheers! 160 - 3coty\u00ae","isPartOf":{"@id":"https:\/\/3coty.com\/no\/#website"},"primaryImageOfPage":{"@id":"https:\/\/3coty.com\/no\/p\/61-chicken-160\/#primaryimage"},"image":{"@id":"https:\/\/3coty.com\/no\/p\/61-chicken-160\/#primaryimage"},"thumbnailUrl":"https:\/\/3coty.com\/wp-content\/uploads\/2025\/07\/3coty-p-61-160-01.jpg","datePublished":"2025-05-27T12:47:45+00:00","dateModified":"2026-04-16T04:23:27+00:00","breadcrumb":{"@id":"https:\/\/3coty.com\/no\/p\/61-chicken-160\/#breadcrumb"},"inLanguage":"nb-NO","potentialAction":[{"@type":"ReadAction","target":["https:\/\/3coty.com\/no\/p\/61-chicken-160\/"]}]},{"@type":"ImageObject","inLanguage":"nb-NO","@id":"https:\/\/3coty.com\/no\/p\/61-chicken-160\/#primaryimage","url":"https:\/\/3coty.com\/wp-content\/uploads\/2025\/07\/3coty-p-61-160-01.jpg","contentUrl":"https:\/\/3coty.com\/wp-content\/uploads\/2025\/07\/3coty-p-61-160-01.jpg","width":1024,"height":1024},{"@type":"BreadcrumbList","@id":"https:\/\/3coty.com\/no\/p\/61-chicken-160\/#breadcrumb","itemListElement":[{"@type":"ListItem","position":1,"name":"Home","item":"https:\/\/3coty.com\/no\/"},{"@type":"ListItem","position":2,"name":"BUTIKK","item":"https:\/\/3coty.com\/no\/shop\/"},{"@type":"ListItem","position":3,"name":"61. KYLLING Cheers! 160"}]},{"@type":"WebSite","@id":"https:\/\/3coty.com\/no\/#website","url":"https:\/\/3coty.com\/no\/","name":"3coty\u00ae","description":"Meat-only Cat Food","publisher":{"@id":"https:\/\/3coty.com\/no\/#organization"},"potentialAction":[{"@type":"SearchAction","target":{"@type":"EntryPoint","urlTemplate":"https:\/\/3coty.com\/no\/?s={search_term_string}"},"query-input":{"@type":"PropertyValueSpecification","valueRequired":true,"valueName":"search_term_string"}}],"inLanguage":"nb-NO"},{"@type":"Organization","@id":"https:\/\/3coty.com\/no\/#organization","name":"3coty\u00ae","alternateName":"3coty","url":"https:\/\/3coty.com\/no\/","logo":{"@type":"ImageObject","inLanguage":"nb-NO","@id":"https:\/\/3coty.com\/no\/#\/schema\/logo\/image\/","url":"https:\/\/3coty.com\/wp-content\/uploads\/2025\/05\/icon-3coty-logo.svg","contentUrl":"https:\/\/3coty.com\/wp-content\/uploads\/2025\/05\/icon-3coty-logo.svg","width":283,"height":283,"caption":"3coty\u00ae"},"image":{"@id":"https:\/\/3coty.com\/no\/#\/schema\/logo\/image\/"},"sameAs":["https:\/\/www.facebook.com\/3coty","https:\/\/x.com\/3cotyCom","https:\/\/www.instagram.com\/3coty","https:\/\/www.linkedin.com\/company\/3coty","https:\/\/www.youtube.com\/@3coty"]}]},"product_price_amount":"2.50","product_price_currency":"EUR","og_availability":"instock","product_availability":"instock","product_retailer_item_id":"160T 61CH \/ 5901785316629","product_condition":"new"},"_links":{"self":[{"href":"https:\/\/3coty.com\/no\/wp-json\/wp\/v2\/product\/33658","targetHints":{"allow":["GET"]}}],"collection":[{"href":"https:\/\/3coty.com\/no\/wp-json\/wp\/v2\/product"}],"about":[{"href":"https:\/\/3coty.com\/no\/wp-json\/wp\/v2\/types\/product"}],"version-history":[{"count":4,"href":"https:\/\/3coty.com\/no\/wp-json\/wp\/v2\/product\/33658\/revisions"}],"predecessor-version":[{"id":44478,"href":"https:\/\/3coty.com\/no\/wp-json\/wp\/v2\/product\/33658\/revisions\/44478"}],"wp:featuredmedia":[{"embeddable":true,"href":"https:\/\/3coty.com\/no\/wp-json\/wp\/v2\/media\/44255"}],"wp:attachment":[{"href":"https:\/\/3coty.com\/no\/wp-json\/wp\/v2\/media?parent=33658"}],"wp:term":[{"taxonomy":"product_brand","embeddable":true,"href":"https:\/\/3coty.com\/no\/wp-json\/wp\/v2\/product_brand?post=33658"},{"taxonomy":"product_cat","embeddable":true,"href":"https:\/\/3coty.com\/no\/wp-json\/wp\/v2\/product_cat?post=33658"},{"taxonomy":"product_tag","embeddable":true,"href":"https:\/\/3coty.com\/no\/wp-json\/wp\/v2\/product_tag?post=33658"}],"curies":[{"name":"wp","href":"https:\/\/api.w.org\/{rel}","templated":true}]}}