{"id":33642,"date":"2025-05-26T15:45:17","date_gmt":"2025-05-26T15:45:17","guid":{"rendered":"https:\/\/3coty.com\/p\/45-turkey-chicken-krill-780\/"},"modified":"2026-03-17T19:15:39","modified_gmt":"2026-03-17T19:15:39","slug":"45-turkey-chicken-krill-780","status":"publish","type":"product","link":"https:\/\/3coty.com\/no\/p\/45-turkey-chicken-krill-780\/","title":{"rendered":"45. KALKUN + KYLLING + KRILL 780"},"content":{"rendered":"<p><a href=\"https:\/\/3coty.com\/wp-content\/uploads\/2025\/07\/3coty-p-45-tab-1.svg\"><img fetchpriority=\"high\" decoding=\"async\" class=\"alignnone size-full wp-image-46817\" role=\"img\" src=\"https:\/\/3coty.com\/wp-content\/uploads\/2025\/07\/3coty-p-45-tab-1.svg\" alt=\"\" width=\"283\" height=\"283\" \/><\/a><\/p>\n<h2>NATURLIG OG KOMPLETT 3COTY\u00ae-KATTEF\u00d4R<\/h2>\n<p><strong>96 % NATURLIGE KJ\u00d8TTINGREDIENSER og animalske derivater tilberedt i sin egen n\u00e6ringsrike buljong, 3 % ANTARKTISK KRILL, 1 % GRISETANG<\/strong><\/p>\n<p>Med fokus p\u00e5 behovene til eldre katter har vi beriket dette naturlige v\u00e5tf\u00f4ret, basert p\u00e5 kalkun og kylling, med krill og grisetang. Begge ingrediensene st\u00f8tter immunforsvaret og hjelper eldre katter med \u00e5 bekjempe sykdommer. Omega-fettsyrene og astaxantin i krillen st\u00f8tter cellefunksjonen ytterligere, mens grisetang bidrar til bedre ford\u00f8yelse og forebygger forstoppelse.<\/p>\n<p>Denne moussen for eldre katter kombinerer kylling og krill og er beriket med grisetang for ekstra ford\u00f8yelsesst\u00f8tte.<\/p>\n","protected":false},"excerpt":{"rendered":"<p><a href=\"https:\/\/3coty.com\/wp-content\/uploads\/2025\/07\/3coty-p-45-description-1.svg\"><img decoding=\"async\" class=\"alignnone size-medium wp-image-46925\" role=\"img\" src=\"https:\/\/3coty.com\/wp-content\/uploads\/2025\/07\/3coty-p-45-description-1.svg\" alt=\"\" width=\"300\" height=\"300\" \/><\/a><\/p>\n<p><strong>FOR ELDRE KATTER<\/strong>\u00a0| MOUSSE | MULTIPROTEIN-KATTEF\u00d4R<br \/>\n<strong>MED ANTARKTISK KRILL<\/strong><\/p>\n<p><a href=\"https:\/\/3coty.com\/wp-content\/uploads\/2025\/07\/3coty-p-45-description-2.svg\"><img decoding=\"async\" class=\"alignnone size-full wp-image-46943\" role=\"img\" src=\"https:\/\/3coty.com\/wp-content\/uploads\/2025\/07\/3coty-p-45-description-2.svg\" alt=\"\" width=\"506\" height=\"85\" \/><\/a><\/p>\n","protected":false},"featured_media":47242,"template":"","meta":{"_acf_changed":false},"product_brand":[],"product_cat":[411],"product_tag":[1144],"class_list":{"0":"post-33642","1":"product","2":"type-product","3":"status-publish","4":"has-post-thumbnail","6":"product_cat-for-senior-cats","7":"product_tag-45tk","9":"first","10":"instock","11":"featured","12":"taxable","13":"shipping-taxable","14":"purchasable","15":"product-type-simple"},"acf":[],"yoast_head":"<!-- This site is optimized with the Yoast SEO Premium plugin v27.4 (Yoast SEO v27.4) - https:\/\/yoast.com\/product\/yoast-seo-premium-wordpress\/ -->\n<title>45. KALKUN + KYLLING + KRILL 780 - 3coty\u00ae<\/title>\n<meta name=\"robots\" content=\"index, follow, max-snippet:-1, max-image-preview:large, max-video-preview:-1\" \/>\n<link rel=\"canonical\" href=\"https:\/\/3coty.com\/no\/p\/45-turkey-chicken-krill-780\/\" \/>\n<meta property=\"og:locale\" content=\"nb_NO\" \/>\n<meta property=\"og:type\" content=\"article\" \/>\n<meta property=\"og:title\" content=\"45. KALKUN + KYLLING + KRILL 780\" \/>\n<meta property=\"og:description\" content=\"FOR ELDRE KATTER\u00a0| MOUSSE | MULTIPROTEIN-KATTEF\u00d4R MED ANTARKTISK KRILL\" \/>\n<meta property=\"og:url\" content=\"https:\/\/3coty.com\/no\/p\/45-turkey-chicken-krill-780\/\" \/>\n<meta property=\"og:site_name\" content=\"3coty\u00ae\" \/>\n<meta property=\"article:publisher\" content=\"https:\/\/www.facebook.com\/3coty\" \/>\n<meta property=\"article:modified_time\" content=\"2026-03-17T19:15:39+00:00\" \/>\n<meta property=\"og:image\" content=\"https:\/\/3coty.com\/wp-content\/uploads\/2025\/07\/3coty-p-45-780-01.jpg\" \/>\n\t<meta property=\"og:image:width\" content=\"1024\" \/>\n\t<meta property=\"og:image:height\" content=\"1024\" \/>\n\t<meta property=\"og:image:type\" content=\"image\/jpeg\" \/>\n<meta name=\"twitter:card\" content=\"summary_large_image\" \/>\n<meta name=\"twitter:site\" content=\"@3cotyCom\" \/>\n<meta name=\"twitter:label1\" content=\"Price\" \/>\n\t<meta name=\"twitter:data1\" content=\"\u20ac&nbsp;10.35\" \/>\n\t<meta name=\"twitter:label2\" content=\"Availability\" \/>\n\t<meta name=\"twitter:data2\" content=\"In stock\" \/>\n<script type=\"application\/ld+json\" class=\"yoast-schema-graph\">{\"@context\":\"https:\\\/\\\/schema.org\",\"@graph\":[{\"@type\":\"WebPage\",\"@id\":\"https:\\\/\\\/3coty.com\\\/no\\\/p\\\/45-turkey-chicken-krill-780\\\/\",\"url\":\"https:\\\/\\\/3coty.com\\\/no\\\/p\\\/45-turkey-chicken-krill-780\\\/\",\"name\":\"45. KALKUN + KYLLING + KRILL 780 - 3coty\u00ae\",\"isPartOf\":{\"@id\":\"https:\\\/\\\/3coty.com\\\/no\\\/#website\"},\"primaryImageOfPage\":{\"@id\":\"https:\\\/\\\/3coty.com\\\/no\\\/p\\\/45-turkey-chicken-krill-780\\\/#primaryimage\"},\"image\":{\"@id\":\"https:\\\/\\\/3coty.com\\\/no\\\/p\\\/45-turkey-chicken-krill-780\\\/#primaryimage\"},\"thumbnailUrl\":\"https:\\\/\\\/3coty.com\\\/wp-content\\\/uploads\\\/2025\\\/07\\\/3coty-p-45-780-01.jpg\",\"datePublished\":\"2025-05-26T15:45:17+00:00\",\"dateModified\":\"2026-03-17T19:15:39+00:00\",\"breadcrumb\":{\"@id\":\"https:\\\/\\\/3coty.com\\\/no\\\/p\\\/45-turkey-chicken-krill-780\\\/#breadcrumb\"},\"inLanguage\":\"nb-NO\",\"potentialAction\":[{\"@type\":\"ReadAction\",\"target\":[\"https:\\\/\\\/3coty.com\\\/no\\\/p\\\/45-turkey-chicken-krill-780\\\/\"]}]},{\"@type\":\"ImageObject\",\"inLanguage\":\"nb-NO\",\"@id\":\"https:\\\/\\\/3coty.com\\\/no\\\/p\\\/45-turkey-chicken-krill-780\\\/#primaryimage\",\"url\":\"https:\\\/\\\/3coty.com\\\/wp-content\\\/uploads\\\/2025\\\/07\\\/3coty-p-45-780-01.jpg\",\"contentUrl\":\"https:\\\/\\\/3coty.com\\\/wp-content\\\/uploads\\\/2025\\\/07\\\/3coty-p-45-780-01.jpg\",\"width\":1024,\"height\":1024},{\"@type\":\"BreadcrumbList\",\"@id\":\"https:\\\/\\\/3coty.com\\\/no\\\/p\\\/45-turkey-chicken-krill-780\\\/#breadcrumb\",\"itemListElement\":[{\"@type\":\"ListItem\",\"position\":1,\"name\":\"Home\",\"item\":\"https:\\\/\\\/3coty.com\\\/no\\\/\"},{\"@type\":\"ListItem\",\"position\":2,\"name\":\"BUTIKK\",\"item\":\"https:\\\/\\\/3coty.com\\\/no\\\/shop\\\/\"},{\"@type\":\"ListItem\",\"position\":3,\"name\":\"45. KALKUN + KYLLING + KRILL 780\"}]},{\"@type\":\"WebSite\",\"@id\":\"https:\\\/\\\/3coty.com\\\/no\\\/#website\",\"url\":\"https:\\\/\\\/3coty.com\\\/no\\\/\",\"name\":\"3coty\u00ae\",\"description\":\"Meat-only Cat Food\",\"publisher\":{\"@id\":\"https:\\\/\\\/3coty.com\\\/no\\\/#organization\"},\"potentialAction\":[{\"@type\":\"SearchAction\",\"target\":{\"@type\":\"EntryPoint\",\"urlTemplate\":\"https:\\\/\\\/3coty.com\\\/no\\\/?s={search_term_string}\"},\"query-input\":{\"@type\":\"PropertyValueSpecification\",\"valueRequired\":true,\"valueName\":\"search_term_string\"}}],\"inLanguage\":\"nb-NO\"},{\"@type\":\"Organization\",\"@id\":\"https:\\\/\\\/3coty.com\\\/no\\\/#organization\",\"name\":\"3coty\u00ae\",\"alternateName\":\"3coty\",\"url\":\"https:\\\/\\\/3coty.com\\\/no\\\/\",\"logo\":{\"@type\":\"ImageObject\",\"inLanguage\":\"nb-NO\",\"@id\":\"https:\\\/\\\/3coty.com\\\/no\\\/#\\\/schema\\\/logo\\\/image\\\/\",\"url\":\"https:\\\/\\\/3coty.com\\\/wp-content\\\/uploads\\\/2025\\\/05\\\/icon-3coty-logo.svg\",\"contentUrl\":\"https:\\\/\\\/3coty.com\\\/wp-content\\\/uploads\\\/2025\\\/05\\\/icon-3coty-logo.svg\",\"width\":283,\"height\":283,\"caption\":\"3coty\u00ae\"},\"image\":{\"@id\":\"https:\\\/\\\/3coty.com\\\/no\\\/#\\\/schema\\\/logo\\\/image\\\/\"},\"sameAs\":[\"https:\\\/\\\/www.facebook.com\\\/3coty\",\"https:\\\/\\\/x.com\\\/3cotyCom\",\"https:\\\/\\\/www.instagram.com\\\/3coty\",\"https:\\\/\\\/www.linkedin.com\\\/company\\\/3coty\",\"https:\\\/\\\/www.youtube.com\\\/@3coty\"]}]}<\/script>\n<meta property=\"product:price:amount\" content=\"10.35\" \/>\n<meta property=\"product:price:currency\" content=\"EUR\" \/>\n<meta property=\"og:availability\" content=\"instock\" \/>\n<meta property=\"product:availability\" content=\"instock\" \/>\n<meta property=\"product:retailer_item_id\" content=\"780T 45TK \/ 5901785310139\" \/>\n<meta property=\"product:condition\" content=\"new\" \/>\n<!-- \/ Yoast SEO Premium plugin. -->","yoast_head_json":{"title":"45. KALKUN + KYLLING + KRILL 780 - 3coty\u00ae","robots":{"index":"index","follow":"follow","max-snippet":"max-snippet:-1","max-image-preview":"max-image-preview:large","max-video-preview":"max-video-preview:-1"},"canonical":"https:\/\/3coty.com\/no\/p\/45-turkey-chicken-krill-780\/","og_locale":"nb_NO","og_type":"article","og_title":"45. KALKUN + KYLLING + KRILL 780","og_description":"FOR ELDRE KATTER\u00a0| MOUSSE | MULTIPROTEIN-KATTEF\u00d4R MED ANTARKTISK KRILL","og_url":"https:\/\/3coty.com\/no\/p\/45-turkey-chicken-krill-780\/","og_site_name":"3coty\u00ae","article_publisher":"https:\/\/www.facebook.com\/3coty","article_modified_time":"2026-03-17T19:15:39+00:00","og_image":[{"width":1024,"height":1024,"url":"https:\/\/3coty.com\/wp-content\/uploads\/2025\/07\/3coty-p-45-780-01.jpg","type":"image\/jpeg"}],"twitter_card":"summary_large_image","twitter_site":"@3cotyCom","twitter_misc":{"Price":"\u20ac&nbsp;10.35","Availability":"In stock"},"schema":{"@context":"https:\/\/schema.org","@graph":[{"@type":"WebPage","@id":"https:\/\/3coty.com\/no\/p\/45-turkey-chicken-krill-780\/","url":"https:\/\/3coty.com\/no\/p\/45-turkey-chicken-krill-780\/","name":"45. KALKUN + KYLLING + KRILL 780 - 3coty\u00ae","isPartOf":{"@id":"https:\/\/3coty.com\/no\/#website"},"primaryImageOfPage":{"@id":"https:\/\/3coty.com\/no\/p\/45-turkey-chicken-krill-780\/#primaryimage"},"image":{"@id":"https:\/\/3coty.com\/no\/p\/45-turkey-chicken-krill-780\/#primaryimage"},"thumbnailUrl":"https:\/\/3coty.com\/wp-content\/uploads\/2025\/07\/3coty-p-45-780-01.jpg","datePublished":"2025-05-26T15:45:17+00:00","dateModified":"2026-03-17T19:15:39+00:00","breadcrumb":{"@id":"https:\/\/3coty.com\/no\/p\/45-turkey-chicken-krill-780\/#breadcrumb"},"inLanguage":"nb-NO","potentialAction":[{"@type":"ReadAction","target":["https:\/\/3coty.com\/no\/p\/45-turkey-chicken-krill-780\/"]}]},{"@type":"ImageObject","inLanguage":"nb-NO","@id":"https:\/\/3coty.com\/no\/p\/45-turkey-chicken-krill-780\/#primaryimage","url":"https:\/\/3coty.com\/wp-content\/uploads\/2025\/07\/3coty-p-45-780-01.jpg","contentUrl":"https:\/\/3coty.com\/wp-content\/uploads\/2025\/07\/3coty-p-45-780-01.jpg","width":1024,"height":1024},{"@type":"BreadcrumbList","@id":"https:\/\/3coty.com\/no\/p\/45-turkey-chicken-krill-780\/#breadcrumb","itemListElement":[{"@type":"ListItem","position":1,"name":"Home","item":"https:\/\/3coty.com\/no\/"},{"@type":"ListItem","position":2,"name":"BUTIKK","item":"https:\/\/3coty.com\/no\/shop\/"},{"@type":"ListItem","position":3,"name":"45. KALKUN + KYLLING + KRILL 780"}]},{"@type":"WebSite","@id":"https:\/\/3coty.com\/no\/#website","url":"https:\/\/3coty.com\/no\/","name":"3coty\u00ae","description":"Meat-only Cat Food","publisher":{"@id":"https:\/\/3coty.com\/no\/#organization"},"potentialAction":[{"@type":"SearchAction","target":{"@type":"EntryPoint","urlTemplate":"https:\/\/3coty.com\/no\/?s={search_term_string}"},"query-input":{"@type":"PropertyValueSpecification","valueRequired":true,"valueName":"search_term_string"}}],"inLanguage":"nb-NO"},{"@type":"Organization","@id":"https:\/\/3coty.com\/no\/#organization","name":"3coty\u00ae","alternateName":"3coty","url":"https:\/\/3coty.com\/no\/","logo":{"@type":"ImageObject","inLanguage":"nb-NO","@id":"https:\/\/3coty.com\/no\/#\/schema\/logo\/image\/","url":"https:\/\/3coty.com\/wp-content\/uploads\/2025\/05\/icon-3coty-logo.svg","contentUrl":"https:\/\/3coty.com\/wp-content\/uploads\/2025\/05\/icon-3coty-logo.svg","width":283,"height":283,"caption":"3coty\u00ae"},"image":{"@id":"https:\/\/3coty.com\/no\/#\/schema\/logo\/image\/"},"sameAs":["https:\/\/www.facebook.com\/3coty","https:\/\/x.com\/3cotyCom","https:\/\/www.instagram.com\/3coty","https:\/\/www.linkedin.com\/company\/3coty","https:\/\/www.youtube.com\/@3coty"]}]},"product_price_amount":"10.35","product_price_currency":"EUR","og_availability":"instock","product_availability":"instock","product_retailer_item_id":"780T 45TK \/ 5901785310139","product_condition":"new"},"_links":{"self":[{"href":"https:\/\/3coty.com\/no\/wp-json\/wp\/v2\/product\/33642","targetHints":{"allow":["GET"]}}],"collection":[{"href":"https:\/\/3coty.com\/no\/wp-json\/wp\/v2\/product"}],"about":[{"href":"https:\/\/3coty.com\/no\/wp-json\/wp\/v2\/types\/product"}],"version-history":[{"count":4,"href":"https:\/\/3coty.com\/no\/wp-json\/wp\/v2\/product\/33642\/revisions"}],"predecessor-version":[{"id":47366,"href":"https:\/\/3coty.com\/no\/wp-json\/wp\/v2\/product\/33642\/revisions\/47366"}],"wp:featuredmedia":[{"embeddable":true,"href":"https:\/\/3coty.com\/no\/wp-json\/wp\/v2\/media\/47242"}],"wp:attachment":[{"href":"https:\/\/3coty.com\/no\/wp-json\/wp\/v2\/media?parent=33642"}],"wp:term":[{"taxonomy":"product_brand","embeddable":true,"href":"https:\/\/3coty.com\/no\/wp-json\/wp\/v2\/product_brand?post=33642"},{"taxonomy":"product_cat","embeddable":true,"href":"https:\/\/3coty.com\/no\/wp-json\/wp\/v2\/product_cat?post=33642"},{"taxonomy":"product_tag","embeddable":true,"href":"https:\/\/3coty.com\/no\/wp-json\/wp\/v2\/product_tag?post=33642"}],"curies":[{"name":"wp","href":"https:\/\/api.w.org\/{rel}","templated":true}]}}