{"id":33597,"date":"2025-05-24T12:11:00","date_gmt":"2025-05-24T12:11:00","guid":{"rendered":"https:\/\/3coty.com\/p\/19-chicken-goose-390\/"},"modified":"2026-04-16T04:04:30","modified_gmt":"2026-04-16T04:04:30","slug":"19-chicken-goose-390","status":"publish","type":"product","link":"https:\/\/3coty.com\/no\/p\/19-chicken-goose-390\/","title":{"rendered":"19. KYLLING + G\u00c5S 390"},"content":{"rendered":"<p><a href=\"https:\/\/3coty.com\/wp-content\/uploads\/2025\/07\/3coty-p-19-tab-1.svg\"><img fetchpriority=\"high\" decoding=\"async\" class=\"alignnone size-full wp-image-53804\" role=\"img\" src=\"https:\/\/3coty.com\/wp-content\/uploads\/2025\/07\/3coty-p-19-tab-1.svg\" alt=\"\" width=\"283\" height=\"283\" \/><\/a><\/p>\n<h2>NATURLIG OG KOMPLETT 3COTY\u00ae-KATTEF\u00d4R<\/h2>\n<p><strong>100 % NATURLIGE KJ\u00d8TTINGREDIENSER og animalske derivater tilberedt i sin egen n\u00e6ringsrike buljong<\/strong><\/p>\n<p>Biter av g\u00e5sehjerte sammen med strimlet kylling gj\u00f8r at katten m\u00e5 tygge p\u00e5 maten. Dette appellerer til de villere rasene som liker \u00e5 tro at de har drept maten sin, selv fra en sk\u00e5l. Kj\u00f8ttbitene stimulerer tannkj\u00f8ttet mens du spiser, noe som fremmer tannkj\u00f8ttets helse. Tilberedt i sin egen buljong er denne smaken b\u00e5de saftig og fyldig.<\/p>\n<p>Store biter av strimlet kyllingkj\u00f8tt og g\u00e5sehjerter i saftig, naturlig gel\u00e9 som fremmer tannkj\u00f8ttets helse.<\/p>\n","protected":false},"excerpt":{"rendered":"<p><a href=\"https:\/\/3coty.com\/wp-content\/uploads\/2025\/07\/3coty-p-19-description-1.svg\"><img decoding=\"async\" class=\"alignnone size-medium wp-image-53768\" role=\"img\" src=\"https:\/\/3coty.com\/wp-content\/uploads\/2025\/07\/3coty-p-19-description-1.svg\" alt=\"\" width=\"300\" height=\"300\" \/><\/a><\/p>\n<p><strong>FOR VOKSNE KATTER<\/strong> | STRIMLET | DUPROTEIN-KATTEF\u00d4R<\/p>\n<p><a href=\"https:\/\/3coty.com\/wp-content\/uploads\/2025\/07\/3coty-p-19-description-2.svg\"><img decoding=\"async\" class=\"alignnone size-full wp-image-53786\" role=\"img\" src=\"https:\/\/3coty.com\/wp-content\/uploads\/2025\/07\/3coty-p-19-description-2.svg\" alt=\"\" width=\"506\" height=\"85\" \/><\/a><\/p>\n","protected":false},"featured_media":54031,"template":"","meta":{"_acf_changed":false},"product_brand":[],"product_cat":[358],"product_tag":[961],"class_list":{"0":"post-33597","1":"product","2":"type-product","3":"status-publish","4":"has-post-thumbnail","6":"product_cat-for-adult-cats","7":"product_tag-19cg","9":"first","10":"instock","11":"featured","12":"taxable","13":"shipping-taxable","14":"purchasable","15":"product-type-simple"},"acf":[],"yoast_head":"<!-- This site is optimized with the Yoast SEO Premium plugin v27.4 (Yoast SEO v27.4) - https:\/\/yoast.com\/product\/yoast-seo-premium-wordpress\/ -->\n<title>19. KYLLING + G\u00c5S 390 - 3coty\u00ae<\/title>\n<meta name=\"robots\" content=\"index, follow, max-snippet:-1, max-image-preview:large, max-video-preview:-1\" \/>\n<link rel=\"canonical\" href=\"https:\/\/3coty.com\/no\/p\/19-chicken-goose-390\/\" \/>\n<meta property=\"og:locale\" content=\"nb_NO\" \/>\n<meta property=\"og:type\" content=\"article\" \/>\n<meta property=\"og:title\" content=\"19. KYLLING + G\u00c5S 390\" \/>\n<meta property=\"og:description\" content=\"FOR VOKSNE KATTER | STRIMLET | DUPROTEIN-KATTEF\u00d4R\" \/>\n<meta property=\"og:url\" content=\"https:\/\/3coty.com\/no\/p\/19-chicken-goose-390\/\" \/>\n<meta property=\"og:site_name\" content=\"3coty\u00ae\" \/>\n<meta property=\"article:publisher\" content=\"https:\/\/www.facebook.com\/3coty\" \/>\n<meta property=\"article:modified_time\" content=\"2026-04-16T04:04:30+00:00\" \/>\n<meta property=\"og:image\" content=\"https:\/\/3coty.com\/wp-content\/uploads\/2025\/07\/3coty-p-19-390-01.jpg\" \/>\n\t<meta property=\"og:image:width\" content=\"1024\" \/>\n\t<meta property=\"og:image:height\" content=\"1024\" \/>\n\t<meta property=\"og:image:type\" content=\"image\/jpeg\" \/>\n<meta name=\"twitter:card\" content=\"summary_large_image\" \/>\n<meta name=\"twitter:site\" content=\"@3cotyCom\" \/>\n<meta name=\"twitter:label1\" content=\"Price\" \/>\n\t<meta name=\"twitter:data1\" content=\"\u20ac&nbsp;5.75\" \/>\n\t<meta name=\"twitter:label2\" content=\"Availability\" \/>\n\t<meta name=\"twitter:data2\" content=\"In stock\" \/>\n<script type=\"application\/ld+json\" class=\"yoast-schema-graph\">{\"@context\":\"https:\\\/\\\/schema.org\",\"@graph\":[{\"@type\":\"WebPage\",\"@id\":\"https:\\\/\\\/3coty.com\\\/no\\\/p\\\/19-chicken-goose-390\\\/\",\"url\":\"https:\\\/\\\/3coty.com\\\/no\\\/p\\\/19-chicken-goose-390\\\/\",\"name\":\"19. KYLLING + G\u00c5S 390 - 3coty\u00ae\",\"isPartOf\":{\"@id\":\"https:\\\/\\\/3coty.com\\\/no\\\/#website\"},\"primaryImageOfPage\":{\"@id\":\"https:\\\/\\\/3coty.com\\\/no\\\/p\\\/19-chicken-goose-390\\\/#primaryimage\"},\"image\":{\"@id\":\"https:\\\/\\\/3coty.com\\\/no\\\/p\\\/19-chicken-goose-390\\\/#primaryimage\"},\"thumbnailUrl\":\"https:\\\/\\\/3coty.com\\\/wp-content\\\/uploads\\\/2025\\\/07\\\/3coty-p-19-390-01.jpg\",\"datePublished\":\"2025-05-24T12:11:00+00:00\",\"dateModified\":\"2026-04-16T04:04:30+00:00\",\"breadcrumb\":{\"@id\":\"https:\\\/\\\/3coty.com\\\/no\\\/p\\\/19-chicken-goose-390\\\/#breadcrumb\"},\"inLanguage\":\"nb-NO\",\"potentialAction\":[{\"@type\":\"ReadAction\",\"target\":[\"https:\\\/\\\/3coty.com\\\/no\\\/p\\\/19-chicken-goose-390\\\/\"]}]},{\"@type\":\"ImageObject\",\"inLanguage\":\"nb-NO\",\"@id\":\"https:\\\/\\\/3coty.com\\\/no\\\/p\\\/19-chicken-goose-390\\\/#primaryimage\",\"url\":\"https:\\\/\\\/3coty.com\\\/wp-content\\\/uploads\\\/2025\\\/07\\\/3coty-p-19-390-01.jpg\",\"contentUrl\":\"https:\\\/\\\/3coty.com\\\/wp-content\\\/uploads\\\/2025\\\/07\\\/3coty-p-19-390-01.jpg\",\"width\":1024,\"height\":1024},{\"@type\":\"BreadcrumbList\",\"@id\":\"https:\\\/\\\/3coty.com\\\/no\\\/p\\\/19-chicken-goose-390\\\/#breadcrumb\",\"itemListElement\":[{\"@type\":\"ListItem\",\"position\":1,\"name\":\"Home\",\"item\":\"https:\\\/\\\/3coty.com\\\/no\\\/\"},{\"@type\":\"ListItem\",\"position\":2,\"name\":\"BUTIKK\",\"item\":\"https:\\\/\\\/3coty.com\\\/no\\\/shop\\\/\"},{\"@type\":\"ListItem\",\"position\":3,\"name\":\"19. KYLLING + G\u00c5S 390\"}]},{\"@type\":\"WebSite\",\"@id\":\"https:\\\/\\\/3coty.com\\\/no\\\/#website\",\"url\":\"https:\\\/\\\/3coty.com\\\/no\\\/\",\"name\":\"3coty\u00ae\",\"description\":\"Meat-only Cat Food\",\"publisher\":{\"@id\":\"https:\\\/\\\/3coty.com\\\/no\\\/#organization\"},\"potentialAction\":[{\"@type\":\"SearchAction\",\"target\":{\"@type\":\"EntryPoint\",\"urlTemplate\":\"https:\\\/\\\/3coty.com\\\/no\\\/?s={search_term_string}\"},\"query-input\":{\"@type\":\"PropertyValueSpecification\",\"valueRequired\":true,\"valueName\":\"search_term_string\"}}],\"inLanguage\":\"nb-NO\"},{\"@type\":\"Organization\",\"@id\":\"https:\\\/\\\/3coty.com\\\/no\\\/#organization\",\"name\":\"3coty\u00ae\",\"alternateName\":\"3coty\",\"url\":\"https:\\\/\\\/3coty.com\\\/no\\\/\",\"logo\":{\"@type\":\"ImageObject\",\"inLanguage\":\"nb-NO\",\"@id\":\"https:\\\/\\\/3coty.com\\\/no\\\/#\\\/schema\\\/logo\\\/image\\\/\",\"url\":\"https:\\\/\\\/3coty.com\\\/wp-content\\\/uploads\\\/2025\\\/05\\\/icon-3coty-logo.svg\",\"contentUrl\":\"https:\\\/\\\/3coty.com\\\/wp-content\\\/uploads\\\/2025\\\/05\\\/icon-3coty-logo.svg\",\"width\":283,\"height\":283,\"caption\":\"3coty\u00ae\"},\"image\":{\"@id\":\"https:\\\/\\\/3coty.com\\\/no\\\/#\\\/schema\\\/logo\\\/image\\\/\"},\"sameAs\":[\"https:\\\/\\\/www.facebook.com\\\/3coty\",\"https:\\\/\\\/x.com\\\/3cotyCom\",\"https:\\\/\\\/www.instagram.com\\\/3coty\",\"https:\\\/\\\/www.linkedin.com\\\/company\\\/3coty\",\"https:\\\/\\\/www.youtube.com\\\/@3coty\"]}]}<\/script>\n<meta property=\"product:price:amount\" content=\"5.75\" \/>\n<meta property=\"product:price:currency\" content=\"EUR\" \/>\n<meta property=\"og:availability\" content=\"instock\" \/>\n<meta property=\"product:availability\" content=\"instock\" \/>\n<meta property=\"product:retailer_item_id\" content=\"390T 19CG \/ 5901785316971\" \/>\n<meta property=\"product:condition\" content=\"new\" \/>\n<!-- \/ Yoast SEO Premium plugin. -->","yoast_head_json":{"title":"19. KYLLING + G\u00c5S 390 - 3coty\u00ae","robots":{"index":"index","follow":"follow","max-snippet":"max-snippet:-1","max-image-preview":"max-image-preview:large","max-video-preview":"max-video-preview:-1"},"canonical":"https:\/\/3coty.com\/no\/p\/19-chicken-goose-390\/","og_locale":"nb_NO","og_type":"article","og_title":"19. KYLLING + G\u00c5S 390","og_description":"FOR VOKSNE KATTER | STRIMLET | DUPROTEIN-KATTEF\u00d4R","og_url":"https:\/\/3coty.com\/no\/p\/19-chicken-goose-390\/","og_site_name":"3coty\u00ae","article_publisher":"https:\/\/www.facebook.com\/3coty","article_modified_time":"2026-04-16T04:04:30+00:00","og_image":[{"width":1024,"height":1024,"url":"https:\/\/3coty.com\/wp-content\/uploads\/2025\/07\/3coty-p-19-390-01.jpg","type":"image\/jpeg"}],"twitter_card":"summary_large_image","twitter_site":"@3cotyCom","twitter_misc":{"Price":"\u20ac&nbsp;5.75","Availability":"In stock"},"schema":{"@context":"https:\/\/schema.org","@graph":[{"@type":"WebPage","@id":"https:\/\/3coty.com\/no\/p\/19-chicken-goose-390\/","url":"https:\/\/3coty.com\/no\/p\/19-chicken-goose-390\/","name":"19. KYLLING + G\u00c5S 390 - 3coty\u00ae","isPartOf":{"@id":"https:\/\/3coty.com\/no\/#website"},"primaryImageOfPage":{"@id":"https:\/\/3coty.com\/no\/p\/19-chicken-goose-390\/#primaryimage"},"image":{"@id":"https:\/\/3coty.com\/no\/p\/19-chicken-goose-390\/#primaryimage"},"thumbnailUrl":"https:\/\/3coty.com\/wp-content\/uploads\/2025\/07\/3coty-p-19-390-01.jpg","datePublished":"2025-05-24T12:11:00+00:00","dateModified":"2026-04-16T04:04:30+00:00","breadcrumb":{"@id":"https:\/\/3coty.com\/no\/p\/19-chicken-goose-390\/#breadcrumb"},"inLanguage":"nb-NO","potentialAction":[{"@type":"ReadAction","target":["https:\/\/3coty.com\/no\/p\/19-chicken-goose-390\/"]}]},{"@type":"ImageObject","inLanguage":"nb-NO","@id":"https:\/\/3coty.com\/no\/p\/19-chicken-goose-390\/#primaryimage","url":"https:\/\/3coty.com\/wp-content\/uploads\/2025\/07\/3coty-p-19-390-01.jpg","contentUrl":"https:\/\/3coty.com\/wp-content\/uploads\/2025\/07\/3coty-p-19-390-01.jpg","width":1024,"height":1024},{"@type":"BreadcrumbList","@id":"https:\/\/3coty.com\/no\/p\/19-chicken-goose-390\/#breadcrumb","itemListElement":[{"@type":"ListItem","position":1,"name":"Home","item":"https:\/\/3coty.com\/no\/"},{"@type":"ListItem","position":2,"name":"BUTIKK","item":"https:\/\/3coty.com\/no\/shop\/"},{"@type":"ListItem","position":3,"name":"19. KYLLING + G\u00c5S 390"}]},{"@type":"WebSite","@id":"https:\/\/3coty.com\/no\/#website","url":"https:\/\/3coty.com\/no\/","name":"3coty\u00ae","description":"Meat-only Cat Food","publisher":{"@id":"https:\/\/3coty.com\/no\/#organization"},"potentialAction":[{"@type":"SearchAction","target":{"@type":"EntryPoint","urlTemplate":"https:\/\/3coty.com\/no\/?s={search_term_string}"},"query-input":{"@type":"PropertyValueSpecification","valueRequired":true,"valueName":"search_term_string"}}],"inLanguage":"nb-NO"},{"@type":"Organization","@id":"https:\/\/3coty.com\/no\/#organization","name":"3coty\u00ae","alternateName":"3coty","url":"https:\/\/3coty.com\/no\/","logo":{"@type":"ImageObject","inLanguage":"nb-NO","@id":"https:\/\/3coty.com\/no\/#\/schema\/logo\/image\/","url":"https:\/\/3coty.com\/wp-content\/uploads\/2025\/05\/icon-3coty-logo.svg","contentUrl":"https:\/\/3coty.com\/wp-content\/uploads\/2025\/05\/icon-3coty-logo.svg","width":283,"height":283,"caption":"3coty\u00ae"},"image":{"@id":"https:\/\/3coty.com\/no\/#\/schema\/logo\/image\/"},"sameAs":["https:\/\/www.facebook.com\/3coty","https:\/\/x.com\/3cotyCom","https:\/\/www.instagram.com\/3coty","https:\/\/www.linkedin.com\/company\/3coty","https:\/\/www.youtube.com\/@3coty"]}]},"product_price_amount":"5.75","product_price_currency":"EUR","og_availability":"instock","product_availability":"instock","product_retailer_item_id":"390T 19CG \/ 5901785316971","product_condition":"new"},"_links":{"self":[{"href":"https:\/\/3coty.com\/no\/wp-json\/wp\/v2\/product\/33597","targetHints":{"allow":["GET"]}}],"collection":[{"href":"https:\/\/3coty.com\/no\/wp-json\/wp\/v2\/product"}],"about":[{"href":"https:\/\/3coty.com\/no\/wp-json\/wp\/v2\/types\/product"}],"version-history":[{"count":4,"href":"https:\/\/3coty.com\/no\/wp-json\/wp\/v2\/product\/33597\/revisions"}],"predecessor-version":[{"id":54237,"href":"https:\/\/3coty.com\/no\/wp-json\/wp\/v2\/product\/33597\/revisions\/54237"}],"wp:featuredmedia":[{"embeddable":true,"href":"https:\/\/3coty.com\/no\/wp-json\/wp\/v2\/media\/54031"}],"wp:attachment":[{"href":"https:\/\/3coty.com\/no\/wp-json\/wp\/v2\/media?parent=33597"}],"wp:term":[{"taxonomy":"product_brand","embeddable":true,"href":"https:\/\/3coty.com\/no\/wp-json\/wp\/v2\/product_brand?post=33597"},{"taxonomy":"product_cat","embeddable":true,"href":"https:\/\/3coty.com\/no\/wp-json\/wp\/v2\/product_cat?post=33597"},{"taxonomy":"product_tag","embeddable":true,"href":"https:\/\/3coty.com\/no\/wp-json\/wp\/v2\/product_tag?post=33597"}],"curies":[{"name":"wp","href":"https:\/\/api.w.org\/{rel}","templated":true}]}}