{"id":33559,"date":"2025-05-23T11:10:43","date_gmt":"2025-05-23T11:10:43","guid":{"rendered":"https:\/\/3coty.com\/p\/06-goose-080\/"},"modified":"2026-03-17T18:45:12","modified_gmt":"2026-03-17T18:45:12","slug":"06-goose-080","status":"publish","type":"product","link":"https:\/\/3coty.com\/no\/p\/06-goose-080\/","title":{"rendered":"06. G\u00c5S 080"},"content":{"rendered":"<p><a href=\"https:\/\/3coty.com\/wp-content\/uploads\/2025\/07\/3coty-p-06-tab-1.svg\"><img fetchpriority=\"high\" decoding=\"async\" class=\"alignnone size-full wp-image-59919\" role=\"img\" src=\"https:\/\/3coty.com\/wp-content\/uploads\/2025\/07\/3coty-p-06-tab-1.svg\" alt=\"\" width=\"283\" height=\"283\" \/><\/a><\/p>\n<h2>NATURLIG OG KOMPLETT 3COTY\u00ae-KATTEF\u00d4R<\/h2>\n<p><strong>100 % NATURLIGE KJ\u00d8TTINGREDIENSER og animalske derivater tilberedt i sin egen n\u00e6ringsrike buljong<\/strong><\/p>\n<p>Laget av det m\u00f8rkeste kj\u00f8ttet i v\u00e5rt sortiment er denne 100 % g\u00e5sevarianten et monoproteinbasert f\u00f4r som passer godt til eliminasjonsdietter og bidrar til \u00e5 kontrollere kattens vekt. Med lavt fettinnhold og h\u00f8yt n\u00e6ringsinnhold passer det for alle voksne katter, og er spesielt velegnet for kastrerte. Dette er et naturlig, komplett og balansert v\u00e5tf\u00f4r, men tilgjengeligheten kan p\u00e5virkes av g\u00e5sens sesongbaserte tilgjengelighet.<\/p>\n<p>G\u00e5s er v\u00e5rt magereste kj\u00f8tt. Sv\u00e6rt n\u00e6ringsrikt og perfekt for kastrerte katter og de med behov for vektkontroll.<\/p>\n","protected":false},"excerpt":{"rendered":"<p><a href=\"https:\/\/3coty.com\/wp-content\/uploads\/2025\/07\/3coty-p-06-description-1.svg\"><img decoding=\"async\" class=\"alignnone wp-image-59883\" role=\"img\" src=\"https:\/\/3coty.com\/wp-content\/uploads\/2025\/07\/3coty-p-06-description-1.svg\" alt=\"\" width=\"350\" \/><\/a><\/p>\n<p><strong>FOR KASTRERTE OG VOKSNE KATTER<\/strong>\u00a0| PAT\u00c9 | MONOPROTEIN-KATTEF\u00d4R<\/p>\n<p><a href=\"https:\/\/3coty.com\/wp-content\/uploads\/2025\/07\/3coty-p-06-description-2.svg\"><img decoding=\"async\" class=\"alignnone size-full wp-image-59901\" role=\"img\" src=\"https:\/\/3coty.com\/wp-content\/uploads\/2025\/07\/3coty-p-06-description-2.svg\" alt=\"\" width=\"506\" height=\"85\" \/><\/a><\/p>\n","protected":false},"featured_media":59966,"template":"","meta":{"_acf_changed":false},"product_brand":[1952],"product_cat":[374,358],"product_tag":[829],"class_list":{"0":"post-33559","1":"product","2":"type-product","3":"status-publish","4":"has-post-thumbnail","6":"product_brand-3coty","7":"product_cat-for-sterilised-cats","8":"product_cat-for-adult-cats","9":"product_tag-06go","11":"first","12":"instock","13":"featured","14":"taxable","15":"shipping-taxable","16":"purchasable","17":"product-type-simple"},"acf":[],"yoast_head":"<!-- This site is optimized with the Yoast SEO Premium plugin v27.4 (Yoast SEO v27.4) - https:\/\/yoast.com\/product\/yoast-seo-premium-wordpress\/ -->\n<title>06. G\u00c5S 080 (80 g) | For voksne katter | 3coty\u00ae Naturlig Kattemat 100% Kj\u00f8tt<\/title>\n<meta name=\"description\" content=\"Dette monoproteinf\u00f4ret med 100 % g\u00e5s er laget av m\u00f8rkt kj\u00f8tt som naturlig har lite fett og er rikt p\u00e5 n\u00e6ringsstoffer. Det passer for alle voksne katter og er ideelt for kastrerte katter og for eliminasjonsdietter samtidig som det bidrar til vektkontroll. Et naturlig komplett og balansert v\u00e5tf\u00f4r fra 3coty\u00ae laget utelukkende av kj\u00f8tt.\" \/>\n<meta name=\"robots\" content=\"index, follow, max-snippet:-1, max-image-preview:large, max-video-preview:-1\" \/>\n<link rel=\"canonical\" href=\"https:\/\/3coty.com\/no\/p\/06-goose-080\/\" \/>\n<meta property=\"og:locale\" content=\"nb_NO\" \/>\n<meta property=\"og:type\" content=\"article\" \/>\n<meta property=\"og:title\" content=\"06. G\u00c5S 080 (80 g) | For voksne katter | 3coty\u00ae Naturlig Kattemat 100% Kj\u00f8tt\" \/>\n<meta property=\"og:description\" content=\"Dette monoproteinf\u00f4ret med 100 % g\u00e5s er laget av m\u00f8rkt kj\u00f8tt som naturlig har lite fett og er rikt p\u00e5 n\u00e6ringsstoffer. Det passer for alle voksne katter og er ideelt for kastrerte katter og for eliminasjonsdietter samtidig som det bidrar til vektkontroll. Et naturlig komplett og balansert v\u00e5tf\u00f4r fra 3coty\u00ae laget utelukkende av kj\u00f8tt.\" \/>\n<meta property=\"og:url\" content=\"https:\/\/3coty.com\/no\/p\/06-goose-080\/\" \/>\n<meta property=\"og:site_name\" content=\"3coty\u00ae\" \/>\n<meta property=\"article:publisher\" content=\"https:\/\/www.facebook.com\/3coty\" \/>\n<meta property=\"article:modified_time\" content=\"2026-03-17T18:45:12+00:00\" \/>\n<meta property=\"og:image\" content=\"https:\/\/3coty.com\/wp-content\/uploads\/2025\/12\/3coty-06-goose-080-meat-only-cat-food.jpg\" \/>\n\t<meta property=\"og:image:width\" content=\"1200\" \/>\n\t<meta property=\"og:image:height\" content=\"630\" \/>\n\t<meta property=\"og:image:type\" content=\"image\/jpeg\" \/>\n<meta name=\"twitter:card\" content=\"summary_large_image\" \/>\n<meta name=\"twitter:title\" content=\"06. G\u00c5S 080 (80 g) | For voksne katter | 3coty\u00ae Naturlig Kattemat 100% Kj\u00f8tt\" \/>\n<meta name=\"twitter:description\" content=\"Dette monoproteinf\u00f4ret med 100 % g\u00e5s er laget av m\u00f8rkt kj\u00f8tt som naturlig har lite fett og er rikt p\u00e5 n\u00e6ringsstoffer. Det passer for alle voksne katter og er ideelt for kastrerte katter og for eliminasjonsdietter samtidig som det bidrar til vektkontroll. Et naturlig komplett og balansert v\u00e5tf\u00f4r fra 3coty\u00ae laget utelukkende av kj\u00f8tt.\" \/>\n<meta name=\"twitter:image\" content=\"https:\/\/3coty.com\/wp-content\/uploads\/2025\/12\/3coty-06-goose-080-meat-only-cat-food.jpg\" \/>\n<meta name=\"twitter:site\" content=\"@3cotyCom\" \/>\n<meta name=\"twitter:label1\" content=\"Price\" \/>\n\t<meta name=\"twitter:data1\" content=\"\u20ac&nbsp;3.00\" \/>\n\t<meta name=\"twitter:label2\" content=\"Availability\" \/>\n\t<meta name=\"twitter:data2\" content=\"In stock\" \/>\n<script type=\"application\/ld+json\" class=\"yoast-schema-graph\">{\"@context\":\"https:\\\/\\\/schema.org\",\"@graph\":[{\"@type\":\"WebPage\",\"@id\":\"https:\\\/\\\/3coty.com\\\/no\\\/p\\\/06-goose-080\\\/\",\"url\":\"https:\\\/\\\/3coty.com\\\/no\\\/p\\\/06-goose-080\\\/\",\"name\":\"06. G\u00c5S 080 (80 g) | For voksne katter | 3coty\u00ae Naturlig Kattemat 100% Kj\u00f8tt\",\"isPartOf\":{\"@id\":\"https:\\\/\\\/3coty.com\\\/no\\\/#website\"},\"primaryImageOfPage\":{\"@id\":\"https:\\\/\\\/3coty.com\\\/no\\\/p\\\/06-goose-080\\\/#primaryimage\"},\"image\":{\"@id\":\"https:\\\/\\\/3coty.com\\\/no\\\/p\\\/06-goose-080\\\/#primaryimage\"},\"thumbnailUrl\":\"https:\\\/\\\/3coty.com\\\/wp-content\\\/uploads\\\/2025\\\/07\\\/3coty-p-06-080-01.jpg\",\"datePublished\":\"2025-05-23T11:10:43+00:00\",\"dateModified\":\"2026-03-17T18:45:12+00:00\",\"description\":\"Dette monoproteinf\u00f4ret med 100 % g\u00e5s er laget av m\u00f8rkt kj\u00f8tt som naturlig har lite fett og er rikt p\u00e5 n\u00e6ringsstoffer. Det passer for alle voksne katter og er ideelt for kastrerte katter og for eliminasjonsdietter samtidig som det bidrar til vektkontroll. Et naturlig komplett og balansert v\u00e5tf\u00f4r fra 3coty\u00ae laget utelukkende av kj\u00f8tt.\",\"breadcrumb\":{\"@id\":\"https:\\\/\\\/3coty.com\\\/no\\\/p\\\/06-goose-080\\\/#breadcrumb\"},\"inLanguage\":\"nb-NO\",\"potentialAction\":[{\"@type\":\"ReadAction\",\"target\":[\"https:\\\/\\\/3coty.com\\\/no\\\/p\\\/06-goose-080\\\/\"]}]},{\"@type\":\"ImageObject\",\"inLanguage\":\"nb-NO\",\"@id\":\"https:\\\/\\\/3coty.com\\\/no\\\/p\\\/06-goose-080\\\/#primaryimage\",\"url\":\"https:\\\/\\\/3coty.com\\\/wp-content\\\/uploads\\\/2025\\\/07\\\/3coty-p-06-080-01.jpg\",\"contentUrl\":\"https:\\\/\\\/3coty.com\\\/wp-content\\\/uploads\\\/2025\\\/07\\\/3coty-p-06-080-01.jpg\",\"width\":1024,\"height\":1024},{\"@type\":\"BreadcrumbList\",\"@id\":\"https:\\\/\\\/3coty.com\\\/no\\\/p\\\/06-goose-080\\\/#breadcrumb\",\"itemListElement\":[{\"@type\":\"ListItem\",\"position\":1,\"name\":\"Home\",\"item\":\"https:\\\/\\\/3coty.com\\\/no\\\/\"},{\"@type\":\"ListItem\",\"position\":2,\"name\":\"BUTIKK\",\"item\":\"https:\\\/\\\/3coty.com\\\/no\\\/shop\\\/\"},{\"@type\":\"ListItem\",\"position\":3,\"name\":\"06. G\u00c5S 080\"}]},{\"@type\":\"WebSite\",\"@id\":\"https:\\\/\\\/3coty.com\\\/no\\\/#website\",\"url\":\"https:\\\/\\\/3coty.com\\\/no\\\/\",\"name\":\"3coty\u00ae\",\"description\":\"Meat-only Cat Food\",\"publisher\":{\"@id\":\"https:\\\/\\\/3coty.com\\\/no\\\/#organization\"},\"potentialAction\":[{\"@type\":\"SearchAction\",\"target\":{\"@type\":\"EntryPoint\",\"urlTemplate\":\"https:\\\/\\\/3coty.com\\\/no\\\/?s={search_term_string}\"},\"query-input\":{\"@type\":\"PropertyValueSpecification\",\"valueRequired\":true,\"valueName\":\"search_term_string\"}}],\"inLanguage\":\"nb-NO\"},{\"@type\":\"Organization\",\"@id\":\"https:\\\/\\\/3coty.com\\\/no\\\/#organization\",\"name\":\"3coty\u00ae\",\"alternateName\":\"3coty\",\"url\":\"https:\\\/\\\/3coty.com\\\/no\\\/\",\"logo\":{\"@type\":\"ImageObject\",\"inLanguage\":\"nb-NO\",\"@id\":\"https:\\\/\\\/3coty.com\\\/no\\\/#\\\/schema\\\/logo\\\/image\\\/\",\"url\":\"https:\\\/\\\/3coty.com\\\/wp-content\\\/uploads\\\/2025\\\/05\\\/icon-3coty-logo.svg\",\"contentUrl\":\"https:\\\/\\\/3coty.com\\\/wp-content\\\/uploads\\\/2025\\\/05\\\/icon-3coty-logo.svg\",\"width\":283,\"height\":283,\"caption\":\"3coty\u00ae\"},\"image\":{\"@id\":\"https:\\\/\\\/3coty.com\\\/no\\\/#\\\/schema\\\/logo\\\/image\\\/\"},\"sameAs\":[\"https:\\\/\\\/www.facebook.com\\\/3coty\",\"https:\\\/\\\/x.com\\\/3cotyCom\",\"https:\\\/\\\/www.instagram.com\\\/3coty\",\"https:\\\/\\\/www.linkedin.com\\\/company\\\/3coty\",\"https:\\\/\\\/www.youtube.com\\\/@3coty\"]}]}<\/script>\n<meta property=\"product:price:amount\" content=\"3.00\" \/>\n<meta property=\"product:price:currency\" content=\"EUR\" \/>\n<meta property=\"og:availability\" content=\"instock\" \/>\n<meta property=\"product:availability\" content=\"instock\" \/>\n<meta property=\"product:retailer_item_id\" content=\"080T 06GO \/ 5901785317237\" \/>\n<meta property=\"product:condition\" content=\"new\" \/>\n<!-- \/ Yoast SEO Premium plugin. -->","yoast_head_json":{"title":"06. G\u00c5S 080 (80 g) | For voksne katter | 3coty\u00ae Naturlig Kattemat 100% Kj\u00f8tt","description":"Dette monoproteinf\u00f4ret med 100 % g\u00e5s er laget av m\u00f8rkt kj\u00f8tt som naturlig har lite fett og er rikt p\u00e5 n\u00e6ringsstoffer. Det passer for alle voksne katter og er ideelt for kastrerte katter og for eliminasjonsdietter samtidig som det bidrar til vektkontroll. Et naturlig komplett og balansert v\u00e5tf\u00f4r fra 3coty\u00ae laget utelukkende av kj\u00f8tt.","robots":{"index":"index","follow":"follow","max-snippet":"max-snippet:-1","max-image-preview":"max-image-preview:large","max-video-preview":"max-video-preview:-1"},"canonical":"https:\/\/3coty.com\/no\/p\/06-goose-080\/","og_locale":"nb_NO","og_type":"article","og_title":"06. G\u00c5S 080 (80 g) | For voksne katter | 3coty\u00ae Naturlig Kattemat 100% Kj\u00f8tt","og_description":"Dette monoproteinf\u00f4ret med 100 % g\u00e5s er laget av m\u00f8rkt kj\u00f8tt som naturlig har lite fett og er rikt p\u00e5 n\u00e6ringsstoffer. Det passer for alle voksne katter og er ideelt for kastrerte katter og for eliminasjonsdietter samtidig som det bidrar til vektkontroll. Et naturlig komplett og balansert v\u00e5tf\u00f4r fra 3coty\u00ae laget utelukkende av kj\u00f8tt.","og_url":"https:\/\/3coty.com\/no\/p\/06-goose-080\/","og_site_name":"3coty\u00ae","article_publisher":"https:\/\/www.facebook.com\/3coty","article_modified_time":"2026-03-17T18:45:12+00:00","og_image":[{"width":1200,"height":630,"url":"https:\/\/3coty.com\/wp-content\/uploads\/2025\/12\/3coty-06-goose-080-meat-only-cat-food.jpg","type":"image\/jpeg"}],"twitter_card":"summary_large_image","twitter_title":"06. G\u00c5S 080 (80 g) | For voksne katter | 3coty\u00ae Naturlig Kattemat 100% Kj\u00f8tt","twitter_description":"Dette monoproteinf\u00f4ret med 100 % g\u00e5s er laget av m\u00f8rkt kj\u00f8tt som naturlig har lite fett og er rikt p\u00e5 n\u00e6ringsstoffer. Det passer for alle voksne katter og er ideelt for kastrerte katter og for eliminasjonsdietter samtidig som det bidrar til vektkontroll. Et naturlig komplett og balansert v\u00e5tf\u00f4r fra 3coty\u00ae laget utelukkende av kj\u00f8tt.","twitter_image":"https:\/\/3coty.com\/wp-content\/uploads\/2025\/12\/3coty-06-goose-080-meat-only-cat-food.jpg","twitter_site":"@3cotyCom","twitter_misc":{"Price":"\u20ac&nbsp;3.00","Availability":"In stock"},"schema":{"@context":"https:\/\/schema.org","@graph":[{"@type":"WebPage","@id":"https:\/\/3coty.com\/no\/p\/06-goose-080\/","url":"https:\/\/3coty.com\/no\/p\/06-goose-080\/","name":"06. G\u00c5S 080 (80 g) | For voksne katter | 3coty\u00ae Naturlig Kattemat 100% Kj\u00f8tt","isPartOf":{"@id":"https:\/\/3coty.com\/no\/#website"},"primaryImageOfPage":{"@id":"https:\/\/3coty.com\/no\/p\/06-goose-080\/#primaryimage"},"image":{"@id":"https:\/\/3coty.com\/no\/p\/06-goose-080\/#primaryimage"},"thumbnailUrl":"https:\/\/3coty.com\/wp-content\/uploads\/2025\/07\/3coty-p-06-080-01.jpg","datePublished":"2025-05-23T11:10:43+00:00","dateModified":"2026-03-17T18:45:12+00:00","description":"Dette monoproteinf\u00f4ret med 100 % g\u00e5s er laget av m\u00f8rkt kj\u00f8tt som naturlig har lite fett og er rikt p\u00e5 n\u00e6ringsstoffer. Det passer for alle voksne katter og er ideelt for kastrerte katter og for eliminasjonsdietter samtidig som det bidrar til vektkontroll. Et naturlig komplett og balansert v\u00e5tf\u00f4r fra 3coty\u00ae laget utelukkende av kj\u00f8tt.","breadcrumb":{"@id":"https:\/\/3coty.com\/no\/p\/06-goose-080\/#breadcrumb"},"inLanguage":"nb-NO","potentialAction":[{"@type":"ReadAction","target":["https:\/\/3coty.com\/no\/p\/06-goose-080\/"]}]},{"@type":"ImageObject","inLanguage":"nb-NO","@id":"https:\/\/3coty.com\/no\/p\/06-goose-080\/#primaryimage","url":"https:\/\/3coty.com\/wp-content\/uploads\/2025\/07\/3coty-p-06-080-01.jpg","contentUrl":"https:\/\/3coty.com\/wp-content\/uploads\/2025\/07\/3coty-p-06-080-01.jpg","width":1024,"height":1024},{"@type":"BreadcrumbList","@id":"https:\/\/3coty.com\/no\/p\/06-goose-080\/#breadcrumb","itemListElement":[{"@type":"ListItem","position":1,"name":"Home","item":"https:\/\/3coty.com\/no\/"},{"@type":"ListItem","position":2,"name":"BUTIKK","item":"https:\/\/3coty.com\/no\/shop\/"},{"@type":"ListItem","position":3,"name":"06. G\u00c5S 080"}]},{"@type":"WebSite","@id":"https:\/\/3coty.com\/no\/#website","url":"https:\/\/3coty.com\/no\/","name":"3coty\u00ae","description":"Meat-only Cat Food","publisher":{"@id":"https:\/\/3coty.com\/no\/#organization"},"potentialAction":[{"@type":"SearchAction","target":{"@type":"EntryPoint","urlTemplate":"https:\/\/3coty.com\/no\/?s={search_term_string}"},"query-input":{"@type":"PropertyValueSpecification","valueRequired":true,"valueName":"search_term_string"}}],"inLanguage":"nb-NO"},{"@type":"Organization","@id":"https:\/\/3coty.com\/no\/#organization","name":"3coty\u00ae","alternateName":"3coty","url":"https:\/\/3coty.com\/no\/","logo":{"@type":"ImageObject","inLanguage":"nb-NO","@id":"https:\/\/3coty.com\/no\/#\/schema\/logo\/image\/","url":"https:\/\/3coty.com\/wp-content\/uploads\/2025\/05\/icon-3coty-logo.svg","contentUrl":"https:\/\/3coty.com\/wp-content\/uploads\/2025\/05\/icon-3coty-logo.svg","width":283,"height":283,"caption":"3coty\u00ae"},"image":{"@id":"https:\/\/3coty.com\/no\/#\/schema\/logo\/image\/"},"sameAs":["https:\/\/www.facebook.com\/3coty","https:\/\/x.com\/3cotyCom","https:\/\/www.instagram.com\/3coty","https:\/\/www.linkedin.com\/company\/3coty","https:\/\/www.youtube.com\/@3coty"]}]},"product_price_amount":"3.00","product_price_currency":"EUR","og_availability":"instock","product_availability":"instock","product_retailer_item_id":"080T 06GO \/ 5901785317237","product_condition":"new"},"_links":{"self":[{"href":"https:\/\/3coty.com\/no\/wp-json\/wp\/v2\/product\/33559","targetHints":{"allow":["GET"]}}],"collection":[{"href":"https:\/\/3coty.com\/no\/wp-json\/wp\/v2\/product"}],"about":[{"href":"https:\/\/3coty.com\/no\/wp-json\/wp\/v2\/types\/product"}],"version-history":[{"count":4,"href":"https:\/\/3coty.com\/no\/wp-json\/wp\/v2\/product\/33559\/revisions"}],"predecessor-version":[{"id":60350,"href":"https:\/\/3coty.com\/no\/wp-json\/wp\/v2\/product\/33559\/revisions\/60350"}],"wp:featuredmedia":[{"embeddable":true,"href":"https:\/\/3coty.com\/no\/wp-json\/wp\/v2\/media\/59966"}],"wp:attachment":[{"href":"https:\/\/3coty.com\/no\/wp-json\/wp\/v2\/media?parent=33559"}],"wp:term":[{"taxonomy":"product_brand","embeddable":true,"href":"https:\/\/3coty.com\/no\/wp-json\/wp\/v2\/product_brand?post=33559"},{"taxonomy":"product_cat","embeddable":true,"href":"https:\/\/3coty.com\/no\/wp-json\/wp\/v2\/product_cat?post=33559"},{"taxonomy":"product_tag","embeddable":true,"href":"https:\/\/3coty.com\/no\/wp-json\/wp\/v2\/product_tag?post=33559"}],"curies":[{"name":"wp","href":"https:\/\/api.w.org\/{rel}","templated":true}]}}