{"id":33555,"date":"2025-05-23T10:09:32","date_gmt":"2025-05-23T10:09:32","guid":{"rendered":"https:\/\/3coty.com\/p\/05-duck-080\/"},"modified":"2026-04-04T06:45:20","modified_gmt":"2026-04-04T06:45:20","slug":"05-duck-080","status":"publish","type":"product","link":"https:\/\/3coty.com\/no\/p\/05-duck-080\/","title":{"rendered":"05. AND 080"},"content":{"rendered":"<p><a href=\"https:\/\/3coty.com\/wp-content\/uploads\/2025\/07\/3coty-p-05-tab-1.svg\"><img fetchpriority=\"high\" decoding=\"async\" class=\"alignnone size-full wp-image-60722\" role=\"img\" src=\"https:\/\/3coty.com\/wp-content\/uploads\/2025\/07\/3coty-p-05-tab-1.svg\" alt=\"\" width=\"283\" height=\"283\" \/><\/a><\/p>\n<h2>NATURLIG OG KOMPLETT 3COTY\u00ae-KATTEF\u00d4R<\/h2>\n<p><strong>100 % NATURLIGE KJ\u00d8TTINGREDIENSER og animalske derivater tilberedt i sin egen n\u00e6ringsrike buljong<\/strong><\/p>\n<p>\u00c5 finne riktig proteinkilde for en eliminasjonsdiett kan v\u00e6re en utfordring. Denne varianten med 100 % and og m\u00f8rkt kj\u00f8tt er et f\u00f4r med begrenset antall ingredienser som, etter v\u00e5r erfaring, er sv\u00e6rt godt likt av voksne katter. Ved overgang til en kj\u00f8ttbasert diett blir dette naturlige, komplette og balanserte f\u00f4ret, tilberedt i sin egen kraft, som regel lett akseptert.<\/p>\n<p>N\u00e6ringsrikt m\u00f8rkt andekj\u00f8tt tilberedt i egen kraft. Monoproteinbasert f\u00f4r som egner seg godt for eliminasjonsdiett.<\/p>\n","protected":false},"excerpt":{"rendered":"<p><a href=\"https:\/\/3coty.com\/wp-content\/uploads\/2025\/07\/3coty-p-05-description-1.svg\"><img decoding=\"async\" class=\"alignnone size-medium wp-image-60686\" role=\"img\" src=\"https:\/\/3coty.com\/wp-content\/uploads\/2025\/07\/3coty-p-05-description-1.svg\" alt=\"\" width=\"300\" height=\"300\" \/><\/a><\/p>\n<p><strong>FOR VOKSNE KATTER<\/strong> | PAT\u00c9 | MONOPROTEIN-KATTEF\u00d4R<\/p>\n<p><a href=\"https:\/\/3coty.com\/wp-content\/uploads\/2025\/07\/3coty-p-05-description-4.svg\"><img decoding=\"async\" class=\"alignnone size-full wp-image-60704\" role=\"img\" src=\"https:\/\/3coty.com\/wp-content\/uploads\/2025\/07\/3coty-p-05-description-4.svg\" alt=\"\" width=\"506\" height=\"85\" \/><\/a><\/p>\n","protected":false},"featured_media":60769,"template":"","meta":{"_acf_changed":false},"product_brand":[1952],"product_cat":[358],"product_tag":[801],"class_list":{"0":"post-33555","1":"product","2":"type-product","3":"status-publish","4":"has-post-thumbnail","6":"product_brand-3coty","7":"product_cat-for-adult-cats","8":"product_tag-05du","10":"first","11":"outofstock","12":"featured","13":"taxable","14":"shipping-taxable","15":"purchasable","16":"product-type-simple"},"acf":[],"yoast_head":"<!-- This site is optimized with the Yoast SEO Premium plugin v27.4 (Yoast SEO v27.4) - https:\/\/yoast.com\/product\/yoast-seo-premium-wordpress\/ -->\n<title>05. AND 080 (80 g) | For voksne katter | 3coty\u00ae Naturlig Kattemat 100% Kj\u00f8tt<\/title>\n<meta name=\"description\" content=\"100 % and v\u00e5tf\u00f4r til katter, m\u00f8rkt monoproteinkj\u00f8tt kokt i sin egen kraft. Dette f\u00f4ret med begrensede ingredienser for voksne katter er ideelt for en eliminasjonsdiett.\" \/>\n<meta name=\"robots\" content=\"index, follow, max-snippet:-1, max-image-preview:large, max-video-preview:-1\" \/>\n<link rel=\"canonical\" href=\"https:\/\/3coty.com\/no\/p\/05-duck-080\/\" \/>\n<meta property=\"og:locale\" content=\"nb_NO\" \/>\n<meta property=\"og:type\" content=\"article\" \/>\n<meta property=\"og:title\" content=\"05. AND 080 (80 g) | For voksne katter | 3coty\u00ae Naturlig Kattemat 100% Kj\u00f8tt\" \/>\n<meta property=\"og:description\" content=\"100 % and v\u00e5tf\u00f4r til katter, m\u00f8rkt monoproteinkj\u00f8tt kokt i sin egen kraft. Dette f\u00f4ret med begrensede ingredienser for voksne katter er ideelt for en eliminasjonsdiett.\" \/>\n<meta property=\"og:url\" content=\"https:\/\/3coty.com\/no\/p\/05-duck-080\/\" \/>\n<meta property=\"og:site_name\" content=\"3coty\u00ae\" \/>\n<meta property=\"article:publisher\" content=\"https:\/\/www.facebook.com\/3coty\" \/>\n<meta property=\"article:modified_time\" content=\"2026-04-04T06:45:20+00:00\" \/>\n<meta property=\"og:image\" content=\"https:\/\/3coty.com\/wp-content\/uploads\/2025\/10\/3coty-05-duck-080-meat-only-cat-food.jpg\" \/>\n\t<meta property=\"og:image:width\" content=\"1200\" \/>\n\t<meta property=\"og:image:height\" content=\"630\" \/>\n\t<meta property=\"og:image:type\" content=\"image\/jpeg\" \/>\n<meta name=\"twitter:card\" content=\"summary_large_image\" \/>\n<meta name=\"twitter:title\" content=\"05. AND 080 (80 g) | For voksne katter | 3coty\u00ae Naturlig Kattemat 100% Kj\u00f8tt\" \/>\n<meta name=\"twitter:description\" content=\"100 % and v\u00e5tf\u00f4r til katter, m\u00f8rkt monoproteinkj\u00f8tt kokt i sin egen kraft. Dette f\u00f4ret med begrensede ingredienser for voksne katter er ideelt for en eliminasjonsdiett.\" \/>\n<meta name=\"twitter:image\" content=\"https:\/\/3coty.com\/wp-content\/uploads\/2025\/10\/3coty-05-duck-080-meat-only-cat-food.jpg\" \/>\n<meta name=\"twitter:site\" content=\"@3cotyCom\" \/>\n<meta name=\"twitter:label1\" content=\"Price\" \/>\n\t<meta name=\"twitter:data1\" content=\"\u20ac&nbsp;2.50\" \/>\n\t<meta name=\"twitter:label2\" content=\"Availability\" \/>\n\t<meta name=\"twitter:data2\" content=\"Out of stock\" \/>\n<script type=\"application\/ld+json\" class=\"yoast-schema-graph\">{\"@context\":\"https:\\\/\\\/schema.org\",\"@graph\":[{\"@type\":\"WebPage\",\"@id\":\"https:\\\/\\\/3coty.com\\\/no\\\/p\\\/05-duck-080\\\/\",\"url\":\"https:\\\/\\\/3coty.com\\\/no\\\/p\\\/05-duck-080\\\/\",\"name\":\"05. AND 080 (80 g) | For voksne katter | 3coty\u00ae Naturlig Kattemat 100% Kj\u00f8tt\",\"isPartOf\":{\"@id\":\"https:\\\/\\\/3coty.com\\\/no\\\/#website\"},\"primaryImageOfPage\":{\"@id\":\"https:\\\/\\\/3coty.com\\\/no\\\/p\\\/05-duck-080\\\/#primaryimage\"},\"image\":{\"@id\":\"https:\\\/\\\/3coty.com\\\/no\\\/p\\\/05-duck-080\\\/#primaryimage\"},\"thumbnailUrl\":\"https:\\\/\\\/3coty.com\\\/wp-content\\\/uploads\\\/2025\\\/07\\\/3coty-p-05-080-01.jpg\",\"datePublished\":\"2025-05-23T10:09:32+00:00\",\"dateModified\":\"2026-04-04T06:45:20+00:00\",\"description\":\"100 % and v\u00e5tf\u00f4r til katter, m\u00f8rkt monoproteinkj\u00f8tt kokt i sin egen kraft. Dette f\u00f4ret med begrensede ingredienser for voksne katter er ideelt for en eliminasjonsdiett.\",\"breadcrumb\":{\"@id\":\"https:\\\/\\\/3coty.com\\\/no\\\/p\\\/05-duck-080\\\/#breadcrumb\"},\"inLanguage\":\"nb-NO\",\"potentialAction\":[{\"@type\":\"ReadAction\",\"target\":[\"https:\\\/\\\/3coty.com\\\/no\\\/p\\\/05-duck-080\\\/\"]}]},{\"@type\":\"ImageObject\",\"inLanguage\":\"nb-NO\",\"@id\":\"https:\\\/\\\/3coty.com\\\/no\\\/p\\\/05-duck-080\\\/#primaryimage\",\"url\":\"https:\\\/\\\/3coty.com\\\/wp-content\\\/uploads\\\/2025\\\/07\\\/3coty-p-05-080-01.jpg\",\"contentUrl\":\"https:\\\/\\\/3coty.com\\\/wp-content\\\/uploads\\\/2025\\\/07\\\/3coty-p-05-080-01.jpg\",\"width\":1024,\"height\":1024},{\"@type\":\"BreadcrumbList\",\"@id\":\"https:\\\/\\\/3coty.com\\\/no\\\/p\\\/05-duck-080\\\/#breadcrumb\",\"itemListElement\":[{\"@type\":\"ListItem\",\"position\":1,\"name\":\"Home\",\"item\":\"https:\\\/\\\/3coty.com\\\/no\\\/\"},{\"@type\":\"ListItem\",\"position\":2,\"name\":\"BUTIKK\",\"item\":\"https:\\\/\\\/3coty.com\\\/no\\\/shop\\\/\"},{\"@type\":\"ListItem\",\"position\":3,\"name\":\"05. AND 080\"}]},{\"@type\":\"WebSite\",\"@id\":\"https:\\\/\\\/3coty.com\\\/no\\\/#website\",\"url\":\"https:\\\/\\\/3coty.com\\\/no\\\/\",\"name\":\"3coty\u00ae\",\"description\":\"Meat-only Cat Food\",\"publisher\":{\"@id\":\"https:\\\/\\\/3coty.com\\\/no\\\/#organization\"},\"potentialAction\":[{\"@type\":\"SearchAction\",\"target\":{\"@type\":\"EntryPoint\",\"urlTemplate\":\"https:\\\/\\\/3coty.com\\\/no\\\/?s={search_term_string}\"},\"query-input\":{\"@type\":\"PropertyValueSpecification\",\"valueRequired\":true,\"valueName\":\"search_term_string\"}}],\"inLanguage\":\"nb-NO\"},{\"@type\":\"Organization\",\"@id\":\"https:\\\/\\\/3coty.com\\\/no\\\/#organization\",\"name\":\"3coty\u00ae\",\"alternateName\":\"3coty\",\"url\":\"https:\\\/\\\/3coty.com\\\/no\\\/\",\"logo\":{\"@type\":\"ImageObject\",\"inLanguage\":\"nb-NO\",\"@id\":\"https:\\\/\\\/3coty.com\\\/no\\\/#\\\/schema\\\/logo\\\/image\\\/\",\"url\":\"https:\\\/\\\/3coty.com\\\/wp-content\\\/uploads\\\/2025\\\/05\\\/icon-3coty-logo.svg\",\"contentUrl\":\"https:\\\/\\\/3coty.com\\\/wp-content\\\/uploads\\\/2025\\\/05\\\/icon-3coty-logo.svg\",\"width\":283,\"height\":283,\"caption\":\"3coty\u00ae\"},\"image\":{\"@id\":\"https:\\\/\\\/3coty.com\\\/no\\\/#\\\/schema\\\/logo\\\/image\\\/\"},\"sameAs\":[\"https:\\\/\\\/www.facebook.com\\\/3coty\",\"https:\\\/\\\/x.com\\\/3cotyCom\",\"https:\\\/\\\/www.instagram.com\\\/3coty\",\"https:\\\/\\\/www.linkedin.com\\\/company\\\/3coty\",\"https:\\\/\\\/www.youtube.com\\\/@3coty\"]}]}<\/script>\n<meta property=\"product:price:amount\" content=\"2.50\" \/>\n<meta property=\"product:price:currency\" content=\"EUR\" \/>\n<meta property=\"og:availability\" content=\"out of stock\" \/>\n<meta property=\"product:availability\" content=\"out of stock\" \/>\n<meta property=\"product:retailer_item_id\" content=\"080T 05DU \/ 5901785317282\" \/>\n<meta property=\"product:condition\" content=\"new\" \/>\n<!-- \/ Yoast SEO Premium plugin. -->","yoast_head_json":{"title":"05. AND 080 (80 g) | For voksne katter | 3coty\u00ae Naturlig Kattemat 100% Kj\u00f8tt","description":"100 % and v\u00e5tf\u00f4r til katter, m\u00f8rkt monoproteinkj\u00f8tt kokt i sin egen kraft. Dette f\u00f4ret med begrensede ingredienser for voksne katter er ideelt for en eliminasjonsdiett.","robots":{"index":"index","follow":"follow","max-snippet":"max-snippet:-1","max-image-preview":"max-image-preview:large","max-video-preview":"max-video-preview:-1"},"canonical":"https:\/\/3coty.com\/no\/p\/05-duck-080\/","og_locale":"nb_NO","og_type":"article","og_title":"05. AND 080 (80 g) | For voksne katter | 3coty\u00ae Naturlig Kattemat 100% Kj\u00f8tt","og_description":"100 % and v\u00e5tf\u00f4r til katter, m\u00f8rkt monoproteinkj\u00f8tt kokt i sin egen kraft. Dette f\u00f4ret med begrensede ingredienser for voksne katter er ideelt for en eliminasjonsdiett.","og_url":"https:\/\/3coty.com\/no\/p\/05-duck-080\/","og_site_name":"3coty\u00ae","article_publisher":"https:\/\/www.facebook.com\/3coty","article_modified_time":"2026-04-04T06:45:20+00:00","og_image":[{"width":1200,"height":630,"url":"https:\/\/3coty.com\/wp-content\/uploads\/2025\/10\/3coty-05-duck-080-meat-only-cat-food.jpg","type":"image\/jpeg"}],"twitter_card":"summary_large_image","twitter_title":"05. AND 080 (80 g) | For voksne katter | 3coty\u00ae Naturlig Kattemat 100% Kj\u00f8tt","twitter_description":"100 % and v\u00e5tf\u00f4r til katter, m\u00f8rkt monoproteinkj\u00f8tt kokt i sin egen kraft. Dette f\u00f4ret med begrensede ingredienser for voksne katter er ideelt for en eliminasjonsdiett.","twitter_image":"https:\/\/3coty.com\/wp-content\/uploads\/2025\/10\/3coty-05-duck-080-meat-only-cat-food.jpg","twitter_site":"@3cotyCom","twitter_misc":{"Price":"\u20ac&nbsp;2.50","Availability":"Out of stock"},"schema":{"@context":"https:\/\/schema.org","@graph":[{"@type":"WebPage","@id":"https:\/\/3coty.com\/no\/p\/05-duck-080\/","url":"https:\/\/3coty.com\/no\/p\/05-duck-080\/","name":"05. AND 080 (80 g) | For voksne katter | 3coty\u00ae Naturlig Kattemat 100% Kj\u00f8tt","isPartOf":{"@id":"https:\/\/3coty.com\/no\/#website"},"primaryImageOfPage":{"@id":"https:\/\/3coty.com\/no\/p\/05-duck-080\/#primaryimage"},"image":{"@id":"https:\/\/3coty.com\/no\/p\/05-duck-080\/#primaryimage"},"thumbnailUrl":"https:\/\/3coty.com\/wp-content\/uploads\/2025\/07\/3coty-p-05-080-01.jpg","datePublished":"2025-05-23T10:09:32+00:00","dateModified":"2026-04-04T06:45:20+00:00","description":"100 % and v\u00e5tf\u00f4r til katter, m\u00f8rkt monoproteinkj\u00f8tt kokt i sin egen kraft. Dette f\u00f4ret med begrensede ingredienser for voksne katter er ideelt for en eliminasjonsdiett.","breadcrumb":{"@id":"https:\/\/3coty.com\/no\/p\/05-duck-080\/#breadcrumb"},"inLanguage":"nb-NO","potentialAction":[{"@type":"ReadAction","target":["https:\/\/3coty.com\/no\/p\/05-duck-080\/"]}]},{"@type":"ImageObject","inLanguage":"nb-NO","@id":"https:\/\/3coty.com\/no\/p\/05-duck-080\/#primaryimage","url":"https:\/\/3coty.com\/wp-content\/uploads\/2025\/07\/3coty-p-05-080-01.jpg","contentUrl":"https:\/\/3coty.com\/wp-content\/uploads\/2025\/07\/3coty-p-05-080-01.jpg","width":1024,"height":1024},{"@type":"BreadcrumbList","@id":"https:\/\/3coty.com\/no\/p\/05-duck-080\/#breadcrumb","itemListElement":[{"@type":"ListItem","position":1,"name":"Home","item":"https:\/\/3coty.com\/no\/"},{"@type":"ListItem","position":2,"name":"BUTIKK","item":"https:\/\/3coty.com\/no\/shop\/"},{"@type":"ListItem","position":3,"name":"05. AND 080"}]},{"@type":"WebSite","@id":"https:\/\/3coty.com\/no\/#website","url":"https:\/\/3coty.com\/no\/","name":"3coty\u00ae","description":"Meat-only Cat Food","publisher":{"@id":"https:\/\/3coty.com\/no\/#organization"},"potentialAction":[{"@type":"SearchAction","target":{"@type":"EntryPoint","urlTemplate":"https:\/\/3coty.com\/no\/?s={search_term_string}"},"query-input":{"@type":"PropertyValueSpecification","valueRequired":true,"valueName":"search_term_string"}}],"inLanguage":"nb-NO"},{"@type":"Organization","@id":"https:\/\/3coty.com\/no\/#organization","name":"3coty\u00ae","alternateName":"3coty","url":"https:\/\/3coty.com\/no\/","logo":{"@type":"ImageObject","inLanguage":"nb-NO","@id":"https:\/\/3coty.com\/no\/#\/schema\/logo\/image\/","url":"https:\/\/3coty.com\/wp-content\/uploads\/2025\/05\/icon-3coty-logo.svg","contentUrl":"https:\/\/3coty.com\/wp-content\/uploads\/2025\/05\/icon-3coty-logo.svg","width":283,"height":283,"caption":"3coty\u00ae"},"image":{"@id":"https:\/\/3coty.com\/no\/#\/schema\/logo\/image\/"},"sameAs":["https:\/\/www.facebook.com\/3coty","https:\/\/x.com\/3cotyCom","https:\/\/www.instagram.com\/3coty","https:\/\/www.linkedin.com\/company\/3coty","https:\/\/www.youtube.com\/@3coty"]}]},"product_price_amount":"2.50","product_price_currency":"EUR","og_availability":"out of stock","product_availability":"out of stock","product_retailer_item_id":"080T 05DU \/ 5901785317282","product_condition":"new"},"_links":{"self":[{"href":"https:\/\/3coty.com\/no\/wp-json\/wp\/v2\/product\/33555","targetHints":{"allow":["GET"]}}],"collection":[{"href":"https:\/\/3coty.com\/no\/wp-json\/wp\/v2\/product"}],"about":[{"href":"https:\/\/3coty.com\/no\/wp-json\/wp\/v2\/types\/product"}],"version-history":[{"count":5,"href":"https:\/\/3coty.com\/no\/wp-json\/wp\/v2\/product\/33555\/revisions"}],"predecessor-version":[{"id":78333,"href":"https:\/\/3coty.com\/no\/wp-json\/wp\/v2\/product\/33555\/revisions\/78333"}],"wp:featuredmedia":[{"embeddable":true,"href":"https:\/\/3coty.com\/no\/wp-json\/wp\/v2\/media\/60769"}],"wp:attachment":[{"href":"https:\/\/3coty.com\/no\/wp-json\/wp\/v2\/media?parent=33555"}],"wp:term":[{"taxonomy":"product_brand","embeddable":true,"href":"https:\/\/3coty.com\/no\/wp-json\/wp\/v2\/product_brand?post=33555"},{"taxonomy":"product_cat","embeddable":true,"href":"https:\/\/3coty.com\/no\/wp-json\/wp\/v2\/product_cat?post=33555"},{"taxonomy":"product_tag","embeddable":true,"href":"https:\/\/3coty.com\/no\/wp-json\/wp\/v2\/product_tag?post=33555"}],"curies":[{"name":"wp","href":"https:\/\/api.w.org\/{rel}","templated":true}]}}