{"id":33539,"date":"2025-05-16T17:11:31","date_gmt":"2025-05-16T17:11:31","guid":{"rendered":"https:\/\/3coty.com\/p\/01-chicken-080\/"},"modified":"2026-03-28T11:47:50","modified_gmt":"2026-03-28T11:47:50","slug":"01-chicken-080","status":"publish","type":"product","link":"https:\/\/3coty.com\/no\/p\/01-chicken-080\/","title":{"rendered":"01. KYLLING 080"},"content":{"rendered":"<p><a href=\"https:\/\/3coty.com\/wp-content\/uploads\/2025\/07\/3coty-p-01-tab-1.svg\"><img fetchpriority=\"high\" decoding=\"async\" class=\"alignnone size-full wp-image-63218\" role=\"img\" src=\"https:\/\/3coty.com\/wp-content\/uploads\/2025\/07\/3coty-p-01-tab-1.svg\" alt=\"\" width=\"283\" height=\"283\" \/><\/a><\/p>\n<h2>NATURLIG OG KOMPLETT 3COTY\u00ae-KATTEF\u00d4R<\/h2>\n<p><strong>100 % NATURLIGE KJ\u00d8TTINGREDIENSER og animalske derivater tilberedt i sin egen n\u00e6ringsrike buljong<\/strong><\/p>\n<p>V\u00e5r hovedoppskrift er utviklet som et 100\u202f% kyllingbasert v\u00e5tf\u00f4r, komplett og balansert, og derfor ideelt for en eliminasjonsdiett til voksne katter. Det inneholder hjerter, muskelmage og lever, akkurat slik katter ville spist hvis de jaktet p\u00e5 byttet sitt i naturen. Raser som Abyssiner, Bengal og Maine Coon setter pris p\u00e5 hele kyllingen, ikke bare l\u00e5r og vinger. Dette er et monoproteinf\u00f4r tilberedt i sin egen buljong.<\/p>\n<p>Monoproteinf\u00f4r laget av 100 % kyllingkj\u00f8tt og innmat, ideelt for eliminasjonsdietter og foretrukket av katter som er vant til B.A.R.F.<\/p>\n","protected":false},"excerpt":{"rendered":"<p><a href=\"https:\/\/3coty.com\/wp-content\/uploads\/2025\/07\/3coty-p-01-description-1.svg\"><img decoding=\"async\" class=\"alignnone size-medium wp-image-63182\" role=\"img\" src=\"https:\/\/3coty.com\/wp-content\/uploads\/2025\/07\/3coty-p-01-description-1.svg\" alt=\"\" width=\"300\" height=\"300\" \/><\/a><\/p>\n<p><strong>FOR VOKSNE KATTER<\/strong> | PAT\u00c9 | MONOPROTEIN-KATTEF\u00d4R<\/p>\n<p><a href=\"https:\/\/3coty.com\/wp-content\/uploads\/2025\/07\/3coty-p-01-description-2.svg\"><img decoding=\"async\" class=\"alignnone size-full wp-image-63200\" role=\"img\" src=\"https:\/\/3coty.com\/wp-content\/uploads\/2025\/07\/3coty-p-01-description-2.svg\" alt=\"\" width=\"506\" height=\"85\" \/><\/a><\/p>\n","protected":false},"featured_media":63265,"template":"","meta":{"_acf_changed":false},"product_brand":[1952],"product_cat":[358],"product_tag":[752],"class_list":{"0":"post-33539","1":"product","2":"type-product","3":"status-publish","4":"has-post-thumbnail","6":"product_brand-3coty","7":"product_cat-for-adult-cats","8":"product_tag-01ch","10":"first","11":"instock","12":"featured","13":"taxable","14":"shipping-taxable","15":"purchasable","16":"product-type-simple"},"acf":[],"yoast_head":"<!-- This site is optimized with the Yoast SEO Premium plugin v27.4 (Yoast SEO v27.4) - https:\/\/yoast.com\/product\/yoast-seo-premium-wordpress\/ -->\n<title>01. KYLLING 080 (80 g) | For voksne katter | 3coty\u00ae Naturlig Kattemat 100% Kj\u00f8tt<\/title>\n<meta name=\"description\" content=\"Bes\u00f8k 3coty\u00ae-butikken for naturlig kattemat laget utelukkende av kj\u00f8tt og 100 % ferske ingredienser. Oppdag sunne oppskrifter som st\u00f8tter kattens velv\u00e6re i alle livsfaser.\" \/>\n<meta name=\"robots\" content=\"index, follow, max-snippet:-1, max-image-preview:large, max-video-preview:-1\" \/>\n<link rel=\"canonical\" href=\"https:\/\/3coty.com\/no\/p\/01-chicken-080\/\" \/>\n<meta property=\"og:locale\" content=\"nb_NO\" \/>\n<meta property=\"og:type\" content=\"article\" \/>\n<meta property=\"og:title\" content=\"01. KYLLING 080 (80 g) | For voksne katter | 3coty\u00ae Naturlig Kattemat 100% Kj\u00f8tt\" \/>\n<meta property=\"og:description\" content=\"Bes\u00f8k 3coty\u00ae-butikken for naturlig kattemat laget utelukkende av kj\u00f8tt og 100 % ferske ingredienser. Oppdag sunne oppskrifter som st\u00f8tter kattens velv\u00e6re i alle livsfaser.\" \/>\n<meta property=\"og:url\" content=\"https:\/\/3coty.com\/no\/p\/01-chicken-080\/\" \/>\n<meta property=\"og:site_name\" content=\"3coty\u00ae\" \/>\n<meta property=\"article:publisher\" content=\"https:\/\/www.facebook.com\/3coty\" \/>\n<meta property=\"article:modified_time\" content=\"2026-03-28T11:47:50+00:00\" \/>\n<meta property=\"og:image\" content=\"https:\/\/3coty.com\/wp-content\/uploads\/2025\/10\/3coty-01-chicken-080-meat-only-cat-food.jpg\" \/>\n\t<meta property=\"og:image:width\" content=\"1200\" \/>\n\t<meta property=\"og:image:height\" content=\"630\" \/>\n\t<meta property=\"og:image:type\" content=\"image\/jpeg\" \/>\n<meta name=\"twitter:card\" content=\"summary_large_image\" \/>\n<meta name=\"twitter:title\" content=\"01. KYLLING 080 (80 g) | For voksne katter | 3coty\u00ae Naturlig Kattemat 100% Kj\u00f8tt\" \/>\n<meta name=\"twitter:description\" content=\"Bes\u00f8k 3coty\u00ae-butikken for naturlig kattemat laget utelukkende av kj\u00f8tt og 100 % ferske ingredienser. Oppdag sunne oppskrifter som st\u00f8tter kattens velv\u00e6re i alle livsfaser.\" \/>\n<meta name=\"twitter:image\" content=\"https:\/\/3coty.com\/wp-content\/uploads\/2025\/10\/3coty-01-chicken-080-meat-only-cat-food.jpg\" \/>\n<meta name=\"twitter:site\" content=\"@3cotyCom\" \/>\n<meta name=\"twitter:label1\" content=\"Price\" \/>\n\t<meta name=\"twitter:data1\" content=\"\u20ac&nbsp;2.00\" \/>\n\t<meta name=\"twitter:label2\" content=\"Availability\" \/>\n\t<meta name=\"twitter:data2\" content=\"In stock\" \/>\n<script type=\"application\/ld+json\" class=\"yoast-schema-graph\">{\"@context\":\"https:\\\/\\\/schema.org\",\"@graph\":[{\"@type\":\"WebPage\",\"@id\":\"https:\\\/\\\/3coty.com\\\/no\\\/p\\\/01-chicken-080\\\/\",\"url\":\"https:\\\/\\\/3coty.com\\\/no\\\/p\\\/01-chicken-080\\\/\",\"name\":\"01. KYLLING 080 (80 g) | For voksne katter | 3coty\u00ae Naturlig Kattemat 100% Kj\u00f8tt\",\"isPartOf\":{\"@id\":\"https:\\\/\\\/3coty.com\\\/no\\\/#website\"},\"primaryImageOfPage\":{\"@id\":\"https:\\\/\\\/3coty.com\\\/no\\\/p\\\/01-chicken-080\\\/#primaryimage\"},\"image\":{\"@id\":\"https:\\\/\\\/3coty.com\\\/no\\\/p\\\/01-chicken-080\\\/#primaryimage\"},\"thumbnailUrl\":\"https:\\\/\\\/3coty.com\\\/wp-content\\\/uploads\\\/2025\\\/07\\\/3coty-p-01-080-01.jpg\",\"datePublished\":\"2025-05-16T17:11:31+00:00\",\"dateModified\":\"2026-03-28T11:47:50+00:00\",\"description\":\"Bes\u00f8k 3coty\u00ae-butikken for naturlig kattemat laget utelukkende av kj\u00f8tt og 100 % ferske ingredienser. Oppdag sunne oppskrifter som st\u00f8tter kattens velv\u00e6re i alle livsfaser.\",\"breadcrumb\":{\"@id\":\"https:\\\/\\\/3coty.com\\\/no\\\/p\\\/01-chicken-080\\\/#breadcrumb\"},\"inLanguage\":\"nb-NO\",\"potentialAction\":[{\"@type\":\"ReadAction\",\"target\":[\"https:\\\/\\\/3coty.com\\\/no\\\/p\\\/01-chicken-080\\\/\"]}]},{\"@type\":\"ImageObject\",\"inLanguage\":\"nb-NO\",\"@id\":\"https:\\\/\\\/3coty.com\\\/no\\\/p\\\/01-chicken-080\\\/#primaryimage\",\"url\":\"https:\\\/\\\/3coty.com\\\/wp-content\\\/uploads\\\/2025\\\/07\\\/3coty-p-01-080-01.jpg\",\"contentUrl\":\"https:\\\/\\\/3coty.com\\\/wp-content\\\/uploads\\\/2025\\\/07\\\/3coty-p-01-080-01.jpg\",\"width\":1024,\"height\":1024},{\"@type\":\"BreadcrumbList\",\"@id\":\"https:\\\/\\\/3coty.com\\\/no\\\/p\\\/01-chicken-080\\\/#breadcrumb\",\"itemListElement\":[{\"@type\":\"ListItem\",\"position\":1,\"name\":\"Home\",\"item\":\"https:\\\/\\\/3coty.com\\\/no\\\/\"},{\"@type\":\"ListItem\",\"position\":2,\"name\":\"BUTIKK\",\"item\":\"https:\\\/\\\/3coty.com\\\/no\\\/shop\\\/\"},{\"@type\":\"ListItem\",\"position\":3,\"name\":\"01. KYLLING 080\"}]},{\"@type\":\"WebSite\",\"@id\":\"https:\\\/\\\/3coty.com\\\/no\\\/#website\",\"url\":\"https:\\\/\\\/3coty.com\\\/no\\\/\",\"name\":\"3coty\u00ae\",\"description\":\"Meat-only Cat Food\",\"publisher\":{\"@id\":\"https:\\\/\\\/3coty.com\\\/no\\\/#organization\"},\"potentialAction\":[{\"@type\":\"SearchAction\",\"target\":{\"@type\":\"EntryPoint\",\"urlTemplate\":\"https:\\\/\\\/3coty.com\\\/no\\\/?s={search_term_string}\"},\"query-input\":{\"@type\":\"PropertyValueSpecification\",\"valueRequired\":true,\"valueName\":\"search_term_string\"}}],\"inLanguage\":\"nb-NO\"},{\"@type\":\"Organization\",\"@id\":\"https:\\\/\\\/3coty.com\\\/no\\\/#organization\",\"name\":\"3coty\u00ae\",\"alternateName\":\"3coty\",\"url\":\"https:\\\/\\\/3coty.com\\\/no\\\/\",\"logo\":{\"@type\":\"ImageObject\",\"inLanguage\":\"nb-NO\",\"@id\":\"https:\\\/\\\/3coty.com\\\/no\\\/#\\\/schema\\\/logo\\\/image\\\/\",\"url\":\"https:\\\/\\\/3coty.com\\\/wp-content\\\/uploads\\\/2025\\\/05\\\/icon-3coty-logo.svg\",\"contentUrl\":\"https:\\\/\\\/3coty.com\\\/wp-content\\\/uploads\\\/2025\\\/05\\\/icon-3coty-logo.svg\",\"width\":283,\"height\":283,\"caption\":\"3coty\u00ae\"},\"image\":{\"@id\":\"https:\\\/\\\/3coty.com\\\/no\\\/#\\\/schema\\\/logo\\\/image\\\/\"},\"sameAs\":[\"https:\\\/\\\/www.facebook.com\\\/3coty\",\"https:\\\/\\\/x.com\\\/3cotyCom\",\"https:\\\/\\\/www.instagram.com\\\/3coty\",\"https:\\\/\\\/www.linkedin.com\\\/company\\\/3coty\",\"https:\\\/\\\/www.youtube.com\\\/@3coty\"]}]}<\/script>\n<meta property=\"product:price:amount\" content=\"2.00\" \/>\n<meta property=\"product:price:currency\" content=\"EUR\" \/>\n<meta property=\"og:availability\" content=\"instock\" \/>\n<meta property=\"product:availability\" content=\"instock\" \/>\n<meta property=\"product:retailer_item_id\" content=\"080T 01CH \/ 5901785315813\" \/>\n<meta property=\"product:condition\" content=\"new\" \/>\n<!-- \/ Yoast SEO Premium plugin. -->","yoast_head_json":{"title":"01. KYLLING 080 (80 g) | For voksne katter | 3coty\u00ae Naturlig Kattemat 100% Kj\u00f8tt","description":"Bes\u00f8k 3coty\u00ae-butikken for naturlig kattemat laget utelukkende av kj\u00f8tt og 100 % ferske ingredienser. Oppdag sunne oppskrifter som st\u00f8tter kattens velv\u00e6re i alle livsfaser.","robots":{"index":"index","follow":"follow","max-snippet":"max-snippet:-1","max-image-preview":"max-image-preview:large","max-video-preview":"max-video-preview:-1"},"canonical":"https:\/\/3coty.com\/no\/p\/01-chicken-080\/","og_locale":"nb_NO","og_type":"article","og_title":"01. KYLLING 080 (80 g) | For voksne katter | 3coty\u00ae Naturlig Kattemat 100% Kj\u00f8tt","og_description":"Bes\u00f8k 3coty\u00ae-butikken for naturlig kattemat laget utelukkende av kj\u00f8tt og 100 % ferske ingredienser. Oppdag sunne oppskrifter som st\u00f8tter kattens velv\u00e6re i alle livsfaser.","og_url":"https:\/\/3coty.com\/no\/p\/01-chicken-080\/","og_site_name":"3coty\u00ae","article_publisher":"https:\/\/www.facebook.com\/3coty","article_modified_time":"2026-03-28T11:47:50+00:00","og_image":[{"width":1200,"height":630,"url":"https:\/\/3coty.com\/wp-content\/uploads\/2025\/10\/3coty-01-chicken-080-meat-only-cat-food.jpg","type":"image\/jpeg"}],"twitter_card":"summary_large_image","twitter_title":"01. KYLLING 080 (80 g) | For voksne katter | 3coty\u00ae Naturlig Kattemat 100% Kj\u00f8tt","twitter_description":"Bes\u00f8k 3coty\u00ae-butikken for naturlig kattemat laget utelukkende av kj\u00f8tt og 100 % ferske ingredienser. Oppdag sunne oppskrifter som st\u00f8tter kattens velv\u00e6re i alle livsfaser.","twitter_image":"https:\/\/3coty.com\/wp-content\/uploads\/2025\/10\/3coty-01-chicken-080-meat-only-cat-food.jpg","twitter_site":"@3cotyCom","twitter_misc":{"Price":"\u20ac&nbsp;2.00","Availability":"In stock"},"schema":{"@context":"https:\/\/schema.org","@graph":[{"@type":"WebPage","@id":"https:\/\/3coty.com\/no\/p\/01-chicken-080\/","url":"https:\/\/3coty.com\/no\/p\/01-chicken-080\/","name":"01. KYLLING 080 (80 g) | For voksne katter | 3coty\u00ae Naturlig Kattemat 100% Kj\u00f8tt","isPartOf":{"@id":"https:\/\/3coty.com\/no\/#website"},"primaryImageOfPage":{"@id":"https:\/\/3coty.com\/no\/p\/01-chicken-080\/#primaryimage"},"image":{"@id":"https:\/\/3coty.com\/no\/p\/01-chicken-080\/#primaryimage"},"thumbnailUrl":"https:\/\/3coty.com\/wp-content\/uploads\/2025\/07\/3coty-p-01-080-01.jpg","datePublished":"2025-05-16T17:11:31+00:00","dateModified":"2026-03-28T11:47:50+00:00","description":"Bes\u00f8k 3coty\u00ae-butikken for naturlig kattemat laget utelukkende av kj\u00f8tt og 100 % ferske ingredienser. Oppdag sunne oppskrifter som st\u00f8tter kattens velv\u00e6re i alle livsfaser.","breadcrumb":{"@id":"https:\/\/3coty.com\/no\/p\/01-chicken-080\/#breadcrumb"},"inLanguage":"nb-NO","potentialAction":[{"@type":"ReadAction","target":["https:\/\/3coty.com\/no\/p\/01-chicken-080\/"]}]},{"@type":"ImageObject","inLanguage":"nb-NO","@id":"https:\/\/3coty.com\/no\/p\/01-chicken-080\/#primaryimage","url":"https:\/\/3coty.com\/wp-content\/uploads\/2025\/07\/3coty-p-01-080-01.jpg","contentUrl":"https:\/\/3coty.com\/wp-content\/uploads\/2025\/07\/3coty-p-01-080-01.jpg","width":1024,"height":1024},{"@type":"BreadcrumbList","@id":"https:\/\/3coty.com\/no\/p\/01-chicken-080\/#breadcrumb","itemListElement":[{"@type":"ListItem","position":1,"name":"Home","item":"https:\/\/3coty.com\/no\/"},{"@type":"ListItem","position":2,"name":"BUTIKK","item":"https:\/\/3coty.com\/no\/shop\/"},{"@type":"ListItem","position":3,"name":"01. KYLLING 080"}]},{"@type":"WebSite","@id":"https:\/\/3coty.com\/no\/#website","url":"https:\/\/3coty.com\/no\/","name":"3coty\u00ae","description":"Meat-only Cat Food","publisher":{"@id":"https:\/\/3coty.com\/no\/#organization"},"potentialAction":[{"@type":"SearchAction","target":{"@type":"EntryPoint","urlTemplate":"https:\/\/3coty.com\/no\/?s={search_term_string}"},"query-input":{"@type":"PropertyValueSpecification","valueRequired":true,"valueName":"search_term_string"}}],"inLanguage":"nb-NO"},{"@type":"Organization","@id":"https:\/\/3coty.com\/no\/#organization","name":"3coty\u00ae","alternateName":"3coty","url":"https:\/\/3coty.com\/no\/","logo":{"@type":"ImageObject","inLanguage":"nb-NO","@id":"https:\/\/3coty.com\/no\/#\/schema\/logo\/image\/","url":"https:\/\/3coty.com\/wp-content\/uploads\/2025\/05\/icon-3coty-logo.svg","contentUrl":"https:\/\/3coty.com\/wp-content\/uploads\/2025\/05\/icon-3coty-logo.svg","width":283,"height":283,"caption":"3coty\u00ae"},"image":{"@id":"https:\/\/3coty.com\/no\/#\/schema\/logo\/image\/"},"sameAs":["https:\/\/www.facebook.com\/3coty","https:\/\/x.com\/3cotyCom","https:\/\/www.instagram.com\/3coty","https:\/\/www.linkedin.com\/company\/3coty","https:\/\/www.youtube.com\/@3coty"]}]},"product_price_amount":"2.00","product_price_currency":"EUR","og_availability":"instock","product_availability":"instock","product_retailer_item_id":"080T 01CH \/ 5901785315813","product_condition":"new"},"_links":{"self":[{"href":"https:\/\/3coty.com\/no\/wp-json\/wp\/v2\/product\/33539","targetHints":{"allow":["GET"]}}],"collection":[{"href":"https:\/\/3coty.com\/no\/wp-json\/wp\/v2\/product"}],"about":[{"href":"https:\/\/3coty.com\/no\/wp-json\/wp\/v2\/types\/product"}],"version-history":[{"count":4,"href":"https:\/\/3coty.com\/no\/wp-json\/wp\/v2\/product\/33539\/revisions"}],"predecessor-version":[{"id":37448,"href":"https:\/\/3coty.com\/no\/wp-json\/wp\/v2\/product\/33539\/revisions\/37448"}],"wp:featuredmedia":[{"embeddable":true,"href":"https:\/\/3coty.com\/no\/wp-json\/wp\/v2\/media\/63265"}],"wp:attachment":[{"href":"https:\/\/3coty.com\/no\/wp-json\/wp\/v2\/media?parent=33539"}],"wp:term":[{"taxonomy":"product_brand","embeddable":true,"href":"https:\/\/3coty.com\/no\/wp-json\/wp\/v2\/product_brand?post=33539"},{"taxonomy":"product_cat","embeddable":true,"href":"https:\/\/3coty.com\/no\/wp-json\/wp\/v2\/product_cat?post=33539"},{"taxonomy":"product_tag","embeddable":true,"href":"https:\/\/3coty.com\/no\/wp-json\/wp\/v2\/product_tag?post=33539"}],"curies":[{"name":"wp","href":"https:\/\/api.w.org\/{rel}","templated":true}]}}