{"id":34514,"date":"2025-05-23T12:19:28","date_gmt":"2025-05-23T12:19:28","guid":{"rendered":"https:\/\/3coty.com\/p\/08-turkey-080\/"},"modified":"2026-04-21T07:58:10","modified_gmt":"2026-04-21T07:58:10","slug":"08-turkey-080","status":"publish","type":"product","link":"https:\/\/3coty.com\/nl\/p\/08-turkey-080\/","title":{"rendered":"08. KALKOEN 080"},"content":{"rendered":"<p><a href=\"https:\/\/3coty.com\/wp-content\/uploads\/2025\/07\/3coty-p-08-tab-1.svg\"><img fetchpriority=\"high\" decoding=\"async\" class=\"alignnone size-full wp-image-58452\" role=\"img\" src=\"https:\/\/3coty.com\/wp-content\/uploads\/2025\/07\/3coty-p-08-tab-1.svg\" alt=\"\" width=\"283\" height=\"283\" \/><\/a><\/p>\n<h2>NATUURLIJK EN VOLLEDIG 3COTY\u00ae-KATTENVOER<\/h2>\n<p><strong>99,5% NATUURLIJKE VLEESINGREDI\u00cbNTEN en dierlijke bijproducten, bereid in zijn eigen voedzame bouillon, 0,5% SPIRULINA<\/strong><\/p>\n<p>Deze natuurlijke natvoeding met kalkoen en spirulina levert alle essenti\u00eble voedingsstoffen in \u00e9\u00e9n blikje. Spirulina ondersteunt het immuunsysteem van herstellende katten en geeft het voer een subtiel groene kleur. Kalkoen is een uitstekende eiwitbron voor een eliminatiedieet, en de magere stukjes maken het geschikt voor katten met diabetes.<\/p>\n<p>Verrijkt met spirulina is deze monoprote\u00efne kalkoensmaak in pat\u00e9structuur ideaal voor een eliminatiedieet.<\/p>\n","protected":false},"excerpt":{"rendered":"<p><a href=\"https:\/\/3coty.com\/wp-content\/uploads\/2025\/07\/3coty-p-08-description-1.svg\"><img decoding=\"async\" class=\"alignnone size-medium wp-image-58416\" role=\"img\" src=\"https:\/\/3coty.com\/wp-content\/uploads\/2025\/07\/3coty-p-08-description-1.svg\" alt=\"\" width=\"300\" height=\"300\" \/><\/a><\/p>\n<p><strong>VOOR VOLWASSEN KATTEN<\/strong> | PAT\u00c9 | MONO-EIWIT KATTENVOEDING<br \/>\n<strong>MET SPIRULINA<\/strong><\/p>\n<p><a href=\"https:\/\/3coty.com\/wp-content\/uploads\/2025\/07\/3coty-p-08-description-2.svg\"><img decoding=\"async\" class=\"alignnone size-full wp-image-58434\" role=\"img\" src=\"https:\/\/3coty.com\/wp-content\/uploads\/2025\/07\/3coty-p-08-description-2.svg\" alt=\"\" width=\"506\" height=\"85\" \/><\/a><\/p>\n","protected":false},"featured_media":58491,"template":"","meta":{"_acf_changed":false},"product_brand":[],"product_cat":[365],"product_tag":[854],"class_list":{"0":"post-34514","1":"product","2":"type-product","3":"status-publish","4":"has-post-thumbnail","6":"product_cat-for-adult-cats","7":"product_tag-08tu","9":"first","10":"instock","11":"featured","12":"taxable","13":"shipping-taxable","14":"purchasable","15":"product-type-simple"},"acf":[],"yoast_head":"<!-- This site is optimized with the Yoast SEO Premium plugin v27.4 (Yoast SEO v27.4) - https:\/\/yoast.com\/product\/yoast-seo-premium-wordpress\/ -->\n<title>08. KALKOEN 080 - 3coty\u00ae<\/title>\n<meta name=\"robots\" content=\"index, follow, max-snippet:-1, max-image-preview:large, max-video-preview:-1\" \/>\n<link rel=\"canonical\" href=\"https:\/\/3coty.com\/nl\/p\/08-turkey-080\/\" \/>\n<meta property=\"og:locale\" content=\"nl_NL\" \/>\n<meta property=\"og:type\" content=\"article\" \/>\n<meta property=\"og:title\" content=\"08. KALKOEN 080\" \/>\n<meta property=\"og:description\" content=\"VOOR VOLWASSEN KATTEN | PAT\u00c9 | MONO-EIWIT KATTENVOEDING MET SPIRULINA\" \/>\n<meta property=\"og:url\" content=\"https:\/\/3coty.com\/nl\/p\/08-turkey-080\/\" \/>\n<meta property=\"og:site_name\" content=\"3coty\u00ae\" \/>\n<meta property=\"article:publisher\" content=\"https:\/\/www.facebook.com\/3coty\" \/>\n<meta property=\"article:modified_time\" content=\"2026-04-21T07:58:10+00:00\" \/>\n<meta property=\"og:image\" content=\"https:\/\/3coty.com\/wp-content\/uploads\/2025\/07\/3coty-p-08-080-01.jpg\" \/>\n\t<meta property=\"og:image:width\" content=\"1024\" \/>\n\t<meta property=\"og:image:height\" content=\"1024\" \/>\n\t<meta property=\"og:image:type\" content=\"image\/jpeg\" \/>\n<meta name=\"twitter:card\" content=\"summary_large_image\" \/>\n<meta name=\"twitter:site\" content=\"@3cotyCom\" \/>\n<meta name=\"twitter:label1\" content=\"Prijs\" \/>\n\t<meta name=\"twitter:data1\" content=\"\u20ac&nbsp;2.00\" \/>\n\t<meta name=\"twitter:label2\" content=\"Beschikbaarheid\" \/>\n\t<meta name=\"twitter:data2\" content=\"Op voorraad\" \/>\n<script type=\"application\/ld+json\" class=\"yoast-schema-graph\">{\"@context\":\"https:\\\/\\\/schema.org\",\"@graph\":[{\"@type\":\"WebPage\",\"@id\":\"https:\\\/\\\/3coty.com\\\/nl\\\/p\\\/08-turkey-080\\\/\",\"url\":\"https:\\\/\\\/3coty.com\\\/nl\\\/p\\\/08-turkey-080\\\/\",\"name\":\"08. KALKOEN 080 - 3coty\u00ae\",\"isPartOf\":{\"@id\":\"https:\\\/\\\/3coty.com\\\/nl\\\/#website\"},\"primaryImageOfPage\":{\"@id\":\"https:\\\/\\\/3coty.com\\\/nl\\\/p\\\/08-turkey-080\\\/#primaryimage\"},\"image\":{\"@id\":\"https:\\\/\\\/3coty.com\\\/nl\\\/p\\\/08-turkey-080\\\/#primaryimage\"},\"thumbnailUrl\":\"https:\\\/\\\/3coty.com\\\/wp-content\\\/uploads\\\/2025\\\/07\\\/3coty-p-08-080-01.jpg\",\"datePublished\":\"2025-05-23T12:19:28+00:00\",\"dateModified\":\"2026-04-21T07:58:10+00:00\",\"breadcrumb\":{\"@id\":\"https:\\\/\\\/3coty.com\\\/nl\\\/p\\\/08-turkey-080\\\/#breadcrumb\"},\"inLanguage\":\"nl-NL\",\"potentialAction\":[{\"@type\":\"ReadAction\",\"target\":[\"https:\\\/\\\/3coty.com\\\/nl\\\/p\\\/08-turkey-080\\\/\"]}]},{\"@type\":\"ImageObject\",\"inLanguage\":\"nl-NL\",\"@id\":\"https:\\\/\\\/3coty.com\\\/nl\\\/p\\\/08-turkey-080\\\/#primaryimage\",\"url\":\"https:\\\/\\\/3coty.com\\\/wp-content\\\/uploads\\\/2025\\\/07\\\/3coty-p-08-080-01.jpg\",\"contentUrl\":\"https:\\\/\\\/3coty.com\\\/wp-content\\\/uploads\\\/2025\\\/07\\\/3coty-p-08-080-01.jpg\",\"width\":1024,\"height\":1024},{\"@type\":\"BreadcrumbList\",\"@id\":\"https:\\\/\\\/3coty.com\\\/nl\\\/p\\\/08-turkey-080\\\/#breadcrumb\",\"itemListElement\":[{\"@type\":\"ListItem\",\"position\":1,\"name\":\"Home\",\"item\":\"https:\\\/\\\/3coty.com\\\/nl\\\/\"},{\"@type\":\"ListItem\",\"position\":2,\"name\":\"WINKEL\",\"item\":\"https:\\\/\\\/3coty.com\\\/nl\\\/shop\\\/\"},{\"@type\":\"ListItem\",\"position\":3,\"name\":\"08. KALKOEN 080\"}]},{\"@type\":\"WebSite\",\"@id\":\"https:\\\/\\\/3coty.com\\\/nl\\\/#website\",\"url\":\"https:\\\/\\\/3coty.com\\\/nl\\\/\",\"name\":\"3coty\u00ae\",\"description\":\"Meat-only Cat Food\",\"publisher\":{\"@id\":\"https:\\\/\\\/3coty.com\\\/nl\\\/#organization\"},\"potentialAction\":[{\"@type\":\"SearchAction\",\"target\":{\"@type\":\"EntryPoint\",\"urlTemplate\":\"https:\\\/\\\/3coty.com\\\/nl\\\/?s={search_term_string}\"},\"query-input\":{\"@type\":\"PropertyValueSpecification\",\"valueRequired\":true,\"valueName\":\"search_term_string\"}}],\"inLanguage\":\"nl-NL\"},{\"@type\":\"Organization\",\"@id\":\"https:\\\/\\\/3coty.com\\\/nl\\\/#organization\",\"name\":\"3coty\u00ae\",\"alternateName\":\"3coty\",\"url\":\"https:\\\/\\\/3coty.com\\\/nl\\\/\",\"logo\":{\"@type\":\"ImageObject\",\"inLanguage\":\"nl-NL\",\"@id\":\"https:\\\/\\\/3coty.com\\\/nl\\\/#\\\/schema\\\/logo\\\/image\\\/\",\"url\":\"https:\\\/\\\/3coty.com\\\/wp-content\\\/uploads\\\/2025\\\/05\\\/icon-3coty-logo.svg\",\"contentUrl\":\"https:\\\/\\\/3coty.com\\\/wp-content\\\/uploads\\\/2025\\\/05\\\/icon-3coty-logo.svg\",\"width\":283,\"height\":283,\"caption\":\"3coty\u00ae\"},\"image\":{\"@id\":\"https:\\\/\\\/3coty.com\\\/nl\\\/#\\\/schema\\\/logo\\\/image\\\/\"},\"sameAs\":[\"https:\\\/\\\/www.facebook.com\\\/3coty\",\"https:\\\/\\\/x.com\\\/3cotyCom\",\"https:\\\/\\\/www.instagram.com\\\/3coty\",\"https:\\\/\\\/www.linkedin.com\\\/company\\\/3coty\",\"https:\\\/\\\/www.youtube.com\\\/@3coty\"]}]}<\/script>\n<meta property=\"product:price:amount\" content=\"2.00\" \/>\n<meta property=\"product:price:currency\" content=\"EUR\" \/>\n<meta property=\"og:availability\" content=\"instock\" \/>\n<meta property=\"product:availability\" content=\"instock\" \/>\n<meta property=\"product:retailer_item_id\" content=\"080T 08TU \/ 5901785317336\" \/>\n<meta property=\"product:condition\" content=\"new\" \/>\n<!-- \/ Yoast SEO Premium plugin. -->","yoast_head_json":{"title":"08. KALKOEN 080 - 3coty\u00ae","robots":{"index":"index","follow":"follow","max-snippet":"max-snippet:-1","max-image-preview":"max-image-preview:large","max-video-preview":"max-video-preview:-1"},"canonical":"https:\/\/3coty.com\/nl\/p\/08-turkey-080\/","og_locale":"nl_NL","og_type":"article","og_title":"08. KALKOEN 080","og_description":"VOOR VOLWASSEN KATTEN | PAT\u00c9 | MONO-EIWIT KATTENVOEDING MET SPIRULINA","og_url":"https:\/\/3coty.com\/nl\/p\/08-turkey-080\/","og_site_name":"3coty\u00ae","article_publisher":"https:\/\/www.facebook.com\/3coty","article_modified_time":"2026-04-21T07:58:10+00:00","og_image":[{"width":1024,"height":1024,"url":"https:\/\/3coty.com\/wp-content\/uploads\/2025\/07\/3coty-p-08-080-01.jpg","type":"image\/jpeg"}],"twitter_card":"summary_large_image","twitter_site":"@3cotyCom","twitter_misc":{"Prijs":"\u20ac&nbsp;2.00","Beschikbaarheid":"Op voorraad"},"schema":{"@context":"https:\/\/schema.org","@graph":[{"@type":"WebPage","@id":"https:\/\/3coty.com\/nl\/p\/08-turkey-080\/","url":"https:\/\/3coty.com\/nl\/p\/08-turkey-080\/","name":"08. KALKOEN 080 - 3coty\u00ae","isPartOf":{"@id":"https:\/\/3coty.com\/nl\/#website"},"primaryImageOfPage":{"@id":"https:\/\/3coty.com\/nl\/p\/08-turkey-080\/#primaryimage"},"image":{"@id":"https:\/\/3coty.com\/nl\/p\/08-turkey-080\/#primaryimage"},"thumbnailUrl":"https:\/\/3coty.com\/wp-content\/uploads\/2025\/07\/3coty-p-08-080-01.jpg","datePublished":"2025-05-23T12:19:28+00:00","dateModified":"2026-04-21T07:58:10+00:00","breadcrumb":{"@id":"https:\/\/3coty.com\/nl\/p\/08-turkey-080\/#breadcrumb"},"inLanguage":"nl-NL","potentialAction":[{"@type":"ReadAction","target":["https:\/\/3coty.com\/nl\/p\/08-turkey-080\/"]}]},{"@type":"ImageObject","inLanguage":"nl-NL","@id":"https:\/\/3coty.com\/nl\/p\/08-turkey-080\/#primaryimage","url":"https:\/\/3coty.com\/wp-content\/uploads\/2025\/07\/3coty-p-08-080-01.jpg","contentUrl":"https:\/\/3coty.com\/wp-content\/uploads\/2025\/07\/3coty-p-08-080-01.jpg","width":1024,"height":1024},{"@type":"BreadcrumbList","@id":"https:\/\/3coty.com\/nl\/p\/08-turkey-080\/#breadcrumb","itemListElement":[{"@type":"ListItem","position":1,"name":"Home","item":"https:\/\/3coty.com\/nl\/"},{"@type":"ListItem","position":2,"name":"WINKEL","item":"https:\/\/3coty.com\/nl\/shop\/"},{"@type":"ListItem","position":3,"name":"08. KALKOEN 080"}]},{"@type":"WebSite","@id":"https:\/\/3coty.com\/nl\/#website","url":"https:\/\/3coty.com\/nl\/","name":"3coty\u00ae","description":"Meat-only Cat Food","publisher":{"@id":"https:\/\/3coty.com\/nl\/#organization"},"potentialAction":[{"@type":"SearchAction","target":{"@type":"EntryPoint","urlTemplate":"https:\/\/3coty.com\/nl\/?s={search_term_string}"},"query-input":{"@type":"PropertyValueSpecification","valueRequired":true,"valueName":"search_term_string"}}],"inLanguage":"nl-NL"},{"@type":"Organization","@id":"https:\/\/3coty.com\/nl\/#organization","name":"3coty\u00ae","alternateName":"3coty","url":"https:\/\/3coty.com\/nl\/","logo":{"@type":"ImageObject","inLanguage":"nl-NL","@id":"https:\/\/3coty.com\/nl\/#\/schema\/logo\/image\/","url":"https:\/\/3coty.com\/wp-content\/uploads\/2025\/05\/icon-3coty-logo.svg","contentUrl":"https:\/\/3coty.com\/wp-content\/uploads\/2025\/05\/icon-3coty-logo.svg","width":283,"height":283,"caption":"3coty\u00ae"},"image":{"@id":"https:\/\/3coty.com\/nl\/#\/schema\/logo\/image\/"},"sameAs":["https:\/\/www.facebook.com\/3coty","https:\/\/x.com\/3cotyCom","https:\/\/www.instagram.com\/3coty","https:\/\/www.linkedin.com\/company\/3coty","https:\/\/www.youtube.com\/@3coty"]}]},"product_price_amount":"2.00","product_price_currency":"EUR","og_availability":"instock","product_availability":"instock","product_retailer_item_id":"080T 08TU \/ 5901785317336","product_condition":"new"},"_links":{"self":[{"href":"https:\/\/3coty.com\/nl\/wp-json\/wp\/v2\/product\/34514","targetHints":{"allow":["GET"]}}],"collection":[{"href":"https:\/\/3coty.com\/nl\/wp-json\/wp\/v2\/product"}],"about":[{"href":"https:\/\/3coty.com\/nl\/wp-json\/wp\/v2\/types\/product"}],"version-history":[{"count":4,"href":"https:\/\/3coty.com\/nl\/wp-json\/wp\/v2\/product\/34514\/revisions"}],"predecessor-version":[{"id":58923,"href":"https:\/\/3coty.com\/nl\/wp-json\/wp\/v2\/product\/34514\/revisions\/58923"}],"wp:featuredmedia":[{"embeddable":true,"href":"https:\/\/3coty.com\/nl\/wp-json\/wp\/v2\/media\/58491"}],"wp:attachment":[{"href":"https:\/\/3coty.com\/nl\/wp-json\/wp\/v2\/media?parent=34514"}],"wp:term":[{"taxonomy":"product_brand","embeddable":true,"href":"https:\/\/3coty.com\/nl\/wp-json\/wp\/v2\/product_brand?post=34514"},{"taxonomy":"product_cat","embeddable":true,"href":"https:\/\/3coty.com\/nl\/wp-json\/wp\/v2\/product_cat?post=34514"},{"taxonomy":"product_tag","embeddable":true,"href":"https:\/\/3coty.com\/nl\/wp-json\/wp\/v2\/product_tag?post=34514"}],"curies":[{"name":"wp","href":"https:\/\/api.w.org\/{rel}","templated":true}]}}