{"id":34482,"date":"2025-05-19T18:06:07","date_gmt":"2025-05-19T18:06:07","guid":{"rendered":"https:\/\/3coty.com\/p\/04-turkey-080\/"},"modified":"2026-03-12T09:54:29","modified_gmt":"2026-03-12T09:54:29","slug":"04-turkey-080","status":"publish","type":"product","link":"https:\/\/3coty.com\/nl\/p\/04-turkey-080\/","title":{"rendered":"04. KALKOEN 080"},"content":{"rendered":"<p><a href=\"https:\/\/3coty.com\/wp-content\/uploads\/2025\/07\/3coty-p-04-tab-1.svg\"><img fetchpriority=\"high\" decoding=\"async\" class=\"alignnone size-full wp-image-61345\" role=\"img\" src=\"https:\/\/3coty.com\/wp-content\/uploads\/2025\/07\/3coty-p-04-tab-1.svg\" alt=\"\" width=\"283\" height=\"283\" \/><\/a><\/p>\n<h2>NATUURLIJK EN VOLLEDIG 3COTY\u00ae-KATTENVOER<\/h2>\n<p><strong>100% NATUURLIJKE VLEESINGREDI\u00cbNTEN en dierlijke bijproducten, bereid in zijn eigen voedzame bouillon<\/strong><\/p>\n<p>Dit 100% kalkoenproduct is een natuurlijk, volledig en uitgebalanceerd natvoer dat qua smaak lijkt op kip, en kan worden gebruikt als monoprote\u00efne eliminatiedieet bij een vermoede kipallergie. Dit kattenvoer met beperkte ingredi\u00ebnten is gemaakt van kalkoenbouten, halzen en orgaanvlees. Bevat geen toegevoegde geur-, kleur- of smaakstoffen.<\/p>\n<p>Ideaal eliminatiedieet voor katten met een kipallergie. 100% kalkoen monoprote\u00efne met een vertrouwde, milde smaak uit donker vlees.<\/p>\n","protected":false},"excerpt":{"rendered":"<p><a href=\"https:\/\/3coty.com\/wp-content\/uploads\/2025\/07\/3coty-p-04-description-1.svg\"><img decoding=\"async\" class=\"alignnone size-medium wp-image-61309\" role=\"img\" src=\"https:\/\/3coty.com\/wp-content\/uploads\/2025\/07\/3coty-p-04-description-1.svg\" alt=\"\" width=\"300\" height=\"300\" \/><\/a><\/p>\n<p><strong>VOOR VOLWASSEN KATTEN<\/strong> | PAT\u00c9 | MONO-EIWIT KATTENVOEDING<\/p>\n<p><a href=\"https:\/\/3coty.com\/wp-content\/uploads\/2025\/07\/3coty-p-04-description-2.svg\"><img decoding=\"async\" class=\"alignnone size-full wp-image-61327\" role=\"img\" src=\"https:\/\/3coty.com\/wp-content\/uploads\/2025\/07\/3coty-p-04-description-2.svg\" alt=\"\" width=\"506\" height=\"85\" \/><\/a><\/p>\n","protected":false},"featured_media":61384,"template":"","meta":{"_acf_changed":false},"product_brand":[1952],"product_cat":[365],"product_tag":[794],"class_list":{"0":"post-34482","1":"product","2":"type-product","3":"status-publish","4":"has-post-thumbnail","6":"product_brand-3coty","7":"product_cat-for-adult-cats","8":"product_tag-04tu","10":"first","11":"instock","12":"featured","13":"taxable","14":"shipping-taxable","15":"purchasable","16":"product-type-simple"},"acf":[],"yoast_head":"<!-- This site is optimized with the Yoast SEO Premium plugin v27.3 (Yoast SEO v27.3) - https:\/\/yoast.com\/product\/yoast-seo-premium-wordpress\/ -->\n<title>04. KALKOEN 080 (80g) | Voor Volwassen Katten | 3coty\u00ae Natuurlijk Kattenvoer 100% Vlees<\/title>\n<meta name=\"description\" content=\"100% monoprote\u00efne natvoer met kalkoen voor eliminatiedi\u00ebten zonder de smaak te veranderen. Recept met beperkte ingredi\u00ebnten van donker vlees en orgaanvlees.\" \/>\n<meta name=\"robots\" content=\"index, follow, max-snippet:-1, max-image-preview:large, max-video-preview:-1\" \/>\n<link rel=\"canonical\" href=\"https:\/\/3coty.com\/nl\/p\/04-turkey-080\/\" \/>\n<meta property=\"og:locale\" content=\"nl_NL\" \/>\n<meta property=\"og:type\" content=\"article\" \/>\n<meta property=\"og:title\" content=\"04. KALKOEN 080 (80g) | Voor Volwassen Katten | 3coty\u00ae Natuurlijk Kattenvoer 100% Vlees\" \/>\n<meta property=\"og:description\" content=\"100% monoprote\u00efne natvoer met kalkoen voor eliminatiedi\u00ebten zonder de smaak te veranderen. Recept met beperkte ingredi\u00ebnten van donker vlees en orgaanvlees.\" \/>\n<meta property=\"og:url\" content=\"https:\/\/3coty.com\/nl\/p\/04-turkey-080\/\" \/>\n<meta property=\"og:site_name\" content=\"3coty\u00ae\" \/>\n<meta property=\"article:publisher\" content=\"https:\/\/www.facebook.com\/3coty\" \/>\n<meta property=\"article:modified_time\" content=\"2026-03-12T09:54:29+00:00\" \/>\n<meta property=\"og:image\" content=\"https:\/\/3coty.com\/wp-content\/uploads\/2025\/10\/3coty-04-turkey-080-meat-only-cat-food.jpg\" \/>\n\t<meta property=\"og:image:width\" content=\"1200\" \/>\n\t<meta property=\"og:image:height\" content=\"630\" \/>\n\t<meta property=\"og:image:type\" content=\"image\/jpeg\" \/>\n<meta name=\"twitter:card\" content=\"summary_large_image\" \/>\n<meta name=\"twitter:title\" content=\"04. KALKOEN 080 (80g) | Voor Volwassen Katten | 3coty\u00ae Natuurlijk Kattenvoer 100% Vlees\" \/>\n<meta name=\"twitter:description\" content=\"100% monoprote\u00efne natvoer met kalkoen voor eliminatiedi\u00ebten zonder de smaak te veranderen. Recept met beperkte ingredi\u00ebnten van donker vlees en orgaanvlees.\" \/>\n<meta name=\"twitter:image\" content=\"https:\/\/3coty.com\/wp-content\/uploads\/2025\/10\/3coty-04-turkey-080-meat-only-cat-food.jpg\" \/>\n<meta name=\"twitter:site\" content=\"@3cotyCom\" \/>\n<meta name=\"twitter:label1\" content=\"Prijs\" \/>\n\t<meta name=\"twitter:data1\" content=\"\u20ac&nbsp;2.00\" \/>\n\t<meta name=\"twitter:label2\" content=\"Beschikbaarheid\" \/>\n\t<meta name=\"twitter:data2\" content=\"Op voorraad\" \/>\n<script type=\"application\/ld+json\" class=\"yoast-schema-graph\">{\"@context\":\"https:\\\/\\\/schema.org\",\"@graph\":[{\"@type\":\"WebPage\",\"@id\":\"https:\\\/\\\/3coty.com\\\/nl\\\/p\\\/04-turkey-080\\\/\",\"url\":\"https:\\\/\\\/3coty.com\\\/nl\\\/p\\\/04-turkey-080\\\/\",\"name\":\"04. KALKOEN 080 (80g) | Voor Volwassen Katten | 3coty\u00ae Natuurlijk Kattenvoer 100% Vlees\",\"isPartOf\":{\"@id\":\"https:\\\/\\\/3coty.com\\\/nl\\\/#website\"},\"primaryImageOfPage\":{\"@id\":\"https:\\\/\\\/3coty.com\\\/nl\\\/p\\\/04-turkey-080\\\/#primaryimage\"},\"image\":{\"@id\":\"https:\\\/\\\/3coty.com\\\/nl\\\/p\\\/04-turkey-080\\\/#primaryimage\"},\"thumbnailUrl\":\"https:\\\/\\\/3coty.com\\\/wp-content\\\/uploads\\\/2025\\\/07\\\/3coty-p-04-080-01.jpg\",\"datePublished\":\"2025-05-19T18:06:07+00:00\",\"dateModified\":\"2026-03-12T09:54:29+00:00\",\"description\":\"100% monoprote\u00efne natvoer met kalkoen voor eliminatiedi\u00ebten zonder de smaak te veranderen. Recept met beperkte ingredi\u00ebnten van donker vlees en orgaanvlees.\",\"breadcrumb\":{\"@id\":\"https:\\\/\\\/3coty.com\\\/nl\\\/p\\\/04-turkey-080\\\/#breadcrumb\"},\"inLanguage\":\"nl-NL\",\"potentialAction\":[{\"@type\":\"ReadAction\",\"target\":[\"https:\\\/\\\/3coty.com\\\/nl\\\/p\\\/04-turkey-080\\\/\"]}]},{\"@type\":\"ImageObject\",\"inLanguage\":\"nl-NL\",\"@id\":\"https:\\\/\\\/3coty.com\\\/nl\\\/p\\\/04-turkey-080\\\/#primaryimage\",\"url\":\"https:\\\/\\\/3coty.com\\\/wp-content\\\/uploads\\\/2025\\\/07\\\/3coty-p-04-080-01.jpg\",\"contentUrl\":\"https:\\\/\\\/3coty.com\\\/wp-content\\\/uploads\\\/2025\\\/07\\\/3coty-p-04-080-01.jpg\",\"width\":1024,\"height\":1024},{\"@type\":\"BreadcrumbList\",\"@id\":\"https:\\\/\\\/3coty.com\\\/nl\\\/p\\\/04-turkey-080\\\/#breadcrumb\",\"itemListElement\":[{\"@type\":\"ListItem\",\"position\":1,\"name\":\"Home\",\"item\":\"https:\\\/\\\/3coty.com\\\/nl\\\/\"},{\"@type\":\"ListItem\",\"position\":2,\"name\":\"WINKEL\",\"item\":\"https:\\\/\\\/3coty.com\\\/nl\\\/shop\\\/\"},{\"@type\":\"ListItem\",\"position\":3,\"name\":\"04. KALKOEN 080\"}]},{\"@type\":\"WebSite\",\"@id\":\"https:\\\/\\\/3coty.com\\\/nl\\\/#website\",\"url\":\"https:\\\/\\\/3coty.com\\\/nl\\\/\",\"name\":\"3coty\u00ae\",\"description\":\"Meat-only Cat Food\",\"publisher\":{\"@id\":\"https:\\\/\\\/3coty.com\\\/nl\\\/#organization\"},\"potentialAction\":[{\"@type\":\"SearchAction\",\"target\":{\"@type\":\"EntryPoint\",\"urlTemplate\":\"https:\\\/\\\/3coty.com\\\/nl\\\/?s={search_term_string}\"},\"query-input\":{\"@type\":\"PropertyValueSpecification\",\"valueRequired\":true,\"valueName\":\"search_term_string\"}}],\"inLanguage\":\"nl-NL\"},{\"@type\":\"Organization\",\"@id\":\"https:\\\/\\\/3coty.com\\\/nl\\\/#organization\",\"name\":\"3coty\u00ae\",\"alternateName\":\"3coty\",\"url\":\"https:\\\/\\\/3coty.com\\\/nl\\\/\",\"logo\":{\"@type\":\"ImageObject\",\"inLanguage\":\"nl-NL\",\"@id\":\"https:\\\/\\\/3coty.com\\\/nl\\\/#\\\/schema\\\/logo\\\/image\\\/\",\"url\":\"https:\\\/\\\/3coty.com\\\/wp-content\\\/uploads\\\/2025\\\/05\\\/icon-3coty-logo.svg\",\"contentUrl\":\"https:\\\/\\\/3coty.com\\\/wp-content\\\/uploads\\\/2025\\\/05\\\/icon-3coty-logo.svg\",\"width\":283,\"height\":283,\"caption\":\"3coty\u00ae\"},\"image\":{\"@id\":\"https:\\\/\\\/3coty.com\\\/nl\\\/#\\\/schema\\\/logo\\\/image\\\/\"},\"sameAs\":[\"https:\\\/\\\/www.facebook.com\\\/3coty\",\"https:\\\/\\\/x.com\\\/3cotyCom\",\"https:\\\/\\\/www.instagram.com\\\/3coty\",\"https:\\\/\\\/www.linkedin.com\\\/company\\\/3coty\",\"https:\\\/\\\/www.youtube.com\\\/@3coty\"]}]}<\/script>\n<meta property=\"product:price:amount\" content=\"2.00\" \/>\n<meta property=\"product:price:currency\" content=\"EUR\" \/>\n<meta property=\"og:availability\" content=\"instock\" \/>\n<meta property=\"product:availability\" content=\"instock\" \/>\n<meta property=\"product:retailer_item_id\" content=\"080T 04TU \/ 5901785315738\" \/>\n<meta property=\"product:condition\" content=\"new\" \/>\n<!-- \/ Yoast SEO Premium plugin. -->","yoast_head_json":{"title":"04. KALKOEN 080 (80g) | Voor Volwassen Katten | 3coty\u00ae Natuurlijk Kattenvoer 100% Vlees","description":"100% monoprote\u00efne natvoer met kalkoen voor eliminatiedi\u00ebten zonder de smaak te veranderen. Recept met beperkte ingredi\u00ebnten van donker vlees en orgaanvlees.","robots":{"index":"index","follow":"follow","max-snippet":"max-snippet:-1","max-image-preview":"max-image-preview:large","max-video-preview":"max-video-preview:-1"},"canonical":"https:\/\/3coty.com\/nl\/p\/04-turkey-080\/","og_locale":"nl_NL","og_type":"article","og_title":"04. KALKOEN 080 (80g) | Voor Volwassen Katten | 3coty\u00ae Natuurlijk Kattenvoer 100% Vlees","og_description":"100% monoprote\u00efne natvoer met kalkoen voor eliminatiedi\u00ebten zonder de smaak te veranderen. Recept met beperkte ingredi\u00ebnten van donker vlees en orgaanvlees.","og_url":"https:\/\/3coty.com\/nl\/p\/04-turkey-080\/","og_site_name":"3coty\u00ae","article_publisher":"https:\/\/www.facebook.com\/3coty","article_modified_time":"2026-03-12T09:54:29+00:00","og_image":[{"width":1200,"height":630,"url":"https:\/\/3coty.com\/wp-content\/uploads\/2025\/10\/3coty-04-turkey-080-meat-only-cat-food.jpg","type":"image\/jpeg"}],"twitter_card":"summary_large_image","twitter_title":"04. KALKOEN 080 (80g) | Voor Volwassen Katten | 3coty\u00ae Natuurlijk Kattenvoer 100% Vlees","twitter_description":"100% monoprote\u00efne natvoer met kalkoen voor eliminatiedi\u00ebten zonder de smaak te veranderen. Recept met beperkte ingredi\u00ebnten van donker vlees en orgaanvlees.","twitter_image":"https:\/\/3coty.com\/wp-content\/uploads\/2025\/10\/3coty-04-turkey-080-meat-only-cat-food.jpg","twitter_site":"@3cotyCom","twitter_misc":{"Prijs":"\u20ac&nbsp;2.00","Beschikbaarheid":"Op voorraad"},"schema":{"@context":"https:\/\/schema.org","@graph":[{"@type":"WebPage","@id":"https:\/\/3coty.com\/nl\/p\/04-turkey-080\/","url":"https:\/\/3coty.com\/nl\/p\/04-turkey-080\/","name":"04. KALKOEN 080 (80g) | Voor Volwassen Katten | 3coty\u00ae Natuurlijk Kattenvoer 100% Vlees","isPartOf":{"@id":"https:\/\/3coty.com\/nl\/#website"},"primaryImageOfPage":{"@id":"https:\/\/3coty.com\/nl\/p\/04-turkey-080\/#primaryimage"},"image":{"@id":"https:\/\/3coty.com\/nl\/p\/04-turkey-080\/#primaryimage"},"thumbnailUrl":"https:\/\/3coty.com\/wp-content\/uploads\/2025\/07\/3coty-p-04-080-01.jpg","datePublished":"2025-05-19T18:06:07+00:00","dateModified":"2026-03-12T09:54:29+00:00","description":"100% monoprote\u00efne natvoer met kalkoen voor eliminatiedi\u00ebten zonder de smaak te veranderen. Recept met beperkte ingredi\u00ebnten van donker vlees en orgaanvlees.","breadcrumb":{"@id":"https:\/\/3coty.com\/nl\/p\/04-turkey-080\/#breadcrumb"},"inLanguage":"nl-NL","potentialAction":[{"@type":"ReadAction","target":["https:\/\/3coty.com\/nl\/p\/04-turkey-080\/"]}]},{"@type":"ImageObject","inLanguage":"nl-NL","@id":"https:\/\/3coty.com\/nl\/p\/04-turkey-080\/#primaryimage","url":"https:\/\/3coty.com\/wp-content\/uploads\/2025\/07\/3coty-p-04-080-01.jpg","contentUrl":"https:\/\/3coty.com\/wp-content\/uploads\/2025\/07\/3coty-p-04-080-01.jpg","width":1024,"height":1024},{"@type":"BreadcrumbList","@id":"https:\/\/3coty.com\/nl\/p\/04-turkey-080\/#breadcrumb","itemListElement":[{"@type":"ListItem","position":1,"name":"Home","item":"https:\/\/3coty.com\/nl\/"},{"@type":"ListItem","position":2,"name":"WINKEL","item":"https:\/\/3coty.com\/nl\/shop\/"},{"@type":"ListItem","position":3,"name":"04. KALKOEN 080"}]},{"@type":"WebSite","@id":"https:\/\/3coty.com\/nl\/#website","url":"https:\/\/3coty.com\/nl\/","name":"3coty\u00ae","description":"Meat-only Cat Food","publisher":{"@id":"https:\/\/3coty.com\/nl\/#organization"},"potentialAction":[{"@type":"SearchAction","target":{"@type":"EntryPoint","urlTemplate":"https:\/\/3coty.com\/nl\/?s={search_term_string}"},"query-input":{"@type":"PropertyValueSpecification","valueRequired":true,"valueName":"search_term_string"}}],"inLanguage":"nl-NL"},{"@type":"Organization","@id":"https:\/\/3coty.com\/nl\/#organization","name":"3coty\u00ae","alternateName":"3coty","url":"https:\/\/3coty.com\/nl\/","logo":{"@type":"ImageObject","inLanguage":"nl-NL","@id":"https:\/\/3coty.com\/nl\/#\/schema\/logo\/image\/","url":"https:\/\/3coty.com\/wp-content\/uploads\/2025\/05\/icon-3coty-logo.svg","contentUrl":"https:\/\/3coty.com\/wp-content\/uploads\/2025\/05\/icon-3coty-logo.svg","width":283,"height":283,"caption":"3coty\u00ae"},"image":{"@id":"https:\/\/3coty.com\/nl\/#\/schema\/logo\/image\/"},"sameAs":["https:\/\/www.facebook.com\/3coty","https:\/\/x.com\/3cotyCom","https:\/\/www.instagram.com\/3coty","https:\/\/www.linkedin.com\/company\/3coty","https:\/\/www.youtube.com\/@3coty"]}]},"product_price_amount":"2.00","product_price_currency":"EUR","og_availability":"instock","product_availability":"instock","product_retailer_item_id":"080T 04TU \/ 5901785315738","product_condition":"new"},"_links":{"self":[{"href":"https:\/\/3coty.com\/nl\/wp-json\/wp\/v2\/product\/34482","targetHints":{"allow":["GET"]}}],"collection":[{"href":"https:\/\/3coty.com\/nl\/wp-json\/wp\/v2\/product"}],"about":[{"href":"https:\/\/3coty.com\/nl\/wp-json\/wp\/v2\/types\/product"}],"version-history":[{"count":4,"href":"https:\/\/3coty.com\/nl\/wp-json\/wp\/v2\/product\/34482\/revisions"}],"predecessor-version":[{"id":61812,"href":"https:\/\/3coty.com\/nl\/wp-json\/wp\/v2\/product\/34482\/revisions\/61812"}],"wp:featuredmedia":[{"embeddable":true,"href":"https:\/\/3coty.com\/nl\/wp-json\/wp\/v2\/media\/61384"}],"wp:attachment":[{"href":"https:\/\/3coty.com\/nl\/wp-json\/wp\/v2\/media?parent=34482"}],"wp:term":[{"taxonomy":"product_brand","embeddable":true,"href":"https:\/\/3coty.com\/nl\/wp-json\/wp\/v2\/product_brand?post=34482"},{"taxonomy":"product_cat","embeddable":true,"href":"https:\/\/3coty.com\/nl\/wp-json\/wp\/v2\/product_cat?post=34482"},{"taxonomy":"product_tag","embeddable":true,"href":"https:\/\/3coty.com\/nl\/wp-json\/wp\/v2\/product_tag?post=34482"}],"curies":[{"name":"wp","href":"https:\/\/api.w.org\/{rel}","templated":true}]}}