{"id":83974,"date":"2026-04-18T15:50:27","date_gmt":"2026-04-18T15:50:27","guid":{"rendered":"https:\/\/3coty.com\/?post_type=product&#038;p=83974"},"modified":"2026-04-18T15:51:00","modified_gmt":"2026-04-18T15:51:00","slug":"98-appetite-support-080","status":"publish","type":"product","link":"https:\/\/3coty.com\/lv\/p\/98-appetite-support-080\/","title":{"rendered":"98. APET\u012aTES ATBALSTS 080"},"content":{"rendered":"<p><a href=\"https:\/\/3coty.com\/wp-content\/uploads\/2025\/07\/3coty-p-97-tab-1.svg\"><img fetchpriority=\"high\" decoding=\"async\" class=\"alignnone size-full wp-image-40832\" role=\"img\" src=\"https:\/\/3coty.com\/wp-content\/uploads\/2025\/07\/3coty-p-97-tab-1.svg\" alt=\"\" width=\"283\" height=\"283\" \/><\/a><\/p>\n<h2>3COTY\u00ae DAB\u012aGA PAPILDBAR\u012aBA KA\u0136IEM<\/h2>\n<p><strong>UZTURA RAUGS + HLORELLA (Chlorella vulgaris) + BIOT\u012aNS<\/strong><\/p>\n<p>Ka\u0137iem, kuri da\u017ek\u0101rt \u0113d maz\u0101k nek\u0101 parasti stresa, hormon\u0101lu vai sezon\u0101lu izmai\u0146u d\u0113\u013c, ce\u013cojumu laik\u0101 vai p\u0101rejot uz jaunu bar\u012bbu, \u0161\u012b papildino\u0161\u0101 bar\u012bba, kas paredz\u0113ta p\u0101rkais\u012b\u0161anai, pal\u012bdz atjaunot apet\u012bti. Uztura raugs pie\u0161\u0137ir dabiski pievilc\u012bgu gar\u0161u, savuk\u0101rt augstais mazo pept\u012bdu un br\u012bvo aminosk\u0101bju saturs veicina uzturvielu uzs\u016bk\u0161anos. Taur\u012bns, b\u016btiska aminosk\u0101be ka\u0137iem, atbalsta norm\u0101las fiziolo\u0123isk\u0101s funkcijas un visp\u0101r\u0113jo vitalit\u0101ti.<\/p>\n<p>Vienk\u0101r\u0161s veids, k\u0101 atbalst\u012bt ka\u0137us periodos ar samazin\u0101tu apet\u012bti un pal\u012bdz\u0113t tiem atgriezties pie regul\u0101ras \u0113\u0161anas.<\/p>\n","protected":false},"excerpt":{"rendered":"<p><a href=\"https:\/\/3coty.com\/wp-content\/uploads\/2025\/07\/3coty-p-97-description-1.svg\"><img decoding=\"async\" class=\"alignnone wp-image-40958 size-medium\" role=\"img\" src=\"https:\/\/3coty.com\/wp-content\/uploads\/2025\/07\/3coty-p-97-description-1.svg\" alt=\"\" width=\"300\" height=\"300\" \/><\/a><\/p>\n<p><strong>VISIEM KA\u0136IEM<\/strong> | PULVERIS | DAB\u012aGA PAPILDBAR\u012aBA KA\u0136IEM<br \/>\n<strong>ATBALSTA UN UZLABO APET\u012aTI<\/strong><\/p>\n<p><a href=\"https:\/\/3coty.com\/wp-content\/uploads\/2026\/03\/3coty-product-98-description-2.svg\"><img decoding=\"async\" class=\"alignnone size-full wp-image-83709\" role=\"img\" src=\"https:\/\/3coty.com\/wp-content\/uploads\/2026\/03\/3coty-product-98-description-2.svg\" alt=\"\" width=\"218\" height=\"85\" \/><\/a><\/p>\n","protected":false},"featured_media":83754,"template":"","meta":{"_acf_changed":false},"product_brand":[],"product_cat":[425],"product_tag":[2079],"class_list":{"0":"post-83974","1":"product","2":"type-product","3":"status-publish","4":"has-post-thumbnail","6":"product_cat-well-being","7":"product_tag-98as","9":"first","10":"instock","11":"taxable","12":"shipping-taxable","13":"purchasable","14":"product-type-simple"},"acf":[],"yoast_head":"<!-- This site is optimized with the Yoast SEO Premium plugin v27.4 (Yoast SEO v27.4) - https:\/\/yoast.com\/product\/yoast-seo-premium-wordpress\/ -->\n<title>98. APET\u012aTES ATBALSTS 080 (80g) | Visiem ka\u0137iem | 3coty\u00ae Dab\u012bga papildino\u0161a bar\u012bba ka\u0137iem<\/title>\n<meta name=\"description\" content=\"Papildino\u0161a bar\u012bba ka\u0137iem ar samazin\u0101tu apet\u012bti, ar uztura raugu un taur\u012bnu, kas pal\u012bdz atjaunot regul\u0101ru \u0113\u0161anu.\" \/>\n<meta name=\"robots\" content=\"index, follow, max-snippet:-1, max-image-preview:large, max-video-preview:-1\" \/>\n<link rel=\"canonical\" href=\"https:\/\/3coty.com\/lv\/p\/98-appetite-support-080\/\" \/>\n<meta property=\"og:locale\" content=\"lv_LV\" \/>\n<meta property=\"og:type\" content=\"article\" \/>\n<meta property=\"og:title\" content=\"98. APET\u012aTES ATBALSTS 080 (80g) | Visiem ka\u0137iem | 3coty\u00ae Dab\u012bga papildino\u0161a bar\u012bba ka\u0137iem\" \/>\n<meta property=\"og:description\" content=\"Papildino\u0161a bar\u012bba ka\u0137iem ar samazin\u0101tu apet\u012bti, ar uztura raugu un taur\u012bnu, kas pal\u012bdz atjaunot regul\u0101ru \u0113\u0161anu.\" \/>\n<meta property=\"og:url\" content=\"https:\/\/3coty.com\/lv\/p\/98-appetite-support-080\/\" \/>\n<meta property=\"og:site_name\" content=\"3coty\u00ae\" \/>\n<meta property=\"article:publisher\" content=\"https:\/\/www.facebook.com\/3coty\" \/>\n<meta property=\"article:modified_time\" content=\"2026-04-18T15:51:00+00:00\" \/>\n<meta property=\"og:image\" content=\"https:\/\/3coty.com\/wp-content\/uploads\/2026\/04\/3coty-98-appetite-support-complementary-cat-food-1024x538.jpg\" \/>\n<meta name=\"twitter:card\" content=\"summary_large_image\" \/>\n<meta name=\"twitter:title\" content=\"98. APET\u012aTES ATBALSTS 080 (80g) | Visiem ka\u0137iem | 3coty\u00ae Dab\u012bga papildino\u0161a bar\u012bba ka\u0137iem\" \/>\n<meta name=\"twitter:description\" content=\"Papildino\u0161a bar\u012bba ka\u0137iem ar samazin\u0101tu apet\u012bti, ar uztura raugu un taur\u012bnu, kas pal\u012bdz atjaunot regul\u0101ru \u0113\u0161anu.\" \/>\n<meta name=\"twitter:site\" content=\"@3cotyCom\" \/>\n<meta name=\"twitter:label1\" content=\"Price\" \/>\n\t<meta name=\"twitter:data1\" content=\"\u20ac&nbsp;15.00\" \/>\n\t<meta name=\"twitter:label2\" content=\"Availability\" \/>\n\t<meta name=\"twitter:data2\" content=\"In stock\" \/>\n<script type=\"application\/ld+json\" class=\"yoast-schema-graph\">{\"@context\":\"https:\\\/\\\/schema.org\",\"@graph\":[{\"@type\":\"WebPage\",\"@id\":\"https:\\\/\\\/3coty.com\\\/lv\\\/p\\\/98-appetite-support-080\\\/\",\"url\":\"https:\\\/\\\/3coty.com\\\/lv\\\/p\\\/98-appetite-support-080\\\/\",\"name\":\"98. APET\u012aTES ATBALSTS 080 (80g) | Visiem ka\u0137iem | 3coty\u00ae Dab\u012bga papildino\u0161a bar\u012bba ka\u0137iem\",\"isPartOf\":{\"@id\":\"https:\\\/\\\/3coty.com\\\/lv\\\/#website\"},\"primaryImageOfPage\":{\"@id\":\"https:\\\/\\\/3coty.com\\\/lv\\\/p\\\/98-appetite-support-080\\\/#primaryimage\"},\"image\":{\"@id\":\"https:\\\/\\\/3coty.com\\\/lv\\\/p\\\/98-appetite-support-080\\\/#primaryimage\"},\"thumbnailUrl\":\"https:\\\/\\\/3coty.com\\\/wp-content\\\/uploads\\\/2026\\\/03\\\/3coty-product-98-01.jpg\",\"datePublished\":\"2026-04-18T15:50:27+00:00\",\"dateModified\":\"2026-04-18T15:51:00+00:00\",\"description\":\"Papildino\u0161a bar\u012bba ka\u0137iem ar samazin\u0101tu apet\u012bti, ar uztura raugu un taur\u012bnu, kas pal\u012bdz atjaunot regul\u0101ru \u0113\u0161anu.\",\"breadcrumb\":{\"@id\":\"https:\\\/\\\/3coty.com\\\/lv\\\/p\\\/98-appetite-support-080\\\/#breadcrumb\"},\"inLanguage\":\"lv-LV\",\"potentialAction\":[{\"@type\":\"ReadAction\",\"target\":[\"https:\\\/\\\/3coty.com\\\/lv\\\/p\\\/98-appetite-support-080\\\/\"]}]},{\"@type\":\"ImageObject\",\"inLanguage\":\"lv-LV\",\"@id\":\"https:\\\/\\\/3coty.com\\\/lv\\\/p\\\/98-appetite-support-080\\\/#primaryimage\",\"url\":\"https:\\\/\\\/3coty.com\\\/wp-content\\\/uploads\\\/2026\\\/03\\\/3coty-product-98-01.jpg\",\"contentUrl\":\"https:\\\/\\\/3coty.com\\\/wp-content\\\/uploads\\\/2026\\\/03\\\/3coty-product-98-01.jpg\",\"width\":1024,\"height\":1024},{\"@type\":\"BreadcrumbList\",\"@id\":\"https:\\\/\\\/3coty.com\\\/lv\\\/p\\\/98-appetite-support-080\\\/#breadcrumb\",\"itemListElement\":[{\"@type\":\"ListItem\",\"position\":1,\"name\":\"Home\",\"item\":\"https:\\\/\\\/3coty.com\\\/lv\\\/\"},{\"@type\":\"ListItem\",\"position\":2,\"name\":\"VEIKALS\",\"item\":\"https:\\\/\\\/3coty.com\\\/lv\\\/shop\\\/\"},{\"@type\":\"ListItem\",\"position\":3,\"name\":\"98. APET\u012aTES ATBALSTS 080\"}]},{\"@type\":\"WebSite\",\"@id\":\"https:\\\/\\\/3coty.com\\\/lv\\\/#website\",\"url\":\"https:\\\/\\\/3coty.com\\\/lv\\\/\",\"name\":\"3coty\u00ae\",\"description\":\"Meat-only Cat Food\",\"publisher\":{\"@id\":\"https:\\\/\\\/3coty.com\\\/lv\\\/#organization\"},\"potentialAction\":[{\"@type\":\"SearchAction\",\"target\":{\"@type\":\"EntryPoint\",\"urlTemplate\":\"https:\\\/\\\/3coty.com\\\/lv\\\/?s={search_term_string}\"},\"query-input\":{\"@type\":\"PropertyValueSpecification\",\"valueRequired\":true,\"valueName\":\"search_term_string\"}}],\"inLanguage\":\"lv-LV\"},{\"@type\":\"Organization\",\"@id\":\"https:\\\/\\\/3coty.com\\\/lv\\\/#organization\",\"name\":\"3coty\u00ae\",\"alternateName\":\"3coty\",\"url\":\"https:\\\/\\\/3coty.com\\\/lv\\\/\",\"logo\":{\"@type\":\"ImageObject\",\"inLanguage\":\"lv-LV\",\"@id\":\"https:\\\/\\\/3coty.com\\\/lv\\\/#\\\/schema\\\/logo\\\/image\\\/\",\"url\":\"https:\\\/\\\/3coty.com\\\/wp-content\\\/uploads\\\/2025\\\/05\\\/icon-3coty-logo.svg\",\"contentUrl\":\"https:\\\/\\\/3coty.com\\\/wp-content\\\/uploads\\\/2025\\\/05\\\/icon-3coty-logo.svg\",\"width\":283,\"height\":283,\"caption\":\"3coty\u00ae\"},\"image\":{\"@id\":\"https:\\\/\\\/3coty.com\\\/lv\\\/#\\\/schema\\\/logo\\\/image\\\/\"},\"sameAs\":[\"https:\\\/\\\/www.facebook.com\\\/3coty\",\"https:\\\/\\\/x.com\\\/3cotyCom\",\"https:\\\/\\\/www.instagram.com\\\/3coty\",\"https:\\\/\\\/www.linkedin.com\\\/company\\\/3coty\",\"https:\\\/\\\/www.youtube.com\\\/@3coty\"]}]}<\/script>\n<meta property=\"product:price:amount\" content=\"15.00\" \/>\n<meta property=\"product:price:currency\" content=\"EUR\" \/>\n<meta property=\"og:availability\" content=\"instock\" \/>\n<meta property=\"product:availability\" content=\"instock\" \/>\n<meta property=\"product:retailer_item_id\" content=\"100J 98AS \/ 5901785318944\" \/>\n<meta property=\"product:condition\" content=\"new\" \/>\n<!-- \/ Yoast SEO Premium plugin. -->","yoast_head_json":{"title":"98. APET\u012aTES ATBALSTS 080 (80g) | Visiem ka\u0137iem | 3coty\u00ae Dab\u012bga papildino\u0161a bar\u012bba ka\u0137iem","description":"Papildino\u0161a bar\u012bba ka\u0137iem ar samazin\u0101tu apet\u012bti, ar uztura raugu un taur\u012bnu, kas pal\u012bdz atjaunot regul\u0101ru \u0113\u0161anu.","robots":{"index":"index","follow":"follow","max-snippet":"max-snippet:-1","max-image-preview":"max-image-preview:large","max-video-preview":"max-video-preview:-1"},"canonical":"https:\/\/3coty.com\/lv\/p\/98-appetite-support-080\/","og_locale":"lv_LV","og_type":"article","og_title":"98. APET\u012aTES ATBALSTS 080 (80g) | Visiem ka\u0137iem | 3coty\u00ae Dab\u012bga papildino\u0161a bar\u012bba ka\u0137iem","og_description":"Papildino\u0161a bar\u012bba ka\u0137iem ar samazin\u0101tu apet\u012bti, ar uztura raugu un taur\u012bnu, kas pal\u012bdz atjaunot regul\u0101ru \u0113\u0161anu.","og_url":"https:\/\/3coty.com\/lv\/p\/98-appetite-support-080\/","og_site_name":"3coty\u00ae","article_publisher":"https:\/\/www.facebook.com\/3coty","article_modified_time":"2026-04-18T15:51:00+00:00","og_image":[{"url":"https:\/\/3coty.com\/wp-content\/uploads\/2026\/04\/3coty-98-appetite-support-complementary-cat-food-1024x538.jpg","type":"","width":"","height":""}],"twitter_card":"summary_large_image","twitter_title":"98. APET\u012aTES ATBALSTS 080 (80g) | Visiem ka\u0137iem | 3coty\u00ae Dab\u012bga papildino\u0161a bar\u012bba ka\u0137iem","twitter_description":"Papildino\u0161a bar\u012bba ka\u0137iem ar samazin\u0101tu apet\u012bti, ar uztura raugu un taur\u012bnu, kas pal\u012bdz atjaunot regul\u0101ru \u0113\u0161anu.","twitter_site":"@3cotyCom","twitter_misc":{"Price":"\u20ac&nbsp;15.00","Availability":"In stock"},"schema":{"@context":"https:\/\/schema.org","@graph":[{"@type":"WebPage","@id":"https:\/\/3coty.com\/lv\/p\/98-appetite-support-080\/","url":"https:\/\/3coty.com\/lv\/p\/98-appetite-support-080\/","name":"98. APET\u012aTES ATBALSTS 080 (80g) | Visiem ka\u0137iem | 3coty\u00ae Dab\u012bga papildino\u0161a bar\u012bba ka\u0137iem","isPartOf":{"@id":"https:\/\/3coty.com\/lv\/#website"},"primaryImageOfPage":{"@id":"https:\/\/3coty.com\/lv\/p\/98-appetite-support-080\/#primaryimage"},"image":{"@id":"https:\/\/3coty.com\/lv\/p\/98-appetite-support-080\/#primaryimage"},"thumbnailUrl":"https:\/\/3coty.com\/wp-content\/uploads\/2026\/03\/3coty-product-98-01.jpg","datePublished":"2026-04-18T15:50:27+00:00","dateModified":"2026-04-18T15:51:00+00:00","description":"Papildino\u0161a bar\u012bba ka\u0137iem ar samazin\u0101tu apet\u012bti, ar uztura raugu un taur\u012bnu, kas pal\u012bdz atjaunot regul\u0101ru \u0113\u0161anu.","breadcrumb":{"@id":"https:\/\/3coty.com\/lv\/p\/98-appetite-support-080\/#breadcrumb"},"inLanguage":"lv-LV","potentialAction":[{"@type":"ReadAction","target":["https:\/\/3coty.com\/lv\/p\/98-appetite-support-080\/"]}]},{"@type":"ImageObject","inLanguage":"lv-LV","@id":"https:\/\/3coty.com\/lv\/p\/98-appetite-support-080\/#primaryimage","url":"https:\/\/3coty.com\/wp-content\/uploads\/2026\/03\/3coty-product-98-01.jpg","contentUrl":"https:\/\/3coty.com\/wp-content\/uploads\/2026\/03\/3coty-product-98-01.jpg","width":1024,"height":1024},{"@type":"BreadcrumbList","@id":"https:\/\/3coty.com\/lv\/p\/98-appetite-support-080\/#breadcrumb","itemListElement":[{"@type":"ListItem","position":1,"name":"Home","item":"https:\/\/3coty.com\/lv\/"},{"@type":"ListItem","position":2,"name":"VEIKALS","item":"https:\/\/3coty.com\/lv\/shop\/"},{"@type":"ListItem","position":3,"name":"98. APET\u012aTES ATBALSTS 080"}]},{"@type":"WebSite","@id":"https:\/\/3coty.com\/lv\/#website","url":"https:\/\/3coty.com\/lv\/","name":"3coty\u00ae","description":"Meat-only Cat Food","publisher":{"@id":"https:\/\/3coty.com\/lv\/#organization"},"potentialAction":[{"@type":"SearchAction","target":{"@type":"EntryPoint","urlTemplate":"https:\/\/3coty.com\/lv\/?s={search_term_string}"},"query-input":{"@type":"PropertyValueSpecification","valueRequired":true,"valueName":"search_term_string"}}],"inLanguage":"lv-LV"},{"@type":"Organization","@id":"https:\/\/3coty.com\/lv\/#organization","name":"3coty\u00ae","alternateName":"3coty","url":"https:\/\/3coty.com\/lv\/","logo":{"@type":"ImageObject","inLanguage":"lv-LV","@id":"https:\/\/3coty.com\/lv\/#\/schema\/logo\/image\/","url":"https:\/\/3coty.com\/wp-content\/uploads\/2025\/05\/icon-3coty-logo.svg","contentUrl":"https:\/\/3coty.com\/wp-content\/uploads\/2025\/05\/icon-3coty-logo.svg","width":283,"height":283,"caption":"3coty\u00ae"},"image":{"@id":"https:\/\/3coty.com\/lv\/#\/schema\/logo\/image\/"},"sameAs":["https:\/\/www.facebook.com\/3coty","https:\/\/x.com\/3cotyCom","https:\/\/www.instagram.com\/3coty","https:\/\/www.linkedin.com\/company\/3coty","https:\/\/www.youtube.com\/@3coty"]}]},"product_price_amount":"15.00","product_price_currency":"EUR","og_availability":"instock","product_availability":"instock","product_retailer_item_id":"100J 98AS \/ 5901785318944","product_condition":"new"},"_links":{"self":[{"href":"https:\/\/3coty.com\/lv\/wp-json\/wp\/v2\/product\/83974","targetHints":{"allow":["GET"]}}],"collection":[{"href":"https:\/\/3coty.com\/lv\/wp-json\/wp\/v2\/product"}],"about":[{"href":"https:\/\/3coty.com\/lv\/wp-json\/wp\/v2\/types\/product"}],"version-history":[{"count":1,"href":"https:\/\/3coty.com\/lv\/wp-json\/wp\/v2\/product\/83974\/revisions"}],"predecessor-version":[{"id":84008,"href":"https:\/\/3coty.com\/lv\/wp-json\/wp\/v2\/product\/83974\/revisions\/84008"}],"wp:featuredmedia":[{"embeddable":true,"href":"https:\/\/3coty.com\/lv\/wp-json\/wp\/v2\/media\/83754"}],"wp:attachment":[{"href":"https:\/\/3coty.com\/lv\/wp-json\/wp\/v2\/media?parent=83974"}],"wp:term":[{"taxonomy":"product_brand","embeddable":true,"href":"https:\/\/3coty.com\/lv\/wp-json\/wp\/v2\/product_brand?post=83974"},{"taxonomy":"product_cat","embeddable":true,"href":"https:\/\/3coty.com\/lv\/wp-json\/wp\/v2\/product_cat?post=83974"},{"taxonomy":"product_tag","embeddable":true,"href":"https:\/\/3coty.com\/lv\/wp-json\/wp\/v2\/product_tag?post=83974"}],"curies":[{"name":"wp","href":"https:\/\/api.w.org\/{rel}","templated":true}]}}