{"id":35881,"date":"2025-05-28T07:22:21","date_gmt":"2025-05-28T07:22:21","guid":{"rendered":"https:\/\/3coty.com\/p\/85-gs-snug-l\/"},"modified":"2025-07-13T17:50:14","modified_gmt":"2025-07-13T17:50:14","slug":"85-gs-snug-l","status":"publish","type":"product","link":"https:\/\/3coty.com\/lv\/p\/85-gs-snug-l\/","title":{"rendered":"85.GS SNUG L"},"content":{"rendered":"<h2>M\u012aL\u012aGA 3COTY\u00ae GU\u013bVIETA LIELAM PIEAUGU\u0160AM KA\u0136IM VAI VAIR\u0100KIEM KA\u0136IEM<\/h2>\n<p><strong>50% MAIGS pol\u0101rais audums, 50% M\u012aL\u012aGS minky audums<\/strong><\/p>\n<p>Ar \u0161o lielo gu\u013cvietu ar m\u0101j\u012bgu iek\u0161\u0113jo oderi ka\u0137iem vairs nav j\u0101c\u012bn\u0101s par to, kur\u0161 var\u0113s ieritin\u0101ties. Taj\u0101 pietiek vietas vair\u0101kiem m\u0101jas ka\u0137iem. Liel\u0101ku \u0161\u0137ir\u0146u ka\u0137i, iesp\u0113jams, nevar\u0113s to dal\u012bt, bet var\u0113s baud\u012bt siltumu un komfortu visam \u0137ermenim. \u0160\u012b p\u016bkain\u0101 gu\u013cvieta, ko var mazg\u0101t ar rok\u0101m, \u0101tri k\u013c\u016bs par j\u016bsu ka\u0137u iecien\u012bt\u0101ko vietu.<\/p>\n<p>Liela izm\u0113ra gu\u013cvieta ar m\u0101j\u012bgu iek\u0161\u0113jo audumu vienam lielam ka\u0137im vai vair\u0101kiem m\u0101jas ka\u0137iem un ka\u0137\u0113niem.<\/p>\n<p>&nbsp;<\/p>\n<p><a href=\"https:\/\/3coty.com\/wp-content\/uploads\/2025\/07\/3coty-p-85-tab-2.svg\"><img fetchpriority=\"high\" decoding=\"async\" class=\"alignnone size-medium wp-image-41916\" role=\"img\" src=\"https:\/\/3coty.com\/wp-content\/uploads\/2025\/07\/3coty-p-85-tab-2.svg\" alt=\"\" width=\"300\" height=\"300\" \/><\/a><\/p>\n<p><strong>MAZG\u0100\u0160ANAS NOR\u0100D\u012aJUMI:<\/strong> Auksta rokas mazg\u0101\u0161ana vai mazg\u0101\u0161ana ve\u013casma\u0161\u012bn\u0101 aukst\u0101 re\u017e\u012bm\u0101. NEDR\u012aKST balin\u0101t, NEDR\u012aKST gludin\u0101t, NEDR\u012aKST \u017e\u0101v\u0113t ve\u013cas \u017e\u0101v\u0113t\u0101j\u0101. Var t\u012br\u012bt \u0137\u012bmiski.<\/p>\n","protected":false},"excerpt":{"rendered":"<p><a href=\"https:\/\/3coty.com\/wp-content\/uploads\/2025\/07\/3coty-p-85-description-1.svg\"><img decoding=\"async\" class=\"alignnone size-medium wp-image-41826\" role=\"img\" src=\"https:\/\/3coty.com\/wp-content\/uploads\/2025\/07\/3coty-p-85-description-1.svg\" alt=\"\" width=\"300\" height=\"300\" \/><\/a><\/p>\n<p><strong>VISIEM KA\u0136IEM<\/strong> | 75 CM x 82 CM | LIELA M\u012aL\u012aGA KA\u0136U GU\u013bVIETA<\/p>\n<p><a href=\"https:\/\/3coty.com\/wp-content\/uploads\/2025\/07\/3coty-p-85-description-2-GS.svg\"><img decoding=\"async\" class=\"alignnone size-medium wp-image-41871\" role=\"img\" src=\"https:\/\/3coty.com\/wp-content\/uploads\/2025\/07\/3coty-p-85-description-2-GS.svg\" alt=\"\" width=\"300\" height=\"300\" \/><\/a><\/p>\n","protected":false},"featured_media":41997,"template":"","meta":{"_acf_changed":false},"product_brand":[],"product_cat":[441],"product_tag":[1400],"class_list":{"0":"post-35881","1":"product","2":"type-product","3":"status-publish","4":"has-post-thumbnail","6":"product_cat-accessories","7":"product_tag-85sl","9":"first","10":"outofstock","11":"taxable","12":"shipping-taxable","13":"purchasable","14":"product-type-simple"},"acf":[],"yoast_head":"<!-- This site is optimized with the Yoast SEO Premium plugin v27.4 (Yoast SEO v27.4) - https:\/\/yoast.com\/product\/yoast-seo-premium-wordpress\/ -->\n<title>85.GS SNUG L - 3coty\u00ae<\/title>\n<meta name=\"robots\" content=\"index, follow, max-snippet:-1, max-image-preview:large, max-video-preview:-1\" \/>\n<link rel=\"canonical\" href=\"https:\/\/3coty.com\/lv\/p\/85-gs-snug-l\/\" \/>\n<meta property=\"og:locale\" content=\"lv_LV\" \/>\n<meta property=\"og:type\" content=\"article\" \/>\n<meta property=\"og:title\" content=\"85.GS SNUG L\" \/>\n<meta property=\"og:description\" content=\"VISIEM KA\u0136IEM | 75 CM x 82 CM | LIELA M\u012aL\u012aGA KA\u0136U GU\u013bVIETA\" \/>\n<meta property=\"og:url\" content=\"https:\/\/3coty.com\/lv\/p\/85-gs-snug-l\/\" \/>\n<meta property=\"og:site_name\" content=\"3coty\u00ae\" \/>\n<meta property=\"article:publisher\" content=\"https:\/\/www.facebook.com\/3coty\" \/>\n<meta property=\"article:modified_time\" content=\"2025-07-13T17:50:14+00:00\" \/>\n<meta property=\"og:image\" content=\"https:\/\/3coty.com\/wp-content\/uploads\/2025\/07\/3coty-p-85GS-01.jpg\" \/>\n\t<meta property=\"og:image:width\" content=\"1024\" \/>\n\t<meta property=\"og:image:height\" content=\"1024\" \/>\n\t<meta property=\"og:image:type\" content=\"image\/jpeg\" \/>\n<meta name=\"twitter:card\" content=\"summary_large_image\" \/>\n<meta name=\"twitter:site\" content=\"@3cotyCom\" \/>\n<meta name=\"twitter:label1\" content=\"Price\" \/>\n\t<meta name=\"twitter:data1\" content=\"\u20ac&nbsp;90.00\" \/>\n\t<meta name=\"twitter:label2\" content=\"Availability\" \/>\n\t<meta name=\"twitter:data2\" content=\"Out of stock\" \/>\n<script type=\"application\/ld+json\" class=\"yoast-schema-graph\">{\"@context\":\"https:\\\/\\\/schema.org\",\"@graph\":[{\"@type\":\"WebPage\",\"@id\":\"https:\\\/\\\/3coty.com\\\/lv\\\/p\\\/85-gs-snug-l\\\/\",\"url\":\"https:\\\/\\\/3coty.com\\\/lv\\\/p\\\/85-gs-snug-l\\\/\",\"name\":\"85.GS SNUG L - 3coty\u00ae\",\"isPartOf\":{\"@id\":\"https:\\\/\\\/3coty.com\\\/lv\\\/#website\"},\"primaryImageOfPage\":{\"@id\":\"https:\\\/\\\/3coty.com\\\/lv\\\/p\\\/85-gs-snug-l\\\/#primaryimage\"},\"image\":{\"@id\":\"https:\\\/\\\/3coty.com\\\/lv\\\/p\\\/85-gs-snug-l\\\/#primaryimage\"},\"thumbnailUrl\":\"https:\\\/\\\/3coty.com\\\/wp-content\\\/uploads\\\/2025\\\/07\\\/3coty-p-85GS-01.jpg\",\"datePublished\":\"2025-05-28T07:22:21+00:00\",\"dateModified\":\"2025-07-13T17:50:14+00:00\",\"breadcrumb\":{\"@id\":\"https:\\\/\\\/3coty.com\\\/lv\\\/p\\\/85-gs-snug-l\\\/#breadcrumb\"},\"inLanguage\":\"lv-LV\",\"potentialAction\":[{\"@type\":\"ReadAction\",\"target\":[\"https:\\\/\\\/3coty.com\\\/lv\\\/p\\\/85-gs-snug-l\\\/\"]}]},{\"@type\":\"ImageObject\",\"inLanguage\":\"lv-LV\",\"@id\":\"https:\\\/\\\/3coty.com\\\/lv\\\/p\\\/85-gs-snug-l\\\/#primaryimage\",\"url\":\"https:\\\/\\\/3coty.com\\\/wp-content\\\/uploads\\\/2025\\\/07\\\/3coty-p-85GS-01.jpg\",\"contentUrl\":\"https:\\\/\\\/3coty.com\\\/wp-content\\\/uploads\\\/2025\\\/07\\\/3coty-p-85GS-01.jpg\",\"width\":1024,\"height\":1024},{\"@type\":\"BreadcrumbList\",\"@id\":\"https:\\\/\\\/3coty.com\\\/lv\\\/p\\\/85-gs-snug-l\\\/#breadcrumb\",\"itemListElement\":[{\"@type\":\"ListItem\",\"position\":1,\"name\":\"Home\",\"item\":\"https:\\\/\\\/3coty.com\\\/lv\\\/\"},{\"@type\":\"ListItem\",\"position\":2,\"name\":\"VEIKALS\",\"item\":\"https:\\\/\\\/3coty.com\\\/lv\\\/shop\\\/\"},{\"@type\":\"ListItem\",\"position\":3,\"name\":\"85.GS SNUG L\"}]},{\"@type\":\"WebSite\",\"@id\":\"https:\\\/\\\/3coty.com\\\/lv\\\/#website\",\"url\":\"https:\\\/\\\/3coty.com\\\/lv\\\/\",\"name\":\"3coty\u00ae\",\"description\":\"Meat-only Cat Food\",\"publisher\":{\"@id\":\"https:\\\/\\\/3coty.com\\\/lv\\\/#organization\"},\"potentialAction\":[{\"@type\":\"SearchAction\",\"target\":{\"@type\":\"EntryPoint\",\"urlTemplate\":\"https:\\\/\\\/3coty.com\\\/lv\\\/?s={search_term_string}\"},\"query-input\":{\"@type\":\"PropertyValueSpecification\",\"valueRequired\":true,\"valueName\":\"search_term_string\"}}],\"inLanguage\":\"lv-LV\"},{\"@type\":\"Organization\",\"@id\":\"https:\\\/\\\/3coty.com\\\/lv\\\/#organization\",\"name\":\"3coty\u00ae\",\"alternateName\":\"3coty\",\"url\":\"https:\\\/\\\/3coty.com\\\/lv\\\/\",\"logo\":{\"@type\":\"ImageObject\",\"inLanguage\":\"lv-LV\",\"@id\":\"https:\\\/\\\/3coty.com\\\/lv\\\/#\\\/schema\\\/logo\\\/image\\\/\",\"url\":\"https:\\\/\\\/3coty.com\\\/wp-content\\\/uploads\\\/2025\\\/05\\\/icon-3coty-logo.svg\",\"contentUrl\":\"https:\\\/\\\/3coty.com\\\/wp-content\\\/uploads\\\/2025\\\/05\\\/icon-3coty-logo.svg\",\"width\":283,\"height\":283,\"caption\":\"3coty\u00ae\"},\"image\":{\"@id\":\"https:\\\/\\\/3coty.com\\\/lv\\\/#\\\/schema\\\/logo\\\/image\\\/\"},\"sameAs\":[\"https:\\\/\\\/www.facebook.com\\\/3coty\",\"https:\\\/\\\/x.com\\\/3cotyCom\",\"https:\\\/\\\/www.instagram.com\\\/3coty\",\"https:\\\/\\\/www.linkedin.com\\\/company\\\/3coty\",\"https:\\\/\\\/www.youtube.com\\\/@3coty\"]}]}<\/script>\n<meta property=\"product:price:amount\" content=\"90.00\" \/>\n<meta property=\"product:price:currency\" content=\"EUR\" \/>\n<meta property=\"og:availability\" content=\"out of stock\" \/>\n<meta property=\"product:availability\" content=\"out of stock\" \/>\n<meta property=\"product:retailer_item_id\" content=\"6075 86SM \/ 5901785316681\" \/>\n<meta property=\"product:condition\" content=\"new\" \/>\n<!-- \/ Yoast SEO Premium plugin. -->","yoast_head_json":{"title":"85.GS SNUG L - 3coty\u00ae","robots":{"index":"index","follow":"follow","max-snippet":"max-snippet:-1","max-image-preview":"max-image-preview:large","max-video-preview":"max-video-preview:-1"},"canonical":"https:\/\/3coty.com\/lv\/p\/85-gs-snug-l\/","og_locale":"lv_LV","og_type":"article","og_title":"85.GS SNUG L","og_description":"VISIEM KA\u0136IEM | 75 CM x 82 CM | LIELA M\u012aL\u012aGA KA\u0136U GU\u013bVIETA","og_url":"https:\/\/3coty.com\/lv\/p\/85-gs-snug-l\/","og_site_name":"3coty\u00ae","article_publisher":"https:\/\/www.facebook.com\/3coty","article_modified_time":"2025-07-13T17:50:14+00:00","og_image":[{"width":1024,"height":1024,"url":"https:\/\/3coty.com\/wp-content\/uploads\/2025\/07\/3coty-p-85GS-01.jpg","type":"image\/jpeg"}],"twitter_card":"summary_large_image","twitter_site":"@3cotyCom","twitter_misc":{"Price":"\u20ac&nbsp;90.00","Availability":"Out of stock"},"schema":{"@context":"https:\/\/schema.org","@graph":[{"@type":"WebPage","@id":"https:\/\/3coty.com\/lv\/p\/85-gs-snug-l\/","url":"https:\/\/3coty.com\/lv\/p\/85-gs-snug-l\/","name":"85.GS SNUG L - 3coty\u00ae","isPartOf":{"@id":"https:\/\/3coty.com\/lv\/#website"},"primaryImageOfPage":{"@id":"https:\/\/3coty.com\/lv\/p\/85-gs-snug-l\/#primaryimage"},"image":{"@id":"https:\/\/3coty.com\/lv\/p\/85-gs-snug-l\/#primaryimage"},"thumbnailUrl":"https:\/\/3coty.com\/wp-content\/uploads\/2025\/07\/3coty-p-85GS-01.jpg","datePublished":"2025-05-28T07:22:21+00:00","dateModified":"2025-07-13T17:50:14+00:00","breadcrumb":{"@id":"https:\/\/3coty.com\/lv\/p\/85-gs-snug-l\/#breadcrumb"},"inLanguage":"lv-LV","potentialAction":[{"@type":"ReadAction","target":["https:\/\/3coty.com\/lv\/p\/85-gs-snug-l\/"]}]},{"@type":"ImageObject","inLanguage":"lv-LV","@id":"https:\/\/3coty.com\/lv\/p\/85-gs-snug-l\/#primaryimage","url":"https:\/\/3coty.com\/wp-content\/uploads\/2025\/07\/3coty-p-85GS-01.jpg","contentUrl":"https:\/\/3coty.com\/wp-content\/uploads\/2025\/07\/3coty-p-85GS-01.jpg","width":1024,"height":1024},{"@type":"BreadcrumbList","@id":"https:\/\/3coty.com\/lv\/p\/85-gs-snug-l\/#breadcrumb","itemListElement":[{"@type":"ListItem","position":1,"name":"Home","item":"https:\/\/3coty.com\/lv\/"},{"@type":"ListItem","position":2,"name":"VEIKALS","item":"https:\/\/3coty.com\/lv\/shop\/"},{"@type":"ListItem","position":3,"name":"85.GS SNUG L"}]},{"@type":"WebSite","@id":"https:\/\/3coty.com\/lv\/#website","url":"https:\/\/3coty.com\/lv\/","name":"3coty\u00ae","description":"Meat-only Cat Food","publisher":{"@id":"https:\/\/3coty.com\/lv\/#organization"},"potentialAction":[{"@type":"SearchAction","target":{"@type":"EntryPoint","urlTemplate":"https:\/\/3coty.com\/lv\/?s={search_term_string}"},"query-input":{"@type":"PropertyValueSpecification","valueRequired":true,"valueName":"search_term_string"}}],"inLanguage":"lv-LV"},{"@type":"Organization","@id":"https:\/\/3coty.com\/lv\/#organization","name":"3coty\u00ae","alternateName":"3coty","url":"https:\/\/3coty.com\/lv\/","logo":{"@type":"ImageObject","inLanguage":"lv-LV","@id":"https:\/\/3coty.com\/lv\/#\/schema\/logo\/image\/","url":"https:\/\/3coty.com\/wp-content\/uploads\/2025\/05\/icon-3coty-logo.svg","contentUrl":"https:\/\/3coty.com\/wp-content\/uploads\/2025\/05\/icon-3coty-logo.svg","width":283,"height":283,"caption":"3coty\u00ae"},"image":{"@id":"https:\/\/3coty.com\/lv\/#\/schema\/logo\/image\/"},"sameAs":["https:\/\/www.facebook.com\/3coty","https:\/\/x.com\/3cotyCom","https:\/\/www.instagram.com\/3coty","https:\/\/www.linkedin.com\/company\/3coty","https:\/\/www.youtube.com\/@3coty"]}]},"product_price_amount":"90.00","product_price_currency":"EUR","og_availability":"out of stock","product_availability":"out of stock","product_retailer_item_id":"6075 86SM \/ 5901785316681","product_condition":"new"},"_links":{"self":[{"href":"https:\/\/3coty.com\/lv\/wp-json\/wp\/v2\/product\/35881","targetHints":{"allow":["GET"]}}],"collection":[{"href":"https:\/\/3coty.com\/lv\/wp-json\/wp\/v2\/product"}],"about":[{"href":"https:\/\/3coty.com\/lv\/wp-json\/wp\/v2\/types\/product"}],"version-history":[{"count":4,"href":"https:\/\/3coty.com\/lv\/wp-json\/wp\/v2\/product\/35881\/revisions"}],"predecessor-version":[{"id":42219,"href":"https:\/\/3coty.com\/lv\/wp-json\/wp\/v2\/product\/35881\/revisions\/42219"}],"wp:featuredmedia":[{"embeddable":true,"href":"https:\/\/3coty.com\/lv\/wp-json\/wp\/v2\/media\/41997"}],"wp:attachment":[{"href":"https:\/\/3coty.com\/lv\/wp-json\/wp\/v2\/media?parent=35881"}],"wp:term":[{"taxonomy":"product_brand","embeddable":true,"href":"https:\/\/3coty.com\/lv\/wp-json\/wp\/v2\/product_brand?post=35881"},{"taxonomy":"product_cat","embeddable":true,"href":"https:\/\/3coty.com\/lv\/wp-json\/wp\/v2\/product_cat?post=35881"},{"taxonomy":"product_tag","embeddable":true,"href":"https:\/\/3coty.com\/lv\/wp-json\/wp\/v2\/product_tag?post=35881"}],"curies":[{"name":"wp","href":"https:\/\/api.w.org\/{rel}","templated":true}]}}