{"id":35871,"date":"2025-05-26T20:14:46","date_gmt":"2025-05-26T20:14:46","guid":{"rendered":"https:\/\/3coty.com\/p\/52-chicken-180\/"},"modified":"2026-04-16T04:21:16","modified_gmt":"2026-04-16T04:21:16","slug":"52-chicken-180","status":"publish","type":"product","link":"https:\/\/3coty.com\/lv\/p\/52-chicken-180\/","title":{"rendered":"52. VISTA Struvite Care 180"},"content":{"rendered":"<p><a href=\"https:\/\/3coty.com\/wp-content\/uploads\/2025\/07\/3coty-p-52-tab-1.svg\"><img fetchpriority=\"high\" decoding=\"async\" class=\"alignnone size-full wp-image-45105\" role=\"img\" src=\"https:\/\/3coty.com\/wp-content\/uploads\/2025\/07\/3coty-p-52-tab-1.svg\" alt=\"\" width=\"283\" height=\"283\" \/><\/a><\/p>\n<h2>DAB\u012aGA UN PILNV\u0112RT\u012aGA 3COTY\u00ae KA\u0136U BAR\u012aBA<\/h2>\n<p><strong>100% DAB\u012aGAS GA\u013bAS SAST\u0100VDA\u013bAS un dz\u012bvnieku izcelsmes produkti, pagatavoti sav\u0101 barojo\u0161aj\u0101 buljon\u0101<\/strong><\/p>\n<p><strong>DAB\u012aGA DI\u0112TA KA\u0136IEM AR JUT\u012aGU UR\u012aNCE\u013bU SIST\u0112MU | Labv\u0113l\u012bga ietekme uz ur\u012bnce\u013cu darb\u012bbu<\/strong><\/p>\n<p>P\u0113c m\u016bsu 51. T\u012aTARS Struvite Care ka\u0137u bar\u012bbas pan\u0101kumiem ka\u0137u \u012bpa\u0161nieki l\u016bdza izveidot l\u012bdz\u012bgu produktu ar t\u0101du pa\u0161u uzsvaru uz optim\u0101l\u0101 ur\u012bna pH l\u012bme\u0146a uztur\u0113\u0161anu, bet uz vistas b\u0101zes. Vienm\u0113r nov\u0113rt\u0113jot m\u016bsu klientu atsauksmes, m\u0113s pievienoj\u0101m \u0161o produktu m\u016bsu \u012bpa\u0161o vajadz\u012bbu ka\u0137u bar\u012bbas kl\u0101stam. T\u0101 ir piem\u0113rota pieaugu\u0161iem ka\u0137iem, un t\u0101s str\u0113mel\u0113s sapl\u0113st\u0101 tekst\u016bra pied\u0101v\u0101 ko\u0161\u013c\u0101jamus gabali\u0146us. Pilnv\u0113rt\u012bga uzturo\u0161\u0101 bar\u012bba ka\u0137iem jebkur\u0101 vecum\u0101.<\/p>\n<p>Pilnv\u0113rt\u012bga bar\u012bba ar ide\u0101lu pH l\u012bmeni ka\u0137iem ar tendenci veidoties ur\u012bnce\u013cu krist\u0101liem vai struv\u012bta akme\u0146iem.<\/p>\n","protected":false},"excerpt":{"rendered":"<p><a href=\"https:\/\/3coty.com\/wp-content\/uploads\/2025\/07\/3coty-p-52-description-1.svg\"><img decoding=\"async\" class=\"alignnone size-medium wp-image-45069\" role=\"img\" src=\"https:\/\/3coty.com\/wp-content\/uploads\/2025\/07\/3coty-p-52-description-1.svg\" alt=\"\" width=\"300\" height=\"300\" \/><\/a><\/p>\n<p><strong>KA\u0136IEM AR JUT\u012aGU UR\u012aNCE\u013bU SIST\u0112MU<\/strong> | SAPL\u0112STS | MONOPROT\u0112\u012aNU KA\u0136U BAR\u012aBA<\/p>\n<p><a href=\"https:\/\/3coty.com\/wp-content\/uploads\/2025\/07\/3coty-p-52-description-2.svg\"><img decoding=\"async\" class=\"alignnone size-full wp-image-45087\" role=\"img\" src=\"https:\/\/3coty.com\/wp-content\/uploads\/2025\/07\/3coty-p-52-description-2.svg\" alt=\"\" width=\"506\" height=\"85\" \/><\/a><\/p>\n","protected":false},"featured_media":44970,"template":"","meta":{"_acf_changed":false},"product_brand":[],"product_cat":[425],"product_tag":[1209],"class_list":{"0":"post-35871","1":"product","2":"type-product","3":"status-publish","4":"has-post-thumbnail","6":"product_cat-well-being","7":"product_tag-52ch","9":"first","10":"instock","11":"featured","12":"taxable","13":"shipping-taxable","14":"purchasable","15":"product-type-simple"},"acf":[],"yoast_head":"<!-- This site is optimized with the Yoast SEO Premium plugin v27.4 (Yoast SEO v27.4) - https:\/\/yoast.com\/product\/yoast-seo-premium-wordpress\/ -->\n<title>52. VISTA Struvite Care 180 - 3coty\u00ae<\/title>\n<meta name=\"robots\" content=\"index, follow, max-snippet:-1, max-image-preview:large, max-video-preview:-1\" \/>\n<link rel=\"canonical\" href=\"https:\/\/3coty.com\/lv\/p\/52-chicken-180\/\" \/>\n<meta property=\"og:locale\" content=\"lv_LV\" \/>\n<meta property=\"og:type\" content=\"article\" \/>\n<meta property=\"og:title\" content=\"52. VISTA Struvite Care 180\" \/>\n<meta property=\"og:description\" content=\"KA\u0136IEM AR JUT\u012aGU UR\u012aNCE\u013bU SIST\u0112MU | SAPL\u0112STS | MONOPROT\u0112\u012aNU KA\u0136U BAR\u012aBA\" \/>\n<meta property=\"og:url\" content=\"https:\/\/3coty.com\/lv\/p\/52-chicken-180\/\" \/>\n<meta property=\"og:site_name\" content=\"3coty\u00ae\" \/>\n<meta property=\"article:publisher\" content=\"https:\/\/www.facebook.com\/3coty\" \/>\n<meta property=\"article:modified_time\" content=\"2026-04-16T04:21:16+00:00\" \/>\n<meta property=\"og:image\" content=\"https:\/\/3coty.com\/wp-content\/uploads\/2025\/07\/3coty-p-52-180-01.jpg\" \/>\n\t<meta property=\"og:image:width\" content=\"1024\" \/>\n\t<meta property=\"og:image:height\" content=\"1024\" \/>\n\t<meta property=\"og:image:type\" content=\"image\/jpeg\" \/>\n<meta name=\"twitter:card\" content=\"summary_large_image\" \/>\n<meta name=\"twitter:site\" content=\"@3cotyCom\" \/>\n<meta name=\"twitter:label1\" content=\"Price\" \/>\n\t<meta name=\"twitter:data1\" content=\"\u20ac&nbsp;4.00\" \/>\n\t<meta name=\"twitter:label2\" content=\"Availability\" \/>\n\t<meta name=\"twitter:data2\" content=\"In stock\" \/>\n<script type=\"application\/ld+json\" class=\"yoast-schema-graph\">{\"@context\":\"https:\\\/\\\/schema.org\",\"@graph\":[{\"@type\":\"WebPage\",\"@id\":\"https:\\\/\\\/3coty.com\\\/lv\\\/p\\\/52-chicken-180\\\/\",\"url\":\"https:\\\/\\\/3coty.com\\\/lv\\\/p\\\/52-chicken-180\\\/\",\"name\":\"52. VISTA Struvite Care 180 - 3coty\u00ae\",\"isPartOf\":{\"@id\":\"https:\\\/\\\/3coty.com\\\/lv\\\/#website\"},\"primaryImageOfPage\":{\"@id\":\"https:\\\/\\\/3coty.com\\\/lv\\\/p\\\/52-chicken-180\\\/#primaryimage\"},\"image\":{\"@id\":\"https:\\\/\\\/3coty.com\\\/lv\\\/p\\\/52-chicken-180\\\/#primaryimage\"},\"thumbnailUrl\":\"https:\\\/\\\/3coty.com\\\/wp-content\\\/uploads\\\/2025\\\/07\\\/3coty-p-52-180-01.jpg\",\"datePublished\":\"2025-05-26T20:14:46+00:00\",\"dateModified\":\"2026-04-16T04:21:16+00:00\",\"breadcrumb\":{\"@id\":\"https:\\\/\\\/3coty.com\\\/lv\\\/p\\\/52-chicken-180\\\/#breadcrumb\"},\"inLanguage\":\"lv-LV\",\"potentialAction\":[{\"@type\":\"ReadAction\",\"target\":[\"https:\\\/\\\/3coty.com\\\/lv\\\/p\\\/52-chicken-180\\\/\"]}]},{\"@type\":\"ImageObject\",\"inLanguage\":\"lv-LV\",\"@id\":\"https:\\\/\\\/3coty.com\\\/lv\\\/p\\\/52-chicken-180\\\/#primaryimage\",\"url\":\"https:\\\/\\\/3coty.com\\\/wp-content\\\/uploads\\\/2025\\\/07\\\/3coty-p-52-180-01.jpg\",\"contentUrl\":\"https:\\\/\\\/3coty.com\\\/wp-content\\\/uploads\\\/2025\\\/07\\\/3coty-p-52-180-01.jpg\",\"width\":1024,\"height\":1024},{\"@type\":\"BreadcrumbList\",\"@id\":\"https:\\\/\\\/3coty.com\\\/lv\\\/p\\\/52-chicken-180\\\/#breadcrumb\",\"itemListElement\":[{\"@type\":\"ListItem\",\"position\":1,\"name\":\"Home\",\"item\":\"https:\\\/\\\/3coty.com\\\/lv\\\/\"},{\"@type\":\"ListItem\",\"position\":2,\"name\":\"VEIKALS\",\"item\":\"https:\\\/\\\/3coty.com\\\/lv\\\/shop\\\/\"},{\"@type\":\"ListItem\",\"position\":3,\"name\":\"52. VISTA Struvite Care 180\"}]},{\"@type\":\"WebSite\",\"@id\":\"https:\\\/\\\/3coty.com\\\/lv\\\/#website\",\"url\":\"https:\\\/\\\/3coty.com\\\/lv\\\/\",\"name\":\"3coty\u00ae\",\"description\":\"Meat-only Cat Food\",\"publisher\":{\"@id\":\"https:\\\/\\\/3coty.com\\\/lv\\\/#organization\"},\"potentialAction\":[{\"@type\":\"SearchAction\",\"target\":{\"@type\":\"EntryPoint\",\"urlTemplate\":\"https:\\\/\\\/3coty.com\\\/lv\\\/?s={search_term_string}\"},\"query-input\":{\"@type\":\"PropertyValueSpecification\",\"valueRequired\":true,\"valueName\":\"search_term_string\"}}],\"inLanguage\":\"lv-LV\"},{\"@type\":\"Organization\",\"@id\":\"https:\\\/\\\/3coty.com\\\/lv\\\/#organization\",\"name\":\"3coty\u00ae\",\"alternateName\":\"3coty\",\"url\":\"https:\\\/\\\/3coty.com\\\/lv\\\/\",\"logo\":{\"@type\":\"ImageObject\",\"inLanguage\":\"lv-LV\",\"@id\":\"https:\\\/\\\/3coty.com\\\/lv\\\/#\\\/schema\\\/logo\\\/image\\\/\",\"url\":\"https:\\\/\\\/3coty.com\\\/wp-content\\\/uploads\\\/2025\\\/05\\\/icon-3coty-logo.svg\",\"contentUrl\":\"https:\\\/\\\/3coty.com\\\/wp-content\\\/uploads\\\/2025\\\/05\\\/icon-3coty-logo.svg\",\"width\":283,\"height\":283,\"caption\":\"3coty\u00ae\"},\"image\":{\"@id\":\"https:\\\/\\\/3coty.com\\\/lv\\\/#\\\/schema\\\/logo\\\/image\\\/\"},\"sameAs\":[\"https:\\\/\\\/www.facebook.com\\\/3coty\",\"https:\\\/\\\/x.com\\\/3cotyCom\",\"https:\\\/\\\/www.instagram.com\\\/3coty\",\"https:\\\/\\\/www.linkedin.com\\\/company\\\/3coty\",\"https:\\\/\\\/www.youtube.com\\\/@3coty\"]}]}<\/script>\n<meta property=\"product:price:amount\" content=\"4.00\" \/>\n<meta property=\"product:price:currency\" content=\"EUR\" \/>\n<meta property=\"og:availability\" content=\"instock\" \/>\n<meta property=\"product:availability\" content=\"instock\" \/>\n<meta property=\"product:retailer_item_id\" content=\"180T 52CH \/ 5901785318715\" \/>\n<meta property=\"product:condition\" content=\"new\" \/>\n<!-- \/ Yoast SEO Premium plugin. -->","yoast_head_json":{"title":"52. VISTA Struvite Care 180 - 3coty\u00ae","robots":{"index":"index","follow":"follow","max-snippet":"max-snippet:-1","max-image-preview":"max-image-preview:large","max-video-preview":"max-video-preview:-1"},"canonical":"https:\/\/3coty.com\/lv\/p\/52-chicken-180\/","og_locale":"lv_LV","og_type":"article","og_title":"52. VISTA Struvite Care 180","og_description":"KA\u0136IEM AR JUT\u012aGU UR\u012aNCE\u013bU SIST\u0112MU | SAPL\u0112STS | MONOPROT\u0112\u012aNU KA\u0136U BAR\u012aBA","og_url":"https:\/\/3coty.com\/lv\/p\/52-chicken-180\/","og_site_name":"3coty\u00ae","article_publisher":"https:\/\/www.facebook.com\/3coty","article_modified_time":"2026-04-16T04:21:16+00:00","og_image":[{"width":1024,"height":1024,"url":"https:\/\/3coty.com\/wp-content\/uploads\/2025\/07\/3coty-p-52-180-01.jpg","type":"image\/jpeg"}],"twitter_card":"summary_large_image","twitter_site":"@3cotyCom","twitter_misc":{"Price":"\u20ac&nbsp;4.00","Availability":"In stock"},"schema":{"@context":"https:\/\/schema.org","@graph":[{"@type":"WebPage","@id":"https:\/\/3coty.com\/lv\/p\/52-chicken-180\/","url":"https:\/\/3coty.com\/lv\/p\/52-chicken-180\/","name":"52. VISTA Struvite Care 180 - 3coty\u00ae","isPartOf":{"@id":"https:\/\/3coty.com\/lv\/#website"},"primaryImageOfPage":{"@id":"https:\/\/3coty.com\/lv\/p\/52-chicken-180\/#primaryimage"},"image":{"@id":"https:\/\/3coty.com\/lv\/p\/52-chicken-180\/#primaryimage"},"thumbnailUrl":"https:\/\/3coty.com\/wp-content\/uploads\/2025\/07\/3coty-p-52-180-01.jpg","datePublished":"2025-05-26T20:14:46+00:00","dateModified":"2026-04-16T04:21:16+00:00","breadcrumb":{"@id":"https:\/\/3coty.com\/lv\/p\/52-chicken-180\/#breadcrumb"},"inLanguage":"lv-LV","potentialAction":[{"@type":"ReadAction","target":["https:\/\/3coty.com\/lv\/p\/52-chicken-180\/"]}]},{"@type":"ImageObject","inLanguage":"lv-LV","@id":"https:\/\/3coty.com\/lv\/p\/52-chicken-180\/#primaryimage","url":"https:\/\/3coty.com\/wp-content\/uploads\/2025\/07\/3coty-p-52-180-01.jpg","contentUrl":"https:\/\/3coty.com\/wp-content\/uploads\/2025\/07\/3coty-p-52-180-01.jpg","width":1024,"height":1024},{"@type":"BreadcrumbList","@id":"https:\/\/3coty.com\/lv\/p\/52-chicken-180\/#breadcrumb","itemListElement":[{"@type":"ListItem","position":1,"name":"Home","item":"https:\/\/3coty.com\/lv\/"},{"@type":"ListItem","position":2,"name":"VEIKALS","item":"https:\/\/3coty.com\/lv\/shop\/"},{"@type":"ListItem","position":3,"name":"52. VISTA Struvite Care 180"}]},{"@type":"WebSite","@id":"https:\/\/3coty.com\/lv\/#website","url":"https:\/\/3coty.com\/lv\/","name":"3coty\u00ae","description":"Meat-only Cat Food","publisher":{"@id":"https:\/\/3coty.com\/lv\/#organization"},"potentialAction":[{"@type":"SearchAction","target":{"@type":"EntryPoint","urlTemplate":"https:\/\/3coty.com\/lv\/?s={search_term_string}"},"query-input":{"@type":"PropertyValueSpecification","valueRequired":true,"valueName":"search_term_string"}}],"inLanguage":"lv-LV"},{"@type":"Organization","@id":"https:\/\/3coty.com\/lv\/#organization","name":"3coty\u00ae","alternateName":"3coty","url":"https:\/\/3coty.com\/lv\/","logo":{"@type":"ImageObject","inLanguage":"lv-LV","@id":"https:\/\/3coty.com\/lv\/#\/schema\/logo\/image\/","url":"https:\/\/3coty.com\/wp-content\/uploads\/2025\/05\/icon-3coty-logo.svg","contentUrl":"https:\/\/3coty.com\/wp-content\/uploads\/2025\/05\/icon-3coty-logo.svg","width":283,"height":283,"caption":"3coty\u00ae"},"image":{"@id":"https:\/\/3coty.com\/lv\/#\/schema\/logo\/image\/"},"sameAs":["https:\/\/www.facebook.com\/3coty","https:\/\/x.com\/3cotyCom","https:\/\/www.instagram.com\/3coty","https:\/\/www.linkedin.com\/company\/3coty","https:\/\/www.youtube.com\/@3coty"]}]},"product_price_amount":"4.00","product_price_currency":"EUR","og_availability":"instock","product_availability":"instock","product_retailer_item_id":"180T 52CH \/ 5901785318715","product_condition":"new"},"_links":{"self":[{"href":"https:\/\/3coty.com\/lv\/wp-json\/wp\/v2\/product\/35871","targetHints":{"allow":["GET"]}}],"collection":[{"href":"https:\/\/3coty.com\/lv\/wp-json\/wp\/v2\/product"}],"about":[{"href":"https:\/\/3coty.com\/lv\/wp-json\/wp\/v2\/types\/product"}],"version-history":[{"count":4,"href":"https:\/\/3coty.com\/lv\/wp-json\/wp\/v2\/product\/35871\/revisions"}],"predecessor-version":[{"id":45499,"href":"https:\/\/3coty.com\/lv\/wp-json\/wp\/v2\/product\/35871\/revisions\/45499"}],"wp:featuredmedia":[{"embeddable":true,"href":"https:\/\/3coty.com\/lv\/wp-json\/wp\/v2\/media\/44970"}],"wp:attachment":[{"href":"https:\/\/3coty.com\/lv\/wp-json\/wp\/v2\/media?parent=35871"}],"wp:term":[{"taxonomy":"product_brand","embeddable":true,"href":"https:\/\/3coty.com\/lv\/wp-json\/wp\/v2\/product_brand?post=35871"},{"taxonomy":"product_cat","embeddable":true,"href":"https:\/\/3coty.com\/lv\/wp-json\/wp\/v2\/product_cat?post=35871"},{"taxonomy":"product_tag","embeddable":true,"href":"https:\/\/3coty.com\/lv\/wp-json\/wp\/v2\/product_tag?post=35871"}],"curies":[{"name":"wp","href":"https:\/\/api.w.org\/{rel}","templated":true}]}}