{"id":35863,"date":"2025-05-26T16:20:36","date_gmt":"2025-05-26T16:20:36","guid":{"rendered":"https:\/\/3coty.com\/p\/47-turkey-goose-780\/"},"modified":"2026-04-02T13:13:30","modified_gmt":"2026-04-02T13:13:30","slug":"47-turkey-goose-780","status":"publish","type":"product","link":"https:\/\/3coty.com\/lv\/p\/47-turkey-goose-780\/","title":{"rendered":"47. T\u012aTARS + ZOSIS 780"},"content":{"rendered":"<p><a href=\"https:\/\/3coty.com\/wp-content\/uploads\/2025\/07\/3coty-p-47-tab-1.svg\"><img fetchpriority=\"high\" decoding=\"async\" class=\"alignnone size-full wp-image-46265\" role=\"img\" src=\"https:\/\/3coty.com\/wp-content\/uploads\/2025\/07\/3coty-p-47-tab-1.svg\" alt=\"\" width=\"283\" height=\"283\" \/><\/a><\/p>\n<h2>DAB\u012aGA UN PILNV\u0112RT\u012aGA 3COTY\u00ae KA\u0136\u0112NU BAR\u012aBA<\/h2>\n<p><strong>100% DAB\u012aGAS GA\u013bAS SAST\u0100VDA\u013bAS un dz\u012bvnieku izcelsmes produkti, pagatavoti sav\u0101 barojo\u0161aj\u0101 buljon\u0101<\/strong><\/p>\n<p>Augstas kalorit\u0101tes mitr\u0101 ka\u0137u bar\u012bba ka\u0137\u0113niem, pagatavota tikai no t\u012btaru un zosu ga\u013cas. \u0160\u012b bag\u0101t\u012bg\u0101 musa ir ide\u0101li piem\u0113rota gad\u012bjumiem, kad ir ba\u017eas par aler\u0123ij\u0101m, kas var tikt p\u0101rnestas no mammas uz ka\u0137\u0113niem. T\u0101 pied\u0101v\u0101 iesp\u0113ju atteikties no vistas, lai ka\u0137\u0113ni var\u0113tu att\u012bst\u012bties, nep\u0101rslogojot im\u016bnsist\u0113mu. Maig\u0101 musa konsistence un augstais kaloriju saturs padara to piem\u0113rotu ar\u012b atvese\u013cojo\u0161iem ka\u0137iem, lai pal\u012bdz\u0113tu tiem atg\u016bt sp\u0113kus.<\/p>\n<p>Bag\u0101t\u012bga musa ka\u0137\u0113nu bar\u012bba no t\u012btaru un zosu ga\u013cas, ide\u0101la k\u0101 pirm\u0101 bar\u012bba ka\u0137\u0113niem no aler\u0123isk\u0101m m\u0101t\u0113m.<\/p>\n","protected":false},"excerpt":{"rendered":"<p><a href=\"https:\/\/3coty.com\/wp-content\/uploads\/2025\/07\/3coty-p-47-description-1.svg\"><img decoding=\"async\" class=\"alignnone size-medium wp-image-46229\" role=\"img\" src=\"https:\/\/3coty.com\/wp-content\/uploads\/2025\/07\/3coty-p-47-description-1.svg\" alt=\"\" width=\"300\" height=\"300\" \/><\/a><\/p>\n<p><strong>KA\u0136\u0112NIEM<\/strong> | MUSA | DUPROT\u0112\u012aNU KA\u0136U BAR\u012aBA<\/p>\n<p><a href=\"https:\/\/3coty.com\/wp-content\/uploads\/2025\/07\/3coty-p-47-description-4.svg\"><img decoding=\"async\" class=\"alignnone size-full wp-image-46247\" role=\"img\" src=\"https:\/\/3coty.com\/wp-content\/uploads\/2025\/07\/3coty-p-47-description-4.svg\" alt=\"\" width=\"506\" height=\"85\" \/><\/a><\/p>\n","protected":false},"featured_media":46454,"template":"","meta":{"_acf_changed":false},"product_brand":[],"product_cat":[395],"product_tag":[1159],"class_list":{"0":"post-35863","1":"product","2":"type-product","3":"status-publish","4":"has-post-thumbnail","6":"product_cat-for-kittens","7":"product_tag-47tg","9":"first","10":"instock","11":"featured","12":"taxable","13":"shipping-taxable","14":"purchasable","15":"product-type-simple"},"acf":[],"yoast_head":"<!-- This site is optimized with the Yoast SEO Premium plugin v27.4 (Yoast SEO v27.4) - https:\/\/yoast.com\/product\/yoast-seo-premium-wordpress\/ -->\n<title>47. T\u012aTARS + ZOSIS 780 - 3coty\u00ae<\/title>\n<meta name=\"robots\" content=\"index, follow, max-snippet:-1, max-image-preview:large, max-video-preview:-1\" \/>\n<link rel=\"canonical\" href=\"https:\/\/3coty.com\/lv\/p\/47-turkey-goose-780\/\" \/>\n<meta property=\"og:locale\" content=\"lv_LV\" \/>\n<meta property=\"og:type\" content=\"article\" \/>\n<meta property=\"og:title\" content=\"47. T\u012aTARS + ZOSIS 780\" \/>\n<meta property=\"og:description\" content=\"KA\u0136\u0112NIEM | MUSA | DUPROT\u0112\u012aNU KA\u0136U BAR\u012aBA\" \/>\n<meta property=\"og:url\" content=\"https:\/\/3coty.com\/lv\/p\/47-turkey-goose-780\/\" \/>\n<meta property=\"og:site_name\" content=\"3coty\u00ae\" \/>\n<meta property=\"article:publisher\" content=\"https:\/\/www.facebook.com\/3coty\" \/>\n<meta property=\"article:modified_time\" content=\"2026-04-02T13:13:30+00:00\" \/>\n<meta property=\"og:image\" content=\"https:\/\/3coty.com\/wp-content\/uploads\/2025\/07\/3coty-p-47-780-01.jpg\" \/>\n\t<meta property=\"og:image:width\" content=\"1024\" \/>\n\t<meta property=\"og:image:height\" content=\"1024\" \/>\n\t<meta property=\"og:image:type\" content=\"image\/jpeg\" \/>\n<meta name=\"twitter:card\" content=\"summary_large_image\" \/>\n<meta name=\"twitter:site\" content=\"@3cotyCom\" \/>\n<meta name=\"twitter:label1\" content=\"Price\" \/>\n\t<meta name=\"twitter:data1\" content=\"\u20ac&nbsp;10.35\" \/>\n\t<meta name=\"twitter:label2\" content=\"Availability\" \/>\n\t<meta name=\"twitter:data2\" content=\"In stock\" \/>\n<script type=\"application\/ld+json\" class=\"yoast-schema-graph\">{\"@context\":\"https:\\\/\\\/schema.org\",\"@graph\":[{\"@type\":\"WebPage\",\"@id\":\"https:\\\/\\\/3coty.com\\\/lv\\\/p\\\/47-turkey-goose-780\\\/\",\"url\":\"https:\\\/\\\/3coty.com\\\/lv\\\/p\\\/47-turkey-goose-780\\\/\",\"name\":\"47. T\u012aTARS + ZOSIS 780 - 3coty\u00ae\",\"isPartOf\":{\"@id\":\"https:\\\/\\\/3coty.com\\\/lv\\\/#website\"},\"primaryImageOfPage\":{\"@id\":\"https:\\\/\\\/3coty.com\\\/lv\\\/p\\\/47-turkey-goose-780\\\/#primaryimage\"},\"image\":{\"@id\":\"https:\\\/\\\/3coty.com\\\/lv\\\/p\\\/47-turkey-goose-780\\\/#primaryimage\"},\"thumbnailUrl\":\"https:\\\/\\\/3coty.com\\\/wp-content\\\/uploads\\\/2025\\\/07\\\/3coty-p-47-780-01.jpg\",\"datePublished\":\"2025-05-26T16:20:36+00:00\",\"dateModified\":\"2026-04-02T13:13:30+00:00\",\"breadcrumb\":{\"@id\":\"https:\\\/\\\/3coty.com\\\/lv\\\/p\\\/47-turkey-goose-780\\\/#breadcrumb\"},\"inLanguage\":\"lv-LV\",\"potentialAction\":[{\"@type\":\"ReadAction\",\"target\":[\"https:\\\/\\\/3coty.com\\\/lv\\\/p\\\/47-turkey-goose-780\\\/\"]}]},{\"@type\":\"ImageObject\",\"inLanguage\":\"lv-LV\",\"@id\":\"https:\\\/\\\/3coty.com\\\/lv\\\/p\\\/47-turkey-goose-780\\\/#primaryimage\",\"url\":\"https:\\\/\\\/3coty.com\\\/wp-content\\\/uploads\\\/2025\\\/07\\\/3coty-p-47-780-01.jpg\",\"contentUrl\":\"https:\\\/\\\/3coty.com\\\/wp-content\\\/uploads\\\/2025\\\/07\\\/3coty-p-47-780-01.jpg\",\"width\":1024,\"height\":1024},{\"@type\":\"BreadcrumbList\",\"@id\":\"https:\\\/\\\/3coty.com\\\/lv\\\/p\\\/47-turkey-goose-780\\\/#breadcrumb\",\"itemListElement\":[{\"@type\":\"ListItem\",\"position\":1,\"name\":\"Home\",\"item\":\"https:\\\/\\\/3coty.com\\\/lv\\\/\"},{\"@type\":\"ListItem\",\"position\":2,\"name\":\"VEIKALS\",\"item\":\"https:\\\/\\\/3coty.com\\\/lv\\\/shop\\\/\"},{\"@type\":\"ListItem\",\"position\":3,\"name\":\"47. T\u012aTARS + ZOSIS 780\"}]},{\"@type\":\"WebSite\",\"@id\":\"https:\\\/\\\/3coty.com\\\/lv\\\/#website\",\"url\":\"https:\\\/\\\/3coty.com\\\/lv\\\/\",\"name\":\"3coty\u00ae\",\"description\":\"Meat-only Cat Food\",\"publisher\":{\"@id\":\"https:\\\/\\\/3coty.com\\\/lv\\\/#organization\"},\"potentialAction\":[{\"@type\":\"SearchAction\",\"target\":{\"@type\":\"EntryPoint\",\"urlTemplate\":\"https:\\\/\\\/3coty.com\\\/lv\\\/?s={search_term_string}\"},\"query-input\":{\"@type\":\"PropertyValueSpecification\",\"valueRequired\":true,\"valueName\":\"search_term_string\"}}],\"inLanguage\":\"lv-LV\"},{\"@type\":\"Organization\",\"@id\":\"https:\\\/\\\/3coty.com\\\/lv\\\/#organization\",\"name\":\"3coty\u00ae\",\"alternateName\":\"3coty\",\"url\":\"https:\\\/\\\/3coty.com\\\/lv\\\/\",\"logo\":{\"@type\":\"ImageObject\",\"inLanguage\":\"lv-LV\",\"@id\":\"https:\\\/\\\/3coty.com\\\/lv\\\/#\\\/schema\\\/logo\\\/image\\\/\",\"url\":\"https:\\\/\\\/3coty.com\\\/wp-content\\\/uploads\\\/2025\\\/05\\\/icon-3coty-logo.svg\",\"contentUrl\":\"https:\\\/\\\/3coty.com\\\/wp-content\\\/uploads\\\/2025\\\/05\\\/icon-3coty-logo.svg\",\"width\":283,\"height\":283,\"caption\":\"3coty\u00ae\"},\"image\":{\"@id\":\"https:\\\/\\\/3coty.com\\\/lv\\\/#\\\/schema\\\/logo\\\/image\\\/\"},\"sameAs\":[\"https:\\\/\\\/www.facebook.com\\\/3coty\",\"https:\\\/\\\/x.com\\\/3cotyCom\",\"https:\\\/\\\/www.instagram.com\\\/3coty\",\"https:\\\/\\\/www.linkedin.com\\\/company\\\/3coty\",\"https:\\\/\\\/www.youtube.com\\\/@3coty\"]}]}<\/script>\n<meta property=\"product:price:amount\" content=\"10.35\" \/>\n<meta property=\"product:price:currency\" content=\"EUR\" \/>\n<meta property=\"og:availability\" content=\"instock\" \/>\n<meta property=\"product:availability\" content=\"instock\" \/>\n<meta property=\"product:retailer_item_id\" content=\"780T 47TG \/ 5901785317053\" \/>\n<meta property=\"product:condition\" content=\"new\" \/>\n<!-- \/ Yoast SEO Premium plugin. -->","yoast_head_json":{"title":"47. T\u012aTARS + ZOSIS 780 - 3coty\u00ae","robots":{"index":"index","follow":"follow","max-snippet":"max-snippet:-1","max-image-preview":"max-image-preview:large","max-video-preview":"max-video-preview:-1"},"canonical":"https:\/\/3coty.com\/lv\/p\/47-turkey-goose-780\/","og_locale":"lv_LV","og_type":"article","og_title":"47. T\u012aTARS + ZOSIS 780","og_description":"KA\u0136\u0112NIEM | MUSA | DUPROT\u0112\u012aNU KA\u0136U BAR\u012aBA","og_url":"https:\/\/3coty.com\/lv\/p\/47-turkey-goose-780\/","og_site_name":"3coty\u00ae","article_publisher":"https:\/\/www.facebook.com\/3coty","article_modified_time":"2026-04-02T13:13:30+00:00","og_image":[{"width":1024,"height":1024,"url":"https:\/\/3coty.com\/wp-content\/uploads\/2025\/07\/3coty-p-47-780-01.jpg","type":"image\/jpeg"}],"twitter_card":"summary_large_image","twitter_site":"@3cotyCom","twitter_misc":{"Price":"\u20ac&nbsp;10.35","Availability":"In stock"},"schema":{"@context":"https:\/\/schema.org","@graph":[{"@type":"WebPage","@id":"https:\/\/3coty.com\/lv\/p\/47-turkey-goose-780\/","url":"https:\/\/3coty.com\/lv\/p\/47-turkey-goose-780\/","name":"47. T\u012aTARS + ZOSIS 780 - 3coty\u00ae","isPartOf":{"@id":"https:\/\/3coty.com\/lv\/#website"},"primaryImageOfPage":{"@id":"https:\/\/3coty.com\/lv\/p\/47-turkey-goose-780\/#primaryimage"},"image":{"@id":"https:\/\/3coty.com\/lv\/p\/47-turkey-goose-780\/#primaryimage"},"thumbnailUrl":"https:\/\/3coty.com\/wp-content\/uploads\/2025\/07\/3coty-p-47-780-01.jpg","datePublished":"2025-05-26T16:20:36+00:00","dateModified":"2026-04-02T13:13:30+00:00","breadcrumb":{"@id":"https:\/\/3coty.com\/lv\/p\/47-turkey-goose-780\/#breadcrumb"},"inLanguage":"lv-LV","potentialAction":[{"@type":"ReadAction","target":["https:\/\/3coty.com\/lv\/p\/47-turkey-goose-780\/"]}]},{"@type":"ImageObject","inLanguage":"lv-LV","@id":"https:\/\/3coty.com\/lv\/p\/47-turkey-goose-780\/#primaryimage","url":"https:\/\/3coty.com\/wp-content\/uploads\/2025\/07\/3coty-p-47-780-01.jpg","contentUrl":"https:\/\/3coty.com\/wp-content\/uploads\/2025\/07\/3coty-p-47-780-01.jpg","width":1024,"height":1024},{"@type":"BreadcrumbList","@id":"https:\/\/3coty.com\/lv\/p\/47-turkey-goose-780\/#breadcrumb","itemListElement":[{"@type":"ListItem","position":1,"name":"Home","item":"https:\/\/3coty.com\/lv\/"},{"@type":"ListItem","position":2,"name":"VEIKALS","item":"https:\/\/3coty.com\/lv\/shop\/"},{"@type":"ListItem","position":3,"name":"47. T\u012aTARS + ZOSIS 780"}]},{"@type":"WebSite","@id":"https:\/\/3coty.com\/lv\/#website","url":"https:\/\/3coty.com\/lv\/","name":"3coty\u00ae","description":"Meat-only Cat Food","publisher":{"@id":"https:\/\/3coty.com\/lv\/#organization"},"potentialAction":[{"@type":"SearchAction","target":{"@type":"EntryPoint","urlTemplate":"https:\/\/3coty.com\/lv\/?s={search_term_string}"},"query-input":{"@type":"PropertyValueSpecification","valueRequired":true,"valueName":"search_term_string"}}],"inLanguage":"lv-LV"},{"@type":"Organization","@id":"https:\/\/3coty.com\/lv\/#organization","name":"3coty\u00ae","alternateName":"3coty","url":"https:\/\/3coty.com\/lv\/","logo":{"@type":"ImageObject","inLanguage":"lv-LV","@id":"https:\/\/3coty.com\/lv\/#\/schema\/logo\/image\/","url":"https:\/\/3coty.com\/wp-content\/uploads\/2025\/05\/icon-3coty-logo.svg","contentUrl":"https:\/\/3coty.com\/wp-content\/uploads\/2025\/05\/icon-3coty-logo.svg","width":283,"height":283,"caption":"3coty\u00ae"},"image":{"@id":"https:\/\/3coty.com\/lv\/#\/schema\/logo\/image\/"},"sameAs":["https:\/\/www.facebook.com\/3coty","https:\/\/x.com\/3cotyCom","https:\/\/www.instagram.com\/3coty","https:\/\/www.linkedin.com\/company\/3coty","https:\/\/www.youtube.com\/@3coty"]}]},"product_price_amount":"10.35","product_price_currency":"EUR","og_availability":"instock","product_availability":"instock","product_retailer_item_id":"780T 47TG \/ 5901785317053","product_condition":"new"},"_links":{"self":[{"href":"https:\/\/3coty.com\/lv\/wp-json\/wp\/v2\/product\/35863","targetHints":{"allow":["GET"]}}],"collection":[{"href":"https:\/\/3coty.com\/lv\/wp-json\/wp\/v2\/product"}],"about":[{"href":"https:\/\/3coty.com\/lv\/wp-json\/wp\/v2\/types\/product"}],"version-history":[{"count":4,"href":"https:\/\/3coty.com\/lv\/wp-json\/wp\/v2\/product\/35863\/revisions"}],"predecessor-version":[{"id":46544,"href":"https:\/\/3coty.com\/lv\/wp-json\/wp\/v2\/product\/35863\/revisions\/46544"}],"wp:featuredmedia":[{"embeddable":true,"href":"https:\/\/3coty.com\/lv\/wp-json\/wp\/v2\/media\/46454"}],"wp:attachment":[{"href":"https:\/\/3coty.com\/lv\/wp-json\/wp\/v2\/media?parent=35863"}],"wp:term":[{"taxonomy":"product_brand","embeddable":true,"href":"https:\/\/3coty.com\/lv\/wp-json\/wp\/v2\/product_brand?post=35863"},{"taxonomy":"product_cat","embeddable":true,"href":"https:\/\/3coty.com\/lv\/wp-json\/wp\/v2\/product_cat?post=35863"},{"taxonomy":"product_tag","embeddable":true,"href":"https:\/\/3coty.com\/lv\/wp-json\/wp\/v2\/product_tag?post=35863"}],"curies":[{"name":"wp","href":"https:\/\/api.w.org\/{rel}","templated":true}]}}