{"id":35849,"date":"2025-05-25T13:06:59","date_gmt":"2025-05-25T13:06:59","guid":{"rendered":"https:\/\/3coty.com\/p\/41-turkey-chicken-180\/"},"modified":"2026-04-16T04:14:09","modified_gmt":"2026-04-16T04:14:09","slug":"41-turkey-chicken-180","status":"publish","type":"product","link":"https:\/\/3coty.com\/lv\/p\/41-turkey-chicken-180\/","title":{"rendered":"41. T\u012aTARS + VISTA 180"},"content":{"rendered":"<p><a href=\"https:\/\/3coty.com\/wp-content\/uploads\/2025\/07\/3coty-p-41-tab-1.svg\"><img fetchpriority=\"high\" decoding=\"async\" class=\"alignnone size-full wp-image-48186\" role=\"img\" src=\"https:\/\/3coty.com\/wp-content\/uploads\/2025\/07\/3coty-p-41-tab-1.svg\" alt=\"\" width=\"283\" height=\"283\" \/><\/a><\/p>\n<h2>DAB\u012aGA UN PILNV\u0112RT\u012aGA 3COTY\u00ae KA\u0136\u0112NU BAR\u012aBA<\/h2>\n<p><strong>100% DAB\u012aGAS GA\u013bAS SAST\u0100VDA\u013bAS un dz\u012bvnieku izcelsmes produkti, pagatavoti sav\u0101 barojo\u0161aj\u0101 buljon\u0101<\/strong><\/p>\n<p>\u0160\u012b ka\u0137\u0113nu bar\u012bba ir \u012bpa\u0161i izstr\u0101d\u0101ta k\u0101 pirm\u0101 ciet\u0101 bar\u012bba aug\u0161anas un att\u012bst\u012bbas atbalstam. M\u016bsas tekst\u016bra ir viegli nolaiz\u0101ma, kam\u0113r zobi v\u0113l att\u012bst\u0101s. Ka\u0137\u0113ni iepaz\u012bstas ar diviem galvenajiem prote\u012bniem, kas sastopami daudz\u0101s pieaugu\u0161o ka\u0137u bar\u012bb\u0101s. Gar\u0161a ir \u013coti l\u012bdz\u012bga 21. T\u012aTARS + VISTA, t\u0101p\u0113c p\u0101reja uz pieaugu\u0161o bar\u012bbu b\u016bs vienk\u0101r\u0161a.<\/p>\n<p>Ka\u0137\u0113nu bar\u012bba m\u016bsas tekst\u016br\u0101, pagatavota no vistas un t\u012btara, pirmajai tikai no ga\u013cas gatavotajai di\u0113tai.<\/p>\n","protected":false},"excerpt":{"rendered":"<p><a href=\"https:\/\/3coty.com\/wp-content\/uploads\/2025\/07\/3coty-p-41-description-1.svg\"><img decoding=\"async\" class=\"alignnone size-medium wp-image-48150\" role=\"img\" src=\"https:\/\/3coty.com\/wp-content\/uploads\/2025\/07\/3coty-p-41-description-1.svg\" alt=\"\" width=\"300\" height=\"300\" \/><\/a><\/p>\n<p><strong>KA\u0136\u0112NIEM<\/strong> | MUSA | DUPROT\u0112\u012aNU KA\u0136U BAR\u012aBA<\/p>\n<p><a href=\"https:\/\/3coty.com\/wp-content\/uploads\/2025\/07\/3coty-p-41-description-2.svg\"><img decoding=\"async\" class=\"alignnone size-full wp-image-48168\" role=\"img\" src=\"https:\/\/3coty.com\/wp-content\/uploads\/2025\/07\/3coty-p-41-description-2.svg\" alt=\"\" width=\"506\" height=\"85\" \/><\/a><\/p>\n","protected":false},"featured_media":48321,"template":"","meta":{"_acf_changed":false},"product_brand":[1952],"product_cat":[395],"product_tag":[1120],"class_list":{"0":"post-35849","1":"product","2":"type-product","3":"status-publish","4":"has-post-thumbnail","6":"product_brand-3coty","7":"product_cat-for-kittens","8":"product_tag-41tc","10":"first","11":"instock","12":"featured","13":"taxable","14":"shipping-taxable","15":"purchasable","16":"product-type-simple"},"acf":[],"yoast_head":"<!-- This site is optimized with the Yoast SEO Premium plugin v27.4 (Yoast SEO v27.4) - https:\/\/yoast.com\/product\/yoast-seo-premium-wordpress\/ -->\n<title>41. T\u012aTARS + VISTA 180 (180g) | Ka\u0137\u0113niem | 3coty\u00ae Dab\u012bga Ka\u0137u Bar\u012bba 100% Ga\u013cas<\/title>\n<meta name=\"description\" content=\"T\u012btara un vistas bar\u012bba ka\u0137\u0113niem mousse tekst\u016br\u0101 dab\u012bgai pilnv\u0113rt\u012bgai un sabalans\u0113tai di\u0113tai no br\u012b\u017ea, kad tie tiek at\u0161\u0137irti. Ide\u0101li apvienota ga\u013ca aug\u0161anai.\" \/>\n<meta name=\"robots\" content=\"index, follow, max-snippet:-1, max-image-preview:large, max-video-preview:-1\" \/>\n<link rel=\"canonical\" href=\"https:\/\/3coty.com\/lv\/p\/41-turkey-chicken-180\/\" \/>\n<meta property=\"og:locale\" content=\"lv_LV\" \/>\n<meta property=\"og:type\" content=\"article\" \/>\n<meta property=\"og:title\" content=\"41. T\u012aTARS + VISTA 180 (180g) | Ka\u0137\u0113niem | 3coty\u00ae Dab\u012bga Ka\u0137u Bar\u012bba 100% Ga\u013cas\" \/>\n<meta property=\"og:description\" content=\"T\u012btara un vistas bar\u012bba ka\u0137\u0113niem mousse tekst\u016br\u0101 dab\u012bgai pilnv\u0113rt\u012bgai un sabalans\u0113tai di\u0113tai no br\u012b\u017ea, kad tie tiek at\u0161\u0137irti. Ide\u0101li apvienota ga\u013ca aug\u0161anai.\" \/>\n<meta property=\"og:url\" content=\"https:\/\/3coty.com\/lv\/p\/41-turkey-chicken-180\/\" \/>\n<meta property=\"og:site_name\" content=\"3coty\u00ae\" \/>\n<meta property=\"article:publisher\" content=\"https:\/\/www.facebook.com\/3coty\" \/>\n<meta property=\"article:modified_time\" content=\"2026-04-16T04:14:09+00:00\" \/>\n<meta property=\"og:image\" content=\"https:\/\/3coty.com\/wp-content\/uploads\/2025\/10\/3coty-41-turkey-chicken-180-meat-only-cat-food.jpg\" \/>\n\t<meta property=\"og:image:width\" content=\"1200\" \/>\n\t<meta property=\"og:image:height\" content=\"630\" \/>\n\t<meta property=\"og:image:type\" content=\"image\/jpeg\" \/>\n<meta name=\"twitter:card\" content=\"summary_large_image\" \/>\n<meta name=\"twitter:title\" content=\"41. T\u012aTARS + VISTA 180 (180g) | Ka\u0137\u0113niem | 3coty\u00ae Dab\u012bga Ka\u0137u Bar\u012bba 100% Ga\u013cas\" \/>\n<meta name=\"twitter:description\" content=\"T\u012btara un vistas bar\u012bba ka\u0137\u0113niem mousse tekst\u016br\u0101 dab\u012bgai pilnv\u0113rt\u012bgai un sabalans\u0113tai di\u0113tai no br\u012b\u017ea, kad tie tiek at\u0161\u0137irti. Ide\u0101li apvienota ga\u013ca aug\u0161anai.\" \/>\n<meta name=\"twitter:image\" content=\"https:\/\/3coty.com\/wp-content\/uploads\/2025\/10\/3coty-41-turkey-chicken-180-meat-only-cat-food.jpg\" \/>\n<meta name=\"twitter:site\" content=\"@3cotyCom\" \/>\n<meta name=\"twitter:label1\" content=\"Price\" \/>\n\t<meta name=\"twitter:data1\" content=\"\u20ac&nbsp;3.30\" \/>\n\t<meta name=\"twitter:label2\" content=\"Availability\" \/>\n\t<meta name=\"twitter:data2\" content=\"In stock\" \/>\n<script type=\"application\/ld+json\" class=\"yoast-schema-graph\">{\"@context\":\"https:\\\/\\\/schema.org\",\"@graph\":[{\"@type\":\"WebPage\",\"@id\":\"https:\\\/\\\/3coty.com\\\/lv\\\/p\\\/41-turkey-chicken-180\\\/\",\"url\":\"https:\\\/\\\/3coty.com\\\/lv\\\/p\\\/41-turkey-chicken-180\\\/\",\"name\":\"41. T\u012aTARS + VISTA 180 (180g) | Ka\u0137\u0113niem | 3coty\u00ae Dab\u012bga Ka\u0137u Bar\u012bba 100% Ga\u013cas\",\"isPartOf\":{\"@id\":\"https:\\\/\\\/3coty.com\\\/lv\\\/#website\"},\"primaryImageOfPage\":{\"@id\":\"https:\\\/\\\/3coty.com\\\/lv\\\/p\\\/41-turkey-chicken-180\\\/#primaryimage\"},\"image\":{\"@id\":\"https:\\\/\\\/3coty.com\\\/lv\\\/p\\\/41-turkey-chicken-180\\\/#primaryimage\"},\"thumbnailUrl\":\"https:\\\/\\\/3coty.com\\\/wp-content\\\/uploads\\\/2025\\\/07\\\/3coty-p-41-180-01.jpg\",\"datePublished\":\"2025-05-25T13:06:59+00:00\",\"dateModified\":\"2026-04-16T04:14:09+00:00\",\"description\":\"T\u012btara un vistas bar\u012bba ka\u0137\u0113niem mousse tekst\u016br\u0101 dab\u012bgai pilnv\u0113rt\u012bgai un sabalans\u0113tai di\u0113tai no br\u012b\u017ea, kad tie tiek at\u0161\u0137irti. Ide\u0101li apvienota ga\u013ca aug\u0161anai.\",\"breadcrumb\":{\"@id\":\"https:\\\/\\\/3coty.com\\\/lv\\\/p\\\/41-turkey-chicken-180\\\/#breadcrumb\"},\"inLanguage\":\"lv-LV\",\"potentialAction\":[{\"@type\":\"ReadAction\",\"target\":[\"https:\\\/\\\/3coty.com\\\/lv\\\/p\\\/41-turkey-chicken-180\\\/\"]}]},{\"@type\":\"ImageObject\",\"inLanguage\":\"lv-LV\",\"@id\":\"https:\\\/\\\/3coty.com\\\/lv\\\/p\\\/41-turkey-chicken-180\\\/#primaryimage\",\"url\":\"https:\\\/\\\/3coty.com\\\/wp-content\\\/uploads\\\/2025\\\/07\\\/3coty-p-41-180-01.jpg\",\"contentUrl\":\"https:\\\/\\\/3coty.com\\\/wp-content\\\/uploads\\\/2025\\\/07\\\/3coty-p-41-180-01.jpg\",\"width\":1024,\"height\":1024},{\"@type\":\"BreadcrumbList\",\"@id\":\"https:\\\/\\\/3coty.com\\\/lv\\\/p\\\/41-turkey-chicken-180\\\/#breadcrumb\",\"itemListElement\":[{\"@type\":\"ListItem\",\"position\":1,\"name\":\"Home\",\"item\":\"https:\\\/\\\/3coty.com\\\/lv\\\/\"},{\"@type\":\"ListItem\",\"position\":2,\"name\":\"VEIKALS\",\"item\":\"https:\\\/\\\/3coty.com\\\/lv\\\/shop\\\/\"},{\"@type\":\"ListItem\",\"position\":3,\"name\":\"41. T\u012aTARS + VISTA 180\"}]},{\"@type\":\"WebSite\",\"@id\":\"https:\\\/\\\/3coty.com\\\/lv\\\/#website\",\"url\":\"https:\\\/\\\/3coty.com\\\/lv\\\/\",\"name\":\"3coty\u00ae\",\"description\":\"Meat-only Cat Food\",\"publisher\":{\"@id\":\"https:\\\/\\\/3coty.com\\\/lv\\\/#organization\"},\"potentialAction\":[{\"@type\":\"SearchAction\",\"target\":{\"@type\":\"EntryPoint\",\"urlTemplate\":\"https:\\\/\\\/3coty.com\\\/lv\\\/?s={search_term_string}\"},\"query-input\":{\"@type\":\"PropertyValueSpecification\",\"valueRequired\":true,\"valueName\":\"search_term_string\"}}],\"inLanguage\":\"lv-LV\"},{\"@type\":\"Organization\",\"@id\":\"https:\\\/\\\/3coty.com\\\/lv\\\/#organization\",\"name\":\"3coty\u00ae\",\"alternateName\":\"3coty\",\"url\":\"https:\\\/\\\/3coty.com\\\/lv\\\/\",\"logo\":{\"@type\":\"ImageObject\",\"inLanguage\":\"lv-LV\",\"@id\":\"https:\\\/\\\/3coty.com\\\/lv\\\/#\\\/schema\\\/logo\\\/image\\\/\",\"url\":\"https:\\\/\\\/3coty.com\\\/wp-content\\\/uploads\\\/2025\\\/05\\\/icon-3coty-logo.svg\",\"contentUrl\":\"https:\\\/\\\/3coty.com\\\/wp-content\\\/uploads\\\/2025\\\/05\\\/icon-3coty-logo.svg\",\"width\":283,\"height\":283,\"caption\":\"3coty\u00ae\"},\"image\":{\"@id\":\"https:\\\/\\\/3coty.com\\\/lv\\\/#\\\/schema\\\/logo\\\/image\\\/\"},\"sameAs\":[\"https:\\\/\\\/www.facebook.com\\\/3coty\",\"https:\\\/\\\/x.com\\\/3cotyCom\",\"https:\\\/\\\/www.instagram.com\\\/3coty\",\"https:\\\/\\\/www.linkedin.com\\\/company\\\/3coty\",\"https:\\\/\\\/www.youtube.com\\\/@3coty\"]}]}<\/script>\n<meta property=\"product:price:amount\" content=\"3.30\" \/>\n<meta property=\"product:price:currency\" content=\"EUR\" \/>\n<meta property=\"og:availability\" content=\"instock\" \/>\n<meta property=\"product:availability\" content=\"instock\" \/>\n<meta property=\"product:retailer_item_id\" content=\"180T 41TC \/ 5901785316346\" \/>\n<meta property=\"product:condition\" content=\"new\" \/>\n<!-- \/ Yoast SEO Premium plugin. -->","yoast_head_json":{"title":"41. T\u012aTARS + VISTA 180 (180g) | Ka\u0137\u0113niem | 3coty\u00ae Dab\u012bga Ka\u0137u Bar\u012bba 100% Ga\u013cas","description":"T\u012btara un vistas bar\u012bba ka\u0137\u0113niem mousse tekst\u016br\u0101 dab\u012bgai pilnv\u0113rt\u012bgai un sabalans\u0113tai di\u0113tai no br\u012b\u017ea, kad tie tiek at\u0161\u0137irti. Ide\u0101li apvienota ga\u013ca aug\u0161anai.","robots":{"index":"index","follow":"follow","max-snippet":"max-snippet:-1","max-image-preview":"max-image-preview:large","max-video-preview":"max-video-preview:-1"},"canonical":"https:\/\/3coty.com\/lv\/p\/41-turkey-chicken-180\/","og_locale":"lv_LV","og_type":"article","og_title":"41. T\u012aTARS + VISTA 180 (180g) | Ka\u0137\u0113niem | 3coty\u00ae Dab\u012bga Ka\u0137u Bar\u012bba 100% Ga\u013cas","og_description":"T\u012btara un vistas bar\u012bba ka\u0137\u0113niem mousse tekst\u016br\u0101 dab\u012bgai pilnv\u0113rt\u012bgai un sabalans\u0113tai di\u0113tai no br\u012b\u017ea, kad tie tiek at\u0161\u0137irti. Ide\u0101li apvienota ga\u013ca aug\u0161anai.","og_url":"https:\/\/3coty.com\/lv\/p\/41-turkey-chicken-180\/","og_site_name":"3coty\u00ae","article_publisher":"https:\/\/www.facebook.com\/3coty","article_modified_time":"2026-04-16T04:14:09+00:00","og_image":[{"width":1200,"height":630,"url":"https:\/\/3coty.com\/wp-content\/uploads\/2025\/10\/3coty-41-turkey-chicken-180-meat-only-cat-food.jpg","type":"image\/jpeg"}],"twitter_card":"summary_large_image","twitter_title":"41. T\u012aTARS + VISTA 180 (180g) | Ka\u0137\u0113niem | 3coty\u00ae Dab\u012bga Ka\u0137u Bar\u012bba 100% Ga\u013cas","twitter_description":"T\u012btara un vistas bar\u012bba ka\u0137\u0113niem mousse tekst\u016br\u0101 dab\u012bgai pilnv\u0113rt\u012bgai un sabalans\u0113tai di\u0113tai no br\u012b\u017ea, kad tie tiek at\u0161\u0137irti. Ide\u0101li apvienota ga\u013ca aug\u0161anai.","twitter_image":"https:\/\/3coty.com\/wp-content\/uploads\/2025\/10\/3coty-41-turkey-chicken-180-meat-only-cat-food.jpg","twitter_site":"@3cotyCom","twitter_misc":{"Price":"\u20ac&nbsp;3.30","Availability":"In stock"},"schema":{"@context":"https:\/\/schema.org","@graph":[{"@type":"WebPage","@id":"https:\/\/3coty.com\/lv\/p\/41-turkey-chicken-180\/","url":"https:\/\/3coty.com\/lv\/p\/41-turkey-chicken-180\/","name":"41. T\u012aTARS + VISTA 180 (180g) | Ka\u0137\u0113niem | 3coty\u00ae Dab\u012bga Ka\u0137u Bar\u012bba 100% Ga\u013cas","isPartOf":{"@id":"https:\/\/3coty.com\/lv\/#website"},"primaryImageOfPage":{"@id":"https:\/\/3coty.com\/lv\/p\/41-turkey-chicken-180\/#primaryimage"},"image":{"@id":"https:\/\/3coty.com\/lv\/p\/41-turkey-chicken-180\/#primaryimage"},"thumbnailUrl":"https:\/\/3coty.com\/wp-content\/uploads\/2025\/07\/3coty-p-41-180-01.jpg","datePublished":"2025-05-25T13:06:59+00:00","dateModified":"2026-04-16T04:14:09+00:00","description":"T\u012btara un vistas bar\u012bba ka\u0137\u0113niem mousse tekst\u016br\u0101 dab\u012bgai pilnv\u0113rt\u012bgai un sabalans\u0113tai di\u0113tai no br\u012b\u017ea, kad tie tiek at\u0161\u0137irti. Ide\u0101li apvienota ga\u013ca aug\u0161anai.","breadcrumb":{"@id":"https:\/\/3coty.com\/lv\/p\/41-turkey-chicken-180\/#breadcrumb"},"inLanguage":"lv-LV","potentialAction":[{"@type":"ReadAction","target":["https:\/\/3coty.com\/lv\/p\/41-turkey-chicken-180\/"]}]},{"@type":"ImageObject","inLanguage":"lv-LV","@id":"https:\/\/3coty.com\/lv\/p\/41-turkey-chicken-180\/#primaryimage","url":"https:\/\/3coty.com\/wp-content\/uploads\/2025\/07\/3coty-p-41-180-01.jpg","contentUrl":"https:\/\/3coty.com\/wp-content\/uploads\/2025\/07\/3coty-p-41-180-01.jpg","width":1024,"height":1024},{"@type":"BreadcrumbList","@id":"https:\/\/3coty.com\/lv\/p\/41-turkey-chicken-180\/#breadcrumb","itemListElement":[{"@type":"ListItem","position":1,"name":"Home","item":"https:\/\/3coty.com\/lv\/"},{"@type":"ListItem","position":2,"name":"VEIKALS","item":"https:\/\/3coty.com\/lv\/shop\/"},{"@type":"ListItem","position":3,"name":"41. T\u012aTARS + VISTA 180"}]},{"@type":"WebSite","@id":"https:\/\/3coty.com\/lv\/#website","url":"https:\/\/3coty.com\/lv\/","name":"3coty\u00ae","description":"Meat-only Cat Food","publisher":{"@id":"https:\/\/3coty.com\/lv\/#organization"},"potentialAction":[{"@type":"SearchAction","target":{"@type":"EntryPoint","urlTemplate":"https:\/\/3coty.com\/lv\/?s={search_term_string}"},"query-input":{"@type":"PropertyValueSpecification","valueRequired":true,"valueName":"search_term_string"}}],"inLanguage":"lv-LV"},{"@type":"Organization","@id":"https:\/\/3coty.com\/lv\/#organization","name":"3coty\u00ae","alternateName":"3coty","url":"https:\/\/3coty.com\/lv\/","logo":{"@type":"ImageObject","inLanguage":"lv-LV","@id":"https:\/\/3coty.com\/lv\/#\/schema\/logo\/image\/","url":"https:\/\/3coty.com\/wp-content\/uploads\/2025\/05\/icon-3coty-logo.svg","contentUrl":"https:\/\/3coty.com\/wp-content\/uploads\/2025\/05\/icon-3coty-logo.svg","width":283,"height":283,"caption":"3coty\u00ae"},"image":{"@id":"https:\/\/3coty.com\/lv\/#\/schema\/logo\/image\/"},"sameAs":["https:\/\/www.facebook.com\/3coty","https:\/\/x.com\/3cotyCom","https:\/\/www.instagram.com\/3coty","https:\/\/www.linkedin.com\/company\/3coty","https:\/\/www.youtube.com\/@3coty"]}]},"product_price_amount":"3.30","product_price_currency":"EUR","og_availability":"instock","product_availability":"instock","product_retailer_item_id":"180T 41TC \/ 5901785316346","product_condition":"new"},"_links":{"self":[{"href":"https:\/\/3coty.com\/lv\/wp-json\/wp\/v2\/product\/35849","targetHints":{"allow":["GET"]}}],"collection":[{"href":"https:\/\/3coty.com\/lv\/wp-json\/wp\/v2\/product"}],"about":[{"href":"https:\/\/3coty.com\/lv\/wp-json\/wp\/v2\/types\/product"}],"version-history":[{"count":5,"href":"https:\/\/3coty.com\/lv\/wp-json\/wp\/v2\/product\/35849\/revisions"}],"predecessor-version":[{"id":76416,"href":"https:\/\/3coty.com\/lv\/wp-json\/wp\/v2\/product\/35849\/revisions\/76416"}],"wp:featuredmedia":[{"embeddable":true,"href":"https:\/\/3coty.com\/lv\/wp-json\/wp\/v2\/media\/48321"}],"wp:attachment":[{"href":"https:\/\/3coty.com\/lv\/wp-json\/wp\/v2\/media?parent=35849"}],"wp:term":[{"taxonomy":"product_brand","embeddable":true,"href":"https:\/\/3coty.com\/lv\/wp-json\/wp\/v2\/product_brand?post=35849"},{"taxonomy":"product_cat","embeddable":true,"href":"https:\/\/3coty.com\/lv\/wp-json\/wp\/v2\/product_cat?post=35849"},{"taxonomy":"product_tag","embeddable":true,"href":"https:\/\/3coty.com\/lv\/wp-json\/wp\/v2\/product_tag?post=35849"}],"curies":[{"name":"wp","href":"https:\/\/api.w.org\/{rel}","templated":true}]}}