{"id":35780,"date":"2025-05-23T11:38:22","date_gmt":"2025-05-23T11:38:22","guid":{"rendered":"https:\/\/3coty.com\/p\/07-turkey-080\/"},"modified":"2026-03-17T18:46:05","modified_gmt":"2026-03-17T18:46:05","slug":"07-turkey-080","status":"publish","type":"product","link":"https:\/\/3coty.com\/lv\/p\/07-turkey-080\/","title":{"rendered":"07. T\u012aTARS 080"},"content":{"rendered":"<p><a href=\"https:\/\/3coty.com\/wp-content\/uploads\/2025\/07\/3coty-p-07-tab-1.svg\"><img fetchpriority=\"high\" decoding=\"async\" class=\"alignnone size-full wp-image-59665\" role=\"img\" src=\"https:\/\/3coty.com\/wp-content\/uploads\/2025\/07\/3coty-p-07-tab-1.svg\" alt=\"\" width=\"283\" height=\"283\" \/><\/a><\/p>\n<h2>DAB\u012aGA UN PILNV\u0112RT\u012aGA 3COTY\u00ae KA\u0136U BAR\u012aBA<\/h2>\n<p><strong>100% DAB\u012aGAS GA\u013bAS SAST\u0100VDA\u013bAS un dz\u012bvnieku izcelsmes produkti, pagatavoti sav\u0101 barojo\u0161aj\u0101 buljon\u0101<\/strong><\/p>\n<p>Dabiska, pilnv\u0113rt\u012bga un sabalans\u0113ta monoprote\u012bna ka\u0137u bar\u012bba, kas 100% pagatavota no t\u012btara, v\u0101r\u012bta sav\u0101 buljon\u0101. Ide\u0101la monoprote\u012bna bar\u012bba elimin\u0101cijas di\u0113tai, ja ir aizdomas par p\u0101rtikas aler\u0123ij\u0101m. Tom\u0113r t\u0101 nav paredz\u0113ta tikai \u0161\u0101diem gad\u012bjumiem \u2013 t\u0101s sapl\u0113st\u0101 strukt\u016bra pat\u012bk ka\u0137iem, kuriem pat\u012bk ko\u0161\u013c\u0101t bar\u012bbu, k\u0101 tas notiek dab\u0101. To bie\u017ei izv\u0113las pieaugu\u0161i Beng\u0101lijas un Britu \u012bsspalvainie ka\u0137i, k\u0101 ar\u012b citu liel\u0101ku \u0161\u0137ir\u0146u p\u0101rst\u0101vji. Ka\u0137\u0113niem t\u0101 var b\u016bt gr\u016bt\u0101k sako\u0161\u013c\u0101jama.<\/p>\n<p>Lieli sapl\u0113sta t\u012btara gabali sav\u0101 \u017eelej\u0101, \u0161\u012b monoprote\u012bna ka\u0137u bar\u012bba ir ide\u0101li piem\u0113rota elimin\u0101cijas di\u0113tai.<\/p>\n<p>&nbsp;<\/p>\n","protected":false},"excerpt":{"rendered":"<p><a href=\"https:\/\/3coty.com\/wp-content\/uploads\/2025\/07\/3coty-p-07-description-1.svg\"><img decoding=\"async\" class=\"alignnone size-medium wp-image-59629\" role=\"img\" src=\"https:\/\/3coty.com\/wp-content\/uploads\/2025\/07\/3coty-p-07-description-1.svg\" alt=\"\" width=\"300\" height=\"300\" \/><\/a><\/p>\n<p><strong>PIEAUGU\u0160IEM KA\u0136IEM<\/strong> | SAPL\u0112STS | MONOPROT\u0112\u012aNU KA\u0136U BAR\u012aBA<\/p>\n<p><a href=\"https:\/\/3coty.com\/wp-content\/uploads\/2025\/07\/3coty-p-07-description-2.svg\"><img decoding=\"async\" class=\"alignnone size-full wp-image-59647\" role=\"img\" src=\"https:\/\/3coty.com\/wp-content\/uploads\/2025\/07\/3coty-p-07-description-2.svg\" alt=\"\" width=\"506\" height=\"85\" \/><\/a><\/p>\n","protected":false},"featured_media":59120,"template":"","meta":{"_acf_changed":false},"product_brand":[1952],"product_cat":[362],"product_tag":[845],"class_list":{"0":"post-35780","1":"product","2":"type-product","3":"status-publish","4":"has-post-thumbnail","6":"product_brand-3coty","7":"product_cat-for-adult-cats","8":"product_tag-07tu","10":"first","11":"instock","12":"featured","13":"taxable","14":"shipping-taxable","15":"purchasable","16":"product-type-simple"},"acf":[],"yoast_head":"<!-- This site is optimized with the Yoast SEO Premium plugin v27.4 (Yoast SEO v27.4) - https:\/\/yoast.com\/product\/yoast-seo-premium-wordpress\/ -->\n<title>07. T\u012aTARS 080 (80g) | Pieaugu\u0161iem ka\u0137iem | 3coty\u00ae Dab\u012bga Ka\u0137u Bar\u012bba 100% Ga\u013cas<\/title>\n<meta name=\"description\" content=\"\u0160\u012b monoprote\u012bna mitr\u0101 bar\u012bba 100% no sapl\u0113sta t\u012btara ir dabiska, pilnv\u0113rt\u012bga un sabalans\u0113ta un ir gatavota sav\u0101 buljon\u0101. T\u0101 ir ide\u0101la pieaugu\u0161iem ka\u0137iem elimin\u0101cijas di\u0113t\u0101s, kad ir aizdomas par p\u0101rtikas aler\u0123iju, un \u012bpa\u0161i piem\u0113rota lielaj\u0101m \u0161\u0137irn\u0113m, kur\u0101m pat\u012bk liel\u0101ki ga\u013cas gabali. 3coty\u00ae bar\u012bba, kas gatavota tikai no ga\u013cas.\" \/>\n<meta name=\"robots\" content=\"index, follow, max-snippet:-1, max-image-preview:large, max-video-preview:-1\" \/>\n<link rel=\"canonical\" href=\"https:\/\/3coty.com\/lv\/p\/07-turkey-080\/\" \/>\n<meta property=\"og:locale\" content=\"lv_LV\" \/>\n<meta property=\"og:type\" content=\"article\" \/>\n<meta property=\"og:title\" content=\"07. T\u012aTARS 080 (80g) | Pieaugu\u0161iem ka\u0137iem | 3coty\u00ae Dab\u012bga Ka\u0137u Bar\u012bba 100% Ga\u013cas\" \/>\n<meta property=\"og:description\" content=\"\u0160\u012b monoprote\u012bna mitr\u0101 bar\u012bba 100% no sapl\u0113sta t\u012btara ir dabiska, pilnv\u0113rt\u012bga un sabalans\u0113ta un ir gatavota sav\u0101 buljon\u0101. T\u0101 ir ide\u0101la pieaugu\u0161iem ka\u0137iem elimin\u0101cijas di\u0113t\u0101s, kad ir aizdomas par p\u0101rtikas aler\u0123iju, un \u012bpa\u0161i piem\u0113rota lielaj\u0101m \u0161\u0137irn\u0113m, kur\u0101m pat\u012bk liel\u0101ki ga\u013cas gabali. 3coty\u00ae bar\u012bba, kas gatavota tikai no ga\u013cas.\" \/>\n<meta property=\"og:url\" content=\"https:\/\/3coty.com\/lv\/p\/07-turkey-080\/\" \/>\n<meta property=\"og:site_name\" content=\"3coty\u00ae\" \/>\n<meta property=\"article:publisher\" content=\"https:\/\/www.facebook.com\/3coty\" \/>\n<meta property=\"article:modified_time\" content=\"2026-03-17T18:46:05+00:00\" \/>\n<meta property=\"og:image\" content=\"https:\/\/3coty.com\/wp-content\/uploads\/2025\/12\/3coty-07-turkey-080-meat-only-cat-food.jpg\" \/>\n\t<meta property=\"og:image:width\" content=\"1200\" \/>\n\t<meta property=\"og:image:height\" content=\"630\" \/>\n\t<meta property=\"og:image:type\" content=\"image\/jpeg\" \/>\n<meta name=\"twitter:card\" content=\"summary_large_image\" \/>\n<meta name=\"twitter:title\" content=\"07. T\u012aTARS 080 (80g) | Pieaugu\u0161iem ka\u0137iem | 3coty\u00ae Dab\u012bga Ka\u0137u Bar\u012bba 100% Ga\u013cas\" \/>\n<meta name=\"twitter:description\" content=\"\u0160\u012b monoprote\u012bna mitr\u0101 bar\u012bba 100% no sapl\u0113sta t\u012btara ir dabiska, pilnv\u0113rt\u012bga un sabalans\u0113ta un ir gatavota sav\u0101 buljon\u0101. T\u0101 ir ide\u0101la pieaugu\u0161iem ka\u0137iem elimin\u0101cijas di\u0113t\u0101s, kad ir aizdomas par p\u0101rtikas aler\u0123iju, un \u012bpa\u0161i piem\u0113rota lielaj\u0101m \u0161\u0137irn\u0113m, kur\u0101m pat\u012bk liel\u0101ki ga\u013cas gabali. 3coty\u00ae bar\u012bba, kas gatavota tikai no ga\u013cas.\" \/>\n<meta name=\"twitter:image\" content=\"https:\/\/3coty.com\/wp-content\/uploads\/2025\/12\/3coty-07-turkey-080-meat-only-cat-food.jpg\" \/>\n<meta name=\"twitter:site\" content=\"@3cotyCom\" \/>\n<meta name=\"twitter:label1\" content=\"Price\" \/>\n\t<meta name=\"twitter:data1\" content=\"\u20ac&nbsp;2.00\" \/>\n\t<meta name=\"twitter:label2\" content=\"Availability\" \/>\n\t<meta name=\"twitter:data2\" content=\"In stock\" \/>\n<script type=\"application\/ld+json\" class=\"yoast-schema-graph\">{\"@context\":\"https:\\\/\\\/schema.org\",\"@graph\":[{\"@type\":\"WebPage\",\"@id\":\"https:\\\/\\\/3coty.com\\\/lv\\\/p\\\/07-turkey-080\\\/\",\"url\":\"https:\\\/\\\/3coty.com\\\/lv\\\/p\\\/07-turkey-080\\\/\",\"name\":\"07. T\u012aTARS 080 (80g) | Pieaugu\u0161iem ka\u0137iem | 3coty\u00ae Dab\u012bga Ka\u0137u Bar\u012bba 100% Ga\u013cas\",\"isPartOf\":{\"@id\":\"https:\\\/\\\/3coty.com\\\/lv\\\/#website\"},\"primaryImageOfPage\":{\"@id\":\"https:\\\/\\\/3coty.com\\\/lv\\\/p\\\/07-turkey-080\\\/#primaryimage\"},\"image\":{\"@id\":\"https:\\\/\\\/3coty.com\\\/lv\\\/p\\\/07-turkey-080\\\/#primaryimage\"},\"thumbnailUrl\":\"https:\\\/\\\/3coty.com\\\/wp-content\\\/uploads\\\/2025\\\/07\\\/3coty-p-07-080-01.jpg\",\"datePublished\":\"2025-05-23T11:38:22+00:00\",\"dateModified\":\"2026-03-17T18:46:05+00:00\",\"description\":\"\u0160\u012b monoprote\u012bna mitr\u0101 bar\u012bba 100% no sapl\u0113sta t\u012btara ir dabiska, pilnv\u0113rt\u012bga un sabalans\u0113ta un ir gatavota sav\u0101 buljon\u0101. T\u0101 ir ide\u0101la pieaugu\u0161iem ka\u0137iem elimin\u0101cijas di\u0113t\u0101s, kad ir aizdomas par p\u0101rtikas aler\u0123iju, un \u012bpa\u0161i piem\u0113rota lielaj\u0101m \u0161\u0137irn\u0113m, kur\u0101m pat\u012bk liel\u0101ki ga\u013cas gabali. 3coty\u00ae bar\u012bba, kas gatavota tikai no ga\u013cas.\",\"breadcrumb\":{\"@id\":\"https:\\\/\\\/3coty.com\\\/lv\\\/p\\\/07-turkey-080\\\/#breadcrumb\"},\"inLanguage\":\"lv-LV\",\"potentialAction\":[{\"@type\":\"ReadAction\",\"target\":[\"https:\\\/\\\/3coty.com\\\/lv\\\/p\\\/07-turkey-080\\\/\"]}]},{\"@type\":\"ImageObject\",\"inLanguage\":\"lv-LV\",\"@id\":\"https:\\\/\\\/3coty.com\\\/lv\\\/p\\\/07-turkey-080\\\/#primaryimage\",\"url\":\"https:\\\/\\\/3coty.com\\\/wp-content\\\/uploads\\\/2025\\\/07\\\/3coty-p-07-080-01.jpg\",\"contentUrl\":\"https:\\\/\\\/3coty.com\\\/wp-content\\\/uploads\\\/2025\\\/07\\\/3coty-p-07-080-01.jpg\",\"width\":1024,\"height\":1024},{\"@type\":\"BreadcrumbList\",\"@id\":\"https:\\\/\\\/3coty.com\\\/lv\\\/p\\\/07-turkey-080\\\/#breadcrumb\",\"itemListElement\":[{\"@type\":\"ListItem\",\"position\":1,\"name\":\"Home\",\"item\":\"https:\\\/\\\/3coty.com\\\/lv\\\/\"},{\"@type\":\"ListItem\",\"position\":2,\"name\":\"VEIKALS\",\"item\":\"https:\\\/\\\/3coty.com\\\/lv\\\/shop\\\/\"},{\"@type\":\"ListItem\",\"position\":3,\"name\":\"07. T\u012aTARS 080\"}]},{\"@type\":\"WebSite\",\"@id\":\"https:\\\/\\\/3coty.com\\\/lv\\\/#website\",\"url\":\"https:\\\/\\\/3coty.com\\\/lv\\\/\",\"name\":\"3coty\u00ae\",\"description\":\"Meat-only Cat Food\",\"publisher\":{\"@id\":\"https:\\\/\\\/3coty.com\\\/lv\\\/#organization\"},\"potentialAction\":[{\"@type\":\"SearchAction\",\"target\":{\"@type\":\"EntryPoint\",\"urlTemplate\":\"https:\\\/\\\/3coty.com\\\/lv\\\/?s={search_term_string}\"},\"query-input\":{\"@type\":\"PropertyValueSpecification\",\"valueRequired\":true,\"valueName\":\"search_term_string\"}}],\"inLanguage\":\"lv-LV\"},{\"@type\":\"Organization\",\"@id\":\"https:\\\/\\\/3coty.com\\\/lv\\\/#organization\",\"name\":\"3coty\u00ae\",\"alternateName\":\"3coty\",\"url\":\"https:\\\/\\\/3coty.com\\\/lv\\\/\",\"logo\":{\"@type\":\"ImageObject\",\"inLanguage\":\"lv-LV\",\"@id\":\"https:\\\/\\\/3coty.com\\\/lv\\\/#\\\/schema\\\/logo\\\/image\\\/\",\"url\":\"https:\\\/\\\/3coty.com\\\/wp-content\\\/uploads\\\/2025\\\/05\\\/icon-3coty-logo.svg\",\"contentUrl\":\"https:\\\/\\\/3coty.com\\\/wp-content\\\/uploads\\\/2025\\\/05\\\/icon-3coty-logo.svg\",\"width\":283,\"height\":283,\"caption\":\"3coty\u00ae\"},\"image\":{\"@id\":\"https:\\\/\\\/3coty.com\\\/lv\\\/#\\\/schema\\\/logo\\\/image\\\/\"},\"sameAs\":[\"https:\\\/\\\/www.facebook.com\\\/3coty\",\"https:\\\/\\\/x.com\\\/3cotyCom\",\"https:\\\/\\\/www.instagram.com\\\/3coty\",\"https:\\\/\\\/www.linkedin.com\\\/company\\\/3coty\",\"https:\\\/\\\/www.youtube.com\\\/@3coty\"]}]}<\/script>\n<meta property=\"product:price:amount\" content=\"2.00\" \/>\n<meta property=\"product:price:currency\" content=\"EUR\" \/>\n<meta property=\"og:availability\" content=\"instock\" \/>\n<meta property=\"product:availability\" content=\"instock\" \/>\n<meta property=\"product:retailer_item_id\" content=\"080T 07TU \/ 5901785316902\" \/>\n<meta property=\"product:condition\" content=\"new\" \/>\n<!-- \/ Yoast SEO Premium plugin. -->","yoast_head_json":{"title":"07. T\u012aTARS 080 (80g) | Pieaugu\u0161iem ka\u0137iem | 3coty\u00ae Dab\u012bga Ka\u0137u Bar\u012bba 100% Ga\u013cas","description":"\u0160\u012b monoprote\u012bna mitr\u0101 bar\u012bba 100% no sapl\u0113sta t\u012btara ir dabiska, pilnv\u0113rt\u012bga un sabalans\u0113ta un ir gatavota sav\u0101 buljon\u0101. T\u0101 ir ide\u0101la pieaugu\u0161iem ka\u0137iem elimin\u0101cijas di\u0113t\u0101s, kad ir aizdomas par p\u0101rtikas aler\u0123iju, un \u012bpa\u0161i piem\u0113rota lielaj\u0101m \u0161\u0137irn\u0113m, kur\u0101m pat\u012bk liel\u0101ki ga\u013cas gabali. 3coty\u00ae bar\u012bba, kas gatavota tikai no ga\u013cas.","robots":{"index":"index","follow":"follow","max-snippet":"max-snippet:-1","max-image-preview":"max-image-preview:large","max-video-preview":"max-video-preview:-1"},"canonical":"https:\/\/3coty.com\/lv\/p\/07-turkey-080\/","og_locale":"lv_LV","og_type":"article","og_title":"07. T\u012aTARS 080 (80g) | Pieaugu\u0161iem ka\u0137iem | 3coty\u00ae Dab\u012bga Ka\u0137u Bar\u012bba 100% Ga\u013cas","og_description":"\u0160\u012b monoprote\u012bna mitr\u0101 bar\u012bba 100% no sapl\u0113sta t\u012btara ir dabiska, pilnv\u0113rt\u012bga un sabalans\u0113ta un ir gatavota sav\u0101 buljon\u0101. T\u0101 ir ide\u0101la pieaugu\u0161iem ka\u0137iem elimin\u0101cijas di\u0113t\u0101s, kad ir aizdomas par p\u0101rtikas aler\u0123iju, un \u012bpa\u0161i piem\u0113rota lielaj\u0101m \u0161\u0137irn\u0113m, kur\u0101m pat\u012bk liel\u0101ki ga\u013cas gabali. 3coty\u00ae bar\u012bba, kas gatavota tikai no ga\u013cas.","og_url":"https:\/\/3coty.com\/lv\/p\/07-turkey-080\/","og_site_name":"3coty\u00ae","article_publisher":"https:\/\/www.facebook.com\/3coty","article_modified_time":"2026-03-17T18:46:05+00:00","og_image":[{"width":1200,"height":630,"url":"https:\/\/3coty.com\/wp-content\/uploads\/2025\/12\/3coty-07-turkey-080-meat-only-cat-food.jpg","type":"image\/jpeg"}],"twitter_card":"summary_large_image","twitter_title":"07. T\u012aTARS 080 (80g) | Pieaugu\u0161iem ka\u0137iem | 3coty\u00ae Dab\u012bga Ka\u0137u Bar\u012bba 100% Ga\u013cas","twitter_description":"\u0160\u012b monoprote\u012bna mitr\u0101 bar\u012bba 100% no sapl\u0113sta t\u012btara ir dabiska, pilnv\u0113rt\u012bga un sabalans\u0113ta un ir gatavota sav\u0101 buljon\u0101. T\u0101 ir ide\u0101la pieaugu\u0161iem ka\u0137iem elimin\u0101cijas di\u0113t\u0101s, kad ir aizdomas par p\u0101rtikas aler\u0123iju, un \u012bpa\u0161i piem\u0113rota lielaj\u0101m \u0161\u0137irn\u0113m, kur\u0101m pat\u012bk liel\u0101ki ga\u013cas gabali. 3coty\u00ae bar\u012bba, kas gatavota tikai no ga\u013cas.","twitter_image":"https:\/\/3coty.com\/wp-content\/uploads\/2025\/12\/3coty-07-turkey-080-meat-only-cat-food.jpg","twitter_site":"@3cotyCom","twitter_misc":{"Price":"\u20ac&nbsp;2.00","Availability":"In stock"},"schema":{"@context":"https:\/\/schema.org","@graph":[{"@type":"WebPage","@id":"https:\/\/3coty.com\/lv\/p\/07-turkey-080\/","url":"https:\/\/3coty.com\/lv\/p\/07-turkey-080\/","name":"07. T\u012aTARS 080 (80g) | Pieaugu\u0161iem ka\u0137iem | 3coty\u00ae Dab\u012bga Ka\u0137u Bar\u012bba 100% Ga\u013cas","isPartOf":{"@id":"https:\/\/3coty.com\/lv\/#website"},"primaryImageOfPage":{"@id":"https:\/\/3coty.com\/lv\/p\/07-turkey-080\/#primaryimage"},"image":{"@id":"https:\/\/3coty.com\/lv\/p\/07-turkey-080\/#primaryimage"},"thumbnailUrl":"https:\/\/3coty.com\/wp-content\/uploads\/2025\/07\/3coty-p-07-080-01.jpg","datePublished":"2025-05-23T11:38:22+00:00","dateModified":"2026-03-17T18:46:05+00:00","description":"\u0160\u012b monoprote\u012bna mitr\u0101 bar\u012bba 100% no sapl\u0113sta t\u012btara ir dabiska, pilnv\u0113rt\u012bga un sabalans\u0113ta un ir gatavota sav\u0101 buljon\u0101. T\u0101 ir ide\u0101la pieaugu\u0161iem ka\u0137iem elimin\u0101cijas di\u0113t\u0101s, kad ir aizdomas par p\u0101rtikas aler\u0123iju, un \u012bpa\u0161i piem\u0113rota lielaj\u0101m \u0161\u0137irn\u0113m, kur\u0101m pat\u012bk liel\u0101ki ga\u013cas gabali. 3coty\u00ae bar\u012bba, kas gatavota tikai no ga\u013cas.","breadcrumb":{"@id":"https:\/\/3coty.com\/lv\/p\/07-turkey-080\/#breadcrumb"},"inLanguage":"lv-LV","potentialAction":[{"@type":"ReadAction","target":["https:\/\/3coty.com\/lv\/p\/07-turkey-080\/"]}]},{"@type":"ImageObject","inLanguage":"lv-LV","@id":"https:\/\/3coty.com\/lv\/p\/07-turkey-080\/#primaryimage","url":"https:\/\/3coty.com\/wp-content\/uploads\/2025\/07\/3coty-p-07-080-01.jpg","contentUrl":"https:\/\/3coty.com\/wp-content\/uploads\/2025\/07\/3coty-p-07-080-01.jpg","width":1024,"height":1024},{"@type":"BreadcrumbList","@id":"https:\/\/3coty.com\/lv\/p\/07-turkey-080\/#breadcrumb","itemListElement":[{"@type":"ListItem","position":1,"name":"Home","item":"https:\/\/3coty.com\/lv\/"},{"@type":"ListItem","position":2,"name":"VEIKALS","item":"https:\/\/3coty.com\/lv\/shop\/"},{"@type":"ListItem","position":3,"name":"07. T\u012aTARS 080"}]},{"@type":"WebSite","@id":"https:\/\/3coty.com\/lv\/#website","url":"https:\/\/3coty.com\/lv\/","name":"3coty\u00ae","description":"Meat-only Cat Food","publisher":{"@id":"https:\/\/3coty.com\/lv\/#organization"},"potentialAction":[{"@type":"SearchAction","target":{"@type":"EntryPoint","urlTemplate":"https:\/\/3coty.com\/lv\/?s={search_term_string}"},"query-input":{"@type":"PropertyValueSpecification","valueRequired":true,"valueName":"search_term_string"}}],"inLanguage":"lv-LV"},{"@type":"Organization","@id":"https:\/\/3coty.com\/lv\/#organization","name":"3coty\u00ae","alternateName":"3coty","url":"https:\/\/3coty.com\/lv\/","logo":{"@type":"ImageObject","inLanguage":"lv-LV","@id":"https:\/\/3coty.com\/lv\/#\/schema\/logo\/image\/","url":"https:\/\/3coty.com\/wp-content\/uploads\/2025\/05\/icon-3coty-logo.svg","contentUrl":"https:\/\/3coty.com\/wp-content\/uploads\/2025\/05\/icon-3coty-logo.svg","width":283,"height":283,"caption":"3coty\u00ae"},"image":{"@id":"https:\/\/3coty.com\/lv\/#\/schema\/logo\/image\/"},"sameAs":["https:\/\/www.facebook.com\/3coty","https:\/\/x.com\/3cotyCom","https:\/\/www.instagram.com\/3coty","https:\/\/www.linkedin.com\/company\/3coty","https:\/\/www.youtube.com\/@3coty"]}]},"product_price_amount":"2.00","product_price_currency":"EUR","og_availability":"instock","product_availability":"instock","product_retailer_item_id":"080T 07TU \/ 5901785316902","product_condition":"new"},"_links":{"self":[{"href":"https:\/\/3coty.com\/lv\/wp-json\/wp\/v2\/product\/35780","targetHints":{"allow":["GET"]}}],"collection":[{"href":"https:\/\/3coty.com\/lv\/wp-json\/wp\/v2\/product"}],"about":[{"href":"https:\/\/3coty.com\/lv\/wp-json\/wp\/v2\/types\/product"}],"version-history":[{"count":7,"href":"https:\/\/3coty.com\/lv\/wp-json\/wp\/v2\/product\/35780\/revisions"}],"predecessor-version":[{"id":59751,"href":"https:\/\/3coty.com\/lv\/wp-json\/wp\/v2\/product\/35780\/revisions\/59751"}],"wp:featuredmedia":[{"embeddable":true,"href":"https:\/\/3coty.com\/lv\/wp-json\/wp\/v2\/media\/59120"}],"wp:attachment":[{"href":"https:\/\/3coty.com\/lv\/wp-json\/wp\/v2\/media?parent=35780"}],"wp:term":[{"taxonomy":"product_brand","embeddable":true,"href":"https:\/\/3coty.com\/lv\/wp-json\/wp\/v2\/product_brand?post=35780"},{"taxonomy":"product_cat","embeddable":true,"href":"https:\/\/3coty.com\/lv\/wp-json\/wp\/v2\/product_cat?post=35780"},{"taxonomy":"product_tag","embeddable":true,"href":"https:\/\/3coty.com\/lv\/wp-json\/wp\/v2\/product_tag?post=35780"}],"curies":[{"name":"wp","href":"https:\/\/api.w.org\/{rel}","templated":true}]}}