{"id":35779,"date":"2025-05-23T11:32:54","date_gmt":"2025-05-23T11:32:54","guid":{"rendered":"https:\/\/3coty.com\/p\/06-goose-780\/"},"modified":"2025-12-16T15:27:30","modified_gmt":"2025-12-16T15:27:30","slug":"06-goose-780","status":"publish","type":"product","link":"https:\/\/3coty.com\/lv\/p\/06-goose-780\/","title":{"rendered":"06. ZOSIS 780"},"content":{"rendered":"<p><a href=\"https:\/\/3coty.com\/wp-content\/uploads\/2025\/07\/3coty-p-06-tab-1.svg\"><img fetchpriority=\"high\" decoding=\"async\" class=\"alignnone size-full wp-image-59919\" role=\"img\" src=\"https:\/\/3coty.com\/wp-content\/uploads\/2025\/07\/3coty-p-06-tab-1.svg\" alt=\"\" width=\"283\" height=\"283\" \/><\/a><\/p>\n<h2>DAB\u012aGA UN PILNV\u0112RT\u012aGA 3COTY\u00ae KA\u0136U BAR\u012aBA<\/h2>\n<p><strong>100% DAB\u012aGAS GA\u013bAS SAST\u0100VDA\u013bAS un dz\u012bvnieku izcelsmes produkti, pagatavoti sav\u0101 barojo\u0161aj\u0101 buljon\u0101<\/strong><\/p>\n<p>Izgatavota no tum\u0161\u0101k\u0101s ga\u013cas m\u016bsu sortiment\u0101, \u0161\u012b 100% zosu gar\u0161a ir monoprote\u012bna bar\u012bba, kas piem\u0113rota elimin\u0101cijas di\u0113t\u0101m un pal\u012bdz ka\u0137im uztur\u0113t vesel\u012bgu svaru. T\u0101 ir ar zemu tauku saturu un bag\u0101ta ar uzturviel\u0101m, piem\u0113rota visiem pieaugu\u0161iem ka\u0137iem un ide\u0101la steriliz\u0113tiem ka\u0137iem. T\u0101 ir dabiska, pilnv\u0113rt\u012bga un sabalans\u0113ta mitr\u0101 ka\u0137u bar\u012bba, kuras pieejam\u012bbu var ietekm\u0113t zosu sezon\u0101l\u0101s pieg\u0101des.<\/p>\n<p>Zosu ga\u013ca ir m\u016bsu lies\u0101k\u0101 ga\u013ca. T\u0101 ir \u013coti uzturviel\u0101m bag\u0101ta, piem\u0113rota steriliz\u0113tiem ka\u0137iem un tiem, kuriem j\u0101kontrol\u0113 svars.<\/p>\n","protected":false},"excerpt":{"rendered":"<p><a href=\"https:\/\/3coty.com\/wp-content\/uploads\/2025\/07\/3coty-p-06-description-1.svg\"><img decoding=\"async\" class=\"alignnone wp-image-59883\" role=\"img\" src=\"https:\/\/3coty.com\/wp-content\/uploads\/2025\/07\/3coty-p-06-description-1.svg\" alt=\"\" width=\"350\" \/><\/a><\/p>\n<p><strong>STERILIZ\u0112TIEM UN PIEAUGU\u0160IEM KA\u0136IEM<\/strong> | PAT\u0112 | MONOPROT\u0112\u012aNU KA\u0136U BAR\u012aBA<\/p>\n<p><a href=\"https:\/\/3coty.com\/wp-content\/uploads\/2025\/07\/3coty-p-06-description-2.svg\"><img decoding=\"async\" class=\"alignnone size-full wp-image-59901\" role=\"img\" src=\"https:\/\/3coty.com\/wp-content\/uploads\/2025\/07\/3coty-p-06-description-2.svg\" alt=\"\" width=\"506\" height=\"85\" \/><\/a><\/p>\n","protected":false},"featured_media":60234,"template":"","meta":{"_acf_changed":false},"product_brand":[1952],"product_cat":[362,378],"product_tag":[818],"class_list":{"0":"post-35779","1":"product","2":"type-product","3":"status-publish","4":"has-post-thumbnail","6":"product_brand-3coty","7":"product_cat-for-adult-cats","8":"product_cat-for-sterilised-cats","9":"product_tag-06go","11":"first","12":"outofstock","13":"featured","14":"taxable","15":"shipping-taxable","16":"purchasable","17":"product-type-simple"},"acf":[],"yoast_head":"<!-- This site is optimized with the Yoast SEO Premium plugin v27.4 (Yoast SEO v27.4) - https:\/\/yoast.com\/product\/yoast-seo-premium-wordpress\/ -->\n<title>06. ZOSIS 780 (780g) | Pieaugu\u0161iem ka\u0137iem | 3coty\u00ae Dab\u012bga Ka\u0137u Bar\u012bba 100% Ga\u013cas<\/title>\n<meta name=\"description\" content=\"\u0160\u012b monoprote\u012bna mitr\u0101 bar\u012bba 100% no zoss ir gatavota no tum\u0161\u0101s ga\u013cas, kurai dabiski ir zems tauku saturs un augsta uzturv\u0113rt\u012bba. T\u0101 ir piem\u0113rota visiem pieaugu\u0161iem ka\u0137iem un ir ide\u0101la steriliz\u0113tiem ka\u0137iem un elimin\u0101cijas di\u0113t\u0101m, vienlaikus pal\u012bdzot kontrol\u0113t svaru. Dab\u012bga, pilnv\u0113rt\u012bga un sabalans\u0113ta 3coty\u00ae bar\u012bba, kas gatavota tikai no ga\u013cas.\" \/>\n<meta name=\"robots\" content=\"index, follow, max-snippet:-1, max-image-preview:large, max-video-preview:-1\" \/>\n<link rel=\"canonical\" href=\"https:\/\/3coty.com\/lv\/p\/06-goose-780\/\" \/>\n<meta property=\"og:locale\" content=\"lv_LV\" \/>\n<meta property=\"og:type\" content=\"article\" \/>\n<meta property=\"og:title\" content=\"06. ZOSIS 780 (780g) | Pieaugu\u0161iem ka\u0137iem | 3coty\u00ae Dab\u012bga Ka\u0137u Bar\u012bba 100% Ga\u013cas\" \/>\n<meta property=\"og:description\" content=\"\u0160\u012b monoprote\u012bna mitr\u0101 bar\u012bba 100% no zoss ir gatavota no tum\u0161\u0101s ga\u013cas, kurai dabiski ir zems tauku saturs un augsta uzturv\u0113rt\u012bba. T\u0101 ir piem\u0113rota visiem pieaugu\u0161iem ka\u0137iem un ir ide\u0101la steriliz\u0113tiem ka\u0137iem un elimin\u0101cijas di\u0113t\u0101m, vienlaikus pal\u012bdzot kontrol\u0113t svaru. Dab\u012bga, pilnv\u0113rt\u012bga un sabalans\u0113ta 3coty\u00ae bar\u012bba, kas gatavota tikai no ga\u013cas.\" \/>\n<meta property=\"og:url\" content=\"https:\/\/3coty.com\/lv\/p\/06-goose-780\/\" \/>\n<meta property=\"og:site_name\" content=\"3coty\u00ae\" \/>\n<meta property=\"article:publisher\" content=\"https:\/\/www.facebook.com\/3coty\" \/>\n<meta property=\"article:modified_time\" content=\"2025-12-16T15:27:30+00:00\" \/>\n<meta property=\"og:image\" content=\"https:\/\/3coty.com\/wp-content\/uploads\/2025\/12\/3coty-06-goose-780-meat-only-cat-food.jpg\" \/>\n\t<meta property=\"og:image:width\" content=\"1200\" \/>\n\t<meta property=\"og:image:height\" content=\"630\" \/>\n\t<meta property=\"og:image:type\" content=\"image\/jpeg\" \/>\n<meta name=\"twitter:card\" content=\"summary_large_image\" \/>\n<meta name=\"twitter:title\" content=\"06. ZOSIS 780 (780g) | Pieaugu\u0161iem ka\u0137iem | 3coty\u00ae Dab\u012bga Ka\u0137u Bar\u012bba 100% Ga\u013cas\" \/>\n<meta name=\"twitter:description\" content=\"\u0160\u012b monoprote\u012bna mitr\u0101 bar\u012bba 100% no zoss ir gatavota no tum\u0161\u0101s ga\u013cas, kurai dabiski ir zems tauku saturs un augsta uzturv\u0113rt\u012bba. T\u0101 ir piem\u0113rota visiem pieaugu\u0161iem ka\u0137iem un ir ide\u0101la steriliz\u0113tiem ka\u0137iem un elimin\u0101cijas di\u0113t\u0101m, vienlaikus pal\u012bdzot kontrol\u0113t svaru. Dab\u012bga, pilnv\u0113rt\u012bga un sabalans\u0113ta 3coty\u00ae bar\u012bba, kas gatavota tikai no ga\u013cas.\" \/>\n<meta name=\"twitter:image\" content=\"https:\/\/3coty.com\/wp-content\/uploads\/2025\/12\/3coty-06-goose-780-meat-only-cat-food.jpg\" \/>\n<meta name=\"twitter:site\" content=\"@3cotyCom\" \/>\n<meta name=\"twitter:label1\" content=\"Price\" \/>\n\t<meta name=\"twitter:data1\" content=\"\u20ac&nbsp;11.00\" \/>\n\t<meta name=\"twitter:label2\" content=\"Availability\" \/>\n\t<meta name=\"twitter:data2\" content=\"Out of stock\" \/>\n<script type=\"application\/ld+json\" class=\"yoast-schema-graph\">{\"@context\":\"https:\\\/\\\/schema.org\",\"@graph\":[{\"@type\":\"WebPage\",\"@id\":\"https:\\\/\\\/3coty.com\\\/lv\\\/p\\\/06-goose-780\\\/\",\"url\":\"https:\\\/\\\/3coty.com\\\/lv\\\/p\\\/06-goose-780\\\/\",\"name\":\"06. ZOSIS 780 (780g) | Pieaugu\u0161iem ka\u0137iem | 3coty\u00ae Dab\u012bga Ka\u0137u Bar\u012bba 100% Ga\u013cas\",\"isPartOf\":{\"@id\":\"https:\\\/\\\/3coty.com\\\/lv\\\/#website\"},\"primaryImageOfPage\":{\"@id\":\"https:\\\/\\\/3coty.com\\\/lv\\\/p\\\/06-goose-780\\\/#primaryimage\"},\"image\":{\"@id\":\"https:\\\/\\\/3coty.com\\\/lv\\\/p\\\/06-goose-780\\\/#primaryimage\"},\"thumbnailUrl\":\"https:\\\/\\\/3coty.com\\\/wp-content\\\/uploads\\\/2025\\\/07\\\/3coty-p-06-780-01.jpg\",\"datePublished\":\"2025-05-23T11:32:54+00:00\",\"dateModified\":\"2025-12-16T15:27:30+00:00\",\"description\":\"\u0160\u012b monoprote\u012bna mitr\u0101 bar\u012bba 100% no zoss ir gatavota no tum\u0161\u0101s ga\u013cas, kurai dabiski ir zems tauku saturs un augsta uzturv\u0113rt\u012bba. T\u0101 ir piem\u0113rota visiem pieaugu\u0161iem ka\u0137iem un ir ide\u0101la steriliz\u0113tiem ka\u0137iem un elimin\u0101cijas di\u0113t\u0101m, vienlaikus pal\u012bdzot kontrol\u0113t svaru. Dab\u012bga, pilnv\u0113rt\u012bga un sabalans\u0113ta 3coty\u00ae bar\u012bba, kas gatavota tikai no ga\u013cas.\",\"breadcrumb\":{\"@id\":\"https:\\\/\\\/3coty.com\\\/lv\\\/p\\\/06-goose-780\\\/#breadcrumb\"},\"inLanguage\":\"lv-LV\",\"potentialAction\":[{\"@type\":\"ReadAction\",\"target\":[\"https:\\\/\\\/3coty.com\\\/lv\\\/p\\\/06-goose-780\\\/\"]}]},{\"@type\":\"ImageObject\",\"inLanguage\":\"lv-LV\",\"@id\":\"https:\\\/\\\/3coty.com\\\/lv\\\/p\\\/06-goose-780\\\/#primaryimage\",\"url\":\"https:\\\/\\\/3coty.com\\\/wp-content\\\/uploads\\\/2025\\\/07\\\/3coty-p-06-780-01.jpg\",\"contentUrl\":\"https:\\\/\\\/3coty.com\\\/wp-content\\\/uploads\\\/2025\\\/07\\\/3coty-p-06-780-01.jpg\",\"width\":1024,\"height\":1024},{\"@type\":\"BreadcrumbList\",\"@id\":\"https:\\\/\\\/3coty.com\\\/lv\\\/p\\\/06-goose-780\\\/#breadcrumb\",\"itemListElement\":[{\"@type\":\"ListItem\",\"position\":1,\"name\":\"Home\",\"item\":\"https:\\\/\\\/3coty.com\\\/lv\\\/\"},{\"@type\":\"ListItem\",\"position\":2,\"name\":\"VEIKALS\",\"item\":\"https:\\\/\\\/3coty.com\\\/lv\\\/shop\\\/\"},{\"@type\":\"ListItem\",\"position\":3,\"name\":\"06. ZOSIS 780\"}]},{\"@type\":\"WebSite\",\"@id\":\"https:\\\/\\\/3coty.com\\\/lv\\\/#website\",\"url\":\"https:\\\/\\\/3coty.com\\\/lv\\\/\",\"name\":\"3coty\u00ae\",\"description\":\"Meat-only Cat Food\",\"publisher\":{\"@id\":\"https:\\\/\\\/3coty.com\\\/lv\\\/#organization\"},\"potentialAction\":[{\"@type\":\"SearchAction\",\"target\":{\"@type\":\"EntryPoint\",\"urlTemplate\":\"https:\\\/\\\/3coty.com\\\/lv\\\/?s={search_term_string}\"},\"query-input\":{\"@type\":\"PropertyValueSpecification\",\"valueRequired\":true,\"valueName\":\"search_term_string\"}}],\"inLanguage\":\"lv-LV\"},{\"@type\":\"Organization\",\"@id\":\"https:\\\/\\\/3coty.com\\\/lv\\\/#organization\",\"name\":\"3coty\u00ae\",\"alternateName\":\"3coty\",\"url\":\"https:\\\/\\\/3coty.com\\\/lv\\\/\",\"logo\":{\"@type\":\"ImageObject\",\"inLanguage\":\"lv-LV\",\"@id\":\"https:\\\/\\\/3coty.com\\\/lv\\\/#\\\/schema\\\/logo\\\/image\\\/\",\"url\":\"https:\\\/\\\/3coty.com\\\/wp-content\\\/uploads\\\/2025\\\/05\\\/icon-3coty-logo.svg\",\"contentUrl\":\"https:\\\/\\\/3coty.com\\\/wp-content\\\/uploads\\\/2025\\\/05\\\/icon-3coty-logo.svg\",\"width\":283,\"height\":283,\"caption\":\"3coty\u00ae\"},\"image\":{\"@id\":\"https:\\\/\\\/3coty.com\\\/lv\\\/#\\\/schema\\\/logo\\\/image\\\/\"},\"sameAs\":[\"https:\\\/\\\/www.facebook.com\\\/3coty\",\"https:\\\/\\\/x.com\\\/3cotyCom\",\"https:\\\/\\\/www.instagram.com\\\/3coty\",\"https:\\\/\\\/www.linkedin.com\\\/company\\\/3coty\",\"https:\\\/\\\/www.youtube.com\\\/@3coty\"]}]}<\/script>\n<meta property=\"product:price:amount\" content=\"11.00\" \/>\n<meta property=\"product:price:currency\" content=\"EUR\" \/>\n<meta property=\"og:availability\" content=\"out of stock\" \/>\n<meta property=\"product:availability\" content=\"out of stock\" \/>\n<meta property=\"product:retailer_item_id\" content=\"780T 06GO \/ 5901785317268\" \/>\n<meta property=\"product:condition\" content=\"new\" \/>\n<!-- \/ Yoast SEO Premium plugin. -->","yoast_head_json":{"title":"06. ZOSIS 780 (780g) | Pieaugu\u0161iem ka\u0137iem | 3coty\u00ae Dab\u012bga Ka\u0137u Bar\u012bba 100% Ga\u013cas","description":"\u0160\u012b monoprote\u012bna mitr\u0101 bar\u012bba 100% no zoss ir gatavota no tum\u0161\u0101s ga\u013cas, kurai dabiski ir zems tauku saturs un augsta uzturv\u0113rt\u012bba. T\u0101 ir piem\u0113rota visiem pieaugu\u0161iem ka\u0137iem un ir ide\u0101la steriliz\u0113tiem ka\u0137iem un elimin\u0101cijas di\u0113t\u0101m, vienlaikus pal\u012bdzot kontrol\u0113t svaru. Dab\u012bga, pilnv\u0113rt\u012bga un sabalans\u0113ta 3coty\u00ae bar\u012bba, kas gatavota tikai no ga\u013cas.","robots":{"index":"index","follow":"follow","max-snippet":"max-snippet:-1","max-image-preview":"max-image-preview:large","max-video-preview":"max-video-preview:-1"},"canonical":"https:\/\/3coty.com\/lv\/p\/06-goose-780\/","og_locale":"lv_LV","og_type":"article","og_title":"06. ZOSIS 780 (780g) | Pieaugu\u0161iem ka\u0137iem | 3coty\u00ae Dab\u012bga Ka\u0137u Bar\u012bba 100% Ga\u013cas","og_description":"\u0160\u012b monoprote\u012bna mitr\u0101 bar\u012bba 100% no zoss ir gatavota no tum\u0161\u0101s ga\u013cas, kurai dabiski ir zems tauku saturs un augsta uzturv\u0113rt\u012bba. T\u0101 ir piem\u0113rota visiem pieaugu\u0161iem ka\u0137iem un ir ide\u0101la steriliz\u0113tiem ka\u0137iem un elimin\u0101cijas di\u0113t\u0101m, vienlaikus pal\u012bdzot kontrol\u0113t svaru. Dab\u012bga, pilnv\u0113rt\u012bga un sabalans\u0113ta 3coty\u00ae bar\u012bba, kas gatavota tikai no ga\u013cas.","og_url":"https:\/\/3coty.com\/lv\/p\/06-goose-780\/","og_site_name":"3coty\u00ae","article_publisher":"https:\/\/www.facebook.com\/3coty","article_modified_time":"2025-12-16T15:27:30+00:00","og_image":[{"width":1200,"height":630,"url":"https:\/\/3coty.com\/wp-content\/uploads\/2025\/12\/3coty-06-goose-780-meat-only-cat-food.jpg","type":"image\/jpeg"}],"twitter_card":"summary_large_image","twitter_title":"06. ZOSIS 780 (780g) | Pieaugu\u0161iem ka\u0137iem | 3coty\u00ae Dab\u012bga Ka\u0137u Bar\u012bba 100% Ga\u013cas","twitter_description":"\u0160\u012b monoprote\u012bna mitr\u0101 bar\u012bba 100% no zoss ir gatavota no tum\u0161\u0101s ga\u013cas, kurai dabiski ir zems tauku saturs un augsta uzturv\u0113rt\u012bba. T\u0101 ir piem\u0113rota visiem pieaugu\u0161iem ka\u0137iem un ir ide\u0101la steriliz\u0113tiem ka\u0137iem un elimin\u0101cijas di\u0113t\u0101m, vienlaikus pal\u012bdzot kontrol\u0113t svaru. Dab\u012bga, pilnv\u0113rt\u012bga un sabalans\u0113ta 3coty\u00ae bar\u012bba, kas gatavota tikai no ga\u013cas.","twitter_image":"https:\/\/3coty.com\/wp-content\/uploads\/2025\/12\/3coty-06-goose-780-meat-only-cat-food.jpg","twitter_site":"@3cotyCom","twitter_misc":{"Price":"\u20ac&nbsp;11.00","Availability":"Out of stock"},"schema":{"@context":"https:\/\/schema.org","@graph":[{"@type":"WebPage","@id":"https:\/\/3coty.com\/lv\/p\/06-goose-780\/","url":"https:\/\/3coty.com\/lv\/p\/06-goose-780\/","name":"06. ZOSIS 780 (780g) | Pieaugu\u0161iem ka\u0137iem | 3coty\u00ae Dab\u012bga Ka\u0137u Bar\u012bba 100% Ga\u013cas","isPartOf":{"@id":"https:\/\/3coty.com\/lv\/#website"},"primaryImageOfPage":{"@id":"https:\/\/3coty.com\/lv\/p\/06-goose-780\/#primaryimage"},"image":{"@id":"https:\/\/3coty.com\/lv\/p\/06-goose-780\/#primaryimage"},"thumbnailUrl":"https:\/\/3coty.com\/wp-content\/uploads\/2025\/07\/3coty-p-06-780-01.jpg","datePublished":"2025-05-23T11:32:54+00:00","dateModified":"2025-12-16T15:27:30+00:00","description":"\u0160\u012b monoprote\u012bna mitr\u0101 bar\u012bba 100% no zoss ir gatavota no tum\u0161\u0101s ga\u013cas, kurai dabiski ir zems tauku saturs un augsta uzturv\u0113rt\u012bba. T\u0101 ir piem\u0113rota visiem pieaugu\u0161iem ka\u0137iem un ir ide\u0101la steriliz\u0113tiem ka\u0137iem un elimin\u0101cijas di\u0113t\u0101m, vienlaikus pal\u012bdzot kontrol\u0113t svaru. Dab\u012bga, pilnv\u0113rt\u012bga un sabalans\u0113ta 3coty\u00ae bar\u012bba, kas gatavota tikai no ga\u013cas.","breadcrumb":{"@id":"https:\/\/3coty.com\/lv\/p\/06-goose-780\/#breadcrumb"},"inLanguage":"lv-LV","potentialAction":[{"@type":"ReadAction","target":["https:\/\/3coty.com\/lv\/p\/06-goose-780\/"]}]},{"@type":"ImageObject","inLanguage":"lv-LV","@id":"https:\/\/3coty.com\/lv\/p\/06-goose-780\/#primaryimage","url":"https:\/\/3coty.com\/wp-content\/uploads\/2025\/07\/3coty-p-06-780-01.jpg","contentUrl":"https:\/\/3coty.com\/wp-content\/uploads\/2025\/07\/3coty-p-06-780-01.jpg","width":1024,"height":1024},{"@type":"BreadcrumbList","@id":"https:\/\/3coty.com\/lv\/p\/06-goose-780\/#breadcrumb","itemListElement":[{"@type":"ListItem","position":1,"name":"Home","item":"https:\/\/3coty.com\/lv\/"},{"@type":"ListItem","position":2,"name":"VEIKALS","item":"https:\/\/3coty.com\/lv\/shop\/"},{"@type":"ListItem","position":3,"name":"06. ZOSIS 780"}]},{"@type":"WebSite","@id":"https:\/\/3coty.com\/lv\/#website","url":"https:\/\/3coty.com\/lv\/","name":"3coty\u00ae","description":"Meat-only Cat Food","publisher":{"@id":"https:\/\/3coty.com\/lv\/#organization"},"potentialAction":[{"@type":"SearchAction","target":{"@type":"EntryPoint","urlTemplate":"https:\/\/3coty.com\/lv\/?s={search_term_string}"},"query-input":{"@type":"PropertyValueSpecification","valueRequired":true,"valueName":"search_term_string"}}],"inLanguage":"lv-LV"},{"@type":"Organization","@id":"https:\/\/3coty.com\/lv\/#organization","name":"3coty\u00ae","alternateName":"3coty","url":"https:\/\/3coty.com\/lv\/","logo":{"@type":"ImageObject","inLanguage":"lv-LV","@id":"https:\/\/3coty.com\/lv\/#\/schema\/logo\/image\/","url":"https:\/\/3coty.com\/wp-content\/uploads\/2025\/05\/icon-3coty-logo.svg","contentUrl":"https:\/\/3coty.com\/wp-content\/uploads\/2025\/05\/icon-3coty-logo.svg","width":283,"height":283,"caption":"3coty\u00ae"},"image":{"@id":"https:\/\/3coty.com\/lv\/#\/schema\/logo\/image\/"},"sameAs":["https:\/\/www.facebook.com\/3coty","https:\/\/x.com\/3cotyCom","https:\/\/www.instagram.com\/3coty","https:\/\/www.linkedin.com\/company\/3coty","https:\/\/www.youtube.com\/@3coty"]}]},"product_price_amount":"11.00","product_price_currency":"EUR","og_availability":"out of stock","product_availability":"out of stock","product_retailer_item_id":"780T 06GO \/ 5901785317268","product_condition":"new"},"_links":{"self":[{"href":"https:\/\/3coty.com\/lv\/wp-json\/wp\/v2\/product\/35779","targetHints":{"allow":["GET"]}}],"collection":[{"href":"https:\/\/3coty.com\/lv\/wp-json\/wp\/v2\/product"}],"about":[{"href":"https:\/\/3coty.com\/lv\/wp-json\/wp\/v2\/types\/product"}],"version-history":[{"count":5,"href":"https:\/\/3coty.com\/lv\/wp-json\/wp\/v2\/product\/35779\/revisions"}],"predecessor-version":[{"id":60376,"href":"https:\/\/3coty.com\/lv\/wp-json\/wp\/v2\/product\/35779\/revisions\/60376"}],"wp:featuredmedia":[{"embeddable":true,"href":"https:\/\/3coty.com\/lv\/wp-json\/wp\/v2\/media\/60234"}],"wp:attachment":[{"href":"https:\/\/3coty.com\/lv\/wp-json\/wp\/v2\/media?parent=35779"}],"wp:term":[{"taxonomy":"product_brand","embeddable":true,"href":"https:\/\/3coty.com\/lv\/wp-json\/wp\/v2\/product_brand?post=35779"},{"taxonomy":"product_cat","embeddable":true,"href":"https:\/\/3coty.com\/lv\/wp-json\/wp\/v2\/product_cat?post=35779"},{"taxonomy":"product_tag","embeddable":true,"href":"https:\/\/3coty.com\/lv\/wp-json\/wp\/v2\/product_tag?post=35779"}],"curies":[{"name":"wp","href":"https:\/\/api.w.org\/{rel}","templated":true}]}}