{"id":35772,"date":"2025-05-23T10:09:32","date_gmt":"2025-05-23T10:09:32","guid":{"rendered":"https:\/\/3coty.com\/p\/05-duck-080\/"},"modified":"2026-04-04T06:45:21","modified_gmt":"2026-04-04T06:45:21","slug":"05-duck-080","status":"publish","type":"product","link":"https:\/\/3coty.com\/lv\/p\/05-duck-080\/","title":{"rendered":"05. P\u012aLE 080"},"content":{"rendered":"<p><a href=\"https:\/\/3coty.com\/wp-content\/uploads\/2025\/07\/3coty-p-05-tab-1.svg\"><img fetchpriority=\"high\" decoding=\"async\" class=\"alignnone size-full wp-image-60722\" role=\"img\" src=\"https:\/\/3coty.com\/wp-content\/uploads\/2025\/07\/3coty-p-05-tab-1.svg\" alt=\"\" width=\"283\" height=\"283\" \/><\/a><\/p>\n<h2>DAB\u012aGA UN PILNV\u0112RT\u012aGA 3COTY\u00ae KA\u0136U BAR\u012aBA<\/h2>\n<p><strong>100% DAB\u012aGAS GA\u013bAS SAST\u0100VDA\u013bAS un dz\u012bvnieku izcelsmes produkti, pagatavoti sav\u0101 barojo\u0161aj\u0101 buljon\u0101<\/strong><\/p>\n<p>Atrast piem\u0113rotu monoprote\u012bnu elimin\u0101cijas di\u0113tai var b\u016bt sare\u017e\u0123\u012bti. \u0160\u012b tum\u0161\u0101s ga\u013cas 100% p\u012bles gar\u0161a ir ierobe\u017eotu sast\u0101vda\u013cu ka\u0137u bar\u012bba, kas m\u016bsu pieredz\u0113 ir \u013coti iecien\u012bta pieaugu\u0161u ka\u0137u vid\u016b. Ievie\u0161ot savam ka\u0137im tikai ga\u013cas uzturu, \u0161\u012b dab\u012bg\u0101, pilnv\u0113rt\u012bg\u0101 un sabalans\u0113t\u0101 bar\u012bba, kas pagatavota t\u0101s pa\u0161as sul\u0101, parasti tiek \u0101tri pie\u0146emta.<\/p>\n<p>Uzturviel\u0101m bag\u0101ta tum\u0161\u0101 p\u012bles ga\u013ca t\u0101s pa\u0161as buljon\u0101, ide\u0101la monoprote\u012bna bar\u012bba elimin\u0101cijas di\u0113tai.<\/p>\n","protected":false},"excerpt":{"rendered":"<p><a href=\"https:\/\/3coty.com\/wp-content\/uploads\/2025\/07\/3coty-p-05-description-1.svg\"><img decoding=\"async\" class=\"alignnone size-medium wp-image-60686\" role=\"img\" src=\"https:\/\/3coty.com\/wp-content\/uploads\/2025\/07\/3coty-p-05-description-1.svg\" alt=\"\" width=\"300\" height=\"300\" \/><\/a><\/p>\n<p><strong>PIEAUGU\u0160IEM KA\u0136IEM<\/strong>\u00a0| PAT\u0112 | MONOPROT\u0112\u012aNU KA\u0136U BAR\u012aBA<\/p>\n<p><a href=\"https:\/\/3coty.com\/wp-content\/uploads\/2025\/07\/3coty-p-05-description-4.svg\"><img decoding=\"async\" class=\"alignnone size-full wp-image-60704\" role=\"img\" src=\"https:\/\/3coty.com\/wp-content\/uploads\/2025\/07\/3coty-p-05-description-4.svg\" alt=\"\" width=\"506\" height=\"85\" \/><\/a><\/p>\n","protected":false},"featured_media":60767,"template":"","meta":{"_acf_changed":false},"product_brand":[1952],"product_cat":[362],"product_tag":[805],"class_list":{"0":"post-35772","1":"product","2":"type-product","3":"status-publish","4":"has-post-thumbnail","6":"product_brand-3coty","7":"product_cat-for-adult-cats","8":"product_tag-05du","10":"first","11":"outofstock","12":"featured","13":"taxable","14":"shipping-taxable","15":"purchasable","16":"product-type-simple"},"acf":[],"yoast_head":"<!-- This site is optimized with the Yoast SEO Premium plugin v27.4 (Yoast SEO v27.4) - https:\/\/yoast.com\/product\/yoast-seo-premium-wordpress\/ -->\n<title>05. P\u012aLE 080 (80g) | Pieaugu\u0161iem ka\u0137iem | 3coty\u00ae Dab\u012bga Ka\u0137u Bar\u012bba 100% Ga\u013cas<\/title>\n<meta name=\"description\" content=\"100% p\u012bles mitr\u0101 bar\u012bba ka\u0137iem, tum\u0161a monoprote\u012bna ga\u013ca, gatavota sav\u0101 buljon\u0101. \u0160\u012b ierobe\u017eotu sast\u0101vda\u013cu bar\u012bba ir ide\u0101li piem\u0113rota pieaugu\u0161iem ka\u0137iem elimin\u0101cijas di\u0113tai.\" \/>\n<meta name=\"robots\" content=\"index, follow, max-snippet:-1, max-image-preview:large, max-video-preview:-1\" \/>\n<link rel=\"canonical\" href=\"https:\/\/3coty.com\/lv\/p\/05-duck-080\/\" \/>\n<meta property=\"og:locale\" content=\"lv_LV\" \/>\n<meta property=\"og:type\" content=\"article\" \/>\n<meta property=\"og:title\" content=\"05. P\u012aLE 080 (80g) | Pieaugu\u0161iem ka\u0137iem | 3coty\u00ae Dab\u012bga Ka\u0137u Bar\u012bba 100% Ga\u013cas\" \/>\n<meta property=\"og:description\" content=\"100% p\u012bles mitr\u0101 bar\u012bba ka\u0137iem, tum\u0161a monoprote\u012bna ga\u013ca, gatavota sav\u0101 buljon\u0101. \u0160\u012b ierobe\u017eotu sast\u0101vda\u013cu bar\u012bba ir ide\u0101li piem\u0113rota pieaugu\u0161iem ka\u0137iem elimin\u0101cijas di\u0113tai.\" \/>\n<meta property=\"og:url\" content=\"https:\/\/3coty.com\/lv\/p\/05-duck-080\/\" \/>\n<meta property=\"og:site_name\" content=\"3coty\u00ae\" \/>\n<meta property=\"article:publisher\" content=\"https:\/\/www.facebook.com\/3coty\" \/>\n<meta property=\"article:modified_time\" content=\"2026-04-04T06:45:21+00:00\" \/>\n<meta property=\"og:image\" content=\"https:\/\/3coty.com\/wp-content\/uploads\/2025\/10\/3coty-05-duck-080-meat-only-cat-food.jpg\" \/>\n\t<meta property=\"og:image:width\" content=\"1200\" \/>\n\t<meta property=\"og:image:height\" content=\"630\" \/>\n\t<meta property=\"og:image:type\" content=\"image\/jpeg\" \/>\n<meta name=\"twitter:card\" content=\"summary_large_image\" \/>\n<meta name=\"twitter:title\" content=\"05. P\u012aLE 080 (80g) | Pieaugu\u0161iem ka\u0137iem | 3coty\u00ae Dab\u012bga Ka\u0137u Bar\u012bba 100% Ga\u013cas\" \/>\n<meta name=\"twitter:description\" content=\"100% p\u012bles mitr\u0101 bar\u012bba ka\u0137iem, tum\u0161a monoprote\u012bna ga\u013ca, gatavota sav\u0101 buljon\u0101. \u0160\u012b ierobe\u017eotu sast\u0101vda\u013cu bar\u012bba ir ide\u0101li piem\u0113rota pieaugu\u0161iem ka\u0137iem elimin\u0101cijas di\u0113tai.\" \/>\n<meta name=\"twitter:image\" content=\"https:\/\/3coty.com\/wp-content\/uploads\/2025\/10\/3coty-05-duck-080-meat-only-cat-food.jpg\" \/>\n<meta name=\"twitter:site\" content=\"@3cotyCom\" \/>\n<meta name=\"twitter:label1\" content=\"Price\" \/>\n\t<meta name=\"twitter:data1\" content=\"\u20ac&nbsp;2.50\" \/>\n\t<meta name=\"twitter:label2\" content=\"Availability\" \/>\n\t<meta name=\"twitter:data2\" content=\"Out of stock\" \/>\n<script type=\"application\/ld+json\" class=\"yoast-schema-graph\">{\"@context\":\"https:\\\/\\\/schema.org\",\"@graph\":[{\"@type\":\"WebPage\",\"@id\":\"https:\\\/\\\/3coty.com\\\/lv\\\/p\\\/05-duck-080\\\/\",\"url\":\"https:\\\/\\\/3coty.com\\\/lv\\\/p\\\/05-duck-080\\\/\",\"name\":\"05. P\u012aLE 080 (80g) | Pieaugu\u0161iem ka\u0137iem | 3coty\u00ae Dab\u012bga Ka\u0137u Bar\u012bba 100% Ga\u013cas\",\"isPartOf\":{\"@id\":\"https:\\\/\\\/3coty.com\\\/lv\\\/#website\"},\"primaryImageOfPage\":{\"@id\":\"https:\\\/\\\/3coty.com\\\/lv\\\/p\\\/05-duck-080\\\/#primaryimage\"},\"image\":{\"@id\":\"https:\\\/\\\/3coty.com\\\/lv\\\/p\\\/05-duck-080\\\/#primaryimage\"},\"thumbnailUrl\":\"https:\\\/\\\/3coty.com\\\/wp-content\\\/uploads\\\/2025\\\/07\\\/3coty-p-05-080-01.jpg\",\"datePublished\":\"2025-05-23T10:09:32+00:00\",\"dateModified\":\"2026-04-04T06:45:21+00:00\",\"description\":\"100% p\u012bles mitr\u0101 bar\u012bba ka\u0137iem, tum\u0161a monoprote\u012bna ga\u013ca, gatavota sav\u0101 buljon\u0101. \u0160\u012b ierobe\u017eotu sast\u0101vda\u013cu bar\u012bba ir ide\u0101li piem\u0113rota pieaugu\u0161iem ka\u0137iem elimin\u0101cijas di\u0113tai.\",\"breadcrumb\":{\"@id\":\"https:\\\/\\\/3coty.com\\\/lv\\\/p\\\/05-duck-080\\\/#breadcrumb\"},\"inLanguage\":\"lv-LV\",\"potentialAction\":[{\"@type\":\"ReadAction\",\"target\":[\"https:\\\/\\\/3coty.com\\\/lv\\\/p\\\/05-duck-080\\\/\"]}]},{\"@type\":\"ImageObject\",\"inLanguage\":\"lv-LV\",\"@id\":\"https:\\\/\\\/3coty.com\\\/lv\\\/p\\\/05-duck-080\\\/#primaryimage\",\"url\":\"https:\\\/\\\/3coty.com\\\/wp-content\\\/uploads\\\/2025\\\/07\\\/3coty-p-05-080-01.jpg\",\"contentUrl\":\"https:\\\/\\\/3coty.com\\\/wp-content\\\/uploads\\\/2025\\\/07\\\/3coty-p-05-080-01.jpg\",\"width\":1024,\"height\":1024},{\"@type\":\"BreadcrumbList\",\"@id\":\"https:\\\/\\\/3coty.com\\\/lv\\\/p\\\/05-duck-080\\\/#breadcrumb\",\"itemListElement\":[{\"@type\":\"ListItem\",\"position\":1,\"name\":\"Home\",\"item\":\"https:\\\/\\\/3coty.com\\\/lv\\\/\"},{\"@type\":\"ListItem\",\"position\":2,\"name\":\"VEIKALS\",\"item\":\"https:\\\/\\\/3coty.com\\\/lv\\\/shop\\\/\"},{\"@type\":\"ListItem\",\"position\":3,\"name\":\"05. P\u012aLE 080\"}]},{\"@type\":\"WebSite\",\"@id\":\"https:\\\/\\\/3coty.com\\\/lv\\\/#website\",\"url\":\"https:\\\/\\\/3coty.com\\\/lv\\\/\",\"name\":\"3coty\u00ae\",\"description\":\"Meat-only Cat Food\",\"publisher\":{\"@id\":\"https:\\\/\\\/3coty.com\\\/lv\\\/#organization\"},\"potentialAction\":[{\"@type\":\"SearchAction\",\"target\":{\"@type\":\"EntryPoint\",\"urlTemplate\":\"https:\\\/\\\/3coty.com\\\/lv\\\/?s={search_term_string}\"},\"query-input\":{\"@type\":\"PropertyValueSpecification\",\"valueRequired\":true,\"valueName\":\"search_term_string\"}}],\"inLanguage\":\"lv-LV\"},{\"@type\":\"Organization\",\"@id\":\"https:\\\/\\\/3coty.com\\\/lv\\\/#organization\",\"name\":\"3coty\u00ae\",\"alternateName\":\"3coty\",\"url\":\"https:\\\/\\\/3coty.com\\\/lv\\\/\",\"logo\":{\"@type\":\"ImageObject\",\"inLanguage\":\"lv-LV\",\"@id\":\"https:\\\/\\\/3coty.com\\\/lv\\\/#\\\/schema\\\/logo\\\/image\\\/\",\"url\":\"https:\\\/\\\/3coty.com\\\/wp-content\\\/uploads\\\/2025\\\/05\\\/icon-3coty-logo.svg\",\"contentUrl\":\"https:\\\/\\\/3coty.com\\\/wp-content\\\/uploads\\\/2025\\\/05\\\/icon-3coty-logo.svg\",\"width\":283,\"height\":283,\"caption\":\"3coty\u00ae\"},\"image\":{\"@id\":\"https:\\\/\\\/3coty.com\\\/lv\\\/#\\\/schema\\\/logo\\\/image\\\/\"},\"sameAs\":[\"https:\\\/\\\/www.facebook.com\\\/3coty\",\"https:\\\/\\\/x.com\\\/3cotyCom\",\"https:\\\/\\\/www.instagram.com\\\/3coty\",\"https:\\\/\\\/www.linkedin.com\\\/company\\\/3coty\",\"https:\\\/\\\/www.youtube.com\\\/@3coty\"]}]}<\/script>\n<meta property=\"product:price:amount\" content=\"2.50\" \/>\n<meta property=\"product:price:currency\" content=\"EUR\" \/>\n<meta property=\"og:availability\" content=\"out of stock\" \/>\n<meta property=\"product:availability\" content=\"out of stock\" \/>\n<meta property=\"product:retailer_item_id\" content=\"080T 05DU \/ 5901785317282\" \/>\n<meta property=\"product:condition\" content=\"new\" \/>\n<!-- \/ Yoast SEO Premium plugin. -->","yoast_head_json":{"title":"05. P\u012aLE 080 (80g) | Pieaugu\u0161iem ka\u0137iem | 3coty\u00ae Dab\u012bga Ka\u0137u Bar\u012bba 100% Ga\u013cas","description":"100% p\u012bles mitr\u0101 bar\u012bba ka\u0137iem, tum\u0161a monoprote\u012bna ga\u013ca, gatavota sav\u0101 buljon\u0101. \u0160\u012b ierobe\u017eotu sast\u0101vda\u013cu bar\u012bba ir ide\u0101li piem\u0113rota pieaugu\u0161iem ka\u0137iem elimin\u0101cijas di\u0113tai.","robots":{"index":"index","follow":"follow","max-snippet":"max-snippet:-1","max-image-preview":"max-image-preview:large","max-video-preview":"max-video-preview:-1"},"canonical":"https:\/\/3coty.com\/lv\/p\/05-duck-080\/","og_locale":"lv_LV","og_type":"article","og_title":"05. P\u012aLE 080 (80g) | Pieaugu\u0161iem ka\u0137iem | 3coty\u00ae Dab\u012bga Ka\u0137u Bar\u012bba 100% Ga\u013cas","og_description":"100% p\u012bles mitr\u0101 bar\u012bba ka\u0137iem, tum\u0161a monoprote\u012bna ga\u013ca, gatavota sav\u0101 buljon\u0101. \u0160\u012b ierobe\u017eotu sast\u0101vda\u013cu bar\u012bba ir ide\u0101li piem\u0113rota pieaugu\u0161iem ka\u0137iem elimin\u0101cijas di\u0113tai.","og_url":"https:\/\/3coty.com\/lv\/p\/05-duck-080\/","og_site_name":"3coty\u00ae","article_publisher":"https:\/\/www.facebook.com\/3coty","article_modified_time":"2026-04-04T06:45:21+00:00","og_image":[{"width":1200,"height":630,"url":"https:\/\/3coty.com\/wp-content\/uploads\/2025\/10\/3coty-05-duck-080-meat-only-cat-food.jpg","type":"image\/jpeg"}],"twitter_card":"summary_large_image","twitter_title":"05. P\u012aLE 080 (80g) | Pieaugu\u0161iem ka\u0137iem | 3coty\u00ae Dab\u012bga Ka\u0137u Bar\u012bba 100% Ga\u013cas","twitter_description":"100% p\u012bles mitr\u0101 bar\u012bba ka\u0137iem, tum\u0161a monoprote\u012bna ga\u013ca, gatavota sav\u0101 buljon\u0101. \u0160\u012b ierobe\u017eotu sast\u0101vda\u013cu bar\u012bba ir ide\u0101li piem\u0113rota pieaugu\u0161iem ka\u0137iem elimin\u0101cijas di\u0113tai.","twitter_image":"https:\/\/3coty.com\/wp-content\/uploads\/2025\/10\/3coty-05-duck-080-meat-only-cat-food.jpg","twitter_site":"@3cotyCom","twitter_misc":{"Price":"\u20ac&nbsp;2.50","Availability":"Out of stock"},"schema":{"@context":"https:\/\/schema.org","@graph":[{"@type":"WebPage","@id":"https:\/\/3coty.com\/lv\/p\/05-duck-080\/","url":"https:\/\/3coty.com\/lv\/p\/05-duck-080\/","name":"05. P\u012aLE 080 (80g) | Pieaugu\u0161iem ka\u0137iem | 3coty\u00ae Dab\u012bga Ka\u0137u Bar\u012bba 100% Ga\u013cas","isPartOf":{"@id":"https:\/\/3coty.com\/lv\/#website"},"primaryImageOfPage":{"@id":"https:\/\/3coty.com\/lv\/p\/05-duck-080\/#primaryimage"},"image":{"@id":"https:\/\/3coty.com\/lv\/p\/05-duck-080\/#primaryimage"},"thumbnailUrl":"https:\/\/3coty.com\/wp-content\/uploads\/2025\/07\/3coty-p-05-080-01.jpg","datePublished":"2025-05-23T10:09:32+00:00","dateModified":"2026-04-04T06:45:21+00:00","description":"100% p\u012bles mitr\u0101 bar\u012bba ka\u0137iem, tum\u0161a monoprote\u012bna ga\u013ca, gatavota sav\u0101 buljon\u0101. \u0160\u012b ierobe\u017eotu sast\u0101vda\u013cu bar\u012bba ir ide\u0101li piem\u0113rota pieaugu\u0161iem ka\u0137iem elimin\u0101cijas di\u0113tai.","breadcrumb":{"@id":"https:\/\/3coty.com\/lv\/p\/05-duck-080\/#breadcrumb"},"inLanguage":"lv-LV","potentialAction":[{"@type":"ReadAction","target":["https:\/\/3coty.com\/lv\/p\/05-duck-080\/"]}]},{"@type":"ImageObject","inLanguage":"lv-LV","@id":"https:\/\/3coty.com\/lv\/p\/05-duck-080\/#primaryimage","url":"https:\/\/3coty.com\/wp-content\/uploads\/2025\/07\/3coty-p-05-080-01.jpg","contentUrl":"https:\/\/3coty.com\/wp-content\/uploads\/2025\/07\/3coty-p-05-080-01.jpg","width":1024,"height":1024},{"@type":"BreadcrumbList","@id":"https:\/\/3coty.com\/lv\/p\/05-duck-080\/#breadcrumb","itemListElement":[{"@type":"ListItem","position":1,"name":"Home","item":"https:\/\/3coty.com\/lv\/"},{"@type":"ListItem","position":2,"name":"VEIKALS","item":"https:\/\/3coty.com\/lv\/shop\/"},{"@type":"ListItem","position":3,"name":"05. P\u012aLE 080"}]},{"@type":"WebSite","@id":"https:\/\/3coty.com\/lv\/#website","url":"https:\/\/3coty.com\/lv\/","name":"3coty\u00ae","description":"Meat-only Cat Food","publisher":{"@id":"https:\/\/3coty.com\/lv\/#organization"},"potentialAction":[{"@type":"SearchAction","target":{"@type":"EntryPoint","urlTemplate":"https:\/\/3coty.com\/lv\/?s={search_term_string}"},"query-input":{"@type":"PropertyValueSpecification","valueRequired":true,"valueName":"search_term_string"}}],"inLanguage":"lv-LV"},{"@type":"Organization","@id":"https:\/\/3coty.com\/lv\/#organization","name":"3coty\u00ae","alternateName":"3coty","url":"https:\/\/3coty.com\/lv\/","logo":{"@type":"ImageObject","inLanguage":"lv-LV","@id":"https:\/\/3coty.com\/lv\/#\/schema\/logo\/image\/","url":"https:\/\/3coty.com\/wp-content\/uploads\/2025\/05\/icon-3coty-logo.svg","contentUrl":"https:\/\/3coty.com\/wp-content\/uploads\/2025\/05\/icon-3coty-logo.svg","width":283,"height":283,"caption":"3coty\u00ae"},"image":{"@id":"https:\/\/3coty.com\/lv\/#\/schema\/logo\/image\/"},"sameAs":["https:\/\/www.facebook.com\/3coty","https:\/\/x.com\/3cotyCom","https:\/\/www.instagram.com\/3coty","https:\/\/www.linkedin.com\/company\/3coty","https:\/\/www.youtube.com\/@3coty"]}]},"product_price_amount":"2.50","product_price_currency":"EUR","og_availability":"out of stock","product_availability":"out of stock","product_retailer_item_id":"080T 05DU \/ 5901785317282","product_condition":"new"},"_links":{"self":[{"href":"https:\/\/3coty.com\/lv\/wp-json\/wp\/v2\/product\/35772","targetHints":{"allow":["GET"]}}],"collection":[{"href":"https:\/\/3coty.com\/lv\/wp-json\/wp\/v2\/product"}],"about":[{"href":"https:\/\/3coty.com\/lv\/wp-json\/wp\/v2\/types\/product"}],"version-history":[{"count":7,"href":"https:\/\/3coty.com\/lv\/wp-json\/wp\/v2\/product\/35772\/revisions"}],"predecessor-version":[{"id":79106,"href":"https:\/\/3coty.com\/lv\/wp-json\/wp\/v2\/product\/35772\/revisions\/79106"}],"wp:featuredmedia":[{"embeddable":true,"href":"https:\/\/3coty.com\/lv\/wp-json\/wp\/v2\/media\/60767"}],"wp:attachment":[{"href":"https:\/\/3coty.com\/lv\/wp-json\/wp\/v2\/media?parent=35772"}],"wp:term":[{"taxonomy":"product_brand","embeddable":true,"href":"https:\/\/3coty.com\/lv\/wp-json\/wp\/v2\/product_brand?post=35772"},{"taxonomy":"product_cat","embeddable":true,"href":"https:\/\/3coty.com\/lv\/wp-json\/wp\/v2\/product_cat?post=35772"},{"taxonomy":"product_tag","embeddable":true,"href":"https:\/\/3coty.com\/lv\/wp-json\/wp\/v2\/product_tag?post=35772"}],"curies":[{"name":"wp","href":"https:\/\/api.w.org\/{rel}","templated":true}]}}