{"id":35762,"date":"2025-05-19T17:02:57","date_gmt":"2025-05-19T17:02:57","guid":{"rendered":"https:\/\/3coty.com\/p\/02-chicken-390\/"},"modified":"2026-03-17T18:40:08","modified_gmt":"2026-03-17T18:40:08","slug":"02-chicken-390","status":"publish","type":"product","link":"https:\/\/3coty.com\/lv\/p\/02-chicken-390\/","title":{"rendered":"02. VISTA 390"},"content":{"rendered":"<p><a href=\"https:\/\/3coty.com\/wp-content\/uploads\/2025\/07\/3coty-p-02-tab-1.svg\"><img fetchpriority=\"high\" decoding=\"async\" class=\"alignnone size-full wp-image-62592\" role=\"img\" src=\"https:\/\/3coty.com\/wp-content\/uploads\/2025\/07\/3coty-p-02-tab-1.svg\" alt=\"\" width=\"283\" height=\"283\" \/><\/a><\/p>\n<h2>DAB\u012aGA UN PILNV\u0112RT\u012aGA 3COTY\u00ae KA\u0136U BAR\u012aBA<\/h2>\n<p><strong>99,5% DAB\u012aGAS GA\u013bAS SAST\u0100VDA\u013bAS un dz\u012bvnieku izcelsmes produkti, pagatavoti sav\u0101 barojo\u0161aj\u0101 buljon\u0101, 0,5% SPIRUL\u012aNA<\/strong><\/p>\n<p>A\u013c\u0123u pulveris bie\u017ei tiek pievienots ka\u0137u bar\u012bbai, lai stiprin\u0101tu im\u016bnsist\u0113mu. M\u016bsu ka\u0137u bar\u012bba ar spirul\u012bnu nov\u0113r\u0161 min\u0113jumus par to, cik daudz pievienot. M\u0113s esam iek\u013c\u0101vu\u0161i tie\u0161i tik, cik nepiecie\u0161ams, lai pieaugu\u0161ie ka\u0137i sa\u0146emtu ide\u0101lu \u0161\u012bs superp\u0101rtikas daudzumu sabalans\u0113t\u0101 veid\u0101. Rebit\u0101 tekst\u016bra pat\u012bk ka\u0137iem, kuriem pat\u012bk med\u012bt, piem\u0113ram, beng\u0101\u013cu, abis\u012bnijas un Meinas jenotka\u0137iem.<\/p>\n<p>Balst\u012bta uz m\u016bsu pamata vistas gar\u0161u, \u0161ai bar\u012bbai pievienoti 0,5% spirul\u012bnas a\u013c\u0123u imunit\u0101tes stiprin\u0101\u0161anai un apmatojuma uzlabo\u0161anai.<\/p>\n","protected":false},"excerpt":{"rendered":"<p><a href=\"https:\/\/3coty.com\/wp-content\/uploads\/2025\/07\/3coty-p-02-description-1.svg\"><img decoding=\"async\" class=\"alignnone size-medium wp-image-62556\" role=\"img\" src=\"https:\/\/3coty.com\/wp-content\/uploads\/2025\/07\/3coty-p-02-description-1.svg\" alt=\"\" width=\"300\" height=\"300\" \/><\/a><\/p>\n<p><strong>PIEAUGU\u0160IEM KA\u0136IEM<\/strong> | SAPL\u0112STS | MONOPROT\u0112\u012aNU KA\u0136U BAR\u012aBA<br \/>\n<strong>AR SPIRUL\u012aNU<\/strong><\/p>\n<p><a href=\"https:\/\/3coty.com\/wp-content\/uploads\/2025\/07\/3coty-p-02-description-2.svg\"><img decoding=\"async\" class=\"alignnone size-full wp-image-62574\" role=\"img\" src=\"https:\/\/3coty.com\/wp-content\/uploads\/2025\/07\/3coty-p-02-description-2.svg\" alt=\"\" width=\"506\" height=\"85\" \/><\/a><\/p>\n","protected":false},"featured_media":62817,"template":"","meta":{"_acf_changed":false},"product_brand":[1952],"product_cat":[362],"product_tag":[763],"class_list":{"0":"post-35762","1":"product","2":"type-product","3":"status-publish","4":"has-post-thumbnail","6":"product_brand-3coty","7":"product_cat-for-adult-cats","8":"product_tag-02ch","10":"first","11":"instock","12":"featured","13":"taxable","14":"shipping-taxable","15":"purchasable","16":"product-type-simple"},"acf":[],"yoast_head":"<!-- This site is optimized with the Yoast SEO Premium plugin v27.4 (Yoast SEO v27.4) - https:\/\/yoast.com\/product\/yoast-seo-premium-wordpress\/ -->\n<title>02. VISTA 390 (390g) | Pieaugu\u0161iem ka\u0137iem | 3coty\u00ae Dab\u012bga Ka\u0137u Bar\u012bba 100% Ga\u013cas<\/title>\n<meta name=\"description\" content=\"Dab\u012bga pilnv\u0113rt\u012bga un sabalans\u0113ta bar\u012bba ar vistu un spirul\u012bna a\u013c\u0123i im\u016bnsist\u0113mas stiprin\u0101\u0161anai un vesel\u012bgam apmatojumam pieaugu\u0161iem ka\u0137iem. Sasmalcin\u0101ta tekst\u016bra ko iecien\u012bju\u0161i Beng\u0101lijas un Abes\u012bnijas ka\u0137i.\" \/>\n<meta name=\"robots\" content=\"index, follow, max-snippet:-1, max-image-preview:large, max-video-preview:-1\" \/>\n<link rel=\"canonical\" href=\"https:\/\/3coty.com\/lv\/p\/02-chicken-390\/\" \/>\n<meta property=\"og:locale\" content=\"lv_LV\" \/>\n<meta property=\"og:type\" content=\"article\" \/>\n<meta property=\"og:title\" content=\"02. VISTA 390 (390g) | Pieaugu\u0161iem ka\u0137iem | 3coty\u00ae Dab\u012bga Ka\u0137u Bar\u012bba 100% Ga\u013cas\" \/>\n<meta property=\"og:description\" content=\"Dab\u012bga pilnv\u0113rt\u012bga un sabalans\u0113ta bar\u012bba ar vistu un spirul\u012bna a\u013c\u0123i im\u016bnsist\u0113mas stiprin\u0101\u0161anai un vesel\u012bgam apmatojumam pieaugu\u0161iem ka\u0137iem. Sasmalcin\u0101ta tekst\u016bra ko iecien\u012bju\u0161i Beng\u0101lijas un Abes\u012bnijas ka\u0137i.\" \/>\n<meta property=\"og:url\" content=\"https:\/\/3coty.com\/lv\/p\/02-chicken-390\/\" \/>\n<meta property=\"og:site_name\" content=\"3coty\u00ae\" \/>\n<meta property=\"article:publisher\" content=\"https:\/\/www.facebook.com\/3coty\" \/>\n<meta property=\"article:modified_time\" content=\"2026-03-17T18:40:08+00:00\" \/>\n<meta property=\"og:image\" content=\"https:\/\/3coty.com\/wp-content\/uploads\/2025\/10\/3coty-02-chicken-390-meat-only-cat-food.jpg\" \/>\n\t<meta property=\"og:image:width\" content=\"1200\" \/>\n\t<meta property=\"og:image:height\" content=\"630\" \/>\n\t<meta property=\"og:image:type\" content=\"image\/jpeg\" \/>\n<meta name=\"twitter:card\" content=\"summary_large_image\" \/>\n<meta name=\"twitter:title\" content=\"02. VISTA 390 (390g) | Pieaugu\u0161iem ka\u0137iem | 3coty\u00ae Dab\u012bga Ka\u0137u Bar\u012bba 100% Ga\u013cas\" \/>\n<meta name=\"twitter:description\" content=\"Dab\u012bga pilnv\u0113rt\u012bga un sabalans\u0113ta bar\u012bba ar vistu un spirul\u012bna a\u013c\u0123i im\u016bnsist\u0113mas stiprin\u0101\u0161anai un vesel\u012bgam apmatojumam pieaugu\u0161iem ka\u0137iem. Sasmalcin\u0101ta tekst\u016bra ko iecien\u012bju\u0161i Beng\u0101lijas un Abes\u012bnijas ka\u0137i.\" \/>\n<meta name=\"twitter:image\" content=\"https:\/\/3coty.com\/wp-content\/uploads\/2025\/10\/3coty-02-chicken-390-meat-only-cat-food.jpg\" \/>\n<meta name=\"twitter:site\" content=\"@3cotyCom\" \/>\n<meta name=\"twitter:label1\" content=\"Price\" \/>\n\t<meta name=\"twitter:data1\" content=\"\u20ac&nbsp;4.50\" \/>\n\t<meta name=\"twitter:label2\" content=\"Availability\" \/>\n\t<meta name=\"twitter:data2\" content=\"In stock\" \/>\n<script type=\"application\/ld+json\" class=\"yoast-schema-graph\">{\"@context\":\"https:\\\/\\\/schema.org\",\"@graph\":[{\"@type\":\"WebPage\",\"@id\":\"https:\\\/\\\/3coty.com\\\/lv\\\/p\\\/02-chicken-390\\\/\",\"url\":\"https:\\\/\\\/3coty.com\\\/lv\\\/p\\\/02-chicken-390\\\/\",\"name\":\"02. VISTA 390 (390g) | Pieaugu\u0161iem ka\u0137iem | 3coty\u00ae Dab\u012bga Ka\u0137u Bar\u012bba 100% Ga\u013cas\",\"isPartOf\":{\"@id\":\"https:\\\/\\\/3coty.com\\\/lv\\\/#website\"},\"primaryImageOfPage\":{\"@id\":\"https:\\\/\\\/3coty.com\\\/lv\\\/p\\\/02-chicken-390\\\/#primaryimage\"},\"image\":{\"@id\":\"https:\\\/\\\/3coty.com\\\/lv\\\/p\\\/02-chicken-390\\\/#primaryimage\"},\"thumbnailUrl\":\"https:\\\/\\\/3coty.com\\\/wp-content\\\/uploads\\\/2025\\\/07\\\/3coty-p-02-390-01.jpg\",\"datePublished\":\"2025-05-19T17:02:57+00:00\",\"dateModified\":\"2026-03-17T18:40:08+00:00\",\"description\":\"Dab\u012bga pilnv\u0113rt\u012bga un sabalans\u0113ta bar\u012bba ar vistu un spirul\u012bna a\u013c\u0123i im\u016bnsist\u0113mas stiprin\u0101\u0161anai un vesel\u012bgam apmatojumam pieaugu\u0161iem ka\u0137iem. Sasmalcin\u0101ta tekst\u016bra ko iecien\u012bju\u0161i Beng\u0101lijas un Abes\u012bnijas ka\u0137i.\",\"breadcrumb\":{\"@id\":\"https:\\\/\\\/3coty.com\\\/lv\\\/p\\\/02-chicken-390\\\/#breadcrumb\"},\"inLanguage\":\"lv-LV\",\"potentialAction\":[{\"@type\":\"ReadAction\",\"target\":[\"https:\\\/\\\/3coty.com\\\/lv\\\/p\\\/02-chicken-390\\\/\"]}]},{\"@type\":\"ImageObject\",\"inLanguage\":\"lv-LV\",\"@id\":\"https:\\\/\\\/3coty.com\\\/lv\\\/p\\\/02-chicken-390\\\/#primaryimage\",\"url\":\"https:\\\/\\\/3coty.com\\\/wp-content\\\/uploads\\\/2025\\\/07\\\/3coty-p-02-390-01.jpg\",\"contentUrl\":\"https:\\\/\\\/3coty.com\\\/wp-content\\\/uploads\\\/2025\\\/07\\\/3coty-p-02-390-01.jpg\",\"width\":1024,\"height\":1024},{\"@type\":\"BreadcrumbList\",\"@id\":\"https:\\\/\\\/3coty.com\\\/lv\\\/p\\\/02-chicken-390\\\/#breadcrumb\",\"itemListElement\":[{\"@type\":\"ListItem\",\"position\":1,\"name\":\"Home\",\"item\":\"https:\\\/\\\/3coty.com\\\/lv\\\/\"},{\"@type\":\"ListItem\",\"position\":2,\"name\":\"VEIKALS\",\"item\":\"https:\\\/\\\/3coty.com\\\/lv\\\/shop\\\/\"},{\"@type\":\"ListItem\",\"position\":3,\"name\":\"02. VISTA 390\"}]},{\"@type\":\"WebSite\",\"@id\":\"https:\\\/\\\/3coty.com\\\/lv\\\/#website\",\"url\":\"https:\\\/\\\/3coty.com\\\/lv\\\/\",\"name\":\"3coty\u00ae\",\"description\":\"Meat-only Cat Food\",\"publisher\":{\"@id\":\"https:\\\/\\\/3coty.com\\\/lv\\\/#organization\"},\"potentialAction\":[{\"@type\":\"SearchAction\",\"target\":{\"@type\":\"EntryPoint\",\"urlTemplate\":\"https:\\\/\\\/3coty.com\\\/lv\\\/?s={search_term_string}\"},\"query-input\":{\"@type\":\"PropertyValueSpecification\",\"valueRequired\":true,\"valueName\":\"search_term_string\"}}],\"inLanguage\":\"lv-LV\"},{\"@type\":\"Organization\",\"@id\":\"https:\\\/\\\/3coty.com\\\/lv\\\/#organization\",\"name\":\"3coty\u00ae\",\"alternateName\":\"3coty\",\"url\":\"https:\\\/\\\/3coty.com\\\/lv\\\/\",\"logo\":{\"@type\":\"ImageObject\",\"inLanguage\":\"lv-LV\",\"@id\":\"https:\\\/\\\/3coty.com\\\/lv\\\/#\\\/schema\\\/logo\\\/image\\\/\",\"url\":\"https:\\\/\\\/3coty.com\\\/wp-content\\\/uploads\\\/2025\\\/05\\\/icon-3coty-logo.svg\",\"contentUrl\":\"https:\\\/\\\/3coty.com\\\/wp-content\\\/uploads\\\/2025\\\/05\\\/icon-3coty-logo.svg\",\"width\":283,\"height\":283,\"caption\":\"3coty\u00ae\"},\"image\":{\"@id\":\"https:\\\/\\\/3coty.com\\\/lv\\\/#\\\/schema\\\/logo\\\/image\\\/\"},\"sameAs\":[\"https:\\\/\\\/www.facebook.com\\\/3coty\",\"https:\\\/\\\/x.com\\\/3cotyCom\",\"https:\\\/\\\/www.instagram.com\\\/3coty\",\"https:\\\/\\\/www.linkedin.com\\\/company\\\/3coty\",\"https:\\\/\\\/www.youtube.com\\\/@3coty\"]}]}<\/script>\n<meta property=\"product:price:amount\" content=\"4.50\" \/>\n<meta property=\"product:price:currency\" content=\"EUR\" \/>\n<meta property=\"og:availability\" content=\"instock\" \/>\n<meta property=\"product:availability\" content=\"instock\" \/>\n<meta property=\"product:retailer_item_id\" content=\"390T 02CH \/ 5901785317398\" \/>\n<meta property=\"product:condition\" content=\"new\" \/>\n<!-- \/ Yoast SEO Premium plugin. -->","yoast_head_json":{"title":"02. VISTA 390 (390g) | Pieaugu\u0161iem ka\u0137iem | 3coty\u00ae Dab\u012bga Ka\u0137u Bar\u012bba 100% Ga\u013cas","description":"Dab\u012bga pilnv\u0113rt\u012bga un sabalans\u0113ta bar\u012bba ar vistu un spirul\u012bna a\u013c\u0123i im\u016bnsist\u0113mas stiprin\u0101\u0161anai un vesel\u012bgam apmatojumam pieaugu\u0161iem ka\u0137iem. Sasmalcin\u0101ta tekst\u016bra ko iecien\u012bju\u0161i Beng\u0101lijas un Abes\u012bnijas ka\u0137i.","robots":{"index":"index","follow":"follow","max-snippet":"max-snippet:-1","max-image-preview":"max-image-preview:large","max-video-preview":"max-video-preview:-1"},"canonical":"https:\/\/3coty.com\/lv\/p\/02-chicken-390\/","og_locale":"lv_LV","og_type":"article","og_title":"02. VISTA 390 (390g) | Pieaugu\u0161iem ka\u0137iem | 3coty\u00ae Dab\u012bga Ka\u0137u Bar\u012bba 100% Ga\u013cas","og_description":"Dab\u012bga pilnv\u0113rt\u012bga un sabalans\u0113ta bar\u012bba ar vistu un spirul\u012bna a\u013c\u0123i im\u016bnsist\u0113mas stiprin\u0101\u0161anai un vesel\u012bgam apmatojumam pieaugu\u0161iem ka\u0137iem. Sasmalcin\u0101ta tekst\u016bra ko iecien\u012bju\u0161i Beng\u0101lijas un Abes\u012bnijas ka\u0137i.","og_url":"https:\/\/3coty.com\/lv\/p\/02-chicken-390\/","og_site_name":"3coty\u00ae","article_publisher":"https:\/\/www.facebook.com\/3coty","article_modified_time":"2026-03-17T18:40:08+00:00","og_image":[{"width":1200,"height":630,"url":"https:\/\/3coty.com\/wp-content\/uploads\/2025\/10\/3coty-02-chicken-390-meat-only-cat-food.jpg","type":"image\/jpeg"}],"twitter_card":"summary_large_image","twitter_title":"02. VISTA 390 (390g) | Pieaugu\u0161iem ka\u0137iem | 3coty\u00ae Dab\u012bga Ka\u0137u Bar\u012bba 100% Ga\u013cas","twitter_description":"Dab\u012bga pilnv\u0113rt\u012bga un sabalans\u0113ta bar\u012bba ar vistu un spirul\u012bna a\u013c\u0123i im\u016bnsist\u0113mas stiprin\u0101\u0161anai un vesel\u012bgam apmatojumam pieaugu\u0161iem ka\u0137iem. Sasmalcin\u0101ta tekst\u016bra ko iecien\u012bju\u0161i Beng\u0101lijas un Abes\u012bnijas ka\u0137i.","twitter_image":"https:\/\/3coty.com\/wp-content\/uploads\/2025\/10\/3coty-02-chicken-390-meat-only-cat-food.jpg","twitter_site":"@3cotyCom","twitter_misc":{"Price":"\u20ac&nbsp;4.50","Availability":"In stock"},"schema":{"@context":"https:\/\/schema.org","@graph":[{"@type":"WebPage","@id":"https:\/\/3coty.com\/lv\/p\/02-chicken-390\/","url":"https:\/\/3coty.com\/lv\/p\/02-chicken-390\/","name":"02. VISTA 390 (390g) | Pieaugu\u0161iem ka\u0137iem | 3coty\u00ae Dab\u012bga Ka\u0137u Bar\u012bba 100% Ga\u013cas","isPartOf":{"@id":"https:\/\/3coty.com\/lv\/#website"},"primaryImageOfPage":{"@id":"https:\/\/3coty.com\/lv\/p\/02-chicken-390\/#primaryimage"},"image":{"@id":"https:\/\/3coty.com\/lv\/p\/02-chicken-390\/#primaryimage"},"thumbnailUrl":"https:\/\/3coty.com\/wp-content\/uploads\/2025\/07\/3coty-p-02-390-01.jpg","datePublished":"2025-05-19T17:02:57+00:00","dateModified":"2026-03-17T18:40:08+00:00","description":"Dab\u012bga pilnv\u0113rt\u012bga un sabalans\u0113ta bar\u012bba ar vistu un spirul\u012bna a\u013c\u0123i im\u016bnsist\u0113mas stiprin\u0101\u0161anai un vesel\u012bgam apmatojumam pieaugu\u0161iem ka\u0137iem. Sasmalcin\u0101ta tekst\u016bra ko iecien\u012bju\u0161i Beng\u0101lijas un Abes\u012bnijas ka\u0137i.","breadcrumb":{"@id":"https:\/\/3coty.com\/lv\/p\/02-chicken-390\/#breadcrumb"},"inLanguage":"lv-LV","potentialAction":[{"@type":"ReadAction","target":["https:\/\/3coty.com\/lv\/p\/02-chicken-390\/"]}]},{"@type":"ImageObject","inLanguage":"lv-LV","@id":"https:\/\/3coty.com\/lv\/p\/02-chicken-390\/#primaryimage","url":"https:\/\/3coty.com\/wp-content\/uploads\/2025\/07\/3coty-p-02-390-01.jpg","contentUrl":"https:\/\/3coty.com\/wp-content\/uploads\/2025\/07\/3coty-p-02-390-01.jpg","width":1024,"height":1024},{"@type":"BreadcrumbList","@id":"https:\/\/3coty.com\/lv\/p\/02-chicken-390\/#breadcrumb","itemListElement":[{"@type":"ListItem","position":1,"name":"Home","item":"https:\/\/3coty.com\/lv\/"},{"@type":"ListItem","position":2,"name":"VEIKALS","item":"https:\/\/3coty.com\/lv\/shop\/"},{"@type":"ListItem","position":3,"name":"02. VISTA 390"}]},{"@type":"WebSite","@id":"https:\/\/3coty.com\/lv\/#website","url":"https:\/\/3coty.com\/lv\/","name":"3coty\u00ae","description":"Meat-only Cat Food","publisher":{"@id":"https:\/\/3coty.com\/lv\/#organization"},"potentialAction":[{"@type":"SearchAction","target":{"@type":"EntryPoint","urlTemplate":"https:\/\/3coty.com\/lv\/?s={search_term_string}"},"query-input":{"@type":"PropertyValueSpecification","valueRequired":true,"valueName":"search_term_string"}}],"inLanguage":"lv-LV"},{"@type":"Organization","@id":"https:\/\/3coty.com\/lv\/#organization","name":"3coty\u00ae","alternateName":"3coty","url":"https:\/\/3coty.com\/lv\/","logo":{"@type":"ImageObject","inLanguage":"lv-LV","@id":"https:\/\/3coty.com\/lv\/#\/schema\/logo\/image\/","url":"https:\/\/3coty.com\/wp-content\/uploads\/2025\/05\/icon-3coty-logo.svg","contentUrl":"https:\/\/3coty.com\/wp-content\/uploads\/2025\/05\/icon-3coty-logo.svg","width":283,"height":283,"caption":"3coty\u00ae"},"image":{"@id":"https:\/\/3coty.com\/lv\/#\/schema\/logo\/image\/"},"sameAs":["https:\/\/www.facebook.com\/3coty","https:\/\/x.com\/3cotyCom","https:\/\/www.instagram.com\/3coty","https:\/\/www.linkedin.com\/company\/3coty","https:\/\/www.youtube.com\/@3coty"]}]},"product_price_amount":"4.50","product_price_currency":"EUR","og_availability":"instock","product_availability":"instock","product_retailer_item_id":"390T 02CH \/ 5901785317398","product_condition":"new"},"_links":{"self":[{"href":"https:\/\/3coty.com\/lv\/wp-json\/wp\/v2\/product\/35762","targetHints":{"allow":["GET"]}}],"collection":[{"href":"https:\/\/3coty.com\/lv\/wp-json\/wp\/v2\/product"}],"about":[{"href":"https:\/\/3coty.com\/lv\/wp-json\/wp\/v2\/types\/product"}],"version-history":[{"count":4,"href":"https:\/\/3coty.com\/lv\/wp-json\/wp\/v2\/product\/35762\/revisions"}],"predecessor-version":[{"id":63052,"href":"https:\/\/3coty.com\/lv\/wp-json\/wp\/v2\/product\/35762\/revisions\/63052"}],"wp:featuredmedia":[{"embeddable":true,"href":"https:\/\/3coty.com\/lv\/wp-json\/wp\/v2\/media\/62817"}],"wp:attachment":[{"href":"https:\/\/3coty.com\/lv\/wp-json\/wp\/v2\/media?parent=35762"}],"wp:term":[{"taxonomy":"product_brand","embeddable":true,"href":"https:\/\/3coty.com\/lv\/wp-json\/wp\/v2\/product_brand?post=35762"},{"taxonomy":"product_cat","embeddable":true,"href":"https:\/\/3coty.com\/lv\/wp-json\/wp\/v2\/product_cat?post=35762"},{"taxonomy":"product_tag","embeddable":true,"href":"https:\/\/3coty.com\/lv\/wp-json\/wp\/v2\/product_tag?post=35762"}],"curies":[{"name":"wp","href":"https:\/\/api.w.org\/{rel}","templated":true}]}}