{"id":35759,"date":"2025-05-19T15:30:12","date_gmt":"2025-05-19T15:30:12","guid":{"rendered":"https:\/\/3coty.com\/p\/01-chicken-780\/"},"modified":"2026-03-17T18:39:10","modified_gmt":"2026-03-17T18:39:10","slug":"01-chicken-780","status":"publish","type":"product","link":"https:\/\/3coty.com\/lv\/p\/01-chicken-780\/","title":{"rendered":"01. VISTA 780"},"content":{"rendered":"<p><a href=\"https:\/\/3coty.com\/wp-content\/uploads\/2025\/07\/3coty-p-01-tab-1.svg\"><img fetchpriority=\"high\" decoding=\"async\" class=\"alignnone size-full wp-image-63218\" role=\"img\" src=\"https:\/\/3coty.com\/wp-content\/uploads\/2025\/07\/3coty-p-01-tab-1.svg\" alt=\"\" width=\"283\" height=\"283\" \/><\/a><\/p>\n<h2>DAB\u012aGA UN PILNV\u0112RT\u012aGA 3COTY\u00ae KA\u0136U BAR\u012aBA<\/h2>\n<p><strong>100% DAB\u012aGAS GA\u013bAS SAST\u0100VDA\u013bAS un dz\u012bvnieku izcelsmes produkti, pagatavoti sav\u0101 barojo\u0161aj\u0101 buljon\u0101<\/strong><\/p>\n<p>M\u016bsu galvenais produkts ir izstr\u0101d\u0101ts k\u0101 100\u202f% vistas ga\u013cas konserv\u0113ta bar\u012bba, kas ir pilnv\u0113rt\u012bga un sabalans\u0113ta, piem\u0113rota pieaugu\u0161iem ka\u0137iem elimin\u0101cijas di\u0113tai. T\u0101 satur sirdis, musku\u013cku\u0146\u0123us un aknas, l\u012bdz\u012bgi k\u0101 ka\u0137i \u0113d savu med\u012bjumu. \u0160\u0137irnes, piem\u0113ram, abis\u012bnijas ka\u0137i, beng\u0101\u013ci un Meinas jenotka\u0137i, izbauda visas vistas da\u013cas, ne tikai stilbi\u0146us un sp\u0101rnus. Monoprote\u012bna bar\u012bba, kas gatavota sav\u0101 buljon\u0101.<\/p>\n<p>Monoprote\u012bna ka\u0137u bar\u012bba, pagatavota no 100% vistas ga\u013cas un iek\u0161\u0113jiem org\u0101niem, ide\u0101li piem\u0113rota izsl\u0113g\u0161anas di\u0113t\u0101m un ka\u0137iem, kas pieradu\u0161i pie BARF vai svaig\u0113\u0161anas uztura.<\/p>\n","protected":false},"excerpt":{"rendered":"<p><a href=\"https:\/\/3coty.com\/wp-content\/uploads\/2025\/07\/3coty-p-01-description-1.svg\"><img decoding=\"async\" class=\"alignnone size-medium wp-image-63182\" role=\"img\" src=\"https:\/\/3coty.com\/wp-content\/uploads\/2025\/07\/3coty-p-01-description-1.svg\" alt=\"\" width=\"300\" height=\"300\" \/><\/a><\/p>\n<p><strong>PIEAUGU\u0160IEM KA\u0136IEM<\/strong>\u00a0| PAT\u0112 | MONOPROT\u0112\u012aNU KA\u0136U BAR\u012aBA<\/p>\n<p><a href=\"https:\/\/3coty.com\/wp-content\/uploads\/2025\/07\/3coty-p-01-description-2.svg\"><img decoding=\"async\" class=\"alignnone size-full wp-image-63200\" role=\"img\" src=\"https:\/\/3coty.com\/wp-content\/uploads\/2025\/07\/3coty-p-01-description-2.svg\" alt=\"\" width=\"506\" height=\"85\" \/><\/a><\/p>\n","protected":false},"featured_media":63533,"template":"","meta":{"_acf_changed":false},"product_brand":[1952],"product_cat":[362],"product_tag":[750],"class_list":{"0":"post-35759","1":"product","2":"type-product","3":"status-publish","4":"has-post-thumbnail","6":"product_brand-3coty","7":"product_cat-for-adult-cats","8":"product_tag-01ch","10":"first","11":"instock","12":"featured","13":"taxable","14":"shipping-taxable","15":"purchasable","16":"product-type-simple"},"acf":[],"yoast_head":"<!-- This site is optimized with the Yoast SEO Premium plugin v27.4 (Yoast SEO v27.4) - https:\/\/yoast.com\/product\/yoast-seo-premium-wordpress\/ -->\n<title>01. VISTA 780 (780g) | Pieaugu\u0161iem ka\u0137iem | 3coty\u00ae Dab\u012bga Ka\u0137u Bar\u012bba 100% Ga\u013cas<\/title>\n<meta name=\"description\" content=\"Apmekl\u0113jiet 3coty\u00ae veikalu ar dab\u012bgu, tikai no ga\u013cas gatavotu ka\u0137u bar\u012bbu, kas izgatavota no 100% svaig\u0101m sast\u0101vda\u013c\u0101m. Atkl\u0101jiet vesel\u012bgas receptes, kas atbalsta j\u016bsu ka\u0137a labsaj\u016btu ikvien\u0101 dz\u012bves posm\u0101.\" \/>\n<meta name=\"robots\" content=\"index, follow, max-snippet:-1, max-image-preview:large, max-video-preview:-1\" \/>\n<link rel=\"canonical\" href=\"https:\/\/3coty.com\/lv\/p\/01-chicken-780\/\" \/>\n<meta property=\"og:locale\" content=\"lv_LV\" \/>\n<meta property=\"og:type\" content=\"article\" \/>\n<meta property=\"og:title\" content=\"01. VISTA 780 (780g) | Pieaugu\u0161iem ka\u0137iem | 3coty\u00ae Dab\u012bga Ka\u0137u Bar\u012bba 100% Ga\u013cas\" \/>\n<meta property=\"og:description\" content=\"Apmekl\u0113jiet 3coty\u00ae veikalu ar dab\u012bgu, tikai no ga\u013cas gatavotu ka\u0137u bar\u012bbu, kas izgatavota no 100% svaig\u0101m sast\u0101vda\u013c\u0101m. Atkl\u0101jiet vesel\u012bgas receptes, kas atbalsta j\u016bsu ka\u0137a labsaj\u016btu ikvien\u0101 dz\u012bves posm\u0101.\" \/>\n<meta property=\"og:url\" content=\"https:\/\/3coty.com\/lv\/p\/01-chicken-780\/\" \/>\n<meta property=\"og:site_name\" content=\"3coty\u00ae\" \/>\n<meta property=\"article:publisher\" content=\"https:\/\/www.facebook.com\/3coty\" \/>\n<meta property=\"article:modified_time\" content=\"2026-03-17T18:39:10+00:00\" \/>\n<meta property=\"og:image\" content=\"https:\/\/3coty.com\/wp-content\/uploads\/2025\/10\/3coty-01-chicken-780-meat-only-cat-food.jpg\" \/>\n\t<meta property=\"og:image:width\" content=\"1200\" \/>\n\t<meta property=\"og:image:height\" content=\"630\" \/>\n\t<meta property=\"og:image:type\" content=\"image\/jpeg\" \/>\n<meta name=\"twitter:card\" content=\"summary_large_image\" \/>\n<meta name=\"twitter:title\" content=\"01. VISTA 780 (780g) | Pieaugu\u0161iem ka\u0137iem | 3coty\u00ae Dab\u012bga Ka\u0137u Bar\u012bba 100% Ga\u013cas\" \/>\n<meta name=\"twitter:description\" content=\"Apmekl\u0113jiet 3coty\u00ae veikalu ar dab\u012bgu, tikai no ga\u013cas gatavotu ka\u0137u bar\u012bbu, kas izgatavota no 100% svaig\u0101m sast\u0101vda\u013c\u0101m. Atkl\u0101jiet vesel\u012bgas receptes, kas atbalsta j\u016bsu ka\u0137a labsaj\u016btu ikvien\u0101 dz\u012bves posm\u0101.\" \/>\n<meta name=\"twitter:image\" content=\"https:\/\/3coty.com\/wp-content\/uploads\/2025\/10\/3coty-01-chicken-780-meat-only-cat-food.jpg\" \/>\n<meta name=\"twitter:site\" content=\"@3cotyCom\" \/>\n<meta name=\"twitter:label1\" content=\"Price\" \/>\n\t<meta name=\"twitter:data1\" content=\"\u20ac&nbsp;8.50\" \/>\n\t<meta name=\"twitter:label2\" content=\"Availability\" \/>\n\t<meta name=\"twitter:data2\" content=\"In stock\" \/>\n<script type=\"application\/ld+json\" class=\"yoast-schema-graph\">{\"@context\":\"https:\\\/\\\/schema.org\",\"@graph\":[{\"@type\":\"WebPage\",\"@id\":\"https:\\\/\\\/3coty.com\\\/lv\\\/p\\\/01-chicken-780\\\/\",\"url\":\"https:\\\/\\\/3coty.com\\\/lv\\\/p\\\/01-chicken-780\\\/\",\"name\":\"01. VISTA 780 (780g) | Pieaugu\u0161iem ka\u0137iem | 3coty\u00ae Dab\u012bga Ka\u0137u Bar\u012bba 100% Ga\u013cas\",\"isPartOf\":{\"@id\":\"https:\\\/\\\/3coty.com\\\/lv\\\/#website\"},\"primaryImageOfPage\":{\"@id\":\"https:\\\/\\\/3coty.com\\\/lv\\\/p\\\/01-chicken-780\\\/#primaryimage\"},\"image\":{\"@id\":\"https:\\\/\\\/3coty.com\\\/lv\\\/p\\\/01-chicken-780\\\/#primaryimage\"},\"thumbnailUrl\":\"https:\\\/\\\/3coty.com\\\/wp-content\\\/uploads\\\/2025\\\/07\\\/3coty-p-01-780-01.jpg\",\"datePublished\":\"2025-05-19T15:30:12+00:00\",\"dateModified\":\"2026-03-17T18:39:10+00:00\",\"description\":\"Apmekl\u0113jiet 3coty\u00ae veikalu ar dab\u012bgu, tikai no ga\u013cas gatavotu ka\u0137u bar\u012bbu, kas izgatavota no 100% svaig\u0101m sast\u0101vda\u013c\u0101m. Atkl\u0101jiet vesel\u012bgas receptes, kas atbalsta j\u016bsu ka\u0137a labsaj\u016btu ikvien\u0101 dz\u012bves posm\u0101.\",\"breadcrumb\":{\"@id\":\"https:\\\/\\\/3coty.com\\\/lv\\\/p\\\/01-chicken-780\\\/#breadcrumb\"},\"inLanguage\":\"lv-LV\",\"potentialAction\":[{\"@type\":\"ReadAction\",\"target\":[\"https:\\\/\\\/3coty.com\\\/lv\\\/p\\\/01-chicken-780\\\/\"]}]},{\"@type\":\"ImageObject\",\"inLanguage\":\"lv-LV\",\"@id\":\"https:\\\/\\\/3coty.com\\\/lv\\\/p\\\/01-chicken-780\\\/#primaryimage\",\"url\":\"https:\\\/\\\/3coty.com\\\/wp-content\\\/uploads\\\/2025\\\/07\\\/3coty-p-01-780-01.jpg\",\"contentUrl\":\"https:\\\/\\\/3coty.com\\\/wp-content\\\/uploads\\\/2025\\\/07\\\/3coty-p-01-780-01.jpg\",\"width\":1024,\"height\":1024},{\"@type\":\"BreadcrumbList\",\"@id\":\"https:\\\/\\\/3coty.com\\\/lv\\\/p\\\/01-chicken-780\\\/#breadcrumb\",\"itemListElement\":[{\"@type\":\"ListItem\",\"position\":1,\"name\":\"Home\",\"item\":\"https:\\\/\\\/3coty.com\\\/lv\\\/\"},{\"@type\":\"ListItem\",\"position\":2,\"name\":\"VEIKALS\",\"item\":\"https:\\\/\\\/3coty.com\\\/lv\\\/shop\\\/\"},{\"@type\":\"ListItem\",\"position\":3,\"name\":\"01. VISTA 780\"}]},{\"@type\":\"WebSite\",\"@id\":\"https:\\\/\\\/3coty.com\\\/lv\\\/#website\",\"url\":\"https:\\\/\\\/3coty.com\\\/lv\\\/\",\"name\":\"3coty\u00ae\",\"description\":\"Meat-only Cat Food\",\"publisher\":{\"@id\":\"https:\\\/\\\/3coty.com\\\/lv\\\/#organization\"},\"potentialAction\":[{\"@type\":\"SearchAction\",\"target\":{\"@type\":\"EntryPoint\",\"urlTemplate\":\"https:\\\/\\\/3coty.com\\\/lv\\\/?s={search_term_string}\"},\"query-input\":{\"@type\":\"PropertyValueSpecification\",\"valueRequired\":true,\"valueName\":\"search_term_string\"}}],\"inLanguage\":\"lv-LV\"},{\"@type\":\"Organization\",\"@id\":\"https:\\\/\\\/3coty.com\\\/lv\\\/#organization\",\"name\":\"3coty\u00ae\",\"alternateName\":\"3coty\",\"url\":\"https:\\\/\\\/3coty.com\\\/lv\\\/\",\"logo\":{\"@type\":\"ImageObject\",\"inLanguage\":\"lv-LV\",\"@id\":\"https:\\\/\\\/3coty.com\\\/lv\\\/#\\\/schema\\\/logo\\\/image\\\/\",\"url\":\"https:\\\/\\\/3coty.com\\\/wp-content\\\/uploads\\\/2025\\\/05\\\/icon-3coty-logo.svg\",\"contentUrl\":\"https:\\\/\\\/3coty.com\\\/wp-content\\\/uploads\\\/2025\\\/05\\\/icon-3coty-logo.svg\",\"width\":283,\"height\":283,\"caption\":\"3coty\u00ae\"},\"image\":{\"@id\":\"https:\\\/\\\/3coty.com\\\/lv\\\/#\\\/schema\\\/logo\\\/image\\\/\"},\"sameAs\":[\"https:\\\/\\\/www.facebook.com\\\/3coty\",\"https:\\\/\\\/x.com\\\/3cotyCom\",\"https:\\\/\\\/www.instagram.com\\\/3coty\",\"https:\\\/\\\/www.linkedin.com\\\/company\\\/3coty\",\"https:\\\/\\\/www.youtube.com\\\/@3coty\"]}]}<\/script>\n<meta property=\"product:price:amount\" content=\"8.50\" \/>\n<meta property=\"product:price:currency\" content=\"EUR\" \/>\n<meta property=\"og:availability\" content=\"instock\" \/>\n<meta property=\"product:availability\" content=\"instock\" \/>\n<meta property=\"product:retailer_item_id\" content=\"780T 01CH \/ 5901785316407\" \/>\n<meta property=\"product:condition\" content=\"new\" \/>\n<!-- \/ Yoast SEO Premium plugin. -->","yoast_head_json":{"title":"01. VISTA 780 (780g) | Pieaugu\u0161iem ka\u0137iem | 3coty\u00ae Dab\u012bga Ka\u0137u Bar\u012bba 100% Ga\u013cas","description":"Apmekl\u0113jiet 3coty\u00ae veikalu ar dab\u012bgu, tikai no ga\u013cas gatavotu ka\u0137u bar\u012bbu, kas izgatavota no 100% svaig\u0101m sast\u0101vda\u013c\u0101m. Atkl\u0101jiet vesel\u012bgas receptes, kas atbalsta j\u016bsu ka\u0137a labsaj\u016btu ikvien\u0101 dz\u012bves posm\u0101.","robots":{"index":"index","follow":"follow","max-snippet":"max-snippet:-1","max-image-preview":"max-image-preview:large","max-video-preview":"max-video-preview:-1"},"canonical":"https:\/\/3coty.com\/lv\/p\/01-chicken-780\/","og_locale":"lv_LV","og_type":"article","og_title":"01. VISTA 780 (780g) | Pieaugu\u0161iem ka\u0137iem | 3coty\u00ae Dab\u012bga Ka\u0137u Bar\u012bba 100% Ga\u013cas","og_description":"Apmekl\u0113jiet 3coty\u00ae veikalu ar dab\u012bgu, tikai no ga\u013cas gatavotu ka\u0137u bar\u012bbu, kas izgatavota no 100% svaig\u0101m sast\u0101vda\u013c\u0101m. Atkl\u0101jiet vesel\u012bgas receptes, kas atbalsta j\u016bsu ka\u0137a labsaj\u016btu ikvien\u0101 dz\u012bves posm\u0101.","og_url":"https:\/\/3coty.com\/lv\/p\/01-chicken-780\/","og_site_name":"3coty\u00ae","article_publisher":"https:\/\/www.facebook.com\/3coty","article_modified_time":"2026-03-17T18:39:10+00:00","og_image":[{"width":1200,"height":630,"url":"https:\/\/3coty.com\/wp-content\/uploads\/2025\/10\/3coty-01-chicken-780-meat-only-cat-food.jpg","type":"image\/jpeg"}],"twitter_card":"summary_large_image","twitter_title":"01. VISTA 780 (780g) | Pieaugu\u0161iem ka\u0137iem | 3coty\u00ae Dab\u012bga Ka\u0137u Bar\u012bba 100% Ga\u013cas","twitter_description":"Apmekl\u0113jiet 3coty\u00ae veikalu ar dab\u012bgu, tikai no ga\u013cas gatavotu ka\u0137u bar\u012bbu, kas izgatavota no 100% svaig\u0101m sast\u0101vda\u013c\u0101m. Atkl\u0101jiet vesel\u012bgas receptes, kas atbalsta j\u016bsu ka\u0137a labsaj\u016btu ikvien\u0101 dz\u012bves posm\u0101.","twitter_image":"https:\/\/3coty.com\/wp-content\/uploads\/2025\/10\/3coty-01-chicken-780-meat-only-cat-food.jpg","twitter_site":"@3cotyCom","twitter_misc":{"Price":"\u20ac&nbsp;8.50","Availability":"In stock"},"schema":{"@context":"https:\/\/schema.org","@graph":[{"@type":"WebPage","@id":"https:\/\/3coty.com\/lv\/p\/01-chicken-780\/","url":"https:\/\/3coty.com\/lv\/p\/01-chicken-780\/","name":"01. VISTA 780 (780g) | Pieaugu\u0161iem ka\u0137iem | 3coty\u00ae Dab\u012bga Ka\u0137u Bar\u012bba 100% Ga\u013cas","isPartOf":{"@id":"https:\/\/3coty.com\/lv\/#website"},"primaryImageOfPage":{"@id":"https:\/\/3coty.com\/lv\/p\/01-chicken-780\/#primaryimage"},"image":{"@id":"https:\/\/3coty.com\/lv\/p\/01-chicken-780\/#primaryimage"},"thumbnailUrl":"https:\/\/3coty.com\/wp-content\/uploads\/2025\/07\/3coty-p-01-780-01.jpg","datePublished":"2025-05-19T15:30:12+00:00","dateModified":"2026-03-17T18:39:10+00:00","description":"Apmekl\u0113jiet 3coty\u00ae veikalu ar dab\u012bgu, tikai no ga\u013cas gatavotu ka\u0137u bar\u012bbu, kas izgatavota no 100% svaig\u0101m sast\u0101vda\u013c\u0101m. Atkl\u0101jiet vesel\u012bgas receptes, kas atbalsta j\u016bsu ka\u0137a labsaj\u016btu ikvien\u0101 dz\u012bves posm\u0101.","breadcrumb":{"@id":"https:\/\/3coty.com\/lv\/p\/01-chicken-780\/#breadcrumb"},"inLanguage":"lv-LV","potentialAction":[{"@type":"ReadAction","target":["https:\/\/3coty.com\/lv\/p\/01-chicken-780\/"]}]},{"@type":"ImageObject","inLanguage":"lv-LV","@id":"https:\/\/3coty.com\/lv\/p\/01-chicken-780\/#primaryimage","url":"https:\/\/3coty.com\/wp-content\/uploads\/2025\/07\/3coty-p-01-780-01.jpg","contentUrl":"https:\/\/3coty.com\/wp-content\/uploads\/2025\/07\/3coty-p-01-780-01.jpg","width":1024,"height":1024},{"@type":"BreadcrumbList","@id":"https:\/\/3coty.com\/lv\/p\/01-chicken-780\/#breadcrumb","itemListElement":[{"@type":"ListItem","position":1,"name":"Home","item":"https:\/\/3coty.com\/lv\/"},{"@type":"ListItem","position":2,"name":"VEIKALS","item":"https:\/\/3coty.com\/lv\/shop\/"},{"@type":"ListItem","position":3,"name":"01. VISTA 780"}]},{"@type":"WebSite","@id":"https:\/\/3coty.com\/lv\/#website","url":"https:\/\/3coty.com\/lv\/","name":"3coty\u00ae","description":"Meat-only Cat Food","publisher":{"@id":"https:\/\/3coty.com\/lv\/#organization"},"potentialAction":[{"@type":"SearchAction","target":{"@type":"EntryPoint","urlTemplate":"https:\/\/3coty.com\/lv\/?s={search_term_string}"},"query-input":{"@type":"PropertyValueSpecification","valueRequired":true,"valueName":"search_term_string"}}],"inLanguage":"lv-LV"},{"@type":"Organization","@id":"https:\/\/3coty.com\/lv\/#organization","name":"3coty\u00ae","alternateName":"3coty","url":"https:\/\/3coty.com\/lv\/","logo":{"@type":"ImageObject","inLanguage":"lv-LV","@id":"https:\/\/3coty.com\/lv\/#\/schema\/logo\/image\/","url":"https:\/\/3coty.com\/wp-content\/uploads\/2025\/05\/icon-3coty-logo.svg","contentUrl":"https:\/\/3coty.com\/wp-content\/uploads\/2025\/05\/icon-3coty-logo.svg","width":283,"height":283,"caption":"3coty\u00ae"},"image":{"@id":"https:\/\/3coty.com\/lv\/#\/schema\/logo\/image\/"},"sameAs":["https:\/\/www.facebook.com\/3coty","https:\/\/x.com\/3cotyCom","https:\/\/www.instagram.com\/3coty","https:\/\/www.linkedin.com\/company\/3coty","https:\/\/www.youtube.com\/@3coty"]}]},"product_price_amount":"8.50","product_price_currency":"EUR","og_availability":"instock","product_availability":"instock","product_retailer_item_id":"780T 01CH \/ 5901785316407","product_condition":"new"},"_links":{"self":[{"href":"https:\/\/3coty.com\/lv\/wp-json\/wp\/v2\/product\/35759","targetHints":{"allow":["GET"]}}],"collection":[{"href":"https:\/\/3coty.com\/lv\/wp-json\/wp\/v2\/product"}],"about":[{"href":"https:\/\/3coty.com\/lv\/wp-json\/wp\/v2\/types\/product"}],"version-history":[{"count":5,"href":"https:\/\/3coty.com\/lv\/wp-json\/wp\/v2\/product\/35759\/revisions"}],"predecessor-version":[{"id":39171,"href":"https:\/\/3coty.com\/lv\/wp-json\/wp\/v2\/product\/35759\/revisions\/39171"}],"wp:featuredmedia":[{"embeddable":true,"href":"https:\/\/3coty.com\/lv\/wp-json\/wp\/v2\/media\/63533"}],"wp:attachment":[{"href":"https:\/\/3coty.com\/lv\/wp-json\/wp\/v2\/media?parent=35759"}],"wp:term":[{"taxonomy":"product_brand","embeddable":true,"href":"https:\/\/3coty.com\/lv\/wp-json\/wp\/v2\/product_brand?post=35759"},{"taxonomy":"product_cat","embeddable":true,"href":"https:\/\/3coty.com\/lv\/wp-json\/wp\/v2\/product_cat?post=35759"},{"taxonomy":"product_tag","embeddable":true,"href":"https:\/\/3coty.com\/lv\/wp-json\/wp\/v2\/product_tag?post=35759"}],"curies":[{"name":"wp","href":"https:\/\/api.w.org\/{rel}","templated":true}]}}