{"id":83975,"date":"2026-04-18T15:50:27","date_gmt":"2026-04-18T15:50:27","guid":{"rendered":"https:\/\/3coty.com\/?post_type=product&#038;p=83975"},"modified":"2026-04-18T15:51:05","modified_gmt":"2026-04-18T15:51:05","slug":"98-appetite-support-080","status":"publish","type":"product","link":"https:\/\/3coty.com\/lt\/p\/98-appetite-support-080\/","title":{"rendered":"98. APETITO PARAMA 080"},"content":{"rendered":"<p><a href=\"https:\/\/3coty.com\/wp-content\/uploads\/2025\/07\/3coty-p-97-tab-1.svg\"><img fetchpriority=\"high\" decoding=\"async\" class=\"alignnone size-full wp-image-40832\" role=\"img\" src=\"https:\/\/3coty.com\/wp-content\/uploads\/2025\/07\/3coty-p-97-tab-1.svg\" alt=\"\" width=\"283\" height=\"283\" \/><\/a><\/p>\n<h2>3COTY\u00ae NAT\u016aRALI PAPILDOMA MITYBA KAT\u0116MS<\/h2>\n<p><strong>MAISTIN\u0116S MIEL\u0116S + CHLORELLA (Chlorella vulgaris) + BIOTINAS<\/strong><\/p>\n<p>Kat\u0117ms, kurios kartais \u0117da ma\u017eiau nei \u012fprastai d\u0117l streso, hormonini\u0173 ar sezonini\u0173 poky\u010di\u0173, kelioni\u0173 metu ar pereinant prie naujo pa\u0161aro, \u0161is papildomas pa\u0161aras padeda atkurti apetit\u0105. Mitybin\u0117s miel\u0117s suteikia nat\u016braliai patraukl\u0173 skon\u012f, o didelis ma\u017e\u0173 peptid\u0173 ir laisv\u0173j\u0173 aminor\u016bg\u0161\u010di\u0173 kiekis padeda geriau \u012fsisavinti maistines med\u017eiagas. Taurinas, nepakei\u010diama aminor\u016bg\u0161tis kat\u0117ms, palaiko normalias fiziologines funkcijas ir bendr\u0105 gyvybingum\u0105.<\/p>\n<p>Paprastas b\u016bdas pad\u0117ti kat\u0117ms suma\u017e\u0117jusio apetito laikotarpiais ir sugr\u0105\u017einti jas prie reguliaraus \u0161\u0117rimo.<\/p>\n","protected":false},"excerpt":{"rendered":"<p><a href=\"https:\/\/3coty.com\/wp-content\/uploads\/2025\/07\/3coty-p-97-description-1.svg\"><img decoding=\"async\" class=\"alignnone wp-image-40958 size-medium\" role=\"img\" src=\"https:\/\/3coty.com\/wp-content\/uploads\/2025\/07\/3coty-p-97-description-1.svg\" alt=\"\" width=\"300\" height=\"300\" \/><\/a><\/p>\n<p><strong>VISOMS KAT\u0116MS SU<\/strong> | MILTELIAI | NAT\u016aRALI PAPILDOMA MITYBA KAT\u0116MS<br \/>\n<strong>PADEDA PALAIKYTI IR ATKURTI APETIT\u0104<\/strong><\/p>\n<p><a href=\"https:\/\/3coty.com\/wp-content\/uploads\/2026\/03\/3coty-product-98-description-2.svg\"><img decoding=\"async\" class=\"alignnone size-full wp-image-83709\" role=\"img\" src=\"https:\/\/3coty.com\/wp-content\/uploads\/2026\/03\/3coty-product-98-description-2.svg\" alt=\"\" width=\"218\" height=\"85\" \/><\/a><\/p>\n","protected":false},"featured_media":83755,"template":"","meta":{"_acf_changed":false},"product_brand":[],"product_cat":[426],"product_tag":[2080],"class_list":{"0":"post-83975","1":"product","2":"type-product","3":"status-publish","4":"has-post-thumbnail","6":"product_cat-well-being","7":"product_tag-98as","9":"first","10":"instock","11":"taxable","12":"shipping-taxable","13":"purchasable","14":"product-type-simple"},"acf":[],"yoast_head":"<!-- This site is optimized with the Yoast SEO Premium plugin v27.4 (Yoast SEO v27.4) - https:\/\/yoast.com\/product\/yoast-seo-premium-wordpress\/ -->\n<title>98. APETITO PARAMA 080 (80g) | Visoms kat\u0117ms | 3coty\u00ae Nat\u016bralus papildomas pa\u0161aras kat\u0117ms<\/title>\n<meta name=\"description\" content=\"Papildomas pa\u0161aras kat\u0117ms su suma\u017e\u0117jusiu apetitu, su mitybin\u0117mis miel\u0117mis ir taurinu, padedantis atkurti reguliar\u0173 \u0117dim\u0105.\" \/>\n<meta name=\"robots\" content=\"index, follow, max-snippet:-1, max-image-preview:large, max-video-preview:-1\" \/>\n<link rel=\"canonical\" href=\"https:\/\/3coty.com\/lt\/p\/98-appetite-support-080\/\" \/>\n<meta property=\"og:locale\" content=\"lt_LT\" \/>\n<meta property=\"og:type\" content=\"article\" \/>\n<meta property=\"og:title\" content=\"98. APETITO PARAMA 080 (80g) | Visoms kat\u0117ms | 3coty\u00ae Nat\u016bralus papildomas pa\u0161aras kat\u0117ms\" \/>\n<meta property=\"og:description\" content=\"Papildomas pa\u0161aras kat\u0117ms su suma\u017e\u0117jusiu apetitu, su mitybin\u0117mis miel\u0117mis ir taurinu, padedantis atkurti reguliar\u0173 \u0117dim\u0105.\" \/>\n<meta property=\"og:url\" content=\"https:\/\/3coty.com\/lt\/p\/98-appetite-support-080\/\" \/>\n<meta property=\"og:site_name\" content=\"3coty\u00ae\" \/>\n<meta property=\"article:publisher\" content=\"https:\/\/www.facebook.com\/3coty\" \/>\n<meta property=\"article:modified_time\" content=\"2026-04-18T15:51:05+00:00\" \/>\n<meta property=\"og:image\" content=\"https:\/\/3coty.com\/wp-content\/uploads\/2026\/04\/3coty-98-appetite-support-complementary-cat-food-1024x538.jpg\" \/>\n<meta name=\"twitter:card\" content=\"summary_large_image\" \/>\n<meta name=\"twitter:title\" content=\"98. APETITO PARAMA 080 (80g) | Visoms kat\u0117ms | 3coty\u00ae Nat\u016bralus papildomas pa\u0161aras kat\u0117ms\" \/>\n<meta name=\"twitter:description\" content=\"Papildomas pa\u0161aras kat\u0117ms su suma\u017e\u0117jusiu apetitu, su mitybin\u0117mis miel\u0117mis ir taurinu, padedantis atkurti reguliar\u0173 \u0117dim\u0105.\" \/>\n<meta name=\"twitter:site\" content=\"@3cotyCom\" \/>\n<meta name=\"twitter:label1\" content=\"Price\" \/>\n\t<meta name=\"twitter:data1\" content=\"\u20ac&nbsp;15.00\" \/>\n\t<meta name=\"twitter:label2\" content=\"Availability\" \/>\n\t<meta name=\"twitter:data2\" content=\"In stock\" \/>\n<script type=\"application\/ld+json\" class=\"yoast-schema-graph\">{\"@context\":\"https:\\\/\\\/schema.org\",\"@graph\":[{\"@type\":\"WebPage\",\"@id\":\"https:\\\/\\\/3coty.com\\\/lt\\\/p\\\/98-appetite-support-080\\\/\",\"url\":\"https:\\\/\\\/3coty.com\\\/lt\\\/p\\\/98-appetite-support-080\\\/\",\"name\":\"98. APETITO PARAMA 080 (80g) | Visoms kat\u0117ms | 3coty\u00ae Nat\u016bralus papildomas pa\u0161aras kat\u0117ms\",\"isPartOf\":{\"@id\":\"https:\\\/\\\/3coty.com\\\/lt\\\/#website\"},\"primaryImageOfPage\":{\"@id\":\"https:\\\/\\\/3coty.com\\\/lt\\\/p\\\/98-appetite-support-080\\\/#primaryimage\"},\"image\":{\"@id\":\"https:\\\/\\\/3coty.com\\\/lt\\\/p\\\/98-appetite-support-080\\\/#primaryimage\"},\"thumbnailUrl\":\"https:\\\/\\\/3coty.com\\\/wp-content\\\/uploads\\\/2026\\\/03\\\/3coty-product-98-01.jpg\",\"datePublished\":\"2026-04-18T15:50:27+00:00\",\"dateModified\":\"2026-04-18T15:51:05+00:00\",\"description\":\"Papildomas pa\u0161aras kat\u0117ms su suma\u017e\u0117jusiu apetitu, su mitybin\u0117mis miel\u0117mis ir taurinu, padedantis atkurti reguliar\u0173 \u0117dim\u0105.\",\"breadcrumb\":{\"@id\":\"https:\\\/\\\/3coty.com\\\/lt\\\/p\\\/98-appetite-support-080\\\/#breadcrumb\"},\"inLanguage\":\"lt-LT\",\"potentialAction\":[{\"@type\":\"ReadAction\",\"target\":[\"https:\\\/\\\/3coty.com\\\/lt\\\/p\\\/98-appetite-support-080\\\/\"]}]},{\"@type\":\"ImageObject\",\"inLanguage\":\"lt-LT\",\"@id\":\"https:\\\/\\\/3coty.com\\\/lt\\\/p\\\/98-appetite-support-080\\\/#primaryimage\",\"url\":\"https:\\\/\\\/3coty.com\\\/wp-content\\\/uploads\\\/2026\\\/03\\\/3coty-product-98-01.jpg\",\"contentUrl\":\"https:\\\/\\\/3coty.com\\\/wp-content\\\/uploads\\\/2026\\\/03\\\/3coty-product-98-01.jpg\",\"width\":1024,\"height\":1024},{\"@type\":\"BreadcrumbList\",\"@id\":\"https:\\\/\\\/3coty.com\\\/lt\\\/p\\\/98-appetite-support-080\\\/#breadcrumb\",\"itemListElement\":[{\"@type\":\"ListItem\",\"position\":1,\"name\":\"Home\",\"item\":\"https:\\\/\\\/3coty.com\\\/lt\\\/\"},{\"@type\":\"ListItem\",\"position\":2,\"name\":\"PARDUOTUV\u0116\",\"item\":\"https:\\\/\\\/3coty.com\\\/lt\\\/shop\\\/\"},{\"@type\":\"ListItem\",\"position\":3,\"name\":\"98. APETITO PARAMA 080\"}]},{\"@type\":\"WebSite\",\"@id\":\"https:\\\/\\\/3coty.com\\\/lt\\\/#website\",\"url\":\"https:\\\/\\\/3coty.com\\\/lt\\\/\",\"name\":\"3coty\u00ae\",\"description\":\"Meat-only Cat Food\",\"publisher\":{\"@id\":\"https:\\\/\\\/3coty.com\\\/lt\\\/#organization\"},\"potentialAction\":[{\"@type\":\"SearchAction\",\"target\":{\"@type\":\"EntryPoint\",\"urlTemplate\":\"https:\\\/\\\/3coty.com\\\/lt\\\/?s={search_term_string}\"},\"query-input\":{\"@type\":\"PropertyValueSpecification\",\"valueRequired\":true,\"valueName\":\"search_term_string\"}}],\"inLanguage\":\"lt-LT\"},{\"@type\":\"Organization\",\"@id\":\"https:\\\/\\\/3coty.com\\\/lt\\\/#organization\",\"name\":\"3coty\u00ae\",\"alternateName\":\"3coty\",\"url\":\"https:\\\/\\\/3coty.com\\\/lt\\\/\",\"logo\":{\"@type\":\"ImageObject\",\"inLanguage\":\"lt-LT\",\"@id\":\"https:\\\/\\\/3coty.com\\\/lt\\\/#\\\/schema\\\/logo\\\/image\\\/\",\"url\":\"https:\\\/\\\/3coty.com\\\/wp-content\\\/uploads\\\/2025\\\/05\\\/icon-3coty-logo.svg\",\"contentUrl\":\"https:\\\/\\\/3coty.com\\\/wp-content\\\/uploads\\\/2025\\\/05\\\/icon-3coty-logo.svg\",\"width\":283,\"height\":283,\"caption\":\"3coty\u00ae\"},\"image\":{\"@id\":\"https:\\\/\\\/3coty.com\\\/lt\\\/#\\\/schema\\\/logo\\\/image\\\/\"},\"sameAs\":[\"https:\\\/\\\/www.facebook.com\\\/3coty\",\"https:\\\/\\\/x.com\\\/3cotyCom\",\"https:\\\/\\\/www.instagram.com\\\/3coty\",\"https:\\\/\\\/www.linkedin.com\\\/company\\\/3coty\",\"https:\\\/\\\/www.youtube.com\\\/@3coty\"]}]}<\/script>\n<meta property=\"product:price:amount\" content=\"15.00\" \/>\n<meta property=\"product:price:currency\" content=\"EUR\" \/>\n<meta property=\"og:availability\" content=\"instock\" \/>\n<meta property=\"product:availability\" content=\"instock\" \/>\n<meta property=\"product:retailer_item_id\" content=\"100J 98AS \/ 5901785318944\" \/>\n<meta property=\"product:condition\" content=\"new\" \/>\n<!-- \/ Yoast SEO Premium plugin. -->","yoast_head_json":{"title":"98. APETITO PARAMA 080 (80g) | Visoms kat\u0117ms | 3coty\u00ae Nat\u016bralus papildomas pa\u0161aras kat\u0117ms","description":"Papildomas pa\u0161aras kat\u0117ms su suma\u017e\u0117jusiu apetitu, su mitybin\u0117mis miel\u0117mis ir taurinu, padedantis atkurti reguliar\u0173 \u0117dim\u0105.","robots":{"index":"index","follow":"follow","max-snippet":"max-snippet:-1","max-image-preview":"max-image-preview:large","max-video-preview":"max-video-preview:-1"},"canonical":"https:\/\/3coty.com\/lt\/p\/98-appetite-support-080\/","og_locale":"lt_LT","og_type":"article","og_title":"98. APETITO PARAMA 080 (80g) | Visoms kat\u0117ms | 3coty\u00ae Nat\u016bralus papildomas pa\u0161aras kat\u0117ms","og_description":"Papildomas pa\u0161aras kat\u0117ms su suma\u017e\u0117jusiu apetitu, su mitybin\u0117mis miel\u0117mis ir taurinu, padedantis atkurti reguliar\u0173 \u0117dim\u0105.","og_url":"https:\/\/3coty.com\/lt\/p\/98-appetite-support-080\/","og_site_name":"3coty\u00ae","article_publisher":"https:\/\/www.facebook.com\/3coty","article_modified_time":"2026-04-18T15:51:05+00:00","og_image":[{"url":"https:\/\/3coty.com\/wp-content\/uploads\/2026\/04\/3coty-98-appetite-support-complementary-cat-food-1024x538.jpg","type":"","width":"","height":""}],"twitter_card":"summary_large_image","twitter_title":"98. APETITO PARAMA 080 (80g) | Visoms kat\u0117ms | 3coty\u00ae Nat\u016bralus papildomas pa\u0161aras kat\u0117ms","twitter_description":"Papildomas pa\u0161aras kat\u0117ms su suma\u017e\u0117jusiu apetitu, su mitybin\u0117mis miel\u0117mis ir taurinu, padedantis atkurti reguliar\u0173 \u0117dim\u0105.","twitter_site":"@3cotyCom","twitter_misc":{"Price":"\u20ac&nbsp;15.00","Availability":"In stock"},"schema":{"@context":"https:\/\/schema.org","@graph":[{"@type":"WebPage","@id":"https:\/\/3coty.com\/lt\/p\/98-appetite-support-080\/","url":"https:\/\/3coty.com\/lt\/p\/98-appetite-support-080\/","name":"98. APETITO PARAMA 080 (80g) | Visoms kat\u0117ms | 3coty\u00ae Nat\u016bralus papildomas pa\u0161aras kat\u0117ms","isPartOf":{"@id":"https:\/\/3coty.com\/lt\/#website"},"primaryImageOfPage":{"@id":"https:\/\/3coty.com\/lt\/p\/98-appetite-support-080\/#primaryimage"},"image":{"@id":"https:\/\/3coty.com\/lt\/p\/98-appetite-support-080\/#primaryimage"},"thumbnailUrl":"https:\/\/3coty.com\/wp-content\/uploads\/2026\/03\/3coty-product-98-01.jpg","datePublished":"2026-04-18T15:50:27+00:00","dateModified":"2026-04-18T15:51:05+00:00","description":"Papildomas pa\u0161aras kat\u0117ms su suma\u017e\u0117jusiu apetitu, su mitybin\u0117mis miel\u0117mis ir taurinu, padedantis atkurti reguliar\u0173 \u0117dim\u0105.","breadcrumb":{"@id":"https:\/\/3coty.com\/lt\/p\/98-appetite-support-080\/#breadcrumb"},"inLanguage":"lt-LT","potentialAction":[{"@type":"ReadAction","target":["https:\/\/3coty.com\/lt\/p\/98-appetite-support-080\/"]}]},{"@type":"ImageObject","inLanguage":"lt-LT","@id":"https:\/\/3coty.com\/lt\/p\/98-appetite-support-080\/#primaryimage","url":"https:\/\/3coty.com\/wp-content\/uploads\/2026\/03\/3coty-product-98-01.jpg","contentUrl":"https:\/\/3coty.com\/wp-content\/uploads\/2026\/03\/3coty-product-98-01.jpg","width":1024,"height":1024},{"@type":"BreadcrumbList","@id":"https:\/\/3coty.com\/lt\/p\/98-appetite-support-080\/#breadcrumb","itemListElement":[{"@type":"ListItem","position":1,"name":"Home","item":"https:\/\/3coty.com\/lt\/"},{"@type":"ListItem","position":2,"name":"PARDUOTUV\u0116","item":"https:\/\/3coty.com\/lt\/shop\/"},{"@type":"ListItem","position":3,"name":"98. APETITO PARAMA 080"}]},{"@type":"WebSite","@id":"https:\/\/3coty.com\/lt\/#website","url":"https:\/\/3coty.com\/lt\/","name":"3coty\u00ae","description":"Meat-only Cat Food","publisher":{"@id":"https:\/\/3coty.com\/lt\/#organization"},"potentialAction":[{"@type":"SearchAction","target":{"@type":"EntryPoint","urlTemplate":"https:\/\/3coty.com\/lt\/?s={search_term_string}"},"query-input":{"@type":"PropertyValueSpecification","valueRequired":true,"valueName":"search_term_string"}}],"inLanguage":"lt-LT"},{"@type":"Organization","@id":"https:\/\/3coty.com\/lt\/#organization","name":"3coty\u00ae","alternateName":"3coty","url":"https:\/\/3coty.com\/lt\/","logo":{"@type":"ImageObject","inLanguage":"lt-LT","@id":"https:\/\/3coty.com\/lt\/#\/schema\/logo\/image\/","url":"https:\/\/3coty.com\/wp-content\/uploads\/2025\/05\/icon-3coty-logo.svg","contentUrl":"https:\/\/3coty.com\/wp-content\/uploads\/2025\/05\/icon-3coty-logo.svg","width":283,"height":283,"caption":"3coty\u00ae"},"image":{"@id":"https:\/\/3coty.com\/lt\/#\/schema\/logo\/image\/"},"sameAs":["https:\/\/www.facebook.com\/3coty","https:\/\/x.com\/3cotyCom","https:\/\/www.instagram.com\/3coty","https:\/\/www.linkedin.com\/company\/3coty","https:\/\/www.youtube.com\/@3coty"]}]},"product_price_amount":"15.00","product_price_currency":"EUR","og_availability":"instock","product_availability":"instock","product_retailer_item_id":"100J 98AS \/ 5901785318944","product_condition":"new"},"_links":{"self":[{"href":"https:\/\/3coty.com\/lt\/wp-json\/wp\/v2\/product\/83975","targetHints":{"allow":["GET"]}}],"collection":[{"href":"https:\/\/3coty.com\/lt\/wp-json\/wp\/v2\/product"}],"about":[{"href":"https:\/\/3coty.com\/lt\/wp-json\/wp\/v2\/types\/product"}],"version-history":[{"count":2,"href":"https:\/\/3coty.com\/lt\/wp-json\/wp\/v2\/product\/83975\/revisions"}],"predecessor-version":[{"id":84010,"href":"https:\/\/3coty.com\/lt\/wp-json\/wp\/v2\/product\/83975\/revisions\/84010"}],"wp:featuredmedia":[{"embeddable":true,"href":"https:\/\/3coty.com\/lt\/wp-json\/wp\/v2\/media\/83755"}],"wp:attachment":[{"href":"https:\/\/3coty.com\/lt\/wp-json\/wp\/v2\/media?parent=83975"}],"wp:term":[{"taxonomy":"product_brand","embeddable":true,"href":"https:\/\/3coty.com\/lt\/wp-json\/wp\/v2\/product_brand?post=83975"},{"taxonomy":"product_cat","embeddable":true,"href":"https:\/\/3coty.com\/lt\/wp-json\/wp\/v2\/product_cat?post=83975"},{"taxonomy":"product_tag","embeddable":true,"href":"https:\/\/3coty.com\/lt\/wp-json\/wp\/v2\/product_tag?post=83975"}],"curies":[{"name":"wp","href":"https:\/\/api.w.org\/{rel}","templated":true}]}}