{"id":36160,"date":"2025-05-26T16:10:17","date_gmt":"2025-05-26T16:10:17","guid":{"rendered":"https:\/\/3coty.com\/p\/47-turkey-goose-080\/"},"modified":"2026-04-16T08:32:20","modified_gmt":"2026-04-16T08:32:20","slug":"47-turkey-goose-080","status":"publish","type":"product","link":"https:\/\/3coty.com\/lt\/p\/47-turkey-goose-080\/","title":{"rendered":"47. KALAKUTIENA + \u017d\u0104SIS 080"},"content":{"rendered":"<p><a href=\"https:\/\/3coty.com\/wp-content\/uploads\/2025\/07\/3coty-p-47-tab-1.svg\"><img fetchpriority=\"high\" decoding=\"async\" class=\"alignnone size-full wp-image-46265\" role=\"img\" src=\"https:\/\/3coty.com\/wp-content\/uploads\/2025\/07\/3coty-p-47-tab-1.svg\" alt=\"\" width=\"283\" height=\"283\" \/><\/a><\/p>\n<h2>NAT\u016aRALUS IR VISAVALGIS 3COTY\u00ae KA\u010cIUK\u0172 MAISTAS<\/h2>\n<p><strong>100 % NAT\u016aRALI\u0172 M\u0116SOS INGREDIENTERI\u0172 ir gyv\u016bnin\u0117s kilm\u0117s produkt\u0173, gamint\u0173 savo nat\u016braliame maistingame sultinyje<\/strong><\/p>\n<p>Auk\u0161tos energijos \u0161lapias ka\u010di\u0173 maistas ka\u010diukams, pagamintas tik i\u0161 kalakutienos ir \u017e\u0105sies. \u0160is turtingas musas idealus, jei nerimaujate d\u0117l alergij\u0173, perduodam\u0173 i\u0161 mamos ka\u010diukams. Tai vi\u0161tienos neturinti alternatyva, leid\u017eianti ka\u010diukams vystytis neperkraunant j\u0173 imunin\u0117s sistemos. Muso tekst\u016bra ir didelis kalorij\u0173 kiekis taip pat tinka atkuriamoms kat\u0117ms, kad jos grei\u010diau atsistatyt\u0173.<\/p>\n<p>Turtingas muso tekst\u016bros ka\u010diuk\u0173 maistas i\u0161 kalakutienos ir \u017e\u0105sies, idealus pirmasis maistas ka\u010diukams, kuri\u0173 mamos yra alergi\u0161kos.<\/p>\n","protected":false},"excerpt":{"rendered":"<p><a href=\"https:\/\/3coty.com\/wp-content\/uploads\/2025\/07\/3coty-p-47-description-1.svg\"><img decoding=\"async\" class=\"alignnone size-medium wp-image-46229\" role=\"img\" src=\"https:\/\/3coty.com\/wp-content\/uploads\/2025\/07\/3coty-p-47-description-1.svg\" alt=\"\" width=\"300\" height=\"300\" \/><\/a><\/p>\n<p><strong>KA\u010cIUKAMS<\/strong>\u00a0| MUSAS | DUOPROTEINIS KA\u010cI\u0172 MAISTAS<\/p>\n<p><a href=\"https:\/\/3coty.com\/wp-content\/uploads\/2025\/07\/3coty-p-47-description-4.svg\"><img decoding=\"async\" class=\"alignnone size-full wp-image-46247\" role=\"img\" src=\"https:\/\/3coty.com\/wp-content\/uploads\/2025\/07\/3coty-p-47-description-4.svg\" alt=\"\" width=\"506\" height=\"85\" \/><\/a><\/p>\n","protected":false},"featured_media":46347,"template":"","meta":{"_acf_changed":false},"product_brand":[],"product_cat":[396],"product_tag":[1156],"class_list":{"0":"post-36160","1":"product","2":"type-product","3":"status-publish","4":"has-post-thumbnail","6":"product_cat-for-kittens","7":"product_tag-47tg","9":"first","10":"instock","11":"featured","12":"taxable","13":"shipping-taxable","14":"purchasable","15":"product-type-simple"},"acf":[],"yoast_head":"<!-- This site is optimized with the Yoast SEO Premium plugin v27.4 (Yoast SEO v27.4) - https:\/\/yoast.com\/product\/yoast-seo-premium-wordpress\/ -->\n<title>47. KALAKUTIENA + \u017d\u0104SIS 080 - 3coty\u00ae<\/title>\n<meta name=\"robots\" content=\"index, follow, max-snippet:-1, max-image-preview:large, max-video-preview:-1\" \/>\n<link rel=\"canonical\" href=\"https:\/\/3coty.com\/lt\/p\/47-turkey-goose-080\/\" \/>\n<meta property=\"og:locale\" content=\"lt_LT\" \/>\n<meta property=\"og:type\" content=\"article\" \/>\n<meta property=\"og:title\" content=\"47. KALAKUTIENA + \u017d\u0104SIS 080\" \/>\n<meta property=\"og:description\" content=\"KA\u010cIUKAMS\u00a0| MUSAS | DUOPROTEINIS KA\u010cI\u0172 MAISTAS\" \/>\n<meta property=\"og:url\" content=\"https:\/\/3coty.com\/lt\/p\/47-turkey-goose-080\/\" \/>\n<meta property=\"og:site_name\" content=\"3coty\u00ae\" \/>\n<meta property=\"article:publisher\" content=\"https:\/\/www.facebook.com\/3coty\" \/>\n<meta property=\"article:modified_time\" content=\"2026-04-16T08:32:20+00:00\" \/>\n<meta property=\"og:image\" content=\"https:\/\/3coty.com\/wp-content\/uploads\/2025\/07\/3coty-p-47-080-01.jpg\" \/>\n\t<meta property=\"og:image:width\" content=\"1024\" \/>\n\t<meta property=\"og:image:height\" content=\"1024\" \/>\n\t<meta property=\"og:image:type\" content=\"image\/jpeg\" \/>\n<meta name=\"twitter:card\" content=\"summary_large_image\" \/>\n<meta name=\"twitter:site\" content=\"@3cotyCom\" \/>\n<meta name=\"twitter:label1\" content=\"Price\" \/>\n\t<meta name=\"twitter:data1\" content=\"\u20ac&nbsp;2.50\" \/>\n\t<meta name=\"twitter:label2\" content=\"Availability\" \/>\n\t<meta name=\"twitter:data2\" content=\"In stock\" \/>\n<script type=\"application\/ld+json\" class=\"yoast-schema-graph\">{\"@context\":\"https:\\\/\\\/schema.org\",\"@graph\":[{\"@type\":\"WebPage\",\"@id\":\"https:\\\/\\\/3coty.com\\\/lt\\\/p\\\/47-turkey-goose-080\\\/\",\"url\":\"https:\\\/\\\/3coty.com\\\/lt\\\/p\\\/47-turkey-goose-080\\\/\",\"name\":\"47. KALAKUTIENA + \u017d\u0104SIS 080 - 3coty\u00ae\",\"isPartOf\":{\"@id\":\"https:\\\/\\\/3coty.com\\\/lt\\\/#website\"},\"primaryImageOfPage\":{\"@id\":\"https:\\\/\\\/3coty.com\\\/lt\\\/p\\\/47-turkey-goose-080\\\/#primaryimage\"},\"image\":{\"@id\":\"https:\\\/\\\/3coty.com\\\/lt\\\/p\\\/47-turkey-goose-080\\\/#primaryimage\"},\"thumbnailUrl\":\"https:\\\/\\\/3coty.com\\\/wp-content\\\/uploads\\\/2025\\\/07\\\/3coty-p-47-080-01.jpg\",\"datePublished\":\"2025-05-26T16:10:17+00:00\",\"dateModified\":\"2026-04-16T08:32:20+00:00\",\"breadcrumb\":{\"@id\":\"https:\\\/\\\/3coty.com\\\/lt\\\/p\\\/47-turkey-goose-080\\\/#breadcrumb\"},\"inLanguage\":\"lt-LT\",\"potentialAction\":[{\"@type\":\"ReadAction\",\"target\":[\"https:\\\/\\\/3coty.com\\\/lt\\\/p\\\/47-turkey-goose-080\\\/\"]}]},{\"@type\":\"ImageObject\",\"inLanguage\":\"lt-LT\",\"@id\":\"https:\\\/\\\/3coty.com\\\/lt\\\/p\\\/47-turkey-goose-080\\\/#primaryimage\",\"url\":\"https:\\\/\\\/3coty.com\\\/wp-content\\\/uploads\\\/2025\\\/07\\\/3coty-p-47-080-01.jpg\",\"contentUrl\":\"https:\\\/\\\/3coty.com\\\/wp-content\\\/uploads\\\/2025\\\/07\\\/3coty-p-47-080-01.jpg\",\"width\":1024,\"height\":1024},{\"@type\":\"BreadcrumbList\",\"@id\":\"https:\\\/\\\/3coty.com\\\/lt\\\/p\\\/47-turkey-goose-080\\\/#breadcrumb\",\"itemListElement\":[{\"@type\":\"ListItem\",\"position\":1,\"name\":\"Home\",\"item\":\"https:\\\/\\\/3coty.com\\\/lt\\\/\"},{\"@type\":\"ListItem\",\"position\":2,\"name\":\"PARDUOTUV\u0116\",\"item\":\"https:\\\/\\\/3coty.com\\\/lt\\\/shop\\\/\"},{\"@type\":\"ListItem\",\"position\":3,\"name\":\"47. KALAKUTIENA + \u017d\u0104SIS 080\"}]},{\"@type\":\"WebSite\",\"@id\":\"https:\\\/\\\/3coty.com\\\/lt\\\/#website\",\"url\":\"https:\\\/\\\/3coty.com\\\/lt\\\/\",\"name\":\"3coty\u00ae\",\"description\":\"Meat-only Cat Food\",\"publisher\":{\"@id\":\"https:\\\/\\\/3coty.com\\\/lt\\\/#organization\"},\"potentialAction\":[{\"@type\":\"SearchAction\",\"target\":{\"@type\":\"EntryPoint\",\"urlTemplate\":\"https:\\\/\\\/3coty.com\\\/lt\\\/?s={search_term_string}\"},\"query-input\":{\"@type\":\"PropertyValueSpecification\",\"valueRequired\":true,\"valueName\":\"search_term_string\"}}],\"inLanguage\":\"lt-LT\"},{\"@type\":\"Organization\",\"@id\":\"https:\\\/\\\/3coty.com\\\/lt\\\/#organization\",\"name\":\"3coty\u00ae\",\"alternateName\":\"3coty\",\"url\":\"https:\\\/\\\/3coty.com\\\/lt\\\/\",\"logo\":{\"@type\":\"ImageObject\",\"inLanguage\":\"lt-LT\",\"@id\":\"https:\\\/\\\/3coty.com\\\/lt\\\/#\\\/schema\\\/logo\\\/image\\\/\",\"url\":\"https:\\\/\\\/3coty.com\\\/wp-content\\\/uploads\\\/2025\\\/05\\\/icon-3coty-logo.svg\",\"contentUrl\":\"https:\\\/\\\/3coty.com\\\/wp-content\\\/uploads\\\/2025\\\/05\\\/icon-3coty-logo.svg\",\"width\":283,\"height\":283,\"caption\":\"3coty\u00ae\"},\"image\":{\"@id\":\"https:\\\/\\\/3coty.com\\\/lt\\\/#\\\/schema\\\/logo\\\/image\\\/\"},\"sameAs\":[\"https:\\\/\\\/www.facebook.com\\\/3coty\",\"https:\\\/\\\/x.com\\\/3cotyCom\",\"https:\\\/\\\/www.instagram.com\\\/3coty\",\"https:\\\/\\\/www.linkedin.com\\\/company\\\/3coty\",\"https:\\\/\\\/www.youtube.com\\\/@3coty\"]}]}<\/script>\n<meta property=\"product:price:amount\" content=\"2.50\" \/>\n<meta property=\"product:price:currency\" content=\"EUR\" \/>\n<meta property=\"og:availability\" content=\"instock\" \/>\n<meta property=\"product:availability\" content=\"instock\" \/>\n<meta property=\"product:retailer_item_id\" content=\"080T 47TG \/ 5901785317022\" \/>\n<meta property=\"product:condition\" content=\"new\" \/>\n<!-- \/ Yoast SEO Premium plugin. -->","yoast_head_json":{"title":"47. KALAKUTIENA + \u017d\u0104SIS 080 - 3coty\u00ae","robots":{"index":"index","follow":"follow","max-snippet":"max-snippet:-1","max-image-preview":"max-image-preview:large","max-video-preview":"max-video-preview:-1"},"canonical":"https:\/\/3coty.com\/lt\/p\/47-turkey-goose-080\/","og_locale":"lt_LT","og_type":"article","og_title":"47. KALAKUTIENA + \u017d\u0104SIS 080","og_description":"KA\u010cIUKAMS\u00a0| MUSAS | DUOPROTEINIS KA\u010cI\u0172 MAISTAS","og_url":"https:\/\/3coty.com\/lt\/p\/47-turkey-goose-080\/","og_site_name":"3coty\u00ae","article_publisher":"https:\/\/www.facebook.com\/3coty","article_modified_time":"2026-04-16T08:32:20+00:00","og_image":[{"width":1024,"height":1024,"url":"https:\/\/3coty.com\/wp-content\/uploads\/2025\/07\/3coty-p-47-080-01.jpg","type":"image\/jpeg"}],"twitter_card":"summary_large_image","twitter_site":"@3cotyCom","twitter_misc":{"Price":"\u20ac&nbsp;2.50","Availability":"In stock"},"schema":{"@context":"https:\/\/schema.org","@graph":[{"@type":"WebPage","@id":"https:\/\/3coty.com\/lt\/p\/47-turkey-goose-080\/","url":"https:\/\/3coty.com\/lt\/p\/47-turkey-goose-080\/","name":"47. KALAKUTIENA + \u017d\u0104SIS 080 - 3coty\u00ae","isPartOf":{"@id":"https:\/\/3coty.com\/lt\/#website"},"primaryImageOfPage":{"@id":"https:\/\/3coty.com\/lt\/p\/47-turkey-goose-080\/#primaryimage"},"image":{"@id":"https:\/\/3coty.com\/lt\/p\/47-turkey-goose-080\/#primaryimage"},"thumbnailUrl":"https:\/\/3coty.com\/wp-content\/uploads\/2025\/07\/3coty-p-47-080-01.jpg","datePublished":"2025-05-26T16:10:17+00:00","dateModified":"2026-04-16T08:32:20+00:00","breadcrumb":{"@id":"https:\/\/3coty.com\/lt\/p\/47-turkey-goose-080\/#breadcrumb"},"inLanguage":"lt-LT","potentialAction":[{"@type":"ReadAction","target":["https:\/\/3coty.com\/lt\/p\/47-turkey-goose-080\/"]}]},{"@type":"ImageObject","inLanguage":"lt-LT","@id":"https:\/\/3coty.com\/lt\/p\/47-turkey-goose-080\/#primaryimage","url":"https:\/\/3coty.com\/wp-content\/uploads\/2025\/07\/3coty-p-47-080-01.jpg","contentUrl":"https:\/\/3coty.com\/wp-content\/uploads\/2025\/07\/3coty-p-47-080-01.jpg","width":1024,"height":1024},{"@type":"BreadcrumbList","@id":"https:\/\/3coty.com\/lt\/p\/47-turkey-goose-080\/#breadcrumb","itemListElement":[{"@type":"ListItem","position":1,"name":"Home","item":"https:\/\/3coty.com\/lt\/"},{"@type":"ListItem","position":2,"name":"PARDUOTUV\u0116","item":"https:\/\/3coty.com\/lt\/shop\/"},{"@type":"ListItem","position":3,"name":"47. KALAKUTIENA + \u017d\u0104SIS 080"}]},{"@type":"WebSite","@id":"https:\/\/3coty.com\/lt\/#website","url":"https:\/\/3coty.com\/lt\/","name":"3coty\u00ae","description":"Meat-only Cat Food","publisher":{"@id":"https:\/\/3coty.com\/lt\/#organization"},"potentialAction":[{"@type":"SearchAction","target":{"@type":"EntryPoint","urlTemplate":"https:\/\/3coty.com\/lt\/?s={search_term_string}"},"query-input":{"@type":"PropertyValueSpecification","valueRequired":true,"valueName":"search_term_string"}}],"inLanguage":"lt-LT"},{"@type":"Organization","@id":"https:\/\/3coty.com\/lt\/#organization","name":"3coty\u00ae","alternateName":"3coty","url":"https:\/\/3coty.com\/lt\/","logo":{"@type":"ImageObject","inLanguage":"lt-LT","@id":"https:\/\/3coty.com\/lt\/#\/schema\/logo\/image\/","url":"https:\/\/3coty.com\/wp-content\/uploads\/2025\/05\/icon-3coty-logo.svg","contentUrl":"https:\/\/3coty.com\/wp-content\/uploads\/2025\/05\/icon-3coty-logo.svg","width":283,"height":283,"caption":"3coty\u00ae"},"image":{"@id":"https:\/\/3coty.com\/lt\/#\/schema\/logo\/image\/"},"sameAs":["https:\/\/www.facebook.com\/3coty","https:\/\/x.com\/3cotyCom","https:\/\/www.instagram.com\/3coty","https:\/\/www.linkedin.com\/company\/3coty","https:\/\/www.youtube.com\/@3coty"]}]},"product_price_amount":"2.50","product_price_currency":"EUR","og_availability":"instock","product_availability":"instock","product_retailer_item_id":"080T 47TG \/ 5901785317022","product_condition":"new"},"_links":{"self":[{"href":"https:\/\/3coty.com\/lt\/wp-json\/wp\/v2\/product\/36160","targetHints":{"allow":["GET"]}}],"collection":[{"href":"https:\/\/3coty.com\/lt\/wp-json\/wp\/v2\/product"}],"about":[{"href":"https:\/\/3coty.com\/lt\/wp-json\/wp\/v2\/types\/product"}],"version-history":[{"count":4,"href":"https:\/\/3coty.com\/lt\/wp-json\/wp\/v2\/product\/36160\/revisions"}],"predecessor-version":[{"id":36315,"href":"https:\/\/3coty.com\/lt\/wp-json\/wp\/v2\/product\/36160\/revisions\/36315"}],"wp:featuredmedia":[{"embeddable":true,"href":"https:\/\/3coty.com\/lt\/wp-json\/wp\/v2\/media\/46347"}],"wp:attachment":[{"href":"https:\/\/3coty.com\/lt\/wp-json\/wp\/v2\/media?parent=36160"}],"wp:term":[{"taxonomy":"product_brand","embeddable":true,"href":"https:\/\/3coty.com\/lt\/wp-json\/wp\/v2\/product_brand?post=36160"},{"taxonomy":"product_cat","embeddable":true,"href":"https:\/\/3coty.com\/lt\/wp-json\/wp\/v2\/product_cat?post=36160"},{"taxonomy":"product_tag","embeddable":true,"href":"https:\/\/3coty.com\/lt\/wp-json\/wp\/v2\/product_tag?post=36160"}],"curies":[{"name":"wp","href":"https:\/\/api.w.org\/{rel}","templated":true}]}}