{"id":36078,"date":"2025-05-23T11:30:08","date_gmt":"2025-05-23T11:30:08","guid":{"rendered":"https:\/\/3coty.com\/p\/06-goose-390\/"},"modified":"2025-12-20T11:58:14","modified_gmt":"2025-12-20T11:58:14","slug":"06-goose-390","status":"publish","type":"product","link":"https:\/\/3coty.com\/lt\/p\/06-goose-390\/","title":{"rendered":"06. \u017d\u0104SIS 390"},"content":{"rendered":"<p><a href=\"https:\/\/3coty.com\/wp-content\/uploads\/2025\/07\/3coty-p-06-tab-1.svg\"><img fetchpriority=\"high\" decoding=\"async\" class=\"alignnone size-full wp-image-59919\" role=\"img\" src=\"https:\/\/3coty.com\/wp-content\/uploads\/2025\/07\/3coty-p-06-tab-1.svg\" alt=\"\" width=\"283\" height=\"283\" \/><\/a><\/p>\n<h2>NAT\u016aRALUS IR VISAVALGIS 3COTY\u00ae KA\u010cI\u0172 MAISTAS<\/h2>\n<p><strong>100 % NAT\u016aRALI\u0172 M\u0116SOS INGREDIENTERI\u0172 ir gyv\u016bnin\u0117s kilm\u0117s produkt\u0173, gamint\u0173 savo nat\u016braliame maistingame sultinyje<\/strong><\/p>\n<p>\u0160is 100 % \u017e\u0105sies skonis pagamintas i\u0161 tamsiausios m\u016bs\u0173 asortimento m\u0117sos. Tai vienbaltymis maistas eliminacin\u0117ms dietoms, leid\u017eiantis kontroliuoti j\u016bs\u0173 kat\u0117s svor\u012f. Ma\u017eas riebal\u0173 kiekis ir didelis maistini\u0173 med\u017eiag\u0173 kiekis daro j\u012f tinkam\u0105 visoms suaugusioms kat\u0117ms ir ideal\u0173 maist\u0105 sterilizuotoms kat\u0117ms. Tai nat\u016bralus, pilnavertis ir subalansuotas dr\u0117gnas ka\u010di\u0173 maistas, kurio prieinamum\u0105 gali lemti \u017e\u0105sies sezoniniai svyravimai.<\/p>\n<p>\u017d\u0105sis yra m\u016bs\u0173 liesiausia m\u0117sa. Labai maistinga, tinkama sterilizuotoms kat\u0117ms ir toms, kurioms svarbus svorio valdymas.<\/p>\n","protected":false},"excerpt":{"rendered":"<p><a href=\"https:\/\/3coty.com\/wp-content\/uploads\/2025\/07\/3coty-p-06-description-1.svg\"><img decoding=\"async\" class=\"alignnone wp-image-59883\" role=\"img\" src=\"https:\/\/3coty.com\/wp-content\/uploads\/2025\/07\/3coty-p-06-description-1.svg\" alt=\"\" width=\"350\" \/><\/a><\/p>\n<p><strong>STERILIZUOTOMS IR SUAUGUSIOMS KAT\u0116MS<\/strong>\u00a0| PAT\u0116 | MONOPROTEINIS KA\u010cI\u0172 MAISTAS<\/p>\n<p><a href=\"https:\/\/3coty.com\/wp-content\/uploads\/2025\/07\/3coty-p-06-description-2.svg\"><img decoding=\"async\" class=\"alignnone size-full wp-image-59901\" role=\"img\" src=\"https:\/\/3coty.com\/wp-content\/uploads\/2025\/07\/3coty-p-06-description-2.svg\" alt=\"\" width=\"506\" height=\"85\" \/><\/a><\/p>\n","protected":false},"featured_media":60145,"template":"","meta":{"_acf_changed":false},"product_brand":[1952],"product_cat":[379,363],"product_tag":[827],"class_list":{"0":"post-36078","1":"product","2":"type-product","3":"status-publish","4":"has-post-thumbnail","6":"product_brand-3coty","7":"product_cat-for-sterilised-cats","8":"product_cat-for-adult-cats","9":"product_tag-06go","11":"first","12":"outofstock","13":"featured","14":"taxable","15":"shipping-taxable","16":"purchasable","17":"product-type-simple"},"acf":[],"yoast_head":"<!-- This site is optimized with the Yoast SEO Premium plugin v27.4 (Yoast SEO v27.4) - https:\/\/yoast.com\/product\/yoast-seo-premium-wordpress\/ -->\n<title>06. \u017d\u0104SIS 390 (390g) | Suaugusioms kat\u0117ms | 3coty\u00ae Nat\u016bralus Ka\u010di\u0173 Maistas 100% M\u0117sos<\/title>\n<meta name=\"description\" content=\"\u0160is vieno baltymo dr\u0117gnas ka\u010di\u0173 maistas 100 % i\u0161 \u017e\u0105sies gaminamas i\u0161 tamsios m\u0117sos, kuri nat\u016braliai turi ma\u017eai riebal\u0173 ir yra maistinga. Tinka visoms suaugusioms kat\u0117ms ir yra idealus sterilizuotoms kat\u0117ms bei eliminacin\u0117ms dietoms, taip pat padeda kontroliuoti svor\u012f. Nat\u016bralus, pilnavertis ir subalansuotas 3coty\u00ae ka\u010di\u0173 maistas, pagamintas tik i\u0161 m\u0117sos.\" \/>\n<meta name=\"robots\" content=\"index, follow, max-snippet:-1, max-image-preview:large, max-video-preview:-1\" \/>\n<link rel=\"canonical\" href=\"https:\/\/3coty.com\/lt\/p\/06-goose-390\/\" \/>\n<meta property=\"og:locale\" content=\"lt_LT\" \/>\n<meta property=\"og:type\" content=\"article\" \/>\n<meta property=\"og:title\" content=\"06. \u017d\u0104SIS 390 (390g) | Suaugusioms kat\u0117ms | 3coty\u00ae Nat\u016bralus Ka\u010di\u0173 Maistas 100% M\u0117sos\" \/>\n<meta property=\"og:description\" content=\"\u0160is vieno baltymo dr\u0117gnas ka\u010di\u0173 maistas 100 % i\u0161 \u017e\u0105sies gaminamas i\u0161 tamsios m\u0117sos, kuri nat\u016braliai turi ma\u017eai riebal\u0173 ir yra maistinga. Tinka visoms suaugusioms kat\u0117ms ir yra idealus sterilizuotoms kat\u0117ms bei eliminacin\u0117ms dietoms, taip pat padeda kontroliuoti svor\u012f. Nat\u016bralus, pilnavertis ir subalansuotas 3coty\u00ae ka\u010di\u0173 maistas, pagamintas tik i\u0161 m\u0117sos.\" \/>\n<meta property=\"og:url\" content=\"https:\/\/3coty.com\/lt\/p\/06-goose-390\/\" \/>\n<meta property=\"og:site_name\" content=\"3coty\u00ae\" \/>\n<meta property=\"article:publisher\" content=\"https:\/\/www.facebook.com\/3coty\" \/>\n<meta property=\"article:modified_time\" content=\"2025-12-20T11:58:14+00:00\" \/>\n<meta property=\"og:image\" content=\"https:\/\/3coty.com\/wp-content\/uploads\/2025\/12\/3coty-06-goose-390-meat-only-cat-food.jpg\" \/>\n\t<meta property=\"og:image:width\" content=\"1200\" \/>\n\t<meta property=\"og:image:height\" content=\"630\" \/>\n\t<meta property=\"og:image:type\" content=\"image\/jpeg\" \/>\n<meta name=\"twitter:card\" content=\"summary_large_image\" \/>\n<meta name=\"twitter:title\" content=\"06. \u017d\u0104SIS 390 (390g) | Suaugusioms kat\u0117ms | 3coty\u00ae Nat\u016bralus Ka\u010di\u0173 Maistas 100% M\u0117sos\" \/>\n<meta name=\"twitter:description\" content=\"\u0160is vieno baltymo dr\u0117gnas ka\u010di\u0173 maistas 100 % i\u0161 \u017e\u0105sies gaminamas i\u0161 tamsios m\u0117sos, kuri nat\u016braliai turi ma\u017eai riebal\u0173 ir yra maistinga. Tinka visoms suaugusioms kat\u0117ms ir yra idealus sterilizuotoms kat\u0117ms bei eliminacin\u0117ms dietoms, taip pat padeda kontroliuoti svor\u012f. Nat\u016bralus, pilnavertis ir subalansuotas 3coty\u00ae ka\u010di\u0173 maistas, pagamintas tik i\u0161 m\u0117sos.\" \/>\n<meta name=\"twitter:image\" content=\"https:\/\/3coty.com\/wp-content\/uploads\/2025\/12\/3coty-06-goose-390-meat-only-cat-food.jpg\" \/>\n<meta name=\"twitter:site\" content=\"@3cotyCom\" \/>\n<meta name=\"twitter:label1\" content=\"Price\" \/>\n\t<meta name=\"twitter:data1\" content=\"\u20ac&nbsp;6.50\" \/>\n\t<meta name=\"twitter:label2\" content=\"Availability\" \/>\n\t<meta name=\"twitter:data2\" content=\"Out of stock\" \/>\n<script type=\"application\/ld+json\" class=\"yoast-schema-graph\">{\"@context\":\"https:\\\/\\\/schema.org\",\"@graph\":[{\"@type\":\"WebPage\",\"@id\":\"https:\\\/\\\/3coty.com\\\/lt\\\/p\\\/06-goose-390\\\/\",\"url\":\"https:\\\/\\\/3coty.com\\\/lt\\\/p\\\/06-goose-390\\\/\",\"name\":\"06. \u017d\u0104SIS 390 (390g) | Suaugusioms kat\u0117ms | 3coty\u00ae Nat\u016bralus Ka\u010di\u0173 Maistas 100% M\u0117sos\",\"isPartOf\":{\"@id\":\"https:\\\/\\\/3coty.com\\\/lt\\\/#website\"},\"primaryImageOfPage\":{\"@id\":\"https:\\\/\\\/3coty.com\\\/lt\\\/p\\\/06-goose-390\\\/#primaryimage\"},\"image\":{\"@id\":\"https:\\\/\\\/3coty.com\\\/lt\\\/p\\\/06-goose-390\\\/#primaryimage\"},\"thumbnailUrl\":\"https:\\\/\\\/3coty.com\\\/wp-content\\\/uploads\\\/2025\\\/07\\\/3coty-p-06-390-01.jpg\",\"datePublished\":\"2025-05-23T11:30:08+00:00\",\"dateModified\":\"2025-12-20T11:58:14+00:00\",\"description\":\"\u0160is vieno baltymo dr\u0117gnas ka\u010di\u0173 maistas 100 % i\u0161 \u017e\u0105sies gaminamas i\u0161 tamsios m\u0117sos, kuri nat\u016braliai turi ma\u017eai riebal\u0173 ir yra maistinga. Tinka visoms suaugusioms kat\u0117ms ir yra idealus sterilizuotoms kat\u0117ms bei eliminacin\u0117ms dietoms, taip pat padeda kontroliuoti svor\u012f. Nat\u016bralus, pilnavertis ir subalansuotas 3coty\u00ae ka\u010di\u0173 maistas, pagamintas tik i\u0161 m\u0117sos.\",\"breadcrumb\":{\"@id\":\"https:\\\/\\\/3coty.com\\\/lt\\\/p\\\/06-goose-390\\\/#breadcrumb\"},\"inLanguage\":\"lt-LT\",\"potentialAction\":[{\"@type\":\"ReadAction\",\"target\":[\"https:\\\/\\\/3coty.com\\\/lt\\\/p\\\/06-goose-390\\\/\"]}]},{\"@type\":\"ImageObject\",\"inLanguage\":\"lt-LT\",\"@id\":\"https:\\\/\\\/3coty.com\\\/lt\\\/p\\\/06-goose-390\\\/#primaryimage\",\"url\":\"https:\\\/\\\/3coty.com\\\/wp-content\\\/uploads\\\/2025\\\/07\\\/3coty-p-06-390-01.jpg\",\"contentUrl\":\"https:\\\/\\\/3coty.com\\\/wp-content\\\/uploads\\\/2025\\\/07\\\/3coty-p-06-390-01.jpg\",\"width\":1024,\"height\":1024},{\"@type\":\"BreadcrumbList\",\"@id\":\"https:\\\/\\\/3coty.com\\\/lt\\\/p\\\/06-goose-390\\\/#breadcrumb\",\"itemListElement\":[{\"@type\":\"ListItem\",\"position\":1,\"name\":\"Home\",\"item\":\"https:\\\/\\\/3coty.com\\\/lt\\\/\"},{\"@type\":\"ListItem\",\"position\":2,\"name\":\"PARDUOTUV\u0116\",\"item\":\"https:\\\/\\\/3coty.com\\\/lt\\\/shop\\\/\"},{\"@type\":\"ListItem\",\"position\":3,\"name\":\"06. \u017d\u0104SIS 390\"}]},{\"@type\":\"WebSite\",\"@id\":\"https:\\\/\\\/3coty.com\\\/lt\\\/#website\",\"url\":\"https:\\\/\\\/3coty.com\\\/lt\\\/\",\"name\":\"3coty\u00ae\",\"description\":\"Meat-only Cat Food\",\"publisher\":{\"@id\":\"https:\\\/\\\/3coty.com\\\/lt\\\/#organization\"},\"potentialAction\":[{\"@type\":\"SearchAction\",\"target\":{\"@type\":\"EntryPoint\",\"urlTemplate\":\"https:\\\/\\\/3coty.com\\\/lt\\\/?s={search_term_string}\"},\"query-input\":{\"@type\":\"PropertyValueSpecification\",\"valueRequired\":true,\"valueName\":\"search_term_string\"}}],\"inLanguage\":\"lt-LT\"},{\"@type\":\"Organization\",\"@id\":\"https:\\\/\\\/3coty.com\\\/lt\\\/#organization\",\"name\":\"3coty\u00ae\",\"alternateName\":\"3coty\",\"url\":\"https:\\\/\\\/3coty.com\\\/lt\\\/\",\"logo\":{\"@type\":\"ImageObject\",\"inLanguage\":\"lt-LT\",\"@id\":\"https:\\\/\\\/3coty.com\\\/lt\\\/#\\\/schema\\\/logo\\\/image\\\/\",\"url\":\"https:\\\/\\\/3coty.com\\\/wp-content\\\/uploads\\\/2025\\\/05\\\/icon-3coty-logo.svg\",\"contentUrl\":\"https:\\\/\\\/3coty.com\\\/wp-content\\\/uploads\\\/2025\\\/05\\\/icon-3coty-logo.svg\",\"width\":283,\"height\":283,\"caption\":\"3coty\u00ae\"},\"image\":{\"@id\":\"https:\\\/\\\/3coty.com\\\/lt\\\/#\\\/schema\\\/logo\\\/image\\\/\"},\"sameAs\":[\"https:\\\/\\\/www.facebook.com\\\/3coty\",\"https:\\\/\\\/x.com\\\/3cotyCom\",\"https:\\\/\\\/www.instagram.com\\\/3coty\",\"https:\\\/\\\/www.linkedin.com\\\/company\\\/3coty\",\"https:\\\/\\\/www.youtube.com\\\/@3coty\"]}]}<\/script>\n<meta property=\"product:price:amount\" content=\"6.50\" \/>\n<meta property=\"product:price:currency\" content=\"EUR\" \/>\n<meta property=\"og:availability\" content=\"out of stock\" \/>\n<meta property=\"product:availability\" content=\"out of stock\" \/>\n<meta property=\"product:retailer_item_id\" content=\"390T 06GO \/ 5901785317251\" \/>\n<meta property=\"product:condition\" content=\"new\" \/>\n<!-- \/ Yoast SEO Premium plugin. -->","yoast_head_json":{"title":"06. \u017d\u0104SIS 390 (390g) | Suaugusioms kat\u0117ms | 3coty\u00ae Nat\u016bralus Ka\u010di\u0173 Maistas 100% M\u0117sos","description":"\u0160is vieno baltymo dr\u0117gnas ka\u010di\u0173 maistas 100 % i\u0161 \u017e\u0105sies gaminamas i\u0161 tamsios m\u0117sos, kuri nat\u016braliai turi ma\u017eai riebal\u0173 ir yra maistinga. Tinka visoms suaugusioms kat\u0117ms ir yra idealus sterilizuotoms kat\u0117ms bei eliminacin\u0117ms dietoms, taip pat padeda kontroliuoti svor\u012f. Nat\u016bralus, pilnavertis ir subalansuotas 3coty\u00ae ka\u010di\u0173 maistas, pagamintas tik i\u0161 m\u0117sos.","robots":{"index":"index","follow":"follow","max-snippet":"max-snippet:-1","max-image-preview":"max-image-preview:large","max-video-preview":"max-video-preview:-1"},"canonical":"https:\/\/3coty.com\/lt\/p\/06-goose-390\/","og_locale":"lt_LT","og_type":"article","og_title":"06. \u017d\u0104SIS 390 (390g) | Suaugusioms kat\u0117ms | 3coty\u00ae Nat\u016bralus Ka\u010di\u0173 Maistas 100% M\u0117sos","og_description":"\u0160is vieno baltymo dr\u0117gnas ka\u010di\u0173 maistas 100 % i\u0161 \u017e\u0105sies gaminamas i\u0161 tamsios m\u0117sos, kuri nat\u016braliai turi ma\u017eai riebal\u0173 ir yra maistinga. Tinka visoms suaugusioms kat\u0117ms ir yra idealus sterilizuotoms kat\u0117ms bei eliminacin\u0117ms dietoms, taip pat padeda kontroliuoti svor\u012f. Nat\u016bralus, pilnavertis ir subalansuotas 3coty\u00ae ka\u010di\u0173 maistas, pagamintas tik i\u0161 m\u0117sos.","og_url":"https:\/\/3coty.com\/lt\/p\/06-goose-390\/","og_site_name":"3coty\u00ae","article_publisher":"https:\/\/www.facebook.com\/3coty","article_modified_time":"2025-12-20T11:58:14+00:00","og_image":[{"width":1200,"height":630,"url":"https:\/\/3coty.com\/wp-content\/uploads\/2025\/12\/3coty-06-goose-390-meat-only-cat-food.jpg","type":"image\/jpeg"}],"twitter_card":"summary_large_image","twitter_title":"06. \u017d\u0104SIS 390 (390g) | Suaugusioms kat\u0117ms | 3coty\u00ae Nat\u016bralus Ka\u010di\u0173 Maistas 100% M\u0117sos","twitter_description":"\u0160is vieno baltymo dr\u0117gnas ka\u010di\u0173 maistas 100 % i\u0161 \u017e\u0105sies gaminamas i\u0161 tamsios m\u0117sos, kuri nat\u016braliai turi ma\u017eai riebal\u0173 ir yra maistinga. Tinka visoms suaugusioms kat\u0117ms ir yra idealus sterilizuotoms kat\u0117ms bei eliminacin\u0117ms dietoms, taip pat padeda kontroliuoti svor\u012f. Nat\u016bralus, pilnavertis ir subalansuotas 3coty\u00ae ka\u010di\u0173 maistas, pagamintas tik i\u0161 m\u0117sos.","twitter_image":"https:\/\/3coty.com\/wp-content\/uploads\/2025\/12\/3coty-06-goose-390-meat-only-cat-food.jpg","twitter_site":"@3cotyCom","twitter_misc":{"Price":"\u20ac&nbsp;6.50","Availability":"Out of stock"},"schema":{"@context":"https:\/\/schema.org","@graph":[{"@type":"WebPage","@id":"https:\/\/3coty.com\/lt\/p\/06-goose-390\/","url":"https:\/\/3coty.com\/lt\/p\/06-goose-390\/","name":"06. \u017d\u0104SIS 390 (390g) | Suaugusioms kat\u0117ms | 3coty\u00ae Nat\u016bralus Ka\u010di\u0173 Maistas 100% M\u0117sos","isPartOf":{"@id":"https:\/\/3coty.com\/lt\/#website"},"primaryImageOfPage":{"@id":"https:\/\/3coty.com\/lt\/p\/06-goose-390\/#primaryimage"},"image":{"@id":"https:\/\/3coty.com\/lt\/p\/06-goose-390\/#primaryimage"},"thumbnailUrl":"https:\/\/3coty.com\/wp-content\/uploads\/2025\/07\/3coty-p-06-390-01.jpg","datePublished":"2025-05-23T11:30:08+00:00","dateModified":"2025-12-20T11:58:14+00:00","description":"\u0160is vieno baltymo dr\u0117gnas ka\u010di\u0173 maistas 100 % i\u0161 \u017e\u0105sies gaminamas i\u0161 tamsios m\u0117sos, kuri nat\u016braliai turi ma\u017eai riebal\u0173 ir yra maistinga. Tinka visoms suaugusioms kat\u0117ms ir yra idealus sterilizuotoms kat\u0117ms bei eliminacin\u0117ms dietoms, taip pat padeda kontroliuoti svor\u012f. Nat\u016bralus, pilnavertis ir subalansuotas 3coty\u00ae ka\u010di\u0173 maistas, pagamintas tik i\u0161 m\u0117sos.","breadcrumb":{"@id":"https:\/\/3coty.com\/lt\/p\/06-goose-390\/#breadcrumb"},"inLanguage":"lt-LT","potentialAction":[{"@type":"ReadAction","target":["https:\/\/3coty.com\/lt\/p\/06-goose-390\/"]}]},{"@type":"ImageObject","inLanguage":"lt-LT","@id":"https:\/\/3coty.com\/lt\/p\/06-goose-390\/#primaryimage","url":"https:\/\/3coty.com\/wp-content\/uploads\/2025\/07\/3coty-p-06-390-01.jpg","contentUrl":"https:\/\/3coty.com\/wp-content\/uploads\/2025\/07\/3coty-p-06-390-01.jpg","width":1024,"height":1024},{"@type":"BreadcrumbList","@id":"https:\/\/3coty.com\/lt\/p\/06-goose-390\/#breadcrumb","itemListElement":[{"@type":"ListItem","position":1,"name":"Home","item":"https:\/\/3coty.com\/lt\/"},{"@type":"ListItem","position":2,"name":"PARDUOTUV\u0116","item":"https:\/\/3coty.com\/lt\/shop\/"},{"@type":"ListItem","position":3,"name":"06. \u017d\u0104SIS 390"}]},{"@type":"WebSite","@id":"https:\/\/3coty.com\/lt\/#website","url":"https:\/\/3coty.com\/lt\/","name":"3coty\u00ae","description":"Meat-only Cat Food","publisher":{"@id":"https:\/\/3coty.com\/lt\/#organization"},"potentialAction":[{"@type":"SearchAction","target":{"@type":"EntryPoint","urlTemplate":"https:\/\/3coty.com\/lt\/?s={search_term_string}"},"query-input":{"@type":"PropertyValueSpecification","valueRequired":true,"valueName":"search_term_string"}}],"inLanguage":"lt-LT"},{"@type":"Organization","@id":"https:\/\/3coty.com\/lt\/#organization","name":"3coty\u00ae","alternateName":"3coty","url":"https:\/\/3coty.com\/lt\/","logo":{"@type":"ImageObject","inLanguage":"lt-LT","@id":"https:\/\/3coty.com\/lt\/#\/schema\/logo\/image\/","url":"https:\/\/3coty.com\/wp-content\/uploads\/2025\/05\/icon-3coty-logo.svg","contentUrl":"https:\/\/3coty.com\/wp-content\/uploads\/2025\/05\/icon-3coty-logo.svg","width":283,"height":283,"caption":"3coty\u00ae"},"image":{"@id":"https:\/\/3coty.com\/lt\/#\/schema\/logo\/image\/"},"sameAs":["https:\/\/www.facebook.com\/3coty","https:\/\/x.com\/3cotyCom","https:\/\/www.instagram.com\/3coty","https:\/\/www.linkedin.com\/company\/3coty","https:\/\/www.youtube.com\/@3coty"]}]},"product_price_amount":"6.50","product_price_currency":"EUR","og_availability":"out of stock","product_availability":"out of stock","product_retailer_item_id":"390T 06GO \/ 5901785317251","product_condition":"new"},"_links":{"self":[{"href":"https:\/\/3coty.com\/lt\/wp-json\/wp\/v2\/product\/36078","targetHints":{"allow":["GET"]}}],"collection":[{"href":"https:\/\/3coty.com\/lt\/wp-json\/wp\/v2\/product"}],"about":[{"href":"https:\/\/3coty.com\/lt\/wp-json\/wp\/v2\/types\/product"}],"version-history":[{"count":4,"href":"https:\/\/3coty.com\/lt\/wp-json\/wp\/v2\/product\/36078\/revisions"}],"predecessor-version":[{"id":60379,"href":"https:\/\/3coty.com\/lt\/wp-json\/wp\/v2\/product\/36078\/revisions\/60379"}],"wp:featuredmedia":[{"embeddable":true,"href":"https:\/\/3coty.com\/lt\/wp-json\/wp\/v2\/media\/60145"}],"wp:attachment":[{"href":"https:\/\/3coty.com\/lt\/wp-json\/wp\/v2\/media?parent=36078"}],"wp:term":[{"taxonomy":"product_brand","embeddable":true,"href":"https:\/\/3coty.com\/lt\/wp-json\/wp\/v2\/product_brand?post=36078"},{"taxonomy":"product_cat","embeddable":true,"href":"https:\/\/3coty.com\/lt\/wp-json\/wp\/v2\/product_cat?post=36078"},{"taxonomy":"product_tag","embeddable":true,"href":"https:\/\/3coty.com\/lt\/wp-json\/wp\/v2\/product_tag?post=36078"}],"curies":[{"name":"wp","href":"https:\/\/api.w.org\/{rel}","templated":true}]}}