{"id":36065,"date":"2025-05-19T17:41:43","date_gmt":"2025-05-19T17:41:43","guid":{"rendered":"https:\/\/3coty.com\/p\/03-chicken-180\/"},"modified":"2026-04-04T06:47:56","modified_gmt":"2026-04-04T06:47:56","slug":"03-chicken-180","status":"publish","type":"product","link":"https:\/\/3coty.com\/lt\/p\/03-chicken-180\/","title":{"rendered":"03. VI\u0160TIENA 180"},"content":{"rendered":"<p><a href=\"https:\/\/3coty.com\/wp-content\/uploads\/2025\/07\/3coty-p-03-tab-1.svg\"><img fetchpriority=\"high\" decoding=\"async\" class=\"alignnone size-full wp-image-61964\" role=\"img\" src=\"https:\/\/3coty.com\/wp-content\/uploads\/2025\/07\/3coty-p-03-tab-1.svg\" alt=\"\" width=\"283\" height=\"283\" \/><\/a><\/p>\n<h2>NAT\u016aRALUS IR VISAVALGIS 3COTY\u00ae KA\u010cI\u0172 MAISTAS<\/h2>\n<p><strong>100 % NAT\u016aRALI\u0172 M\u0116SOS INGREDIENTERI\u0172 ir gyv\u016bnin\u0117s kilm\u0117s produkt\u0173, gamint\u0173 savo nat\u016braliame maistingame sultinyje<\/strong><\/p>\n<p>\u0160is 100 % vi\u0161tienos skonis turi daug raumenin\u0117s m\u0117sos, tod\u0117l lengvai vir\u0161kinamas. Tinka pad\u0117ti kat\u0117ms pereiti prie m\u0117sos dietos i\u0161 sausosios maisto arba \u017ealiavalg\u0117s mitybos. Skonis toks pat kaip 33. VI\u0160TIENA ka\u010diukams, ta\u010diau \u0161iame produkte m\u0117sos gabaliukai suaugusioms kat\u0117ms palikti didesni. Tai puikus pasirinkimas kat\u0117ms, kurios m\u0117gsta vi\u0161tien\u0105. \u0160is vi\u0161tienos skonis buvo pirmasis monobaltymis produktas, tinkamas eliminacinei dietai.<\/p>\n<p>Daugelio ka\u010di\u0173 m\u0117gstamiausias, \u0161is 100 % vi\u0161tienos skonis pagamintas i\u0161 vi\u0161tienos \u0161launeli\u0173 ir vidaus organ\u0173. Tai \u0161velnus, lengvai vir\u0161kinamas tik m\u0117sos maistas kat\u0117ms.<\/p>\n","protected":false},"excerpt":{"rendered":"<p><a href=\"https:\/\/3coty.com\/wp-content\/uploads\/2025\/07\/3coty-p-03-description-1.svg\"><img decoding=\"async\" class=\"alignnone size-medium wp-image-61928\" role=\"img\" src=\"https:\/\/3coty.com\/wp-content\/uploads\/2025\/07\/3coty-p-03-description-1.svg\" alt=\"\" width=\"300\" height=\"300\" \/><\/a><\/p>\n<p><strong>T\u00c4ISKASVANUD KASSIDELE<\/strong> | PASTET\u0160 | MONOVALKUDEGA KASSITOIT<\/p>\n<p><a href=\"https:\/\/3coty.com\/wp-content\/uploads\/2025\/07\/3coty-p-03-description-2.svg\"><img decoding=\"async\" class=\"alignnone size-full wp-image-61946\" role=\"img\" src=\"https:\/\/3coty.com\/wp-content\/uploads\/2025\/07\/3coty-p-03-description-2.svg\" alt=\"\" width=\"506\" height=\"85\" \/><\/a><\/p>\n","protected":false},"featured_media":62100,"template":"","meta":{"_acf_changed":false},"product_brand":[1952],"product_cat":[363],"product_tag":[778],"class_list":{"0":"post-36065","1":"product","2":"type-product","3":"status-publish","4":"has-post-thumbnail","6":"product_brand-3coty","7":"product_cat-for-adult-cats","8":"product_tag-03ch","10":"first","11":"instock","12":"featured","13":"taxable","14":"shipping-taxable","15":"purchasable","16":"product-type-simple"},"acf":[],"yoast_head":"<!-- This site is optimized with the Yoast SEO Premium plugin v27.4 (Yoast SEO v27.4) - https:\/\/yoast.com\/product\/yoast-seo-premium-wordpress\/ -->\n<title>03. VI\u0160TIENA 180 (180g) | Suaugusioms kat\u0117ms | 3coty\u00ae Nat\u016bralus Ka\u010di\u0173 Maistas 100% M\u0117sos<\/title>\n<meta name=\"description\" content=\"Atsargiai paruo\u0161ta vi\u0161tiena. 100% nat\u016bralus visavertis ir subalansuotas monobaltyminis pa\u0161aras suaugusioms kat\u0117ms, kuri\u0173 mityba pagr\u012fsta tik m\u0117sa. Vi\u0161tiena 100%.\" \/>\n<meta name=\"robots\" content=\"index, follow, max-snippet:-1, max-image-preview:large, max-video-preview:-1\" \/>\n<link rel=\"canonical\" href=\"https:\/\/3coty.com\/lt\/p\/03-chicken-180\/\" \/>\n<meta property=\"og:locale\" content=\"lt_LT\" \/>\n<meta property=\"og:type\" content=\"article\" \/>\n<meta property=\"og:title\" content=\"03. VI\u0160TIENA 180 (180g) | Suaugusioms kat\u0117ms | 3coty\u00ae Nat\u016bralus Ka\u010di\u0173 Maistas 100% M\u0117sos\" \/>\n<meta property=\"og:description\" content=\"Atsargiai paruo\u0161ta vi\u0161tiena. 100% nat\u016bralus visavertis ir subalansuotas monobaltyminis pa\u0161aras suaugusioms kat\u0117ms, kuri\u0173 mityba pagr\u012fsta tik m\u0117sa. Vi\u0161tiena 100%.\" \/>\n<meta property=\"og:url\" content=\"https:\/\/3coty.com\/lt\/p\/03-chicken-180\/\" \/>\n<meta property=\"og:site_name\" content=\"3coty\u00ae\" \/>\n<meta property=\"article:publisher\" content=\"https:\/\/www.facebook.com\/3coty\" \/>\n<meta property=\"article:modified_time\" content=\"2026-04-04T06:47:56+00:00\" \/>\n<meta property=\"og:image\" content=\"https:\/\/3coty.com\/wp-content\/uploads\/2025\/10\/3coty-03-chicken-180-meat-only-cat-food.jpg\" \/>\n\t<meta property=\"og:image:width\" content=\"1200\" \/>\n\t<meta property=\"og:image:height\" content=\"630\" \/>\n\t<meta property=\"og:image:type\" content=\"image\/jpeg\" \/>\n<meta name=\"twitter:card\" content=\"summary_large_image\" \/>\n<meta name=\"twitter:title\" content=\"03. VI\u0160TIENA 180 (180g) | Suaugusioms kat\u0117ms | 3coty\u00ae Nat\u016bralus Ka\u010di\u0173 Maistas 100% M\u0117sos\" \/>\n<meta name=\"twitter:description\" content=\"Atsargiai paruo\u0161ta vi\u0161tiena. 100% nat\u016bralus visavertis ir subalansuotas monobaltyminis pa\u0161aras suaugusioms kat\u0117ms, kuri\u0173 mityba pagr\u012fsta tik m\u0117sa. Vi\u0161tiena 100%.\" \/>\n<meta name=\"twitter:image\" content=\"https:\/\/3coty.com\/wp-content\/uploads\/2025\/10\/3coty-03-chicken-180-meat-only-cat-food.jpg\" \/>\n<meta name=\"twitter:site\" content=\"@3cotyCom\" \/>\n<meta name=\"twitter:label1\" content=\"Price\" \/>\n\t<meta name=\"twitter:data1\" content=\"\u20ac&nbsp;3.30\" \/>\n\t<meta name=\"twitter:label2\" content=\"Availability\" \/>\n\t<meta name=\"twitter:data2\" content=\"In stock\" \/>\n<script type=\"application\/ld+json\" class=\"yoast-schema-graph\">{\"@context\":\"https:\\\/\\\/schema.org\",\"@graph\":[{\"@type\":\"WebPage\",\"@id\":\"https:\\\/\\\/3coty.com\\\/lt\\\/p\\\/03-chicken-180\\\/\",\"url\":\"https:\\\/\\\/3coty.com\\\/lt\\\/p\\\/03-chicken-180\\\/\",\"name\":\"03. VI\u0160TIENA 180 (180g) | Suaugusioms kat\u0117ms | 3coty\u00ae Nat\u016bralus Ka\u010di\u0173 Maistas 100% M\u0117sos\",\"isPartOf\":{\"@id\":\"https:\\\/\\\/3coty.com\\\/lt\\\/#website\"},\"primaryImageOfPage\":{\"@id\":\"https:\\\/\\\/3coty.com\\\/lt\\\/p\\\/03-chicken-180\\\/#primaryimage\"},\"image\":{\"@id\":\"https:\\\/\\\/3coty.com\\\/lt\\\/p\\\/03-chicken-180\\\/#primaryimage\"},\"thumbnailUrl\":\"https:\\\/\\\/3coty.com\\\/wp-content\\\/uploads\\\/2025\\\/07\\\/3coty-p-03-180-01.jpg\",\"datePublished\":\"2025-05-19T17:41:43+00:00\",\"dateModified\":\"2026-04-04T06:47:56+00:00\",\"description\":\"Atsargiai paruo\u0161ta vi\u0161tiena. 100% nat\u016bralus visavertis ir subalansuotas monobaltyminis pa\u0161aras suaugusioms kat\u0117ms, kuri\u0173 mityba pagr\u012fsta tik m\u0117sa. Vi\u0161tiena 100%.\",\"breadcrumb\":{\"@id\":\"https:\\\/\\\/3coty.com\\\/lt\\\/p\\\/03-chicken-180\\\/#breadcrumb\"},\"inLanguage\":\"lt-LT\",\"potentialAction\":[{\"@type\":\"ReadAction\",\"target\":[\"https:\\\/\\\/3coty.com\\\/lt\\\/p\\\/03-chicken-180\\\/\"]}]},{\"@type\":\"ImageObject\",\"inLanguage\":\"lt-LT\",\"@id\":\"https:\\\/\\\/3coty.com\\\/lt\\\/p\\\/03-chicken-180\\\/#primaryimage\",\"url\":\"https:\\\/\\\/3coty.com\\\/wp-content\\\/uploads\\\/2025\\\/07\\\/3coty-p-03-180-01.jpg\",\"contentUrl\":\"https:\\\/\\\/3coty.com\\\/wp-content\\\/uploads\\\/2025\\\/07\\\/3coty-p-03-180-01.jpg\",\"width\":1024,\"height\":1024},{\"@type\":\"BreadcrumbList\",\"@id\":\"https:\\\/\\\/3coty.com\\\/lt\\\/p\\\/03-chicken-180\\\/#breadcrumb\",\"itemListElement\":[{\"@type\":\"ListItem\",\"position\":1,\"name\":\"Home\",\"item\":\"https:\\\/\\\/3coty.com\\\/lt\\\/\"},{\"@type\":\"ListItem\",\"position\":2,\"name\":\"PARDUOTUV\u0116\",\"item\":\"https:\\\/\\\/3coty.com\\\/lt\\\/shop\\\/\"},{\"@type\":\"ListItem\",\"position\":3,\"name\":\"03. VI\u0160TIENA 180\"}]},{\"@type\":\"WebSite\",\"@id\":\"https:\\\/\\\/3coty.com\\\/lt\\\/#website\",\"url\":\"https:\\\/\\\/3coty.com\\\/lt\\\/\",\"name\":\"3coty\u00ae\",\"description\":\"Meat-only Cat Food\",\"publisher\":{\"@id\":\"https:\\\/\\\/3coty.com\\\/lt\\\/#organization\"},\"potentialAction\":[{\"@type\":\"SearchAction\",\"target\":{\"@type\":\"EntryPoint\",\"urlTemplate\":\"https:\\\/\\\/3coty.com\\\/lt\\\/?s={search_term_string}\"},\"query-input\":{\"@type\":\"PropertyValueSpecification\",\"valueRequired\":true,\"valueName\":\"search_term_string\"}}],\"inLanguage\":\"lt-LT\"},{\"@type\":\"Organization\",\"@id\":\"https:\\\/\\\/3coty.com\\\/lt\\\/#organization\",\"name\":\"3coty\u00ae\",\"alternateName\":\"3coty\",\"url\":\"https:\\\/\\\/3coty.com\\\/lt\\\/\",\"logo\":{\"@type\":\"ImageObject\",\"inLanguage\":\"lt-LT\",\"@id\":\"https:\\\/\\\/3coty.com\\\/lt\\\/#\\\/schema\\\/logo\\\/image\\\/\",\"url\":\"https:\\\/\\\/3coty.com\\\/wp-content\\\/uploads\\\/2025\\\/05\\\/icon-3coty-logo.svg\",\"contentUrl\":\"https:\\\/\\\/3coty.com\\\/wp-content\\\/uploads\\\/2025\\\/05\\\/icon-3coty-logo.svg\",\"width\":283,\"height\":283,\"caption\":\"3coty\u00ae\"},\"image\":{\"@id\":\"https:\\\/\\\/3coty.com\\\/lt\\\/#\\\/schema\\\/logo\\\/image\\\/\"},\"sameAs\":[\"https:\\\/\\\/www.facebook.com\\\/3coty\",\"https:\\\/\\\/x.com\\\/3cotyCom\",\"https:\\\/\\\/www.instagram.com\\\/3coty\",\"https:\\\/\\\/www.linkedin.com\\\/company\\\/3coty\",\"https:\\\/\\\/www.youtube.com\\\/@3coty\"]}]}<\/script>\n<meta property=\"product:price:amount\" content=\"3.30\" \/>\n<meta property=\"product:price:currency\" content=\"EUR\" \/>\n<meta property=\"og:availability\" content=\"instock\" \/>\n<meta property=\"product:availability\" content=\"instock\" \/>\n<meta property=\"product:retailer_item_id\" content=\"180T 03CH \/ 5901785315844\" \/>\n<meta property=\"product:condition\" content=\"new\" \/>\n<!-- \/ Yoast SEO Premium plugin. -->","yoast_head_json":{"title":"03. VI\u0160TIENA 180 (180g) | Suaugusioms kat\u0117ms | 3coty\u00ae Nat\u016bralus Ka\u010di\u0173 Maistas 100% M\u0117sos","description":"Atsargiai paruo\u0161ta vi\u0161tiena. 100% nat\u016bralus visavertis ir subalansuotas monobaltyminis pa\u0161aras suaugusioms kat\u0117ms, kuri\u0173 mityba pagr\u012fsta tik m\u0117sa. Vi\u0161tiena 100%.","robots":{"index":"index","follow":"follow","max-snippet":"max-snippet:-1","max-image-preview":"max-image-preview:large","max-video-preview":"max-video-preview:-1"},"canonical":"https:\/\/3coty.com\/lt\/p\/03-chicken-180\/","og_locale":"lt_LT","og_type":"article","og_title":"03. VI\u0160TIENA 180 (180g) | Suaugusioms kat\u0117ms | 3coty\u00ae Nat\u016bralus Ka\u010di\u0173 Maistas 100% M\u0117sos","og_description":"Atsargiai paruo\u0161ta vi\u0161tiena. 100% nat\u016bralus visavertis ir subalansuotas monobaltyminis pa\u0161aras suaugusioms kat\u0117ms, kuri\u0173 mityba pagr\u012fsta tik m\u0117sa. Vi\u0161tiena 100%.","og_url":"https:\/\/3coty.com\/lt\/p\/03-chicken-180\/","og_site_name":"3coty\u00ae","article_publisher":"https:\/\/www.facebook.com\/3coty","article_modified_time":"2026-04-04T06:47:56+00:00","og_image":[{"width":1200,"height":630,"url":"https:\/\/3coty.com\/wp-content\/uploads\/2025\/10\/3coty-03-chicken-180-meat-only-cat-food.jpg","type":"image\/jpeg"}],"twitter_card":"summary_large_image","twitter_title":"03. VI\u0160TIENA 180 (180g) | Suaugusioms kat\u0117ms | 3coty\u00ae Nat\u016bralus Ka\u010di\u0173 Maistas 100% M\u0117sos","twitter_description":"Atsargiai paruo\u0161ta vi\u0161tiena. 100% nat\u016bralus visavertis ir subalansuotas monobaltyminis pa\u0161aras suaugusioms kat\u0117ms, kuri\u0173 mityba pagr\u012fsta tik m\u0117sa. Vi\u0161tiena 100%.","twitter_image":"https:\/\/3coty.com\/wp-content\/uploads\/2025\/10\/3coty-03-chicken-180-meat-only-cat-food.jpg","twitter_site":"@3cotyCom","twitter_misc":{"Price":"\u20ac&nbsp;3.30","Availability":"In stock"},"schema":{"@context":"https:\/\/schema.org","@graph":[{"@type":"WebPage","@id":"https:\/\/3coty.com\/lt\/p\/03-chicken-180\/","url":"https:\/\/3coty.com\/lt\/p\/03-chicken-180\/","name":"03. VI\u0160TIENA 180 (180g) | Suaugusioms kat\u0117ms | 3coty\u00ae Nat\u016bralus Ka\u010di\u0173 Maistas 100% M\u0117sos","isPartOf":{"@id":"https:\/\/3coty.com\/lt\/#website"},"primaryImageOfPage":{"@id":"https:\/\/3coty.com\/lt\/p\/03-chicken-180\/#primaryimage"},"image":{"@id":"https:\/\/3coty.com\/lt\/p\/03-chicken-180\/#primaryimage"},"thumbnailUrl":"https:\/\/3coty.com\/wp-content\/uploads\/2025\/07\/3coty-p-03-180-01.jpg","datePublished":"2025-05-19T17:41:43+00:00","dateModified":"2026-04-04T06:47:56+00:00","description":"Atsargiai paruo\u0161ta vi\u0161tiena. 100% nat\u016bralus visavertis ir subalansuotas monobaltyminis pa\u0161aras suaugusioms kat\u0117ms, kuri\u0173 mityba pagr\u012fsta tik m\u0117sa. Vi\u0161tiena 100%.","breadcrumb":{"@id":"https:\/\/3coty.com\/lt\/p\/03-chicken-180\/#breadcrumb"},"inLanguage":"lt-LT","potentialAction":[{"@type":"ReadAction","target":["https:\/\/3coty.com\/lt\/p\/03-chicken-180\/"]}]},{"@type":"ImageObject","inLanguage":"lt-LT","@id":"https:\/\/3coty.com\/lt\/p\/03-chicken-180\/#primaryimage","url":"https:\/\/3coty.com\/wp-content\/uploads\/2025\/07\/3coty-p-03-180-01.jpg","contentUrl":"https:\/\/3coty.com\/wp-content\/uploads\/2025\/07\/3coty-p-03-180-01.jpg","width":1024,"height":1024},{"@type":"BreadcrumbList","@id":"https:\/\/3coty.com\/lt\/p\/03-chicken-180\/#breadcrumb","itemListElement":[{"@type":"ListItem","position":1,"name":"Home","item":"https:\/\/3coty.com\/lt\/"},{"@type":"ListItem","position":2,"name":"PARDUOTUV\u0116","item":"https:\/\/3coty.com\/lt\/shop\/"},{"@type":"ListItem","position":3,"name":"03. VI\u0160TIENA 180"}]},{"@type":"WebSite","@id":"https:\/\/3coty.com\/lt\/#website","url":"https:\/\/3coty.com\/lt\/","name":"3coty\u00ae","description":"Meat-only Cat Food","publisher":{"@id":"https:\/\/3coty.com\/lt\/#organization"},"potentialAction":[{"@type":"SearchAction","target":{"@type":"EntryPoint","urlTemplate":"https:\/\/3coty.com\/lt\/?s={search_term_string}"},"query-input":{"@type":"PropertyValueSpecification","valueRequired":true,"valueName":"search_term_string"}}],"inLanguage":"lt-LT"},{"@type":"Organization","@id":"https:\/\/3coty.com\/lt\/#organization","name":"3coty\u00ae","alternateName":"3coty","url":"https:\/\/3coty.com\/lt\/","logo":{"@type":"ImageObject","inLanguage":"lt-LT","@id":"https:\/\/3coty.com\/lt\/#\/schema\/logo\/image\/","url":"https:\/\/3coty.com\/wp-content\/uploads\/2025\/05\/icon-3coty-logo.svg","contentUrl":"https:\/\/3coty.com\/wp-content\/uploads\/2025\/05\/icon-3coty-logo.svg","width":283,"height":283,"caption":"3coty\u00ae"},"image":{"@id":"https:\/\/3coty.com\/lt\/#\/schema\/logo\/image\/"},"sameAs":["https:\/\/www.facebook.com\/3coty","https:\/\/x.com\/3cotyCom","https:\/\/www.instagram.com\/3coty","https:\/\/www.linkedin.com\/company\/3coty","https:\/\/www.youtube.com\/@3coty"]}]},"product_price_amount":"3.30","product_price_currency":"EUR","og_availability":"instock","product_availability":"instock","product_retailer_item_id":"180T 03CH \/ 5901785315844","product_condition":"new"},"_links":{"self":[{"href":"https:\/\/3coty.com\/lt\/wp-json\/wp\/v2\/product\/36065","targetHints":{"allow":["GET"]}}],"collection":[{"href":"https:\/\/3coty.com\/lt\/wp-json\/wp\/v2\/product"}],"about":[{"href":"https:\/\/3coty.com\/lt\/wp-json\/wp\/v2\/types\/product"}],"version-history":[{"count":5,"href":"https:\/\/3coty.com\/lt\/wp-json\/wp\/v2\/product\/36065\/revisions"}],"predecessor-version":[{"id":62433,"href":"https:\/\/3coty.com\/lt\/wp-json\/wp\/v2\/product\/36065\/revisions\/62433"}],"wp:featuredmedia":[{"embeddable":true,"href":"https:\/\/3coty.com\/lt\/wp-json\/wp\/v2\/media\/62100"}],"wp:attachment":[{"href":"https:\/\/3coty.com\/lt\/wp-json\/wp\/v2\/media?parent=36065"}],"wp:term":[{"taxonomy":"product_brand","embeddable":true,"href":"https:\/\/3coty.com\/lt\/wp-json\/wp\/v2\/product_brand?post=36065"},{"taxonomy":"product_cat","embeddable":true,"href":"https:\/\/3coty.com\/lt\/wp-json\/wp\/v2\/product_cat?post=36065"},{"taxonomy":"product_tag","embeddable":true,"href":"https:\/\/3coty.com\/lt\/wp-json\/wp\/v2\/product_tag?post=36065"}],"curies":[{"name":"wp","href":"https:\/\/api.w.org\/{rel}","templated":true}]}}